{"id":10134,"date":"2024-07-03T13:09:31","date_gmt":"2024-07-03T11:09:31","guid":{"rendered":"https:\/\/cortenstaalverkoop.nl\/?post_type=product&#038;p=10134"},"modified":"2026-04-13T12:35:24","modified_gmt":"2026-04-13T10:35:24","slug":"corten-stal-trae-opbevaring-firkant","status":"publish","type":"product","link":"https:\/\/cortenstaalverkoop.nl\/da\/product\/cortenstaal-houtopslag-vierkant\/","title":{"rendered":"Cortenstal trae opbevaring firkant"},"content":{"rendered":"<h3>Cortenstal trae opbevaring firkant<\/h3>\n<p data-start=\"147\" data-end=\"444\">Med denne Corten st\u00e5l oplagring af tr\u00e6 square du straks v\u00e6lge et slankt og stilfuldt element i din have. <strong data-start=\"250\" data-end=\"261\">Tak til<\/strong> det minimalistiske design g\u00f8r dette til oplagring af tr\u00e6 til en \u00e6gte eye-catcher p\u00e5 din v\u00e6g. <strong data-start=\"356\" data-end=\"369\">Till\u00e6g<\/strong> enkelt og tydeligt stable dit br\u00e6nde i firkantede rum.<\/p>\n<p data-start=\"446\" data-end=\"733\"><strong data-start=\"446\" data-end=\"460\">F\u00f8rste<\/strong> du kan nemt h\u00e6nge tr\u00e6 opbevaring p\u00e5 v\u00e6ggen. <strong data-start=\"511\" data-end=\"525\">Derefter<\/strong> for eksempel, de forborede monteringshuller sikre, at du vedh\u00e6fte de tr\u00e6 opbevaring hurtigt og fast. <strong data-start=\"615\" data-end=\"627\">P\u00e5 grund af denne<\/strong> du kan vende en kedelig v\u00e6g i en attraktiv og praktiske del af din udend\u00f8rs plads p\u00e5 ingen tid.<\/p>\n<p data-start=\"735\" data-end=\"1005\"><strong data-start=\"735\" data-end=\"750\">Ikke kun<\/strong> holder dine tr\u00e6 p\u00e6nt t\u00f8r, <strong data-start=\"780\" data-end=\"792\">men ogs\u00e5<\/strong> give din have et varmt og naturligt look. <strong data-start=\"854\" data-end=\"867\">Ogs\u00e5<\/strong> du kan nemt kombinere dette oplagring af tr\u00e6 med en af vores <a href=\"https:\/\/cortenstaalverkoop.nl\/product\/cortenstaal-buitenhaard-mel\/\" target=\"_blank\" rel=\"noopener\">pejse<\/a> eller <a href=\"https:\/\/cortenstaalverkoop.nl\/product\/cortenstaal-vuurschaal\/\" target=\"_blank\" rel=\"noopener\">brand sk\u00e5le<\/a>, <strong data-start=\"948\" data-end=\"960\">tillad<\/strong> du opretter en komplet og harmonisk helhed.<\/p>\n<p data-start=\"1007\" data-end=\"1429\">Det oplagring af tr\u00e6 er lavet af 3 mm tyk Corten st\u00e5l. <strong data-start=\"1058\" data-end=\"1071\">Standard<\/strong> du vil modtage produktet med ristede. <strong data-start=\"1106\" data-end=\"1120\">Derefter<\/strong> for eksempel, udsat for vejr og vind for\u00e5rsager den karakteristiske rust i processen for at starte p\u00e5 egen h\u00e5nd. <strong data-start=\"1223\" data-end=\"1246\">Over tid<\/strong>normalt efter 4 til 5 m\u00e5neder, tr\u00e6 opbevaring n\u00e5r sin fulde, varme rust farve. <strong data-start=\"1332\" data-end=\"1343\">Bem\u00e6rk:<\/strong> i l\u00f8bet af denne proces, kan materialet midlertidigt udgivelse; <strong data-start=\"1400\" data-end=\"1410\">derefter<\/strong> dette vil stoppe af sig selv.<\/p>\n<p data-start=\"1484\" data-end=\"1498\"><strong data-start=\"1484\" data-end=\"1498\">Plusser<\/strong><\/p>\n<ul data-start=\"1499\" data-end=\"1720\">\n<li data-section-id=\"7xo7h\" data-start=\"1499\" data-end=\"1541\">\n<p data-start=\"1501\" data-end=\"1541\">Meget st\u00e6rk, modstandsdygtig over for slid og lav vedligeholdelse<\/p>\n<\/li>\n<li data-section-id=\"qpd8rb\" data-start=\"1542\" data-end=\"1579\">\n<p data-start=\"1544\" data-end=\"1579\">Ekstra forst\u00e6rket mod deformation<\/p>\n<\/li>\n<li data-section-id=\"swh58l\" data-start=\"1580\" data-end=\"1618\">\n<p data-start=\"1582\" data-end=\"1618\">Udstyret med huller til v\u00e6gmontering<\/p>\n<\/li>\n<li data-section-id=\"rzcd5c\" data-start=\"1619\" data-end=\"1653\">\n<p data-start=\"1621\" data-end=\"1653\">Varm, naturlig look<\/p>\n<\/li>\n<li data-section-id=\"1n45s66\" data-start=\"1654\" data-end=\"1690\">\n<p data-start=\"1656\" data-end=\"1690\">Fremstillet af 3 mm tyk Corten st\u00e5l<\/p>\n<\/li>\n<li data-section-id=\"rbb8le\" data-start=\"1691\" data-end=\"1720\">\n<p data-start=\"1693\" data-end=\"1720\">Indeholder 5 \u00e5rs garanti<\/p>\n<\/li>\n<\/ul>\n<p><strong data-start=\"1727\" data-end=\"1754\">Vigtigt for levering<\/strong><br data-start=\"1754\" data-end=\"1757\" \/>Pak varen straks efter modtagelsen. Dette vil forhindre fugt i at sidde fast mellem pakke og produktet, som kan for\u00e5rsage pletter eller uj\u00e6vn rust.<\/p>\n<h5>Oplysninger om produktet cortenstaal:<\/h5>\n<p><a href=\"https:\/\/nl.wikipedia.org\/wiki\/Cortenstaal\" target=\"_blank\" rel=\"noopener noreferrer\">Cor-Ten st\u00e5l<\/a> ogs\u00e5 kendt som vejrbestandigt st\u00e5l. Det er et metal, en legering, der best\u00e5r af jern, som kobber, silicium, nikkel og chrom er tilf\u00f8jet. Corten st\u00e5l er en meget st\u00e6rk type af st\u00e5l. Fordi det har den egenskab, at d\u00e6kke sig med et beskyttende lag rust, n\u00e5r de uds\u00e6ttes for luft udefra. Denne naturlige solidt rust lag danner beskyttelse mod yderligere korrosion.<\/p>\n<p>Fragtomkostninger til Danmark er 240 EUR for hele din ordre.<\/p>","protected":false},"excerpt":{"rendered":"<p>Den Cortenstal trae opbevaring firkant er en solid oplagring af tr\u00e6, hvor du kan gemme din pejs tr\u00e6. Ikke kun din tr\u00e6 forbliver t\u00f8rre, hele din have f\u00e5r et anderledes look. Dette Corten st\u00e5l oplagring af tr\u00e6 kan ogs\u00e5 bruges som en have h\u00e6ngende skab. Er lavet af 3 mm tyk Corten st\u00e5l. Den beskyttende lag rust varierer fra varm orange til r\u00f8dbrun og giver din have et smukt industrielle touch.<\/p>\n<p>Tr\u00e6 opbevaring pladser er udstyret med en ombygget kanten af 50 mm p\u00e5 bagsiden med h\u00e6ngende huller som standard.<\/p>\n<p><strong>Dybde 40 cm.\u00a0<\/strong><\/p>","protected":false},"featured_media":6922,"template":"","meta":{"site-sidebar-layout":"default","site-content-layout":"default","ast-site-content-layout":"default","site-content-style":"default","site-sidebar-style":"default","ast-global-header-display":"","ast-banner-title-visibility":"","ast-main-header-display":"","ast-hfb-above-header-display":"","ast-hfb-below-header-display":"","ast-hfb-mobile-header-display":"","site-post-title":"","ast-breadcrumbs-content":"","ast-featured-img":"","footer-sml-layout":"","ast-disable-related-posts":"","theme-transparent-header-meta":"default","adv-header-id-meta":"","stick-header-meta":"","header-above-stick-meta":"","header-main-stick-meta":"","header-below-stick-meta":"","astra-migrate-meta-layouts":"set","ast-page-background-enabled":"default","ast-page-background-meta":{"desktop":{"background-color":"","background-image":"","background-repeat":"repeat","background-position":"center center","background-size":"auto","background-attachment":"scroll","background-type":"","background-media":"","overlay-type":"","overlay-color":"","overlay-opacity":"","overlay-gradient":""},"tablet":{"background-color":"","background-image":"","background-repeat":"repeat","background-position":"center center","background-size":"auto","background-attachment":"scroll","background-type":"","background-media":"","overlay-type":"","overlay-color":"","overlay-opacity":"","overlay-gradient":""},"mobile":{"background-color":"","background-image":"","background-repeat":"repeat","background-position":"center center","background-size":"auto","background-attachment":"scroll","background-type":"","background-media":"","overlay-type":"","overlay-color":"","overlay-opacity":"","overlay-gradient":""}},"ast-content-background-meta":{"desktop":{"background-color":"var(--ast-global-color-5)","background-image":"","background-repeat":"repeat","background-position":"center center","background-size":"auto","background-attachment":"scroll","background-type":"","background-media":"","overlay-type":"","overlay-color":"","overlay-opacity":"","overlay-gradient":""},"tablet":{"background-color":"var(--ast-global-color-5)","background-image":"","background-repeat":"repeat","background-position":"center center","background-size":"auto","background-attachment":"scroll","background-type":"","background-media":"","overlay-type":"","overlay-color":"","overlay-opacity":"","overlay-gradient":""},"mobile":{"background-color":"var(--ast-global-color-5)","background-image":"","background-repeat":"repeat","background-position":"center center","background-size":"auto","background-attachment":"scroll","background-type":"","background-media":"","overlay-type":"","overlay-color":"","overlay-opacity":"","overlay-gradient":""}}},"product_brand":[],"product_cat":[61,58],"product_tag":[],"class_list":{"0":"post-10134","1":"product","2":"type-product","3":"status-publish","4":"has-post-thumbnail","6":"product_cat-cortenstaal-tuininrichting","7":"product_cat-cortenstaal-vuurelementen","8":"product_shipping_class-fritom","9":"desktop-align-left","10":"tablet-align-left","11":"mobile-align-left","13":"first","14":"instock","15":"taxable","16":"shipping-taxable","17":"purchasable","18":"product-type-variable"},"yoast_head":"<!-- This site is optimized with the Yoast SEO plugin v27.4 - https:\/\/yoast.com\/product\/yoast-seo-wordpress\/ -->\n<title>Cortenstaal houtopslag vierkant koopt u bij cortenstaalverkoop.nl<\/title>\n<meta name=\"description\" content=\"\u2705 Cortenstaal houtopslag vierkant.\u2705 de beste kwaliteit \u2705 5 jaar garantie! Bestel uw cortenstaal houtopslag goedkoop bij cortenstaalverkoop.nl\" \/>\n<meta name=\"robots\" content=\"index, follow, max-snippet:-1, max-image-preview:large, max-video-preview:-1\" \/>\n<link rel=\"canonical\" href=\"https:\/\/cortenstaalverkoop.nl\/da\/vare\/corten-stal-trae-opbevaring-firkant\/\" \/>\n<meta property=\"og:locale\" content=\"da_DK\" \/>\n<meta property=\"og:type\" content=\"article\" \/>\n<meta property=\"og:title\" content=\"Cortenstaal houtopslag vierkant koopt u bij cortenstaalverkoop.nl\" \/>\n<meta property=\"og:description\" content=\"\u2705 Cortenstaal houtopslag vierkant.\u2705 de beste kwaliteit \u2705 5 jaar garantie! Bestel uw cortenstaal houtopslag goedkoop bij cortenstaalverkoop.nl\" \/>\n<meta property=\"og:url\" content=\"https:\/\/cortenstaalverkoop.nl\/da\/vare\/corten-stal-trae-opbevaring-firkant\/\" \/>\n<meta property=\"og:site_name\" content=\"Cortenstaalverkoop.nl\" \/>\n<meta property=\"article:modified_time\" content=\"2026-04-13T10:35:24+00:00\" \/>\n<meta property=\"og:image\" content=\"https:\/\/cortenstaalverkoop.nl\/wp-content\/uploads\/2022\/02\/houtopslag-BHSS2.png\" \/>\n\t<meta property=\"og:image:width\" content=\"699\" \/>\n\t<meta property=\"og:image:height\" content=\"699\" \/>\n\t<meta property=\"og:image:type\" content=\"image\/png\" \/>\n<meta name=\"twitter:card\" content=\"summary_large_image\" \/>\n<meta name=\"twitter:label1\" content=\"Estimeret l\u00e6setid\" \/>\n\t<meta name=\"twitter:data1\" content=\"2 minutter\" \/>\n<script type=\"application\/ld+json\" class=\"yoast-schema-graph\">{\"@context\":\"https:\\\/\\\/schema.org\",\"@graph\":[{\"@type\":\"WebPage\",\"@id\":\"https:\\\/\\\/cortenstaalverkoop.nl\\\/product\\\/cortenstaal-houtopslag-vierkant\\\/\",\"url\":\"https:\\\/\\\/cortenstaalverkoop.nl\\\/product\\\/cortenstaal-houtopslag-vierkant\\\/\",\"name\":\"Cortenstaal houtopslag vierkant koopt u bij cortenstaalverkoop.nl\",\"isPartOf\":{\"@id\":\"https:\\\/\\\/cortenstaalverkoop.nl\\\/#website\"},\"primaryImageOfPage\":{\"@id\":\"https:\\\/\\\/cortenstaalverkoop.nl\\\/product\\\/cortenstaal-houtopslag-vierkant\\\/#primaryimage\"},\"image\":{\"@id\":\"https:\\\/\\\/cortenstaalverkoop.nl\\\/product\\\/cortenstaal-houtopslag-vierkant\\\/#primaryimage\"},\"thumbnailUrl\":\"https:\\\/\\\/cortenstaalverkoop.nl\\\/wp-content\\\/uploads\\\/2022\\\/02\\\/houtopslag-BHSS2.png\",\"datePublished\":\"2024-07-03T11:09:31+00:00\",\"dateModified\":\"2026-04-13T10:35:24+00:00\",\"description\":\"\u2705 Cortenstaal houtopslag vierkant.\u2705 de beste kwaliteit \u2705 5 jaar garantie! Bestel uw cortenstaal houtopslag goedkoop bij cortenstaalverkoop.nl\",\"breadcrumb\":{\"@id\":\"https:\\\/\\\/cortenstaalverkoop.nl\\\/product\\\/cortenstaal-houtopslag-vierkant\\\/#breadcrumb\"},\"inLanguage\":\"da-DK\",\"potentialAction\":[{\"@type\":\"ReadAction\",\"target\":[\"https:\\\/\\\/cortenstaalverkoop.nl\\\/product\\\/cortenstaal-houtopslag-vierkant\\\/\"]}]},{\"@type\":\"ImageObject\",\"inLanguage\":\"da-DK\",\"@id\":\"https:\\\/\\\/cortenstaalverkoop.nl\\\/product\\\/cortenstaal-houtopslag-vierkant\\\/#primaryimage\",\"url\":\"https:\\\/\\\/cortenstaalverkoop.nl\\\/wp-content\\\/uploads\\\/2022\\\/02\\\/houtopslag-BHSS2.png\",\"contentUrl\":\"https:\\\/\\\/cortenstaalverkoop.nl\\\/wp-content\\\/uploads\\\/2022\\\/02\\\/houtopslag-BHSS2.png\",\"width\":699,\"height\":699,\"caption\":\"Cortenstaal houtopslag vierkant\"},{\"@type\":\"BreadcrumbList\",\"@id\":\"https:\\\/\\\/cortenstaalverkoop.nl\\\/product\\\/cortenstaal-houtopslag-vierkant\\\/#breadcrumb\",\"itemListElement\":[{\"@type\":\"ListItem\",\"position\":1,\"name\":\"Home\",\"item\":\"https:\\\/\\\/cortenstaalverkoop.nl\\\/\"},{\"@type\":\"ListItem\",\"position\":2,\"name\":\"Assortiment\",\"item\":\"https:\\\/\\\/cortenstaalverkoop.nl\\\/assortiment-cortenstaal\\\/\"},{\"@type\":\"ListItem\",\"position\":3,\"name\":\"Cortenstaal houtopslag vierkant\"}]},{\"@type\":\"WebSite\",\"@id\":\"https:\\\/\\\/cortenstaalverkoop.nl\\\/#website\",\"url\":\"https:\\\/\\\/cortenstaalverkoop.nl\\\/\",\"name\":\"Cortenstaalverkoop.nl\",\"description\":\"de cortenstaal specialist!\",\"publisher\":{\"@id\":\"https:\\\/\\\/cortenstaalverkoop.nl\\\/#organization\"},\"potentialAction\":[{\"@type\":\"SearchAction\",\"target\":{\"@type\":\"EntryPoint\",\"urlTemplate\":\"https:\\\/\\\/cortenstaalverkoop.nl\\\/?s={search_term_string}\"},\"query-input\":{\"@type\":\"PropertyValueSpecification\",\"valueRequired\":true,\"valueName\":\"search_term_string\"}}],\"inLanguage\":\"da-DK\"},{\"@type\":\"Organization\",\"@id\":\"https:\\\/\\\/cortenstaalverkoop.nl\\\/#organization\",\"name\":\"Cortenstaalverkoop.nl\",\"url\":\"https:\\\/\\\/cortenstaalverkoop.nl\\\/\",\"logo\":{\"@type\":\"ImageObject\",\"inLanguage\":\"da-DK\",\"@id\":\"https:\\\/\\\/cortenstaalverkoop.nl\\\/#\\\/schema\\\/logo\\\/image\\\/\",\"url\":\"https:\\\/\\\/cortenstaalverkoop.nl\\\/wp-content\\\/uploads\\\/2019\\\/11\\\/cortenstaal-logo-1.png\",\"contentUrl\":\"https:\\\/\\\/cortenstaalverkoop.nl\\\/wp-content\\\/uploads\\\/2019\\\/11\\\/cortenstaal-logo-1.png\",\"width\":480,\"height\":163,\"caption\":\"Cortenstaalverkoop.nl\"},\"image\":{\"@id\":\"https:\\\/\\\/cortenstaalverkoop.nl\\\/#\\\/schema\\\/logo\\\/image\\\/\"}}]}<\/script>\n<!-- \/ Yoast SEO plugin. -->","yoast_head_json":{"title":"Du kan k\u00f8be Cortenstaal houtopslag vierkant p\u00e5 cortenstaalverkoop.nl","description":"\u2705 Corten st\u00e5l oplagring af tr\u00e6-pladsen.\u2705 den bedste kvalitet \u2705 5 \u00e5rs garanti! Bestil din Corten st\u00e5l oplagring af tr\u00e6 fra billige cortenstaalverkoop.nl","robots":{"index":"index","follow":"follow","max-snippet":"max-snippet:-1","max-image-preview":"max-image-preview:large","max-video-preview":"max-video-preview:-1"},"canonical":"https:\/\/cortenstaalverkoop.nl\/da\/vare\/corten-stal-trae-opbevaring-firkant\/","og_locale":"da_DK","og_type":"article","og_title":"Cortenstaal houtopslag vierkant koopt u bij cortenstaalverkoop.nl","og_description":"\u2705 Cortenstaal houtopslag vierkant.\u2705 de beste kwaliteit \u2705 5 jaar garantie! Bestel uw cortenstaal houtopslag goedkoop bij cortenstaalverkoop.nl","og_url":"https:\/\/cortenstaalverkoop.nl\/da\/vare\/corten-stal-trae-opbevaring-firkant\/","og_site_name":"Cortenstaalverkoop.nl","article_modified_time":"2026-04-13T10:35:24+00:00","og_image":[{"width":699,"height":699,"url":"https:\/\/cortenstaalverkoop.nl\/wp-content\/uploads\/2022\/02\/houtopslag-BHSS2.png","type":"image\/png"}],"twitter_card":"summary_large_image","twitter_misc":{"Estimeret l\u00e6setid":"2 minutter"},"schema":{"@context":"https:\/\/schema.org","@graph":[{"@type":"WebPage","@id":"https:\/\/cortenstaalverkoop.nl\/product\/cortenstaal-houtopslag-vierkant\/","url":"https:\/\/cortenstaalverkoop.nl\/product\/cortenstaal-houtopslag-vierkant\/","name":"Du kan k\u00f8be Cortenstaal houtopslag vierkant p\u00e5 cortenstaalverkoop.nl","isPartOf":{"@id":"https:\/\/cortenstaalverkoop.nl\/#website"},"primaryImageOfPage":{"@id":"https:\/\/cortenstaalverkoop.nl\/product\/cortenstaal-houtopslag-vierkant\/#primaryimage"},"image":{"@id":"https:\/\/cortenstaalverkoop.nl\/product\/cortenstaal-houtopslag-vierkant\/#primaryimage"},"thumbnailUrl":"https:\/\/cortenstaalverkoop.nl\/wp-content\/uploads\/2022\/02\/houtopslag-BHSS2.png","datePublished":"2024-07-03T11:09:31+00:00","dateModified":"2026-04-13T10:35:24+00:00","description":"\u2705 Corten st\u00e5l oplagring af tr\u00e6-pladsen.\u2705 den bedste kvalitet \u2705 5 \u00e5rs garanti! Bestil din Corten st\u00e5l oplagring af tr\u00e6 fra billige cortenstaalverkoop.nl","breadcrumb":{"@id":"https:\/\/cortenstaalverkoop.nl\/product\/cortenstaal-houtopslag-vierkant\/#breadcrumb"},"inLanguage":"da-DK","potentialAction":[{"@type":"ReadAction","target":["https:\/\/cortenstaalverkoop.nl\/product\/cortenstaal-houtopslag-vierkant\/"]}]},{"@type":"ImageObject","inLanguage":"da-DK","@id":"https:\/\/cortenstaalverkoop.nl\/product\/cortenstaal-houtopslag-vierkant\/#primaryimage","url":"https:\/\/cortenstaalverkoop.nl\/wp-content\/uploads\/2022\/02\/houtopslag-BHSS2.png","contentUrl":"https:\/\/cortenstaalverkoop.nl\/wp-content\/uploads\/2022\/02\/houtopslag-BHSS2.png","width":699,"height":699,"caption":"Cortenstaal houtopslag vierkant"},{"@type":"BreadcrumbList","@id":"https:\/\/cortenstaalverkoop.nl\/product\/cortenstaal-houtopslag-vierkant\/#breadcrumb","itemListElement":[{"@type":"ListItem","position":1,"name":"Home","item":"https:\/\/cortenstaalverkoop.nl\/"},{"@type":"ListItem","position":2,"name":"Assortiment","item":"https:\/\/cortenstaalverkoop.nl\/assortiment-cortenstaal\/"},{"@type":"ListItem","position":3,"name":"Cortenstaal houtopslag vierkant"}]},{"@type":"WebSite","@id":"https:\/\/cortenstaalverkoop.nl\/#website","url":"https:\/\/cortenstaalverkoop.nl\/","name":"Cortenstaalverkoop.nl","description":"den cortenstaal specialist!","publisher":{"@id":"https:\/\/cortenstaalverkoop.nl\/#organization"},"potentialAction":[{"@type":"SearchAction","target":{"@type":"EntryPoint","urlTemplate":"https:\/\/cortenstaalverkoop.nl\/?s={search_term_string}"},"query-input":{"@type":"PropertyValueSpecification","valueRequired":true,"valueName":"search_term_string"}}],"inLanguage":"da-DK"},{"@type":"Organization","@id":"https:\/\/cortenstaalverkoop.nl\/#organization","name":"Cortenstaalverkoop.nl","url":"https:\/\/cortenstaalverkoop.nl\/","logo":{"@type":"ImageObject","inLanguage":"da-DK","@id":"https:\/\/cortenstaalverkoop.nl\/#\/schema\/logo\/image\/","url":"https:\/\/cortenstaalverkoop.nl\/wp-content\/uploads\/2019\/11\/cortenstaal-logo-1.png","contentUrl":"https:\/\/cortenstaalverkoop.nl\/wp-content\/uploads\/2019\/11\/cortenstaal-logo-1.png","width":480,"height":163,"caption":"Cortenstaalverkoop.nl"},"image":{"@id":"https:\/\/cortenstaalverkoop.nl\/#\/schema\/logo\/image\/"}}]}},"_links":{"self":[{"href":"https:\/\/cortenstaalverkoop.nl\/da\/wp-json\/wp\/v2\/product\/10134","targetHints":{"allow":["GET"]}}],"collection":[{"href":"https:\/\/cortenstaalverkoop.nl\/da\/wp-json\/wp\/v2\/product"}],"about":[{"href":"https:\/\/cortenstaalverkoop.nl\/da\/wp-json\/wp\/v2\/types\/product"}],"version-history":[{"count":3,"href":"https:\/\/cortenstaalverkoop.nl\/da\/wp-json\/wp\/v2\/product\/10134\/revisions"}],"predecessor-version":[{"id":11040,"href":"https:\/\/cortenstaalverkoop.nl\/da\/wp-json\/wp\/v2\/product\/10134\/revisions\/11040"}],"wp:featuredmedia":[{"embeddable":true,"href":"https:\/\/cortenstaalverkoop.nl\/da\/wp-json\/wp\/v2\/media\/6922"}],"wp:attachment":[{"href":"https:\/\/cortenstaalverkoop.nl\/da\/wp-json\/wp\/v2\/media?parent=10134"}],"wp:term":[{"taxonomy":"product_brand","embeddable":true,"href":"https:\/\/cortenstaalverkoop.nl\/da\/wp-json\/wp\/v2\/product_brand?post=10134"},{"taxonomy":"product_cat","embeddable":true,"href":"https:\/\/cortenstaalverkoop.nl\/da\/wp-json\/wp\/v2\/product_cat?post=10134"},{"taxonomy":"product_tag","embeddable":true,"href":"https:\/\/cortenstaalverkoop.nl\/da\/wp-json\/wp\/v2\/product_tag?post=10134"}],"curies":[{"name":"wp","href":"https:\/\/api.w.org\/{rel}","templated":true}]}}