{"id":10473,"date":"2026-02-18T14:02:11","date_gmt":"2026-02-18T13:02:11","guid":{"rendered":"https:\/\/cortenstaalverkoop.nl\/?post_type=product&#038;p=10473"},"modified":"2026-04-20T18:59:24","modified_gmt":"2026-04-20T16:59:24","slug":"kamado-workstation","status":"publish","type":"product","link":"https:\/\/cortenstaalverkoop.nl\/da\/product\/kamado-workstation\/","title":{"rendered":"Kamado workstation"},"content":{"rendered":"<div data-elementor-type=\"wp-post\" data-elementor-id=\"10473\" class=\"elementor elementor-10473\">\n\t\t\t\t\t\t<section class=\"elementor-section elementor-top-section elementor-element elementor-element-5d3a55ae elementor-section-boxed elementor-section-height-default elementor-section-height-default\" data-id=\"5d3a55ae\" data-element_type=\"section\" data-e-type=\"section\">\n\t\t\t\t\t\t<div class=\"elementor-container elementor-column-gap-default\">\n\t\t\t\t\t<div class=\"elementor-column elementor-col-100 elementor-top-column elementor-element elementor-element-6bce4bf2\" data-id=\"6bce4bf2\" data-element_type=\"column\" data-e-type=\"column\">\n\t\t\t<div class=\"elementor-widget-wrap elementor-element-populated\">\n\t\t\t\t\t\t<div class=\"elementor-element elementor-element-495f2e35 elementor-widget elementor-widget-text-editor\" data-id=\"495f2e35\" data-element_type=\"widget\" data-e-type=\"widget\" data-widget_type=\"text-editor.default\">\n\t\t\t\t<div class=\"elementor-widget-container\">\n\t\t\t\t\t\t\t\t\t<h2 data-start=\"203\" data-end=\"273\">Kamado arbejdsstation udend\u00f8rs k\u00f8kken med luksus og naturligt look<\/h2><p data-start=\"275\" data-end=\"718\">Dette Kamado arbejdsstation udend\u00f8rs k\u00f8kken kommer til sin ret smukt mellem de gr\u00f8nne omr\u00e5der i din have. Tak til de bambus finish i kombination med Neolith Riverwashed keramisk bordplade, det hele ogs\u00e5 f\u00e5r en luksuri\u00f8s og naturligt look. Ogs\u00e5 det <a href=\"https:\/\/nl.wikipedia.org\/wiki\/Cortenstaal\" target=\"_blank\" rel=\"noopener\">Corten<\/a> bidrager v\u00e6sentligt til dette. For eksempel, den karakteristiske orange-brun farve, som er skabt af en naturlig rust lag, der sikrer en varm og robust udseende.<\/p><p data-start=\"720\" data-end=\"898\">Hertil kommer, Corten st\u00e5l er kendt som vejrbestandigt st\u00e5l. Det betyder, at vejret p\u00e5virker faktisk styrker materiale, og derfor g\u00f8r det yderst velegnet til udend\u00f8rs brug.<\/p><p data-start=\"970\" data-end=\"1258\">Du kan ogs\u00e5 bestille denne udend\u00f8rs k\u00f8kken med en holdbar pulverlakering. I dette tilf\u00e6lde har vi at g\u00f8re rammen af 3 mm tyk aluminium. Som et resultat, Kamado arbejdsstation ikke kun f\u00e5r et slankt og moderne look, men det er ogs\u00e5 udm\u00e6rket resistente over for forskellige vejrforhold.<\/p><h2 data-start=\"1265\" data-end=\"1330\">Perfekt til at kombinere med en Big Green Egg!<\/h2><p data-start=\"1332\" data-end=\"1542\">Gennem denne webshop skal du ogs\u00e5 at k\u00f8be en passende <a href=\"https:\/\/cortenstaalverkoop.nl\/product\/big-green-egg-large\/\" target=\"_blank\" rel=\"noopener\"><span class=\"hover:entity-accent entity-underline inline cursor-pointer align-baseline\"><span class=\"whitespace-normal\">Big Green Egg<\/span><\/span><\/a> til en meget konkurrencedygtig pris. Denne m\u00e5de skaber du en komplet og professionel udend\u00f8rs k\u00f8kken, hvor alt er perfekt koordineret.<\/p><p data-start=\"1549\" data-end=\"1613\">Med Kamado-arbejdsstation, skal du altid have alle dine tilbeh\u00f8r og ingredienser lige ved h\u00e5nden. Dette giver dig mulighed for at arbejde mere effektivt og oplevelse, optimal brugervenlighed, mens du forbereder dine foretrukne retter. Uanset om du griller, rygning, bagning eller langsom madlavning, du altid har nok arbejdsomr\u00e5de og overblik. Den Kamado arbejdsstation, der ikke kun giver ekstra komfort, men ogs\u00e5 giver din udend\u00f8rs k\u00f8kken et flot og professionelt look.<\/p><p data-start=\"2070\" data-end=\"2312\">Den robuste konstruktion og de praktiske layout giver dig mulighed for at gemme grill tilbeh\u00f8r sikkert og p\u00e6nt, og samtidig have plads nok til at tilberede ingredienser. Dette g\u00f8r at grille nemmere, sjovere og mere afslappende.<\/p><p data-start=\"1305\" data-end=\"1430\">Endelig, vi kan levere de produkter, ikke br\u00e6ndt, s\u00e5ledes at den naturlige rust proces kan udvikle sig p\u00e5 en autentisk m\u00e5de.<\/p><p>Pak produktet umiddelbart efter levering. Dette giver enhver fugt mellem emballage og produktet fordampe. Dette forhindrer, uregelm\u00e6ssig rust dannelse og pletter.<\/p><p><strong>Oplysninger om produktet Corten st\u00e5l.<\/strong><br \/>Corten-St\u00e5l, ogs\u00e5 kendt som vejrbestandigt st\u00e5l, er et st\u00e6rkt metal, legering af jern med tils\u00e6tningsstoffer, s\u00e5som kobber, silicium, nikkel og chrom. N\u00e5r de uds\u00e6ttes for luften udenfor, et beskyttende lag af rust former p\u00e5 egen h\u00e5nd. Dette lag beskytter st\u00e5let mod yderligere korrosion og betydeligt forl\u00e6nger dens levetid. Den karakteristiske orange-brun farve og lange levetid g\u00f8r Corten st\u00e5l til et popul\u00e6rt valg for udend\u00f8rs brug.<\/p><p>Forsendelsesomkostninger til Danmark starter fra 240 EURO for hele din ordre.<\/p>\t\t\t\t\t\t\t\t<\/div>\n\t\t\t\t<\/div>\n\t\t\t\t\t<\/div>\n\t\t<\/div>\n\t\t\t\t\t<\/div>\n\t\t<\/section>\n\t\t\t\t<\/div>","protected":false},"excerpt":{"rendered":"<p>Den Kamado workstation er den ultimative opgradering til enhver udend\u00f8rs plads. Dette stilfulde udend\u00f8rs k\u00f8kken med masser af arbejdsplads, praktisk opbevaring muligheder og et ideelt sted at tilberede dine retter. Velegnet til n\u00e6sten enhver type af Kamado. En Kamado (Big Green Egg) er ogs\u00e5 tilg\u00e6ngelige.<\/p>\n<p>* Justerbare faste ben for hver overflade<br \/>\n* \u00c5bning til kamado: \u00d8 345 mm<br \/>\n* Materiale: tykkelse: Corten st\u00e5l 2 mm og aluminium 3 mm<br \/>\n* 5 \u00e5rs garanti<br \/>\n\u2022 4 hjul, der er inkluderet.<br \/>\n* med Neolith riverwashed keramisk bordplade<\/p>","protected":false},"featured_media":10799,"template":"","meta":{"site-sidebar-layout":"default","site-content-layout":"default","ast-site-content-layout":"default","site-content-style":"default","site-sidebar-style":"default","ast-global-header-display":"","ast-banner-title-visibility":"","ast-main-header-display":"","ast-hfb-above-header-display":"","ast-hfb-below-header-display":"","ast-hfb-mobile-header-display":"","site-post-title":"","ast-breadcrumbs-content":"","ast-featured-img":"","footer-sml-layout":"","ast-disable-related-posts":"","theme-transparent-header-meta":"default","adv-header-id-meta":"","stick-header-meta":"","header-above-stick-meta":"","header-main-stick-meta":"","header-below-stick-meta":"","astra-migrate-meta-layouts":"set","ast-page-background-enabled":"default","ast-page-background-meta":{"desktop":{"background-color":"","background-image":"","background-repeat":"repeat","background-position":"center center","background-size":"auto","background-attachment":"scroll","background-type":"","background-media":"","overlay-type":"","overlay-color":"","overlay-opacity":"","overlay-gradient":""},"tablet":{"background-color":"","background-image":"","background-repeat":"repeat","background-position":"center center","background-size":"auto","background-attachment":"scroll","background-type":"","background-media":"","overlay-type":"","overlay-color":"","overlay-opacity":"","overlay-gradient":""},"mobile":{"background-color":"","background-image":"","background-repeat":"repeat","background-position":"center center","background-size":"auto","background-attachment":"scroll","background-type":"","background-media":"","overlay-type":"","overlay-color":"","overlay-opacity":"","overlay-gradient":""}},"ast-content-background-meta":{"desktop":{"background-color":"var(--ast-global-color-5)","background-image":"","background-repeat":"repeat","background-position":"center center","background-size":"auto","background-attachment":"scroll","background-type":"","background-media":"","overlay-type":"","overlay-color":"","overlay-opacity":"","overlay-gradient":""},"tablet":{"background-color":"var(--ast-global-color-5)","background-image":"","background-repeat":"repeat","background-position":"center center","background-size":"auto","background-attachment":"scroll","background-type":"","background-media":"","overlay-type":"","overlay-color":"","overlay-opacity":"","overlay-gradient":""},"mobile":{"background-color":"var(--ast-global-color-5)","background-image":"","background-repeat":"repeat","background-position":"center center","background-size":"auto","background-attachment":"scroll","background-type":"","background-media":"","overlay-type":"","overlay-color":"","overlay-opacity":"","overlay-gradient":""}}},"product_brand":[],"product_cat":[58],"product_tag":[],"class_list":{"0":"post-10473","1":"product","2":"type-product","3":"status-publish","4":"has-post-thumbnail","6":"product_cat-cortenstaal-vuurelementen","7":"product_shipping_class-transport-light","8":"desktop-align-left","9":"tablet-align-left","10":"mobile-align-left","12":"first","13":"instock","14":"taxable","15":"shipping-taxable","16":"purchasable","17":"product-type-variable"},"yoast_head":"<!-- This site is optimized with the Yoast SEO plugin v27.4 - https:\/\/yoast.com\/product\/yoast-seo-wordpress\/ -->\n<title>Kamado workstation, goedkoop bij cortenstaalverkoop.nl<\/title>\n<meta name=\"description\" content=\"\u2705Kamado workstation\u2705 de beste kwaliteit \u2705 5 jaar garantie! Bestel uw Kamado workstation goedkoop bij cortenstaalverkoop.nl\" \/>\n<meta name=\"robots\" content=\"index, follow, max-snippet:-1, max-image-preview:large, max-video-preview:-1\" \/>\n<link rel=\"canonical\" href=\"https:\/\/cortenstaalverkoop.nl\/da\/vare\/kamado-workstation\/\" \/>\n<meta property=\"og:locale\" content=\"da_DK\" \/>\n<meta property=\"og:type\" content=\"article\" \/>\n<meta property=\"og:title\" content=\"Kamado workstation, goedkoop bij cortenstaalverkoop.nl\" \/>\n<meta property=\"og:description\" content=\"\u2705Kamado workstation\u2705 de beste kwaliteit \u2705 5 jaar garantie! Bestel uw Kamado workstation goedkoop bij cortenstaalverkoop.nl\" \/>\n<meta property=\"og:url\" content=\"https:\/\/cortenstaalverkoop.nl\/da\/vare\/kamado-workstation\/\" \/>\n<meta property=\"og:site_name\" content=\"Cortenstaalverkoop.nl\" \/>\n<meta property=\"article:modified_time\" content=\"2026-04-20T16:59:24+00:00\" \/>\n<meta property=\"og:image\" content=\"https:\/\/cortenstaalverkoop.nl\/wp-content\/uploads\/2025\/03\/kamado-onderstel-200.jpg\" \/>\n\t<meta property=\"og:image:width\" content=\"699\" \/>\n\t<meta property=\"og:image:height\" content=\"699\" \/>\n\t<meta property=\"og:image:type\" content=\"image\/jpeg\" \/>\n<meta name=\"twitter:card\" content=\"summary_large_image\" \/>\n<meta name=\"twitter:label1\" content=\"Estimeret l\u00e6setid\" \/>\n\t<meta name=\"twitter:data1\" content=\"3 minutter\" \/>\n<script type=\"application\/ld+json\" class=\"yoast-schema-graph\">{\"@context\":\"https:\\\/\\\/schema.org\",\"@graph\":[{\"@type\":\"WebPage\",\"@id\":\"https:\\\/\\\/cortenstaalverkoop.nl\\\/product\\\/kamado-workstation\\\/\",\"url\":\"https:\\\/\\\/cortenstaalverkoop.nl\\\/product\\\/kamado-workstation\\\/\",\"name\":\"Kamado workstation, goedkoop bij cortenstaalverkoop.nl\",\"isPartOf\":{\"@id\":\"https:\\\/\\\/cortenstaalverkoop.nl\\\/#website\"},\"primaryImageOfPage\":{\"@id\":\"https:\\\/\\\/cortenstaalverkoop.nl\\\/product\\\/kamado-workstation\\\/#primaryimage\"},\"image\":{\"@id\":\"https:\\\/\\\/cortenstaalverkoop.nl\\\/product\\\/kamado-workstation\\\/#primaryimage\"},\"thumbnailUrl\":\"https:\\\/\\\/cortenstaalverkoop.nl\\\/wp-content\\\/uploads\\\/2025\\\/03\\\/kamado-onderstel-200.jpg\",\"datePublished\":\"2026-02-18T13:02:11+00:00\",\"dateModified\":\"2026-04-20T16:59:24+00:00\",\"description\":\"\u2705Kamado workstation\u2705 de beste kwaliteit \u2705 5 jaar garantie! Bestel uw Kamado workstation goedkoop bij cortenstaalverkoop.nl\",\"breadcrumb\":{\"@id\":\"https:\\\/\\\/cortenstaalverkoop.nl\\\/product\\\/kamado-workstation\\\/#breadcrumb\"},\"inLanguage\":\"da-DK\",\"potentialAction\":[{\"@type\":\"ReadAction\",\"target\":[\"https:\\\/\\\/cortenstaalverkoop.nl\\\/product\\\/kamado-workstation\\\/\"]}]},{\"@type\":\"ImageObject\",\"inLanguage\":\"da-DK\",\"@id\":\"https:\\\/\\\/cortenstaalverkoop.nl\\\/product\\\/kamado-workstation\\\/#primaryimage\",\"url\":\"https:\\\/\\\/cortenstaalverkoop.nl\\\/wp-content\\\/uploads\\\/2025\\\/03\\\/kamado-onderstel-200.jpg\",\"contentUrl\":\"https:\\\/\\\/cortenstaalverkoop.nl\\\/wp-content\\\/uploads\\\/2025\\\/03\\\/kamado-onderstel-200.jpg\",\"width\":699,\"height\":699,\"caption\":\"Kamado workstation\"},{\"@type\":\"BreadcrumbList\",\"@id\":\"https:\\\/\\\/cortenstaalverkoop.nl\\\/product\\\/kamado-workstation\\\/#breadcrumb\",\"itemListElement\":[{\"@type\":\"ListItem\",\"position\":1,\"name\":\"Home\",\"item\":\"https:\\\/\\\/cortenstaalverkoop.nl\\\/\"},{\"@type\":\"ListItem\",\"position\":2,\"name\":\"Assortiment\",\"item\":\"https:\\\/\\\/cortenstaalverkoop.nl\\\/assortiment-cortenstaal\\\/\"},{\"@type\":\"ListItem\",\"position\":3,\"name\":\"Kamado workstation\"}]},{\"@type\":\"WebSite\",\"@id\":\"https:\\\/\\\/cortenstaalverkoop.nl\\\/#website\",\"url\":\"https:\\\/\\\/cortenstaalverkoop.nl\\\/\",\"name\":\"Cortenstaalverkoop.nl\",\"description\":\"de cortenstaal specialist!\",\"publisher\":{\"@id\":\"https:\\\/\\\/cortenstaalverkoop.nl\\\/#organization\"},\"potentialAction\":[{\"@type\":\"SearchAction\",\"target\":{\"@type\":\"EntryPoint\",\"urlTemplate\":\"https:\\\/\\\/cortenstaalverkoop.nl\\\/?s={search_term_string}\"},\"query-input\":{\"@type\":\"PropertyValueSpecification\",\"valueRequired\":true,\"valueName\":\"search_term_string\"}}],\"inLanguage\":\"da-DK\"},{\"@type\":\"Organization\",\"@id\":\"https:\\\/\\\/cortenstaalverkoop.nl\\\/#organization\",\"name\":\"Cortenstaalverkoop.nl\",\"url\":\"https:\\\/\\\/cortenstaalverkoop.nl\\\/\",\"logo\":{\"@type\":\"ImageObject\",\"inLanguage\":\"da-DK\",\"@id\":\"https:\\\/\\\/cortenstaalverkoop.nl\\\/#\\\/schema\\\/logo\\\/image\\\/\",\"url\":\"https:\\\/\\\/cortenstaalverkoop.nl\\\/wp-content\\\/uploads\\\/2019\\\/11\\\/cortenstaal-logo-1.png\",\"contentUrl\":\"https:\\\/\\\/cortenstaalverkoop.nl\\\/wp-content\\\/uploads\\\/2019\\\/11\\\/cortenstaal-logo-1.png\",\"width\":480,\"height\":163,\"caption\":\"Cortenstaalverkoop.nl\"},\"image\":{\"@id\":\"https:\\\/\\\/cortenstaalverkoop.nl\\\/#\\\/schema\\\/logo\\\/image\\\/\"}}]}<\/script>\n<!-- \/ Yoast SEO plugin. -->","yoast_head_json":{"title":"Kamado arbejdsstation, billige Kamado arbejdsstation cortenstaalverkoop.nl","description":"\u2705Kamado arbejdsstation\u2705 den bedste kvalitet \u2705 5 \u00e5rs garanti! Bestil din Kamado-arbejdsstation, fra billige cortenstaalverkoop.nl","robots":{"index":"index","follow":"follow","max-snippet":"max-snippet:-1","max-image-preview":"max-image-preview:large","max-video-preview":"max-video-preview:-1"},"canonical":"https:\/\/cortenstaalverkoop.nl\/da\/vare\/kamado-workstation\/","og_locale":"da_DK","og_type":"article","og_title":"Kamado workstation, goedkoop bij cortenstaalverkoop.nl","og_description":"\u2705Kamado workstation\u2705 de beste kwaliteit \u2705 5 jaar garantie! Bestel uw Kamado workstation goedkoop bij cortenstaalverkoop.nl","og_url":"https:\/\/cortenstaalverkoop.nl\/da\/vare\/kamado-workstation\/","og_site_name":"Cortenstaalverkoop.nl","article_modified_time":"2026-04-20T16:59:24+00:00","og_image":[{"width":699,"height":699,"url":"https:\/\/cortenstaalverkoop.nl\/wp-content\/uploads\/2025\/03\/kamado-onderstel-200.jpg","type":"image\/jpeg"}],"twitter_card":"summary_large_image","twitter_misc":{"Estimeret l\u00e6setid":"3 minutter"},"schema":{"@context":"https:\/\/schema.org","@graph":[{"@type":"WebPage","@id":"https:\/\/cortenstaalverkoop.nl\/product\/kamado-workstation\/","url":"https:\/\/cortenstaalverkoop.nl\/product\/kamado-workstation\/","name":"Kamado arbejdsstation, billige Kamado arbejdsstation cortenstaalverkoop.nl","isPartOf":{"@id":"https:\/\/cortenstaalverkoop.nl\/#website"},"primaryImageOfPage":{"@id":"https:\/\/cortenstaalverkoop.nl\/product\/kamado-workstation\/#primaryimage"},"image":{"@id":"https:\/\/cortenstaalverkoop.nl\/product\/kamado-workstation\/#primaryimage"},"thumbnailUrl":"https:\/\/cortenstaalverkoop.nl\/wp-content\/uploads\/2025\/03\/kamado-onderstel-200.jpg","datePublished":"2026-02-18T13:02:11+00:00","dateModified":"2026-04-20T16:59:24+00:00","description":"\u2705Kamado arbejdsstation\u2705 den bedste kvalitet \u2705 5 \u00e5rs garanti! Bestil din Kamado-arbejdsstation, fra billige cortenstaalverkoop.nl","breadcrumb":{"@id":"https:\/\/cortenstaalverkoop.nl\/product\/kamado-workstation\/#breadcrumb"},"inLanguage":"da-DK","potentialAction":[{"@type":"ReadAction","target":["https:\/\/cortenstaalverkoop.nl\/product\/kamado-workstation\/"]}]},{"@type":"ImageObject","inLanguage":"da-DK","@id":"https:\/\/cortenstaalverkoop.nl\/product\/kamado-workstation\/#primaryimage","url":"https:\/\/cortenstaalverkoop.nl\/wp-content\/uploads\/2025\/03\/kamado-onderstel-200.jpg","contentUrl":"https:\/\/cortenstaalverkoop.nl\/wp-content\/uploads\/2025\/03\/kamado-onderstel-200.jpg","width":699,"height":699,"caption":"Kamado workstation"},{"@type":"BreadcrumbList","@id":"https:\/\/cortenstaalverkoop.nl\/product\/kamado-workstation\/#breadcrumb","itemListElement":[{"@type":"ListItem","position":1,"name":"Home","item":"https:\/\/cortenstaalverkoop.nl\/"},{"@type":"ListItem","position":2,"name":"Assortiment","item":"https:\/\/cortenstaalverkoop.nl\/assortiment-cortenstaal\/"},{"@type":"ListItem","position":3,"name":"Kamado workstation"}]},{"@type":"WebSite","@id":"https:\/\/cortenstaalverkoop.nl\/#website","url":"https:\/\/cortenstaalverkoop.nl\/","name":"Cortenstaalverkoop.nl","description":"den cortenstaal specialist!","publisher":{"@id":"https:\/\/cortenstaalverkoop.nl\/#organization"},"potentialAction":[{"@type":"SearchAction","target":{"@type":"EntryPoint","urlTemplate":"https:\/\/cortenstaalverkoop.nl\/?s={search_term_string}"},"query-input":{"@type":"PropertyValueSpecification","valueRequired":true,"valueName":"search_term_string"}}],"inLanguage":"da-DK"},{"@type":"Organization","@id":"https:\/\/cortenstaalverkoop.nl\/#organization","name":"Cortenstaalverkoop.nl","url":"https:\/\/cortenstaalverkoop.nl\/","logo":{"@type":"ImageObject","inLanguage":"da-DK","@id":"https:\/\/cortenstaalverkoop.nl\/#\/schema\/logo\/image\/","url":"https:\/\/cortenstaalverkoop.nl\/wp-content\/uploads\/2019\/11\/cortenstaal-logo-1.png","contentUrl":"https:\/\/cortenstaalverkoop.nl\/wp-content\/uploads\/2019\/11\/cortenstaal-logo-1.png","width":480,"height":163,"caption":"Cortenstaalverkoop.nl"},"image":{"@id":"https:\/\/cortenstaalverkoop.nl\/#\/schema\/logo\/image\/"}}]}},"_links":{"self":[{"href":"https:\/\/cortenstaalverkoop.nl\/da\/wp-json\/wp\/v2\/product\/10473","targetHints":{"allow":["GET"]}}],"collection":[{"href":"https:\/\/cortenstaalverkoop.nl\/da\/wp-json\/wp\/v2\/product"}],"about":[{"href":"https:\/\/cortenstaalverkoop.nl\/da\/wp-json\/wp\/v2\/types\/product"}],"version-history":[{"count":59,"href":"https:\/\/cortenstaalverkoop.nl\/da\/wp-json\/wp\/v2\/product\/10473\/revisions"}],"predecessor-version":[{"id":10893,"href":"https:\/\/cortenstaalverkoop.nl\/da\/wp-json\/wp\/v2\/product\/10473\/revisions\/10893"}],"wp:featuredmedia":[{"embeddable":true,"href":"https:\/\/cortenstaalverkoop.nl\/da\/wp-json\/wp\/v2\/media\/10799"}],"wp:attachment":[{"href":"https:\/\/cortenstaalverkoop.nl\/da\/wp-json\/wp\/v2\/media?parent=10473"}],"wp:term":[{"taxonomy":"product_brand","embeddable":true,"href":"https:\/\/cortenstaalverkoop.nl\/da\/wp-json\/wp\/v2\/product_brand?post=10473"},{"taxonomy":"product_cat","embeddable":true,"href":"https:\/\/cortenstaalverkoop.nl\/da\/wp-json\/wp\/v2\/product_cat?post=10473"},{"taxonomy":"product_tag","embeddable":true,"href":"https:\/\/cortenstaalverkoop.nl\/da\/wp-json\/wp\/v2\/product_tag?post=10473"}],"curies":[{"name":"wp","href":"https:\/\/api.w.org\/{rel}","templated":true}]}}