{"id":10757,"date":"2026-01-10T16:44:33","date_gmt":"2026-01-10T15:44:33","guid":{"rendered":"https:\/\/cortenstaalverkoop.nl\/?post_type=product&#038;p=10757"},"modified":"2026-03-24T16:53:09","modified_gmt":"2026-03-24T15:53:09","slug":"corten-stal-plantageejer-tap","status":"publish","type":"product","link":"https:\/\/cortenstaalverkoop.nl\/da\/product\/cortenstaal-plantenbak-tap\/","title":{"rendered":"Corten st\u00e5l plantageejer TAP"},"content":{"rendered":"<h3>Den Corten st\u00e5l plantageejer TAP er tilg\u00e6ngelige i forskellige st\u00f8rrelser.<\/h3>\n<p>Derfor nem at placere p\u00e5 din balkon, terrasse eller i haven. Et s\u00e6t af Corten st\u00e5l <a href=\"https:\/\/cortenstaalverkoop.nl\/cortenstaal\/cortenstaal-plantenbakken\/\">plantageejere<\/a> kan ogs\u00e5 v\u00e6re et godt blikfang ved indgangen af din virksomhed. Ved at kombinere forskellige st\u00f8rrelser, kan du nemt oprette en helt oprindelige planter med niveau forskelle dig selv. Den \u00f8verste kant af Corten st\u00e5l plantageejer TAP er dobbelt omvendt.<\/p>\n<p>Corten st\u00e5l er en meget st\u00e6rk type af st\u00e5l, der har den egenskab at d\u00e6kke sig med et beskyttende lag af rust, n\u00e5r de uds\u00e6ttes for luft udefra. Denne naturlige solidt rust lag danner beskyttelse mod yderligere korrosion. Karakteristisk for Corten st\u00e5l er den brun-orange rust farve og lang levetid.<br \/>\nVores Corten st\u00e5l varer er leveret ikke-ristede og processen af rust vil tage omkring 4-5 m\u00e5neder efter.<\/p>\n<h4>Plantning r\u00e5d:<\/h4>\n<ul>\n<li>Bunden har et lag af sm\u00e5sten, \u00d8 35 mm sortering<\/li>\n<li>Brug ikke er forsynet med overl\u00f8bsr\u00f8r (ingen vand b\u00f8r forblive i beholderen)<\/li>\n<li>Om dette er en vand-gennemtr\u00e6ngelige anti-root klud<\/li>\n<li>P\u00e5 denne jord er egnet til den type af beplantning<\/li>\n<\/ul>\n<h5>Vigtigt:<\/h5>\n<ul>\n<li style=\"list-style-type: none;\">\n<ul>\n<li>Produkter, der er leveret ristede.<\/li>\n<li>Sikre en god dr\u00e6ning (huller i jorden standard af produktion), ingen overskydende vand skal forblive i den plantageejer, som materialet kan derefter rust over tid p\u00e5 grund af en kombination af ilt og jord.<\/li>\n<li>Brug ikke hydro granulat, fordi de bevarer fugt.<\/li>\n<li>Produkterne skal v\u00e6re pakket ud umiddelbart efter leveringen, s\u00e5ledes at eventuel fugt mellem emballage og produktet er ikke fanget. Dette kan for\u00e5rsage uregelm\u00e6ssige rust og pletter. I l\u00f8bet af rust proces, plantageejer kan give off.<\/li>\n<li>Meget st\u00e6rk, modstandsdygtig over for slid er ogs\u00e5 meget holdbart<\/li>\n<li>Slanke og derfor tidl\u00f8st design<\/li>\n<li>Vejrfast og holdbart materiale<\/li>\n<li>Varm og naturlig udseende<\/li>\n<li>5 \u00e5rs garanti<\/li>\n<li>Vedligeholdelsesfri<\/li>\n<\/ul>\n<\/li>\n<\/ul>\n<h6>Oplysninger om produktet cortenstaal:<\/h6>\n<p><a href=\"https:\/\/nl.wikipedia.org\/wikirong\/Cortenstaal\" target=\"_blank\" rel=\"noopener noreferrer\">Cor-Ten st\u00e5l<\/a> ogs\u00e5 kendt som vejrlig st\u00e5l. Det er et metal, en legering, der best\u00e5r af jern, som kobber, silicium, nikkel og krom er blevet tilf\u00f8jet. Cor-Ten er derfor en meget st\u00e6rk type af st\u00e5l, der har den egenskab at d\u00e6kke sig med et beskyttende lag rust, n\u00e5r de uds\u00e6ttes for luft udefra. Efter at dette lag udg\u00f8r en beskyttelse mod yderligere korrosion. Karakteristisk for Corten st\u00e5l er orange-brun rust farve og lang levetid.<\/p>\n<p>Forsendelsesomkostninger til Danmark starter fra 240 EURO for hele din ordre.<\/p>","protected":false},"excerpt":{"rendered":"<p>Den Corten st\u00e5l plantageejer TAP er tilg\u00e6ngelige i forskellige st\u00f8rrelser og s\u00e5 nem at placere p\u00e5 din balkon, terrasse eller i haven. Et s\u00e6t af Corten st\u00e5l plantageejere kan ogs\u00e5 v\u00e6re et godt blikfang ved indgangen af din virksomhed. Ved at kombinere forskellige st\u00f8rrelser, kan du nemt oprette en helt oprindelige planter med niveau forskelle dig selv. Den \u00f8verste kant af Corten st\u00e5l plantageejer TAP er dobbelt omvendt. Materiale tykkelse af Corten st\u00e5l plantageejer er standard-2 mm (3-4 og 5 mm er muligt mod till\u00e6gsgebyr).<\/p>\n<ul>\n<li>Meget st\u00e6rk og modstandsdygtig over for slid<\/li>\n<li>Vedligeholdelsesfri<\/li>\n<li>Vejrfast og holdbart materiale<\/li>\n<li>Varm og naturlig udseende<\/li>\n<li>Som standard, der er 15 mm feet under skraldespande for god dr\u00e6ning<\/li>\n<li>5 \u00e5rs garanti!<\/li>\n<\/ul>","protected":false},"featured_media":10775,"template":"","meta":{"site-sidebar-layout":"default","site-content-layout":"default","ast-site-content-layout":"default","site-content-style":"default","site-sidebar-style":"default","ast-global-header-display":"","ast-banner-title-visibility":"","ast-main-header-display":"","ast-hfb-above-header-display":"","ast-hfb-below-header-display":"","ast-hfb-mobile-header-display":"","site-post-title":"","ast-breadcrumbs-content":"","ast-featured-img":"","footer-sml-layout":"","ast-disable-related-posts":"","theme-transparent-header-meta":"default","adv-header-id-meta":"","stick-header-meta":"","header-above-stick-meta":"","header-main-stick-meta":"","header-below-stick-meta":"","astra-migrate-meta-layouts":"set","ast-page-background-enabled":"default","ast-page-background-meta":{"desktop":{"background-color":"","background-image":"","background-repeat":"repeat","background-position":"center center","background-size":"auto","background-attachment":"scroll","background-type":"","background-media":"","overlay-type":"","overlay-color":"","overlay-opacity":"","overlay-gradient":""},"tablet":{"background-color":"","background-image":"","background-repeat":"repeat","background-position":"center center","background-size":"auto","background-attachment":"scroll","background-type":"","background-media":"","overlay-type":"","overlay-color":"","overlay-opacity":"","overlay-gradient":""},"mobile":{"background-color":"","background-image":"","background-repeat":"repeat","background-position":"center center","background-size":"auto","background-attachment":"scroll","background-type":"","background-media":"","overlay-type":"","overlay-color":"","overlay-opacity":"","overlay-gradient":""}},"ast-content-background-meta":{"desktop":{"background-color":"var(--ast-global-color-5)","background-image":"","background-repeat":"repeat","background-position":"center center","background-size":"auto","background-attachment":"scroll","background-type":"","background-media":"","overlay-type":"","overlay-color":"","overlay-opacity":"","overlay-gradient":""},"tablet":{"background-color":"var(--ast-global-color-5)","background-image":"","background-repeat":"repeat","background-position":"center center","background-size":"auto","background-attachment":"scroll","background-type":"","background-media":"","overlay-type":"","overlay-color":"","overlay-opacity":"","overlay-gradient":""},"mobile":{"background-color":"var(--ast-global-color-5)","background-image":"","background-repeat":"repeat","background-position":"center center","background-size":"auto","background-attachment":"scroll","background-type":"","background-media":"","overlay-type":"","overlay-color":"","overlay-opacity":"","overlay-gradient":""}}},"product_brand":[],"product_cat":[57],"product_tag":[],"class_list":{"0":"post-10757","1":"product","2":"type-product","3":"status-publish","4":"has-post-thumbnail","6":"product_cat-cortenstaal-plantenbakken","7":"product_shipping_class-fritom","8":"desktop-align-left","9":"tablet-align-left","10":"mobile-align-left","12":"first","13":"instock","14":"featured","15":"taxable","16":"shipping-taxable","17":"purchasable","18":"product-type-variable"},"yoast_head":"<!-- This site is optimized with the Yoast SEO plugin v27.4 - https:\/\/yoast.com\/product\/yoast-seo-wordpress\/ -->\n<title>Cortenstaal plantenbak TAP, goedkoop bij cortenstaalverkoop.nl<\/title>\n<meta name=\"description\" content=\"\u2705 Cortenstaal plantenbak TAP, diverse maten.\u2705 beste kwaliteit \u2705 5 jaar garantie! Bestel uw cortenstaal plantenbak TAP goedkoop bij cortenstaalverkoop.nl\" \/>\n<meta name=\"robots\" content=\"index, follow, max-snippet:-1, max-image-preview:large, max-video-preview:-1\" \/>\n<link rel=\"canonical\" href=\"https:\/\/cortenstaalverkoop.nl\/da\/vare\/corten-stal-plantageejer-tap\/\" \/>\n<meta property=\"og:locale\" content=\"da_DK\" \/>\n<meta property=\"og:type\" content=\"article\" \/>\n<meta property=\"og:title\" content=\"Cortenstaal plantenbak TAP, goedkoop bij cortenstaalverkoop.nl\" \/>\n<meta property=\"og:description\" content=\"\u2705 Cortenstaal plantenbak TAP, diverse maten.\u2705 beste kwaliteit \u2705 5 jaar garantie! Bestel uw cortenstaal plantenbak TAP goedkoop bij cortenstaalverkoop.nl\" \/>\n<meta property=\"og:url\" content=\"https:\/\/cortenstaalverkoop.nl\/da\/vare\/corten-stal-plantageejer-tap\/\" \/>\n<meta property=\"og:site_name\" content=\"Cortenstaalverkoop.nl\" \/>\n<meta property=\"article:modified_time\" content=\"2026-03-24T15:53:09+00:00\" \/>\n<meta property=\"og:image\" content=\"https:\/\/cortenstaalverkoop.nl\/wp-content\/uploads\/2026\/01\/tap-COT8.2.webp\" \/>\n\t<meta property=\"og:image:width\" content=\"699\" \/>\n\t<meta property=\"og:image:height\" content=\"699\" \/>\n\t<meta property=\"og:image:type\" content=\"image\/webp\" \/>\n<meta name=\"twitter:card\" content=\"summary_large_image\" \/>\n<meta name=\"twitter:label1\" content=\"Estimeret l\u00e6setid\" \/>\n\t<meta name=\"twitter:data1\" content=\"2 minutter\" \/>\n<script type=\"application\/ld+json\" class=\"yoast-schema-graph\">{\"@context\":\"https:\\\/\\\/schema.org\",\"@graph\":[{\"@type\":\"WebPage\",\"@id\":\"https:\\\/\\\/cortenstaalverkoop.nl\\\/product\\\/cortenstaal-plantenbak-tap\\\/\",\"url\":\"https:\\\/\\\/cortenstaalverkoop.nl\\\/product\\\/cortenstaal-plantenbak-tap\\\/\",\"name\":\"Cortenstaal plantenbak TAP, goedkoop bij cortenstaalverkoop.nl\",\"isPartOf\":{\"@id\":\"https:\\\/\\\/cortenstaalverkoop.nl\\\/#website\"},\"primaryImageOfPage\":{\"@id\":\"https:\\\/\\\/cortenstaalverkoop.nl\\\/product\\\/cortenstaal-plantenbak-tap\\\/#primaryimage\"},\"image\":{\"@id\":\"https:\\\/\\\/cortenstaalverkoop.nl\\\/product\\\/cortenstaal-plantenbak-tap\\\/#primaryimage\"},\"thumbnailUrl\":\"https:\\\/\\\/cortenstaalverkoop.nl\\\/wp-content\\\/uploads\\\/2026\\\/01\\\/tap-COT8.2.webp\",\"datePublished\":\"2026-01-10T15:44:33+00:00\",\"dateModified\":\"2026-03-24T15:53:09+00:00\",\"description\":\"\u2705 Cortenstaal plantenbak TAP, diverse maten.\u2705 beste kwaliteit \u2705 5 jaar garantie! Bestel uw cortenstaal plantenbak TAP goedkoop bij cortenstaalverkoop.nl\",\"breadcrumb\":{\"@id\":\"https:\\\/\\\/cortenstaalverkoop.nl\\\/product\\\/cortenstaal-plantenbak-tap\\\/#breadcrumb\"},\"inLanguage\":\"da-DK\",\"potentialAction\":[{\"@type\":\"ReadAction\",\"target\":[\"https:\\\/\\\/cortenstaalverkoop.nl\\\/product\\\/cortenstaal-plantenbak-tap\\\/\"]}]},{\"@type\":\"ImageObject\",\"inLanguage\":\"da-DK\",\"@id\":\"https:\\\/\\\/cortenstaalverkoop.nl\\\/product\\\/cortenstaal-plantenbak-tap\\\/#primaryimage\",\"url\":\"https:\\\/\\\/cortenstaalverkoop.nl\\\/wp-content\\\/uploads\\\/2026\\\/01\\\/tap-COT8.2.webp\",\"contentUrl\":\"https:\\\/\\\/cortenstaalverkoop.nl\\\/wp-content\\\/uploads\\\/2026\\\/01\\\/tap-COT8.2.webp\",\"width\":699,\"height\":699,\"caption\":\"Cortenstaal plantenbak TAP\"},{\"@type\":\"BreadcrumbList\",\"@id\":\"https:\\\/\\\/cortenstaalverkoop.nl\\\/product\\\/cortenstaal-plantenbak-tap\\\/#breadcrumb\",\"itemListElement\":[{\"@type\":\"ListItem\",\"position\":1,\"name\":\"Home\",\"item\":\"https:\\\/\\\/cortenstaalverkoop.nl\\\/\"},{\"@type\":\"ListItem\",\"position\":2,\"name\":\"Assortiment\",\"item\":\"https:\\\/\\\/cortenstaalverkoop.nl\\\/assortiment-cortenstaal\\\/\"},{\"@type\":\"ListItem\",\"position\":3,\"name\":\"Cortenstaal plantenbak TAP\"}]},{\"@type\":\"WebSite\",\"@id\":\"https:\\\/\\\/cortenstaalverkoop.nl\\\/#website\",\"url\":\"https:\\\/\\\/cortenstaalverkoop.nl\\\/\",\"name\":\"Cortenstaalverkoop.nl\",\"description\":\"de cortenstaal specialist!\",\"publisher\":{\"@id\":\"https:\\\/\\\/cortenstaalverkoop.nl\\\/#organization\"},\"potentialAction\":[{\"@type\":\"SearchAction\",\"target\":{\"@type\":\"EntryPoint\",\"urlTemplate\":\"https:\\\/\\\/cortenstaalverkoop.nl\\\/?s={search_term_string}\"},\"query-input\":{\"@type\":\"PropertyValueSpecification\",\"valueRequired\":true,\"valueName\":\"search_term_string\"}}],\"inLanguage\":\"da-DK\"},{\"@type\":\"Organization\",\"@id\":\"https:\\\/\\\/cortenstaalverkoop.nl\\\/#organization\",\"name\":\"Cortenstaalverkoop.nl\",\"url\":\"https:\\\/\\\/cortenstaalverkoop.nl\\\/\",\"logo\":{\"@type\":\"ImageObject\",\"inLanguage\":\"da-DK\",\"@id\":\"https:\\\/\\\/cortenstaalverkoop.nl\\\/#\\\/schema\\\/logo\\\/image\\\/\",\"url\":\"https:\\\/\\\/cortenstaalverkoop.nl\\\/wp-content\\\/uploads\\\/2019\\\/11\\\/cortenstaal-logo-1.png\",\"contentUrl\":\"https:\\\/\\\/cortenstaalverkoop.nl\\\/wp-content\\\/uploads\\\/2019\\\/11\\\/cortenstaal-logo-1.png\",\"width\":480,\"height\":163,\"caption\":\"Cortenstaalverkoop.nl\"},\"image\":{\"@id\":\"https:\\\/\\\/cortenstaalverkoop.nl\\\/#\\\/schema\\\/logo\\\/image\\\/\"}}]}<\/script>\n<!-- \/ Yoast SEO plugin. -->","yoast_head_json":{"title":"Corten st\u00e5l plantageejer TRYK, billige p\u00e5 cortenstaalverkoop.nl","description":"\u2705 Corten st\u00e5l plantageejer TRYK, forskellige st\u00f8rrelser.\u2705 bedste kvalitet \u2705 5 \u00e5rs garanti! Bestil din Corten st\u00e5l plantageejer TAP, fra billige cortenstaalverkoop.nl","robots":{"index":"index","follow":"follow","max-snippet":"max-snippet:-1","max-image-preview":"max-image-preview:large","max-video-preview":"max-video-preview:-1"},"canonical":"https:\/\/cortenstaalverkoop.nl\/da\/vare\/corten-stal-plantageejer-tap\/","og_locale":"da_DK","og_type":"article","og_title":"Cortenstaal plantenbak TAP, goedkoop bij cortenstaalverkoop.nl","og_description":"\u2705 Cortenstaal plantenbak TAP, diverse maten.\u2705 beste kwaliteit \u2705 5 jaar garantie! Bestel uw cortenstaal plantenbak TAP goedkoop bij cortenstaalverkoop.nl","og_url":"https:\/\/cortenstaalverkoop.nl\/da\/vare\/corten-stal-plantageejer-tap\/","og_site_name":"Cortenstaalverkoop.nl","article_modified_time":"2026-03-24T15:53:09+00:00","og_image":[{"width":699,"height":699,"url":"https:\/\/cortenstaalverkoop.nl\/wp-content\/uploads\/2026\/01\/tap-COT8.2.webp","type":"image\/webp"}],"twitter_card":"summary_large_image","twitter_misc":{"Estimeret l\u00e6setid":"2 minutter"},"schema":{"@context":"https:\/\/schema.org","@graph":[{"@type":"WebPage","@id":"https:\/\/cortenstaalverkoop.nl\/product\/cortenstaal-plantenbak-tap\/","url":"https:\/\/cortenstaalverkoop.nl\/product\/cortenstaal-plantenbak-tap\/","name":"Corten st\u00e5l plantageejer TRYK, billige p\u00e5 cortenstaalverkoop.nl","isPartOf":{"@id":"https:\/\/cortenstaalverkoop.nl\/#website"},"primaryImageOfPage":{"@id":"https:\/\/cortenstaalverkoop.nl\/product\/cortenstaal-plantenbak-tap\/#primaryimage"},"image":{"@id":"https:\/\/cortenstaalverkoop.nl\/product\/cortenstaal-plantenbak-tap\/#primaryimage"},"thumbnailUrl":"https:\/\/cortenstaalverkoop.nl\/wp-content\/uploads\/2026\/01\/tap-COT8.2.webp","datePublished":"2026-01-10T15:44:33+00:00","dateModified":"2026-03-24T15:53:09+00:00","description":"\u2705 Corten st\u00e5l plantageejer TRYK, forskellige st\u00f8rrelser.\u2705 bedste kvalitet \u2705 5 \u00e5rs garanti! Bestil din Corten st\u00e5l plantageejer TAP, fra billige cortenstaalverkoop.nl","breadcrumb":{"@id":"https:\/\/cortenstaalverkoop.nl\/product\/cortenstaal-plantenbak-tap\/#breadcrumb"},"inLanguage":"da-DK","potentialAction":[{"@type":"ReadAction","target":["https:\/\/cortenstaalverkoop.nl\/product\/cortenstaal-plantenbak-tap\/"]}]},{"@type":"ImageObject","inLanguage":"da-DK","@id":"https:\/\/cortenstaalverkoop.nl\/product\/cortenstaal-plantenbak-tap\/#primaryimage","url":"https:\/\/cortenstaalverkoop.nl\/wp-content\/uploads\/2026\/01\/tap-COT8.2.webp","contentUrl":"https:\/\/cortenstaalverkoop.nl\/wp-content\/uploads\/2026\/01\/tap-COT8.2.webp","width":699,"height":699,"caption":"Cortenstaal plantenbak TAP"},{"@type":"BreadcrumbList","@id":"https:\/\/cortenstaalverkoop.nl\/product\/cortenstaal-plantenbak-tap\/#breadcrumb","itemListElement":[{"@type":"ListItem","position":1,"name":"Home","item":"https:\/\/cortenstaalverkoop.nl\/"},{"@type":"ListItem","position":2,"name":"Assortiment","item":"https:\/\/cortenstaalverkoop.nl\/assortiment-cortenstaal\/"},{"@type":"ListItem","position":3,"name":"Cortenstaal plantenbak TAP"}]},{"@type":"WebSite","@id":"https:\/\/cortenstaalverkoop.nl\/#website","url":"https:\/\/cortenstaalverkoop.nl\/","name":"Cortenstaalverkoop.nl","description":"den cortenstaal specialist!","publisher":{"@id":"https:\/\/cortenstaalverkoop.nl\/#organization"},"potentialAction":[{"@type":"SearchAction","target":{"@type":"EntryPoint","urlTemplate":"https:\/\/cortenstaalverkoop.nl\/?s={search_term_string}"},"query-input":{"@type":"PropertyValueSpecification","valueRequired":true,"valueName":"search_term_string"}}],"inLanguage":"da-DK"},{"@type":"Organization","@id":"https:\/\/cortenstaalverkoop.nl\/#organization","name":"Cortenstaalverkoop.nl","url":"https:\/\/cortenstaalverkoop.nl\/","logo":{"@type":"ImageObject","inLanguage":"da-DK","@id":"https:\/\/cortenstaalverkoop.nl\/#\/schema\/logo\/image\/","url":"https:\/\/cortenstaalverkoop.nl\/wp-content\/uploads\/2019\/11\/cortenstaal-logo-1.png","contentUrl":"https:\/\/cortenstaalverkoop.nl\/wp-content\/uploads\/2019\/11\/cortenstaal-logo-1.png","width":480,"height":163,"caption":"Cortenstaalverkoop.nl"},"image":{"@id":"https:\/\/cortenstaalverkoop.nl\/#\/schema\/logo\/image\/"}}]}},"_links":{"self":[{"href":"https:\/\/cortenstaalverkoop.nl\/da\/wp-json\/wp\/v2\/product\/10757","targetHints":{"allow":["GET"]}}],"collection":[{"href":"https:\/\/cortenstaalverkoop.nl\/da\/wp-json\/wp\/v2\/product"}],"about":[{"href":"https:\/\/cortenstaalverkoop.nl\/da\/wp-json\/wp\/v2\/types\/product"}],"version-history":[{"count":3,"href":"https:\/\/cortenstaalverkoop.nl\/da\/wp-json\/wp\/v2\/product\/10757\/revisions"}],"predecessor-version":[{"id":10916,"href":"https:\/\/cortenstaalverkoop.nl\/da\/wp-json\/wp\/v2\/product\/10757\/revisions\/10916"}],"wp:featuredmedia":[{"embeddable":true,"href":"https:\/\/cortenstaalverkoop.nl\/da\/wp-json\/wp\/v2\/media\/10775"}],"wp:attachment":[{"href":"https:\/\/cortenstaalverkoop.nl\/da\/wp-json\/wp\/v2\/media?parent=10757"}],"wp:term":[{"taxonomy":"product_brand","embeddable":true,"href":"https:\/\/cortenstaalverkoop.nl\/da\/wp-json\/wp\/v2\/product_brand?post=10757"},{"taxonomy":"product_cat","embeddable":true,"href":"https:\/\/cortenstaalverkoop.nl\/da\/wp-json\/wp\/v2\/product_cat?post=10757"},{"taxonomy":"product_tag","embeddable":true,"href":"https:\/\/cortenstaalverkoop.nl\/da\/wp-json\/wp\/v2\/product_tag?post=10757"}],"curies":[{"name":"wp","href":"https:\/\/api.w.org\/{rel}","templated":true}]}}