{"id":10818,"date":"2026-02-18T14:59:05","date_gmt":"2026-02-18T13:59:05","guid":{"rendered":"https:\/\/cortenstaalverkoop.nl\/?post_type=product&#038;p=10818"},"modified":"2026-04-20T16:16:52","modified_gmt":"2026-04-20T14:16:52","slug":"big-green-egg-large","status":"publish","type":"product","link":"https:\/\/cortenstaalverkoop.nl\/da\/product\/big-green-egg-large\/","title":{"rendered":"BIG GREEN EGG Store"},"content":{"rendered":"<div data-elementor-type=\"wp-post\" data-elementor-id=\"10818\" class=\"elementor elementor-10818\">\n\t\t\t\t\t\t<section class=\"elementor-section elementor-top-section elementor-element elementor-element-5d3a55ae elementor-section-boxed elementor-section-height-default elementor-section-height-default\" data-id=\"5d3a55ae\" data-element_type=\"section\" data-e-type=\"section\">\n\t\t\t\t\t\t<div class=\"elementor-container elementor-column-gap-default\">\n\t\t\t\t\t<div class=\"elementor-column elementor-col-100 elementor-top-column elementor-element elementor-element-6bce4bf2\" data-id=\"6bce4bf2\" data-element_type=\"column\" data-e-type=\"column\">\n\t\t\t<div class=\"elementor-widget-wrap elementor-element-populated\">\n\t\t\t\t\t\t<div class=\"elementor-element elementor-element-495f2e35 elementor-widget elementor-widget-text-editor\" data-id=\"495f2e35\" data-element_type=\"widget\" data-e-type=\"widget\" data-widget_type=\"text-editor.default\">\n\t\t\t\t<div class=\"elementor-widget-container\">\n\t\t\t\t\t\t\t\t\t<h2 data-start=\"0\" data-end=\"67\">BIG Green EGG Store-de mest popul\u00e6re kamado for dine udend\u00f8rs k\u00f8kken<\/h2><p data-start=\"69\" data-end=\"419\">Med sin gener\u00f8se st\u00f8rrelse, p\u00e5lidelig ydelse og uendelige madlavnings muligheder, Big Green EGG Stor er den mest valgte model i Kamado familie. Uanset om du \u00f8nsker at grill spontant eller forberede en stor middag, med denne kamado, at du har maksimal kontrol og professionelle resultater i din egen have.<\/p><h2 data-start=\"421\" data-end=\"466\">Store madlavning overflade for alle parter<\/h2><p data-start=\"467\" data-end=\"767\">Takket v\u00e6re den store madlavning overflade <strong data-start=\"503\" data-end=\"515\">1688 cm2<\/strong> og et gitter diameter <strong data-start=\"543\" data-end=\"552\">46 cm<\/strong> forberede retter ubesv\u00e6ret <strong data-start=\"589\" data-end=\"620\">op til 8 personer p\u00e5 samme tid<\/strong>. Ideel til en hyggelig aften med familie, venner eller g\u00e6ster. At du altid har plads nok til at tilberede flere ingredienser p\u00e5 samme tid.<\/p><h2 data-start=\"769\" data-end=\"803\">Velegnet til alle madlavning stil<\/h2><p data-start=\"804\" data-end=\"1066\">Denne GRILL er kendt for sin enest\u00e5ende alsidighed. Tak til pr\u00e6cis temperaturstyring, kan du nemt skifte mellem de forskellige madlavning teknikker. S\u00e5ledes, du vil forberede en parabol, pr\u00e6cis som du \u00f8nsker det \u2014 fra hurtig til at grille til langsom madlavning.<\/p><p data-start=\"1068\" data-end=\"1113\"><strong data-start=\"1068\" data-end=\"1113\">Du bruger denne kamado for blandt andre:<\/strong><\/p><ul data-start=\"1115\" data-end=\"1277\"><li data-start=\"1115\" data-end=\"1153\"><p data-start=\"1117\" data-end=\"1153\">At grille k\u00f8d, fisk og gr\u00f8ntsager<\/p><\/li><li data-start=\"1154\" data-end=\"1190\"><p data-start=\"1156\" data-end=\"1190\">V\u00e6relser til intens smagsoplevelse<\/p><\/li><li data-start=\"1191\" data-end=\"1232\"><p data-start=\"1193\" data-end=\"1232\">Bagning af br\u00f8d, pizzaer og desserter<\/p><\/li><li data-start=\"1233\" data-end=\"1277\"><p data-start=\"1235\" data-end=\"1277\">Langsom madlavning for perfekt bud resultater<\/p><\/li><\/ul><h2 data-start=\"1279\" data-end=\"1319\">Ensartet ydeevne og top kvalitet<\/h2><p data-start=\"1320\" data-end=\"1545\">Den h\u00f8je-kvalitet keramisk konstruktion sikrer fremragende termisk isolering og et <strong data-start=\"1405\" data-end=\"1440\">stabil, konstant temperatur<\/strong>. Dette giver dig mulighed for at opn\u00e5 en perfekt tilberedning og optimal smag igen og igen, med effektive kul-forbruget.<\/p><p data-start=\"1552\" data-end=\"1598\"><strong data-start=\"1552\" data-end=\"1598\">Hvorfor v\u00e6lge BIG Green EGG Store?<\/strong><\/p><ul data-start=\"1600\" data-end=\"1822\"><li data-start=\"1600\" data-end=\"1649\"><p data-start=\"1602\" data-end=\"1649\">Rummelige madlavning overflade for st\u00f8rre grupper<\/p><\/li><li data-start=\"1650\" data-end=\"1690\"><p data-start=\"1652\" data-end=\"1690\">Meget pr\u00e6cis temperatur kontrol<\/p><\/li><li data-start=\"1691\" data-end=\"1728\"><p data-start=\"1693\" data-end=\"1728\">Velegnet til alle madlavning teknikker<\/p><\/li><li data-start=\"1729\" data-end=\"1767\"><p data-start=\"1731\" data-end=\"1767\">Top kvalitet b\u00e6redygtig keramik<\/p><\/li><li data-start=\"1768\" data-end=\"1822\"><p data-start=\"1770\" data-end=\"1822\">Ideel til b\u00e5de begyndere og erfarne udend\u00f8rs kokke<\/p><\/li><\/ul><h2 data-start=\"0\" data-end=\"22\">Robust og holdbar<\/h2><p data-start=\"24\" data-end=\"243\">Med en v\u00e6gt p\u00e5 <strong data-start=\"44\" data-end=\"53\">73 kg<\/strong> og en h\u00f8jde p\u00e5 <strong data-start=\"72\" data-end=\"81\">84 cm<\/strong> dette kamado er en solid all-rounder. Takket v\u00e6re sin solide konstruktion, der kan modst\u00e5 h\u00e5rdt brug og er designet til mange \u00e5rs madlavning sjov i din have.<\/p><h2 data-start=\"245\" data-end=\"289\">Vindt\u00e6t og vedligeholdelse-venligt<\/h2><p data-start=\"290\" data-end=\"496\">De materialer af h\u00f8j kvalitet sikre, at din kamado kan modst\u00e5 forskellige vejrforhold. Hertil kommer, at det er let at reng\u00f8re, s\u00e5 vil du bruge mere tid p\u00e5 madlavning og mindre p\u00e5 vedligeholdelse.<\/p><h2 data-start=\"498\" data-end=\"525\">Perfekt integration<\/h2><p><span style=\"font-size: 15px;\">Du kan nemt placere denne i en kamado <a href=\"https:\/\/cortenstaalverkoop.nl\/product\/kamado-workstation\/\" target=\"_blank\" rel=\"noopener\">Kamado workstation<\/a> eller i vores specielt designet udend\u00f8rs k\u00f8kken. Denne m\u00e5de skaber du en stilfuld og funktionel madlavning setup, der fuldt ud opfylder dine \u00f8nsker.<\/span><\/p><p>Forsendelsesomkostninger til Danmark starter fra 240 EURO for hele din ordre.<\/p>\t\t\t\t\t\t\t\t<\/div>\n\t\t\t\t<\/div>\n\t\t\t\t\t<\/div>\n\t\t<\/div>\n\t\t\t\t\t<\/div>\n\t\t<\/section>\n\t\t\t\t<\/div>","protected":false},"excerpt":{"rendered":"<p>BIG Green EGG Stort, er utroligt alsidig. Tak til pr\u00e6cis temperaturstyring, kan du nemt skifte mellem de forskellige madlavning teknikker, s\u00e5 du kan tilberede hver ret til perfektion. Grid diameter p\u00e5 46 cm, h\u00f8jde 84 cm.<\/p>\n<ul data-end=\"1617\" data-start=\"1521\">\n<li class=\"\" data-end=\"1550\" data-start=\"1521\">\n<p class=\"\" data-end=\"1550\" data-start=\"1523\">NASA-grade keramik<\/p>\n<\/li>\n<li class=\"\" data-end=\"1579\" data-start=\"1551\">\n<p class=\"\" data-end=\"1579\" data-start=\"1553\">Bevarelse af varme og fugt<\/p>\n<\/li>\n<li class=\"\" data-end=\"1617\" data-start=\"1580\">\n<p class=\"\" data-end=\"1617\" data-start=\"1582\">Ekstremt effektive kul-forbruget<\/p>\n<\/li>\n<li class=\"\" data-end=\"1875\" data-start=\"1835\">\n<p class=\"\" data-end=\"1875\" data-start=\"1837\">Vindt\u00e6t og vedligeholdelse-venligt<\/p>\n<\/li>\n<\/ul>","protected":false},"featured_media":10824,"template":"","meta":{"site-sidebar-layout":"default","site-content-layout":"default","ast-site-content-layout":"default","site-content-style":"default","site-sidebar-style":"default","ast-global-header-display":"","ast-banner-title-visibility":"","ast-main-header-display":"","ast-hfb-above-header-display":"","ast-hfb-below-header-display":"","ast-hfb-mobile-header-display":"","site-post-title":"","ast-breadcrumbs-content":"","ast-featured-img":"","footer-sml-layout":"","ast-disable-related-posts":"","theme-transparent-header-meta":"default","adv-header-id-meta":"","stick-header-meta":"","header-above-stick-meta":"","header-main-stick-meta":"","header-below-stick-meta":"","astra-migrate-meta-layouts":"set","ast-page-background-enabled":"default","ast-page-background-meta":{"desktop":{"background-color":"","background-image":"","background-repeat":"repeat","background-position":"center center","background-size":"auto","background-attachment":"scroll","background-type":"","background-media":"","overlay-type":"","overlay-color":"","overlay-opacity":"","overlay-gradient":""},"tablet":{"background-color":"","background-image":"","background-repeat":"repeat","background-position":"center center","background-size":"auto","background-attachment":"scroll","background-type":"","background-media":"","overlay-type":"","overlay-color":"","overlay-opacity":"","overlay-gradient":""},"mobile":{"background-color":"","background-image":"","background-repeat":"repeat","background-position":"center center","background-size":"auto","background-attachment":"scroll","background-type":"","background-media":"","overlay-type":"","overlay-color":"","overlay-opacity":"","overlay-gradient":""}},"ast-content-background-meta":{"desktop":{"background-color":"var(--ast-global-color-5)","background-image":"","background-repeat":"repeat","background-position":"center center","background-size":"auto","background-attachment":"scroll","background-type":"","background-media":"","overlay-type":"","overlay-color":"","overlay-opacity":"","overlay-gradient":""},"tablet":{"background-color":"var(--ast-global-color-5)","background-image":"","background-repeat":"repeat","background-position":"center center","background-size":"auto","background-attachment":"scroll","background-type":"","background-media":"","overlay-type":"","overlay-color":"","overlay-opacity":"","overlay-gradient":""},"mobile":{"background-color":"var(--ast-global-color-5)","background-image":"","background-repeat":"repeat","background-position":"center center","background-size":"auto","background-attachment":"scroll","background-type":"","background-media":"","overlay-type":"","overlay-color":"","overlay-opacity":"","overlay-gradient":""}}},"product_brand":[],"product_cat":[58],"product_tag":[],"class_list":{"0":"post-10818","1":"product","2":"type-product","3":"status-publish","4":"has-post-thumbnail","6":"product_cat-cortenstaal-vuurelementen","7":"product_shipping_class-transport-light","8":"desktop-align-left","9":"tablet-align-left","10":"mobile-align-left","12":"first","13":"instock","14":"taxable","15":"shipping-taxable","16":"purchasable","17":"product-type-simple"},"yoast_head":"<!-- This site is optimized with the Yoast SEO plugin v27.4 - https:\/\/yoast.com\/product\/yoast-seo-wordpress\/ -->\n<title>BIG GREEN EGG Large, goedkoop bij cortenstaalverkoop.nl<\/title>\n<meta name=\"description\" content=\"\u2705BIG GREEN EGG Large\u2705 de beste kwaliteit \u2705 5 jaar garantie! Bestel uw BIG GREEN EGG Large goedkoop bij cortenstaalverkoop.nl\" \/>\n<meta name=\"robots\" content=\"index, follow, max-snippet:-1, max-image-preview:large, max-video-preview:-1\" \/>\n<link rel=\"canonical\" href=\"https:\/\/cortenstaalverkoop.nl\/da\/vare\/big-green-egg-large\/\" \/>\n<meta property=\"og:locale\" content=\"da_DK\" \/>\n<meta property=\"og:type\" content=\"article\" \/>\n<meta property=\"og:title\" content=\"BIG GREEN EGG Large, goedkoop bij cortenstaalverkoop.nl\" \/>\n<meta property=\"og:description\" content=\"\u2705BIG GREEN EGG Large\u2705 de beste kwaliteit \u2705 5 jaar garantie! Bestel uw BIG GREEN EGG Large goedkoop bij cortenstaalverkoop.nl\" \/>\n<meta property=\"og:url\" content=\"https:\/\/cortenstaalverkoop.nl\/da\/vare\/big-green-egg-large\/\" \/>\n<meta property=\"og:site_name\" content=\"Cortenstaalverkoop.nl\" \/>\n<meta property=\"article:modified_time\" content=\"2026-04-20T14:16:52+00:00\" \/>\n<meta property=\"og:image\" content=\"https:\/\/cortenstaalverkoop.nl\/wp-content\/uploads\/2026\/02\/Big-Green-Egg.jpg\" \/>\n\t<meta property=\"og:image:width\" content=\"699\" \/>\n\t<meta property=\"og:image:height\" content=\"699\" \/>\n\t<meta property=\"og:image:type\" content=\"image\/jpeg\" \/>\n<meta name=\"twitter:card\" content=\"summary_large_image\" \/>\n<meta name=\"twitter:label1\" content=\"Estimeret l\u00e6setid\" \/>\n\t<meta name=\"twitter:data1\" content=\"2 minutter\" \/>\n<script type=\"application\/ld+json\" class=\"yoast-schema-graph\">{\"@context\":\"https:\\\/\\\/schema.org\",\"@graph\":[{\"@type\":\"WebPage\",\"@id\":\"https:\\\/\\\/cortenstaalverkoop.nl\\\/product\\\/big-green-egg-large\\\/\",\"url\":\"https:\\\/\\\/cortenstaalverkoop.nl\\\/product\\\/big-green-egg-large\\\/\",\"name\":\"BIG GREEN EGG Large, goedkoop bij cortenstaalverkoop.nl\",\"isPartOf\":{\"@id\":\"https:\\\/\\\/cortenstaalverkoop.nl\\\/#website\"},\"primaryImageOfPage\":{\"@id\":\"https:\\\/\\\/cortenstaalverkoop.nl\\\/product\\\/big-green-egg-large\\\/#primaryimage\"},\"image\":{\"@id\":\"https:\\\/\\\/cortenstaalverkoop.nl\\\/product\\\/big-green-egg-large\\\/#primaryimage\"},\"thumbnailUrl\":\"https:\\\/\\\/cortenstaalverkoop.nl\\\/wp-content\\\/uploads\\\/2026\\\/02\\\/Big-Green-Egg.jpg\",\"datePublished\":\"2026-02-18T13:59:05+00:00\",\"dateModified\":\"2026-04-20T14:16:52+00:00\",\"description\":\"\u2705BIG GREEN EGG Large\u2705 de beste kwaliteit \u2705 5 jaar garantie! Bestel uw BIG GREEN EGG Large goedkoop bij cortenstaalverkoop.nl\",\"breadcrumb\":{\"@id\":\"https:\\\/\\\/cortenstaalverkoop.nl\\\/product\\\/big-green-egg-large\\\/#breadcrumb\"},\"inLanguage\":\"da-DK\",\"potentialAction\":[{\"@type\":\"ReadAction\",\"target\":[\"https:\\\/\\\/cortenstaalverkoop.nl\\\/product\\\/big-green-egg-large\\\/\"]}]},{\"@type\":\"ImageObject\",\"inLanguage\":\"da-DK\",\"@id\":\"https:\\\/\\\/cortenstaalverkoop.nl\\\/product\\\/big-green-egg-large\\\/#primaryimage\",\"url\":\"https:\\\/\\\/cortenstaalverkoop.nl\\\/wp-content\\\/uploads\\\/2026\\\/02\\\/Big-Green-Egg.jpg\",\"contentUrl\":\"https:\\\/\\\/cortenstaalverkoop.nl\\\/wp-content\\\/uploads\\\/2026\\\/02\\\/Big-Green-Egg.jpg\",\"width\":699,\"height\":699,\"caption\":\"BIG GREEN EGG Large\"},{\"@type\":\"BreadcrumbList\",\"@id\":\"https:\\\/\\\/cortenstaalverkoop.nl\\\/product\\\/big-green-egg-large\\\/#breadcrumb\",\"itemListElement\":[{\"@type\":\"ListItem\",\"position\":1,\"name\":\"Home\",\"item\":\"https:\\\/\\\/cortenstaalverkoop.nl\\\/\"},{\"@type\":\"ListItem\",\"position\":2,\"name\":\"Assortiment\",\"item\":\"https:\\\/\\\/cortenstaalverkoop.nl\\\/assortiment-cortenstaal\\\/\"},{\"@type\":\"ListItem\",\"position\":3,\"name\":\"BIG GREEN EGG Large\"}]},{\"@type\":\"WebSite\",\"@id\":\"https:\\\/\\\/cortenstaalverkoop.nl\\\/#website\",\"url\":\"https:\\\/\\\/cortenstaalverkoop.nl\\\/\",\"name\":\"Cortenstaalverkoop.nl\",\"description\":\"de cortenstaal specialist!\",\"publisher\":{\"@id\":\"https:\\\/\\\/cortenstaalverkoop.nl\\\/#organization\"},\"potentialAction\":[{\"@type\":\"SearchAction\",\"target\":{\"@type\":\"EntryPoint\",\"urlTemplate\":\"https:\\\/\\\/cortenstaalverkoop.nl\\\/?s={search_term_string}\"},\"query-input\":{\"@type\":\"PropertyValueSpecification\",\"valueRequired\":true,\"valueName\":\"search_term_string\"}}],\"inLanguage\":\"da-DK\"},{\"@type\":\"Organization\",\"@id\":\"https:\\\/\\\/cortenstaalverkoop.nl\\\/#organization\",\"name\":\"Cortenstaalverkoop.nl\",\"url\":\"https:\\\/\\\/cortenstaalverkoop.nl\\\/\",\"logo\":{\"@type\":\"ImageObject\",\"inLanguage\":\"da-DK\",\"@id\":\"https:\\\/\\\/cortenstaalverkoop.nl\\\/#\\\/schema\\\/logo\\\/image\\\/\",\"url\":\"https:\\\/\\\/cortenstaalverkoop.nl\\\/wp-content\\\/uploads\\\/2019\\\/11\\\/cortenstaal-logo-1.png\",\"contentUrl\":\"https:\\\/\\\/cortenstaalverkoop.nl\\\/wp-content\\\/uploads\\\/2019\\\/11\\\/cortenstaal-logo-1.png\",\"width\":480,\"height\":163,\"caption\":\"Cortenstaalverkoop.nl\"},\"image\":{\"@id\":\"https:\\\/\\\/cortenstaalverkoop.nl\\\/#\\\/schema\\\/logo\\\/image\\\/\"}}]}<\/script>\n<!-- \/ Yoast SEO plugin. -->","yoast_head_json":{"title":"BIG GREEN EGG Store, goedkoop bij cortenstaalverkoop.nl","description":"\u2705BIG Green EGG store\u2705 den bedste kvalitet \u2705 5 \u00e5rs garanti! Bestil din BIG green EGG Store billige fra cortenstaalverkoop.nl","robots":{"index":"index","follow":"follow","max-snippet":"max-snippet:-1","max-image-preview":"max-image-preview:large","max-video-preview":"max-video-preview:-1"},"canonical":"https:\/\/cortenstaalverkoop.nl\/da\/vare\/big-green-egg-large\/","og_locale":"da_DK","og_type":"article","og_title":"BIG GREEN EGG Large, goedkoop bij cortenstaalverkoop.nl","og_description":"\u2705BIG GREEN EGG Large\u2705 de beste kwaliteit \u2705 5 jaar garantie! Bestel uw BIG GREEN EGG Large goedkoop bij cortenstaalverkoop.nl","og_url":"https:\/\/cortenstaalverkoop.nl\/da\/vare\/big-green-egg-large\/","og_site_name":"Cortenstaalverkoop.nl","article_modified_time":"2026-04-20T14:16:52+00:00","og_image":[{"width":699,"height":699,"url":"https:\/\/cortenstaalverkoop.nl\/wp-content\/uploads\/2026\/02\/Big-Green-Egg.jpg","type":"image\/jpeg"}],"twitter_card":"summary_large_image","twitter_misc":{"Estimeret l\u00e6setid":"2 minutter"},"schema":{"@context":"https:\/\/schema.org","@graph":[{"@type":"WebPage","@id":"https:\/\/cortenstaalverkoop.nl\/product\/big-green-egg-large\/","url":"https:\/\/cortenstaalverkoop.nl\/product\/big-green-egg-large\/","name":"BIG GREEN EGG Store, goedkoop bij cortenstaalverkoop.nl","isPartOf":{"@id":"https:\/\/cortenstaalverkoop.nl\/#website"},"primaryImageOfPage":{"@id":"https:\/\/cortenstaalverkoop.nl\/product\/big-green-egg-large\/#primaryimage"},"image":{"@id":"https:\/\/cortenstaalverkoop.nl\/product\/big-green-egg-large\/#primaryimage"},"thumbnailUrl":"https:\/\/cortenstaalverkoop.nl\/wp-content\/uploads\/2026\/02\/Big-Green-Egg.jpg","datePublished":"2026-02-18T13:59:05+00:00","dateModified":"2026-04-20T14:16:52+00:00","description":"\u2705BIG Green EGG store\u2705 den bedste kvalitet \u2705 5 \u00e5rs garanti! Bestil din BIG green EGG Store billige fra cortenstaalverkoop.nl","breadcrumb":{"@id":"https:\/\/cortenstaalverkoop.nl\/product\/big-green-egg-large\/#breadcrumb"},"inLanguage":"da-DK","potentialAction":[{"@type":"ReadAction","target":["https:\/\/cortenstaalverkoop.nl\/product\/big-green-egg-large\/"]}]},{"@type":"ImageObject","inLanguage":"da-DK","@id":"https:\/\/cortenstaalverkoop.nl\/product\/big-green-egg-large\/#primaryimage","url":"https:\/\/cortenstaalverkoop.nl\/wp-content\/uploads\/2026\/02\/Big-Green-Egg.jpg","contentUrl":"https:\/\/cortenstaalverkoop.nl\/wp-content\/uploads\/2026\/02\/Big-Green-Egg.jpg","width":699,"height":699,"caption":"BIG GREEN EGG Large"},{"@type":"BreadcrumbList","@id":"https:\/\/cortenstaalverkoop.nl\/product\/big-green-egg-large\/#breadcrumb","itemListElement":[{"@type":"ListItem","position":1,"name":"Home","item":"https:\/\/cortenstaalverkoop.nl\/"},{"@type":"ListItem","position":2,"name":"Assortiment","item":"https:\/\/cortenstaalverkoop.nl\/assortiment-cortenstaal\/"},{"@type":"ListItem","position":3,"name":"BIG GREEN EGG Large"}]},{"@type":"WebSite","@id":"https:\/\/cortenstaalverkoop.nl\/#website","url":"https:\/\/cortenstaalverkoop.nl\/","name":"Cortenstaalverkoop.nl","description":"den cortenstaal specialist!","publisher":{"@id":"https:\/\/cortenstaalverkoop.nl\/#organization"},"potentialAction":[{"@type":"SearchAction","target":{"@type":"EntryPoint","urlTemplate":"https:\/\/cortenstaalverkoop.nl\/?s={search_term_string}"},"query-input":{"@type":"PropertyValueSpecification","valueRequired":true,"valueName":"search_term_string"}}],"inLanguage":"da-DK"},{"@type":"Organization","@id":"https:\/\/cortenstaalverkoop.nl\/#organization","name":"Cortenstaalverkoop.nl","url":"https:\/\/cortenstaalverkoop.nl\/","logo":{"@type":"ImageObject","inLanguage":"da-DK","@id":"https:\/\/cortenstaalverkoop.nl\/#\/schema\/logo\/image\/","url":"https:\/\/cortenstaalverkoop.nl\/wp-content\/uploads\/2019\/11\/cortenstaal-logo-1.png","contentUrl":"https:\/\/cortenstaalverkoop.nl\/wp-content\/uploads\/2019\/11\/cortenstaal-logo-1.png","width":480,"height":163,"caption":"Cortenstaalverkoop.nl"},"image":{"@id":"https:\/\/cortenstaalverkoop.nl\/#\/schema\/logo\/image\/"}}]}},"_links":{"self":[{"href":"https:\/\/cortenstaalverkoop.nl\/da\/wp-json\/wp\/v2\/product\/10818","targetHints":{"allow":["GET"]}}],"collection":[{"href":"https:\/\/cortenstaalverkoop.nl\/da\/wp-json\/wp\/v2\/product"}],"about":[{"href":"https:\/\/cortenstaalverkoop.nl\/da\/wp-json\/wp\/v2\/types\/product"}],"version-history":[{"count":12,"href":"https:\/\/cortenstaalverkoop.nl\/da\/wp-json\/wp\/v2\/product\/10818\/revisions"}],"predecessor-version":[{"id":10853,"href":"https:\/\/cortenstaalverkoop.nl\/da\/wp-json\/wp\/v2\/product\/10818\/revisions\/10853"}],"wp:featuredmedia":[{"embeddable":true,"href":"https:\/\/cortenstaalverkoop.nl\/da\/wp-json\/wp\/v2\/media\/10824"}],"wp:attachment":[{"href":"https:\/\/cortenstaalverkoop.nl\/da\/wp-json\/wp\/v2\/media?parent=10818"}],"wp:term":[{"taxonomy":"product_brand","embeddable":true,"href":"https:\/\/cortenstaalverkoop.nl\/da\/wp-json\/wp\/v2\/product_brand?post=10818"},{"taxonomy":"product_cat","embeddable":true,"href":"https:\/\/cortenstaalverkoop.nl\/da\/wp-json\/wp\/v2\/product_cat?post=10818"},{"taxonomy":"product_tag","embeddable":true,"href":"https:\/\/cortenstaalverkoop.nl\/da\/wp-json\/wp\/v2\/product_tag?post=10818"}],"curies":[{"name":"wp","href":"https:\/\/api.w.org\/{rel}","templated":true}]}}