{"id":10861,"date":"2026-02-21T11:03:37","date_gmt":"2026-02-21T10:03:37","guid":{"rendered":"https:\/\/cortenstaalverkoop.nl\/?post_type=product&#038;p=10861"},"modified":"2026-02-21T11:14:30","modified_gmt":"2026-02-21T10:14:30","slug":"corten-stal-havebaenk-dub","status":"publish","type":"product","link":"https:\/\/cortenstaalverkoop.nl\/da\/product\/cortenstaal-tuinbank-dub\/","title":{"rendered":"Corten st\u00e5l haveb\u00e6nk DUB"},"content":{"rendered":"<p data-start=\"62\" data-end=\"327\">Den <strong data-start=\"65\" data-end=\"94\">Corten st\u00e5l Haveb\u00e6nk Dub<\/strong> takket v\u00e6re dens slanke og minimalistiske design, det er en reel blikfang i enhver have, terrasse eller offentlige rum. Kombinationen af robust st\u00e5l og varmt tr\u00e6 skaber et stilfuldt, moderne udseende med et naturligt touch. Hertil kommer, at denne sofa kan v\u00e6re perfekt kombineret med den koniske <a href=\"https:\/\/cortenstaalverkoop.nl\/product\/cortenstaal-plantenbak-nora\/\" target=\"_blank\" rel=\"noopener\">plantning-Nora<\/a>, med hvilket du let kan skabe et harmonisk og luksuri\u00f8se hele i dit udend\u00f8rs space.<\/p>\n<h3 data-start=\"329\" data-end=\"379\">H\u00f8j-kvalitets materialer og holdbar kvalitet<\/h3>\n<ul data-start=\"380\" data-end=\"640\">\n<li data-start=\"380\" data-end=\"416\">\n<p data-start=\"382\" data-end=\"416\"><strong data-start=\"382\" data-end=\"392\">Ramme:<\/strong> 10 mm tyk Corten st\u00e5l<\/p>\n<\/li>\n<li data-start=\"417\" data-end=\"527\">\n<p data-start=\"419\" data-end=\"527\">Valgfri: 10mm galvaniseret st\u00e5l med en <strong data-start=\"466\" data-end=\"492\">2-lag pulverlakering<\/strong>, f\u00e5s i forskellige farver<\/p>\n<\/li>\n<li data-start=\"528\" data-end=\"617\">\n<p data-start=\"530\" data-end=\"617\">Udstyret med <strong data-start=\"543\" data-end=\"559\">monteringshuller<\/strong> for nem og fast tilknytning til overfladen<\/p>\n<\/li>\n<li data-start=\"618\" data-end=\"640\">\n<p data-start=\"620\" data-end=\"640\"><strong data-start=\"620\" data-end=\"640\">Garanti: 5 \u00e5r<\/strong><\/p>\n<\/li>\n<\/ul>\n<p data-start=\"642\" data-end=\"842\">Corten st\u00e5l er kendt for sin karakteristiske rust lag, der beskytter materialet mod yderligere korrosion. Dette giver en unik sofa, et varmt look, som kun bliver smukkere med tiden. Hver tr\u00e6sort har sit eget udseende og karakter. Under p\u00e5virkning af UV-str\u00e5ling, vejr og vind, (h\u00e5rdt)tr\u00e6 vil naturligvis alder over tid. Den endelige farve afh\u00e6nger dels af den oprindelige skyggen af tr\u00e6et.<\/p>\n<h3 data-start=\"844\" data-end=\"881\">Valg af tre luksus skoven for denne Corten st\u00e5l haveb\u00e6nk DUB.<\/h3>\n<p data-start=\"882\" data-end=\"916\">For den session, du har et valg af: <strong style=\"font-size: 16px;\" data-start=\"919\" data-end=\"929\">Garapa, <\/strong><strong style=\"font-size: 16px;\" data-start=\"932\" data-end=\"942\">Bambus, <\/strong><strong style=\"font-size: 16px;\" data-start=\"945\" data-end=\"955\">Kebony<\/strong><\/p>\n<h3 data-start=\"1586\" data-end=\"1608\">Vedligeholdelse r\u00e5dgivning<\/h3>\n<p data-start=\"1609\" data-end=\"1686\">Korrekt vedligeholdelse forl\u00e6nger levetid og bevarer udseendet af tr\u00e6:<\/p>\n<ul data-start=\"1688\" data-end=\"1977\">\n<li data-start=\"1688\" data-end=\"1775\">\n<p data-start=\"1690\" data-end=\"1775\">\u00c5rlig reng\u00f8ring ved at fjerne groft snavs med rent vand fra hanen (skylning).<\/p>\n<\/li>\n<li data-start=\"1776\" data-end=\"1812\">\n<p data-start=\"1778\" data-end=\"1812\">Brug ikke en h\u00f8jtryksrenser.<\/p>\n<\/li>\n<li data-start=\"1813\" data-end=\"1864\">\n<p data-start=\"1815\" data-end=\"1864\">Regelm\u00e6ssig reng\u00f8ring med <em data-start=\"1839\" data-end=\"1863\">WOCA Exterieur Renere<\/em>.<\/p>\n<\/li>\n<li data-start=\"1865\" data-end=\"1977\">\n<p data-start=\"1867\" data-end=\"1977\">Behandling med <em data-start=\"1882\" data-end=\"1903\">WOCA udvendig olie<\/em> for at bevare pigment l\u00e6ngere og bremse den gr\u00e5nende proces.<\/p>\n<\/li>\n<\/ul>\n<p>Produkterne skal v\u00e6re pakket ud umiddelbart efter levering. Fordi det er vigtigt, at eventuel fugt mellem emballage og produktet, kan blive fjernet \u00f8jeblikkeligt. Dette kan ellers medf\u00f8re uregelm\u00e6ssig rust og pletter.<\/p>\n<h5>Oplysninger om produktet cortenstaal:<\/h5>\n<p><a href=\"https:\/\/nl.wikipedia.org\/wiki\/Cortenstaal\" target=\"_blank\" rel=\"noopener noreferrer\">Cor-Ten st\u00e5l<\/a> ogs\u00e5 kendt som vejrbestandigt st\u00e5l. Det er et metal, en legering, der best\u00e5r af jern, som kobber, silicium, nikkel og chrom er tilf\u00f8jet. Corten st\u00e5l er en meget st\u00e6rk type af st\u00e5l. Fordi det har den egenskab, at d\u00e6kke sig med et beskyttende lag rust, n\u00e5r de uds\u00e6ttes for luft udefra. Denne naturlige solidt rust lag danner beskyttelse mod yderligere korrosion.<\/p>\n<p>Forsendelsesomkostninger til Danmark starter fra 240 EURO for hele din ordre.<\/p>","protected":false},"excerpt":{"rendered":"<p>Takket v\u00e6re dens slanke og minimalistiske design, Corten st\u00e5l haveb\u00e6nk Dub er en reel blikfang i enhver have, terrasse eller offentlige rum. Disse er FSC-skoven med de samme egenskaber, Bankirai l\u00f8vtr\u00e6.<\/p>\n<p>Haveb\u00e6nken har en samlet l\u00e6ngde p\u00e5 230 CM. H\u00f8jden af sofa er 45 cm og 45 cm dyb. Materiale 10 mm tyk Corten st\u00e5l 10 mm tyk galvaniseret st\u00e5l med 2-lag pulver caoting.<\/p>\n<p>For den session, du har et valg af: <strong style=\"font-size: 16px;\" data-start=\"919\" data-end=\"929\">Garapa, <\/strong><strong style=\"font-size: 16px;\" data-start=\"932\" data-end=\"942\">Bambus, <\/strong><strong style=\"font-size: 16px;\" data-start=\"945\" data-end=\"955\">Kebony<\/strong><\/p>\n<p>&nbsp;<\/p>","protected":false},"featured_media":10896,"template":"","meta":{"site-sidebar-layout":"default","site-content-layout":"default","ast-site-content-layout":"default","site-content-style":"default","site-sidebar-style":"default","ast-global-header-display":"","ast-banner-title-visibility":"","ast-main-header-display":"","ast-hfb-above-header-display":"","ast-hfb-below-header-display":"","ast-hfb-mobile-header-display":"","site-post-title":"","ast-breadcrumbs-content":"","ast-featured-img":"","footer-sml-layout":"","ast-disable-related-posts":"","theme-transparent-header-meta":"default","adv-header-id-meta":"","stick-header-meta":"","header-above-stick-meta":"","header-main-stick-meta":"","header-below-stick-meta":"","astra-migrate-meta-layouts":"set","ast-page-background-enabled":"default","ast-page-background-meta":{"desktop":{"background-color":"","background-image":"","background-repeat":"repeat","background-position":"center center","background-size":"auto","background-attachment":"scroll","background-type":"","background-media":"","overlay-type":"","overlay-color":"","overlay-opacity":"","overlay-gradient":""},"tablet":{"background-color":"","background-image":"","background-repeat":"repeat","background-position":"center center","background-size":"auto","background-attachment":"scroll","background-type":"","background-media":"","overlay-type":"","overlay-color":"","overlay-opacity":"","overlay-gradient":""},"mobile":{"background-color":"","background-image":"","background-repeat":"repeat","background-position":"center center","background-size":"auto","background-attachment":"scroll","background-type":"","background-media":"","overlay-type":"","overlay-color":"","overlay-opacity":"","overlay-gradient":""}},"ast-content-background-meta":{"desktop":{"background-color":"var(--ast-global-color-5)","background-image":"","background-repeat":"repeat","background-position":"center center","background-size":"auto","background-attachment":"scroll","background-type":"","background-media":"","overlay-type":"","overlay-color":"","overlay-opacity":"","overlay-gradient":""},"tablet":{"background-color":"var(--ast-global-color-5)","background-image":"","background-repeat":"repeat","background-position":"center center","background-size":"auto","background-attachment":"scroll","background-type":"","background-media":"","overlay-type":"","overlay-color":"","overlay-opacity":"","overlay-gradient":""},"mobile":{"background-color":"var(--ast-global-color-5)","background-image":"","background-repeat":"repeat","background-position":"center center","background-size":"auto","background-attachment":"scroll","background-type":"","background-media":"","overlay-type":"","overlay-color":"","overlay-opacity":"","overlay-gradient":""}}},"product_brand":[],"product_cat":[61],"product_tag":[],"class_list":{"0":"post-10861","1":"product","2":"type-product","3":"status-publish","4":"has-post-thumbnail","6":"product_cat-cortenstaal-tuininrichting","7":"product_shipping_class-fritom","8":"desktop-align-left","9":"tablet-align-left","10":"mobile-align-left","12":"first","13":"instock","14":"taxable","15":"shipping-taxable","16":"purchasable","17":"product-type-variable"},"yoast_head":"<!-- This site is optimized with the Yoast SEO plugin v27.5 - https:\/\/yoast.com\/product\/yoast-seo-wordpress\/ -->\n<title>Cortenstaal tuinbank Dub koopt u bij cortenstaalverkoop.nl<\/title>\n<meta name=\"description\" content=\"\u2705 Cortenstaal tuinbank Dub\u2705 de beste kwaliteit \u2705 5 jaar garantie! Bestel uw cortenstaal tuinbank Dub goedkoop bij cortenstaalverkoop.nl\" \/>\n<meta name=\"robots\" content=\"index, follow, max-snippet:-1, max-image-preview:large, max-video-preview:-1\" \/>\n<link rel=\"canonical\" href=\"https:\/\/cortenstaalverkoop.nl\/da\/vare\/corten-stal-havebaenk-dub\/\" \/>\n<meta property=\"og:locale\" content=\"da_DK\" \/>\n<meta property=\"og:type\" content=\"article\" \/>\n<meta property=\"og:title\" content=\"Cortenstaal tuinbank Dub koopt u bij cortenstaalverkoop.nl\" \/>\n<meta property=\"og:description\" content=\"\u2705 Cortenstaal tuinbank Dub\u2705 de beste kwaliteit \u2705 5 jaar garantie! Bestel uw cortenstaal tuinbank Dub goedkoop bij cortenstaalverkoop.nl\" \/>\n<meta property=\"og:url\" content=\"https:\/\/cortenstaalverkoop.nl\/da\/vare\/corten-stal-havebaenk-dub\/\" \/>\n<meta property=\"og:site_name\" content=\"Cortenstaalverkoop.nl\" \/>\n<meta property=\"article:modified_time\" content=\"2026-02-21T10:14:30+00:00\" \/>\n<meta property=\"og:image\" content=\"https:\/\/cortenstaalverkoop.nl\/wp-content\/uploads\/2026\/02\/Bank-corten-DUBE.webp\" \/>\n\t<meta property=\"og:image:width\" content=\"699\" \/>\n\t<meta property=\"og:image:height\" content=\"699\" \/>\n\t<meta property=\"og:image:type\" content=\"image\/webp\" \/>\n<meta name=\"twitter:card\" content=\"summary_large_image\" \/>\n<meta name=\"twitter:label1\" content=\"Estimeret l\u00e6setid\" \/>\n\t<meta name=\"twitter:data1\" content=\"2 minutter\" \/>\n<script type=\"application\/ld+json\" class=\"yoast-schema-graph\">{\"@context\":\"https:\\\/\\\/schema.org\",\"@graph\":[{\"@type\":\"WebPage\",\"@id\":\"https:\\\/\\\/cortenstaalverkoop.nl\\\/product\\\/cortenstaal-tuinbank-dub\\\/\",\"url\":\"https:\\\/\\\/cortenstaalverkoop.nl\\\/product\\\/cortenstaal-tuinbank-dub\\\/\",\"name\":\"Cortenstaal tuinbank Dub koopt u bij cortenstaalverkoop.nl\",\"isPartOf\":{\"@id\":\"https:\\\/\\\/cortenstaalverkoop.nl\\\/#website\"},\"primaryImageOfPage\":{\"@id\":\"https:\\\/\\\/cortenstaalverkoop.nl\\\/product\\\/cortenstaal-tuinbank-dub\\\/#primaryimage\"},\"image\":{\"@id\":\"https:\\\/\\\/cortenstaalverkoop.nl\\\/product\\\/cortenstaal-tuinbank-dub\\\/#primaryimage\"},\"thumbnailUrl\":\"https:\\\/\\\/cortenstaalverkoop.nl\\\/wp-content\\\/uploads\\\/2026\\\/02\\\/Bank-corten-DUBE.webp\",\"datePublished\":\"2026-02-21T10:03:37+00:00\",\"dateModified\":\"2026-02-21T10:14:30+00:00\",\"description\":\"\u2705 Cortenstaal tuinbank Dub\u2705 de beste kwaliteit \u2705 5 jaar garantie! Bestel uw cortenstaal tuinbank Dub goedkoop bij cortenstaalverkoop.nl\",\"breadcrumb\":{\"@id\":\"https:\\\/\\\/cortenstaalverkoop.nl\\\/product\\\/cortenstaal-tuinbank-dub\\\/#breadcrumb\"},\"inLanguage\":\"da-DK\",\"potentialAction\":[{\"@type\":\"ReadAction\",\"target\":[\"https:\\\/\\\/cortenstaalverkoop.nl\\\/product\\\/cortenstaal-tuinbank-dub\\\/\"]}]},{\"@type\":\"ImageObject\",\"inLanguage\":\"da-DK\",\"@id\":\"https:\\\/\\\/cortenstaalverkoop.nl\\\/product\\\/cortenstaal-tuinbank-dub\\\/#primaryimage\",\"url\":\"https:\\\/\\\/cortenstaalverkoop.nl\\\/wp-content\\\/uploads\\\/2026\\\/02\\\/Bank-corten-DUBE.webp\",\"contentUrl\":\"https:\\\/\\\/cortenstaalverkoop.nl\\\/wp-content\\\/uploads\\\/2026\\\/02\\\/Bank-corten-DUBE.webp\",\"width\":699,\"height\":699,\"caption\":\"Cortenstaal tuinbank Dunc\"},{\"@type\":\"BreadcrumbList\",\"@id\":\"https:\\\/\\\/cortenstaalverkoop.nl\\\/product\\\/cortenstaal-tuinbank-dub\\\/#breadcrumb\",\"itemListElement\":[{\"@type\":\"ListItem\",\"position\":1,\"name\":\"Home\",\"item\":\"https:\\\/\\\/cortenstaalverkoop.nl\\\/\"},{\"@type\":\"ListItem\",\"position\":2,\"name\":\"Assortiment\",\"item\":\"https:\\\/\\\/cortenstaalverkoop.nl\\\/assortiment-cortenstaal\\\/\"},{\"@type\":\"ListItem\",\"position\":3,\"name\":\"Cortenstaal tuinbank DUB\"}]},{\"@type\":\"WebSite\",\"@id\":\"https:\\\/\\\/cortenstaalverkoop.nl\\\/#website\",\"url\":\"https:\\\/\\\/cortenstaalverkoop.nl\\\/\",\"name\":\"Cortenstaalverkoop.nl\",\"description\":\"de cortenstaal specialist!\",\"publisher\":{\"@id\":\"https:\\\/\\\/cortenstaalverkoop.nl\\\/#organization\"},\"potentialAction\":[{\"@type\":\"SearchAction\",\"target\":{\"@type\":\"EntryPoint\",\"urlTemplate\":\"https:\\\/\\\/cortenstaalverkoop.nl\\\/?s={search_term_string}\"},\"query-input\":{\"@type\":\"PropertyValueSpecification\",\"valueRequired\":true,\"valueName\":\"search_term_string\"}}],\"inLanguage\":\"da-DK\"},{\"@type\":\"Organization\",\"@id\":\"https:\\\/\\\/cortenstaalverkoop.nl\\\/#organization\",\"name\":\"Cortenstaalverkoop.nl\",\"url\":\"https:\\\/\\\/cortenstaalverkoop.nl\\\/\",\"logo\":{\"@type\":\"ImageObject\",\"inLanguage\":\"da-DK\",\"@id\":\"https:\\\/\\\/cortenstaalverkoop.nl\\\/#\\\/schema\\\/logo\\\/image\\\/\",\"url\":\"https:\\\/\\\/cortenstaalverkoop.nl\\\/wp-content\\\/uploads\\\/2019\\\/11\\\/cortenstaal-logo-1.png\",\"contentUrl\":\"https:\\\/\\\/cortenstaalverkoop.nl\\\/wp-content\\\/uploads\\\/2019\\\/11\\\/cortenstaal-logo-1.png\",\"width\":480,\"height\":163,\"caption\":\"Cortenstaalverkoop.nl\"},\"image\":{\"@id\":\"https:\\\/\\\/cortenstaalverkoop.nl\\\/#\\\/schema\\\/logo\\\/image\\\/\"}}]}<\/script>\n<!-- \/ Yoast SEO plugin. -->","yoast_head_json":{"title":"Du kan k\u00f8be Cortenstaal haveb\u00e6nk Dub p\u00e5 cortenstaalverkoop.nl","description":"\u2705 Corten st\u00e5l haveb\u00e6nk dub\u2705 den bedste kvalitet \u2705 5 \u00e5rs garanti! Bestil din cortenstaal haveb\u00e6nk Dub billige cortenstaalverkoop.nl","robots":{"index":"index","follow":"follow","max-snippet":"max-snippet:-1","max-image-preview":"max-image-preview:large","max-video-preview":"max-video-preview:-1"},"canonical":"https:\/\/cortenstaalverkoop.nl\/da\/vare\/corten-stal-havebaenk-dub\/","og_locale":"da_DK","og_type":"article","og_title":"Cortenstaal tuinbank Dub koopt u bij cortenstaalverkoop.nl","og_description":"\u2705 Cortenstaal tuinbank Dub\u2705 de beste kwaliteit \u2705 5 jaar garantie! Bestel uw cortenstaal tuinbank Dub goedkoop bij cortenstaalverkoop.nl","og_url":"https:\/\/cortenstaalverkoop.nl\/da\/vare\/corten-stal-havebaenk-dub\/","og_site_name":"Cortenstaalverkoop.nl","article_modified_time":"2026-02-21T10:14:30+00:00","og_image":[{"width":699,"height":699,"url":"https:\/\/cortenstaalverkoop.nl\/wp-content\/uploads\/2026\/02\/Bank-corten-DUBE.webp","type":"image\/webp"}],"twitter_card":"summary_large_image","twitter_misc":{"Estimeret l\u00e6setid":"2 minutter"},"schema":{"@context":"https:\/\/schema.org","@graph":[{"@type":"WebPage","@id":"https:\/\/cortenstaalverkoop.nl\/product\/cortenstaal-tuinbank-dub\/","url":"https:\/\/cortenstaalverkoop.nl\/product\/cortenstaal-tuinbank-dub\/","name":"Du kan k\u00f8be Cortenstaal haveb\u00e6nk Dub p\u00e5 cortenstaalverkoop.nl","isPartOf":{"@id":"https:\/\/cortenstaalverkoop.nl\/#website"},"primaryImageOfPage":{"@id":"https:\/\/cortenstaalverkoop.nl\/product\/cortenstaal-tuinbank-dub\/#primaryimage"},"image":{"@id":"https:\/\/cortenstaalverkoop.nl\/product\/cortenstaal-tuinbank-dub\/#primaryimage"},"thumbnailUrl":"https:\/\/cortenstaalverkoop.nl\/wp-content\/uploads\/2026\/02\/Bank-corten-DUBE.webp","datePublished":"2026-02-21T10:03:37+00:00","dateModified":"2026-02-21T10:14:30+00:00","description":"\u2705 Corten st\u00e5l haveb\u00e6nk dub\u2705 den bedste kvalitet \u2705 5 \u00e5rs garanti! Bestil din cortenstaal haveb\u00e6nk Dub billige cortenstaalverkoop.nl","breadcrumb":{"@id":"https:\/\/cortenstaalverkoop.nl\/product\/cortenstaal-tuinbank-dub\/#breadcrumb"},"inLanguage":"da-DK","potentialAction":[{"@type":"ReadAction","target":["https:\/\/cortenstaalverkoop.nl\/product\/cortenstaal-tuinbank-dub\/"]}]},{"@type":"ImageObject","inLanguage":"da-DK","@id":"https:\/\/cortenstaalverkoop.nl\/product\/cortenstaal-tuinbank-dub\/#primaryimage","url":"https:\/\/cortenstaalverkoop.nl\/wp-content\/uploads\/2026\/02\/Bank-corten-DUBE.webp","contentUrl":"https:\/\/cortenstaalverkoop.nl\/wp-content\/uploads\/2026\/02\/Bank-corten-DUBE.webp","width":699,"height":699,"caption":"Cortenstaal tuinbank Dunc"},{"@type":"BreadcrumbList","@id":"https:\/\/cortenstaalverkoop.nl\/product\/cortenstaal-tuinbank-dub\/#breadcrumb","itemListElement":[{"@type":"ListItem","position":1,"name":"Home","item":"https:\/\/cortenstaalverkoop.nl\/"},{"@type":"ListItem","position":2,"name":"Assortiment","item":"https:\/\/cortenstaalverkoop.nl\/assortiment-cortenstaal\/"},{"@type":"ListItem","position":3,"name":"Cortenstaal tuinbank DUB"}]},{"@type":"WebSite","@id":"https:\/\/cortenstaalverkoop.nl\/#website","url":"https:\/\/cortenstaalverkoop.nl\/","name":"Cortenstaalverkoop.nl","description":"den cortenstaal specialist!","publisher":{"@id":"https:\/\/cortenstaalverkoop.nl\/#organization"},"potentialAction":[{"@type":"SearchAction","target":{"@type":"EntryPoint","urlTemplate":"https:\/\/cortenstaalverkoop.nl\/?s={search_term_string}"},"query-input":{"@type":"PropertyValueSpecification","valueRequired":true,"valueName":"search_term_string"}}],"inLanguage":"da-DK"},{"@type":"Organization","@id":"https:\/\/cortenstaalverkoop.nl\/#organization","name":"Cortenstaalverkoop.nl","url":"https:\/\/cortenstaalverkoop.nl\/","logo":{"@type":"ImageObject","inLanguage":"da-DK","@id":"https:\/\/cortenstaalverkoop.nl\/#\/schema\/logo\/image\/","url":"https:\/\/cortenstaalverkoop.nl\/wp-content\/uploads\/2019\/11\/cortenstaal-logo-1.png","contentUrl":"https:\/\/cortenstaalverkoop.nl\/wp-content\/uploads\/2019\/11\/cortenstaal-logo-1.png","width":480,"height":163,"caption":"Cortenstaalverkoop.nl"},"image":{"@id":"https:\/\/cortenstaalverkoop.nl\/#\/schema\/logo\/image\/"}}]}},"_links":{"self":[{"href":"https:\/\/cortenstaalverkoop.nl\/da\/wp-json\/wp\/v2\/product\/10861","targetHints":{"allow":["GET"]}}],"collection":[{"href":"https:\/\/cortenstaalverkoop.nl\/da\/wp-json\/wp\/v2\/product"}],"about":[{"href":"https:\/\/cortenstaalverkoop.nl\/da\/wp-json\/wp\/v2\/types\/product"}],"version-history":[{"count":8,"href":"https:\/\/cortenstaalverkoop.nl\/da\/wp-json\/wp\/v2\/product\/10861\/revisions"}],"predecessor-version":[{"id":10914,"href":"https:\/\/cortenstaalverkoop.nl\/da\/wp-json\/wp\/v2\/product\/10861\/revisions\/10914"}],"wp:featuredmedia":[{"embeddable":true,"href":"https:\/\/cortenstaalverkoop.nl\/da\/wp-json\/wp\/v2\/media\/10896"}],"wp:attachment":[{"href":"https:\/\/cortenstaalverkoop.nl\/da\/wp-json\/wp\/v2\/media?parent=10861"}],"wp:term":[{"taxonomy":"product_brand","embeddable":true,"href":"https:\/\/cortenstaalverkoop.nl\/da\/wp-json\/wp\/v2\/product_brand?post=10861"},{"taxonomy":"product_cat","embeddable":true,"href":"https:\/\/cortenstaalverkoop.nl\/da\/wp-json\/wp\/v2\/product_cat?post=10861"},{"taxonomy":"product_tag","embeddable":true,"href":"https:\/\/cortenstaalverkoop.nl\/da\/wp-json\/wp\/v2\/product_tag?post=10861"}],"curies":[{"name":"wp","href":"https:\/\/api.w.org\/{rel}","templated":true}]}}