{"id":10991,"date":"2026-03-11T15:40:45","date_gmt":"2026-03-11T14:40:45","guid":{"rendered":"https:\/\/cortenstaalverkoop.nl\/?post_type=product&#038;p=10991"},"modified":"2026-04-11T13:41:31","modified_gmt":"2026-04-11T11:41:31","slug":"aluminium-plantenbak-tap","status":"publish","type":"product","link":"https:\/\/cortenstaalverkoop.nl\/da\/product\/aluminium-plantenbak-tap\/","title":{"rendered":"Aluminium plantenbak TAP"},"content":{"rendered":"<h3>De aluminium plantenbak TAP is leverbaar in verschillende maten.<\/h3>\n<p>Daarom makkelijk te plaatsen op u balkon, terras of in de tuin. Een set aluminium <a href=\"https:\/\/cortenstaalverkoop.nl\/cortenstaal\/cortenstaal-plantenbakken\/\">plantageejere<\/a> kan ook een mooie blinkvanger zijn bij de ingang van u bedrijf. Door verschillende formaten te combineren cre\u00ebert u makkelijk zelf een geheel originele plantenbak met niveauverschillen. De bovenrand van de aluminium plantenbak TAP is dubbel omgezet.<\/p>\n<p>Aluminium is een stijlvol, modern en duurzaam materiaal voor in de tuin. Het is licht van gewicht en corrosiebestendig. Daardoor kan het materiaal het hele jaar door buiten staan zonder te roesten, beschadigen of kapot te vriezen. Aluminium behoudt zijn kwaliteit en uitstraling, zelfs bij blootstelling aan alle weersomstandigheden. Ook kan aluminium in elke RAL-kleur en onze speciale coatings worden gecoat, wat zorgt voor eindeloze mogelijkheden.<\/p>\n<p>Door de goede bewerkbaarheid van aluminium kunnen producten in allerlei vormen en maten worden gemaakt. Voor een hoogwaardige afwerking ondergaat aluminium verschillende behandelingen. Eerst wordt het oppervlak opgeruwd voor optimale hechting. Daarna volgt een sterke grondlaag en een extra harde beschermende poedercoating die het materiaal krasbestendig maakt en de levensduur van de producten verlengt.<\/p>\n<h4>Plantning r\u00e5d:<\/h4>\n<p data-start=\"1303\" data-end=\"1362\">Voor het beste resultaat adviseren wij de volgende stappen:<\/p>\n<ul data-start=\"1364\" data-end=\"2161\">\n<li data-section-id=\"vbr1fb\" data-start=\"1364\" data-end=\"1434\">\n<p data-start=\"1366\" data-end=\"1434\">Zorg eerst voor een <strong data-start=\"1386\" data-end=\"1431\">vlakke en stevige (afgetrilde) ondergrond<\/strong>.<\/p>\n<\/li>\n<li data-section-id=\"w5gvh1\" data-start=\"1435\" data-end=\"1601\">\n<p data-start=\"1437\" data-end=\"1601\">Plaats vervolgens naar wens <strong data-start=\"1465\" data-end=\"1484\">overlooppijpjes<\/strong> onder in de plantenbak om een waterbuffer te cre\u00ebren. Het aantal pijpjes hangt af van het aantal afwateringsgaten.<\/p>\n<\/li>\n<li data-section-id=\"1yhbbtt\" data-start=\"1602\" data-end=\"1728\">\n<p data-start=\"1604\" data-end=\"1728\">Trekstangen zorgen voor de <strong data-start=\"1631\" data-end=\"1662\">constructie en vormvastheid<\/strong> van de plantenbak. Verwijder deze trekstangen daarom <strong data-start=\"1716\" data-end=\"1725\">nooit<\/strong>.<\/p>\n<\/li>\n<li data-section-id=\"jj7ovd\" data-start=\"1729\" data-end=\"1813\">\n<p data-start=\"1731\" data-end=\"1813\">Vul de plantenbak daarna met een laag <strong data-start=\"1769\" data-end=\"1810\">hydrokorrels of grind van circa 10 cm<\/strong>.<\/p>\n<\/li>\n<li data-section-id=\"1ccjz1\" data-start=\"1814\" data-end=\"1888\">\n<p data-start=\"1816\" data-end=\"1888\">Leg vervolgens een <strong data-start=\"1835\" data-end=\"1870\">vochtdoorlatend anti-worteldoek<\/strong> over deze laag.<\/p>\n<\/li>\n<li data-section-id=\"5oza8x\" data-start=\"1889\" data-end=\"1979\">\n<p data-start=\"1891\" data-end=\"1979\">Laat het doek aan de randen minimaal <strong data-start=\"1928\" data-end=\"1950\">10 cm omhoog lopen<\/strong> voor een optimale werking.<\/p>\n<\/li>\n<li data-section-id=\"ipbnrj\" data-start=\"1980\" data-end=\"2074\">\n<p data-start=\"1982\" data-end=\"2074\">Bedek daarna het doek met een <strong data-start=\"2012\" data-end=\"2036\">luchtig grondmengsel<\/strong> dat past bij de gekozen beplanting.<\/p>\n<\/li>\n<li data-section-id=\"znmex\" data-start=\"2075\" data-end=\"2161\">\n<p data-start=\"2077\" data-end=\"2161\">Stamp de aarde <strong data-start=\"2092\" data-end=\"2105\">nooit aan<\/strong>. Dit kan namelijk schade aan de plantenbak veroorzaken.<\/p>\n<\/li>\n<\/ul>\n<h5>Vigtigt:<\/h5>\n<ul>\n<li style=\"list-style-type: none;\">\n<ul>\n<li>Produkterne skal v\u00e6re pakket ud umiddelbart efter leveringen, s\u00e5ledes at eventuel fugt mellem emballage og produktet er ikke fanget. Dette kan medf\u00f8re pletter.<\/li>\n<li>Meget st\u00e6rk, modstandsdygtig over for slid er ogs\u00e5 meget holdbart<\/li>\n<li>Slanke og derfor tidl\u00f8st design<\/li>\n<li>Vores plante er ikke egnet til at flytte fyldt.<\/li>\n<li>Vejrfast og holdbart materiale<\/li>\n<li>5 \u00e5rs garanti<\/li>\n<li>Lav vedligeholdelse, brug ikke h\u00f8jtryksrenser og en skuresvamp.<\/li>\n<\/ul>\n<\/li>\n<\/ul>\n<h6>Oplysninger om produktet cortenstaal:<\/h6>\n<p><a href=\"https:\/\/nl.wikipedia.org\/wikirong\/Cortenstaal\" target=\"_blank\" rel=\"noopener noreferrer\">Cor-Ten st\u00e5l<\/a> ogs\u00e5 kendt som vejrlig st\u00e5l. Det er et metal, en legering, der best\u00e5r af jern, som kobber, silicium, nikkel og krom er blevet tilf\u00f8jet. Cor-Ten er derfor en meget st\u00e6rk type af st\u00e5l, der har den egenskab at d\u00e6kke sig med et beskyttende lag rust, n\u00e5r de uds\u00e6ttes for luft udefra. Efter at dette lag udg\u00f8r en beskyttelse mod yderligere korrosion. Karakteristisk for Corten st\u00e5l er orange-brun rust farve og lang levetid.<\/p>\n<p>Forsendelsesomkostninger til Danmark starter fra 240 EURO for hele din ordre.<\/p>","protected":false},"excerpt":{"rendered":"<p>De aluminium plantenbak TAP is leverbaar in verschillende maten en zo makkelijk te plaatsen op u balkon, terras of in de tuin. Een set aluminium plantenbakken kan ook een mooie blinkvanger zijn bij de ingang van u bedrijf. De bovenrand van de aluminium plantenbak TAP is dubbel omgezet. Materiaaldikte van de aluminium plantenbak is standaard 3 mm. Standaard kleur is RAL 7021 zwart \/ grijs, andere RAL kleuren op aanvraag mogelijk.<\/p>\n<ul>\n<li>Meget st\u00e6rk og modstandsdygtig over for slid<\/li>\n<li>Onderhoudsarm, afwerking met een harde toplaag.<\/li>\n<li>Let op! Gebruik g\u00e9\u00e9n hogedrukreiniger en schuurspons.<\/li>\n<li>Som standard, der er 15 mm feet under skraldespande for god dr\u00e6ning<\/li>\n<li>Pulverlak med en st\u00e6rk lim primer.<\/li>\n<li>5 \u00e5rs garanti!<\/li>\n<\/ul>","protected":false},"featured_media":11007,"template":"","meta":{"site-sidebar-layout":"default","site-content-layout":"default","ast-site-content-layout":"default","site-content-style":"default","site-sidebar-style":"default","ast-global-header-display":"","ast-banner-title-visibility":"","ast-main-header-display":"","ast-hfb-above-header-display":"","ast-hfb-below-header-display":"","ast-hfb-mobile-header-display":"","site-post-title":"","ast-breadcrumbs-content":"","ast-featured-img":"","footer-sml-layout":"","ast-disable-related-posts":"","theme-transparent-header-meta":"default","adv-header-id-meta":"","stick-header-meta":"","header-above-stick-meta":"","header-main-stick-meta":"","header-below-stick-meta":"","astra-migrate-meta-layouts":"set","ast-page-background-enabled":"default","ast-page-background-meta":{"desktop":{"background-color":"","background-image":"","background-repeat":"repeat","background-position":"center center","background-size":"auto","background-attachment":"scroll","background-type":"","background-media":"","overlay-type":"","overlay-color":"","overlay-opacity":"","overlay-gradient":""},"tablet":{"background-color":"","background-image":"","background-repeat":"repeat","background-position":"center center","background-size":"auto","background-attachment":"scroll","background-type":"","background-media":"","overlay-type":"","overlay-color":"","overlay-opacity":"","overlay-gradient":""},"mobile":{"background-color":"","background-image":"","background-repeat":"repeat","background-position":"center center","background-size":"auto","background-attachment":"scroll","background-type":"","background-media":"","overlay-type":"","overlay-color":"","overlay-opacity":"","overlay-gradient":""}},"ast-content-background-meta":{"desktop":{"background-color":"var(--ast-global-color-5)","background-image":"","background-repeat":"repeat","background-position":"center center","background-size":"auto","background-attachment":"scroll","background-type":"","background-media":"","overlay-type":"","overlay-color":"","overlay-opacity":"","overlay-gradient":""},"tablet":{"background-color":"var(--ast-global-color-5)","background-image":"","background-repeat":"repeat","background-position":"center center","background-size":"auto","background-attachment":"scroll","background-type":"","background-media":"","overlay-type":"","overlay-color":"","overlay-opacity":"","overlay-gradient":""},"mobile":{"background-color":"var(--ast-global-color-5)","background-image":"","background-repeat":"repeat","background-position":"center center","background-size":"auto","background-attachment":"scroll","background-type":"","background-media":"","overlay-type":"","overlay-color":"","overlay-opacity":"","overlay-gradient":""}}},"product_brand":[],"product_cat":[57],"product_tag":[],"class_list":{"0":"post-10991","1":"product","2":"type-product","3":"status-publish","4":"has-post-thumbnail","6":"product_cat-cortenstaal-plantenbakken","7":"product_shipping_class-fritom","8":"desktop-align-left","9":"tablet-align-left","10":"mobile-align-left","12":"first","13":"instock","14":"featured","15":"taxable","16":"shipping-taxable","17":"purchasable","18":"product-type-variable"},"yoast_head":"<!-- This site is optimized with the Yoast SEO plugin v27.4 - https:\/\/yoast.com\/product\/yoast-seo-wordpress\/ -->\n<title>Aluminium plantenbak TAP, goedkoop bij cortenstaalverkoop.nl<\/title>\n<meta name=\"description\" content=\"\u2705 Aluminium plantenbak TAP, diverse maten.\u2705 beste kwaliteit \u2705 5 jaar garantie! Bestel uw aluminium plantenbak TAP goedkoop bij cortenstaalverkoop.nl\" \/>\n<meta name=\"robots\" content=\"index, follow, max-snippet:-1, max-image-preview:large, max-video-preview:-1\" \/>\n<link rel=\"canonical\" href=\"https:\/\/cortenstaalverkoop.nl\/da\/vare\/aluminium-plantenbak-tap\/\" \/>\n<meta property=\"og:locale\" content=\"da_DK\" \/>\n<meta property=\"og:type\" content=\"article\" \/>\n<meta property=\"og:title\" content=\"Aluminium plantenbak TAP, goedkoop bij cortenstaalverkoop.nl\" \/>\n<meta property=\"og:description\" content=\"\u2705 Aluminium plantenbak TAP, diverse maten.\u2705 beste kwaliteit \u2705 5 jaar garantie! Bestel uw aluminium plantenbak TAP goedkoop bij cortenstaalverkoop.nl\" \/>\n<meta property=\"og:url\" content=\"https:\/\/cortenstaalverkoop.nl\/da\/vare\/aluminium-plantenbak-tap\/\" \/>\n<meta property=\"og:site_name\" content=\"Cortenstaalverkoop.nl\" \/>\n<meta property=\"article:modified_time\" content=\"2026-04-11T11:41:31+00:00\" \/>\n<meta property=\"og:image\" content=\"https:\/\/cortenstaalverkoop.nl\/wp-content\/uploads\/2026\/03\/AOT9-50x50x100.webp\" \/>\n\t<meta property=\"og:image:width\" content=\"699\" \/>\n\t<meta property=\"og:image:height\" content=\"699\" \/>\n\t<meta property=\"og:image:type\" content=\"image\/webp\" \/>\n<meta name=\"twitter:card\" content=\"summary_large_image\" \/>\n<meta name=\"twitter:label1\" content=\"Estimeret l\u00e6setid\" \/>\n\t<meta name=\"twitter:data1\" content=\"3 minutter\" \/>\n<script type=\"application\/ld+json\" class=\"yoast-schema-graph\">{\"@context\":\"https:\\\/\\\/schema.org\",\"@graph\":[{\"@type\":\"WebPage\",\"@id\":\"https:\\\/\\\/cortenstaalverkoop.nl\\\/product\\\/aluminium-plantenbak-tap\\\/\",\"url\":\"https:\\\/\\\/cortenstaalverkoop.nl\\\/product\\\/aluminium-plantenbak-tap\\\/\",\"name\":\"Aluminium plantenbak TAP, goedkoop bij cortenstaalverkoop.nl\",\"isPartOf\":{\"@id\":\"https:\\\/\\\/cortenstaalverkoop.nl\\\/#website\"},\"primaryImageOfPage\":{\"@id\":\"https:\\\/\\\/cortenstaalverkoop.nl\\\/product\\\/aluminium-plantenbak-tap\\\/#primaryimage\"},\"image\":{\"@id\":\"https:\\\/\\\/cortenstaalverkoop.nl\\\/product\\\/aluminium-plantenbak-tap\\\/#primaryimage\"},\"thumbnailUrl\":\"https:\\\/\\\/cortenstaalverkoop.nl\\\/wp-content\\\/uploads\\\/2026\\\/03\\\/AOT9-50x50x100.webp\",\"datePublished\":\"2026-03-11T14:40:45+00:00\",\"dateModified\":\"2026-04-11T11:41:31+00:00\",\"description\":\"\u2705 Aluminium plantenbak TAP, diverse maten.\u2705 beste kwaliteit \u2705 5 jaar garantie! Bestel uw aluminium plantenbak TAP goedkoop bij cortenstaalverkoop.nl\",\"breadcrumb\":{\"@id\":\"https:\\\/\\\/cortenstaalverkoop.nl\\\/product\\\/aluminium-plantenbak-tap\\\/#breadcrumb\"},\"inLanguage\":\"da-DK\",\"potentialAction\":[{\"@type\":\"ReadAction\",\"target\":[\"https:\\\/\\\/cortenstaalverkoop.nl\\\/product\\\/aluminium-plantenbak-tap\\\/\"]}]},{\"@type\":\"ImageObject\",\"inLanguage\":\"da-DK\",\"@id\":\"https:\\\/\\\/cortenstaalverkoop.nl\\\/product\\\/aluminium-plantenbak-tap\\\/#primaryimage\",\"url\":\"https:\\\/\\\/cortenstaalverkoop.nl\\\/wp-content\\\/uploads\\\/2026\\\/03\\\/AOT9-50x50x100.webp\",\"contentUrl\":\"https:\\\/\\\/cortenstaalverkoop.nl\\\/wp-content\\\/uploads\\\/2026\\\/03\\\/AOT9-50x50x100.webp\",\"width\":699,\"height\":699,\"caption\":\"Aluminium plantenbak TAP\"},{\"@type\":\"BreadcrumbList\",\"@id\":\"https:\\\/\\\/cortenstaalverkoop.nl\\\/product\\\/aluminium-plantenbak-tap\\\/#breadcrumb\",\"itemListElement\":[{\"@type\":\"ListItem\",\"position\":1,\"name\":\"Home\",\"item\":\"https:\\\/\\\/cortenstaalverkoop.nl\\\/\"},{\"@type\":\"ListItem\",\"position\":2,\"name\":\"Assortiment\",\"item\":\"https:\\\/\\\/cortenstaalverkoop.nl\\\/assortiment-cortenstaal\\\/\"},{\"@type\":\"ListItem\",\"position\":3,\"name\":\"Aluminium plantenbak TAP\"}]},{\"@type\":\"WebSite\",\"@id\":\"https:\\\/\\\/cortenstaalverkoop.nl\\\/#website\",\"url\":\"https:\\\/\\\/cortenstaalverkoop.nl\\\/\",\"name\":\"Cortenstaalverkoop.nl\",\"description\":\"de cortenstaal specialist!\",\"publisher\":{\"@id\":\"https:\\\/\\\/cortenstaalverkoop.nl\\\/#organization\"},\"potentialAction\":[{\"@type\":\"SearchAction\",\"target\":{\"@type\":\"EntryPoint\",\"urlTemplate\":\"https:\\\/\\\/cortenstaalverkoop.nl\\\/?s={search_term_string}\"},\"query-input\":{\"@type\":\"PropertyValueSpecification\",\"valueRequired\":true,\"valueName\":\"search_term_string\"}}],\"inLanguage\":\"da-DK\"},{\"@type\":\"Organization\",\"@id\":\"https:\\\/\\\/cortenstaalverkoop.nl\\\/#organization\",\"name\":\"Cortenstaalverkoop.nl\",\"url\":\"https:\\\/\\\/cortenstaalverkoop.nl\\\/\",\"logo\":{\"@type\":\"ImageObject\",\"inLanguage\":\"da-DK\",\"@id\":\"https:\\\/\\\/cortenstaalverkoop.nl\\\/#\\\/schema\\\/logo\\\/image\\\/\",\"url\":\"https:\\\/\\\/cortenstaalverkoop.nl\\\/wp-content\\\/uploads\\\/2019\\\/11\\\/cortenstaal-logo-1.png\",\"contentUrl\":\"https:\\\/\\\/cortenstaalverkoop.nl\\\/wp-content\\\/uploads\\\/2019\\\/11\\\/cortenstaal-logo-1.png\",\"width\":480,\"height\":163,\"caption\":\"Cortenstaalverkoop.nl\"},\"image\":{\"@id\":\"https:\\\/\\\/cortenstaalverkoop.nl\\\/#\\\/schema\\\/logo\\\/image\\\/\"}}]}<\/script>\n<!-- \/ Yoast SEO plugin. -->","yoast_head_json":{"title":"Aluminium plantenbak TAP, goedkoop bij cortenstaalverkoop.nl","description":"\u2705 Aluminium plantenbak TAP, diverse maten.\u2705 beste kwaliteit \u2705 5 jaar garantie! Bestel uw aluminium plantenbak TAP goedkoop bij cortenstaalverkoop.nl","robots":{"index":"index","follow":"follow","max-snippet":"max-snippet:-1","max-image-preview":"max-image-preview:large","max-video-preview":"max-video-preview:-1"},"canonical":"https:\/\/cortenstaalverkoop.nl\/da\/vare\/aluminium-plantenbak-tap\/","og_locale":"da_DK","og_type":"article","og_title":"Aluminium plantenbak TAP, goedkoop bij cortenstaalverkoop.nl","og_description":"\u2705 Aluminium plantenbak TAP, diverse maten.\u2705 beste kwaliteit \u2705 5 jaar garantie! Bestel uw aluminium plantenbak TAP goedkoop bij cortenstaalverkoop.nl","og_url":"https:\/\/cortenstaalverkoop.nl\/da\/vare\/aluminium-plantenbak-tap\/","og_site_name":"Cortenstaalverkoop.nl","article_modified_time":"2026-04-11T11:41:31+00:00","og_image":[{"width":699,"height":699,"url":"https:\/\/cortenstaalverkoop.nl\/wp-content\/uploads\/2026\/03\/AOT9-50x50x100.webp","type":"image\/webp"}],"twitter_card":"summary_large_image","twitter_misc":{"Estimeret l\u00e6setid":"3 minutter"},"schema":{"@context":"https:\/\/schema.org","@graph":[{"@type":"WebPage","@id":"https:\/\/cortenstaalverkoop.nl\/product\/aluminium-plantenbak-tap\/","url":"https:\/\/cortenstaalverkoop.nl\/product\/aluminium-plantenbak-tap\/","name":"Aluminium plantenbak TAP, goedkoop bij cortenstaalverkoop.nl","isPartOf":{"@id":"https:\/\/cortenstaalverkoop.nl\/#website"},"primaryImageOfPage":{"@id":"https:\/\/cortenstaalverkoop.nl\/product\/aluminium-plantenbak-tap\/#primaryimage"},"image":{"@id":"https:\/\/cortenstaalverkoop.nl\/product\/aluminium-plantenbak-tap\/#primaryimage"},"thumbnailUrl":"https:\/\/cortenstaalverkoop.nl\/wp-content\/uploads\/2026\/03\/AOT9-50x50x100.webp","datePublished":"2026-03-11T14:40:45+00:00","dateModified":"2026-04-11T11:41:31+00:00","description":"\u2705 Aluminium plantenbak TAP, diverse maten.\u2705 beste kwaliteit \u2705 5 jaar garantie! Bestel uw aluminium plantenbak TAP goedkoop bij cortenstaalverkoop.nl","breadcrumb":{"@id":"https:\/\/cortenstaalverkoop.nl\/product\/aluminium-plantenbak-tap\/#breadcrumb"},"inLanguage":"da-DK","potentialAction":[{"@type":"ReadAction","target":["https:\/\/cortenstaalverkoop.nl\/product\/aluminium-plantenbak-tap\/"]}]},{"@type":"ImageObject","inLanguage":"da-DK","@id":"https:\/\/cortenstaalverkoop.nl\/product\/aluminium-plantenbak-tap\/#primaryimage","url":"https:\/\/cortenstaalverkoop.nl\/wp-content\/uploads\/2026\/03\/AOT9-50x50x100.webp","contentUrl":"https:\/\/cortenstaalverkoop.nl\/wp-content\/uploads\/2026\/03\/AOT9-50x50x100.webp","width":699,"height":699,"caption":"Aluminium plantenbak TAP"},{"@type":"BreadcrumbList","@id":"https:\/\/cortenstaalverkoop.nl\/product\/aluminium-plantenbak-tap\/#breadcrumb","itemListElement":[{"@type":"ListItem","position":1,"name":"Home","item":"https:\/\/cortenstaalverkoop.nl\/"},{"@type":"ListItem","position":2,"name":"Assortiment","item":"https:\/\/cortenstaalverkoop.nl\/assortiment-cortenstaal\/"},{"@type":"ListItem","position":3,"name":"Aluminium plantenbak TAP"}]},{"@type":"WebSite","@id":"https:\/\/cortenstaalverkoop.nl\/#website","url":"https:\/\/cortenstaalverkoop.nl\/","name":"Cortenstaalverkoop.nl","description":"den cortenstaal specialist!","publisher":{"@id":"https:\/\/cortenstaalverkoop.nl\/#organization"},"potentialAction":[{"@type":"SearchAction","target":{"@type":"EntryPoint","urlTemplate":"https:\/\/cortenstaalverkoop.nl\/?s={search_term_string}"},"query-input":{"@type":"PropertyValueSpecification","valueRequired":true,"valueName":"search_term_string"}}],"inLanguage":"da-DK"},{"@type":"Organization","@id":"https:\/\/cortenstaalverkoop.nl\/#organization","name":"Cortenstaalverkoop.nl","url":"https:\/\/cortenstaalverkoop.nl\/","logo":{"@type":"ImageObject","inLanguage":"da-DK","@id":"https:\/\/cortenstaalverkoop.nl\/#\/schema\/logo\/image\/","url":"https:\/\/cortenstaalverkoop.nl\/wp-content\/uploads\/2019\/11\/cortenstaal-logo-1.png","contentUrl":"https:\/\/cortenstaalverkoop.nl\/wp-content\/uploads\/2019\/11\/cortenstaal-logo-1.png","width":480,"height":163,"caption":"Cortenstaalverkoop.nl"},"image":{"@id":"https:\/\/cortenstaalverkoop.nl\/#\/schema\/logo\/image\/"}}]}},"_links":{"self":[{"href":"https:\/\/cortenstaalverkoop.nl\/da\/wp-json\/wp\/v2\/product\/10991","targetHints":{"allow":["GET"]}}],"collection":[{"href":"https:\/\/cortenstaalverkoop.nl\/da\/wp-json\/wp\/v2\/product"}],"about":[{"href":"https:\/\/cortenstaalverkoop.nl\/da\/wp-json\/wp\/v2\/types\/product"}],"version-history":[{"count":1,"href":"https:\/\/cortenstaalverkoop.nl\/da\/wp-json\/wp\/v2\/product\/10991\/revisions"}],"predecessor-version":[{"id":10992,"href":"https:\/\/cortenstaalverkoop.nl\/da\/wp-json\/wp\/v2\/product\/10991\/revisions\/10992"}],"wp:featuredmedia":[{"embeddable":true,"href":"https:\/\/cortenstaalverkoop.nl\/da\/wp-json\/wp\/v2\/media\/11007"}],"wp:attachment":[{"href":"https:\/\/cortenstaalverkoop.nl\/da\/wp-json\/wp\/v2\/media?parent=10991"}],"wp:term":[{"taxonomy":"product_brand","embeddable":true,"href":"https:\/\/cortenstaalverkoop.nl\/da\/wp-json\/wp\/v2\/product_brand?post=10991"},{"taxonomy":"product_cat","embeddable":true,"href":"https:\/\/cortenstaalverkoop.nl\/da\/wp-json\/wp\/v2\/product_cat?post=10991"},{"taxonomy":"product_tag","embeddable":true,"href":"https:\/\/cortenstaalverkoop.nl\/da\/wp-json\/wp\/v2\/product_tag?post=10991"}],"curies":[{"name":"wp","href":"https:\/\/api.w.org\/{rel}","templated":true}]}}