{"id":11031,"date":"2026-03-17T11:45:23","date_gmt":"2026-03-17T10:45:23","guid":{"rendered":"https:\/\/cortenstaalverkoop.nl\/?post_type=product&#038;p=11031"},"modified":"2026-04-15T09:40:32","modified_gmt":"2026-04-15T07:40:32","slug":"aluminium-pakketbrievenbus","status":"publish","type":"product","link":"https:\/\/cortenstaalverkoop.nl\/da\/product\/aluminium-pakketbrievenbus\/","title":{"rendered":"Aluminium pakkepostkasse Case"},"content":{"rendered":"<h3 data-start=\"86\" data-end=\"516\">Aluminium pakkepostkasse Case har en stilfuld industriel design.<\/h3>\n<p data-start=\"86\" data-end=\"516\">Aluminium pakkepostkasse Case sagen derfor passer perfekt til dit hjem eller kontor.<\/p>\n<p data-start=\"86\" data-end=\"516\">Derudover kan du v\u00e6lge mellem to modeller i vores samling: Aluminium pakkepostkasse Case og Paca. Den Paca er bredere variant af sagen. Et andet plus er, at l\u00e5get d\u00e6kker kanten af regn. Dette g\u00f8r Sagen kommer til sin ret i enhver have.<\/p>\n<p data-start=\"518\" data-end=\"814\">Levering person \u00e5bner l\u00e5get af postkassen og s\u00e6tter pakke i boksen. N\u00e5r levering person lukker l\u00e5get, pakken automatisk falder ned. P\u00e5 samme tid, den \u00f8verste lukker automatisk, skal du holde din pakke er godt beskyttet. S\u00e5 kan du nemt tage pakken ud af postkassen via afl\u00e5selig d\u00f8r.<\/p>\n<p data-start=\"816\" data-end=\"1197\">Derudover kan du fuldt ud tilpasse aluminium pakkepostkasse Case med <a href=\"https:\/\/cortenstaalverkoop.nl\/product\/cortenstaal-en-rvs-cijfers\/\" target=\"_blank\" rel=\"noopener\">Tallene<\/a>\u00a0og\u00a0<a href=\"https:\/\/cortenstaalverkoop.nl\/product\/cortenstaal-en-rvs-letters\/\" target=\"_blank\" rel=\"noopener\">bogstaverne<\/a>\u00a0lavet af rustfrit st\u00e5l eller Corten st\u00e5l. Du skal blot holde den p\u00e5 det \u00f8nskede sted (lim er inkluderet, n\u00e5r du bestiller bogstaver\/tal). Hertil kommer, at alle postkasser er udstyret med en afl\u00e5selig d\u00f8r, og du vil modtage to taster som standard. Du vil finde disse n\u00f8gler er knyttet til bunden af postkassen.<\/p>\n<p data-start=\"1199\" data-end=\"1405\">Efter aluminium postkassen er fremstillet, det modtager en r\u00e6kke post-processing. S\u00e5ledes, det materiale, der er gjort ru for bedre vedh\u00e6ftning af pulverlak. Den pulverlakering er tilg\u00e6ngelige i forskellige farver og p\u00e5f\u00f8res med en st\u00e6rkt kl\u00e6bende primer. Endelig, den postkasse, som bliver behandlet med en h\u00e5rdt \u00f8verste lag. Dette sikrer, at PACA postkasse er ridsefast.<\/p>\n<p data-start=\"1407\" data-end=\"1506\"><strong data-start=\"1407\" data-end=\"1463\">Tilbud, tal og bogstaver (rustfrit st\u00e5l og Corten st\u00e5l):<\/strong><br data-start=\"1463\" data-end=\"1466\" \/>0, 1, 2, 3, 4, 5, 6, 7, 8, 9, A, B, C, D<\/p>\n<h4 data-start=\"1508\" data-end=\"1542\"><strong data-start=\"1508\" data-end=\"1542\">Egenskaber af aluminium:<\/strong><\/h4>\n<ul data-start=\"1543\" data-end=\"1766\">\n<li data-section-id=\"1g063gw\" data-start=\"1543\" data-end=\"1592\">\n<p data-start=\"1545\" data-end=\"1592\">F\u00f8rst: meget kraftig, slidst\u00e6rk og holdbar<\/p>\n<\/li>\n<li data-section-id=\"1q0ztsa\" data-start=\"1593\" data-end=\"1638\">\n<p data-start=\"1595\" data-end=\"1638\">Pulverlak med en st\u00e6rk lim primer.<\/p>\n<\/li>\n<li data-section-id=\"lxqbka\" data-start=\"1639\" data-end=\"1677\">\n<p data-start=\"1641\" data-end=\"1677\">Derudover: vejrbestandigt materiale<\/p>\n<\/li>\n<li data-section-id=\"ad8j3a\" data-start=\"1678\" data-end=\"1719\">\n<p data-start=\"1680\" data-end=\"1719\">Slut af med en h\u00e5rd top coat.<\/p>\n<\/li>\n<li data-section-id=\"bin0s5\" data-start=\"1720\" data-end=\"1766\">\n<p data-start=\"1722\" data-end=\"1766\">Endelig: 5 \u00e5r garanti og lav vedligeholdelse<\/p>\n<\/li>\n<\/ul>\n<h5>Oplysninger om produktet cortenstaal:<\/h5>\n<p><a href=\"https:\/\/nl.wikipedia.org\/wiki\/Cortenstaal\" target=\"_blank\" rel=\"noopener noreferrer\">Cor-Ten st\u00e5l<\/a> ogs\u00e5 kendt som vejrbestandigt st\u00e5l. Det er et metal, en legering, der best\u00e5r af jern, som kobber, silicium, nikkel og chrom er tilf\u00f8jet. Corten st\u00e5l er en meget st\u00e6rk type af st\u00e5l. Fordi det har den egenskab, at d\u00e6kke sig med et beskyttende lag rust, n\u00e5r de uds\u00e6ttes for luft udefra. Denne naturlige solidt rust lag danner beskyttelse mod yderligere korrosion.<\/p>","protected":false},"excerpt":{"rendered":"<p>Dimensionerne af denne aluminium pakkepostkasse Case er 50 x 40 x 120 cm. Den maksimale pakke st\u00f8rrelse til denne postkasse er 40 x 30 x 25 cm. Throw-in er en \u00e5bning i toppen, de d\u00f8r med l\u00e5s og n\u00f8gler p\u00e5 bagsiden. Den <a href=\"https:\/\/cortenstaalverkoop.nl\/product\/cortenstaal-en-rvs-huisnummer-cijfers\/\" target=\"_blank\" rel=\"noopener\">Tallene<\/a> og <a href=\"https:\/\/cortenstaalverkoop.nl\/product\/cortenstaal-en-rvs-huisnummers-letters\/\" target=\"_blank\" rel=\"noopener\">bogstaverne<\/a> f\u00e5s i cortenst\u00e5l og rustfrit st\u00e5l: 0, 1, 2, 3, 4, 5, 6, 7, 8, 9, A, B, C, D<\/p>\n<p><strong>Fordele:<\/strong><\/p>\n<ul>\n<li>Meget kraftige, slidst\u00e6rke og holdbare materialer<\/li>\n<li>Udstyret med en bl\u00f8d, \u00e5ben og anti-tyveri-system.<\/li>\n<li>Materiale tykkelse af aluminium 3 mm.<\/li>\n<li>Slut af med en h\u00e5rd top coat.<\/li>\n<li>Standard RAL-farver RAL 7016, RAL 7021, RAL 9005, og RAL 9016. For andre farver, start-up omkostninger er beregnet.<\/li>\n<li>5 \u00e5rs garanti!<\/li>\n<\/ul>\n<p>Sp\u00f8rg om leveringstidspunktet!<\/p>","protected":false},"featured_media":11032,"template":"","meta":{"site-sidebar-layout":"default","site-content-layout":"default","ast-site-content-layout":"default","site-content-style":"default","site-sidebar-style":"default","ast-global-header-display":"","ast-banner-title-visibility":"","ast-main-header-display":"","ast-hfb-above-header-display":"","ast-hfb-below-header-display":"","ast-hfb-mobile-header-display":"","site-post-title":"","ast-breadcrumbs-content":"","ast-featured-img":"","footer-sml-layout":"","ast-disable-related-posts":"","theme-transparent-header-meta":"default","adv-header-id-meta":"","stick-header-meta":"","header-above-stick-meta":"","header-main-stick-meta":"","header-below-stick-meta":"","astra-migrate-meta-layouts":"set","ast-page-background-enabled":"default","ast-page-background-meta":{"desktop":{"background-color":"","background-image":"","background-repeat":"repeat","background-position":"center center","background-size":"auto","background-attachment":"scroll","background-type":"","background-media":"","overlay-type":"","overlay-color":"","overlay-opacity":"","overlay-gradient":""},"tablet":{"background-color":"","background-image":"","background-repeat":"repeat","background-position":"center center","background-size":"auto","background-attachment":"scroll","background-type":"","background-media":"","overlay-type":"","overlay-color":"","overlay-opacity":"","overlay-gradient":""},"mobile":{"background-color":"","background-image":"","background-repeat":"repeat","background-position":"center center","background-size":"auto","background-attachment":"scroll","background-type":"","background-media":"","overlay-type":"","overlay-color":"","overlay-opacity":"","overlay-gradient":""}},"ast-content-background-meta":{"desktop":{"background-color":"var(--ast-global-color-5)","background-image":"","background-repeat":"repeat","background-position":"center center","background-size":"auto","background-attachment":"scroll","background-type":"","background-media":"","overlay-type":"","overlay-color":"","overlay-opacity":"","overlay-gradient":""},"tablet":{"background-color":"var(--ast-global-color-5)","background-image":"","background-repeat":"repeat","background-position":"center center","background-size":"auto","background-attachment":"scroll","background-type":"","background-media":"","overlay-type":"","overlay-color":"","overlay-opacity":"","overlay-gradient":""},"mobile":{"background-color":"var(--ast-global-color-5)","background-image":"","background-repeat":"repeat","background-position":"center center","background-size":"auto","background-attachment":"scroll","background-type":"","background-media":"","overlay-type":"","overlay-color":"","overlay-opacity":"","overlay-gradient":""}}},"product_brand":[],"product_cat":[61],"product_tag":[],"class_list":{"0":"post-11031","1":"product","2":"type-product","3":"status-publish","4":"has-post-thumbnail","6":"product_cat-cortenstaal-tuininrichting","7":"product_shipping_class-fritom","8":"desktop-align-left","9":"tablet-align-left","10":"mobile-align-left","12":"first","13":"instock","14":"taxable","15":"shipping-taxable","16":"purchasable","17":"product-type-simple"},"yoast_head":"<!-- This site is optimized with the Yoast SEO plugin v27.4 - https:\/\/yoast.com\/product\/yoast-seo-wordpress\/ -->\n<title>Aluminium pakketbrievenbus Case, koopt u: cortenstaalverkoop.nl<\/title>\n<meta name=\"description\" content=\"\u2705 Aluminium pakketbrievenbus Case \u2705 de beste kwaliteit \u2705 5 jaar garantie! Bestel uw pakketbrievenbus goedkoop bij cortenstaalverkoop.nl\" \/>\n<meta name=\"robots\" content=\"index, follow, max-snippet:-1, max-image-preview:large, max-video-preview:-1\" \/>\n<link rel=\"canonical\" href=\"https:\/\/cortenstaalverkoop.nl\/da\/vare\/aluminium-pakketbrievenbus\/\" \/>\n<meta property=\"og:locale\" content=\"da_DK\" \/>\n<meta property=\"og:type\" content=\"article\" \/>\n<meta property=\"og:title\" content=\"Aluminium pakketbrievenbus Case, koopt u: cortenstaalverkoop.nl\" \/>\n<meta property=\"og:description\" content=\"\u2705 Aluminium pakketbrievenbus Case \u2705 de beste kwaliteit \u2705 5 jaar garantie! Bestel uw pakketbrievenbus goedkoop bij cortenstaalverkoop.nl\" \/>\n<meta property=\"og:url\" content=\"https:\/\/cortenstaalverkoop.nl\/da\/vare\/aluminium-pakketbrievenbus\/\" \/>\n<meta property=\"og:site_name\" content=\"Cortenstaalverkoop.nl\" \/>\n<meta property=\"article:modified_time\" content=\"2026-04-15T07:40:32+00:00\" \/>\n<meta property=\"og:image\" content=\"https:\/\/cortenstaalverkoop.nl\/wp-content\/uploads\/2026\/03\/brievenbus-Case-Alu.png\" \/>\n\t<meta property=\"og:image:width\" content=\"699\" \/>\n\t<meta property=\"og:image:height\" content=\"699\" \/>\n\t<meta property=\"og:image:type\" content=\"image\/png\" \/>\n<meta name=\"twitter:card\" content=\"summary_large_image\" \/>\n<meta name=\"twitter:label1\" content=\"Estimeret l\u00e6setid\" \/>\n\t<meta name=\"twitter:data1\" content=\"3 minutter\" \/>\n<script type=\"application\/ld+json\" class=\"yoast-schema-graph\">{\"@context\":\"https:\\\/\\\/schema.org\",\"@graph\":[{\"@type\":\"WebPage\",\"@id\":\"https:\\\/\\\/cortenstaalverkoop.nl\\\/product\\\/aluminium-pakketbrievenbus\\\/\",\"url\":\"https:\\\/\\\/cortenstaalverkoop.nl\\\/product\\\/aluminium-pakketbrievenbus\\\/\",\"name\":\"Aluminium pakketbrievenbus Case, koopt u: cortenstaalverkoop.nl\",\"isPartOf\":{\"@id\":\"https:\\\/\\\/cortenstaalverkoop.nl\\\/#website\"},\"primaryImageOfPage\":{\"@id\":\"https:\\\/\\\/cortenstaalverkoop.nl\\\/product\\\/aluminium-pakketbrievenbus\\\/#primaryimage\"},\"image\":{\"@id\":\"https:\\\/\\\/cortenstaalverkoop.nl\\\/product\\\/aluminium-pakketbrievenbus\\\/#primaryimage\"},\"thumbnailUrl\":\"https:\\\/\\\/cortenstaalverkoop.nl\\\/wp-content\\\/uploads\\\/2026\\\/03\\\/brievenbus-Case-Alu.png\",\"datePublished\":\"2026-03-17T10:45:23+00:00\",\"dateModified\":\"2026-04-15T07:40:32+00:00\",\"description\":\"\u2705 Aluminium pakketbrievenbus Case \u2705 de beste kwaliteit \u2705 5 jaar garantie! Bestel uw pakketbrievenbus goedkoop bij cortenstaalverkoop.nl\",\"breadcrumb\":{\"@id\":\"https:\\\/\\\/cortenstaalverkoop.nl\\\/product\\\/aluminium-pakketbrievenbus\\\/#breadcrumb\"},\"inLanguage\":\"da-DK\",\"potentialAction\":[{\"@type\":\"ReadAction\",\"target\":[\"https:\\\/\\\/cortenstaalverkoop.nl\\\/product\\\/aluminium-pakketbrievenbus\\\/\"]}]},{\"@type\":\"ImageObject\",\"inLanguage\":\"da-DK\",\"@id\":\"https:\\\/\\\/cortenstaalverkoop.nl\\\/product\\\/aluminium-pakketbrievenbus\\\/#primaryimage\",\"url\":\"https:\\\/\\\/cortenstaalverkoop.nl\\\/wp-content\\\/uploads\\\/2026\\\/03\\\/brievenbus-Case-Alu.png\",\"contentUrl\":\"https:\\\/\\\/cortenstaalverkoop.nl\\\/wp-content\\\/uploads\\\/2026\\\/03\\\/brievenbus-Case-Alu.png\",\"width\":699,\"height\":699,\"caption\":\"Aluminium pakketbrievenbus Case\"},{\"@type\":\"BreadcrumbList\",\"@id\":\"https:\\\/\\\/cortenstaalverkoop.nl\\\/product\\\/aluminium-pakketbrievenbus\\\/#breadcrumb\",\"itemListElement\":[{\"@type\":\"ListItem\",\"position\":1,\"name\":\"Home\",\"item\":\"https:\\\/\\\/cortenstaalverkoop.nl\\\/\"},{\"@type\":\"ListItem\",\"position\":2,\"name\":\"Assortiment\",\"item\":\"https:\\\/\\\/cortenstaalverkoop.nl\\\/assortiment-cortenstaal\\\/\"},{\"@type\":\"ListItem\",\"position\":3,\"name\":\"Aluminium pakketbrievenbus Case\"}]},{\"@type\":\"WebSite\",\"@id\":\"https:\\\/\\\/cortenstaalverkoop.nl\\\/#website\",\"url\":\"https:\\\/\\\/cortenstaalverkoop.nl\\\/\",\"name\":\"Cortenstaalverkoop.nl\",\"description\":\"de cortenstaal specialist!\",\"publisher\":{\"@id\":\"https:\\\/\\\/cortenstaalverkoop.nl\\\/#organization\"},\"potentialAction\":[{\"@type\":\"SearchAction\",\"target\":{\"@type\":\"EntryPoint\",\"urlTemplate\":\"https:\\\/\\\/cortenstaalverkoop.nl\\\/?s={search_term_string}\"},\"query-input\":{\"@type\":\"PropertyValueSpecification\",\"valueRequired\":true,\"valueName\":\"search_term_string\"}}],\"inLanguage\":\"da-DK\"},{\"@type\":\"Organization\",\"@id\":\"https:\\\/\\\/cortenstaalverkoop.nl\\\/#organization\",\"name\":\"Cortenstaalverkoop.nl\",\"url\":\"https:\\\/\\\/cortenstaalverkoop.nl\\\/\",\"logo\":{\"@type\":\"ImageObject\",\"inLanguage\":\"da-DK\",\"@id\":\"https:\\\/\\\/cortenstaalverkoop.nl\\\/#\\\/schema\\\/logo\\\/image\\\/\",\"url\":\"https:\\\/\\\/cortenstaalverkoop.nl\\\/wp-content\\\/uploads\\\/2019\\\/11\\\/cortenstaal-logo-1.png\",\"contentUrl\":\"https:\\\/\\\/cortenstaalverkoop.nl\\\/wp-content\\\/uploads\\\/2019\\\/11\\\/cortenstaal-logo-1.png\",\"width\":480,\"height\":163,\"caption\":\"Cortenstaalverkoop.nl\"},\"image\":{\"@id\":\"https:\\\/\\\/cortenstaalverkoop.nl\\\/#\\\/schema\\\/logo\\\/image\\\/\"}}]}<\/script>\n<!-- \/ Yoast SEO plugin. -->","yoast_head_json":{"title":"Aluminium parcel postkasse Tilf\u00e6ldet, skal du k\u00f8be: cortenstaalverkoop.nl","description":"\u2705 Aluminium parcel postkasse tilf\u00e6lde \u2705 den bedste kvalitet \u2705 5 \u00e5rs garanti! Bestil din pakke postkasse billige cortenstaalverkoop.nl","robots":{"index":"index","follow":"follow","max-snippet":"max-snippet:-1","max-image-preview":"max-image-preview:large","max-video-preview":"max-video-preview:-1"},"canonical":"https:\/\/cortenstaalverkoop.nl\/da\/vare\/aluminium-pakketbrievenbus\/","og_locale":"da_DK","og_type":"article","og_title":"Aluminium pakketbrievenbus Case, koopt u: cortenstaalverkoop.nl","og_description":"\u2705 Aluminium pakketbrievenbus Case \u2705 de beste kwaliteit \u2705 5 jaar garantie! Bestel uw pakketbrievenbus goedkoop bij cortenstaalverkoop.nl","og_url":"https:\/\/cortenstaalverkoop.nl\/da\/vare\/aluminium-pakketbrievenbus\/","og_site_name":"Cortenstaalverkoop.nl","article_modified_time":"2026-04-15T07:40:32+00:00","og_image":[{"width":699,"height":699,"url":"https:\/\/cortenstaalverkoop.nl\/wp-content\/uploads\/2026\/03\/brievenbus-Case-Alu.png","type":"image\/png"}],"twitter_card":"summary_large_image","twitter_misc":{"Estimeret l\u00e6setid":"3 minutter"},"schema":{"@context":"https:\/\/schema.org","@graph":[{"@type":"WebPage","@id":"https:\/\/cortenstaalverkoop.nl\/product\/aluminium-pakketbrievenbus\/","url":"https:\/\/cortenstaalverkoop.nl\/product\/aluminium-pakketbrievenbus\/","name":"Aluminium parcel postkasse Tilf\u00e6ldet, skal du k\u00f8be: cortenstaalverkoop.nl","isPartOf":{"@id":"https:\/\/cortenstaalverkoop.nl\/#website"},"primaryImageOfPage":{"@id":"https:\/\/cortenstaalverkoop.nl\/product\/aluminium-pakketbrievenbus\/#primaryimage"},"image":{"@id":"https:\/\/cortenstaalverkoop.nl\/product\/aluminium-pakketbrievenbus\/#primaryimage"},"thumbnailUrl":"https:\/\/cortenstaalverkoop.nl\/wp-content\/uploads\/2026\/03\/brievenbus-Case-Alu.png","datePublished":"2026-03-17T10:45:23+00:00","dateModified":"2026-04-15T07:40:32+00:00","description":"\u2705 Aluminium parcel postkasse tilf\u00e6lde \u2705 den bedste kvalitet \u2705 5 \u00e5rs garanti! Bestil din pakke postkasse billige cortenstaalverkoop.nl","breadcrumb":{"@id":"https:\/\/cortenstaalverkoop.nl\/product\/aluminium-pakketbrievenbus\/#breadcrumb"},"inLanguage":"da-DK","potentialAction":[{"@type":"ReadAction","target":["https:\/\/cortenstaalverkoop.nl\/product\/aluminium-pakketbrievenbus\/"]}]},{"@type":"ImageObject","inLanguage":"da-DK","@id":"https:\/\/cortenstaalverkoop.nl\/product\/aluminium-pakketbrievenbus\/#primaryimage","url":"https:\/\/cortenstaalverkoop.nl\/wp-content\/uploads\/2026\/03\/brievenbus-Case-Alu.png","contentUrl":"https:\/\/cortenstaalverkoop.nl\/wp-content\/uploads\/2026\/03\/brievenbus-Case-Alu.png","width":699,"height":699,"caption":"Aluminium pakketbrievenbus Case"},{"@type":"BreadcrumbList","@id":"https:\/\/cortenstaalverkoop.nl\/product\/aluminium-pakketbrievenbus\/#breadcrumb","itemListElement":[{"@type":"ListItem","position":1,"name":"Home","item":"https:\/\/cortenstaalverkoop.nl\/"},{"@type":"ListItem","position":2,"name":"Assortiment","item":"https:\/\/cortenstaalverkoop.nl\/assortiment-cortenstaal\/"},{"@type":"ListItem","position":3,"name":"Aluminium pakketbrievenbus Case"}]},{"@type":"WebSite","@id":"https:\/\/cortenstaalverkoop.nl\/#website","url":"https:\/\/cortenstaalverkoop.nl\/","name":"Cortenstaalverkoop.nl","description":"den cortenstaal specialist!","publisher":{"@id":"https:\/\/cortenstaalverkoop.nl\/#organization"},"potentialAction":[{"@type":"SearchAction","target":{"@type":"EntryPoint","urlTemplate":"https:\/\/cortenstaalverkoop.nl\/?s={search_term_string}"},"query-input":{"@type":"PropertyValueSpecification","valueRequired":true,"valueName":"search_term_string"}}],"inLanguage":"da-DK"},{"@type":"Organization","@id":"https:\/\/cortenstaalverkoop.nl\/#organization","name":"Cortenstaalverkoop.nl","url":"https:\/\/cortenstaalverkoop.nl\/","logo":{"@type":"ImageObject","inLanguage":"da-DK","@id":"https:\/\/cortenstaalverkoop.nl\/#\/schema\/logo\/image\/","url":"https:\/\/cortenstaalverkoop.nl\/wp-content\/uploads\/2019\/11\/cortenstaal-logo-1.png","contentUrl":"https:\/\/cortenstaalverkoop.nl\/wp-content\/uploads\/2019\/11\/cortenstaal-logo-1.png","width":480,"height":163,"caption":"Cortenstaalverkoop.nl"},"image":{"@id":"https:\/\/cortenstaalverkoop.nl\/#\/schema\/logo\/image\/"}}]}},"_links":{"self":[{"href":"https:\/\/cortenstaalverkoop.nl\/da\/wp-json\/wp\/v2\/product\/11031","targetHints":{"allow":["GET"]}}],"collection":[{"href":"https:\/\/cortenstaalverkoop.nl\/da\/wp-json\/wp\/v2\/product"}],"about":[{"href":"https:\/\/cortenstaalverkoop.nl\/da\/wp-json\/wp\/v2\/types\/product"}],"version-history":[{"count":2,"href":"https:\/\/cortenstaalverkoop.nl\/da\/wp-json\/wp\/v2\/product\/11031\/revisions"}],"predecessor-version":[{"id":11184,"href":"https:\/\/cortenstaalverkoop.nl\/da\/wp-json\/wp\/v2\/product\/11031\/revisions\/11184"}],"wp:featuredmedia":[{"embeddable":true,"href":"https:\/\/cortenstaalverkoop.nl\/da\/wp-json\/wp\/v2\/media\/11032"}],"wp:attachment":[{"href":"https:\/\/cortenstaalverkoop.nl\/da\/wp-json\/wp\/v2\/media?parent=11031"}],"wp:term":[{"taxonomy":"product_brand","embeddable":true,"href":"https:\/\/cortenstaalverkoop.nl\/da\/wp-json\/wp\/v2\/product_brand?post=11031"},{"taxonomy":"product_cat","embeddable":true,"href":"https:\/\/cortenstaalverkoop.nl\/da\/wp-json\/wp\/v2\/product_cat?post=11031"},{"taxonomy":"product_tag","embeddable":true,"href":"https:\/\/cortenstaalverkoop.nl\/da\/wp-json\/wp\/v2\/product_tag?post=11031"}],"curies":[{"name":"wp","href":"https:\/\/api.w.org\/{rel}","templated":true}]}}