{"id":11249,"date":"2026-04-23T14:54:50","date_gmt":"2026-04-23T12:54:50","guid":{"rendered":"https:\/\/cortenstaalverkoop.nl\/?post_type=product&#038;p=11249"},"modified":"2026-05-12T10:38:37","modified_gmt":"2026-05-12T08:38:37","slug":"cortenstal-vandfontaene-conic","status":"publish","type":"product","link":"https:\/\/cortenstaalverkoop.nl\/da\/product\/cortenstaal-watertafel-conic\/","title":{"rendered":"Cortenst\u00e5l vandfont\u00e6ne CONIC"},"content":{"rendered":"<div data-elementor-type=\"wp-post\" data-elementor-id=\"11249\" class=\"elementor elementor-11249\">\n\t\t\t\t\t\t<section class=\"elementor-section elementor-top-section elementor-element elementor-element-71a6730d elementor-section-boxed elementor-section-height-default elementor-section-height-default\" data-id=\"71a6730d\" data-element_type=\"section\" data-e-type=\"section\">\n\t\t\t\t\t\t<div class=\"elementor-container elementor-column-gap-default\">\n\t\t\t\t\t<div class=\"elementor-column elementor-col-100 elementor-top-column elementor-element elementor-element-42ff9e30\" data-id=\"42ff9e30\" data-element_type=\"column\" data-e-type=\"column\">\n\t\t\t<div class=\"elementor-widget-wrap elementor-element-populated\">\n\t\t\t\t\t\t<div class=\"elementor-element elementor-element-7cbf92e4 elementor-widget elementor-widget-text-editor\" data-id=\"7cbf92e4\" data-element_type=\"widget\" data-e-type=\"widget\" data-widget_type=\"text-editor.default\">\n\t\t\t\t<div class=\"elementor-widget-container\">\n\t\t\t\t\t\t\t\t\t<h3 data-start=\"69\" data-end=\"101\"><strong data-start=\"69\" data-end=\"101\">Cortenst\u00e5l vandfont\u00e6ne CONIC<\/strong><\/h3><p data-start=\"103\" data-end=\"330\">Kunne du t\u00e6nke dig et vandelement i din have, men har begr\u00e6nset plads? S\u00e5 tilbyder CONIC vandbordet i cortenst\u00e5l den perfekte l\u00f8sning. Med dette kompakte vandelement skaber du \u00f8jeblikkeligt et i\u00f8jnefaldende og stemningsfuldt element i din have.<\/p><p data-start=\"332\" data-end=\"695\">Takket v\u00e6re den integrerede belysning kan du nyde et smukt skue ikke kun om dagen, men ogs\u00e5 om aftenen. Derudover skaber springvandet og LED-belysningen tilsammen en ekstra atmosf\u00e6re og oplevelse. Dette giver dig mulighed for ubesv\u00e6ret at give din have et luksuri\u00f8st udseende. Springvandets h\u00f8jde er cirka 5 cm, hvilket skaber en diskret og beroligende vandeffekt. Vandbordene er f\u00e6rdiglavede og f\u00e5s i forskellige st\u00f8rrelser. Dette g\u00f8r det nemt at v\u00e6lge en model, der passer perfekt til din have. Derudover har du valget mellem begge dele. <a href=\"https:\/\/cortenstaalverkoop.nl\/product\/cortenstaal-watertafel-rond\/\" target=\"_blank\" rel=\"noopener\">runde<\/a> hvis <a href=\"https:\/\/cortenstaalverkoop.nl\/product\/cortenstaal-watertafel-rechthoekig\/\" target=\"_blank\" rel=\"noopener\">rektangul\u00e6r<\/a> varianter.<\/p><p data-start=\"915\" data-end=\"1071\">Derudover har dette produkt en gummibel\u00e6gning p\u00e5 indersiden. Som et resultat drager du fordel af et ekstra beskyttende lag og en l\u00e6ngere levetid.<\/p><h3 data-start=\"1078\" data-end=\"1092\"><strong data-start=\"1078\" data-end=\"1092\">Vigtigt<\/strong><\/h3><ul data-start=\"1094\" data-end=\"1846\"><li data-section-id=\"sksk7m\" data-start=\"1094\" data-end=\"1226\"><p data-start=\"1096\" data-end=\"1226\">F\u00f8rst og fremmest: Placer CONIC vandbordet i cortenst\u00e5l p\u00e5 en stabil og plan overflade. Dette sikrer optimal funktion.<\/p><\/li><li data-section-id=\"w4nmtg\" data-start=\"1227\" data-end=\"1350\"><p data-start=\"1229\" data-end=\"1350\">Derudover: s\u00f8rg for en neutral pH-v\u00e6rdi i vandet (7). Dette vil forhindre skader p\u00e5 materialet.<\/p><\/li><li data-section-id=\"f95mls\" data-start=\"1351\" data-end=\"1535\"><p data-start=\"1353\" data-end=\"1535\">Derudover modtager du vandbordet komplet med pumpe og LED-belysning (kold hvid), s\u00e5 du kan komme i gang med det samme. Du f\u00e5r 2 \u00e5rs garanti p\u00e5 pumpen og LED-belysningen.<\/p><\/li><li data-section-id=\"fhan4w\" data-start=\"1536\" data-end=\"1692\"><p data-start=\"1538\" data-end=\"1692\"><strong data-start=\"1538\" data-end=\"1549\">Bem\u00e6rk:<\/strong> Vi frar\u00e5der brugen af \u200b\u200bcortenst\u00e5l inden for en radius af 2 km fra en kystlinje, da salt luft kan p\u00e5virke rustprocessen.<\/p><\/li><li data-section-id=\"12hub1a\" data-start=\"1693\" data-end=\"1846\"><p data-start=\"1695\" data-end=\"1846\">Til sidst: Pak produktet ud umiddelbart efter levering. Dette g\u00f8r det muligt for eventuel fugt at fordampe og forhindrer pletter eller uregelm\u00e6ssig rustdannelse.<\/p><\/li><\/ul><p data-start=\"1853\" data-end=\"1877\"><strong data-start=\"1853\" data-end=\"1877\">Brug om vinteren<\/strong><\/p><ul data-start=\"1879\" data-end=\"2321\"><li data-section-id=\"fikoom\" data-start=\"1879\" data-end=\"1941\"><p data-start=\"1881\" data-end=\"1941\"><strong data-start=\"1881\" data-end=\"1895\">I tilf\u00e6lde af frost:<\/strong> altid tage stikket ud af stikkontakten.<\/p><\/li><li data-section-id=\"13pkaen\" data-start=\"1942\" data-end=\"2021\"><p data-start=\"1944\" data-end=\"2021\">N\u00e6ste: Fyld grundvandsspejlet med vand til det maksimale.<\/p><\/li><li data-section-id=\"1e5ckqd\" data-start=\"2022\" data-end=\"2126\"><p data-start=\"2024\" data-end=\"2126\">Derudover: brug helst en frostbeskyttelse (f\u00e5s i havecentre eller byggemarkeder).<\/p><\/li><li data-section-id=\"16p10oj\" data-start=\"2127\" data-end=\"2203\"><p data-start=\"2129\" data-end=\"2203\">Pumpen kan forblive i vandet, forudsat at du f\u00f8lger ovenst\u00e5ende trin.<\/p><\/li><li data-section-id=\"1r208nc\" data-start=\"2204\" data-end=\"2321\"><p data-start=\"2206\" data-end=\"2321\"><strong data-start=\"2206\" data-end=\"2235\">Du kan ogs\u00e5 v\u00e6lge<\/strong> for at f\u00e5 pumpen ud af dammen og frost-free, <strong>under vand<\/strong>at v\u00e6re venstre for at overvintre.<\/p><\/li><\/ul><p><a href=\"https:\/\/nl.wikipedia.org\/wiki\/Cortenstaal\" target=\"_blank\" rel=\"noopener noreferrer\">Cor-Ten st\u00e5l<\/a> ogs\u00e5 kendt som vejrbestandigt st\u00e5l. Det er et metal, en legering, der best\u00e5r af jern, som kobber, silicium, nikkel og chrom er tilf\u00f8jet. Corten st\u00e5l er en meget st\u00e6rk type af st\u00e5l. Fordi det har den egenskab, at d\u00e6kke sig med et beskyttende lag rust, n\u00e5r de uds\u00e6ttes for luft udefra. Denne naturlige solidt rust lag danner beskyttelse mod yderligere korrosion.<\/p>\t\t\t\t\t\t\t\t<\/div>\n\t\t\t\t<\/div>\n\t\t\t\t\t<\/div>\n\t\t<\/div>\n\t\t\t\t\t<\/div>\n\t\t<\/section>\n\t\t\t\t<\/div>","protected":false},"excerpt":{"rendered":"<p>Cortenst\u00e5l vandfont\u00e6ne CONIC leveres inklusive LED-belysning, springvand(er) og en pumpe. Pumpen inde i bassinet s\u00f8rger for, at vandet pumpes opad. Vandet str\u00f8mmer derefter over den indre plade, f\u00f8r det falder tilbage i bassinet. Kablet forlader bassinet via en overl\u00f8bsstruktur i bunden, s\u00e5 det ikke er synligt. Vandbordene kr\u00e6ver minimal vedligeholdelse og er meget b\u00f8rnevenlige, da der ikke er noget dybt vandlag.<\/p>","protected":false},"featured_media":11259,"template":"","meta":{"site-sidebar-layout":"default","site-content-layout":"default","ast-site-content-layout":"default","site-content-style":"default","site-sidebar-style":"default","ast-global-header-display":"","ast-banner-title-visibility":"","ast-main-header-display":"","ast-hfb-above-header-display":"","ast-hfb-below-header-display":"","ast-hfb-mobile-header-display":"","site-post-title":"","ast-breadcrumbs-content":"","ast-featured-img":"","footer-sml-layout":"","ast-disable-related-posts":"","theme-transparent-header-meta":"default","adv-header-id-meta":"","stick-header-meta":"","header-above-stick-meta":"","header-main-stick-meta":"","header-below-stick-meta":"","astra-migrate-meta-layouts":"set","ast-page-background-enabled":"default","ast-page-background-meta":{"desktop":{"background-color":"","background-image":"","background-repeat":"repeat","background-position":"center center","background-size":"auto","background-attachment":"scroll","background-type":"","background-media":"","overlay-type":"","overlay-color":"","overlay-opacity":"","overlay-gradient":""},"tablet":{"background-color":"","background-image":"","background-repeat":"repeat","background-position":"center center","background-size":"auto","background-attachment":"scroll","background-type":"","background-media":"","overlay-type":"","overlay-color":"","overlay-opacity":"","overlay-gradient":""},"mobile":{"background-color":"","background-image":"","background-repeat":"repeat","background-position":"center center","background-size":"auto","background-attachment":"scroll","background-type":"","background-media":"","overlay-type":"","overlay-color":"","overlay-opacity":"","overlay-gradient":""}},"ast-content-background-meta":{"desktop":{"background-color":"var(--ast-global-color-5)","background-image":"","background-repeat":"repeat","background-position":"center center","background-size":"auto","background-attachment":"scroll","background-type":"","background-media":"","overlay-type":"","overlay-color":"","overlay-opacity":"","overlay-gradient":""},"tablet":{"background-color":"var(--ast-global-color-5)","background-image":"","background-repeat":"repeat","background-position":"center center","background-size":"auto","background-attachment":"scroll","background-type":"","background-media":"","overlay-type":"","overlay-color":"","overlay-opacity":"","overlay-gradient":""},"mobile":{"background-color":"var(--ast-global-color-5)","background-image":"","background-repeat":"repeat","background-position":"center center","background-size":"auto","background-attachment":"scroll","background-type":"","background-media":"","overlay-type":"","overlay-color":"","overlay-opacity":"","overlay-gradient":""}}},"product_brand":[],"product_cat":[60],"product_tag":[],"class_list":{"0":"post-11249","1":"product","2":"type-product","3":"status-publish","4":"has-post-thumbnail","6":"product_cat-cortenstaal-waterelementen","7":"product_shipping_class-fritom","8":"desktop-align-left","9":"tablet-align-left","10":"mobile-align-left","12":"first","13":"instock","14":"taxable","15":"shipping-taxable","16":"purchasable","17":"product-type-variable"},"yoast_head":"<!-- This site is optimized with the Yoast SEO plugin v27.6 - https:\/\/yoast.com\/product\/yoast-seo-wordpress\/ -->\n<title>Cortenstaal watertafel CONIC koopt u bij cortenstaalverkoop.nl<\/title>\n<meta name=\"description\" content=\"\u2705 Cortenstaal watertafel CONIC met fontein.\u2705 de beste kwaliteit \u2705 5 jaar garantie! Bestel uw cortenstaal watertafel goedkoop bij cortenstaalverkoop.nl!\" \/>\n<meta name=\"robots\" content=\"index, follow, max-snippet:-1, max-image-preview:large, max-video-preview:-1\" \/>\n<link rel=\"canonical\" href=\"https:\/\/cortenstaalverkoop.nl\/da\/vare\/cortenstal-vandfontaene-conic\/\" \/>\n<meta property=\"og:locale\" content=\"da_DK\" \/>\n<meta property=\"og:type\" content=\"article\" \/>\n<meta property=\"og:title\" content=\"Cortenstaal watertafel CONIC koopt u bij cortenstaalverkoop.nl\" \/>\n<meta property=\"og:description\" content=\"\u2705 Cortenstaal watertafel CONIC met fontein.\u2705 de beste kwaliteit \u2705 5 jaar garantie! Bestel uw cortenstaal watertafel goedkoop bij cortenstaalverkoop.nl!\" \/>\n<meta property=\"og:url\" content=\"https:\/\/cortenstaalverkoop.nl\/da\/vare\/cortenstal-vandfontaene-conic\/\" \/>\n<meta property=\"og:site_name\" content=\"Cortenstaalverkoop.nl\" \/>\n<meta property=\"article:modified_time\" content=\"2026-05-12T08:38:37+00:00\" \/>\n<meta property=\"og:image\" content=\"https:\/\/cortenstaalverkoop.nl\/wp-content\/uploads\/2026\/04\/watertafel-cove-120-c.webp\" \/>\n\t<meta property=\"og:image:width\" content=\"699\" \/>\n\t<meta property=\"og:image:height\" content=\"699\" \/>\n\t<meta property=\"og:image:type\" content=\"image\/webp\" \/>\n<meta name=\"twitter:card\" content=\"summary_large_image\" \/>\n<meta name=\"twitter:label1\" content=\"Estimeret l\u00e6setid\" \/>\n\t<meta name=\"twitter:data1\" content=\"3 minutter\" \/>\n<script type=\"application\/ld+json\" class=\"yoast-schema-graph\">{\"@context\":\"https:\\\/\\\/schema.org\",\"@graph\":[{\"@type\":\"WebPage\",\"@id\":\"https:\\\/\\\/cortenstaalverkoop.nl\\\/product\\\/cortenstaal-watertafel-conic\\\/\",\"url\":\"https:\\\/\\\/cortenstaalverkoop.nl\\\/product\\\/cortenstaal-watertafel-conic\\\/\",\"name\":\"Cortenstaal watertafel CONIC koopt u bij cortenstaalverkoop.nl\",\"isPartOf\":{\"@id\":\"https:\\\/\\\/cortenstaalverkoop.nl\\\/#website\"},\"primaryImageOfPage\":{\"@id\":\"https:\\\/\\\/cortenstaalverkoop.nl\\\/product\\\/cortenstaal-watertafel-conic\\\/#primaryimage\"},\"image\":{\"@id\":\"https:\\\/\\\/cortenstaalverkoop.nl\\\/product\\\/cortenstaal-watertafel-conic\\\/#primaryimage\"},\"thumbnailUrl\":\"https:\\\/\\\/cortenstaalverkoop.nl\\\/wp-content\\\/uploads\\\/2026\\\/04\\\/watertafel-cove-120-c.webp\",\"datePublished\":\"2026-04-23T12:54:50+00:00\",\"dateModified\":\"2026-05-12T08:38:37+00:00\",\"description\":\"\u2705 Cortenstaal watertafel CONIC met fontein.\u2705 de beste kwaliteit \u2705 5 jaar garantie! Bestel uw cortenstaal watertafel goedkoop bij cortenstaalverkoop.nl!\",\"breadcrumb\":{\"@id\":\"https:\\\/\\\/cortenstaalverkoop.nl\\\/product\\\/cortenstaal-watertafel-conic\\\/#breadcrumb\"},\"inLanguage\":\"da-DK\",\"potentialAction\":[{\"@type\":\"ReadAction\",\"target\":[\"https:\\\/\\\/cortenstaalverkoop.nl\\\/product\\\/cortenstaal-watertafel-conic\\\/\"]}]},{\"@type\":\"ImageObject\",\"inLanguage\":\"da-DK\",\"@id\":\"https:\\\/\\\/cortenstaalverkoop.nl\\\/product\\\/cortenstaal-watertafel-conic\\\/#primaryimage\",\"url\":\"https:\\\/\\\/cortenstaalverkoop.nl\\\/wp-content\\\/uploads\\\/2026\\\/04\\\/watertafel-cove-120-c.webp\",\"contentUrl\":\"https:\\\/\\\/cortenstaalverkoop.nl\\\/wp-content\\\/uploads\\\/2026\\\/04\\\/watertafel-cove-120-c.webp\",\"width\":699,\"height\":699,\"caption\":\"Cortenstaal watertafel CONIC\"},{\"@type\":\"BreadcrumbList\",\"@id\":\"https:\\\/\\\/cortenstaalverkoop.nl\\\/product\\\/cortenstaal-watertafel-conic\\\/#breadcrumb\",\"itemListElement\":[{\"@type\":\"ListItem\",\"position\":1,\"name\":\"Home\",\"item\":\"https:\\\/\\\/cortenstaalverkoop.nl\\\/\"},{\"@type\":\"ListItem\",\"position\":2,\"name\":\"Assortiment\",\"item\":\"https:\\\/\\\/cortenstaalverkoop.nl\\\/assortiment-cortenstaal\\\/\"},{\"@type\":\"ListItem\",\"position\":3,\"name\":\"Cortenstaal watertafel CONIC\"}]},{\"@type\":\"WebSite\",\"@id\":\"https:\\\/\\\/cortenstaalverkoop.nl\\\/#website\",\"url\":\"https:\\\/\\\/cortenstaalverkoop.nl\\\/\",\"name\":\"Cortenstaalverkoop.nl\",\"description\":\"de cortenstaal specialist!\",\"publisher\":{\"@id\":\"https:\\\/\\\/cortenstaalverkoop.nl\\\/#organization\"},\"potentialAction\":[{\"@type\":\"SearchAction\",\"target\":{\"@type\":\"EntryPoint\",\"urlTemplate\":\"https:\\\/\\\/cortenstaalverkoop.nl\\\/?s={search_term_string}\"},\"query-input\":{\"@type\":\"PropertyValueSpecification\",\"valueRequired\":true,\"valueName\":\"search_term_string\"}}],\"inLanguage\":\"da-DK\"},{\"@type\":\"Organization\",\"@id\":\"https:\\\/\\\/cortenstaalverkoop.nl\\\/#organization\",\"name\":\"Cortenstaalverkoop.nl\",\"url\":\"https:\\\/\\\/cortenstaalverkoop.nl\\\/\",\"logo\":{\"@type\":\"ImageObject\",\"inLanguage\":\"da-DK\",\"@id\":\"https:\\\/\\\/cortenstaalverkoop.nl\\\/#\\\/schema\\\/logo\\\/image\\\/\",\"url\":\"https:\\\/\\\/cortenstaalverkoop.nl\\\/wp-content\\\/uploads\\\/2019\\\/11\\\/cortenstaal-logo-1.png\",\"contentUrl\":\"https:\\\/\\\/cortenstaalverkoop.nl\\\/wp-content\\\/uploads\\\/2019\\\/11\\\/cortenstaal-logo-1.png\",\"width\":480,\"height\":163,\"caption\":\"Cortenstaalverkoop.nl\"},\"image\":{\"@id\":\"https:\\\/\\\/cortenstaalverkoop.nl\\\/#\\\/schema\\\/logo\\\/image\\\/\"}}]}<\/script>\n<!-- \/ Yoast SEO plugin. -->","yoast_head_json":{"title":"Cortenstaal watertafel CONIC koopt u bij cortenstaalverkoop.nl","description":"\u2705 Cortenstaal watertafel CONIC met fontein.\u2705 de beste kwaliteit \u2705 5 jaar garantie! Bestel uw cortenstaal watertafel goedkoop bij cortenstaalverkoop.nl!","robots":{"index":"index","follow":"follow","max-snippet":"max-snippet:-1","max-image-preview":"max-image-preview:large","max-video-preview":"max-video-preview:-1"},"canonical":"https:\/\/cortenstaalverkoop.nl\/da\/vare\/cortenstal-vandfontaene-conic\/","og_locale":"da_DK","og_type":"article","og_title":"Cortenstaal watertafel CONIC koopt u bij cortenstaalverkoop.nl","og_description":"\u2705 Cortenstaal watertafel CONIC met fontein.\u2705 de beste kwaliteit \u2705 5 jaar garantie! Bestel uw cortenstaal watertafel goedkoop bij cortenstaalverkoop.nl!","og_url":"https:\/\/cortenstaalverkoop.nl\/da\/vare\/cortenstal-vandfontaene-conic\/","og_site_name":"Cortenstaalverkoop.nl","article_modified_time":"2026-05-12T08:38:37+00:00","og_image":[{"width":699,"height":699,"url":"https:\/\/cortenstaalverkoop.nl\/wp-content\/uploads\/2026\/04\/watertafel-cove-120-c.webp","type":"image\/webp"}],"twitter_card":"summary_large_image","twitter_misc":{"Estimeret l\u00e6setid":"3 minutter"},"schema":{"@context":"https:\/\/schema.org","@graph":[{"@type":"WebPage","@id":"https:\/\/cortenstaalverkoop.nl\/product\/cortenstaal-watertafel-conic\/","url":"https:\/\/cortenstaalverkoop.nl\/product\/cortenstaal-watertafel-conic\/","name":"Cortenstaal watertafel CONIC koopt u bij cortenstaalverkoop.nl","isPartOf":{"@id":"https:\/\/cortenstaalverkoop.nl\/#website"},"primaryImageOfPage":{"@id":"https:\/\/cortenstaalverkoop.nl\/product\/cortenstaal-watertafel-conic\/#primaryimage"},"image":{"@id":"https:\/\/cortenstaalverkoop.nl\/product\/cortenstaal-watertafel-conic\/#primaryimage"},"thumbnailUrl":"https:\/\/cortenstaalverkoop.nl\/wp-content\/uploads\/2026\/04\/watertafel-cove-120-c.webp","datePublished":"2026-04-23T12:54:50+00:00","dateModified":"2026-05-12T08:38:37+00:00","description":"\u2705 Cortenstaal watertafel CONIC met fontein.\u2705 de beste kwaliteit \u2705 5 jaar garantie! Bestel uw cortenstaal watertafel goedkoop bij cortenstaalverkoop.nl!","breadcrumb":{"@id":"https:\/\/cortenstaalverkoop.nl\/product\/cortenstaal-watertafel-conic\/#breadcrumb"},"inLanguage":"da-DK","potentialAction":[{"@type":"ReadAction","target":["https:\/\/cortenstaalverkoop.nl\/product\/cortenstaal-watertafel-conic\/"]}]},{"@type":"ImageObject","inLanguage":"da-DK","@id":"https:\/\/cortenstaalverkoop.nl\/product\/cortenstaal-watertafel-conic\/#primaryimage","url":"https:\/\/cortenstaalverkoop.nl\/wp-content\/uploads\/2026\/04\/watertafel-cove-120-c.webp","contentUrl":"https:\/\/cortenstaalverkoop.nl\/wp-content\/uploads\/2026\/04\/watertafel-cove-120-c.webp","width":699,"height":699,"caption":"Cortenstaal watertafel CONIC"},{"@type":"BreadcrumbList","@id":"https:\/\/cortenstaalverkoop.nl\/product\/cortenstaal-watertafel-conic\/#breadcrumb","itemListElement":[{"@type":"ListItem","position":1,"name":"Home","item":"https:\/\/cortenstaalverkoop.nl\/"},{"@type":"ListItem","position":2,"name":"Assortiment","item":"https:\/\/cortenstaalverkoop.nl\/assortiment-cortenstaal\/"},{"@type":"ListItem","position":3,"name":"Cortenstaal watertafel CONIC"}]},{"@type":"WebSite","@id":"https:\/\/cortenstaalverkoop.nl\/#website","url":"https:\/\/cortenstaalverkoop.nl\/","name":"Cortenstaalverkoop.nl","description":"den cortenstaal specialist!","publisher":{"@id":"https:\/\/cortenstaalverkoop.nl\/#organization"},"potentialAction":[{"@type":"SearchAction","target":{"@type":"EntryPoint","urlTemplate":"https:\/\/cortenstaalverkoop.nl\/?s={search_term_string}"},"query-input":{"@type":"PropertyValueSpecification","valueRequired":true,"valueName":"search_term_string"}}],"inLanguage":"da-DK"},{"@type":"Organization","@id":"https:\/\/cortenstaalverkoop.nl\/#organization","name":"Cortenstaalverkoop.nl","url":"https:\/\/cortenstaalverkoop.nl\/","logo":{"@type":"ImageObject","inLanguage":"da-DK","@id":"https:\/\/cortenstaalverkoop.nl\/#\/schema\/logo\/image\/","url":"https:\/\/cortenstaalverkoop.nl\/wp-content\/uploads\/2019\/11\/cortenstaal-logo-1.png","contentUrl":"https:\/\/cortenstaalverkoop.nl\/wp-content\/uploads\/2019\/11\/cortenstaal-logo-1.png","width":480,"height":163,"caption":"Cortenstaalverkoop.nl"},"image":{"@id":"https:\/\/cortenstaalverkoop.nl\/#\/schema\/logo\/image\/"}}]}},"_links":{"self":[{"href":"https:\/\/cortenstaalverkoop.nl\/da\/wp-json\/wp\/v2\/product\/11249","targetHints":{"allow":["GET"]}}],"collection":[{"href":"https:\/\/cortenstaalverkoop.nl\/da\/wp-json\/wp\/v2\/product"}],"about":[{"href":"https:\/\/cortenstaalverkoop.nl\/da\/wp-json\/wp\/v2\/types\/product"}],"version-history":[{"count":6,"href":"https:\/\/cortenstaalverkoop.nl\/da\/wp-json\/wp\/v2\/product\/11249\/revisions"}],"predecessor-version":[{"id":11282,"href":"https:\/\/cortenstaalverkoop.nl\/da\/wp-json\/wp\/v2\/product\/11249\/revisions\/11282"}],"wp:featuredmedia":[{"embeddable":true,"href":"https:\/\/cortenstaalverkoop.nl\/da\/wp-json\/wp\/v2\/media\/11259"}],"wp:attachment":[{"href":"https:\/\/cortenstaalverkoop.nl\/da\/wp-json\/wp\/v2\/media?parent=11249"}],"wp:term":[{"taxonomy":"product_brand","embeddable":true,"href":"https:\/\/cortenstaalverkoop.nl\/da\/wp-json\/wp\/v2\/product_brand?post=11249"},{"taxonomy":"product_cat","embeddable":true,"href":"https:\/\/cortenstaalverkoop.nl\/da\/wp-json\/wp\/v2\/product_cat?post=11249"},{"taxonomy":"product_tag","embeddable":true,"href":"https:\/\/cortenstaalverkoop.nl\/da\/wp-json\/wp\/v2\/product_tag?post=11249"}],"curies":[{"name":"wp","href":"https:\/\/api.w.org\/{rel}","templated":true}]}}