{"id":1457,"date":"2019-12-19T16:26:02","date_gmt":"2019-12-19T15:26:02","guid":{"rendered":"https:\/\/cortenstaalverkoop.nl\/?post_type=product&#038;p=1457"},"modified":"2026-04-03T14:19:32","modified_gmt":"2026-04-03T12:19:32","slug":"corten-stal-plint","status":"publish","type":"product","link":"https:\/\/cortenstaalverkoop.nl\/da\/product\/cortenstaal-sokkel\/","title":{"rendered":"Corten st\u00e5l plint"},"content":{"rendered":"<p>Med denne Corten st\u00e5l base du give en skulptur eller en statue et smukt sted i haven. Dette Corten st\u00e5l base kan b\u00e6re v\u00e6gten af et element p\u00e5 op til 150 kg. Den sokler er ogs\u00e5 meget praktisk for at skabe en <a href=\"https:\/\/cortenstaalverkoop.nl\/product\/cortenstaal-vuurelementen\/cortenstaal-vuurschaal\/\" target=\"_blank\" rel=\"noopener noreferrer\">brand bowl<\/a> eller <a href=\"https:\/\/cortenstaalverkoop.nl\/product\/cortenstaal-waterelementen\/cortenstaal-waterschaal\/\" target=\"_blank\" rel=\"noopener noreferrer\">vand skala<\/a> en lille smule h\u00f8jere fra jorden. Den kolonne eller base er lavet af Corten-st\u00e5l, som er karakteriseret ved rusten brun farve<\/p>\n<p>Corten st\u00e5l er modstandsdygtigt over for alt slags vejr, og kan st\u00e5 ude hele \u00e5ret rundt. Ud over design, farven er ogs\u00e5 rigtig smuk. Farven er for\u00e5rsaget af rust proces, der forekommer et par m\u00e5neder efter k\u00f8bet. Corten st\u00e5l er en af de st\u00e6rkeste former for st\u00e5l. Denne type St\u00e5l er derfor ogs\u00e5 almindeligt anvendt til skibe og broer. Den varige karakter af materiale, der sikrer lang levetid, s\u00e5 du kan nyde du k\u00f8ber for \u00e5r. Rust skaber et ekstra lag og dermed ogs\u00e5 ekstra styrke. De s\u00f8jler, kr\u00e6ver ingen vedligeholdelse og er st\u00e6rk nok til at dekorere din have i \u00e5r.<\/p>\n<ul>\n<li>Meget st\u00e6rk og modstandsdygtig over for slid<\/li>\n<li>Elegant og tidl\u00f8st design<\/li>\n<li>Vejrfast og holdbart materiale<\/li>\n<li>Varm og naturlig udseende<\/li>\n<li>5 \u00e5rs garanti!<\/li>\n<\/ul>\n<h5>Oplysninger om produktet cortenstaal:<\/h5>\n<p><a href=\"https:\/\/nl.wikipedia.org\/wiki\/Cortenstaal\" target=\"_blank\" rel=\"noopener noreferrer\">Cor-Ten st\u00e5l<\/a> ogs\u00e5 kendt som vejrbestandigt st\u00e5l. Det er et metal, en legering, der best\u00e5r af jern, som kobber, silicium, nikkel og chrom er tilf\u00f8jet. Corten st\u00e5l er en meget st\u00e6rk type af st\u00e5l. Fordi det har den egenskab, at d\u00e6kke sig med et beskyttende lag rust, n\u00e5r de uds\u00e6ttes for luft udefra. Denne naturlige solidt rust lag danner beskyttelse mod yderligere korrosion.<\/p>","protected":false},"excerpt":{"rendered":"<p>Vi g\u00f8r Corten st\u00e5l sokkel i forskellige st\u00f8rrelser. Disse kan b\u00e6re v\u00e6gten af et dekorativt element p\u00e5 op til 150 kg. Med denne Corten st\u00e5l piedestal du kan smukt pr\u00e6sentere din skulptur eller en statue. Den sokler er ogs\u00e5 meget praktisk for markedsf\u00f8ringen af et brand sk\u00e5l eller vand sk\u00e5l lidt h\u00f8jere fra jorden.<\/p>\n<p>Bunden er lavet af Corten st\u00e5l, som er kendetegnet ved en rusten brun farve.<br \/>\nDette produkt har en 5-\u00e5rs garanti.<br \/>\nPiedestal af U-sokkel kan bruges som en oplagring af tr\u00e6.<br \/>\nF\u00e5s i forskellige h\u00f8jder, som du kan oprette en legende effekt i din have.<\/p>","protected":false},"featured_media":1458,"template":"","meta":{"site-sidebar-layout":"default","site-content-layout":"default","ast-site-content-layout":"default","site-content-style":"default","site-sidebar-style":"default","ast-global-header-display":"","ast-banner-title-visibility":"","ast-main-header-display":"","ast-hfb-above-header-display":"","ast-hfb-below-header-display":"","ast-hfb-mobile-header-display":"","site-post-title":"","ast-breadcrumbs-content":"","ast-featured-img":"","footer-sml-layout":"","ast-disable-related-posts":"","theme-transparent-header-meta":"default","adv-header-id-meta":"","stick-header-meta":"","header-above-stick-meta":"","header-main-stick-meta":"","header-below-stick-meta":"","astra-migrate-meta-layouts":"set","ast-page-background-enabled":"default","ast-page-background-meta":{"desktop":{"background-color":"","background-image":"","background-repeat":"repeat","background-position":"center center","background-size":"auto","background-attachment":"scroll","background-type":"","background-media":"","overlay-type":"","overlay-color":"","overlay-opacity":"","overlay-gradient":""},"tablet":{"background-color":"","background-image":"","background-repeat":"repeat","background-position":"center center","background-size":"auto","background-attachment":"scroll","background-type":"","background-media":"","overlay-type":"","overlay-color":"","overlay-opacity":"","overlay-gradient":""},"mobile":{"background-color":"","background-image":"","background-repeat":"repeat","background-position":"center center","background-size":"auto","background-attachment":"scroll","background-type":"","background-media":"","overlay-type":"","overlay-color":"","overlay-opacity":"","overlay-gradient":""}},"ast-content-background-meta":{"desktop":{"background-color":"var(--ast-global-color-5)","background-image":"","background-repeat":"repeat","background-position":"center center","background-size":"auto","background-attachment":"scroll","background-type":"","background-media":"","overlay-type":"","overlay-color":"","overlay-opacity":"","overlay-gradient":""},"tablet":{"background-color":"var(--ast-global-color-5)","background-image":"","background-repeat":"repeat","background-position":"center center","background-size":"auto","background-attachment":"scroll","background-type":"","background-media":"","overlay-type":"","overlay-color":"","overlay-opacity":"","overlay-gradient":""},"mobile":{"background-color":"var(--ast-global-color-5)","background-image":"","background-repeat":"repeat","background-position":"center center","background-size":"auto","background-attachment":"scroll","background-type":"","background-media":"","overlay-type":"","overlay-color":"","overlay-opacity":"","overlay-gradient":""}}},"product_brand":[],"product_cat":[58,60],"product_tag":[],"class_list":{"0":"post-1457","1":"product","2":"type-product","3":"status-publish","4":"has-post-thumbnail","6":"product_cat-cortenstaal-vuurelementen","7":"product_cat-cortenstaal-waterelementen","8":"product_shipping_class-fritom","9":"desktop-align-left","10":"tablet-align-left","11":"mobile-align-left","13":"first","14":"instock","15":"taxable","16":"shipping-taxable","17":"purchasable","18":"product-type-variable"},"yoast_head":"<!-- This site is optimized with the Yoast SEO plugin v27.4 - https:\/\/yoast.com\/product\/yoast-seo-wordpress\/ -->\n<title>Een cortenstaal sokkel koopt u goedkoop bij cortenstaalverkoop.nl<\/title>\n<meta name=\"description\" content=\"\u2705 Cortenstaal sokkel in diverse maten.\u2705 de beste kwaliteit \u2705 5 jaar garantie! Bestel eenvoudig en goedkoop bij cortenstaalverkoop.nl\" \/>\n<meta name=\"robots\" content=\"index, follow, max-snippet:-1, max-image-preview:large, max-video-preview:-1\" \/>\n<link rel=\"canonical\" href=\"https:\/\/cortenstaalverkoop.nl\/da\/vare\/corten-stal-plint\/\" \/>\n<meta property=\"og:locale\" content=\"da_DK\" \/>\n<meta property=\"og:type\" content=\"article\" \/>\n<meta property=\"og:title\" content=\"Een cortenstaal sokkel koopt u goedkoop bij cortenstaalverkoop.nl\" \/>\n<meta property=\"og:description\" content=\"\u2705 Cortenstaal sokkel in diverse maten.\u2705 de beste kwaliteit \u2705 5 jaar garantie! Bestel eenvoudig en goedkoop bij cortenstaalverkoop.nl\" \/>\n<meta property=\"og:url\" content=\"https:\/\/cortenstaalverkoop.nl\/da\/vare\/corten-stal-plint\/\" \/>\n<meta property=\"og:site_name\" content=\"Cortenstaalverkoop.nl\" \/>\n<meta property=\"article:modified_time\" content=\"2026-04-03T12:19:32+00:00\" \/>\n<meta property=\"og:image\" content=\"https:\/\/cortenstaalverkoop.nl\/wp-content\/uploads\/2019\/12\/U-SOKKEL-CKU-01.jpg\" \/>\n\t<meta property=\"og:image:width\" content=\"1772\" \/>\n\t<meta property=\"og:image:height\" content=\"1772\" \/>\n\t<meta property=\"og:image:type\" content=\"image\/jpeg\" \/>\n<meta name=\"twitter:card\" content=\"summary_large_image\" \/>\n<meta name=\"twitter:label1\" content=\"Estimeret l\u00e6setid\" \/>\n\t<meta name=\"twitter:data1\" content=\"2 minutter\" \/>\n<script type=\"application\/ld+json\" class=\"yoast-schema-graph\">{\"@context\":\"https:\\\/\\\/schema.org\",\"@graph\":[{\"@type\":\"WebPage\",\"@id\":\"https:\\\/\\\/cortenstaalverkoop.nl\\\/product\\\/cortenstaal-sokkel\\\/\",\"url\":\"https:\\\/\\\/cortenstaalverkoop.nl\\\/product\\\/cortenstaal-sokkel\\\/\",\"name\":\"Een cortenstaal sokkel koopt u goedkoop bij cortenstaalverkoop.nl\",\"isPartOf\":{\"@id\":\"https:\\\/\\\/cortenstaalverkoop.nl\\\/#website\"},\"primaryImageOfPage\":{\"@id\":\"https:\\\/\\\/cortenstaalverkoop.nl\\\/product\\\/cortenstaal-sokkel\\\/#primaryimage\"},\"image\":{\"@id\":\"https:\\\/\\\/cortenstaalverkoop.nl\\\/product\\\/cortenstaal-sokkel\\\/#primaryimage\"},\"thumbnailUrl\":\"https:\\\/\\\/cortenstaalverkoop.nl\\\/wp-content\\\/uploads\\\/2019\\\/12\\\/U-SOKKEL-CKU-01.jpg\",\"datePublished\":\"2019-12-19T15:26:02+00:00\",\"dateModified\":\"2026-04-03T12:19:32+00:00\",\"description\":\"\u2705 Cortenstaal sokkel in diverse maten.\u2705 de beste kwaliteit \u2705 5 jaar garantie! Bestel eenvoudig en goedkoop bij cortenstaalverkoop.nl\",\"breadcrumb\":{\"@id\":\"https:\\\/\\\/cortenstaalverkoop.nl\\\/product\\\/cortenstaal-sokkel\\\/#breadcrumb\"},\"inLanguage\":\"da-DK\",\"potentialAction\":[{\"@type\":\"ReadAction\",\"target\":[\"https:\\\/\\\/cortenstaalverkoop.nl\\\/product\\\/cortenstaal-sokkel\\\/\"]}]},{\"@type\":\"ImageObject\",\"inLanguage\":\"da-DK\",\"@id\":\"https:\\\/\\\/cortenstaalverkoop.nl\\\/product\\\/cortenstaal-sokkel\\\/#primaryimage\",\"url\":\"https:\\\/\\\/cortenstaalverkoop.nl\\\/wp-content\\\/uploads\\\/2019\\\/12\\\/U-SOKKEL-CKU-01.jpg\",\"contentUrl\":\"https:\\\/\\\/cortenstaalverkoop.nl\\\/wp-content\\\/uploads\\\/2019\\\/12\\\/U-SOKKEL-CKU-01.jpg\",\"width\":1772,\"height\":1772,\"caption\":\"Cortenstaal sokkel\"},{\"@type\":\"BreadcrumbList\",\"@id\":\"https:\\\/\\\/cortenstaalverkoop.nl\\\/product\\\/cortenstaal-sokkel\\\/#breadcrumb\",\"itemListElement\":[{\"@type\":\"ListItem\",\"position\":1,\"name\":\"Home\",\"item\":\"https:\\\/\\\/cortenstaalverkoop.nl\\\/\"},{\"@type\":\"ListItem\",\"position\":2,\"name\":\"Assortiment\",\"item\":\"https:\\\/\\\/cortenstaalverkoop.nl\\\/assortiment-cortenstaal\\\/\"},{\"@type\":\"ListItem\",\"position\":3,\"name\":\"Cortenstaal sokkel\"}]},{\"@type\":\"WebSite\",\"@id\":\"https:\\\/\\\/cortenstaalverkoop.nl\\\/#website\",\"url\":\"https:\\\/\\\/cortenstaalverkoop.nl\\\/\",\"name\":\"Cortenstaalverkoop.nl\",\"description\":\"de cortenstaal specialist!\",\"publisher\":{\"@id\":\"https:\\\/\\\/cortenstaalverkoop.nl\\\/#organization\"},\"potentialAction\":[{\"@type\":\"SearchAction\",\"target\":{\"@type\":\"EntryPoint\",\"urlTemplate\":\"https:\\\/\\\/cortenstaalverkoop.nl\\\/?s={search_term_string}\"},\"query-input\":{\"@type\":\"PropertyValueSpecification\",\"valueRequired\":true,\"valueName\":\"search_term_string\"}}],\"inLanguage\":\"da-DK\"},{\"@type\":\"Organization\",\"@id\":\"https:\\\/\\\/cortenstaalverkoop.nl\\\/#organization\",\"name\":\"Cortenstaalverkoop.nl\",\"url\":\"https:\\\/\\\/cortenstaalverkoop.nl\\\/\",\"logo\":{\"@type\":\"ImageObject\",\"inLanguage\":\"da-DK\",\"@id\":\"https:\\\/\\\/cortenstaalverkoop.nl\\\/#\\\/schema\\\/logo\\\/image\\\/\",\"url\":\"https:\\\/\\\/cortenstaalverkoop.nl\\\/wp-content\\\/uploads\\\/2019\\\/11\\\/cortenstaal-logo-1.png\",\"contentUrl\":\"https:\\\/\\\/cortenstaalverkoop.nl\\\/wp-content\\\/uploads\\\/2019\\\/11\\\/cortenstaal-logo-1.png\",\"width\":480,\"height\":163,\"caption\":\"Cortenstaalverkoop.nl\"},\"image\":{\"@id\":\"https:\\\/\\\/cortenstaalverkoop.nl\\\/#\\\/schema\\\/logo\\\/image\\\/\"}}]}<\/script>\n<!-- \/ Yoast SEO plugin. -->","yoast_head_json":{"title":"Du kan k\u00f8be en Corten st\u00e5l plint billigt fra cortenstaalverkoop.nl","description":"\u2705 Corten st\u00e5l sokkel i forskellige st\u00f8rrelser.\u2705 den bedste kvalitet \u2705 5 \u00e5rs garanti! Bestil nemt og billigt fra cortenstaalverkoop.nl","robots":{"index":"index","follow":"follow","max-snippet":"max-snippet:-1","max-image-preview":"max-image-preview:large","max-video-preview":"max-video-preview:-1"},"canonical":"https:\/\/cortenstaalverkoop.nl\/da\/vare\/corten-stal-plint\/","og_locale":"da_DK","og_type":"article","og_title":"Een cortenstaal sokkel koopt u goedkoop bij cortenstaalverkoop.nl","og_description":"\u2705 Cortenstaal sokkel in diverse maten.\u2705 de beste kwaliteit \u2705 5 jaar garantie! Bestel eenvoudig en goedkoop bij cortenstaalverkoop.nl","og_url":"https:\/\/cortenstaalverkoop.nl\/da\/vare\/corten-stal-plint\/","og_site_name":"Cortenstaalverkoop.nl","article_modified_time":"2026-04-03T12:19:32+00:00","og_image":[{"width":1772,"height":1772,"url":"https:\/\/cortenstaalverkoop.nl\/wp-content\/uploads\/2019\/12\/U-SOKKEL-CKU-01.jpg","type":"image\/jpeg"}],"twitter_card":"summary_large_image","twitter_misc":{"Estimeret l\u00e6setid":"2 minutter"},"schema":{"@context":"https:\/\/schema.org","@graph":[{"@type":"WebPage","@id":"https:\/\/cortenstaalverkoop.nl\/product\/cortenstaal-sokkel\/","url":"https:\/\/cortenstaalverkoop.nl\/product\/cortenstaal-sokkel\/","name":"Du kan k\u00f8be en Corten st\u00e5l plint billigt fra cortenstaalverkoop.nl","isPartOf":{"@id":"https:\/\/cortenstaalverkoop.nl\/#website"},"primaryImageOfPage":{"@id":"https:\/\/cortenstaalverkoop.nl\/product\/cortenstaal-sokkel\/#primaryimage"},"image":{"@id":"https:\/\/cortenstaalverkoop.nl\/product\/cortenstaal-sokkel\/#primaryimage"},"thumbnailUrl":"https:\/\/cortenstaalverkoop.nl\/wp-content\/uploads\/2019\/12\/U-SOKKEL-CKU-01.jpg","datePublished":"2019-12-19T15:26:02+00:00","dateModified":"2026-04-03T12:19:32+00:00","description":"\u2705 Corten st\u00e5l sokkel i forskellige st\u00f8rrelser.\u2705 den bedste kvalitet \u2705 5 \u00e5rs garanti! Bestil nemt og billigt fra cortenstaalverkoop.nl","breadcrumb":{"@id":"https:\/\/cortenstaalverkoop.nl\/product\/cortenstaal-sokkel\/#breadcrumb"},"inLanguage":"da-DK","potentialAction":[{"@type":"ReadAction","target":["https:\/\/cortenstaalverkoop.nl\/product\/cortenstaal-sokkel\/"]}]},{"@type":"ImageObject","inLanguage":"da-DK","@id":"https:\/\/cortenstaalverkoop.nl\/product\/cortenstaal-sokkel\/#primaryimage","url":"https:\/\/cortenstaalverkoop.nl\/wp-content\/uploads\/2019\/12\/U-SOKKEL-CKU-01.jpg","contentUrl":"https:\/\/cortenstaalverkoop.nl\/wp-content\/uploads\/2019\/12\/U-SOKKEL-CKU-01.jpg","width":1772,"height":1772,"caption":"Cortenstaal sokkel"},{"@type":"BreadcrumbList","@id":"https:\/\/cortenstaalverkoop.nl\/product\/cortenstaal-sokkel\/#breadcrumb","itemListElement":[{"@type":"ListItem","position":1,"name":"Home","item":"https:\/\/cortenstaalverkoop.nl\/"},{"@type":"ListItem","position":2,"name":"Assortiment","item":"https:\/\/cortenstaalverkoop.nl\/assortiment-cortenstaal\/"},{"@type":"ListItem","position":3,"name":"Cortenstaal sokkel"}]},{"@type":"WebSite","@id":"https:\/\/cortenstaalverkoop.nl\/#website","url":"https:\/\/cortenstaalverkoop.nl\/","name":"Cortenstaalverkoop.nl","description":"den cortenstaal specialist!","publisher":{"@id":"https:\/\/cortenstaalverkoop.nl\/#organization"},"potentialAction":[{"@type":"SearchAction","target":{"@type":"EntryPoint","urlTemplate":"https:\/\/cortenstaalverkoop.nl\/?s={search_term_string}"},"query-input":{"@type":"PropertyValueSpecification","valueRequired":true,"valueName":"search_term_string"}}],"inLanguage":"da-DK"},{"@type":"Organization","@id":"https:\/\/cortenstaalverkoop.nl\/#organization","name":"Cortenstaalverkoop.nl","url":"https:\/\/cortenstaalverkoop.nl\/","logo":{"@type":"ImageObject","inLanguage":"da-DK","@id":"https:\/\/cortenstaalverkoop.nl\/#\/schema\/logo\/image\/","url":"https:\/\/cortenstaalverkoop.nl\/wp-content\/uploads\/2019\/11\/cortenstaal-logo-1.png","contentUrl":"https:\/\/cortenstaalverkoop.nl\/wp-content\/uploads\/2019\/11\/cortenstaal-logo-1.png","width":480,"height":163,"caption":"Cortenstaalverkoop.nl"},"image":{"@id":"https:\/\/cortenstaalverkoop.nl\/#\/schema\/logo\/image\/"}}]}},"_links":{"self":[{"href":"https:\/\/cortenstaalverkoop.nl\/da\/wp-json\/wp\/v2\/product\/1457","targetHints":{"allow":["GET"]}}],"collection":[{"href":"https:\/\/cortenstaalverkoop.nl\/da\/wp-json\/wp\/v2\/product"}],"about":[{"href":"https:\/\/cortenstaalverkoop.nl\/da\/wp-json\/wp\/v2\/types\/product"}],"version-history":[{"count":16,"href":"https:\/\/cortenstaalverkoop.nl\/da\/wp-json\/wp\/v2\/product\/1457\/revisions"}],"predecessor-version":[{"id":11124,"href":"https:\/\/cortenstaalverkoop.nl\/da\/wp-json\/wp\/v2\/product\/1457\/revisions\/11124"}],"wp:featuredmedia":[{"embeddable":true,"href":"https:\/\/cortenstaalverkoop.nl\/da\/wp-json\/wp\/v2\/media\/1458"}],"wp:attachment":[{"href":"https:\/\/cortenstaalverkoop.nl\/da\/wp-json\/wp\/v2\/media?parent=1457"}],"wp:term":[{"taxonomy":"product_brand","embeddable":true,"href":"https:\/\/cortenstaalverkoop.nl\/da\/wp-json\/wp\/v2\/product_brand?post=1457"},{"taxonomy":"product_cat","embeddable":true,"href":"https:\/\/cortenstaalverkoop.nl\/da\/wp-json\/wp\/v2\/product_cat?post=1457"},{"taxonomy":"product_tag","embeddable":true,"href":"https:\/\/cortenstaalverkoop.nl\/da\/wp-json\/wp\/v2\/product_tag?post=1457"}],"curies":[{"name":"wp","href":"https:\/\/api.w.org\/{rel}","templated":true}]}}