{"id":1740,"date":"2019-12-29T17:01:39","date_gmt":"2019-12-29T16:01:39","guid":{"rendered":"https:\/\/cortenstaalverkoop.nl\/?post_type=product&#038;p=1740"},"modified":"2026-04-15T09:11:48","modified_gmt":"2026-04-15T07:11:48","slug":"corten-stal-oplagring-af-trae","status":"publish","type":"product","link":"https:\/\/cortenstaalverkoop.nl\/da\/product\/cortenstaal-houtopslag\/","title":{"rendered":"Corten st\u00e5l oplagring af tr\u00e6"},"content":{"rendered":"<p data-start=\"179\" data-end=\"575\">Dette br\u00e6ndelager i cortenst\u00e5l skiller sig ud med sit enkle og stilrene design \u2013 en fryd for \u00f8jet. Placerer du det foran en kedelig mur, bliver muren straks et visuelt h\u00f8jdepunkt. Dit br\u00e6nde forbliver t\u00f8rt, og hele haven f\u00e5r et nyt og stilfuldt udtryk. Kombin\u00e9r br\u00e6ndelageret med en af vores smukke havepejse eller b\u00e5lfade for det fuldendte udtryk.<\/p>\n<p data-start=\"577\" data-end=\"707\">Til h\u00f8jder fra 120 cm bruger vi 3 mm tykt cortenst\u00e5l. Bredder p\u00e5 60, 80 og 100 cm fremstilles i 2 mm tykt cortenst\u00e5l.<\/p>\n<p data-start=\"709\" data-end=\"1059\">Vi leverer alle vores produkter i cortenst\u00e5l i en ikke-rustet tilstand. Vejrp\u00e5virkninger s\u00e6tter automatisk gang i rustprocessen. Efter cirka 4 til 5 m\u00e5neder er produktet d\u00e6kket af en komplet rustpatina. I denne periode kan br\u00e6ndelageret stadig afgive lidt farve, men det stopper herefter. Cortenst\u00e5l gennemt\u00e6rer ikke og kan derfor st\u00e5 ude \u00e5ret rundt \u2013 uanset vejret.<\/p>\n<p data-start=\"1061\" data-end=\"1153\">Vi v\u00e6gter kvalitet h\u00f8jt \u2013 derfor giver vi 5 \u00e5rs garanti p\u00e5 alle vores produkter.<\/p>\n<h4>Fordele:<\/h4>\n<ul>\n<li>Meget st\u00e6rk og modstandsdygtig over for slid<\/li>\n<li>Vedligeholdelsesfri<\/li>\n<li>Vindt\u00e6t og derfor holdbart materiale<\/li>\n<li>Varm og naturlig udseende<\/li>\n<li>Vi bruger kun de bedste Corten St\u00e5l type S355JOWP<\/li>\n<li>5 \u00e5rs garanti!<\/li>\n<\/ul>\n<p>Produkterne skal v\u00e6re pakket ud umiddelbart efter levering. Fordi det er vigtigt, at eventuel fugt mellem emballage og produktet, kan blive fjernet \u00f8jeblikkeligt. Dette kan ellers medf\u00f8re uregelm\u00e6ssig rust og pletter.<\/p>\n<h5>Oplysninger om produktet cortenstaal:<\/h5>\n<p><a href=\"https:\/\/nl.wikipedia.org\/wiki\/Cortenstaal\" target=\"_blank\" rel=\"noopener noreferrer\">Cor-Ten st\u00e5l<\/a> ogs\u00e5 kendt som vejrbestandigt st\u00e5l. Det er et metal, en legering, der best\u00e5r af jern, som kobber, silicium, nikkel og chrom er tilf\u00f8jet. Corten st\u00e5l er en meget st\u00e6rk type af st\u00e5l. Fordi det har den egenskab, at d\u00e6kke sig med et beskyttende lag rust, n\u00e5r de uds\u00e6ttes for luft udefra. Denne naturlige solidt rust lag danner beskyttelse mod yderligere korrosion.<\/p>","protected":false},"excerpt":{"rendered":"<p>Br\u00e6ndelageret i cortenst\u00e5l er en solid og p\u00e5lidelig l\u00f8sning til optimal opbevaring af dit br\u00e6nde. Det holder ikke kun tr\u00e6et t\u00f8rt \u2013 det giver ogs\u00e5 hele haven et nyt og stilfuldt udtryk. Cortenst\u00e5l-br\u00e6ndelageret kan desuden bruges som afsk\u00e6rmning i haven eller som l\u00e6hegn.\n\nFra en h\u00f8jde p\u00e5 120 cm anvender vi 3 mm tykt cortenst\u00e5l. Til bredder p\u00e5 60, 80 og 100 cm bruger vi 2 mm tykt st\u00e5l. Det beskyttende lag af rust varierer i farve fra varm orange til r\u00f8dbrun og tilf\u00f8rer haven et flot, industrielt pr\u00e6g.<\/p>\n<p>Det tr\u00e6, storage-enheder er udstyret med en ombygget kanten af 50 mm som standard. Bunden er svejset p\u00e5 hovedet, 50 mm fra jorden, s\u00e5 der ikke er vand forbliver i den.<\/p>","protected":false},"featured_media":7853,"template":"","meta":{"site-sidebar-layout":"default","site-content-layout":"default","ast-site-content-layout":"default","site-content-style":"default","site-sidebar-style":"default","ast-global-header-display":"","ast-banner-title-visibility":"","ast-main-header-display":"","ast-hfb-above-header-display":"","ast-hfb-below-header-display":"","ast-hfb-mobile-header-display":"","site-post-title":"","ast-breadcrumbs-content":"","ast-featured-img":"","footer-sml-layout":"","ast-disable-related-posts":"","theme-transparent-header-meta":"default","adv-header-id-meta":"","stick-header-meta":"","header-above-stick-meta":"","header-main-stick-meta":"","header-below-stick-meta":"","astra-migrate-meta-layouts":"set","ast-page-background-enabled":"default","ast-page-background-meta":{"desktop":{"background-color":"","background-image":"","background-repeat":"repeat","background-position":"center center","background-size":"auto","background-attachment":"scroll","background-type":"","background-media":"","overlay-type":"","overlay-color":"","overlay-opacity":"","overlay-gradient":""},"tablet":{"background-color":"","background-image":"","background-repeat":"repeat","background-position":"center center","background-size":"auto","background-attachment":"scroll","background-type":"","background-media":"","overlay-type":"","overlay-color":"","overlay-opacity":"","overlay-gradient":""},"mobile":{"background-color":"","background-image":"","background-repeat":"repeat","background-position":"center center","background-size":"auto","background-attachment":"scroll","background-type":"","background-media":"","overlay-type":"","overlay-color":"","overlay-opacity":"","overlay-gradient":""}},"ast-content-background-meta":{"desktop":{"background-color":"var(--ast-global-color-5)","background-image":"","background-repeat":"repeat","background-position":"center center","background-size":"auto","background-attachment":"scroll","background-type":"","background-media":"","overlay-type":"","overlay-color":"","overlay-opacity":"","overlay-gradient":""},"tablet":{"background-color":"var(--ast-global-color-5)","background-image":"","background-repeat":"repeat","background-position":"center center","background-size":"auto","background-attachment":"scroll","background-type":"","background-media":"","overlay-type":"","overlay-color":"","overlay-opacity":"","overlay-gradient":""},"mobile":{"background-color":"var(--ast-global-color-5)","background-image":"","background-repeat":"repeat","background-position":"center center","background-size":"auto","background-attachment":"scroll","background-type":"","background-media":"","overlay-type":"","overlay-color":"","overlay-opacity":"","overlay-gradient":""}}},"product_brand":[],"product_cat":[58],"product_tag":[],"class_list":{"0":"post-1740","1":"product","2":"type-product","3":"status-publish","4":"has-post-thumbnail","6":"product_cat-cortenstaal-vuurelementen","7":"product_shipping_class-fritom","8":"desktop-align-left","9":"tablet-align-left","10":"mobile-align-left","12":"first","13":"instock","14":"taxable","15":"shipping-taxable","16":"purchasable","17":"product-type-variable"},"yoast_head":"<!-- This site is optimized with the Yoast SEO plugin v27.4 - https:\/\/yoast.com\/product\/yoast-seo-wordpress\/ -->\n<title>Cortenstaal houtopslag koopt u goedkoop bij cortenstaalverkoop.nl<\/title>\n<meta name=\"description\" content=\"\u2705 Cortenstaal houtopslag in diverse maten.\u2705 de beste kwaliteit \u2705 5 jaar garantie! Bestel uw cortenstaal houtopslag goedkoop bij cortenstaalverkoop.nl\" \/>\n<meta name=\"robots\" content=\"index, follow, max-snippet:-1, max-image-preview:large, max-video-preview:-1\" \/>\n<link rel=\"canonical\" href=\"https:\/\/cortenstaalverkoop.nl\/da\/vare\/corten-stal-oplagring-af-trae\/\" \/>\n<meta property=\"og:locale\" content=\"da_DK\" \/>\n<meta property=\"og:type\" content=\"article\" \/>\n<meta property=\"og:title\" content=\"Cortenstaal houtopslag koopt u goedkoop bij cortenstaalverkoop.nl\" \/>\n<meta property=\"og:description\" content=\"\u2705 Cortenstaal houtopslag in diverse maten.\u2705 de beste kwaliteit \u2705 5 jaar garantie! Bestel uw cortenstaal houtopslag goedkoop bij cortenstaalverkoop.nl\" \/>\n<meta property=\"og:url\" content=\"https:\/\/cortenstaalverkoop.nl\/da\/vare\/corten-stal-oplagring-af-trae\/\" \/>\n<meta property=\"og:site_name\" content=\"Cortenstaalverkoop.nl\" \/>\n<meta property=\"article:modified_time\" content=\"2026-04-15T07:11:48+00:00\" \/>\n<meta property=\"og:image\" content=\"https:\/\/cortenstaalverkoop.nl\/wp-content\/uploads\/2022\/09\/houtopslag-100-BHS1.png\" \/>\n\t<meta property=\"og:image:width\" content=\"699\" \/>\n\t<meta property=\"og:image:height\" content=\"699\" \/>\n\t<meta property=\"og:image:type\" content=\"image\/png\" \/>\n<meta name=\"twitter:card\" content=\"summary_large_image\" \/>\n<meta name=\"twitter:label1\" content=\"Estimeret l\u00e6setid\" \/>\n\t<meta name=\"twitter:data1\" content=\"2 minutter\" \/>\n<script type=\"application\/ld+json\" class=\"yoast-schema-graph\">{\"@context\":\"https:\\\/\\\/schema.org\",\"@graph\":[{\"@type\":\"WebPage\",\"@id\":\"https:\\\/\\\/cortenstaalverkoop.nl\\\/product\\\/cortenstaal-houtopslag\\\/\",\"url\":\"https:\\\/\\\/cortenstaalverkoop.nl\\\/product\\\/cortenstaal-houtopslag\\\/\",\"name\":\"Cortenstaal houtopslag koopt u goedkoop bij cortenstaalverkoop.nl\",\"isPartOf\":{\"@id\":\"https:\\\/\\\/cortenstaalverkoop.nl\\\/#website\"},\"primaryImageOfPage\":{\"@id\":\"https:\\\/\\\/cortenstaalverkoop.nl\\\/product\\\/cortenstaal-houtopslag\\\/#primaryimage\"},\"image\":{\"@id\":\"https:\\\/\\\/cortenstaalverkoop.nl\\\/product\\\/cortenstaal-houtopslag\\\/#primaryimage\"},\"thumbnailUrl\":\"https:\\\/\\\/cortenstaalverkoop.nl\\\/wp-content\\\/uploads\\\/2022\\\/09\\\/houtopslag-100-BHS1.png\",\"datePublished\":\"2019-12-29T16:01:39+00:00\",\"dateModified\":\"2026-04-15T07:11:48+00:00\",\"description\":\"\u2705 Cortenstaal houtopslag in diverse maten.\u2705 de beste kwaliteit \u2705 5 jaar garantie! Bestel uw cortenstaal houtopslag goedkoop bij cortenstaalverkoop.nl\",\"breadcrumb\":{\"@id\":\"https:\\\/\\\/cortenstaalverkoop.nl\\\/product\\\/cortenstaal-houtopslag\\\/#breadcrumb\"},\"inLanguage\":\"da-DK\",\"potentialAction\":[{\"@type\":\"ReadAction\",\"target\":[\"https:\\\/\\\/cortenstaalverkoop.nl\\\/product\\\/cortenstaal-houtopslag\\\/\"]}]},{\"@type\":\"ImageObject\",\"inLanguage\":\"da-DK\",\"@id\":\"https:\\\/\\\/cortenstaalverkoop.nl\\\/product\\\/cortenstaal-houtopslag\\\/#primaryimage\",\"url\":\"https:\\\/\\\/cortenstaalverkoop.nl\\\/wp-content\\\/uploads\\\/2022\\\/09\\\/houtopslag-100-BHS1.png\",\"contentUrl\":\"https:\\\/\\\/cortenstaalverkoop.nl\\\/wp-content\\\/uploads\\\/2022\\\/09\\\/houtopslag-100-BHS1.png\",\"width\":699,\"height\":699,\"caption\":\"Cortenstaal houtopslag\"},{\"@type\":\"BreadcrumbList\",\"@id\":\"https:\\\/\\\/cortenstaalverkoop.nl\\\/product\\\/cortenstaal-houtopslag\\\/#breadcrumb\",\"itemListElement\":[{\"@type\":\"ListItem\",\"position\":1,\"name\":\"Home\",\"item\":\"https:\\\/\\\/cortenstaalverkoop.nl\\\/\"},{\"@type\":\"ListItem\",\"position\":2,\"name\":\"Assortiment\",\"item\":\"https:\\\/\\\/cortenstaalverkoop.nl\\\/assortiment-cortenstaal\\\/\"},{\"@type\":\"ListItem\",\"position\":3,\"name\":\"Cortenstaal houtopslag\"}]},{\"@type\":\"WebSite\",\"@id\":\"https:\\\/\\\/cortenstaalverkoop.nl\\\/#website\",\"url\":\"https:\\\/\\\/cortenstaalverkoop.nl\\\/\",\"name\":\"Cortenstaalverkoop.nl\",\"description\":\"de cortenstaal specialist!\",\"publisher\":{\"@id\":\"https:\\\/\\\/cortenstaalverkoop.nl\\\/#organization\"},\"potentialAction\":[{\"@type\":\"SearchAction\",\"target\":{\"@type\":\"EntryPoint\",\"urlTemplate\":\"https:\\\/\\\/cortenstaalverkoop.nl\\\/?s={search_term_string}\"},\"query-input\":{\"@type\":\"PropertyValueSpecification\",\"valueRequired\":true,\"valueName\":\"search_term_string\"}}],\"inLanguage\":\"da-DK\"},{\"@type\":\"Organization\",\"@id\":\"https:\\\/\\\/cortenstaalverkoop.nl\\\/#organization\",\"name\":\"Cortenstaalverkoop.nl\",\"url\":\"https:\\\/\\\/cortenstaalverkoop.nl\\\/\",\"logo\":{\"@type\":\"ImageObject\",\"inLanguage\":\"da-DK\",\"@id\":\"https:\\\/\\\/cortenstaalverkoop.nl\\\/#\\\/schema\\\/logo\\\/image\\\/\",\"url\":\"https:\\\/\\\/cortenstaalverkoop.nl\\\/wp-content\\\/uploads\\\/2019\\\/11\\\/cortenstaal-logo-1.png\",\"contentUrl\":\"https:\\\/\\\/cortenstaalverkoop.nl\\\/wp-content\\\/uploads\\\/2019\\\/11\\\/cortenstaal-logo-1.png\",\"width\":480,\"height\":163,\"caption\":\"Cortenstaalverkoop.nl\"},\"image\":{\"@id\":\"https:\\\/\\\/cortenstaalverkoop.nl\\\/#\\\/schema\\\/logo\\\/image\\\/\"}}]}<\/script>\n<!-- \/ Yoast SEO plugin. -->","yoast_head_json":{"title":"Du kan k\u00f8be Corten st\u00e5l oplagring af tr\u00e6 billigt fra cortenstaalverkoop.nl","description":"\u2705 Corten st\u00e5l oplagring af tr\u00e6 i forskellige st\u00f8rrelser.\u2705 den bedste kvalitet \u2705 5 \u00e5rs garanti! Bestil din Corten st\u00e5l oplagring af tr\u00e6 fra billige cortenstaalverkoop.nl","robots":{"index":"index","follow":"follow","max-snippet":"max-snippet:-1","max-image-preview":"max-image-preview:large","max-video-preview":"max-video-preview:-1"},"canonical":"https:\/\/cortenstaalverkoop.nl\/da\/vare\/corten-stal-oplagring-af-trae\/","og_locale":"da_DK","og_type":"article","og_title":"Cortenstaal houtopslag koopt u goedkoop bij cortenstaalverkoop.nl","og_description":"\u2705 Cortenstaal houtopslag in diverse maten.\u2705 de beste kwaliteit \u2705 5 jaar garantie! Bestel uw cortenstaal houtopslag goedkoop bij cortenstaalverkoop.nl","og_url":"https:\/\/cortenstaalverkoop.nl\/da\/vare\/corten-stal-oplagring-af-trae\/","og_site_name":"Cortenstaalverkoop.nl","article_modified_time":"2026-04-15T07:11:48+00:00","og_image":[{"width":699,"height":699,"url":"https:\/\/cortenstaalverkoop.nl\/wp-content\/uploads\/2022\/09\/houtopslag-100-BHS1.png","type":"image\/png"}],"twitter_card":"summary_large_image","twitter_misc":{"Estimeret l\u00e6setid":"2 minutter"},"schema":{"@context":"https:\/\/schema.org","@graph":[{"@type":"WebPage","@id":"https:\/\/cortenstaalverkoop.nl\/product\/cortenstaal-houtopslag\/","url":"https:\/\/cortenstaalverkoop.nl\/product\/cortenstaal-houtopslag\/","name":"Du kan k\u00f8be Corten st\u00e5l oplagring af tr\u00e6 billigt fra cortenstaalverkoop.nl","isPartOf":{"@id":"https:\/\/cortenstaalverkoop.nl\/#website"},"primaryImageOfPage":{"@id":"https:\/\/cortenstaalverkoop.nl\/product\/cortenstaal-houtopslag\/#primaryimage"},"image":{"@id":"https:\/\/cortenstaalverkoop.nl\/product\/cortenstaal-houtopslag\/#primaryimage"},"thumbnailUrl":"https:\/\/cortenstaalverkoop.nl\/wp-content\/uploads\/2022\/09\/houtopslag-100-BHS1.png","datePublished":"2019-12-29T16:01:39+00:00","dateModified":"2026-04-15T07:11:48+00:00","description":"\u2705 Corten st\u00e5l oplagring af tr\u00e6 i forskellige st\u00f8rrelser.\u2705 den bedste kvalitet \u2705 5 \u00e5rs garanti! Bestil din Corten st\u00e5l oplagring af tr\u00e6 fra billige cortenstaalverkoop.nl","breadcrumb":{"@id":"https:\/\/cortenstaalverkoop.nl\/product\/cortenstaal-houtopslag\/#breadcrumb"},"inLanguage":"da-DK","potentialAction":[{"@type":"ReadAction","target":["https:\/\/cortenstaalverkoop.nl\/product\/cortenstaal-houtopslag\/"]}]},{"@type":"ImageObject","inLanguage":"da-DK","@id":"https:\/\/cortenstaalverkoop.nl\/product\/cortenstaal-houtopslag\/#primaryimage","url":"https:\/\/cortenstaalverkoop.nl\/wp-content\/uploads\/2022\/09\/houtopslag-100-BHS1.png","contentUrl":"https:\/\/cortenstaalverkoop.nl\/wp-content\/uploads\/2022\/09\/houtopslag-100-BHS1.png","width":699,"height":699,"caption":"Cortenstaal houtopslag"},{"@type":"BreadcrumbList","@id":"https:\/\/cortenstaalverkoop.nl\/product\/cortenstaal-houtopslag\/#breadcrumb","itemListElement":[{"@type":"ListItem","position":1,"name":"Home","item":"https:\/\/cortenstaalverkoop.nl\/"},{"@type":"ListItem","position":2,"name":"Assortiment","item":"https:\/\/cortenstaalverkoop.nl\/assortiment-cortenstaal\/"},{"@type":"ListItem","position":3,"name":"Cortenstaal houtopslag"}]},{"@type":"WebSite","@id":"https:\/\/cortenstaalverkoop.nl\/#website","url":"https:\/\/cortenstaalverkoop.nl\/","name":"Cortenstaalverkoop.nl","description":"den cortenstaal specialist!","publisher":{"@id":"https:\/\/cortenstaalverkoop.nl\/#organization"},"potentialAction":[{"@type":"SearchAction","target":{"@type":"EntryPoint","urlTemplate":"https:\/\/cortenstaalverkoop.nl\/?s={search_term_string}"},"query-input":{"@type":"PropertyValueSpecification","valueRequired":true,"valueName":"search_term_string"}}],"inLanguage":"da-DK"},{"@type":"Organization","@id":"https:\/\/cortenstaalverkoop.nl\/#organization","name":"Cortenstaalverkoop.nl","url":"https:\/\/cortenstaalverkoop.nl\/","logo":{"@type":"ImageObject","inLanguage":"da-DK","@id":"https:\/\/cortenstaalverkoop.nl\/#\/schema\/logo\/image\/","url":"https:\/\/cortenstaalverkoop.nl\/wp-content\/uploads\/2019\/11\/cortenstaal-logo-1.png","contentUrl":"https:\/\/cortenstaalverkoop.nl\/wp-content\/uploads\/2019\/11\/cortenstaal-logo-1.png","width":480,"height":163,"caption":"Cortenstaalverkoop.nl"},"image":{"@id":"https:\/\/cortenstaalverkoop.nl\/#\/schema\/logo\/image\/"}}]}},"_links":{"self":[{"href":"https:\/\/cortenstaalverkoop.nl\/da\/wp-json\/wp\/v2\/product\/1740","targetHints":{"allow":["GET"]}}],"collection":[{"href":"https:\/\/cortenstaalverkoop.nl\/da\/wp-json\/wp\/v2\/product"}],"about":[{"href":"https:\/\/cortenstaalverkoop.nl\/da\/wp-json\/wp\/v2\/types\/product"}],"version-history":[{"count":35,"href":"https:\/\/cortenstaalverkoop.nl\/da\/wp-json\/wp\/v2\/product\/1740\/revisions"}],"predecessor-version":[{"id":11181,"href":"https:\/\/cortenstaalverkoop.nl\/da\/wp-json\/wp\/v2\/product\/1740\/revisions\/11181"}],"wp:featuredmedia":[{"embeddable":true,"href":"https:\/\/cortenstaalverkoop.nl\/da\/wp-json\/wp\/v2\/media\/7853"}],"wp:attachment":[{"href":"https:\/\/cortenstaalverkoop.nl\/da\/wp-json\/wp\/v2\/media?parent=1740"}],"wp:term":[{"taxonomy":"product_brand","embeddable":true,"href":"https:\/\/cortenstaalverkoop.nl\/da\/wp-json\/wp\/v2\/product_brand?post=1740"},{"taxonomy":"product_cat","embeddable":true,"href":"https:\/\/cortenstaalverkoop.nl\/da\/wp-json\/wp\/v2\/product_cat?post=1740"},{"taxonomy":"product_tag","embeddable":true,"href":"https:\/\/cortenstaalverkoop.nl\/da\/wp-json\/wp\/v2\/product_tag?post=1740"}],"curies":[{"name":"wp","href":"https:\/\/api.w.org\/{rel}","templated":true}]}}