{"id":2182,"date":"2020-01-12T20:47:08","date_gmt":"2020-01-12T19:47:08","guid":{"rendered":"https:\/\/cortenstaalverkoop.nl\/?post_type=product&#038;p=2182"},"modified":"2024-11-18T20:29:43","modified_gmt":"2024-11-18T19:29:43","slug":"corten-stal-ildskal-med-bagering","status":"publish","type":"product","link":"https:\/\/cortenstaalverkoop.nl\/da\/product\/cortenstaal-vuurschaal-met-bakring\/","title":{"rendered":"Corten st\u00e5l ildsk\u00e5l med bagering"},"content":{"rendered":"<div data-elementor-type=\"wp-post\" data-elementor-id=\"2182\" class=\"elementor elementor-2182\">\n\t\t\t\t\t\t<section class=\"elementor-section elementor-top-section elementor-element elementor-element-42b69f59 elementor-section-boxed elementor-section-height-default elementor-section-height-default\" data-id=\"42b69f59\" data-element_type=\"section\" data-e-type=\"section\">\n\t\t\t\t\t\t<div class=\"elementor-container elementor-column-gap-default\">\n\t\t\t\t\t<div class=\"elementor-column elementor-col-100 elementor-top-column elementor-element elementor-element-274b631a\" data-id=\"274b631a\" data-element_type=\"column\" data-e-type=\"column\">\n\t\t\t<div class=\"elementor-widget-wrap elementor-element-populated\">\n\t\t\t\t\t\t<div class=\"elementor-element elementor-element-7e8ff7f9 elementor-widget elementor-widget-text-editor\" data-id=\"7e8ff7f9\" data-element_type=\"widget\" data-e-type=\"widget\" data-widget_type=\"text-editor.default\">\n\t\t\t\t<div class=\"elementor-widget-container\">\n\t\t\t\t\t\t\t\t\t<p><strong>Denne ildsk\u00e5l i cortenst\u00e5l med bagering kan k\u00f8bes med eller uden grills\u00e6t!<\/strong><\/p><h5>Vigtigt:<\/h5><p>Den f\u00f8rste anvendelse af denne Corten st\u00e5l <a href=\"https:\/\/cortenstaalverkoop.nl\/product\/cortenstaal-vuurelementen\/cortenstaal-vuurschaal\/\" target=\"_blank\" rel=\"noopener\">brand bowl<\/a> met bakring is het heel belangrijk dat je begint met een klein vuur en na 25 minuten<br \/>ilden forts\u00e6tter. P\u00e5 grund af den tunge bageplade p\u00e5 undersiden bliver varmere end<br \/>p\u00e5 toppen, denne temperatur forskel vil f\u00e5 pladen til at hule. Efter den f\u00f8rste brug<br \/>har bageplade &#034; s\u00e6t &#034;, og denne procedure er ikke l\u00e6ngere n\u00f8dvendigt.<br \/>Madlavning enhed vil fungere bedst, hvis det har v\u00e6ret brugt en gang eller to gange og olie<br \/>br\u00e6ndt ind i pladen. Madlavning p\u00e5 bageplade vil v\u00e6re lettere efter denne &#039;burn-in&#039; og<br \/>beskytter pladen fra rust, n\u00e5r den ikke er i brug.<br \/>Det er bedst at stege med vegetabilsk olie med en h\u00f8j grad af forbr\u00e6nding, for eksempel<br \/>solsikke olie.<\/p><p>Efter cirka 25-30 minutter ved fyring, bageplade vil sl\u00e5 fra<br \/>temperatur p\u00e5 275-300\u00b0C. N\u00e5r ilden er i gang, kan du starte<br \/>med bageplade med olie, give afkald p\u00e5 nogle mere olie, hvor du kommer til at bage. P\u00e5 den ydre kant er<br \/>temperaturen er lidt lavere, s\u00e5 du kan veksle med stegning og holde sig varm. P\u00e5<br \/>varme bageplade vil tr\u00e6kke det lidt hult. S\u00e5 overskydende olie og fedtstoffer, vil<br \/>automatisk ind i ilden. Som bageplade k\u00f8ler, vil det helt rette. Efter brug, skal du fjerne den aske.<\/p><p><strong>De grillset bestaat uit drie belangrijke onderdelen:<\/strong> een grill lifter, een grill raiser en een flushgrill. Met de grill lifter kun je eenvoudig de flushgrill oppakken uit de SEARE ring. Deze flushgrill kan vervolgens op de grill raiser worden geplaatst. De grill raiser fungeert als een extra grill, waardoor je verschillende temperaturen kunt cre\u00ebren voor het bakken van voedsel. Daarnaast heeft de grillset een ingebouwde foodbumper, waardoor je voedsel veilig blijft en niet per ongeluk in het vuur belandt.<\/p><h6>Varer leveres ikke:<\/h6><p>Produkterne skal v\u00e6re pakket ud umiddelbart efter leveringen, s\u00e5ledes at eventuel fugt mellem<br \/>emballagen og produktet er ikke vedlagt. Dette kan for\u00e5rsage uregelm\u00e6ssige rust og pletter<br \/>\u00e5rsag.<\/p><p><strong>Oplysninger om produktet cortenstaal:<\/strong><br \/><a href=\"https:\/\/nl.wikipedia.org\/wiki\/Cortenstaal\" target=\"_blank\" rel=\"noopener noreferrer\">Cor-Ten st\u00e5l<\/a> ogs\u00e5 kendt som vejrlig st\u00e5l. Det er et metal, en legering, der best\u00e5r af jern, som kobber, silicium, nikkel og krom er blevet tilf\u00f8jet. Cor-Ten er derfor en meget st\u00e6rk type af st\u00e5l, der har den egenskab at d\u00e6kke sig med et beskyttende lag rust, n\u00e5r de uds\u00e6ttes for luft udefra. Efter at dette lag udg\u00f8r en beskyttelse mod yderligere korrosion. Karakteristisk for Corten st\u00e5l er orange-brun rust farve og lang levetid.<\/p>\t\t\t\t\t\t\t\t<\/div>\n\t\t\t\t<\/div>\n\t\t\t\t\t<\/div>\n\t\t<\/div>\n\t\t\t\t\t<\/div>\n\t\t<\/section>\n\t\t\t\t<\/div>","protected":false},"excerpt":{"rendered":"<p>Denne ildsk\u00e5l i cortenst\u00e5l med bagering er lavet i 3 mm tykt st\u00e5l. Basen er lavet af 8 mm tykt st\u00e5l. Bageplade lavet af 10 mm S235 st\u00e5l.<\/p>\n<p>De enkle runde form giver dig mulighed for at nyde varmen og atmosf\u00e6ren, at denne brand Sk\u00e5l vil give fra alle sider. Standard med dr\u00e6nhuller. Efter brug, skal du fjerne den aske.<\/p>\n<p>Diameter 63 cm, h\u00f8jde 60 cm. Leveres med rustfrit st\u00e5l monteringsmaterialer.<\/p>","protected":false},"featured_media":5938,"template":"","meta":{"site-sidebar-layout":"default","site-content-layout":"default","ast-site-content-layout":"default","site-content-style":"default","site-sidebar-style":"default","ast-global-header-display":"","ast-banner-title-visibility":"","ast-main-header-display":"","ast-hfb-above-header-display":"","ast-hfb-below-header-display":"","ast-hfb-mobile-header-display":"","site-post-title":"","ast-breadcrumbs-content":"","ast-featured-img":"","footer-sml-layout":"","ast-disable-related-posts":"","theme-transparent-header-meta":"default","adv-header-id-meta":"","stick-header-meta":"","header-above-stick-meta":"","header-main-stick-meta":"","header-below-stick-meta":"","astra-migrate-meta-layouts":"set","ast-page-background-enabled":"default","ast-page-background-meta":{"desktop":{"background-color":"","background-image":"","background-repeat":"repeat","background-position":"center center","background-size":"auto","background-attachment":"scroll","background-type":"","background-media":"","overlay-type":"","overlay-color":"","overlay-opacity":"","overlay-gradient":""},"tablet":{"background-color":"","background-image":"","background-repeat":"repeat","background-position":"center center","background-size":"auto","background-attachment":"scroll","background-type":"","background-media":"","overlay-type":"","overlay-color":"","overlay-opacity":"","overlay-gradient":""},"mobile":{"background-color":"","background-image":"","background-repeat":"repeat","background-position":"center center","background-size":"auto","background-attachment":"scroll","background-type":"","background-media":"","overlay-type":"","overlay-color":"","overlay-opacity":"","overlay-gradient":""}},"ast-content-background-meta":{"desktop":{"background-color":"var(--ast-global-color-5)","background-image":"","background-repeat":"repeat","background-position":"center center","background-size":"auto","background-attachment":"scroll","background-type":"","background-media":"","overlay-type":"","overlay-color":"","overlay-opacity":"","overlay-gradient":""},"tablet":{"background-color":"var(--ast-global-color-5)","background-image":"","background-repeat":"repeat","background-position":"center center","background-size":"auto","background-attachment":"scroll","background-type":"","background-media":"","overlay-type":"","overlay-color":"","overlay-opacity":"","overlay-gradient":""},"mobile":{"background-color":"var(--ast-global-color-5)","background-image":"","background-repeat":"repeat","background-position":"center center","background-size":"auto","background-attachment":"scroll","background-type":"","background-media":"","overlay-type":"","overlay-color":"","overlay-opacity":"","overlay-gradient":""}}},"product_brand":[],"product_cat":[58],"product_tag":[],"class_list":{"0":"post-2182","1":"product","2":"type-product","3":"status-publish","4":"has-post-thumbnail","6":"product_cat-cortenstaal-vuurelementen","7":"product_shipping_class-fritom","8":"desktop-align-left","9":"tablet-align-left","10":"mobile-align-left","12":"first","13":"instock","14":"taxable","15":"shipping-taxable","16":"purchasable","17":"product-type-variable"},"yoast_head":"<!-- This site is optimized with the Yoast SEO plugin v27.4 - https:\/\/yoast.com\/product\/yoast-seo-wordpress\/ -->\n<title>Cortenstaal vuurschaal met bakring, bij cortenstaalverkoop.nl<\/title>\n<meta name=\"description\" content=\"\u2705 Cortenstaal vuurschaal met bakring. \u2705 de beste kwaliteit. \u2705 5 jaar garantie! Bestel eenvoudig en goedkoop bij cortenstaalverkoop.nl\" \/>\n<meta name=\"robots\" content=\"index, follow, max-snippet:-1, max-image-preview:large, max-video-preview:-1\" \/>\n<link rel=\"canonical\" href=\"https:\/\/cortenstaalverkoop.nl\/da\/vare\/corten-stal-ildskal-med-bagering\/\" \/>\n<meta property=\"og:locale\" content=\"da_DK\" \/>\n<meta property=\"og:type\" content=\"article\" \/>\n<meta property=\"og:title\" content=\"Cortenstaal vuurschaal met bakring, bij cortenstaalverkoop.nl\" \/>\n<meta property=\"og:description\" content=\"\u2705 Cortenstaal vuurschaal met bakring. \u2705 de beste kwaliteit. \u2705 5 jaar garantie! Bestel eenvoudig en goedkoop bij cortenstaalverkoop.nl\" \/>\n<meta property=\"og:url\" content=\"https:\/\/cortenstaalverkoop.nl\/da\/vare\/corten-stal-ildskal-med-bagering\/\" \/>\n<meta property=\"og:site_name\" content=\"Cortenstaalverkoop.nl\" \/>\n<meta property=\"article:modified_time\" content=\"2024-11-18T19:29:43+00:00\" \/>\n<meta property=\"og:image\" content=\"https:\/\/cortenstaalverkoop.nl\/wp-content\/uploads\/2020\/01\/COSA-BCA-baking-tray.png\" \/>\n\t<meta property=\"og:image:width\" content=\"699\" \/>\n\t<meta property=\"og:image:height\" content=\"699\" \/>\n\t<meta property=\"og:image:type\" content=\"image\/png\" \/>\n<meta name=\"twitter:card\" content=\"summary_large_image\" \/>\n<meta name=\"twitter:label1\" content=\"Estimeret l\u00e6setid\" \/>\n\t<meta name=\"twitter:data1\" content=\"3 minutter\" \/>\n<script type=\"application\/ld+json\" class=\"yoast-schema-graph\">{\"@context\":\"https:\\\/\\\/schema.org\",\"@graph\":[{\"@type\":\"WebPage\",\"@id\":\"https:\\\/\\\/cortenstaalverkoop.nl\\\/product\\\/cortenstaal-vuurschaal-met-bakring\\\/\",\"url\":\"https:\\\/\\\/cortenstaalverkoop.nl\\\/product\\\/cortenstaal-vuurschaal-met-bakring\\\/\",\"name\":\"Cortenstaal vuurschaal met bakring, bij cortenstaalverkoop.nl\",\"isPartOf\":{\"@id\":\"https:\\\/\\\/cortenstaalverkoop.nl\\\/#website\"},\"primaryImageOfPage\":{\"@id\":\"https:\\\/\\\/cortenstaalverkoop.nl\\\/product\\\/cortenstaal-vuurschaal-met-bakring\\\/#primaryimage\"},\"image\":{\"@id\":\"https:\\\/\\\/cortenstaalverkoop.nl\\\/product\\\/cortenstaal-vuurschaal-met-bakring\\\/#primaryimage\"},\"thumbnailUrl\":\"https:\\\/\\\/cortenstaalverkoop.nl\\\/wp-content\\\/uploads\\\/2020\\\/01\\\/COSA-BCA-baking-tray.png\",\"datePublished\":\"2020-01-12T19:47:08+00:00\",\"dateModified\":\"2024-11-18T19:29:43+00:00\",\"description\":\"\u2705 Cortenstaal vuurschaal met bakring. \u2705 de beste kwaliteit. \u2705 5 jaar garantie! Bestel eenvoudig en goedkoop bij cortenstaalverkoop.nl\",\"breadcrumb\":{\"@id\":\"https:\\\/\\\/cortenstaalverkoop.nl\\\/product\\\/cortenstaal-vuurschaal-met-bakring\\\/#breadcrumb\"},\"inLanguage\":\"da-DK\",\"potentialAction\":[{\"@type\":\"ReadAction\",\"target\":[\"https:\\\/\\\/cortenstaalverkoop.nl\\\/product\\\/cortenstaal-vuurschaal-met-bakring\\\/\"]}]},{\"@type\":\"ImageObject\",\"inLanguage\":\"da-DK\",\"@id\":\"https:\\\/\\\/cortenstaalverkoop.nl\\\/product\\\/cortenstaal-vuurschaal-met-bakring\\\/#primaryimage\",\"url\":\"https:\\\/\\\/cortenstaalverkoop.nl\\\/wp-content\\\/uploads\\\/2020\\\/01\\\/COSA-BCA-baking-tray.png\",\"contentUrl\":\"https:\\\/\\\/cortenstaalverkoop.nl\\\/wp-content\\\/uploads\\\/2020\\\/01\\\/COSA-BCA-baking-tray.png\",\"width\":699,\"height\":699,\"caption\":\"Cortenstaal vuurschaal op poten\"},{\"@type\":\"BreadcrumbList\",\"@id\":\"https:\\\/\\\/cortenstaalverkoop.nl\\\/product\\\/cortenstaal-vuurschaal-met-bakring\\\/#breadcrumb\",\"itemListElement\":[{\"@type\":\"ListItem\",\"position\":1,\"name\":\"Home\",\"item\":\"https:\\\/\\\/cortenstaalverkoop.nl\\\/\"},{\"@type\":\"ListItem\",\"position\":2,\"name\":\"Assortiment\",\"item\":\"https:\\\/\\\/cortenstaalverkoop.nl\\\/assortiment-cortenstaal\\\/\"},{\"@type\":\"ListItem\",\"position\":3,\"name\":\"Cortenstaal vuurschaal met bakring\"}]},{\"@type\":\"WebSite\",\"@id\":\"https:\\\/\\\/cortenstaalverkoop.nl\\\/#website\",\"url\":\"https:\\\/\\\/cortenstaalverkoop.nl\\\/\",\"name\":\"Cortenstaalverkoop.nl\",\"description\":\"de cortenstaal specialist!\",\"publisher\":{\"@id\":\"https:\\\/\\\/cortenstaalverkoop.nl\\\/#organization\"},\"potentialAction\":[{\"@type\":\"SearchAction\",\"target\":{\"@type\":\"EntryPoint\",\"urlTemplate\":\"https:\\\/\\\/cortenstaalverkoop.nl\\\/?s={search_term_string}\"},\"query-input\":{\"@type\":\"PropertyValueSpecification\",\"valueRequired\":true,\"valueName\":\"search_term_string\"}}],\"inLanguage\":\"da-DK\"},{\"@type\":\"Organization\",\"@id\":\"https:\\\/\\\/cortenstaalverkoop.nl\\\/#organization\",\"name\":\"Cortenstaalverkoop.nl\",\"url\":\"https:\\\/\\\/cortenstaalverkoop.nl\\\/\",\"logo\":{\"@type\":\"ImageObject\",\"inLanguage\":\"da-DK\",\"@id\":\"https:\\\/\\\/cortenstaalverkoop.nl\\\/#\\\/schema\\\/logo\\\/image\\\/\",\"url\":\"https:\\\/\\\/cortenstaalverkoop.nl\\\/wp-content\\\/uploads\\\/2019\\\/11\\\/cortenstaal-logo-1.png\",\"contentUrl\":\"https:\\\/\\\/cortenstaalverkoop.nl\\\/wp-content\\\/uploads\\\/2019\\\/11\\\/cortenstaal-logo-1.png\",\"width\":480,\"height\":163,\"caption\":\"Cortenstaalverkoop.nl\"},\"image\":{\"@id\":\"https:\\\/\\\/cortenstaalverkoop.nl\\\/#\\\/schema\\\/logo\\\/image\\\/\"}}]}<\/script>\n<!-- \/ Yoast SEO plugin. -->","yoast_head_json":{"title":"Cortenstaal vuurschaal met bakring, bij cortenstaalverkoop.nl","description":"\u2705 Cortenstaal vuurschaal met bakring. \u2705 de beste kwaliteit. \u2705 5 jaar garantie! Bestel eenvoudig en goedkoop bij cortenstaalverkoop.nl","robots":{"index":"index","follow":"follow","max-snippet":"max-snippet:-1","max-image-preview":"max-image-preview:large","max-video-preview":"max-video-preview:-1"},"canonical":"https:\/\/cortenstaalverkoop.nl\/da\/vare\/corten-stal-ildskal-med-bagering\/","og_locale":"da_DK","og_type":"article","og_title":"Cortenstaal vuurschaal met bakring, bij cortenstaalverkoop.nl","og_description":"\u2705 Cortenstaal vuurschaal met bakring. \u2705 de beste kwaliteit. \u2705 5 jaar garantie! Bestel eenvoudig en goedkoop bij cortenstaalverkoop.nl","og_url":"https:\/\/cortenstaalverkoop.nl\/da\/vare\/corten-stal-ildskal-med-bagering\/","og_site_name":"Cortenstaalverkoop.nl","article_modified_time":"2024-11-18T19:29:43+00:00","og_image":[{"width":699,"height":699,"url":"https:\/\/cortenstaalverkoop.nl\/wp-content\/uploads\/2020\/01\/COSA-BCA-baking-tray.png","type":"image\/png"}],"twitter_card":"summary_large_image","twitter_misc":{"Estimeret l\u00e6setid":"3 minutter"},"schema":{"@context":"https:\/\/schema.org","@graph":[{"@type":"WebPage","@id":"https:\/\/cortenstaalverkoop.nl\/product\/cortenstaal-vuurschaal-met-bakring\/","url":"https:\/\/cortenstaalverkoop.nl\/product\/cortenstaal-vuurschaal-met-bakring\/","name":"Cortenstaal vuurschaal met bakring, bij cortenstaalverkoop.nl","isPartOf":{"@id":"https:\/\/cortenstaalverkoop.nl\/#website"},"primaryImageOfPage":{"@id":"https:\/\/cortenstaalverkoop.nl\/product\/cortenstaal-vuurschaal-met-bakring\/#primaryimage"},"image":{"@id":"https:\/\/cortenstaalverkoop.nl\/product\/cortenstaal-vuurschaal-met-bakring\/#primaryimage"},"thumbnailUrl":"https:\/\/cortenstaalverkoop.nl\/wp-content\/uploads\/2020\/01\/COSA-BCA-baking-tray.png","datePublished":"2020-01-12T19:47:08+00:00","dateModified":"2024-11-18T19:29:43+00:00","description":"\u2705 Cortenstaal vuurschaal met bakring. \u2705 de beste kwaliteit. \u2705 5 jaar garantie! Bestel eenvoudig en goedkoop bij cortenstaalverkoop.nl","breadcrumb":{"@id":"https:\/\/cortenstaalverkoop.nl\/product\/cortenstaal-vuurschaal-met-bakring\/#breadcrumb"},"inLanguage":"da-DK","potentialAction":[{"@type":"ReadAction","target":["https:\/\/cortenstaalverkoop.nl\/product\/cortenstaal-vuurschaal-met-bakring\/"]}]},{"@type":"ImageObject","inLanguage":"da-DK","@id":"https:\/\/cortenstaalverkoop.nl\/product\/cortenstaal-vuurschaal-met-bakring\/#primaryimage","url":"https:\/\/cortenstaalverkoop.nl\/wp-content\/uploads\/2020\/01\/COSA-BCA-baking-tray.png","contentUrl":"https:\/\/cortenstaalverkoop.nl\/wp-content\/uploads\/2020\/01\/COSA-BCA-baking-tray.png","width":699,"height":699,"caption":"Cortenstaal vuurschaal op poten"},{"@type":"BreadcrumbList","@id":"https:\/\/cortenstaalverkoop.nl\/product\/cortenstaal-vuurschaal-met-bakring\/#breadcrumb","itemListElement":[{"@type":"ListItem","position":1,"name":"Home","item":"https:\/\/cortenstaalverkoop.nl\/"},{"@type":"ListItem","position":2,"name":"Assortiment","item":"https:\/\/cortenstaalverkoop.nl\/assortiment-cortenstaal\/"},{"@type":"ListItem","position":3,"name":"Cortenstaal vuurschaal met bakring"}]},{"@type":"WebSite","@id":"https:\/\/cortenstaalverkoop.nl\/#website","url":"https:\/\/cortenstaalverkoop.nl\/","name":"Cortenstaalverkoop.nl","description":"den cortenstaal specialist!","publisher":{"@id":"https:\/\/cortenstaalverkoop.nl\/#organization"},"potentialAction":[{"@type":"SearchAction","target":{"@type":"EntryPoint","urlTemplate":"https:\/\/cortenstaalverkoop.nl\/?s={search_term_string}"},"query-input":{"@type":"PropertyValueSpecification","valueRequired":true,"valueName":"search_term_string"}}],"inLanguage":"da-DK"},{"@type":"Organization","@id":"https:\/\/cortenstaalverkoop.nl\/#organization","name":"Cortenstaalverkoop.nl","url":"https:\/\/cortenstaalverkoop.nl\/","logo":{"@type":"ImageObject","inLanguage":"da-DK","@id":"https:\/\/cortenstaalverkoop.nl\/#\/schema\/logo\/image\/","url":"https:\/\/cortenstaalverkoop.nl\/wp-content\/uploads\/2019\/11\/cortenstaal-logo-1.png","contentUrl":"https:\/\/cortenstaalverkoop.nl\/wp-content\/uploads\/2019\/11\/cortenstaal-logo-1.png","width":480,"height":163,"caption":"Cortenstaalverkoop.nl"},"image":{"@id":"https:\/\/cortenstaalverkoop.nl\/#\/schema\/logo\/image\/"}}]}},"_links":{"self":[{"href":"https:\/\/cortenstaalverkoop.nl\/da\/wp-json\/wp\/v2\/product\/2182","targetHints":{"allow":["GET"]}}],"collection":[{"href":"https:\/\/cortenstaalverkoop.nl\/da\/wp-json\/wp\/v2\/product"}],"about":[{"href":"https:\/\/cortenstaalverkoop.nl\/da\/wp-json\/wp\/v2\/types\/product"}],"version-history":[{"count":36,"href":"https:\/\/cortenstaalverkoop.nl\/da\/wp-json\/wp\/v2\/product\/2182\/revisions"}],"predecessor-version":[{"id":10091,"href":"https:\/\/cortenstaalverkoop.nl\/da\/wp-json\/wp\/v2\/product\/2182\/revisions\/10091"}],"wp:featuredmedia":[{"embeddable":true,"href":"https:\/\/cortenstaalverkoop.nl\/da\/wp-json\/wp\/v2\/media\/5938"}],"wp:attachment":[{"href":"https:\/\/cortenstaalverkoop.nl\/da\/wp-json\/wp\/v2\/media?parent=2182"}],"wp:term":[{"taxonomy":"product_brand","embeddable":true,"href":"https:\/\/cortenstaalverkoop.nl\/da\/wp-json\/wp\/v2\/product_brand?post=2182"},{"taxonomy":"product_cat","embeddable":true,"href":"https:\/\/cortenstaalverkoop.nl\/da\/wp-json\/wp\/v2\/product_cat?post=2182"},{"taxonomy":"product_tag","embeddable":true,"href":"https:\/\/cortenstaalverkoop.nl\/da\/wp-json\/wp\/v2\/product_tag?post=2182"}],"curies":[{"name":"wp","href":"https:\/\/api.w.org\/{rel}","templated":true}]}}