{"id":2195,"date":"2020-01-12T21:14:53","date_gmt":"2020-01-12T20:14:53","guid":{"rendered":"https:\/\/cortenstaalverkoop.nl\/?post_type=product&#038;p=2195"},"modified":"2026-04-13T14:24:21","modified_gmt":"2026-04-13T12:24:21","slug":"cortenstaal-bbq-opfyldt-bakring","status":"publish","type":"product","link":"https:\/\/cortenstaalverkoop.nl\/da\/product\/bbq-met-bakplaat-en-grill\/","title":{"rendered":"Corten st\u00e5l BBQ med bagering"},"content":{"rendered":"<div data-elementor-type=\"wp-post\" data-elementor-id=\"2195\" class=\"elementor elementor-2195\">\n\t\t\t\t\t\t<section class=\"elementor-section elementor-top-section elementor-element elementor-element-5d3a55ae elementor-section-boxed elementor-section-height-default elementor-section-height-default\" data-id=\"5d3a55ae\" data-element_type=\"section\" data-e-type=\"section\">\n\t\t\t\t\t\t<div class=\"elementor-container elementor-column-gap-default\">\n\t\t\t\t\t<div class=\"elementor-column elementor-col-100 elementor-top-column elementor-element elementor-element-6bce4bf2\" data-id=\"6bce4bf2\" data-element_type=\"column\" data-e-type=\"column\">\n\t\t\t<div class=\"elementor-widget-wrap elementor-element-populated\">\n\t\t\t\t\t\t<div class=\"elementor-element elementor-element-495f2e35 elementor-widget elementor-widget-text-editor\" data-id=\"495f2e35\" data-element_type=\"widget\" data-e-type=\"widget\" data-widget_type=\"text-editor.default\">\n\t\t\t\t<div class=\"elementor-widget-container\">\n\t\t\t\t\t\t\t\t\t<p>Dette <a href=\"https:\/\/nl.wikipedia.org\/wiki\/Cortenstaal\" target=\"_blank\" rel=\"noopener\">Corten<\/a> BBQ med bagning ring har forskellige madlavning temperaturer. Midten af bageplade er varmere end udenfor, s\u00e5 madlavning er endnu nemmere, og du kan tjene alle ingredienserne sammen. Oplev en helt ny verden af udend\u00f8rs madlavning muligheder. Den ekstra Grill giver dig mulighed for at grille og bages p\u00e5 samme tid. For st\u00f8rre grupper, er der ogs\u00e5 en <a href=\"https:\/\/cortenstaalverkoop.nl\/product\/cortenstaal-bbq-met-bakring100\/\" target=\"_blank\" rel=\"noopener\">Corten st\u00e5l BBQ<\/a> med en bagning ring p\u00e5 100 cm til salg.<\/p><p>N\u00e5r du bruger denne Corten st\u00e5l BBQ med bagning ring for f\u00f8rste gang, det er meget vigtigt, at du starter med en lille brand, og efter 25 minutter forts\u00e6tte med at varme ild. Den tunge bageplade vil f\u00e5 varmere i bunden end p\u00e5 toppen. P\u00e5 grund af denne temperaturforskel, pladen vil hule. Efter den f\u00f8rste brug, bagning ark har &#034;set&#034;, og denne procedure er ikke l\u00e6ngere n\u00f8dvendigt.<br \/>Madlavning enhed vil fungere bedst, hvis det har v\u00e6ret brugt en gang eller to gange, og den olie, der er br\u00e6ndt ind i pladen. Madlavning p\u00e5 bageplade vil v\u00e6re lettere efter denne &#039;burn-in&#039; og beskytter pladen fra rust, n\u00e5r den ikke er i brug.<br \/>Det er bedst at stege med vegetabilsk olie med en h\u00f8j grad af forbr\u00e6nding, for eksempel solsikkeolie.<\/p><p>Efter cirka 25-30 minutter ved fyring, bageplade ved den indre kant vil have n\u00e5et en temperatur p\u00e5 275 \u2013 300\u00b0C. N\u00e5r ilden er gjort, kan du begynde at oliering bageplade, dosis nogle mere olie, hvor du kommer til at bage. P\u00e5 den ydre kant er<br \/>temperaturen er lidt lavere, s\u00e5 du kan veksle med stegning og hold dem varme. N\u00e5r den varme bageplade, vil det tr\u00e6kke lidt hult. S\u00e5 overskydende olie og fedtstoffer, vil den automatisk g\u00e5 i brand. Som bageplade k\u00f8ler, vil det helt rette.<\/p><p>Reng\u00f8ring af GRILL er faktisk ikke n\u00f8dvendigt. Madlavning olie og f\u00f8devarer rester kan blive skubbet ind i ilden med en spatel efter brug. Du kan eventuelt ren bageplade med en fugtig klud f\u00f8r brug. BBQ kan modst\u00e5 vind og vejr og ikke kr\u00e6ver nogen vedligeholdelse.<\/p><p>Fragtomkostninger til Danmark er 240 EUR for hele din ordre.<\/p>\t\t\t\t\t\t\t\t<\/div>\n\t\t\t\t<\/div>\n\t\t\t\t\t<\/div>\n\t\t<\/div>\n\t\t\t\t\t<\/div>\n\t\t<\/section>\n\t\t\t\t<\/div>","protected":false},"excerpt":{"rendered":"<p>Med denne Corten st\u00e5l BBQ med bagning ring du har produktet til nemt at tilberede et sundt m\u00e5ltid udenfor. Den sf\u00e6riske brand Bowl har en rund bred, tyk flad bageplade, som du bruger som en slags teppanyaki eller plancha. Total h\u00f8jde 1000 mm uden grill s\u00e6t.<\/p>\n<p>* \u00d8verste ring er fremstillet af 10 mm st\u00e5l s235 fungerer som en bageplade \/ plancha, diameter 805 mm<br \/>\n* Dette Corten st\u00e5l BBQ kommer rustne.<br \/>\n* Justerbare faste ben for hver overflade<br \/>\n\u2022 Inc. chassis 700 x 500 mm 640 mm h\u00f8j<br \/>\n* Diameter af indvendige rum, bagning ring 400 mm<br \/>\n* 5 \u00e5rs garanti<\/p>","protected":false},"featured_media":9354,"template":"","meta":{"site-sidebar-layout":"default","site-content-layout":"default","ast-site-content-layout":"default","site-content-style":"default","site-sidebar-style":"default","ast-global-header-display":"","ast-banner-title-visibility":"","ast-main-header-display":"","ast-hfb-above-header-display":"","ast-hfb-below-header-display":"","ast-hfb-mobile-header-display":"","site-post-title":"","ast-breadcrumbs-content":"","ast-featured-img":"","footer-sml-layout":"","ast-disable-related-posts":"","theme-transparent-header-meta":"default","adv-header-id-meta":"","stick-header-meta":"","header-above-stick-meta":"","header-main-stick-meta":"","header-below-stick-meta":"","astra-migrate-meta-layouts":"set","ast-page-background-enabled":"default","ast-page-background-meta":{"desktop":{"background-color":"","background-image":"","background-repeat":"repeat","background-position":"center center","background-size":"auto","background-attachment":"scroll","background-type":"","background-media":"","overlay-type":"","overlay-color":"","overlay-opacity":"","overlay-gradient":""},"tablet":{"background-color":"","background-image":"","background-repeat":"repeat","background-position":"center center","background-size":"auto","background-attachment":"scroll","background-type":"","background-media":"","overlay-type":"","overlay-color":"","overlay-opacity":"","overlay-gradient":""},"mobile":{"background-color":"","background-image":"","background-repeat":"repeat","background-position":"center center","background-size":"auto","background-attachment":"scroll","background-type":"","background-media":"","overlay-type":"","overlay-color":"","overlay-opacity":"","overlay-gradient":""}},"ast-content-background-meta":{"desktop":{"background-color":"var(--ast-global-color-5)","background-image":"","background-repeat":"repeat","background-position":"center center","background-size":"auto","background-attachment":"scroll","background-type":"","background-media":"","overlay-type":"","overlay-color":"","overlay-opacity":"","overlay-gradient":""},"tablet":{"background-color":"var(--ast-global-color-5)","background-image":"","background-repeat":"repeat","background-position":"center center","background-size":"auto","background-attachment":"scroll","background-type":"","background-media":"","overlay-type":"","overlay-color":"","overlay-opacity":"","overlay-gradient":""},"mobile":{"background-color":"var(--ast-global-color-5)","background-image":"","background-repeat":"repeat","background-position":"center center","background-size":"auto","background-attachment":"scroll","background-type":"","background-media":"","overlay-type":"","overlay-color":"","overlay-opacity":"","overlay-gradient":""}}},"product_brand":[],"product_cat":[58],"product_tag":[],"class_list":{"0":"post-2195","1":"product","2":"type-product","3":"status-publish","4":"has-post-thumbnail","6":"product_cat-cortenstaal-vuurelementen","7":"product_shipping_class-fritom","8":"desktop-align-left","9":"tablet-align-left","10":"mobile-align-left","12":"first","13":"instock","14":"taxable","15":"shipping-taxable","16":"purchasable","17":"product-type-variable"},"yoast_head":"<!-- This site is optimized with the Yoast SEO plugin v27.4 - https:\/\/yoast.com\/product\/yoast-seo-wordpress\/ -->\n<title>Cortenstaal BBQ met bakring, goedkoop bij cortenstaalverkoop.nl<\/title>\n<meta name=\"description\" content=\"\u2705 Cortenstaal BBQ met bakring.\u2705 de beste kwaliteit \u2705 5 jaar garantie! Bestel uw cortenstaal BBQ goedkoop bij cortenstaalverkoop.nl\" \/>\n<meta name=\"robots\" content=\"index, follow, max-snippet:-1, max-image-preview:large, max-video-preview:-1\" \/>\n<link rel=\"canonical\" href=\"https:\/\/cortenstaalverkoop.nl\/da\/vare\/cortenstaal-bbq-opfyldt-bakring\/\" \/>\n<meta property=\"og:locale\" content=\"da_DK\" \/>\n<meta property=\"og:type\" content=\"article\" \/>\n<meta property=\"og:title\" content=\"Cortenstaal BBQ met bakring, goedkoop bij cortenstaalverkoop.nl\" \/>\n<meta property=\"og:description\" content=\"\u2705 Cortenstaal BBQ met bakring.\u2705 de beste kwaliteit \u2705 5 jaar garantie! Bestel uw cortenstaal BBQ goedkoop bij cortenstaalverkoop.nl\" \/>\n<meta property=\"og:url\" content=\"https:\/\/cortenstaalverkoop.nl\/da\/vare\/cortenstaal-bbq-opfyldt-bakring\/\" \/>\n<meta property=\"og:site_name\" content=\"Cortenstaalverkoop.nl\" \/>\n<meta property=\"article:modified_time\" content=\"2026-04-13T12:24:21+00:00\" \/>\n<meta property=\"og:image\" content=\"https:\/\/cortenstaalverkoop.nl\/wp-content\/uploads\/2023\/05\/BBQ-groot-seare7a.png\" \/>\n\t<meta property=\"og:image:width\" content=\"551\" \/>\n\t<meta property=\"og:image:height\" content=\"512\" \/>\n\t<meta property=\"og:image:type\" content=\"image\/png\" \/>\n<meta name=\"twitter:card\" content=\"summary_large_image\" \/>\n<meta name=\"twitter:label1\" content=\"Estimeret l\u00e6setid\" \/>\n\t<meta name=\"twitter:data1\" content=\"2 minutter\" \/>\n<script type=\"application\/ld+json\" class=\"yoast-schema-graph\">{\"@context\":\"https:\\\/\\\/schema.org\",\"@graph\":[{\"@type\":\"WebPage\",\"@id\":\"https:\\\/\\\/cortenstaalverkoop.nl\\\/product\\\/bbq-met-bakplaat-en-grill\\\/\",\"url\":\"https:\\\/\\\/cortenstaalverkoop.nl\\\/product\\\/bbq-met-bakplaat-en-grill\\\/\",\"name\":\"Cortenstaal BBQ met bakring, goedkoop bij cortenstaalverkoop.nl\",\"isPartOf\":{\"@id\":\"https:\\\/\\\/cortenstaalverkoop.nl\\\/#website\"},\"primaryImageOfPage\":{\"@id\":\"https:\\\/\\\/cortenstaalverkoop.nl\\\/product\\\/bbq-met-bakplaat-en-grill\\\/#primaryimage\"},\"image\":{\"@id\":\"https:\\\/\\\/cortenstaalverkoop.nl\\\/product\\\/bbq-met-bakplaat-en-grill\\\/#primaryimage\"},\"thumbnailUrl\":\"https:\\\/\\\/cortenstaalverkoop.nl\\\/wp-content\\\/uploads\\\/2023\\\/05\\\/BBQ-groot-seare7a.png\",\"datePublished\":\"2020-01-12T20:14:53+00:00\",\"dateModified\":\"2026-04-13T12:24:21+00:00\",\"description\":\"\u2705 Cortenstaal BBQ met bakring.\u2705 de beste kwaliteit \u2705 5 jaar garantie! Bestel uw cortenstaal BBQ goedkoop bij cortenstaalverkoop.nl\",\"breadcrumb\":{\"@id\":\"https:\\\/\\\/cortenstaalverkoop.nl\\\/product\\\/bbq-met-bakplaat-en-grill\\\/#breadcrumb\"},\"inLanguage\":\"da-DK\",\"potentialAction\":[{\"@type\":\"ReadAction\",\"target\":[\"https:\\\/\\\/cortenstaalverkoop.nl\\\/product\\\/bbq-met-bakplaat-en-grill\\\/\"]}]},{\"@type\":\"ImageObject\",\"inLanguage\":\"da-DK\",\"@id\":\"https:\\\/\\\/cortenstaalverkoop.nl\\\/product\\\/bbq-met-bakplaat-en-grill\\\/#primaryimage\",\"url\":\"https:\\\/\\\/cortenstaalverkoop.nl\\\/wp-content\\\/uploads\\\/2023\\\/05\\\/BBQ-groot-seare7a.png\",\"contentUrl\":\"https:\\\/\\\/cortenstaalverkoop.nl\\\/wp-content\\\/uploads\\\/2023\\\/05\\\/BBQ-groot-seare7a.png\",\"width\":551,\"height\":512,\"caption\":\"Cortenstaal BBQ met bakring\"},{\"@type\":\"BreadcrumbList\",\"@id\":\"https:\\\/\\\/cortenstaalverkoop.nl\\\/product\\\/bbq-met-bakplaat-en-grill\\\/#breadcrumb\",\"itemListElement\":[{\"@type\":\"ListItem\",\"position\":1,\"name\":\"Home\",\"item\":\"https:\\\/\\\/cortenstaalverkoop.nl\\\/\"},{\"@type\":\"ListItem\",\"position\":2,\"name\":\"Assortiment\",\"item\":\"https:\\\/\\\/cortenstaalverkoop.nl\\\/assortiment-cortenstaal\\\/\"},{\"@type\":\"ListItem\",\"position\":3,\"name\":\"Cortenstaal BBQ met bakring\"}]},{\"@type\":\"WebSite\",\"@id\":\"https:\\\/\\\/cortenstaalverkoop.nl\\\/#website\",\"url\":\"https:\\\/\\\/cortenstaalverkoop.nl\\\/\",\"name\":\"Cortenstaalverkoop.nl\",\"description\":\"de cortenstaal specialist!\",\"publisher\":{\"@id\":\"https:\\\/\\\/cortenstaalverkoop.nl\\\/#organization\"},\"potentialAction\":[{\"@type\":\"SearchAction\",\"target\":{\"@type\":\"EntryPoint\",\"urlTemplate\":\"https:\\\/\\\/cortenstaalverkoop.nl\\\/?s={search_term_string}\"},\"query-input\":{\"@type\":\"PropertyValueSpecification\",\"valueRequired\":true,\"valueName\":\"search_term_string\"}}],\"inLanguage\":\"da-DK\"},{\"@type\":\"Organization\",\"@id\":\"https:\\\/\\\/cortenstaalverkoop.nl\\\/#organization\",\"name\":\"Cortenstaalverkoop.nl\",\"url\":\"https:\\\/\\\/cortenstaalverkoop.nl\\\/\",\"logo\":{\"@type\":\"ImageObject\",\"inLanguage\":\"da-DK\",\"@id\":\"https:\\\/\\\/cortenstaalverkoop.nl\\\/#\\\/schema\\\/logo\\\/image\\\/\",\"url\":\"https:\\\/\\\/cortenstaalverkoop.nl\\\/wp-content\\\/uploads\\\/2019\\\/11\\\/cortenstaal-logo-1.png\",\"contentUrl\":\"https:\\\/\\\/cortenstaalverkoop.nl\\\/wp-content\\\/uploads\\\/2019\\\/11\\\/cortenstaal-logo-1.png\",\"width\":480,\"height\":163,\"caption\":\"Cortenstaalverkoop.nl\"},\"image\":{\"@id\":\"https:\\\/\\\/cortenstaalverkoop.nl\\\/#\\\/schema\\\/logo\\\/image\\\/\"}}]}<\/script>\n<!-- \/ Yoast SEO plugin. -->","yoast_head_json":{"title":"Corten st\u00e5l BBQ med bagning ring, billige p\u00e5 cortenstaalverkoop.nl","description":"\u2705 Cortenstaal BBQ opfyldt bakring.\u2705 den bedste kvalitet \u2705 5 \u00e5rs garanti! Bestil din cortenstaal BBQ billige fra cortenstaalverkoop.nl","robots":{"index":"index","follow":"follow","max-snippet":"max-snippet:-1","max-image-preview":"max-image-preview:large","max-video-preview":"max-video-preview:-1"},"canonical":"https:\/\/cortenstaalverkoop.nl\/da\/vare\/cortenstaal-bbq-opfyldt-bakring\/","og_locale":"da_DK","og_type":"article","og_title":"Cortenstaal BBQ met bakring, goedkoop bij cortenstaalverkoop.nl","og_description":"\u2705 Cortenstaal BBQ met bakring.\u2705 de beste kwaliteit \u2705 5 jaar garantie! Bestel uw cortenstaal BBQ goedkoop bij cortenstaalverkoop.nl","og_url":"https:\/\/cortenstaalverkoop.nl\/da\/vare\/cortenstaal-bbq-opfyldt-bakring\/","og_site_name":"Cortenstaalverkoop.nl","article_modified_time":"2026-04-13T12:24:21+00:00","og_image":[{"width":551,"height":512,"url":"https:\/\/cortenstaalverkoop.nl\/wp-content\/uploads\/2023\/05\/BBQ-groot-seare7a.png","type":"image\/png"}],"twitter_card":"summary_large_image","twitter_misc":{"Estimeret l\u00e6setid":"2 minutter"},"schema":{"@context":"https:\/\/schema.org","@graph":[{"@type":"WebPage","@id":"https:\/\/cortenstaalverkoop.nl\/product\/bbq-met-bakplaat-en-grill\/","url":"https:\/\/cortenstaalverkoop.nl\/product\/bbq-met-bakplaat-en-grill\/","name":"Corten st\u00e5l BBQ med bagning ring, billige p\u00e5 cortenstaalverkoop.nl","isPartOf":{"@id":"https:\/\/cortenstaalverkoop.nl\/#website"},"primaryImageOfPage":{"@id":"https:\/\/cortenstaalverkoop.nl\/product\/bbq-met-bakplaat-en-grill\/#primaryimage"},"image":{"@id":"https:\/\/cortenstaalverkoop.nl\/product\/bbq-met-bakplaat-en-grill\/#primaryimage"},"thumbnailUrl":"https:\/\/cortenstaalverkoop.nl\/wp-content\/uploads\/2023\/05\/BBQ-groot-seare7a.png","datePublished":"2020-01-12T20:14:53+00:00","dateModified":"2026-04-13T12:24:21+00:00","description":"\u2705 Cortenstaal BBQ opfyldt bakring.\u2705 den bedste kvalitet \u2705 5 \u00e5rs garanti! Bestil din cortenstaal BBQ billige fra cortenstaalverkoop.nl","breadcrumb":{"@id":"https:\/\/cortenstaalverkoop.nl\/product\/bbq-met-bakplaat-en-grill\/#breadcrumb"},"inLanguage":"da-DK","potentialAction":[{"@type":"ReadAction","target":["https:\/\/cortenstaalverkoop.nl\/product\/bbq-met-bakplaat-en-grill\/"]}]},{"@type":"ImageObject","inLanguage":"da-DK","@id":"https:\/\/cortenstaalverkoop.nl\/product\/bbq-met-bakplaat-en-grill\/#primaryimage","url":"https:\/\/cortenstaalverkoop.nl\/wp-content\/uploads\/2023\/05\/BBQ-groot-seare7a.png","contentUrl":"https:\/\/cortenstaalverkoop.nl\/wp-content\/uploads\/2023\/05\/BBQ-groot-seare7a.png","width":551,"height":512,"caption":"Cortenstaal BBQ met bakring"},{"@type":"BreadcrumbList","@id":"https:\/\/cortenstaalverkoop.nl\/product\/bbq-met-bakplaat-en-grill\/#breadcrumb","itemListElement":[{"@type":"ListItem","position":1,"name":"Home","item":"https:\/\/cortenstaalverkoop.nl\/"},{"@type":"ListItem","position":2,"name":"Assortiment","item":"https:\/\/cortenstaalverkoop.nl\/assortiment-cortenstaal\/"},{"@type":"ListItem","position":3,"name":"Cortenstaal BBQ met bakring"}]},{"@type":"WebSite","@id":"https:\/\/cortenstaalverkoop.nl\/#website","url":"https:\/\/cortenstaalverkoop.nl\/","name":"Cortenstaalverkoop.nl","description":"den cortenstaal specialist!","publisher":{"@id":"https:\/\/cortenstaalverkoop.nl\/#organization"},"potentialAction":[{"@type":"SearchAction","target":{"@type":"EntryPoint","urlTemplate":"https:\/\/cortenstaalverkoop.nl\/?s={search_term_string}"},"query-input":{"@type":"PropertyValueSpecification","valueRequired":true,"valueName":"search_term_string"}}],"inLanguage":"da-DK"},{"@type":"Organization","@id":"https:\/\/cortenstaalverkoop.nl\/#organization","name":"Cortenstaalverkoop.nl","url":"https:\/\/cortenstaalverkoop.nl\/","logo":{"@type":"ImageObject","inLanguage":"da-DK","@id":"https:\/\/cortenstaalverkoop.nl\/#\/schema\/logo\/image\/","url":"https:\/\/cortenstaalverkoop.nl\/wp-content\/uploads\/2019\/11\/cortenstaal-logo-1.png","contentUrl":"https:\/\/cortenstaalverkoop.nl\/wp-content\/uploads\/2019\/11\/cortenstaal-logo-1.png","width":480,"height":163,"caption":"Cortenstaalverkoop.nl"},"image":{"@id":"https:\/\/cortenstaalverkoop.nl\/#\/schema\/logo\/image\/"}}]}},"_links":{"self":[{"href":"https:\/\/cortenstaalverkoop.nl\/da\/wp-json\/wp\/v2\/product\/2195","targetHints":{"allow":["GET"]}}],"collection":[{"href":"https:\/\/cortenstaalverkoop.nl\/da\/wp-json\/wp\/v2\/product"}],"about":[{"href":"https:\/\/cortenstaalverkoop.nl\/da\/wp-json\/wp\/v2\/types\/product"}],"version-history":[{"count":32,"href":"https:\/\/cortenstaalverkoop.nl\/da\/wp-json\/wp\/v2\/product\/2195\/revisions"}],"predecessor-version":[{"id":9352,"href":"https:\/\/cortenstaalverkoop.nl\/da\/wp-json\/wp\/v2\/product\/2195\/revisions\/9352"}],"wp:featuredmedia":[{"embeddable":true,"href":"https:\/\/cortenstaalverkoop.nl\/da\/wp-json\/wp\/v2\/media\/9354"}],"wp:attachment":[{"href":"https:\/\/cortenstaalverkoop.nl\/da\/wp-json\/wp\/v2\/media?parent=2195"}],"wp:term":[{"taxonomy":"product_brand","embeddable":true,"href":"https:\/\/cortenstaalverkoop.nl\/da\/wp-json\/wp\/v2\/product_brand?post=2195"},{"taxonomy":"product_cat","embeddable":true,"href":"https:\/\/cortenstaalverkoop.nl\/da\/wp-json\/wp\/v2\/product_cat?post=2195"},{"taxonomy":"product_tag","embeddable":true,"href":"https:\/\/cortenstaalverkoop.nl\/da\/wp-json\/wp\/v2\/product_tag?post=2195"}],"curies":[{"name":"wp","href":"https:\/\/api.w.org\/{rel}","templated":true}]}}