{"id":3847,"date":"2020-02-18T11:10:10","date_gmt":"2020-02-18T10:10:10","guid":{"rendered":"https:\/\/cortenstaalverkoop.nl\/?post_type=product&#038;p=3847"},"modified":"2026-04-13T15:07:24","modified_gmt":"2026-04-13T13:07:24","slug":"corten-stal-udendors-pejs-mel","status":"publish","type":"product","link":"https:\/\/cortenstaalverkoop.nl\/da\/product\/cortenstaal-buitenhaard-mel\/","title":{"rendered":"Corten st\u00e5l udend\u00f8rs pejs Mel"},"content":{"rendered":"<p>Med sin slanke former, dette Corten st\u00e5l Mel udend\u00f8rs pejs er sk\u00e6ve, tidl\u00f8s og over alle unikke. Derfor er denne Corten st\u00e5l udend\u00f8rs pejs kan kaldes en h\u00e5rd terrasse med pejs. De dimensioner, der er 1 meter lang, 50 cm dyb og 1 meter h\u00f8j. Hertil kommer, at denne pejs er til salg med eller uden d\u00f8r og \/ eller grill. Som tiden g\u00e5r, den Corten St\u00e5l tager p\u00e5 sin s\u00e6rlige, dybt rusten brun farve. Materiale tykkelse af denne dobbelt-walled udend\u00f8rs pejs er 3 mm. D\u00f8ren til Mel udend\u00f8rs pejs er let at installere p\u00e5 eksisterende og Nye pejse. Afl\u00f8b Diameter er 200 mm. <a href=\"https:\/\/cortenstaalverkoop.nl\/product\/cortenstaal-vuurelementen\/cortenstaal-afvoer\/\" target=\"_blank\" rel=\"noopener noreferrer\">afl\u00f8b<\/a> og <a href=\"https:\/\/cortenstaalverkoop.nl\/product\/cortenstaal-vuurelementen\/cortenstaal-regenkap\/\" target=\"_blank\" rel=\"noopener noreferrer\">regn h\u00e6tte<\/a> findes ogs\u00e5 i Corten st\u00e5l i denne butik.<\/p>\n<h4>Fordele:<\/h4>\n<ul>\n<li>Meget st\u00e6rk og modstandsdygtig over for slid<\/li>\n<li>Dobbelt-walled<\/li>\n<li>Elegant og tidl\u00f8st design<\/li>\n<li>Vejrfast og holdbart materiale<\/li>\n<li>Varm og naturlig udseende<\/li>\n<li>5 \u00e5rs garanti<\/li>\n<\/ul>\n<h4>Stookadvice:<\/h4>\n<ul>\n<li>Start med firelighters med sm\u00e5 stykker t\u00f8rt tr\u00e6 p\u00e5 toppen<\/li>\n<li>Brug sm\u00e5 stykker t\u00f8rt tr\u00e6 til langsomt at varme op komfur + flue.<\/li>\n<li>S\u00e5 snart det br\u00e6nder langsomt at \u00f8ge brand (max 1,5 kg t\u00f8rt tr\u00e6 p\u00e5 et tidspunkt i den pejs).<\/li>\n<\/ul>\n<h4>Vedligeholdelse:<\/h4>\n<ul>\n<li>Efter brug, skal du fjerne aske og reng\u00f8re flue en gang om \u00e5ret.<\/li>\n<\/ul>\n<p>Vores BBQ-grill er testet og SGS certificeret.<\/p>\n<p>Produkter, der er leveret ristede.<br \/>\nProdukterne skal v\u00e6re pakket ud umiddelbart efter levering. Dette vil give nogen fugt mellem emballage og produktet fordampe. Dette kan for\u00e5rsage uregelm\u00e6ssige rust og pletter.<\/p>\n<p><strong>Oplysninger om produktet cortenstaal:<\/strong><br \/>\n<a href=\"https:\/\/nl.wikipedia.org\/wiki\/Cortenstaal\" target=\"_blank\" rel=\"noopener noreferrer\">Cor-Ten st\u00e5l<\/a> ogs\u00e5 kendt som vejrlig st\u00e5l. Det er et metal, en legering, der best\u00e5r af jern, som kobber, silicium, nikkel og krom er blevet tilf\u00f8jet. Cor-Ten er derfor en meget st\u00e6rk type af st\u00e5l, der har den egenskab at d\u00e6kke sig med et beskyttende lag rust, n\u00e5r de uds\u00e6ttes for luft udefra. Efter at dette lag udg\u00f8r en beskyttelse mod yderligere korrosion. Karakteristisk for Corten st\u00e5l er orange-brun rust farve og lang levetid.<\/p>","protected":false},"excerpt":{"rendered":"<p>Dette Corten st\u00e5l udend\u00f8rs pejs Mel, er en smuk g\u00e5rdhave pejs, som vil v\u00e6re en reel blikfang i din have eller p\u00e5 terrassen, p\u00e5 grund af sin enkle og tidl\u00f8se design. Den Corten st\u00e5l Mel udend\u00f8rs pejs med base er en terrasse med pejs p\u00e5 1 meter lang, 50 cm dyb og 1 meter h\u00f8j. Denne pejs er til salg med eller uden d\u00f8r og \/ eller grill, og med eller uden bund. Vores BBQ-grill er testet og SGS certificeret. Dette Corten st\u00e5l udend\u00f8rs pejs er lavet af 3 mm tyk Corten st\u00e5l. <strong>Afl\u00f8b Diameter 200 mm.<\/strong><\/p>\n<ul>\n<li>Meget st\u00e6rk og modstandsdygtig over for slid<\/li>\n<li>Dobbelt-walled<\/li>\n<li>Vejrfast og holdbart materiale<\/li>\n<li>5 \u00e5rs garanti<\/li>\n<\/ul>","protected":false},"featured_media":3850,"template":"","meta":{"site-sidebar-layout":"default","site-content-layout":"default","ast-site-content-layout":"default","site-content-style":"default","site-sidebar-style":"default","ast-global-header-display":"","ast-banner-title-visibility":"","ast-main-header-display":"","ast-hfb-above-header-display":"","ast-hfb-below-header-display":"","ast-hfb-mobile-header-display":"","site-post-title":"","ast-breadcrumbs-content":"","ast-featured-img":"","footer-sml-layout":"","ast-disable-related-posts":"","theme-transparent-header-meta":"default","adv-header-id-meta":"","stick-header-meta":"","header-above-stick-meta":"","header-main-stick-meta":"","header-below-stick-meta":"","astra-migrate-meta-layouts":"set","ast-page-background-enabled":"default","ast-page-background-meta":{"desktop":{"background-color":"","background-image":"","background-repeat":"repeat","background-position":"center center","background-size":"auto","background-attachment":"scroll","background-type":"","background-media":"","overlay-type":"","overlay-color":"","overlay-opacity":"","overlay-gradient":""},"tablet":{"background-color":"","background-image":"","background-repeat":"repeat","background-position":"center center","background-size":"auto","background-attachment":"scroll","background-type":"","background-media":"","overlay-type":"","overlay-color":"","overlay-opacity":"","overlay-gradient":""},"mobile":{"background-color":"","background-image":"","background-repeat":"repeat","background-position":"center center","background-size":"auto","background-attachment":"scroll","background-type":"","background-media":"","overlay-type":"","overlay-color":"","overlay-opacity":"","overlay-gradient":""}},"ast-content-background-meta":{"desktop":{"background-color":"var(--ast-global-color-5)","background-image":"","background-repeat":"repeat","background-position":"center center","background-size":"auto","background-attachment":"scroll","background-type":"","background-media":"","overlay-type":"","overlay-color":"","overlay-opacity":"","overlay-gradient":""},"tablet":{"background-color":"var(--ast-global-color-5)","background-image":"","background-repeat":"repeat","background-position":"center center","background-size":"auto","background-attachment":"scroll","background-type":"","background-media":"","overlay-type":"","overlay-color":"","overlay-opacity":"","overlay-gradient":""},"mobile":{"background-color":"var(--ast-global-color-5)","background-image":"","background-repeat":"repeat","background-position":"center center","background-size":"auto","background-attachment":"scroll","background-type":"","background-media":"","overlay-type":"","overlay-color":"","overlay-opacity":"","overlay-gradient":""}}},"product_brand":[],"product_cat":[58],"product_tag":[],"class_list":{"0":"post-3847","1":"product","2":"type-product","3":"status-publish","4":"has-post-thumbnail","6":"product_cat-cortenstaal-vuurelementen","7":"product_shipping_class-fritom","8":"desktop-align-left","9":"tablet-align-left","10":"mobile-align-left","12":"first","13":"instock","14":"taxable","15":"shipping-taxable","16":"purchasable","17":"product-type-variable"},"yoast_head":"<!-- This site is optimized with the Yoast SEO plugin v27.4 - https:\/\/yoast.com\/product\/yoast-seo-wordpress\/ -->\n<title>Cortenstaal buitenhaard Mel koopt u bij cortenstaalverkoop.nl<\/title>\n<meta name=\"description\" content=\"\u2705 Cortenstaal buitenhaard Mel \u2705 de beste kwaliteit \u2705 5 jaar garantie! Bestel uw cortenstaal buitenhaard goedkoop bij cortenstaalverkoop.nl!\" \/>\n<meta name=\"robots\" content=\"index, follow, max-snippet:-1, max-image-preview:large, max-video-preview:-1\" \/>\n<link rel=\"canonical\" href=\"https:\/\/cortenstaalverkoop.nl\/da\/vare\/corten-stal-udendors-pejs-mel\/\" \/>\n<meta property=\"og:locale\" content=\"da_DK\" \/>\n<meta property=\"og:type\" content=\"article\" \/>\n<meta property=\"og:title\" content=\"Cortenstaal buitenhaard Mel koopt u bij cortenstaalverkoop.nl\" \/>\n<meta property=\"og:description\" content=\"\u2705 Cortenstaal buitenhaard Mel \u2705 de beste kwaliteit \u2705 5 jaar garantie! Bestel uw cortenstaal buitenhaard goedkoop bij cortenstaalverkoop.nl!\" \/>\n<meta property=\"og:url\" content=\"https:\/\/cortenstaalverkoop.nl\/da\/vare\/corten-stal-udendors-pejs-mel\/\" \/>\n<meta property=\"og:site_name\" content=\"Cortenstaalverkoop.nl\" \/>\n<meta property=\"article:modified_time\" content=\"2026-04-13T13:07:24+00:00\" \/>\n<meta property=\"og:image\" content=\"https:\/\/cortenstaalverkoop.nl\/wp-content\/uploads\/2020\/02\/burni-ENOK-door-scaled.jpg\" \/>\n\t<meta property=\"og:image:width\" content=\"2560\" \/>\n\t<meta property=\"og:image:height\" content=\"1920\" \/>\n\t<meta property=\"og:image:type\" content=\"image\/jpeg\" \/>\n<meta name=\"twitter:card\" content=\"summary_large_image\" \/>\n<meta name=\"twitter:label1\" content=\"Estimeret l\u00e6setid\" \/>\n\t<meta name=\"twitter:data1\" content=\"2 minutter\" \/>\n<script type=\"application\/ld+json\" class=\"yoast-schema-graph\">{\"@context\":\"https:\\\/\\\/schema.org\",\"@graph\":[{\"@type\":\"WebPage\",\"@id\":\"https:\\\/\\\/cortenstaalverkoop.nl\\\/product\\\/cortenstaal-buitenhaard-mel\\\/\",\"url\":\"https:\\\/\\\/cortenstaalverkoop.nl\\\/product\\\/cortenstaal-buitenhaard-mel\\\/\",\"name\":\"Cortenstaal buitenhaard Mel koopt u bij cortenstaalverkoop.nl\",\"isPartOf\":{\"@id\":\"https:\\\/\\\/cortenstaalverkoop.nl\\\/#website\"},\"primaryImageOfPage\":{\"@id\":\"https:\\\/\\\/cortenstaalverkoop.nl\\\/product\\\/cortenstaal-buitenhaard-mel\\\/#primaryimage\"},\"image\":{\"@id\":\"https:\\\/\\\/cortenstaalverkoop.nl\\\/product\\\/cortenstaal-buitenhaard-mel\\\/#primaryimage\"},\"thumbnailUrl\":\"https:\\\/\\\/cortenstaalverkoop.nl\\\/wp-content\\\/uploads\\\/2020\\\/02\\\/burni-ENOK-door-scaled.jpg\",\"datePublished\":\"2020-02-18T10:10:10+00:00\",\"dateModified\":\"2026-04-13T13:07:24+00:00\",\"description\":\"\u2705 Cortenstaal buitenhaard Mel \u2705 de beste kwaliteit \u2705 5 jaar garantie! Bestel uw cortenstaal buitenhaard goedkoop bij cortenstaalverkoop.nl!\",\"breadcrumb\":{\"@id\":\"https:\\\/\\\/cortenstaalverkoop.nl\\\/product\\\/cortenstaal-buitenhaard-mel\\\/#breadcrumb\"},\"inLanguage\":\"da-DK\",\"potentialAction\":[{\"@type\":\"ReadAction\",\"target\":[\"https:\\\/\\\/cortenstaalverkoop.nl\\\/product\\\/cortenstaal-buitenhaard-mel\\\/\"]}]},{\"@type\":\"ImageObject\",\"inLanguage\":\"da-DK\",\"@id\":\"https:\\\/\\\/cortenstaalverkoop.nl\\\/product\\\/cortenstaal-buitenhaard-mel\\\/#primaryimage\",\"url\":\"https:\\\/\\\/cortenstaalverkoop.nl\\\/wp-content\\\/uploads\\\/2020\\\/02\\\/burni-ENOK-door-scaled.jpg\",\"contentUrl\":\"https:\\\/\\\/cortenstaalverkoop.nl\\\/wp-content\\\/uploads\\\/2020\\\/02\\\/burni-ENOK-door-scaled.jpg\",\"width\":2560,\"height\":1920,\"caption\":\"Cortenstaal buitenhaard Mel\"},{\"@type\":\"BreadcrumbList\",\"@id\":\"https:\\\/\\\/cortenstaalverkoop.nl\\\/product\\\/cortenstaal-buitenhaard-mel\\\/#breadcrumb\",\"itemListElement\":[{\"@type\":\"ListItem\",\"position\":1,\"name\":\"Home\",\"item\":\"https:\\\/\\\/cortenstaalverkoop.nl\\\/\"},{\"@type\":\"ListItem\",\"position\":2,\"name\":\"Assortiment\",\"item\":\"https:\\\/\\\/cortenstaalverkoop.nl\\\/assortiment-cortenstaal\\\/\"},{\"@type\":\"ListItem\",\"position\":3,\"name\":\"Cortenstaal buitenhaard Mel\"}]},{\"@type\":\"WebSite\",\"@id\":\"https:\\\/\\\/cortenstaalverkoop.nl\\\/#website\",\"url\":\"https:\\\/\\\/cortenstaalverkoop.nl\\\/\",\"name\":\"Cortenstaalverkoop.nl\",\"description\":\"de cortenstaal specialist!\",\"publisher\":{\"@id\":\"https:\\\/\\\/cortenstaalverkoop.nl\\\/#organization\"},\"potentialAction\":[{\"@type\":\"SearchAction\",\"target\":{\"@type\":\"EntryPoint\",\"urlTemplate\":\"https:\\\/\\\/cortenstaalverkoop.nl\\\/?s={search_term_string}\"},\"query-input\":{\"@type\":\"PropertyValueSpecification\",\"valueRequired\":true,\"valueName\":\"search_term_string\"}}],\"inLanguage\":\"da-DK\"},{\"@type\":\"Organization\",\"@id\":\"https:\\\/\\\/cortenstaalverkoop.nl\\\/#organization\",\"name\":\"Cortenstaalverkoop.nl\",\"url\":\"https:\\\/\\\/cortenstaalverkoop.nl\\\/\",\"logo\":{\"@type\":\"ImageObject\",\"inLanguage\":\"da-DK\",\"@id\":\"https:\\\/\\\/cortenstaalverkoop.nl\\\/#\\\/schema\\\/logo\\\/image\\\/\",\"url\":\"https:\\\/\\\/cortenstaalverkoop.nl\\\/wp-content\\\/uploads\\\/2019\\\/11\\\/cortenstaal-logo-1.png\",\"contentUrl\":\"https:\\\/\\\/cortenstaalverkoop.nl\\\/wp-content\\\/uploads\\\/2019\\\/11\\\/cortenstaal-logo-1.png\",\"width\":480,\"height\":163,\"caption\":\"Cortenstaalverkoop.nl\"},\"image\":{\"@id\":\"https:\\\/\\\/cortenstaalverkoop.nl\\\/#\\\/schema\\\/logo\\\/image\\\/\"}}]}<\/script>\n<!-- \/ Yoast SEO plugin. -->","yoast_head_json":{"title":"Cortenstaal udend\u00f8rs pejs Mel, du k\u00f8ber p\u00e5 cortenstaalverkoop.nl","description":"\u2705 Corten st\u00e5l udend\u00f8rs pejs Mel \u2705 den bedste kvalitet \u2705 5 \u00e5rs garanti! Bestil din Corten st\u00e5l udend\u00f8rs pejs, fra billige cortenstaalverkoop.nl!","robots":{"index":"index","follow":"follow","max-snippet":"max-snippet:-1","max-image-preview":"max-image-preview:large","max-video-preview":"max-video-preview:-1"},"canonical":"https:\/\/cortenstaalverkoop.nl\/da\/vare\/corten-stal-udendors-pejs-mel\/","og_locale":"da_DK","og_type":"article","og_title":"Cortenstaal buitenhaard Mel koopt u bij cortenstaalverkoop.nl","og_description":"\u2705 Cortenstaal buitenhaard Mel \u2705 de beste kwaliteit \u2705 5 jaar garantie! Bestel uw cortenstaal buitenhaard goedkoop bij cortenstaalverkoop.nl!","og_url":"https:\/\/cortenstaalverkoop.nl\/da\/vare\/corten-stal-udendors-pejs-mel\/","og_site_name":"Cortenstaalverkoop.nl","article_modified_time":"2026-04-13T13:07:24+00:00","og_image":[{"width":2560,"height":1920,"url":"https:\/\/cortenstaalverkoop.nl\/wp-content\/uploads\/2020\/02\/burni-ENOK-door-scaled.jpg","type":"image\/jpeg"}],"twitter_card":"summary_large_image","twitter_misc":{"Estimeret l\u00e6setid":"2 minutter"},"schema":{"@context":"https:\/\/schema.org","@graph":[{"@type":"WebPage","@id":"https:\/\/cortenstaalverkoop.nl\/product\/cortenstaal-buitenhaard-mel\/","url":"https:\/\/cortenstaalverkoop.nl\/product\/cortenstaal-buitenhaard-mel\/","name":"Cortenstaal udend\u00f8rs pejs Mel, du k\u00f8ber p\u00e5 cortenstaalverkoop.nl","isPartOf":{"@id":"https:\/\/cortenstaalverkoop.nl\/#website"},"primaryImageOfPage":{"@id":"https:\/\/cortenstaalverkoop.nl\/product\/cortenstaal-buitenhaard-mel\/#primaryimage"},"image":{"@id":"https:\/\/cortenstaalverkoop.nl\/product\/cortenstaal-buitenhaard-mel\/#primaryimage"},"thumbnailUrl":"https:\/\/cortenstaalverkoop.nl\/wp-content\/uploads\/2020\/02\/burni-ENOK-door-scaled.jpg","datePublished":"2020-02-18T10:10:10+00:00","dateModified":"2026-04-13T13:07:24+00:00","description":"\u2705 Corten st\u00e5l udend\u00f8rs pejs Mel \u2705 den bedste kvalitet \u2705 5 \u00e5rs garanti! Bestil din Corten st\u00e5l udend\u00f8rs pejs, fra billige cortenstaalverkoop.nl!","breadcrumb":{"@id":"https:\/\/cortenstaalverkoop.nl\/product\/cortenstaal-buitenhaard-mel\/#breadcrumb"},"inLanguage":"da-DK","potentialAction":[{"@type":"ReadAction","target":["https:\/\/cortenstaalverkoop.nl\/product\/cortenstaal-buitenhaard-mel\/"]}]},{"@type":"ImageObject","inLanguage":"da-DK","@id":"https:\/\/cortenstaalverkoop.nl\/product\/cortenstaal-buitenhaard-mel\/#primaryimage","url":"https:\/\/cortenstaalverkoop.nl\/wp-content\/uploads\/2020\/02\/burni-ENOK-door-scaled.jpg","contentUrl":"https:\/\/cortenstaalverkoop.nl\/wp-content\/uploads\/2020\/02\/burni-ENOK-door-scaled.jpg","width":2560,"height":1920,"caption":"Cortenstaal buitenhaard Mel"},{"@type":"BreadcrumbList","@id":"https:\/\/cortenstaalverkoop.nl\/product\/cortenstaal-buitenhaard-mel\/#breadcrumb","itemListElement":[{"@type":"ListItem","position":1,"name":"Home","item":"https:\/\/cortenstaalverkoop.nl\/"},{"@type":"ListItem","position":2,"name":"Assortiment","item":"https:\/\/cortenstaalverkoop.nl\/assortiment-cortenstaal\/"},{"@type":"ListItem","position":3,"name":"Cortenstaal buitenhaard Mel"}]},{"@type":"WebSite","@id":"https:\/\/cortenstaalverkoop.nl\/#website","url":"https:\/\/cortenstaalverkoop.nl\/","name":"Cortenstaalverkoop.nl","description":"den cortenstaal specialist!","publisher":{"@id":"https:\/\/cortenstaalverkoop.nl\/#organization"},"potentialAction":[{"@type":"SearchAction","target":{"@type":"EntryPoint","urlTemplate":"https:\/\/cortenstaalverkoop.nl\/?s={search_term_string}"},"query-input":{"@type":"PropertyValueSpecification","valueRequired":true,"valueName":"search_term_string"}}],"inLanguage":"da-DK"},{"@type":"Organization","@id":"https:\/\/cortenstaalverkoop.nl\/#organization","name":"Cortenstaalverkoop.nl","url":"https:\/\/cortenstaalverkoop.nl\/","logo":{"@type":"ImageObject","inLanguage":"da-DK","@id":"https:\/\/cortenstaalverkoop.nl\/#\/schema\/logo\/image\/","url":"https:\/\/cortenstaalverkoop.nl\/wp-content\/uploads\/2019\/11\/cortenstaal-logo-1.png","contentUrl":"https:\/\/cortenstaalverkoop.nl\/wp-content\/uploads\/2019\/11\/cortenstaal-logo-1.png","width":480,"height":163,"caption":"Cortenstaalverkoop.nl"},"image":{"@id":"https:\/\/cortenstaalverkoop.nl\/#\/schema\/logo\/image\/"}}]}},"_links":{"self":[{"href":"https:\/\/cortenstaalverkoop.nl\/da\/wp-json\/wp\/v2\/product\/3847","targetHints":{"allow":["GET"]}}],"collection":[{"href":"https:\/\/cortenstaalverkoop.nl\/da\/wp-json\/wp\/v2\/product"}],"about":[{"href":"https:\/\/cortenstaalverkoop.nl\/da\/wp-json\/wp\/v2\/types\/product"}],"version-history":[{"count":21,"href":"https:\/\/cortenstaalverkoop.nl\/da\/wp-json\/wp\/v2\/product\/3847\/revisions"}],"predecessor-version":[{"id":11174,"href":"https:\/\/cortenstaalverkoop.nl\/da\/wp-json\/wp\/v2\/product\/3847\/revisions\/11174"}],"wp:featuredmedia":[{"embeddable":true,"href":"https:\/\/cortenstaalverkoop.nl\/da\/wp-json\/wp\/v2\/media\/3850"}],"wp:attachment":[{"href":"https:\/\/cortenstaalverkoop.nl\/da\/wp-json\/wp\/v2\/media?parent=3847"}],"wp:term":[{"taxonomy":"product_brand","embeddable":true,"href":"https:\/\/cortenstaalverkoop.nl\/da\/wp-json\/wp\/v2\/product_brand?post=3847"},{"taxonomy":"product_cat","embeddable":true,"href":"https:\/\/cortenstaalverkoop.nl\/da\/wp-json\/wp\/v2\/product_cat?post=3847"},{"taxonomy":"product_tag","embeddable":true,"href":"https:\/\/cortenstaalverkoop.nl\/da\/wp-json\/wp\/v2\/product_tag?post=3847"}],"curies":[{"name":"wp","href":"https:\/\/api.w.org\/{rel}","templated":true}]}}