{"id":3942,"date":"2020-02-19T13:08:16","date_gmt":"2020-02-19T12:08:16","guid":{"rendered":"https:\/\/cortenstaalverkoop.nl\/?post_type=product&#038;p=3942"},"modified":"2026-04-20T16:02:01","modified_gmt":"2026-04-20T14:02:01","slug":"corten-stal-pizza-ovn-dome","status":"publish","type":"product","link":"https:\/\/cortenstaalverkoop.nl\/da\/product\/cortenstaal-pizzaoven-dome\/","title":{"rendered":"Corten st\u00e5l pizza ovn Dome"},"content":{"rendered":"<h3 data-start=\"120\" data-end=\"150\"><strong data-start=\"120\" data-end=\"150\">Corten st\u00e5l pizza ovn Dome<\/strong><\/h3>\n<p data-start=\"152\" data-end=\"494\">Lav de l\u00e6kreste pizzaer med vores autentiske br\u00e6ndefyrede Corten-st\u00e5l Dome-pizzaovn. <strong data-start=\"253\" data-end=\"266\">Ogs\u00e5<\/strong> Nyd et l\u00e6kkert og stemningsfuldt m\u00e5ltid med venner og familie i din egen have. <strong data-start=\"364\" data-end=\"377\">Till\u00e6g<\/strong> Du kan nemt bage to pizzaer p\u00e5 samme tid, som bliver perfekt tilberedt p\u00e5 f\u00e5 minutter og f\u00e5r en spr\u00f8d skorpe.<\/p>\n<p data-start=\"496\" data-end=\"1156\">Den runde kuppel p\u00e5 denne pizzaovn i cortenst\u00e5l giver <strong data-start=\"554\" data-end=\"569\">ikke kun<\/strong> et barskt udseende, <strong data-start=\"594\" data-end=\"612\">men sikrer ogs\u00e5<\/strong> for optimal luftcirkulation. <strong data-start=\"648\" data-end=\"662\">F\u00f8rste<\/strong> Du opvarmer stenen ved at lave et b\u00e5l. Derefter placerer du br\u00e6ndende tr\u00e6 p\u00e5 siden af \u200b\u200bovnen. Dette f\u00e5r den varme luft til at stige op og bev\u00e6ge sig gennem kuplen til skorstenen. P\u00e5 denne m\u00e5de cirkulerer varmen over din ret, hvilket skaber en perfekt og j\u00e6vn madlavningsoplevelse. <strong data-start=\"981\" data-end=\"994\">Ogs\u00e5<\/strong> Den keramiske pizzasten holder fremragende p\u00e5 varmen. Kort sagt tilbyder Dome alt, hvad du beh\u00f8ver til l\u00e6kre pizzaer. <a href=\"https:\/\/nl.wikipedia.org\/wiki\/Pizza_margherita\" target=\"_blank\" rel=\"noopener\">pizzaer<\/a> med en autentisk smag.<\/p>\n<p data-start=\"1158\" data-end=\"1317\"><strong data-start=\"1158\" data-end=\"1171\">Till\u00e6g<\/strong> er der til denne pizzaovn <a href=\"https:\/\/cortenstaalverkoop.nl\/product\/cortenstaal-onderstel\/\" target=\"_blank\" rel=\"noopener\">to forskellige baser<\/a> f\u00e5s i cortenst\u00e5l, s\u00e5 du nemt kan placere ovnen i den \u00f8nskede h\u00f8jde.<\/p>\n<h4 data-start=\"1319\" data-end=\"1354\"><strong data-start=\"1319\" data-end=\"1354\">Interessepunkter Pizza Ovn Dome:<\/strong><\/h4>\n<ul data-start=\"1355\" data-end=\"2325\">\n<li data-section-id=\"10d0avo\" data-start=\"1355\" data-end=\"1532\">F\u00f8rst skal du placere Dome-enheden p\u00e5 en robust, varmebestandig overflade. Derudover kan du v\u00e6lge vores DOME-stationer; dette skaber \u00f8jeblikkeligt ekstra arbejdsplads.<\/li>\n<li data-section-id=\"1ci479o\" data-start=\"1533\" data-end=\"1604\">Derudover leveres ovnen inklusive skorsten og regnh\u00e6tte.<\/li>\n<li data-section-id=\"i2lgiq\" data-start=\"1605\" data-end=\"1695\">N\u00e5r du placerer kuplen under en baldakin, skal du bruge en tagindd\u00e6kning.<\/li>\n<li data-section-id=\"v6lcbr\" data-start=\"1696\" data-end=\"1788\">Brug desuden \u00e9t v\u00e6gbeslag pr. meter r\u00f8gkanal, eller v\u00e6lg en taggennemf\u00f8ring.<\/li>\n<li data-section-id=\"1m6nfy3\" data-start=\"1789\" data-end=\"1977\">Vigtigt: Pak produkterne ud straks efter modtagelsen for at forhindre fugt i at blive tilbage mellem emballagen og produktet. Ellers kan der opst\u00e5 uj\u00e6vne rustpletter.<\/li>\n<li data-section-id=\"2oixih\" data-start=\"1978\" data-end=\"2065\">Derudover frar\u00e5der vi brug af cortenst\u00e5l inden for en radius af 2 km fra en kystlinje.<\/li>\n<li data-section-id=\"bufizr\" data-start=\"2066\" data-end=\"2237\">Derudover kan du reparere rust med Owatrol. Dette p\u00e5f\u00f8rer et beskyttende lag, der sikrer, at produktet forbliver beskyttet, og at cortenst\u00e5let ikke l\u00e6ngere gnides af.<\/li>\n<li data-section-id=\"1lbzu2c\" data-start=\"2238\" data-end=\"2325\">Reng\u00f8r endelig ovnen \u00e5rligt ved at spr\u00f8jte groft snavs af med vand fra hanen.<\/li>\n<\/ul>","protected":false},"excerpt":{"rendered":"<p>Den Corten st\u00e5l pizza ovn Dome refererer til traditionelle italienske tr\u00e6-fyret mursten ovne. Pizza ovn er 80 cm bred og 75 cm dyb. H\u00f8jde uden skorsten er 44 cm og med skorsten og regn hood 118 cm.<\/p>\n<h5>Specifikationer:<\/h5>\n<ul>\n<li>5 \u00e5rs garanti.<\/li>\n<li>KUPLEN er leveret rustne.<\/li>\n<li>Pizza kapacitet: 1-2<\/li>\n<li>Materiale af pizza sten er cordierit.<\/li>\n<li>Indeholder r\u00f8gen og regn hood.<\/li>\n<\/ul>","protected":false},"featured_media":10047,"template":"","meta":{"site-sidebar-layout":"default","site-content-layout":"default","ast-site-content-layout":"default","site-content-style":"default","site-sidebar-style":"default","ast-global-header-display":"","ast-banner-title-visibility":"","ast-main-header-display":"","ast-hfb-above-header-display":"","ast-hfb-below-header-display":"","ast-hfb-mobile-header-display":"","site-post-title":"","ast-breadcrumbs-content":"","ast-featured-img":"","footer-sml-layout":"","ast-disable-related-posts":"","theme-transparent-header-meta":"default","adv-header-id-meta":"","stick-header-meta":"","header-above-stick-meta":"","header-main-stick-meta":"","header-below-stick-meta":"","astra-migrate-meta-layouts":"set","ast-page-background-enabled":"default","ast-page-background-meta":{"desktop":{"background-color":"","background-image":"","background-repeat":"repeat","background-position":"center center","background-size":"auto","background-attachment":"scroll","background-type":"","background-media":"","overlay-type":"","overlay-color":"","overlay-opacity":"","overlay-gradient":""},"tablet":{"background-color":"","background-image":"","background-repeat":"repeat","background-position":"center center","background-size":"auto","background-attachment":"scroll","background-type":"","background-media":"","overlay-type":"","overlay-color":"","overlay-opacity":"","overlay-gradient":""},"mobile":{"background-color":"","background-image":"","background-repeat":"repeat","background-position":"center center","background-size":"auto","background-attachment":"scroll","background-type":"","background-media":"","overlay-type":"","overlay-color":"","overlay-opacity":"","overlay-gradient":""}},"ast-content-background-meta":{"desktop":{"background-color":"var(--ast-global-color-5)","background-image":"","background-repeat":"repeat","background-position":"center center","background-size":"auto","background-attachment":"scroll","background-type":"","background-media":"","overlay-type":"","overlay-color":"","overlay-opacity":"","overlay-gradient":""},"tablet":{"background-color":"var(--ast-global-color-5)","background-image":"","background-repeat":"repeat","background-position":"center center","background-size":"auto","background-attachment":"scroll","background-type":"","background-media":"","overlay-type":"","overlay-color":"","overlay-opacity":"","overlay-gradient":""},"mobile":{"background-color":"var(--ast-global-color-5)","background-image":"","background-repeat":"repeat","background-position":"center center","background-size":"auto","background-attachment":"scroll","background-type":"","background-media":"","overlay-type":"","overlay-color":"","overlay-opacity":"","overlay-gradient":""}}},"product_brand":[],"product_cat":[58],"product_tag":[],"class_list":{"0":"post-3942","1":"product","2":"type-product","3":"status-publish","4":"has-post-thumbnail","6":"product_cat-cortenstaal-vuurelementen","7":"product_shipping_class-transport-light","8":"desktop-align-left","9":"tablet-align-left","10":"mobile-align-left","12":"first","13":"instock","14":"taxable","15":"shipping-taxable","16":"purchasable","17":"product-type-simple"},"yoast_head":"<!-- This site is optimized with the Yoast SEO plugin v27.4 - https:\/\/yoast.com\/product\/yoast-seo-wordpress\/ -->\n<title>Cortenstaal pizzaoven Dome voordelig bij cortenstaalverkoop.nl<\/title>\n<meta name=\"description\" content=\"\u2705 Cortenstaal pizzaoven Dome houtgestookt \u2705 de beste kwaliteit \u2705 5 jaar garantie! Bestel uw Cortenstaal pizzaoven goedkoop bij cortenstaalverkoop.nl\" \/>\n<meta name=\"robots\" content=\"index, follow, max-snippet:-1, max-image-preview:large, max-video-preview:-1\" \/>\n<link rel=\"canonical\" href=\"https:\/\/cortenstaalverkoop.nl\/da\/vare\/corten-stal-pizza-ovn-dome\/\" \/>\n<meta property=\"og:locale\" content=\"da_DK\" \/>\n<meta property=\"og:type\" content=\"article\" \/>\n<meta property=\"og:title\" content=\"Cortenstaal pizzaoven Dome voordelig bij cortenstaalverkoop.nl\" \/>\n<meta property=\"og:description\" content=\"\u2705 Cortenstaal pizzaoven Dome houtgestookt \u2705 de beste kwaliteit \u2705 5 jaar garantie! Bestel uw Cortenstaal pizzaoven goedkoop bij cortenstaalverkoop.nl\" \/>\n<meta property=\"og:url\" content=\"https:\/\/cortenstaalverkoop.nl\/da\/vare\/corten-stal-pizza-ovn-dome\/\" \/>\n<meta property=\"og:site_name\" content=\"Cortenstaalverkoop.nl\" \/>\n<meta property=\"article:modified_time\" content=\"2026-04-20T14:02:01+00:00\" \/>\n<meta property=\"og:image\" content=\"https:\/\/cortenstaalverkoop.nl\/wp-content\/uploads\/2020\/02\/Pizzaoven-FD1.jpg\" \/>\n\t<meta property=\"og:image:width\" content=\"699\" \/>\n\t<meta property=\"og:image:height\" content=\"699\" \/>\n\t<meta property=\"og:image:type\" content=\"image\/jpeg\" \/>\n<meta name=\"twitter:card\" content=\"summary_large_image\" \/>\n<meta name=\"twitter:label1\" content=\"Estimeret l\u00e6setid\" \/>\n\t<meta name=\"twitter:data1\" content=\"2 minutter\" \/>\n<script type=\"application\/ld+json\" class=\"yoast-schema-graph\">{\"@context\":\"https:\\\/\\\/schema.org\",\"@graph\":[{\"@type\":\"WebPage\",\"@id\":\"https:\\\/\\\/cortenstaalverkoop.nl\\\/product\\\/cortenstaal-pizzaoven-dome\\\/\",\"url\":\"https:\\\/\\\/cortenstaalverkoop.nl\\\/product\\\/cortenstaal-pizzaoven-dome\\\/\",\"name\":\"Cortenstaal pizzaoven Dome voordelig bij cortenstaalverkoop.nl\",\"isPartOf\":{\"@id\":\"https:\\\/\\\/cortenstaalverkoop.nl\\\/#website\"},\"primaryImageOfPage\":{\"@id\":\"https:\\\/\\\/cortenstaalverkoop.nl\\\/product\\\/cortenstaal-pizzaoven-dome\\\/#primaryimage\"},\"image\":{\"@id\":\"https:\\\/\\\/cortenstaalverkoop.nl\\\/product\\\/cortenstaal-pizzaoven-dome\\\/#primaryimage\"},\"thumbnailUrl\":\"https:\\\/\\\/cortenstaalverkoop.nl\\\/wp-content\\\/uploads\\\/2020\\\/02\\\/Pizzaoven-FD1.jpg\",\"datePublished\":\"2020-02-19T12:08:16+00:00\",\"dateModified\":\"2026-04-20T14:02:01+00:00\",\"description\":\"\u2705 Cortenstaal pizzaoven Dome houtgestookt \u2705 de beste kwaliteit \u2705 5 jaar garantie! Bestel uw Cortenstaal pizzaoven goedkoop bij cortenstaalverkoop.nl\",\"breadcrumb\":{\"@id\":\"https:\\\/\\\/cortenstaalverkoop.nl\\\/product\\\/cortenstaal-pizzaoven-dome\\\/#breadcrumb\"},\"inLanguage\":\"da-DK\",\"potentialAction\":[{\"@type\":\"ReadAction\",\"target\":[\"https:\\\/\\\/cortenstaalverkoop.nl\\\/product\\\/cortenstaal-pizzaoven-dome\\\/\"]}]},{\"@type\":\"ImageObject\",\"inLanguage\":\"da-DK\",\"@id\":\"https:\\\/\\\/cortenstaalverkoop.nl\\\/product\\\/cortenstaal-pizzaoven-dome\\\/#primaryimage\",\"url\":\"https:\\\/\\\/cortenstaalverkoop.nl\\\/wp-content\\\/uploads\\\/2020\\\/02\\\/Pizzaoven-FD1.jpg\",\"contentUrl\":\"https:\\\/\\\/cortenstaalverkoop.nl\\\/wp-content\\\/uploads\\\/2020\\\/02\\\/Pizzaoven-FD1.jpg\",\"width\":699,\"height\":699,\"caption\":\"Cortenstaal pizzaoven Dome\"},{\"@type\":\"BreadcrumbList\",\"@id\":\"https:\\\/\\\/cortenstaalverkoop.nl\\\/product\\\/cortenstaal-pizzaoven-dome\\\/#breadcrumb\",\"itemListElement\":[{\"@type\":\"ListItem\",\"position\":1,\"name\":\"Home\",\"item\":\"https:\\\/\\\/cortenstaalverkoop.nl\\\/\"},{\"@type\":\"ListItem\",\"position\":2,\"name\":\"Assortiment\",\"item\":\"https:\\\/\\\/cortenstaalverkoop.nl\\\/assortiment-cortenstaal\\\/\"},{\"@type\":\"ListItem\",\"position\":3,\"name\":\"Cortenstaal pizzaoven Dome\"}]},{\"@type\":\"WebSite\",\"@id\":\"https:\\\/\\\/cortenstaalverkoop.nl\\\/#website\",\"url\":\"https:\\\/\\\/cortenstaalverkoop.nl\\\/\",\"name\":\"Cortenstaalverkoop.nl\",\"description\":\"de cortenstaal specialist!\",\"publisher\":{\"@id\":\"https:\\\/\\\/cortenstaalverkoop.nl\\\/#organization\"},\"potentialAction\":[{\"@type\":\"SearchAction\",\"target\":{\"@type\":\"EntryPoint\",\"urlTemplate\":\"https:\\\/\\\/cortenstaalverkoop.nl\\\/?s={search_term_string}\"},\"query-input\":{\"@type\":\"PropertyValueSpecification\",\"valueRequired\":true,\"valueName\":\"search_term_string\"}}],\"inLanguage\":\"da-DK\"},{\"@type\":\"Organization\",\"@id\":\"https:\\\/\\\/cortenstaalverkoop.nl\\\/#organization\",\"name\":\"Cortenstaalverkoop.nl\",\"url\":\"https:\\\/\\\/cortenstaalverkoop.nl\\\/\",\"logo\":{\"@type\":\"ImageObject\",\"inLanguage\":\"da-DK\",\"@id\":\"https:\\\/\\\/cortenstaalverkoop.nl\\\/#\\\/schema\\\/logo\\\/image\\\/\",\"url\":\"https:\\\/\\\/cortenstaalverkoop.nl\\\/wp-content\\\/uploads\\\/2019\\\/11\\\/cortenstaal-logo-1.png\",\"contentUrl\":\"https:\\\/\\\/cortenstaalverkoop.nl\\\/wp-content\\\/uploads\\\/2019\\\/11\\\/cortenstaal-logo-1.png\",\"width\":480,\"height\":163,\"caption\":\"Cortenstaalverkoop.nl\"},\"image\":{\"@id\":\"https:\\\/\\\/cortenstaalverkoop.nl\\\/#\\\/schema\\\/logo\\\/image\\\/\"}}]}<\/script>\n<!-- \/ Yoast SEO plugin. -->","yoast_head_json":{"title":"Corten st\u00e5l pizza ovn Dome cortenstaalverkoop.nl","description":"\u2705 Corten st\u00e5l pizza ovn Dome tr\u00e6 fyret \u2705 den bedste kvalitet \u2705 5 \u00e5rs garanti! Bestil din Corten st\u00e5l pizza ovn billige cortenstaalverkoop.nl","robots":{"index":"index","follow":"follow","max-snippet":"max-snippet:-1","max-image-preview":"max-image-preview:large","max-video-preview":"max-video-preview:-1"},"canonical":"https:\/\/cortenstaalverkoop.nl\/da\/vare\/corten-stal-pizza-ovn-dome\/","og_locale":"da_DK","og_type":"article","og_title":"Cortenstaal pizzaoven Dome voordelig bij cortenstaalverkoop.nl","og_description":"\u2705 Cortenstaal pizzaoven Dome houtgestookt \u2705 de beste kwaliteit \u2705 5 jaar garantie! Bestel uw Cortenstaal pizzaoven goedkoop bij cortenstaalverkoop.nl","og_url":"https:\/\/cortenstaalverkoop.nl\/da\/vare\/corten-stal-pizza-ovn-dome\/","og_site_name":"Cortenstaalverkoop.nl","article_modified_time":"2026-04-20T14:02:01+00:00","og_image":[{"width":699,"height":699,"url":"https:\/\/cortenstaalverkoop.nl\/wp-content\/uploads\/2020\/02\/Pizzaoven-FD1.jpg","type":"image\/jpeg"}],"twitter_card":"summary_large_image","twitter_misc":{"Estimeret l\u00e6setid":"2 minutter"},"schema":{"@context":"https:\/\/schema.org","@graph":[{"@type":"WebPage","@id":"https:\/\/cortenstaalverkoop.nl\/product\/cortenstaal-pizzaoven-dome\/","url":"https:\/\/cortenstaalverkoop.nl\/product\/cortenstaal-pizzaoven-dome\/","name":"Corten st\u00e5l pizza ovn Dome cortenstaalverkoop.nl","isPartOf":{"@id":"https:\/\/cortenstaalverkoop.nl\/#website"},"primaryImageOfPage":{"@id":"https:\/\/cortenstaalverkoop.nl\/product\/cortenstaal-pizzaoven-dome\/#primaryimage"},"image":{"@id":"https:\/\/cortenstaalverkoop.nl\/product\/cortenstaal-pizzaoven-dome\/#primaryimage"},"thumbnailUrl":"https:\/\/cortenstaalverkoop.nl\/wp-content\/uploads\/2020\/02\/Pizzaoven-FD1.jpg","datePublished":"2020-02-19T12:08:16+00:00","dateModified":"2026-04-20T14:02:01+00:00","description":"\u2705 Corten st\u00e5l pizza ovn Dome tr\u00e6 fyret \u2705 den bedste kvalitet \u2705 5 \u00e5rs garanti! Bestil din Corten st\u00e5l pizza ovn billige cortenstaalverkoop.nl","breadcrumb":{"@id":"https:\/\/cortenstaalverkoop.nl\/product\/cortenstaal-pizzaoven-dome\/#breadcrumb"},"inLanguage":"da-DK","potentialAction":[{"@type":"ReadAction","target":["https:\/\/cortenstaalverkoop.nl\/product\/cortenstaal-pizzaoven-dome\/"]}]},{"@type":"ImageObject","inLanguage":"da-DK","@id":"https:\/\/cortenstaalverkoop.nl\/product\/cortenstaal-pizzaoven-dome\/#primaryimage","url":"https:\/\/cortenstaalverkoop.nl\/wp-content\/uploads\/2020\/02\/Pizzaoven-FD1.jpg","contentUrl":"https:\/\/cortenstaalverkoop.nl\/wp-content\/uploads\/2020\/02\/Pizzaoven-FD1.jpg","width":699,"height":699,"caption":"Cortenstaal pizzaoven Dome"},{"@type":"BreadcrumbList","@id":"https:\/\/cortenstaalverkoop.nl\/product\/cortenstaal-pizzaoven-dome\/#breadcrumb","itemListElement":[{"@type":"ListItem","position":1,"name":"Home","item":"https:\/\/cortenstaalverkoop.nl\/"},{"@type":"ListItem","position":2,"name":"Assortiment","item":"https:\/\/cortenstaalverkoop.nl\/assortiment-cortenstaal\/"},{"@type":"ListItem","position":3,"name":"Cortenstaal pizzaoven Dome"}]},{"@type":"WebSite","@id":"https:\/\/cortenstaalverkoop.nl\/#website","url":"https:\/\/cortenstaalverkoop.nl\/","name":"Cortenstaalverkoop.nl","description":"den cortenstaal specialist!","publisher":{"@id":"https:\/\/cortenstaalverkoop.nl\/#organization"},"potentialAction":[{"@type":"SearchAction","target":{"@type":"EntryPoint","urlTemplate":"https:\/\/cortenstaalverkoop.nl\/?s={search_term_string}"},"query-input":{"@type":"PropertyValueSpecification","valueRequired":true,"valueName":"search_term_string"}}],"inLanguage":"da-DK"},{"@type":"Organization","@id":"https:\/\/cortenstaalverkoop.nl\/#organization","name":"Cortenstaalverkoop.nl","url":"https:\/\/cortenstaalverkoop.nl\/","logo":{"@type":"ImageObject","inLanguage":"da-DK","@id":"https:\/\/cortenstaalverkoop.nl\/#\/schema\/logo\/image\/","url":"https:\/\/cortenstaalverkoop.nl\/wp-content\/uploads\/2019\/11\/cortenstaal-logo-1.png","contentUrl":"https:\/\/cortenstaalverkoop.nl\/wp-content\/uploads\/2019\/11\/cortenstaal-logo-1.png","width":480,"height":163,"caption":"Cortenstaalverkoop.nl"},"image":{"@id":"https:\/\/cortenstaalverkoop.nl\/#\/schema\/logo\/image\/"}}]}},"_links":{"self":[{"href":"https:\/\/cortenstaalverkoop.nl\/da\/wp-json\/wp\/v2\/product\/3942","targetHints":{"allow":["GET"]}}],"collection":[{"href":"https:\/\/cortenstaalverkoop.nl\/da\/wp-json\/wp\/v2\/product"}],"about":[{"href":"https:\/\/cortenstaalverkoop.nl\/da\/wp-json\/wp\/v2\/types\/product"}],"version-history":[{"count":24,"href":"https:\/\/cortenstaalverkoop.nl\/da\/wp-json\/wp\/v2\/product\/3942\/revisions"}],"predecessor-version":[{"id":4466,"href":"https:\/\/cortenstaalverkoop.nl\/da\/wp-json\/wp\/v2\/product\/3942\/revisions\/4466"}],"wp:featuredmedia":[{"embeddable":true,"href":"https:\/\/cortenstaalverkoop.nl\/da\/wp-json\/wp\/v2\/media\/10047"}],"wp:attachment":[{"href":"https:\/\/cortenstaalverkoop.nl\/da\/wp-json\/wp\/v2\/media?parent=3942"}],"wp:term":[{"taxonomy":"product_brand","embeddable":true,"href":"https:\/\/cortenstaalverkoop.nl\/da\/wp-json\/wp\/v2\/product_brand?post=3942"},{"taxonomy":"product_cat","embeddable":true,"href":"https:\/\/cortenstaalverkoop.nl\/da\/wp-json\/wp\/v2\/product_cat?post=3942"},{"taxonomy":"product_tag","embeddable":true,"href":"https:\/\/cortenstaalverkoop.nl\/da\/wp-json\/wp\/v2\/product_tag?post=3942"}],"curies":[{"name":"wp","href":"https:\/\/api.w.org\/{rel}","templated":true}]}}