{"id":4785,"date":"2020-06-06T21:24:30","date_gmt":"2020-06-06T19:24:30","guid":{"rendered":"https:\/\/cortenstaalverkoop.nl\/?post_type=product&#038;p=4785"},"modified":"2026-03-27T16:29:14","modified_gmt":"2026-03-27T15:29:14","slug":"corten-stal-plantning-af-disa","status":"publish","type":"product","link":"https:\/\/cortenstaalverkoop.nl\/da\/product\/cortenstaal-plantenbak-disa\/","title":{"rendered":"Corten st\u00e5l plantning af Disa"},"content":{"rendered":"<h3 data-start=\"117\" data-end=\"182\"><strong data-start=\"117\" data-end=\"182\">Cortenstaal plantenbak Disa \u2013 stijlvol, praktisch en duurzaam<\/strong><\/h3>\n<p data-start=\"184\" data-end=\"462\">De cortenstaal plantenbak Disa is verkrijgbaar in <strong data-start=\"234\" data-end=\"262\">vier verschillende maten<\/strong>. Hierdoor is er altijd een formaat dat perfect past op uw balkon, terras of in de tuin. Daarnaast kan een set cortenstaal bloempotten ook dienen als een echte blikvanger bij de ingang van uw bedrijf. Bent u op zoek naar een andere stijl? Bekijk dan ook eens onze andere <a href=\"https:\/\/cortenstaalverkoop.nl\/product\/cortenstaal-plantenbak-tap\/\" target=\"_blank\" rel=\"noopener\">design plantenbakken<\/a> voor nog meer inspiratie.<\/p>\n<p data-start=\"464\" data-end=\"820\">Bovendien is deze plantenbak voorzien van een <strong data-start=\"510\" data-end=\"549\">dubbel omgezette bovenrand van 5 cm<\/strong>, wat zorgt voor extra stevigheid en een strakke afwerking. Aan de onderzijde bevinden zich <strong data-start=\"641\" data-end=\"671\">subtiele pootjes van 18 mm<\/strong>, die bijdragen aan een optimale afwatering. De materiaaldikte bedraagt standaard <strong data-start=\"753\" data-end=\"761\">3 mm<\/strong>, wat garant staat voor een robuuste en duurzame kwaliteit.<\/p>\n<h3 data-start=\"827\" data-end=\"850\"><strong data-start=\"827\" data-end=\"850\">Hvad er Corten st\u00e5l?<\/strong><\/h3>\n<p data-start=\"852\" data-end=\"1141\">Cortenstaal is een bijzonder sterke staalsoort die, zodra deze wordt blootgesteld aan de buitenlucht, een <strong data-start=\"958\" data-end=\"984\">beschermende roestlaag<\/strong> vormt. Deze natuurlijke laag voorkomt verdere corrosie. Kenmerkend voor cortenstaal zijn dan ook de <strong data-start=\"1085\" data-end=\"1113\">warme bruin-oranje kleur<\/strong> en de <strong data-start=\"1120\" data-end=\"1140\">lange levensduur<\/strong>.<\/p>\n<p data-start=\"1143\" data-end=\"1296\">Let op: onze cortenstalen producten worden <strong data-start=\"1186\" data-end=\"1208\">onberoest geleverd<\/strong>. Vervolgens ontwikkelt de karakteristieke roestlaag zich binnen ongeveer <strong data-start=\"1282\" data-end=\"1295\">4 maanden<\/strong>.<\/p>\n<h3 data-start=\"1303\" data-end=\"1324\"><strong data-start=\"1303\" data-end=\"1324\">Beplantingsadvies<\/strong><\/h3>\n<p data-start=\"1326\" data-end=\"1381\">Voor een optimaal resultaat adviseren wij het volgende:<\/p>\n<ul data-start=\"1383\" data-end=\"1655\">\n<li data-section-id=\"13mdxub\" data-start=\"1383\" data-end=\"1445\">Allereerst: breng een laag kiezels aan (\u00d8 35 mm sortering)<\/li>\n<li data-section-id=\"1p0hwq3\" data-start=\"1446\" data-end=\"1533\">Vervolgens: plaats <strong data-start=\"1467\" data-end=\"1490\">g\u00e9\u00e9n overlooppijpje<\/strong> (water mag niet in de bak blijven staan)<\/li>\n<li data-section-id=\"q1lo7n\" data-start=\"1534\" data-end=\"1585\">Daarna: leg een waterdoorlatend anti-worteldoek<\/li>\n<li data-section-id=\"1n6lfd4\" data-start=\"1586\" data-end=\"1655\">Tot slot: vul de bak met aarde die geschikt is voor uw beplanting<\/li>\n<\/ul>\n<p data-start=\"1662\" data-end=\"1693\"><strong data-start=\"1662\" data-end=\"1693\">Belangrijke aandachtspunten<\/strong><\/p>\n<ul data-start=\"1695\" data-end=\"2145\">\n<li data-section-id=\"55tqpq\" data-start=\"1695\" data-end=\"1783\">Zorg altijd voor een goede afwatering (afwateringsgaten zijn standaard aanwezig)<\/li>\n<li data-section-id=\"55tqpq\" data-start=\"1695\" data-end=\"1783\">Voorkom dat er water in de plantenbak blijft staan; dit kan op termijn doorroesten veroorzaken<\/li>\n<li data-section-id=\"55tqpq\" data-start=\"1695\" data-end=\"1783\">Gebruik geen hydrokorrels, omdat deze vocht vasthouden.<\/li>\n<li data-section-id=\"55tqpq\" data-start=\"1695\" data-end=\"1783\">Let op: wij raden het gebruik van cortenstaal af binnen een straal van 2 km van een kustlijn, omdat zoute lucht het roestproces kan be\u00efnvloeden<\/li>\n<li data-section-id=\"55tqpq\" data-start=\"1695\" data-end=\"1783\">Pak de plantenbak direct na levering uit, zodat eventueel vocht kan verdampen<\/li>\n<li data-section-id=\"55tqpq\" data-start=\"1695\" data-end=\"1783\">Houd er rekening mee dat tijdens het roestproces de plantenbak kan afgeven en vlekken kan veroorzaken<\/li>\n<\/ul>\n<h5>Oplysninger om produktet cortenstaal:<\/h5>\n<p><a href=\"https:\/\/nl.wikipedia.org\/wiki\/Cortenstaal\" target=\"_blank\" rel=\"noopener noreferrer\">Cor-Ten st\u00e5l<\/a> ogs\u00e5 kendt som vejrlig st\u00e5l. Det er et metal, en legering, der best\u00e5r af jern, som kobber, silicium, nikkel og krom er blevet tilf\u00f8jet. Cor-Ten er en meget st\u00e6rk type af st\u00e5l. Dette St\u00e5l har den egenskab, at d\u00e6kke sig med et beskyttende lag rust, n\u00e5r de uds\u00e6ttes for luft udefra. Denne naturlige solidt rust lag danner beskyttelse mod yderligere korrosion. Karakteristisk for Cor-Ten st\u00e5l er den brun-orange rust farve og lang levetid.<\/p>\n<p>For leveringer til Danmark anvender vi f\u00f8lgende fragtpriser pr. samlet ordre: sm\u00e5 pakker \u20ac45, let transport \u20ac80, standardtransport \u20ac280 og tung transport \u20ac380 (inklusive levering med medbragt truck).<\/p>","protected":false},"excerpt":{"rendered":"<p>Den Corten st\u00e5l plantageejer Disa er tilg\u00e6ngelige i 4 forskellige st\u00f8rrelser og s\u00e5 nem at placere p\u00e5 din terrasse eller i haven. Et s\u00e6t af Corten st\u00e5l plantageejere kan ogs\u00e5 v\u00e6re et smukt blikfang ved indgangen af din virksomhed. Dette Corten st\u00e5l plantning af Disa har en \u00f8verste kant, dobbelt konverteret af 5 cm. Der er sm\u00e5 ben under 18 mm plantageejere for god dr\u00e6ning. Materiale tykkelse af denne plantageejer er 3 mm. Den angivne diameter g\u00e6lder til toppen.<\/p>\n<p><strong>Fordele:<\/strong><\/p>\n<ul>\n<li><strong>Meget st\u00e6rk<\/strong> og modstandsdygtig over for slid<\/li>\n<li>Vedligeholdelsesfri<\/li>\n<li>Vejrfast og holdbart materiale<\/li>\n<li>Varm og naturlig udseende<\/li>\n<li>Vi bruger kun Corten St\u00e5l type s355jowp<\/li>\n<li>5 \u00e5rs garanti!<\/li>\n<\/ul>","protected":false},"featured_media":4788,"template":"","meta":{"site-sidebar-layout":"default","site-content-layout":"default","ast-site-content-layout":"default","site-content-style":"default","site-sidebar-style":"default","ast-global-header-display":"","ast-banner-title-visibility":"","ast-main-header-display":"","ast-hfb-above-header-display":"","ast-hfb-below-header-display":"","ast-hfb-mobile-header-display":"","site-post-title":"","ast-breadcrumbs-content":"","ast-featured-img":"","footer-sml-layout":"","ast-disable-related-posts":"","theme-transparent-header-meta":"default","adv-header-id-meta":"","stick-header-meta":"","header-above-stick-meta":"","header-main-stick-meta":"","header-below-stick-meta":"","astra-migrate-meta-layouts":"set","ast-page-background-enabled":"default","ast-page-background-meta":{"desktop":{"background-color":"","background-image":"","background-repeat":"repeat","background-position":"center center","background-size":"auto","background-attachment":"scroll","background-type":"","background-media":"","overlay-type":"","overlay-color":"","overlay-opacity":"","overlay-gradient":""},"tablet":{"background-color":"","background-image":"","background-repeat":"repeat","background-position":"center center","background-size":"auto","background-attachment":"scroll","background-type":"","background-media":"","overlay-type":"","overlay-color":"","overlay-opacity":"","overlay-gradient":""},"mobile":{"background-color":"","background-image":"","background-repeat":"repeat","background-position":"center center","background-size":"auto","background-attachment":"scroll","background-type":"","background-media":"","overlay-type":"","overlay-color":"","overlay-opacity":"","overlay-gradient":""}},"ast-content-background-meta":{"desktop":{"background-color":"var(--ast-global-color-5)","background-image":"","background-repeat":"repeat","background-position":"center center","background-size":"auto","background-attachment":"scroll","background-type":"","background-media":"","overlay-type":"","overlay-color":"","overlay-opacity":"","overlay-gradient":""},"tablet":{"background-color":"var(--ast-global-color-5)","background-image":"","background-repeat":"repeat","background-position":"center center","background-size":"auto","background-attachment":"scroll","background-type":"","background-media":"","overlay-type":"","overlay-color":"","overlay-opacity":"","overlay-gradient":""},"mobile":{"background-color":"var(--ast-global-color-5)","background-image":"","background-repeat":"repeat","background-position":"center center","background-size":"auto","background-attachment":"scroll","background-type":"","background-media":"","overlay-type":"","overlay-color":"","overlay-opacity":"","overlay-gradient":""}}},"product_brand":[],"product_cat":[57],"product_tag":[],"class_list":{"0":"post-4785","1":"product","2":"type-product","3":"status-publish","4":"has-post-thumbnail","6":"product_cat-cortenstaal-plantenbakken","7":"product_shipping_class-fritom","8":"desktop-align-left","9":"tablet-align-left","10":"mobile-align-left","12":"first","13":"instock","14":"taxable","15":"shipping-taxable","16":"purchasable","17":"product-type-variable"},"yoast_head":"<!-- This site is optimized with the Yoast SEO plugin v27.3 - https:\/\/yoast.com\/product\/yoast-seo-wordpress\/ -->\n<title>Cortenstaal plantenbak Disa, goedkoop bij cortenstaalverkoop.nl<\/title>\n<meta name=\"description\" content=\"\u2705 Cortenstaal plantenbak Disa in diverse maten.\u2705 de beste kwaliteit \u2705 5 jaar garantie! Bestel uw cortenstaal plantenbak goedkoop bij cortenstaalverkoop.nl!\" \/>\n<meta name=\"robots\" content=\"index, follow, max-snippet:-1, max-image-preview:large, max-video-preview:-1\" \/>\n<link rel=\"canonical\" href=\"https:\/\/cortenstaalverkoop.nl\/da\/vare\/corten-stal-plantning-af-disa\/\" \/>\n<meta property=\"og:locale\" content=\"da_DK\" \/>\n<meta property=\"og:type\" content=\"article\" \/>\n<meta property=\"og:title\" content=\"Cortenstaal plantenbak Disa, goedkoop bij cortenstaalverkoop.nl\" \/>\n<meta property=\"og:description\" content=\"\u2705 Cortenstaal plantenbak Disa in diverse maten.\u2705 de beste kwaliteit \u2705 5 jaar garantie! Bestel uw cortenstaal plantenbak goedkoop bij cortenstaalverkoop.nl!\" \/>\n<meta property=\"og:url\" content=\"https:\/\/cortenstaalverkoop.nl\/da\/vare\/corten-stal-plantning-af-disa\/\" \/>\n<meta property=\"og:site_name\" content=\"Cortenstaalverkoop.nl\" \/>\n<meta property=\"article:modified_time\" content=\"2026-03-27T15:29:14+00:00\" \/>\n<meta property=\"og:image\" content=\"https:\/\/cortenstaalverkoop.nl\/wp-content\/uploads\/2020\/06\/Extend-2-C.png\" \/>\n\t<meta property=\"og:image:width\" content=\"699\" \/>\n\t<meta property=\"og:image:height\" content=\"699\" \/>\n\t<meta property=\"og:image:type\" content=\"image\/png\" \/>\n<meta name=\"twitter:card\" content=\"summary_large_image\" \/>\n<meta name=\"twitter:label1\" content=\"Estimeret l\u00e6setid\" \/>\n\t<meta name=\"twitter:data1\" content=\"3 minutter\" \/>\n<script type=\"application\/ld+json\" class=\"yoast-schema-graph\">{\"@context\":\"https:\\\/\\\/schema.org\",\"@graph\":[{\"@type\":\"WebPage\",\"@id\":\"https:\\\/\\\/cortenstaalverkoop.nl\\\/product\\\/cortenstaal-plantenbak-disa\\\/\",\"url\":\"https:\\\/\\\/cortenstaalverkoop.nl\\\/product\\\/cortenstaal-plantenbak-disa\\\/\",\"name\":\"Cortenstaal plantenbak Disa, goedkoop bij cortenstaalverkoop.nl\",\"isPartOf\":{\"@id\":\"https:\\\/\\\/cortenstaalverkoop.nl\\\/#website\"},\"primaryImageOfPage\":{\"@id\":\"https:\\\/\\\/cortenstaalverkoop.nl\\\/product\\\/cortenstaal-plantenbak-disa\\\/#primaryimage\"},\"image\":{\"@id\":\"https:\\\/\\\/cortenstaalverkoop.nl\\\/product\\\/cortenstaal-plantenbak-disa\\\/#primaryimage\"},\"thumbnailUrl\":\"https:\\\/\\\/cortenstaalverkoop.nl\\\/wp-content\\\/uploads\\\/2020\\\/06\\\/Extend-2-C.png\",\"datePublished\":\"2020-06-06T19:24:30+00:00\",\"dateModified\":\"2026-03-27T15:29:14+00:00\",\"description\":\"\u2705 Cortenstaal plantenbak Disa in diverse maten.\u2705 de beste kwaliteit \u2705 5 jaar garantie! Bestel uw cortenstaal plantenbak goedkoop bij cortenstaalverkoop.nl!\",\"breadcrumb\":{\"@id\":\"https:\\\/\\\/cortenstaalverkoop.nl\\\/product\\\/cortenstaal-plantenbak-disa\\\/#breadcrumb\"},\"inLanguage\":\"da-DK\",\"potentialAction\":[{\"@type\":\"ReadAction\",\"target\":[\"https:\\\/\\\/cortenstaalverkoop.nl\\\/product\\\/cortenstaal-plantenbak-disa\\\/\"]}]},{\"@type\":\"ImageObject\",\"inLanguage\":\"da-DK\",\"@id\":\"https:\\\/\\\/cortenstaalverkoop.nl\\\/product\\\/cortenstaal-plantenbak-disa\\\/#primaryimage\",\"url\":\"https:\\\/\\\/cortenstaalverkoop.nl\\\/wp-content\\\/uploads\\\/2020\\\/06\\\/Extend-2-C.png\",\"contentUrl\":\"https:\\\/\\\/cortenstaalverkoop.nl\\\/wp-content\\\/uploads\\\/2020\\\/06\\\/Extend-2-C.png\",\"width\":699,\"height\":699,\"caption\":\"Cortenstaal plantenbak Disa\"},{\"@type\":\"BreadcrumbList\",\"@id\":\"https:\\\/\\\/cortenstaalverkoop.nl\\\/product\\\/cortenstaal-plantenbak-disa\\\/#breadcrumb\",\"itemListElement\":[{\"@type\":\"ListItem\",\"position\":1,\"name\":\"Home\",\"item\":\"https:\\\/\\\/cortenstaalverkoop.nl\\\/\"},{\"@type\":\"ListItem\",\"position\":2,\"name\":\"Assortiment\",\"item\":\"https:\\\/\\\/cortenstaalverkoop.nl\\\/assortiment-cortenstaal\\\/\"},{\"@type\":\"ListItem\",\"position\":3,\"name\":\"Cortenstaal plantenbak Disa\"}]},{\"@type\":\"WebSite\",\"@id\":\"https:\\\/\\\/cortenstaalverkoop.nl\\\/#website\",\"url\":\"https:\\\/\\\/cortenstaalverkoop.nl\\\/\",\"name\":\"Cortenstaalverkoop.nl\",\"description\":\"de cortenstaal specialist!\",\"publisher\":{\"@id\":\"https:\\\/\\\/cortenstaalverkoop.nl\\\/#organization\"},\"potentialAction\":[{\"@type\":\"SearchAction\",\"target\":{\"@type\":\"EntryPoint\",\"urlTemplate\":\"https:\\\/\\\/cortenstaalverkoop.nl\\\/?s={search_term_string}\"},\"query-input\":{\"@type\":\"PropertyValueSpecification\",\"valueRequired\":true,\"valueName\":\"search_term_string\"}}],\"inLanguage\":\"da-DK\"},{\"@type\":\"Organization\",\"@id\":\"https:\\\/\\\/cortenstaalverkoop.nl\\\/#organization\",\"name\":\"Cortenstaalverkoop.nl\",\"url\":\"https:\\\/\\\/cortenstaalverkoop.nl\\\/\",\"logo\":{\"@type\":\"ImageObject\",\"inLanguage\":\"da-DK\",\"@id\":\"https:\\\/\\\/cortenstaalverkoop.nl\\\/#\\\/schema\\\/logo\\\/image\\\/\",\"url\":\"https:\\\/\\\/cortenstaalverkoop.nl\\\/wp-content\\\/uploads\\\/2019\\\/11\\\/cortenstaal-logo-1.png\",\"contentUrl\":\"https:\\\/\\\/cortenstaalverkoop.nl\\\/wp-content\\\/uploads\\\/2019\\\/11\\\/cortenstaal-logo-1.png\",\"width\":480,\"height\":163,\"caption\":\"Cortenstaalverkoop.nl\"},\"image\":{\"@id\":\"https:\\\/\\\/cortenstaalverkoop.nl\\\/#\\\/schema\\\/logo\\\/image\\\/\"}}]}<\/script>\n<!-- \/ Yoast SEO plugin. -->","yoast_head_json":{"title":"Corten st\u00e5l plantageejer Disa, billige p\u00e5 cortenstaalverkoop.nl","description":"\u2705 Corten st\u00e5l plantning af Disa i forskellige st\u00f8rrelser.\u2705 den bedste kvalitet \u2705 5 \u00e5rs garanti! Bestil din Corten st\u00e5l plantageejer fra billige cortenstaalverkoop.nl!","robots":{"index":"index","follow":"follow","max-snippet":"max-snippet:-1","max-image-preview":"max-image-preview:large","max-video-preview":"max-video-preview:-1"},"canonical":"https:\/\/cortenstaalverkoop.nl\/da\/vare\/corten-stal-plantning-af-disa\/","og_locale":"da_DK","og_type":"article","og_title":"Cortenstaal plantenbak Disa, goedkoop bij cortenstaalverkoop.nl","og_description":"\u2705 Cortenstaal plantenbak Disa in diverse maten.\u2705 de beste kwaliteit \u2705 5 jaar garantie! Bestel uw cortenstaal plantenbak goedkoop bij cortenstaalverkoop.nl!","og_url":"https:\/\/cortenstaalverkoop.nl\/da\/vare\/corten-stal-plantning-af-disa\/","og_site_name":"Cortenstaalverkoop.nl","article_modified_time":"2026-03-27T15:29:14+00:00","og_image":[{"width":699,"height":699,"url":"https:\/\/cortenstaalverkoop.nl\/wp-content\/uploads\/2020\/06\/Extend-2-C.png","type":"image\/png"}],"twitter_card":"summary_large_image","twitter_misc":{"Estimeret l\u00e6setid":"3 minutter"},"schema":{"@context":"https:\/\/schema.org","@graph":[{"@type":"WebPage","@id":"https:\/\/cortenstaalverkoop.nl\/product\/cortenstaal-plantenbak-disa\/","url":"https:\/\/cortenstaalverkoop.nl\/product\/cortenstaal-plantenbak-disa\/","name":"Corten st\u00e5l plantageejer Disa, billige p\u00e5 cortenstaalverkoop.nl","isPartOf":{"@id":"https:\/\/cortenstaalverkoop.nl\/#website"},"primaryImageOfPage":{"@id":"https:\/\/cortenstaalverkoop.nl\/product\/cortenstaal-plantenbak-disa\/#primaryimage"},"image":{"@id":"https:\/\/cortenstaalverkoop.nl\/product\/cortenstaal-plantenbak-disa\/#primaryimage"},"thumbnailUrl":"https:\/\/cortenstaalverkoop.nl\/wp-content\/uploads\/2020\/06\/Extend-2-C.png","datePublished":"2020-06-06T19:24:30+00:00","dateModified":"2026-03-27T15:29:14+00:00","description":"\u2705 Corten st\u00e5l plantning af Disa i forskellige st\u00f8rrelser.\u2705 den bedste kvalitet \u2705 5 \u00e5rs garanti! Bestil din Corten st\u00e5l plantageejer fra billige cortenstaalverkoop.nl!","breadcrumb":{"@id":"https:\/\/cortenstaalverkoop.nl\/product\/cortenstaal-plantenbak-disa\/#breadcrumb"},"inLanguage":"da-DK","potentialAction":[{"@type":"ReadAction","target":["https:\/\/cortenstaalverkoop.nl\/product\/cortenstaal-plantenbak-disa\/"]}]},{"@type":"ImageObject","inLanguage":"da-DK","@id":"https:\/\/cortenstaalverkoop.nl\/product\/cortenstaal-plantenbak-disa\/#primaryimage","url":"https:\/\/cortenstaalverkoop.nl\/wp-content\/uploads\/2020\/06\/Extend-2-C.png","contentUrl":"https:\/\/cortenstaalverkoop.nl\/wp-content\/uploads\/2020\/06\/Extend-2-C.png","width":699,"height":699,"caption":"Cortenstaal plantenbak Disa"},{"@type":"BreadcrumbList","@id":"https:\/\/cortenstaalverkoop.nl\/product\/cortenstaal-plantenbak-disa\/#breadcrumb","itemListElement":[{"@type":"ListItem","position":1,"name":"Home","item":"https:\/\/cortenstaalverkoop.nl\/"},{"@type":"ListItem","position":2,"name":"Assortiment","item":"https:\/\/cortenstaalverkoop.nl\/assortiment-cortenstaal\/"},{"@type":"ListItem","position":3,"name":"Cortenstaal plantenbak Disa"}]},{"@type":"WebSite","@id":"https:\/\/cortenstaalverkoop.nl\/#website","url":"https:\/\/cortenstaalverkoop.nl\/","name":"Cortenstaalverkoop.nl","description":"den cortenstaal specialist!","publisher":{"@id":"https:\/\/cortenstaalverkoop.nl\/#organization"},"potentialAction":[{"@type":"SearchAction","target":{"@type":"EntryPoint","urlTemplate":"https:\/\/cortenstaalverkoop.nl\/?s={search_term_string}"},"query-input":{"@type":"PropertyValueSpecification","valueRequired":true,"valueName":"search_term_string"}}],"inLanguage":"da-DK"},{"@type":"Organization","@id":"https:\/\/cortenstaalverkoop.nl\/#organization","name":"Cortenstaalverkoop.nl","url":"https:\/\/cortenstaalverkoop.nl\/","logo":{"@type":"ImageObject","inLanguage":"da-DK","@id":"https:\/\/cortenstaalverkoop.nl\/#\/schema\/logo\/image\/","url":"https:\/\/cortenstaalverkoop.nl\/wp-content\/uploads\/2019\/11\/cortenstaal-logo-1.png","contentUrl":"https:\/\/cortenstaalverkoop.nl\/wp-content\/uploads\/2019\/11\/cortenstaal-logo-1.png","width":480,"height":163,"caption":"Cortenstaalverkoop.nl"},"image":{"@id":"https:\/\/cortenstaalverkoop.nl\/#\/schema\/logo\/image\/"}}]}},"_links":{"self":[{"href":"https:\/\/cortenstaalverkoop.nl\/da\/wp-json\/wp\/v2\/product\/4785","targetHints":{"allow":["GET"]}}],"collection":[{"href":"https:\/\/cortenstaalverkoop.nl\/da\/wp-json\/wp\/v2\/product"}],"about":[{"href":"https:\/\/cortenstaalverkoop.nl\/da\/wp-json\/wp\/v2\/types\/product"}],"version-history":[{"count":5,"href":"https:\/\/cortenstaalverkoop.nl\/da\/wp-json\/wp\/v2\/product\/4785\/revisions"}],"predecessor-version":[{"id":11104,"href":"https:\/\/cortenstaalverkoop.nl\/da\/wp-json\/wp\/v2\/product\/4785\/revisions\/11104"}],"wp:featuredmedia":[{"embeddable":true,"href":"https:\/\/cortenstaalverkoop.nl\/da\/wp-json\/wp\/v2\/media\/4788"}],"wp:attachment":[{"href":"https:\/\/cortenstaalverkoop.nl\/da\/wp-json\/wp\/v2\/media?parent=4785"}],"wp:term":[{"taxonomy":"product_brand","embeddable":true,"href":"https:\/\/cortenstaalverkoop.nl\/da\/wp-json\/wp\/v2\/product_brand?post=4785"},{"taxonomy":"product_cat","embeddable":true,"href":"https:\/\/cortenstaalverkoop.nl\/da\/wp-json\/wp\/v2\/product_cat?post=4785"},{"taxonomy":"product_tag","embeddable":true,"href":"https:\/\/cortenstaalverkoop.nl\/da\/wp-json\/wp\/v2\/product_tag?post=4785"}],"curies":[{"name":"wp","href":"https:\/\/api.w.org\/{rel}","templated":true}]}}