{"id":5012,"date":"2020-08-31T22:37:09","date_gmt":"2020-08-31T20:37:09","guid":{"rendered":"https:\/\/cortenstaalverkoop.nl\/?post_type=product&#038;p=5012"},"modified":"2026-04-13T15:57:57","modified_gmt":"2026-04-13T13:57:57","slug":"corten-stal-kokken-pejs-madamm","status":"publish","type":"product","link":"https:\/\/cortenstaalverkoop.nl\/da\/product\/cortenstaal-keukenhaard-madamm\/","title":{"rendered":"Corten st\u00e5l k\u00f8kken pejs Madamm"},"content":{"rendered":"<p>Dette <a href=\"https:\/\/nl.wikipedia.org\/wiki\/Cortenstaal\" target=\"_blank\" rel=\"noopener noreferrer\">Corten<\/a> k\u00f8kken pejs Madamm er en meget flot br\u00e6ndeovn med en bageplade p\u00e5 toppen. P\u00e5 denne bageplade med 10 mm tyk st\u00e5l, kan du nemt tilberede en velsmagende stykke k\u00f8d eller fisk og gr\u00f8ntsager. Dette g\u00f8r madlavningen sjovere, fordi du kan tjene alle ingredienserne sammen. Oplev en helt ny verden af udend\u00f8rs madlavning muligheder. P\u00e5 grund af de to sidestykker, det er muligt at f\u00e5 mere arbejdsplads. Som en ekstra udvidelse, der er en side stykke, med en rustfri st\u00e5l top eller en h\u00e5rdttr\u00e6 top til salg. Med den ene side stykke, toppen bliver 40 cm bredere. I andre <a href=\"https:\/\/cortenstaalverkoop.nl\/cortenstaal\/cortenstaal-vuurelementen\/\" target=\"_blank\" rel=\"noopener noreferrer\">bbq<\/a> er ogs\u00e5 til r\u00e5dighed via denne hjemmeside.<\/p>\n<p><strong>Vigtigt:<\/strong><\/p>\n<p><strong>Ved f\u00f8rste brug<\/strong> fra denne Corten st\u00e5l k\u00f8kken pejs Madamm det er meget vigtigt, at du starter med en lille brand, og efter 25 minutter forts\u00e6tte med at t\u00e6nde ild. Den tunge bageplade vil f\u00e5 varmere i bunden end p\u00e5 toppen. P\u00e5 grund af denne temperaturforskel, pladen vil hule. Efter den f\u00f8rste brug, bagning ark har &#034;set&#034;, og denne procedure er ikke l\u00e6ngere n\u00f8dvendigt.<br \/>\nMadlavning enhed vil fungere bedst, hvis det har v\u00e6ret brugt en gang eller to gange, og den olie, der er br\u00e6ndt ind i pladen. Madlavning p\u00e5 bageplade vil v\u00e6re lettere efter denne &#039;burn-in&#039; og beskytter pladen fra rust, n\u00e5r den ikke er i brug. Det er bedst at stege med vegetabilsk olie med en h\u00f8j grad af forbr\u00e6nding, for eksempel solsikkeolie.<\/p>\n<p>Efter cirka 25-30 minutter ved fyring, bageplade ved den indre kant vil have n\u00e5et en temperatur p\u00e5 275 \u2013 300\u00b0C. N\u00e5r ilden er gjort, kan du begynde at oliering bageplade, dosis nogle mere olie, hvor du kommer til at bage. P\u00e5 den yderste kant, temperaturen er lidt lavere, s\u00e5 man kan veksle med stegning og holde sig varm. N\u00e5r den varme bageplade, vil det tr\u00e6kke lidt hult. Som bageplade k\u00f8ler, vil det helt rette.<\/p>\n<p><strong>Reng\u00f8ring af k\u00f8kken pejs er faktisk ikke n\u00f8dvendigt.<\/strong> Madlavning olie og f\u00f8devarer rester kan blive skubbet ind i ilden med en spatel efter brug. Du kan eventuelt ren bageplade med en fugtig klud f\u00f8r brug. K\u00f8kken pejs er vejrfast og ikke kr\u00e6ver nogen vedligeholdelse.<\/p>","protected":false},"excerpt":{"rendered":"<p>Dette <a href=\"https:\/\/nl.wikipedia.org\/wiki\/Cortenstaal\" target=\"_blank\" rel=\"noopener noreferrer\">Corten<\/a> k\u00f8kken pejs Madamm er en meget flot br\u00e6ndeovn med en bageplade p\u00e5 toppen. P\u00e5 denne bageplade med 10 mm tyk st\u00e5l, kan du nemt tilberede en velsmagende stykke k\u00f8d eller fisk og gr\u00f8ntsager. Dette g\u00f8r madlavningen sjovere, fordi du kan tjene alle ingredienserne sammen. Oplev en helt ny verden af udend\u00f8rs madlavning muligheder. Mulighed for forl\u00e6ngelse med to forskellige side-stykker (40 x 50 cm).<\/p>\n<ul>\n<li>bageplade \/ plancha \/ teppanyak af 50 x 50 cm.<\/li>\n<li>Total h\u00f8jde 2 meter.<\/li>\n<li>H\u00f8jde \u00f8verste varmelegeme 85 cm.<\/li>\n<li>Inc. flue diameter 154 mm.<\/li>\n<li>Inc. regn hood.<\/li>\n<li>5 \u00e5rs garanti!<\/li>\n<\/ul>","protected":false},"featured_media":5020,"template":"","meta":{"site-sidebar-layout":"default","site-content-layout":"default","ast-site-content-layout":"default","site-content-style":"default","site-sidebar-style":"default","ast-global-header-display":"","ast-banner-title-visibility":"","ast-main-header-display":"","ast-hfb-above-header-display":"","ast-hfb-below-header-display":"","ast-hfb-mobile-header-display":"","site-post-title":"","ast-breadcrumbs-content":"","ast-featured-img":"","footer-sml-layout":"","ast-disable-related-posts":"","theme-transparent-header-meta":"default","adv-header-id-meta":"","stick-header-meta":"","header-above-stick-meta":"","header-main-stick-meta":"","header-below-stick-meta":"","astra-migrate-meta-layouts":"set","ast-page-background-enabled":"default","ast-page-background-meta":{"desktop":{"background-color":"","background-image":"","background-repeat":"repeat","background-position":"center center","background-size":"auto","background-attachment":"scroll","background-type":"","background-media":"","overlay-type":"","overlay-color":"","overlay-opacity":"","overlay-gradient":""},"tablet":{"background-color":"","background-image":"","background-repeat":"repeat","background-position":"center center","background-size":"auto","background-attachment":"scroll","background-type":"","background-media":"","overlay-type":"","overlay-color":"","overlay-opacity":"","overlay-gradient":""},"mobile":{"background-color":"","background-image":"","background-repeat":"repeat","background-position":"center center","background-size":"auto","background-attachment":"scroll","background-type":"","background-media":"","overlay-type":"","overlay-color":"","overlay-opacity":"","overlay-gradient":""}},"ast-content-background-meta":{"desktop":{"background-color":"var(--ast-global-color-5)","background-image":"","background-repeat":"repeat","background-position":"center center","background-size":"auto","background-attachment":"scroll","background-type":"","background-media":"","overlay-type":"","overlay-color":"","overlay-opacity":"","overlay-gradient":""},"tablet":{"background-color":"var(--ast-global-color-5)","background-image":"","background-repeat":"repeat","background-position":"center center","background-size":"auto","background-attachment":"scroll","background-type":"","background-media":"","overlay-type":"","overlay-color":"","overlay-opacity":"","overlay-gradient":""},"mobile":{"background-color":"var(--ast-global-color-5)","background-image":"","background-repeat":"repeat","background-position":"center center","background-size":"auto","background-attachment":"scroll","background-type":"","background-media":"","overlay-type":"","overlay-color":"","overlay-opacity":"","overlay-gradient":""}}},"product_brand":[],"product_cat":[58],"product_tag":[],"class_list":{"0":"post-5012","1":"product","2":"type-product","3":"status-publish","4":"has-post-thumbnail","6":"product_cat-cortenstaal-vuurelementen","7":"product_shipping_class-fritom","8":"desktop-align-left","9":"tablet-align-left","10":"mobile-align-left","12":"first","13":"instock","14":"taxable","15":"shipping-taxable","16":"purchasable","17":"product-type-variable"},"yoast_head":"<!-- This site is optimized with the Yoast SEO plugin v27.4 - https:\/\/yoast.com\/product\/yoast-seo-wordpress\/ -->\n<title>Cortenstaal keukenhaard Madamm voordelig bij cortenstaalverkoop.nl<\/title>\n<meta name=\"description\" content=\"\u2705 Cortenstaal keukenhaard Madamm + bakplaat \u2705 de beste kwaliteit \u2705 5 jaar garantie! Bestel uw keukenhaard goedkoop bij cortenstaalverkoop.nl\" \/>\n<meta name=\"robots\" content=\"index, follow, max-snippet:-1, max-image-preview:large, max-video-preview:-1\" \/>\n<link rel=\"canonical\" href=\"https:\/\/cortenstaalverkoop.nl\/da\/vare\/corten-stal-kokken-pejs-madamm\/\" \/>\n<meta property=\"og:locale\" content=\"da_DK\" \/>\n<meta property=\"og:type\" content=\"article\" \/>\n<meta property=\"og:title\" content=\"Cortenstaal keukenhaard Madamm voordelig bij cortenstaalverkoop.nl\" \/>\n<meta property=\"og:description\" content=\"\u2705 Cortenstaal keukenhaard Madamm + bakplaat \u2705 de beste kwaliteit \u2705 5 jaar garantie! Bestel uw keukenhaard goedkoop bij cortenstaalverkoop.nl\" \/>\n<meta property=\"og:url\" content=\"https:\/\/cortenstaalverkoop.nl\/da\/vare\/corten-stal-kokken-pejs-madamm\/\" \/>\n<meta property=\"og:site_name\" content=\"Cortenstaalverkoop.nl\" \/>\n<meta property=\"article:modified_time\" content=\"2026-04-13T13:57:57+00:00\" \/>\n<meta property=\"og:image\" content=\"https:\/\/cortenstaalverkoop.nl\/wp-content\/uploads\/2020\/08\/buitenkeuken-Madamm4.jpg\" \/>\n\t<meta property=\"og:image:width\" content=\"2000\" \/>\n\t<meta property=\"og:image:height\" content=\"2000\" \/>\n\t<meta property=\"og:image:type\" content=\"image\/jpeg\" \/>\n<meta name=\"twitter:card\" content=\"summary_large_image\" \/>\n<meta name=\"twitter:label1\" content=\"Estimeret l\u00e6setid\" \/>\n\t<meta name=\"twitter:data1\" content=\"2 minutter\" \/>\n<script type=\"application\/ld+json\" class=\"yoast-schema-graph\">{\"@context\":\"https:\\\/\\\/schema.org\",\"@graph\":[{\"@type\":\"WebPage\",\"@id\":\"https:\\\/\\\/cortenstaalverkoop.nl\\\/product\\\/cortenstaal-keukenhaard-madamm\\\/\",\"url\":\"https:\\\/\\\/cortenstaalverkoop.nl\\\/product\\\/cortenstaal-keukenhaard-madamm\\\/\",\"name\":\"Cortenstaal keukenhaard Madamm voordelig bij cortenstaalverkoop.nl\",\"isPartOf\":{\"@id\":\"https:\\\/\\\/cortenstaalverkoop.nl\\\/#website\"},\"primaryImageOfPage\":{\"@id\":\"https:\\\/\\\/cortenstaalverkoop.nl\\\/product\\\/cortenstaal-keukenhaard-madamm\\\/#primaryimage\"},\"image\":{\"@id\":\"https:\\\/\\\/cortenstaalverkoop.nl\\\/product\\\/cortenstaal-keukenhaard-madamm\\\/#primaryimage\"},\"thumbnailUrl\":\"https:\\\/\\\/cortenstaalverkoop.nl\\\/wp-content\\\/uploads\\\/2020\\\/08\\\/buitenkeuken-Madamm4.jpg\",\"datePublished\":\"2020-08-31T20:37:09+00:00\",\"dateModified\":\"2026-04-13T13:57:57+00:00\",\"description\":\"\u2705 Cortenstaal keukenhaard Madamm + bakplaat \u2705 de beste kwaliteit \u2705 5 jaar garantie! Bestel uw keukenhaard goedkoop bij cortenstaalverkoop.nl\",\"breadcrumb\":{\"@id\":\"https:\\\/\\\/cortenstaalverkoop.nl\\\/product\\\/cortenstaal-keukenhaard-madamm\\\/#breadcrumb\"},\"inLanguage\":\"da-DK\",\"potentialAction\":[{\"@type\":\"ReadAction\",\"target\":[\"https:\\\/\\\/cortenstaalverkoop.nl\\\/product\\\/cortenstaal-keukenhaard-madamm\\\/\"]}]},{\"@type\":\"ImageObject\",\"inLanguage\":\"da-DK\",\"@id\":\"https:\\\/\\\/cortenstaalverkoop.nl\\\/product\\\/cortenstaal-keukenhaard-madamm\\\/#primaryimage\",\"url\":\"https:\\\/\\\/cortenstaalverkoop.nl\\\/wp-content\\\/uploads\\\/2020\\\/08\\\/buitenkeuken-Madamm4.jpg\",\"contentUrl\":\"https:\\\/\\\/cortenstaalverkoop.nl\\\/wp-content\\\/uploads\\\/2020\\\/08\\\/buitenkeuken-Madamm4.jpg\",\"width\":2000,\"height\":2000,\"caption\":\"Cortenstaal keukenhaard Madamm\"},{\"@type\":\"BreadcrumbList\",\"@id\":\"https:\\\/\\\/cortenstaalverkoop.nl\\\/product\\\/cortenstaal-keukenhaard-madamm\\\/#breadcrumb\",\"itemListElement\":[{\"@type\":\"ListItem\",\"position\":1,\"name\":\"Home\",\"item\":\"https:\\\/\\\/cortenstaalverkoop.nl\\\/\"},{\"@type\":\"ListItem\",\"position\":2,\"name\":\"Assortiment\",\"item\":\"https:\\\/\\\/cortenstaalverkoop.nl\\\/assortiment-cortenstaal\\\/\"},{\"@type\":\"ListItem\",\"position\":3,\"name\":\"Cortenstaal keukenhaard Madamm\"}]},{\"@type\":\"WebSite\",\"@id\":\"https:\\\/\\\/cortenstaalverkoop.nl\\\/#website\",\"url\":\"https:\\\/\\\/cortenstaalverkoop.nl\\\/\",\"name\":\"Cortenstaalverkoop.nl\",\"description\":\"de cortenstaal specialist!\",\"publisher\":{\"@id\":\"https:\\\/\\\/cortenstaalverkoop.nl\\\/#organization\"},\"potentialAction\":[{\"@type\":\"SearchAction\",\"target\":{\"@type\":\"EntryPoint\",\"urlTemplate\":\"https:\\\/\\\/cortenstaalverkoop.nl\\\/?s={search_term_string}\"},\"query-input\":{\"@type\":\"PropertyValueSpecification\",\"valueRequired\":true,\"valueName\":\"search_term_string\"}}],\"inLanguage\":\"da-DK\"},{\"@type\":\"Organization\",\"@id\":\"https:\\\/\\\/cortenstaalverkoop.nl\\\/#organization\",\"name\":\"Cortenstaalverkoop.nl\",\"url\":\"https:\\\/\\\/cortenstaalverkoop.nl\\\/\",\"logo\":{\"@type\":\"ImageObject\",\"inLanguage\":\"da-DK\",\"@id\":\"https:\\\/\\\/cortenstaalverkoop.nl\\\/#\\\/schema\\\/logo\\\/image\\\/\",\"url\":\"https:\\\/\\\/cortenstaalverkoop.nl\\\/wp-content\\\/uploads\\\/2019\\\/11\\\/cortenstaal-logo-1.png\",\"contentUrl\":\"https:\\\/\\\/cortenstaalverkoop.nl\\\/wp-content\\\/uploads\\\/2019\\\/11\\\/cortenstaal-logo-1.png\",\"width\":480,\"height\":163,\"caption\":\"Cortenstaalverkoop.nl\"},\"image\":{\"@id\":\"https:\\\/\\\/cortenstaalverkoop.nl\\\/#\\\/schema\\\/logo\\\/image\\\/\"}}]}<\/script>\n<!-- \/ Yoast SEO plugin. -->","yoast_head_json":{"title":"Corten st\u00e5l k\u00f8kken pejs Madamm cortenstaalverkoop.nl","description":"\u2705 Corten st\u00e5l k\u00f8kken pejs Madamm + bageplade \u2705 den bedste kvalitet \u2705 5 \u00e5rs garanti! Bestil dit k\u00f8kken pejs billige fra cortenstaalverkoop.nl","robots":{"index":"index","follow":"follow","max-snippet":"max-snippet:-1","max-image-preview":"max-image-preview:large","max-video-preview":"max-video-preview:-1"},"canonical":"https:\/\/cortenstaalverkoop.nl\/da\/vare\/corten-stal-kokken-pejs-madamm\/","og_locale":"da_DK","og_type":"article","og_title":"Cortenstaal keukenhaard Madamm voordelig bij cortenstaalverkoop.nl","og_description":"\u2705 Cortenstaal keukenhaard Madamm + bakplaat \u2705 de beste kwaliteit \u2705 5 jaar garantie! Bestel uw keukenhaard goedkoop bij cortenstaalverkoop.nl","og_url":"https:\/\/cortenstaalverkoop.nl\/da\/vare\/corten-stal-kokken-pejs-madamm\/","og_site_name":"Cortenstaalverkoop.nl","article_modified_time":"2026-04-13T13:57:57+00:00","og_image":[{"width":2000,"height":2000,"url":"https:\/\/cortenstaalverkoop.nl\/wp-content\/uploads\/2020\/08\/buitenkeuken-Madamm4.jpg","type":"image\/jpeg"}],"twitter_card":"summary_large_image","twitter_misc":{"Estimeret l\u00e6setid":"2 minutter"},"schema":{"@context":"https:\/\/schema.org","@graph":[{"@type":"WebPage","@id":"https:\/\/cortenstaalverkoop.nl\/product\/cortenstaal-keukenhaard-madamm\/","url":"https:\/\/cortenstaalverkoop.nl\/product\/cortenstaal-keukenhaard-madamm\/","name":"Corten st\u00e5l k\u00f8kken pejs Madamm cortenstaalverkoop.nl","isPartOf":{"@id":"https:\/\/cortenstaalverkoop.nl\/#website"},"primaryImageOfPage":{"@id":"https:\/\/cortenstaalverkoop.nl\/product\/cortenstaal-keukenhaard-madamm\/#primaryimage"},"image":{"@id":"https:\/\/cortenstaalverkoop.nl\/product\/cortenstaal-keukenhaard-madamm\/#primaryimage"},"thumbnailUrl":"https:\/\/cortenstaalverkoop.nl\/wp-content\/uploads\/2020\/08\/buitenkeuken-Madamm4.jpg","datePublished":"2020-08-31T20:37:09+00:00","dateModified":"2026-04-13T13:57:57+00:00","description":"\u2705 Corten st\u00e5l k\u00f8kken pejs Madamm + bageplade \u2705 den bedste kvalitet \u2705 5 \u00e5rs garanti! Bestil dit k\u00f8kken pejs billige fra cortenstaalverkoop.nl","breadcrumb":{"@id":"https:\/\/cortenstaalverkoop.nl\/product\/cortenstaal-keukenhaard-madamm\/#breadcrumb"},"inLanguage":"da-DK","potentialAction":[{"@type":"ReadAction","target":["https:\/\/cortenstaalverkoop.nl\/product\/cortenstaal-keukenhaard-madamm\/"]}]},{"@type":"ImageObject","inLanguage":"da-DK","@id":"https:\/\/cortenstaalverkoop.nl\/product\/cortenstaal-keukenhaard-madamm\/#primaryimage","url":"https:\/\/cortenstaalverkoop.nl\/wp-content\/uploads\/2020\/08\/buitenkeuken-Madamm4.jpg","contentUrl":"https:\/\/cortenstaalverkoop.nl\/wp-content\/uploads\/2020\/08\/buitenkeuken-Madamm4.jpg","width":2000,"height":2000,"caption":"Cortenstaal keukenhaard Madamm"},{"@type":"BreadcrumbList","@id":"https:\/\/cortenstaalverkoop.nl\/product\/cortenstaal-keukenhaard-madamm\/#breadcrumb","itemListElement":[{"@type":"ListItem","position":1,"name":"Home","item":"https:\/\/cortenstaalverkoop.nl\/"},{"@type":"ListItem","position":2,"name":"Assortiment","item":"https:\/\/cortenstaalverkoop.nl\/assortiment-cortenstaal\/"},{"@type":"ListItem","position":3,"name":"Cortenstaal keukenhaard Madamm"}]},{"@type":"WebSite","@id":"https:\/\/cortenstaalverkoop.nl\/#website","url":"https:\/\/cortenstaalverkoop.nl\/","name":"Cortenstaalverkoop.nl","description":"den cortenstaal specialist!","publisher":{"@id":"https:\/\/cortenstaalverkoop.nl\/#organization"},"potentialAction":[{"@type":"SearchAction","target":{"@type":"EntryPoint","urlTemplate":"https:\/\/cortenstaalverkoop.nl\/?s={search_term_string}"},"query-input":{"@type":"PropertyValueSpecification","valueRequired":true,"valueName":"search_term_string"}}],"inLanguage":"da-DK"},{"@type":"Organization","@id":"https:\/\/cortenstaalverkoop.nl\/#organization","name":"Cortenstaalverkoop.nl","url":"https:\/\/cortenstaalverkoop.nl\/","logo":{"@type":"ImageObject","inLanguage":"da-DK","@id":"https:\/\/cortenstaalverkoop.nl\/#\/schema\/logo\/image\/","url":"https:\/\/cortenstaalverkoop.nl\/wp-content\/uploads\/2019\/11\/cortenstaal-logo-1.png","contentUrl":"https:\/\/cortenstaalverkoop.nl\/wp-content\/uploads\/2019\/11\/cortenstaal-logo-1.png","width":480,"height":163,"caption":"Cortenstaalverkoop.nl"},"image":{"@id":"https:\/\/cortenstaalverkoop.nl\/#\/schema\/logo\/image\/"}}]}},"_links":{"self":[{"href":"https:\/\/cortenstaalverkoop.nl\/da\/wp-json\/wp\/v2\/product\/5012","targetHints":{"allow":["GET"]}}],"collection":[{"href":"https:\/\/cortenstaalverkoop.nl\/da\/wp-json\/wp\/v2\/product"}],"about":[{"href":"https:\/\/cortenstaalverkoop.nl\/da\/wp-json\/wp\/v2\/types\/product"}],"version-history":[{"count":7,"href":"https:\/\/cortenstaalverkoop.nl\/da\/wp-json\/wp\/v2\/product\/5012\/revisions"}],"predecessor-version":[{"id":11177,"href":"https:\/\/cortenstaalverkoop.nl\/da\/wp-json\/wp\/v2\/product\/5012\/revisions\/11177"}],"wp:featuredmedia":[{"embeddable":true,"href":"https:\/\/cortenstaalverkoop.nl\/da\/wp-json\/wp\/v2\/media\/5020"}],"wp:attachment":[{"href":"https:\/\/cortenstaalverkoop.nl\/da\/wp-json\/wp\/v2\/media?parent=5012"}],"wp:term":[{"taxonomy":"product_brand","embeddable":true,"href":"https:\/\/cortenstaalverkoop.nl\/da\/wp-json\/wp\/v2\/product_brand?post=5012"},{"taxonomy":"product_cat","embeddable":true,"href":"https:\/\/cortenstaalverkoop.nl\/da\/wp-json\/wp\/v2\/product_cat?post=5012"},{"taxonomy":"product_tag","embeddable":true,"href":"https:\/\/cortenstaalverkoop.nl\/da\/wp-json\/wp\/v2\/product_tag?post=5012"}],"curies":[{"name":"wp","href":"https:\/\/api.w.org\/{rel}","templated":true}]}}