{"id":5171,"date":"2020-11-24T10:46:42","date_gmt":"2020-11-24T09:46:42","guid":{"rendered":"https:\/\/cortenstaalverkoop.nl\/?post_type=product&#038;p=5171"},"modified":"2026-03-27T15:02:56","modified_gmt":"2026-03-27T14:02:56","slug":"corten-stal-blomst-boks-moss","status":"publish","type":"product","link":"https:\/\/cortenstaalverkoop.nl\/da\/product\/cortenstaal-bloembak-mosa\/","title":{"rendered":"Corten st\u00e5l blomst boks Moss"},"content":{"rendered":"<p>Den Corten st\u00e5l blomst boks Mosa er tilg\u00e6ngelige i 3 forskellige st\u00f8rrelser og nem at placere p\u00e5 din altan, terrasse eller i haven. S\u00e6t <a href=\"https:\/\/cortenstaalverkoop.nl\/cortenstaal\/cortenstaal-plantenbakken\/\">Corten st\u00e5l urtepotter<\/a> kan ogs\u00e5 v\u00e6re et godt blikfang ved indgangen af din virksomhed. Dette Corten st\u00e5l blomst boks Mosa er fremstillet af 4 mm tykke metal i 3 forskellige h\u00f8jder.<\/p>\n<p>Corten st\u00e5l er en meget st\u00e6rk type af st\u00e5l, der har den egenskab at d\u00e6kke sig med et beskyttende lag af rust, n\u00e5r de uds\u00e6ttes for luft udefra. Denne naturlige solidt rust lag danner beskyttelse mod yderligere korrosion. Karakteristisk for Corten st\u00e5l er den brun-orange rust farve og lang levetid.<br \/>\nVores Corten st\u00e5l varer er leveret ristede. Processen af rust vil tage omkring 4 m\u00e5neder efter, at.<\/p>\n<h3>Plantning r\u00e5d:<\/h3>\n<ul>\n<li>Bunden har et lag af sm\u00e5sten, \u00d8 35 mm sortering<\/li>\n<li>Brug ikke er forsynet med overl\u00f8bsr\u00f8r (ingen vand b\u00f8r forblive i beholderen)<\/li>\n<li>Om dette er en vand-gennemtr\u00e6ngelige anti-root klud<\/li>\n<li>P\u00e5 denne jord er egnet til den type af beplantning<\/li>\n<\/ul>\n<h4>Vigtigt:<\/h4>\n<p>Sikre en god dr\u00e6ning (huller i jorden standard af produktion), ingen overskydende vand skal forblive i den plantageejer, som materialet kan derefter rust over tid p\u00e5 grund af en kombination af ilt og jord.<br \/>\nBrug ikke hydro granulat, som de bevarer fugt<br \/>\nEfter levering, straks pak den blomst, s\u00e5 eventuel fugt mellem emballage og produktet kan fordampe. Dette kan for\u00e5rsage uregelm\u00e6ssige rust og pletter. I l\u00f8bet af rust proces, plantageejer kan give off.<\/p>\n<h5>Oplysninger om produktet cortenstaal:<\/h5>\n<p><a href=\"https:\/\/nl.wikipedia.org\/wiki\/Cortenstaal\" target=\"_blank\" rel=\"noopener noreferrer\">Cor-Ten st\u00e5l<\/a> ogs\u00e5 kendt som vejrlig st\u00e5l. Det er et metal, en legering, der best\u00e5r af jern, som kobber, silicium, nikkel og krom er blevet tilf\u00f8jet. Cor-Ten er en meget st\u00e6rk type af st\u00e5l. Dette St\u00e5l har den egenskab, at d\u00e6kke sig med et beskyttende lag rust, n\u00e5r de uds\u00e6ttes for luft udefra. Denne naturlige solidt rust lag danner beskyttelse mod yderligere korrosion. Karakteristisk for Cor-Ten st\u00e5l er den brun-orange rust farve og lang levetid.<\/p>\n<p>Fragtomkostninger til Danmark er 240 EUR for hele din ordre.<\/p>","protected":false},"excerpt":{"rendered":"<p>Den Corten st\u00e5l blomst boks Mosa er tilg\u00e6ngelige i 3 forskellige st\u00f8rrelser og s\u00e5 nem at placere p\u00e5 din terrasse eller i haven. Et s\u00e6t af Corten st\u00e5l blomsterkasser kan ogs\u00e5 v\u00e6re et smukt blikfang ved indgangen af din virksomhed. <strong>Materiale tykkelse<\/strong> denne blomst er max <strong>4 mm<\/strong>. Den angivne diameter g\u00e6lder til toppen.<\/p>\n<p><strong>Fordele:<\/strong><\/p>\n<ul>\n<li><strong>Meget st\u00e6rk<\/strong> og modstandsdygtig over for slid<\/li>\n<li>Vedligeholdelsesfri<\/li>\n<li>Vejrfast og holdbart materiale<\/li>\n<li>Varm og naturlig udseende<\/li>\n<li>Vi bruger kun Corten St\u00e5l type s355jowp<\/li>\n<li>5 \u00e5rs garanti!<\/li>\n<\/ul>","protected":false},"featured_media":5173,"template":"","meta":{"site-sidebar-layout":"default","site-content-layout":"default","ast-site-content-layout":"default","site-content-style":"default","site-sidebar-style":"default","ast-global-header-display":"","ast-banner-title-visibility":"","ast-main-header-display":"","ast-hfb-above-header-display":"","ast-hfb-below-header-display":"","ast-hfb-mobile-header-display":"","site-post-title":"","ast-breadcrumbs-content":"","ast-featured-img":"","footer-sml-layout":"","ast-disable-related-posts":"","theme-transparent-header-meta":"default","adv-header-id-meta":"","stick-header-meta":"","header-above-stick-meta":"","header-main-stick-meta":"","header-below-stick-meta":"","astra-migrate-meta-layouts":"set","ast-page-background-enabled":"default","ast-page-background-meta":{"desktop":{"background-color":"","background-image":"","background-repeat":"repeat","background-position":"center center","background-size":"auto","background-attachment":"scroll","background-type":"","background-media":"","overlay-type":"","overlay-color":"","overlay-opacity":"","overlay-gradient":""},"tablet":{"background-color":"","background-image":"","background-repeat":"repeat","background-position":"center center","background-size":"auto","background-attachment":"scroll","background-type":"","background-media":"","overlay-type":"","overlay-color":"","overlay-opacity":"","overlay-gradient":""},"mobile":{"background-color":"","background-image":"","background-repeat":"repeat","background-position":"center center","background-size":"auto","background-attachment":"scroll","background-type":"","background-media":"","overlay-type":"","overlay-color":"","overlay-opacity":"","overlay-gradient":""}},"ast-content-background-meta":{"desktop":{"background-color":"var(--ast-global-color-5)","background-image":"","background-repeat":"repeat","background-position":"center center","background-size":"auto","background-attachment":"scroll","background-type":"","background-media":"","overlay-type":"","overlay-color":"","overlay-opacity":"","overlay-gradient":""},"tablet":{"background-color":"var(--ast-global-color-5)","background-image":"","background-repeat":"repeat","background-position":"center center","background-size":"auto","background-attachment":"scroll","background-type":"","background-media":"","overlay-type":"","overlay-color":"","overlay-opacity":"","overlay-gradient":""},"mobile":{"background-color":"var(--ast-global-color-5)","background-image":"","background-repeat":"repeat","background-position":"center center","background-size":"auto","background-attachment":"scroll","background-type":"","background-media":"","overlay-type":"","overlay-color":"","overlay-opacity":"","overlay-gradient":""}}},"product_brand":[],"product_cat":[57],"product_tag":[],"class_list":{"0":"post-5171","1":"product","2":"type-product","3":"status-publish","4":"has-post-thumbnail","6":"product_cat-cortenstaal-plantenbakken","7":"product_shipping_class-fritom","8":"desktop-align-left","9":"tablet-align-left","10":"mobile-align-left","12":"first","13":"instock","14":"taxable","15":"shipping-taxable","16":"purchasable","17":"product-type-variable"},"yoast_head":"<!-- This site is optimized with the Yoast SEO plugin v27.3 - https:\/\/yoast.com\/product\/yoast-seo-wordpress\/ -->\n<title>Cortenstaal bloembak Mosa, goedkoop bij cortenstaalverkoop.nl<\/title>\n<meta name=\"description\" content=\"\u2705 Cortenstaal bloembak Mosa in diverse maten.\u2705 de beste kwaliteit \u2705 5 jaar garantie! Bestel uw cortenstaal bloembak goedkoop bij cortenstaalverkoop.nl!\" \/>\n<meta name=\"robots\" content=\"index, follow, max-snippet:-1, max-image-preview:large, max-video-preview:-1\" \/>\n<link rel=\"canonical\" href=\"https:\/\/cortenstaalverkoop.nl\/da\/vare\/corten-stal-blomst-boks-moss\/\" \/>\n<meta property=\"og:locale\" content=\"da_DK\" \/>\n<meta property=\"og:type\" content=\"article\" \/>\n<meta property=\"og:title\" content=\"Cortenstaal bloembak Mosa, goedkoop bij cortenstaalverkoop.nl\" \/>\n<meta property=\"og:description\" content=\"\u2705 Cortenstaal bloembak Mosa in diverse maten.\u2705 de beste kwaliteit \u2705 5 jaar garantie! Bestel uw cortenstaal bloembak goedkoop bij cortenstaalverkoop.nl!\" \/>\n<meta property=\"og:url\" content=\"https:\/\/cortenstaalverkoop.nl\/da\/vare\/corten-stal-blomst-boks-moss\/\" \/>\n<meta property=\"og:site_name\" content=\"Cortenstaalverkoop.nl\" \/>\n<meta property=\"article:modified_time\" content=\"2026-03-27T14:02:56+00:00\" \/>\n<meta property=\"og:image\" content=\"https:\/\/cortenstaalverkoop.nl\/wp-content\/uploads\/2020\/11\/Mosa-CO1.png\" \/>\n\t<meta property=\"og:image:width\" content=\"699\" \/>\n\t<meta property=\"og:image:height\" content=\"699\" \/>\n\t<meta property=\"og:image:type\" content=\"image\/png\" \/>\n<meta name=\"twitter:card\" content=\"summary_large_image\" \/>\n<meta name=\"twitter:label1\" content=\"Estimeret l\u00e6setid\" \/>\n\t<meta name=\"twitter:data1\" content=\"2 minutter\" \/>\n<script type=\"application\/ld+json\" class=\"yoast-schema-graph\">{\"@context\":\"https:\\\/\\\/schema.org\",\"@graph\":[{\"@type\":\"WebPage\",\"@id\":\"https:\\\/\\\/cortenstaalverkoop.nl\\\/product\\\/cortenstaal-bloembak-mosa\\\/\",\"url\":\"https:\\\/\\\/cortenstaalverkoop.nl\\\/product\\\/cortenstaal-bloembak-mosa\\\/\",\"name\":\"Cortenstaal bloembak Mosa, goedkoop bij cortenstaalverkoop.nl\",\"isPartOf\":{\"@id\":\"https:\\\/\\\/cortenstaalverkoop.nl\\\/#website\"},\"primaryImageOfPage\":{\"@id\":\"https:\\\/\\\/cortenstaalverkoop.nl\\\/product\\\/cortenstaal-bloembak-mosa\\\/#primaryimage\"},\"image\":{\"@id\":\"https:\\\/\\\/cortenstaalverkoop.nl\\\/product\\\/cortenstaal-bloembak-mosa\\\/#primaryimage\"},\"thumbnailUrl\":\"https:\\\/\\\/cortenstaalverkoop.nl\\\/wp-content\\\/uploads\\\/2020\\\/11\\\/Mosa-CO1.png\",\"datePublished\":\"2020-11-24T09:46:42+00:00\",\"dateModified\":\"2026-03-27T14:02:56+00:00\",\"description\":\"\u2705 Cortenstaal bloembak Mosa in diverse maten.\u2705 de beste kwaliteit \u2705 5 jaar garantie! Bestel uw cortenstaal bloembak goedkoop bij cortenstaalverkoop.nl!\",\"breadcrumb\":{\"@id\":\"https:\\\/\\\/cortenstaalverkoop.nl\\\/product\\\/cortenstaal-bloembak-mosa\\\/#breadcrumb\"},\"inLanguage\":\"da-DK\",\"potentialAction\":[{\"@type\":\"ReadAction\",\"target\":[\"https:\\\/\\\/cortenstaalverkoop.nl\\\/product\\\/cortenstaal-bloembak-mosa\\\/\"]}]},{\"@type\":\"ImageObject\",\"inLanguage\":\"da-DK\",\"@id\":\"https:\\\/\\\/cortenstaalverkoop.nl\\\/product\\\/cortenstaal-bloembak-mosa\\\/#primaryimage\",\"url\":\"https:\\\/\\\/cortenstaalverkoop.nl\\\/wp-content\\\/uploads\\\/2020\\\/11\\\/Mosa-CO1.png\",\"contentUrl\":\"https:\\\/\\\/cortenstaalverkoop.nl\\\/wp-content\\\/uploads\\\/2020\\\/11\\\/Mosa-CO1.png\",\"width\":699,\"height\":699,\"caption\":\"Cortenstaal bloembak Mosa\"},{\"@type\":\"BreadcrumbList\",\"@id\":\"https:\\\/\\\/cortenstaalverkoop.nl\\\/product\\\/cortenstaal-bloembak-mosa\\\/#breadcrumb\",\"itemListElement\":[{\"@type\":\"ListItem\",\"position\":1,\"name\":\"Home\",\"item\":\"https:\\\/\\\/cortenstaalverkoop.nl\\\/\"},{\"@type\":\"ListItem\",\"position\":2,\"name\":\"Assortiment\",\"item\":\"https:\\\/\\\/cortenstaalverkoop.nl\\\/assortiment-cortenstaal\\\/\"},{\"@type\":\"ListItem\",\"position\":3,\"name\":\"Cortenstaal bloembak Mosa\"}]},{\"@type\":\"WebSite\",\"@id\":\"https:\\\/\\\/cortenstaalverkoop.nl\\\/#website\",\"url\":\"https:\\\/\\\/cortenstaalverkoop.nl\\\/\",\"name\":\"Cortenstaalverkoop.nl\",\"description\":\"de cortenstaal specialist!\",\"publisher\":{\"@id\":\"https:\\\/\\\/cortenstaalverkoop.nl\\\/#organization\"},\"potentialAction\":[{\"@type\":\"SearchAction\",\"target\":{\"@type\":\"EntryPoint\",\"urlTemplate\":\"https:\\\/\\\/cortenstaalverkoop.nl\\\/?s={search_term_string}\"},\"query-input\":{\"@type\":\"PropertyValueSpecification\",\"valueRequired\":true,\"valueName\":\"search_term_string\"}}],\"inLanguage\":\"da-DK\"},{\"@type\":\"Organization\",\"@id\":\"https:\\\/\\\/cortenstaalverkoop.nl\\\/#organization\",\"name\":\"Cortenstaalverkoop.nl\",\"url\":\"https:\\\/\\\/cortenstaalverkoop.nl\\\/\",\"logo\":{\"@type\":\"ImageObject\",\"inLanguage\":\"da-DK\",\"@id\":\"https:\\\/\\\/cortenstaalverkoop.nl\\\/#\\\/schema\\\/logo\\\/image\\\/\",\"url\":\"https:\\\/\\\/cortenstaalverkoop.nl\\\/wp-content\\\/uploads\\\/2019\\\/11\\\/cortenstaal-logo-1.png\",\"contentUrl\":\"https:\\\/\\\/cortenstaalverkoop.nl\\\/wp-content\\\/uploads\\\/2019\\\/11\\\/cortenstaal-logo-1.png\",\"width\":480,\"height\":163,\"caption\":\"Cortenstaalverkoop.nl\"},\"image\":{\"@id\":\"https:\\\/\\\/cortenstaalverkoop.nl\\\/#\\\/schema\\\/logo\\\/image\\\/\"}}]}<\/script>\n<!-- \/ Yoast SEO plugin. -->","yoast_head_json":{"title":"Cortenstaal blomst boks Mosa, billige blomst boks Mosa cortenstaalverkoop.nl","description":"\u2705 Corten st\u00e5l blomst boks Mosa i forskellige st\u00f8rrelser.\u2705 den bedste kvalitet \u2705 5 \u00e5rs garanti! Bestil din Corten st\u00e5l blomst boks fra billige cortenstaalverkoop.nl!","robots":{"index":"index","follow":"follow","max-snippet":"max-snippet:-1","max-image-preview":"max-image-preview:large","max-video-preview":"max-video-preview:-1"},"canonical":"https:\/\/cortenstaalverkoop.nl\/da\/vare\/corten-stal-blomst-boks-moss\/","og_locale":"da_DK","og_type":"article","og_title":"Cortenstaal bloembak Mosa, goedkoop bij cortenstaalverkoop.nl","og_description":"\u2705 Cortenstaal bloembak Mosa in diverse maten.\u2705 de beste kwaliteit \u2705 5 jaar garantie! Bestel uw cortenstaal bloembak goedkoop bij cortenstaalverkoop.nl!","og_url":"https:\/\/cortenstaalverkoop.nl\/da\/vare\/corten-stal-blomst-boks-moss\/","og_site_name":"Cortenstaalverkoop.nl","article_modified_time":"2026-03-27T14:02:56+00:00","og_image":[{"width":699,"height":699,"url":"https:\/\/cortenstaalverkoop.nl\/wp-content\/uploads\/2020\/11\/Mosa-CO1.png","type":"image\/png"}],"twitter_card":"summary_large_image","twitter_misc":{"Estimeret l\u00e6setid":"2 minutter"},"schema":{"@context":"https:\/\/schema.org","@graph":[{"@type":"WebPage","@id":"https:\/\/cortenstaalverkoop.nl\/product\/cortenstaal-bloembak-mosa\/","url":"https:\/\/cortenstaalverkoop.nl\/product\/cortenstaal-bloembak-mosa\/","name":"Cortenstaal blomst boks Mosa, billige blomst boks Mosa cortenstaalverkoop.nl","isPartOf":{"@id":"https:\/\/cortenstaalverkoop.nl\/#website"},"primaryImageOfPage":{"@id":"https:\/\/cortenstaalverkoop.nl\/product\/cortenstaal-bloembak-mosa\/#primaryimage"},"image":{"@id":"https:\/\/cortenstaalverkoop.nl\/product\/cortenstaal-bloembak-mosa\/#primaryimage"},"thumbnailUrl":"https:\/\/cortenstaalverkoop.nl\/wp-content\/uploads\/2020\/11\/Mosa-CO1.png","datePublished":"2020-11-24T09:46:42+00:00","dateModified":"2026-03-27T14:02:56+00:00","description":"\u2705 Corten st\u00e5l blomst boks Mosa i forskellige st\u00f8rrelser.\u2705 den bedste kvalitet \u2705 5 \u00e5rs garanti! Bestil din Corten st\u00e5l blomst boks fra billige cortenstaalverkoop.nl!","breadcrumb":{"@id":"https:\/\/cortenstaalverkoop.nl\/product\/cortenstaal-bloembak-mosa\/#breadcrumb"},"inLanguage":"da-DK","potentialAction":[{"@type":"ReadAction","target":["https:\/\/cortenstaalverkoop.nl\/product\/cortenstaal-bloembak-mosa\/"]}]},{"@type":"ImageObject","inLanguage":"da-DK","@id":"https:\/\/cortenstaalverkoop.nl\/product\/cortenstaal-bloembak-mosa\/#primaryimage","url":"https:\/\/cortenstaalverkoop.nl\/wp-content\/uploads\/2020\/11\/Mosa-CO1.png","contentUrl":"https:\/\/cortenstaalverkoop.nl\/wp-content\/uploads\/2020\/11\/Mosa-CO1.png","width":699,"height":699,"caption":"Cortenstaal bloembak Mosa"},{"@type":"BreadcrumbList","@id":"https:\/\/cortenstaalverkoop.nl\/product\/cortenstaal-bloembak-mosa\/#breadcrumb","itemListElement":[{"@type":"ListItem","position":1,"name":"Home","item":"https:\/\/cortenstaalverkoop.nl\/"},{"@type":"ListItem","position":2,"name":"Assortiment","item":"https:\/\/cortenstaalverkoop.nl\/assortiment-cortenstaal\/"},{"@type":"ListItem","position":3,"name":"Cortenstaal bloembak Mosa"}]},{"@type":"WebSite","@id":"https:\/\/cortenstaalverkoop.nl\/#website","url":"https:\/\/cortenstaalverkoop.nl\/","name":"Cortenstaalverkoop.nl","description":"den cortenstaal specialist!","publisher":{"@id":"https:\/\/cortenstaalverkoop.nl\/#organization"},"potentialAction":[{"@type":"SearchAction","target":{"@type":"EntryPoint","urlTemplate":"https:\/\/cortenstaalverkoop.nl\/?s={search_term_string}"},"query-input":{"@type":"PropertyValueSpecification","valueRequired":true,"valueName":"search_term_string"}}],"inLanguage":"da-DK"},{"@type":"Organization","@id":"https:\/\/cortenstaalverkoop.nl\/#organization","name":"Cortenstaalverkoop.nl","url":"https:\/\/cortenstaalverkoop.nl\/","logo":{"@type":"ImageObject","inLanguage":"da-DK","@id":"https:\/\/cortenstaalverkoop.nl\/#\/schema\/logo\/image\/","url":"https:\/\/cortenstaalverkoop.nl\/wp-content\/uploads\/2019\/11\/cortenstaal-logo-1.png","contentUrl":"https:\/\/cortenstaalverkoop.nl\/wp-content\/uploads\/2019\/11\/cortenstaal-logo-1.png","width":480,"height":163,"caption":"Cortenstaalverkoop.nl"},"image":{"@id":"https:\/\/cortenstaalverkoop.nl\/#\/schema\/logo\/image\/"}}]}},"_links":{"self":[{"href":"https:\/\/cortenstaalverkoop.nl\/da\/wp-json\/wp\/v2\/product\/5171","targetHints":{"allow":["GET"]}}],"collection":[{"href":"https:\/\/cortenstaalverkoop.nl\/da\/wp-json\/wp\/v2\/product"}],"about":[{"href":"https:\/\/cortenstaalverkoop.nl\/da\/wp-json\/wp\/v2\/types\/product"}],"version-history":[{"count":2,"href":"https:\/\/cortenstaalverkoop.nl\/da\/wp-json\/wp\/v2\/product\/5171\/revisions"}],"predecessor-version":[{"id":10146,"href":"https:\/\/cortenstaalverkoop.nl\/da\/wp-json\/wp\/v2\/product\/5171\/revisions\/10146"}],"wp:featuredmedia":[{"embeddable":true,"href":"https:\/\/cortenstaalverkoop.nl\/da\/wp-json\/wp\/v2\/media\/5173"}],"wp:attachment":[{"href":"https:\/\/cortenstaalverkoop.nl\/da\/wp-json\/wp\/v2\/media?parent=5171"}],"wp:term":[{"taxonomy":"product_brand","embeddable":true,"href":"https:\/\/cortenstaalverkoop.nl\/da\/wp-json\/wp\/v2\/product_brand?post=5171"},{"taxonomy":"product_cat","embeddable":true,"href":"https:\/\/cortenstaalverkoop.nl\/da\/wp-json\/wp\/v2\/product_cat?post=5171"},{"taxonomy":"product_tag","embeddable":true,"href":"https:\/\/cortenstaalverkoop.nl\/da\/wp-json\/wp\/v2\/product_tag?post=5171"}],"curies":[{"name":"wp","href":"https:\/\/api.w.org\/{rel}","templated":true}]}}