{"id":5256,"date":"2021-01-05T10:45:52","date_gmt":"2021-01-05T09:45:52","guid":{"rendered":"https:\/\/cortenstaalverkoop.nl\/?post_type=product&#038;p=5256"},"modified":"2026-04-15T09:46:43","modified_gmt":"2026-04-15T07:46:43","slug":"corten-stal-pakke-postkasse-case","status":"publish","type":"product","link":"https:\/\/cortenstaalverkoop.nl\/da\/product\/cortenstaal-pakketbrievenbus-case\/","title":{"rendered":"Corten st\u00e5l pakke postkasse Case"},"content":{"rendered":"<p>Den Corten st\u00e5l pakkepost Case tilf\u00e6lde har en smuk, industriel design, er derfor meget velegnet til b\u00e5de hjem og kontor. Dette moderne postkassen har den fordel, at en pakke kan blive sikret i det. Virkelig en postkasse for fremtiden. Et andet plus er, at l\u00e5get d\u00e6kker kanten af regn. Levering person \u00e5bner l\u00e5get af postkassen og s\u00e6tter pakke i boksen. N\u00e5r levering person lukker l\u00e5get, pakken automatisk falder ned. Gennem en d\u00f8r med en l\u00e5s, kan du t\u00f8mme postkassen. Vi har <strong>2 forskellige modeller af pakkepost kasser<\/strong> i vores samling.<\/p>\n<p>Der er ogs\u00e5 <strong>tal og bogstaver<\/strong> til salg i rustfrit st\u00e5l og i Corten st\u00e5l. Kan du lime det til den \u00f8nskede placering af denne Corten st\u00e5l pakke postkasse Tilf\u00e6lde (lim er inkluderet, n\u00e5r bogstaver\/tal er bestilt). Alle <a href=\"https:\/\/cortenstaalverkoop.nl\/cortenstaal\/cortenstaal-tuininrichting\/\" target=\"_blank\" rel=\"noopener noreferrer\">postkasser<\/a> er udstyret med en <strong>afl\u00e5selig d\u00f8r<\/strong> og der vil v\u00e6re <strong>2 n\u00f8gler<\/strong> i prisen. Du vil finde n\u00f8glerne i den bl\u00e5 konvolut, der er limet p\u00e5 toppen af postkassen. Produkterne leveres ikke, de skal derfor v\u00e6re pakket ud af emballagen umiddelbart efter modtagelsen, s\u00e5ledes at varen kan rust j\u00e6vnt og ingen striber eller pletter form.<\/p>\n<p>De tal og bogstaver er til r\u00e5dighed i Corten st\u00e5l og rustfrit st\u00e5l: <strong>0, 1, 2, 3, 4, 5, 6, 7, 8, 9, A, B, C, D<\/strong><\/p>\n<h4>Ejendomme af Corten st\u00e5l:<\/h4>\n<ul>\n<li>meget st\u00e6rk, modstandsdygtig over for slid og derfor meget holdbart<\/li>\n<li>Elegant og tidl\u00f8st design<\/li>\n<li>Vejrfast og holdbart materiale<\/li>\n<li>Varm og naturlig udseende<\/li>\n<li>5 \u00e5rs garanti!<\/li>\n<li>Vedligeholdelsesfri<\/li>\n<\/ul>\n<h5>Oplysninger om produktet cortenstaal:<\/h5>\n<p><a href=\"https:\/\/nl.wikipedia.org\/wiki\/Cortenstaal\" target=\"_blank\" rel=\"noopener noreferrer\">Cor-Ten st\u00e5l<\/a> ogs\u00e5 kendt som vejrbestandigt st\u00e5l. Det er et metal, en legering, der best\u00e5r af jern, som kobber, silicium, nikkel og chrom er tilf\u00f8jet. Corten st\u00e5l er en meget st\u00e6rk type af st\u00e5l. Fordi det har den egenskab, at d\u00e6kke sig med et beskyttende lag rust, n\u00e5r de uds\u00e6ttes for luft udefra. Denne naturlige solidt rust lag danner beskyttelse mod yderligere korrosion.<\/p>","protected":false},"excerpt":{"rendered":"<p>Dimensionerne p\u00e5 denne pakkepostkasse i cortenst\u00e5l er 50 x 40 x 120 cm. Maksimal pakkest\u00f8rrelse for denne postkasse er 40 x 30 x 25 cm. Deponerings\u00e5bningen er placeret \u00f8verst, d\u00f8ren med l\u00e5s og n\u00f8gler bagerst. <a href=\"https:\/\/cortenstaalverkoop.nl\/product\/cortenstaal-en-rvs-huisnummer-cijfers\/\" target=\"_blank\" rel=\"noopener\">Tallene<\/a> og <a href=\"https:\/\/cortenstaalverkoop.nl\/product\/cortenstaal-en-rvs-huisnummers-letters\/\" target=\"_blank\" rel=\"noopener\">bogstaverne<\/a> f\u00e5s i cortenst\u00e5l og rustfrit st\u00e5l: 0, 1, 2, 3, 4, 5, 6, 7, 8, 9, A, B, C, D<\/p>\n<p><strong>Fordele:<\/strong><\/p>\n<ul>\n<li>Meget kraftige, slidst\u00e6rke og holdbare materialer<\/li>\n<li>Vedligeholdelsesfri<\/li>\n<li>Varm og naturlig udseende<\/li>\n<li>Vi bruger kun Corten St\u00e5l type s355jowp<\/li>\n<li>5 \u00e5rs garanti!<\/li>\n<\/ul>\n<p><strong>Vigtigt:<\/strong><br \/>\nDen Corten st\u00e5l pakke postkasse er leveret ristede. Derfor postkassen skal v\u00e6re pakket ud umiddelbart efter leveringen, s\u00e5ledes at produktet kan, rust j\u00e6vnt og ingen striber eller pletter form.<\/p>\n<p>&nbsp;<\/p>","protected":false},"featured_media":10639,"template":"","meta":{"site-sidebar-layout":"default","site-content-layout":"default","ast-site-content-layout":"default","site-content-style":"default","site-sidebar-style":"default","ast-global-header-display":"","ast-banner-title-visibility":"","ast-main-header-display":"","ast-hfb-above-header-display":"","ast-hfb-below-header-display":"","ast-hfb-mobile-header-display":"","site-post-title":"","ast-breadcrumbs-content":"","ast-featured-img":"","footer-sml-layout":"","ast-disable-related-posts":"","theme-transparent-header-meta":"default","adv-header-id-meta":"","stick-header-meta":"","header-above-stick-meta":"","header-main-stick-meta":"","header-below-stick-meta":"","astra-migrate-meta-layouts":"set","ast-page-background-enabled":"default","ast-page-background-meta":{"desktop":{"background-color":"","background-image":"","background-repeat":"repeat","background-position":"center center","background-size":"auto","background-attachment":"scroll","background-type":"","background-media":"","overlay-type":"","overlay-color":"","overlay-opacity":"","overlay-gradient":""},"tablet":{"background-color":"","background-image":"","background-repeat":"repeat","background-position":"center center","background-size":"auto","background-attachment":"scroll","background-type":"","background-media":"","overlay-type":"","overlay-color":"","overlay-opacity":"","overlay-gradient":""},"mobile":{"background-color":"","background-image":"","background-repeat":"repeat","background-position":"center center","background-size":"auto","background-attachment":"scroll","background-type":"","background-media":"","overlay-type":"","overlay-color":"","overlay-opacity":"","overlay-gradient":""}},"ast-content-background-meta":{"desktop":{"background-color":"var(--ast-global-color-5)","background-image":"","background-repeat":"repeat","background-position":"center center","background-size":"auto","background-attachment":"scroll","background-type":"","background-media":"","overlay-type":"","overlay-color":"","overlay-opacity":"","overlay-gradient":""},"tablet":{"background-color":"var(--ast-global-color-5)","background-image":"","background-repeat":"repeat","background-position":"center center","background-size":"auto","background-attachment":"scroll","background-type":"","background-media":"","overlay-type":"","overlay-color":"","overlay-opacity":"","overlay-gradient":""},"mobile":{"background-color":"var(--ast-global-color-5)","background-image":"","background-repeat":"repeat","background-position":"center center","background-size":"auto","background-attachment":"scroll","background-type":"","background-media":"","overlay-type":"","overlay-color":"","overlay-opacity":"","overlay-gradient":""}}},"product_brand":[],"product_cat":[61],"product_tag":[],"class_list":{"0":"post-5256","1":"product","2":"type-product","3":"status-publish","4":"has-post-thumbnail","6":"product_cat-cortenstaal-tuininrichting","7":"product_shipping_class-fritom","8":"desktop-align-left","9":"tablet-align-left","10":"mobile-align-left","12":"first","13":"instock","14":"taxable","15":"shipping-taxable","16":"purchasable","17":"product-type-simple"},"yoast_head":"<!-- This site is optimized with the Yoast SEO plugin v27.4 - https:\/\/yoast.com\/product\/yoast-seo-wordpress\/ -->\n<title>Cortenstaal pakketbrievenbus Case, goedkoop bij cortenstaalverkoop.nl<\/title>\n<meta name=\"description\" content=\"\u2705 Cortenstaal pakketbrievenbus Case \u2705 de beste kwaliteit \u2705 5 jaar garantie! Bestel uw pakketbrievenbus goedkoop bij cortenstaalverkoop.nl\" \/>\n<meta name=\"robots\" content=\"index, follow, max-snippet:-1, max-image-preview:large, max-video-preview:-1\" \/>\n<link rel=\"canonical\" href=\"https:\/\/cortenstaalverkoop.nl\/da\/vare\/corten-stal-pakke-postkasse-case\/\" \/>\n<meta property=\"og:locale\" content=\"da_DK\" \/>\n<meta property=\"og:type\" content=\"article\" \/>\n<meta property=\"og:title\" content=\"Cortenstaal pakketbrievenbus Case, goedkoop bij cortenstaalverkoop.nl\" \/>\n<meta property=\"og:description\" content=\"\u2705 Cortenstaal pakketbrievenbus Case \u2705 de beste kwaliteit \u2705 5 jaar garantie! Bestel uw pakketbrievenbus goedkoop bij cortenstaalverkoop.nl\" \/>\n<meta property=\"og:url\" content=\"https:\/\/cortenstaalverkoop.nl\/da\/vare\/corten-stal-pakke-postkasse-case\/\" \/>\n<meta property=\"og:site_name\" content=\"Cortenstaalverkoop.nl\" \/>\n<meta property=\"article:modified_time\" content=\"2026-04-15T07:46:43+00:00\" \/>\n<meta property=\"og:image\" content=\"https:\/\/cortenstaalverkoop.nl\/wp-content\/uploads\/2021\/01\/brievenbus-Case-nieuw.webp\" \/>\n\t<meta property=\"og:image:width\" content=\"699\" \/>\n\t<meta property=\"og:image:height\" content=\"699\" \/>\n\t<meta property=\"og:image:type\" content=\"image\/webp\" \/>\n<meta name=\"twitter:card\" content=\"summary_large_image\" \/>\n<meta name=\"twitter:label1\" content=\"Estimeret l\u00e6setid\" \/>\n\t<meta name=\"twitter:data1\" content=\"2 minutter\" \/>\n<script type=\"application\/ld+json\" class=\"yoast-schema-graph\">{\"@context\":\"https:\\\/\\\/schema.org\",\"@graph\":[{\"@type\":\"WebPage\",\"@id\":\"https:\\\/\\\/cortenstaalverkoop.nl\\\/product\\\/cortenstaal-pakketbrievenbus-case\\\/\",\"url\":\"https:\\\/\\\/cortenstaalverkoop.nl\\\/product\\\/cortenstaal-pakketbrievenbus-case\\\/\",\"name\":\"Cortenstaal pakketbrievenbus Case, goedkoop bij cortenstaalverkoop.nl\",\"isPartOf\":{\"@id\":\"https:\\\/\\\/cortenstaalverkoop.nl\\\/#website\"},\"primaryImageOfPage\":{\"@id\":\"https:\\\/\\\/cortenstaalverkoop.nl\\\/product\\\/cortenstaal-pakketbrievenbus-case\\\/#primaryimage\"},\"image\":{\"@id\":\"https:\\\/\\\/cortenstaalverkoop.nl\\\/product\\\/cortenstaal-pakketbrievenbus-case\\\/#primaryimage\"},\"thumbnailUrl\":\"https:\\\/\\\/cortenstaalverkoop.nl\\\/wp-content\\\/uploads\\\/2021\\\/01\\\/brievenbus-Case-nieuw.webp\",\"datePublished\":\"2021-01-05T09:45:52+00:00\",\"dateModified\":\"2026-04-15T07:46:43+00:00\",\"description\":\"\u2705 Cortenstaal pakketbrievenbus Case \u2705 de beste kwaliteit \u2705 5 jaar garantie! Bestel uw pakketbrievenbus goedkoop bij cortenstaalverkoop.nl\",\"breadcrumb\":{\"@id\":\"https:\\\/\\\/cortenstaalverkoop.nl\\\/product\\\/cortenstaal-pakketbrievenbus-case\\\/#breadcrumb\"},\"inLanguage\":\"da-DK\",\"potentialAction\":[{\"@type\":\"ReadAction\",\"target\":[\"https:\\\/\\\/cortenstaalverkoop.nl\\\/product\\\/cortenstaal-pakketbrievenbus-case\\\/\"]}]},{\"@type\":\"ImageObject\",\"inLanguage\":\"da-DK\",\"@id\":\"https:\\\/\\\/cortenstaalverkoop.nl\\\/product\\\/cortenstaal-pakketbrievenbus-case\\\/#primaryimage\",\"url\":\"https:\\\/\\\/cortenstaalverkoop.nl\\\/wp-content\\\/uploads\\\/2021\\\/01\\\/brievenbus-Case-nieuw.webp\",\"contentUrl\":\"https:\\\/\\\/cortenstaalverkoop.nl\\\/wp-content\\\/uploads\\\/2021\\\/01\\\/brievenbus-Case-nieuw.webp\",\"width\":699,\"height\":699,\"caption\":\"Cortenstaal pakketbrievenbus Case\"},{\"@type\":\"BreadcrumbList\",\"@id\":\"https:\\\/\\\/cortenstaalverkoop.nl\\\/product\\\/cortenstaal-pakketbrievenbus-case\\\/#breadcrumb\",\"itemListElement\":[{\"@type\":\"ListItem\",\"position\":1,\"name\":\"Home\",\"item\":\"https:\\\/\\\/cortenstaalverkoop.nl\\\/\"},{\"@type\":\"ListItem\",\"position\":2,\"name\":\"Assortiment\",\"item\":\"https:\\\/\\\/cortenstaalverkoop.nl\\\/assortiment-cortenstaal\\\/\"},{\"@type\":\"ListItem\",\"position\":3,\"name\":\"Cortenstaal pakketbrievenbus Case\"}]},{\"@type\":\"WebSite\",\"@id\":\"https:\\\/\\\/cortenstaalverkoop.nl\\\/#website\",\"url\":\"https:\\\/\\\/cortenstaalverkoop.nl\\\/\",\"name\":\"Cortenstaalverkoop.nl\",\"description\":\"de cortenstaal specialist!\",\"publisher\":{\"@id\":\"https:\\\/\\\/cortenstaalverkoop.nl\\\/#organization\"},\"potentialAction\":[{\"@type\":\"SearchAction\",\"target\":{\"@type\":\"EntryPoint\",\"urlTemplate\":\"https:\\\/\\\/cortenstaalverkoop.nl\\\/?s={search_term_string}\"},\"query-input\":{\"@type\":\"PropertyValueSpecification\",\"valueRequired\":true,\"valueName\":\"search_term_string\"}}],\"inLanguage\":\"da-DK\"},{\"@type\":\"Organization\",\"@id\":\"https:\\\/\\\/cortenstaalverkoop.nl\\\/#organization\",\"name\":\"Cortenstaalverkoop.nl\",\"url\":\"https:\\\/\\\/cortenstaalverkoop.nl\\\/\",\"logo\":{\"@type\":\"ImageObject\",\"inLanguage\":\"da-DK\",\"@id\":\"https:\\\/\\\/cortenstaalverkoop.nl\\\/#\\\/schema\\\/logo\\\/image\\\/\",\"url\":\"https:\\\/\\\/cortenstaalverkoop.nl\\\/wp-content\\\/uploads\\\/2019\\\/11\\\/cortenstaal-logo-1.png\",\"contentUrl\":\"https:\\\/\\\/cortenstaalverkoop.nl\\\/wp-content\\\/uploads\\\/2019\\\/11\\\/cortenstaal-logo-1.png\",\"width\":480,\"height\":163,\"caption\":\"Cortenstaalverkoop.nl\"},\"image\":{\"@id\":\"https:\\\/\\\/cortenstaalverkoop.nl\\\/#\\\/schema\\\/logo\\\/image\\\/\"}}]}<\/script>\n<!-- \/ Yoast SEO plugin. -->","yoast_head_json":{"title":"Corten st\u00e5l letterbox Tilf\u00e6lde, billige Corten st\u00e5l letterbox-Sag cortenstaalverkoop.nl","description":"\u2705 Corten st\u00e5l parcel max tilf\u00e6lde \u2705 den bedste kvalitet \u2705 5 \u00e5rs garanti! Bestil din pakke postkasse billige cortenstaalverkoop.nl","robots":{"index":"index","follow":"follow","max-snippet":"max-snippet:-1","max-image-preview":"max-image-preview:large","max-video-preview":"max-video-preview:-1"},"canonical":"https:\/\/cortenstaalverkoop.nl\/da\/vare\/corten-stal-pakke-postkasse-case\/","og_locale":"da_DK","og_type":"article","og_title":"Cortenstaal pakketbrievenbus Case, goedkoop bij cortenstaalverkoop.nl","og_description":"\u2705 Cortenstaal pakketbrievenbus Case \u2705 de beste kwaliteit \u2705 5 jaar garantie! Bestel uw pakketbrievenbus goedkoop bij cortenstaalverkoop.nl","og_url":"https:\/\/cortenstaalverkoop.nl\/da\/vare\/corten-stal-pakke-postkasse-case\/","og_site_name":"Cortenstaalverkoop.nl","article_modified_time":"2026-04-15T07:46:43+00:00","og_image":[{"width":699,"height":699,"url":"https:\/\/cortenstaalverkoop.nl\/wp-content\/uploads\/2021\/01\/brievenbus-Case-nieuw.webp","type":"image\/webp"}],"twitter_card":"summary_large_image","twitter_misc":{"Estimeret l\u00e6setid":"2 minutter"},"schema":{"@context":"https:\/\/schema.org","@graph":[{"@type":"WebPage","@id":"https:\/\/cortenstaalverkoop.nl\/product\/cortenstaal-pakketbrievenbus-case\/","url":"https:\/\/cortenstaalverkoop.nl\/product\/cortenstaal-pakketbrievenbus-case\/","name":"Corten st\u00e5l letterbox Tilf\u00e6lde, billige Corten st\u00e5l letterbox-Sag cortenstaalverkoop.nl","isPartOf":{"@id":"https:\/\/cortenstaalverkoop.nl\/#website"},"primaryImageOfPage":{"@id":"https:\/\/cortenstaalverkoop.nl\/product\/cortenstaal-pakketbrievenbus-case\/#primaryimage"},"image":{"@id":"https:\/\/cortenstaalverkoop.nl\/product\/cortenstaal-pakketbrievenbus-case\/#primaryimage"},"thumbnailUrl":"https:\/\/cortenstaalverkoop.nl\/wp-content\/uploads\/2021\/01\/brievenbus-Case-nieuw.webp","datePublished":"2021-01-05T09:45:52+00:00","dateModified":"2026-04-15T07:46:43+00:00","description":"\u2705 Corten st\u00e5l parcel max tilf\u00e6lde \u2705 den bedste kvalitet \u2705 5 \u00e5rs garanti! Bestil din pakke postkasse billige cortenstaalverkoop.nl","breadcrumb":{"@id":"https:\/\/cortenstaalverkoop.nl\/product\/cortenstaal-pakketbrievenbus-case\/#breadcrumb"},"inLanguage":"da-DK","potentialAction":[{"@type":"ReadAction","target":["https:\/\/cortenstaalverkoop.nl\/product\/cortenstaal-pakketbrievenbus-case\/"]}]},{"@type":"ImageObject","inLanguage":"da-DK","@id":"https:\/\/cortenstaalverkoop.nl\/product\/cortenstaal-pakketbrievenbus-case\/#primaryimage","url":"https:\/\/cortenstaalverkoop.nl\/wp-content\/uploads\/2021\/01\/brievenbus-Case-nieuw.webp","contentUrl":"https:\/\/cortenstaalverkoop.nl\/wp-content\/uploads\/2021\/01\/brievenbus-Case-nieuw.webp","width":699,"height":699,"caption":"Cortenstaal pakketbrievenbus Case"},{"@type":"BreadcrumbList","@id":"https:\/\/cortenstaalverkoop.nl\/product\/cortenstaal-pakketbrievenbus-case\/#breadcrumb","itemListElement":[{"@type":"ListItem","position":1,"name":"Home","item":"https:\/\/cortenstaalverkoop.nl\/"},{"@type":"ListItem","position":2,"name":"Assortiment","item":"https:\/\/cortenstaalverkoop.nl\/assortiment-cortenstaal\/"},{"@type":"ListItem","position":3,"name":"Cortenstaal pakketbrievenbus Case"}]},{"@type":"WebSite","@id":"https:\/\/cortenstaalverkoop.nl\/#website","url":"https:\/\/cortenstaalverkoop.nl\/","name":"Cortenstaalverkoop.nl","description":"den cortenstaal specialist!","publisher":{"@id":"https:\/\/cortenstaalverkoop.nl\/#organization"},"potentialAction":[{"@type":"SearchAction","target":{"@type":"EntryPoint","urlTemplate":"https:\/\/cortenstaalverkoop.nl\/?s={search_term_string}"},"query-input":{"@type":"PropertyValueSpecification","valueRequired":true,"valueName":"search_term_string"}}],"inLanguage":"da-DK"},{"@type":"Organization","@id":"https:\/\/cortenstaalverkoop.nl\/#organization","name":"Cortenstaalverkoop.nl","url":"https:\/\/cortenstaalverkoop.nl\/","logo":{"@type":"ImageObject","inLanguage":"da-DK","@id":"https:\/\/cortenstaalverkoop.nl\/#\/schema\/logo\/image\/","url":"https:\/\/cortenstaalverkoop.nl\/wp-content\/uploads\/2019\/11\/cortenstaal-logo-1.png","contentUrl":"https:\/\/cortenstaalverkoop.nl\/wp-content\/uploads\/2019\/11\/cortenstaal-logo-1.png","width":480,"height":163,"caption":"Cortenstaalverkoop.nl"},"image":{"@id":"https:\/\/cortenstaalverkoop.nl\/#\/schema\/logo\/image\/"}}]}},"_links":{"self":[{"href":"https:\/\/cortenstaalverkoop.nl\/da\/wp-json\/wp\/v2\/product\/5256","targetHints":{"allow":["GET"]}}],"collection":[{"href":"https:\/\/cortenstaalverkoop.nl\/da\/wp-json\/wp\/v2\/product"}],"about":[{"href":"https:\/\/cortenstaalverkoop.nl\/da\/wp-json\/wp\/v2\/types\/product"}],"version-history":[{"count":16,"href":"https:\/\/cortenstaalverkoop.nl\/da\/wp-json\/wp\/v2\/product\/5256\/revisions"}],"predecessor-version":[{"id":11186,"href":"https:\/\/cortenstaalverkoop.nl\/da\/wp-json\/wp\/v2\/product\/5256\/revisions\/11186"}],"wp:featuredmedia":[{"embeddable":true,"href":"https:\/\/cortenstaalverkoop.nl\/da\/wp-json\/wp\/v2\/media\/10639"}],"wp:attachment":[{"href":"https:\/\/cortenstaalverkoop.nl\/da\/wp-json\/wp\/v2\/media?parent=5256"}],"wp:term":[{"taxonomy":"product_brand","embeddable":true,"href":"https:\/\/cortenstaalverkoop.nl\/da\/wp-json\/wp\/v2\/product_brand?post=5256"},{"taxonomy":"product_cat","embeddable":true,"href":"https:\/\/cortenstaalverkoop.nl\/da\/wp-json\/wp\/v2\/product_cat?post=5256"},{"taxonomy":"product_tag","embeddable":true,"href":"https:\/\/cortenstaalverkoop.nl\/da\/wp-json\/wp\/v2\/product_tag?post=5256"}],"curies":[{"name":"wp","href":"https:\/\/api.w.org\/{rel}","templated":true}]}}