{"id":5460,"date":"2021-03-03T23:36:57","date_gmt":"2021-03-03T22:36:57","guid":{"rendered":"https:\/\/cortenstaalverkoop.nl\/?post_type=product&#038;p=5460"},"modified":"2026-04-15T08:56:32","modified_gmt":"2026-04-15T06:56:32","slug":"cortenstal-havebaenk","status":"publish","type":"product","link":"https:\/\/cortenstaalverkoop.nl\/da\/product\/cortenstaal-tuinbank\/","title":{"rendered":"Corten st\u00e5l haveb\u00e6nk"},"content":{"rendered":"<p>Dette Corten st\u00e5l haveb\u00e6nk er en \u00e6gte fryd for \u00f8jnene p\u00e5 grund af sin slanke og enkle design. Den Corten st\u00e5l haveb\u00e6nk kan ogs\u00e5 bruges til oplagring af tr\u00e6. Ikke kun din tr\u00e6 forbliver t\u00f8rre, men frem for alt hele haven f\u00e5r et anderledes look. Kombinere denne sofa med en af vores flotte pejse eller <a href=\"https:\/\/cortenstaalverkoop.nl\/product\/cortenstaal-vuurelementen\/cortenstaal-vuurschaal\/\" target=\"_blank\" rel=\"noopener noreferrer\">brand sk\u00e5le<\/a> for det komplette billede. Haven b\u00e6nken er fremstillet af 3 mm tyk Corten st\u00e5l. Alle Corten st\u00e5l varer er leveret ristede. P\u00e5 grund af vejret, dette rust processen starter. Efter omkring 4 til 5 m\u00e5neder, produktet er helt rustne. I l\u00f8bet af denne proces, den haveb\u00e6nk kan stadig levere, s\u00e5 ikke mere. En vigtig egenskab af Corten st\u00e5l er, at det ikke ruster igennem og kan derfor fortsat v\u00e6re udenfor i vind og vejr. Vi tror, at kvaliteten er meget vigtige, hvilket er grunden til, at vi giver 5 \u00e5rs garanti p\u00e5 alle vores produkter.<\/p>\n<h4>Fordele:<\/h4>\n<ul>\n<li>Meget st\u00e6rk og modstandsdygtig over for slid<\/li>\n<li>Vedligeholdelsesfri<\/li>\n<li>Vindt\u00e6t og derfor holdbart materiale<\/li>\n<li>Varm og naturlig udseende<\/li>\n<li>Vi bruger kun de bedste Corten St\u00e5l type S355JOWP<\/li>\n<li>5 \u00e5rs garanti!<\/li>\n<\/ul>\n<p>Produkterne skal v\u00e6re pakket ud umiddelbart efter levering. Fordi det er vigtigt, at eventuel fugt mellem emballage og produktet, kan blive fjernet \u00f8jeblikkeligt. Dette kan ellers medf\u00f8re uregelm\u00e6ssig rust og pletter.<\/p>\n<h5>Oplysninger om produktet cortenstaal:<\/h5>\n<p><a href=\"https:\/\/nl.wikipedia.org\/wiki\/Cortenstaal\" target=\"_blank\" rel=\"noopener noreferrer\">Cor-Ten st\u00e5l<\/a> ogs\u00e5 kendt som vejrbestandigt st\u00e5l. Det er et metal, en legering, der best\u00e5r af jern, som kobber, silicium, nikkel og chrom er tilf\u00f8jet. Corten st\u00e5l er en meget st\u00e6rk type af st\u00e5l. Fordi det har den egenskab, at d\u00e6kke sig med et beskyttende lag rust, n\u00e5r de uds\u00e6ttes for luft udefra. Denne naturlige solidt rust lag danner beskyttelse mod yderligere korrosion.<\/p>","protected":false},"excerpt":{"rendered":"<p>Den Corten st\u00e5l haveb\u00e6nk har en plads lavet af Garapa h\u00e5rdttr\u00e6. Denne FSC-type tr\u00e6, der har lignende egenskaber, med Bankirai h\u00e5rdttr\u00e6. Farven er gul-beige til gullig-brun, bliver lys brun med tiden. Haven b\u00e6nken er lavet af 3 mm tyk Corten st\u00e5l. Den beskyttende lag rust varierer fra varm orange til r\u00f8dbrun, og derfor giver du have smuk industrielle touch.<\/p>\n<p>S\u00e6de h\u00f8jde 43 cm og s\u00e6de dybde 40 cm.<\/p>","protected":false},"featured_media":5362,"template":"","meta":{"site-sidebar-layout":"default","site-content-layout":"default","ast-site-content-layout":"default","site-content-style":"default","site-sidebar-style":"default","ast-global-header-display":"","ast-banner-title-visibility":"","ast-main-header-display":"","ast-hfb-above-header-display":"","ast-hfb-below-header-display":"","ast-hfb-mobile-header-display":"","site-post-title":"","ast-breadcrumbs-content":"","ast-featured-img":"","footer-sml-layout":"","ast-disable-related-posts":"","theme-transparent-header-meta":"default","adv-header-id-meta":"","stick-header-meta":"","header-above-stick-meta":"","header-main-stick-meta":"","header-below-stick-meta":"","astra-migrate-meta-layouts":"set","ast-page-background-enabled":"default","ast-page-background-meta":{"desktop":{"background-color":"","background-image":"","background-repeat":"repeat","background-position":"center center","background-size":"auto","background-attachment":"scroll","background-type":"","background-media":"","overlay-type":"","overlay-color":"","overlay-opacity":"","overlay-gradient":""},"tablet":{"background-color":"","background-image":"","background-repeat":"repeat","background-position":"center center","background-size":"auto","background-attachment":"scroll","background-type":"","background-media":"","overlay-type":"","overlay-color":"","overlay-opacity":"","overlay-gradient":""},"mobile":{"background-color":"","background-image":"","background-repeat":"repeat","background-position":"center center","background-size":"auto","background-attachment":"scroll","background-type":"","background-media":"","overlay-type":"","overlay-color":"","overlay-opacity":"","overlay-gradient":""}},"ast-content-background-meta":{"desktop":{"background-color":"var(--ast-global-color-5)","background-image":"","background-repeat":"repeat","background-position":"center center","background-size":"auto","background-attachment":"scroll","background-type":"","background-media":"","overlay-type":"","overlay-color":"","overlay-opacity":"","overlay-gradient":""},"tablet":{"background-color":"var(--ast-global-color-5)","background-image":"","background-repeat":"repeat","background-position":"center center","background-size":"auto","background-attachment":"scroll","background-type":"","background-media":"","overlay-type":"","overlay-color":"","overlay-opacity":"","overlay-gradient":""},"mobile":{"background-color":"var(--ast-global-color-5)","background-image":"","background-repeat":"repeat","background-position":"center center","background-size":"auto","background-attachment":"scroll","background-type":"","background-media":"","overlay-type":"","overlay-color":"","overlay-opacity":"","overlay-gradient":""}}},"product_brand":[],"product_cat":[61],"product_tag":[],"class_list":{"0":"post-5460","1":"product","2":"type-product","3":"status-publish","4":"has-post-thumbnail","6":"product_cat-cortenstaal-tuininrichting","7":"product_shipping_class-fritom","8":"desktop-align-left","9":"tablet-align-left","10":"mobile-align-left","12":"first","13":"instock","14":"taxable","15":"shipping-taxable","16":"purchasable","17":"product-type-variable"},"yoast_head":"<!-- This site is optimized with the Yoast SEO plugin v27.5 - https:\/\/yoast.com\/product\/yoast-seo-wordpress\/ -->\n<title>Cortenstaal tuinbank koopt u goedkoop bij cortenstaalverkoop.nl<\/title>\n<meta name=\"description\" content=\"\u2705 Cortenstaal tuinbank in 2 maten.\u2705 de beste kwaliteit \u2705 5 jaar garantie! Bestel uw Cortenstaal tuinbank goedkoop bij cortenstaalverkoop.nl\" \/>\n<meta name=\"robots\" content=\"index, follow, max-snippet:-1, max-image-preview:large, max-video-preview:-1\" \/>\n<link rel=\"canonical\" href=\"https:\/\/cortenstaalverkoop.nl\/da\/vare\/cortenstal-havebaenk\/\" \/>\n<meta property=\"og:locale\" content=\"da_DK\" \/>\n<meta property=\"og:type\" content=\"article\" \/>\n<meta property=\"og:title\" content=\"Cortenstaal tuinbank koopt u goedkoop bij cortenstaalverkoop.nl\" \/>\n<meta property=\"og:description\" content=\"\u2705 Cortenstaal tuinbank in 2 maten.\u2705 de beste kwaliteit \u2705 5 jaar garantie! Bestel uw Cortenstaal tuinbank goedkoop bij cortenstaalverkoop.nl\" \/>\n<meta property=\"og:url\" content=\"https:\/\/cortenstaalverkoop.nl\/da\/vare\/cortenstal-havebaenk\/\" \/>\n<meta property=\"og:site_name\" content=\"Cortenstaalverkoop.nl\" \/>\n<meta property=\"article:modified_time\" content=\"2026-04-15T06:56:32+00:00\" \/>\n<meta property=\"og:image\" content=\"https:\/\/cortenstaalverkoop.nl\/wp-content\/uploads\/2019\/12\/tuinbank.jpg\" \/>\n\t<meta property=\"og:image:width\" content=\"699\" \/>\n\t<meta property=\"og:image:height\" content=\"699\" \/>\n\t<meta property=\"og:image:type\" content=\"image\/jpeg\" \/>\n<meta name=\"twitter:card\" content=\"summary_large_image\" \/>\n<meta name=\"twitter:label1\" content=\"Estimeret l\u00e6setid\" \/>\n\t<meta name=\"twitter:data1\" content=\"2 minutter\" \/>\n<script type=\"application\/ld+json\" class=\"yoast-schema-graph\">{\"@context\":\"https:\\\/\\\/schema.org\",\"@graph\":[{\"@type\":\"WebPage\",\"@id\":\"https:\\\/\\\/cortenstaalverkoop.nl\\\/product\\\/cortenstaal-tuinbank\\\/\",\"url\":\"https:\\\/\\\/cortenstaalverkoop.nl\\\/product\\\/cortenstaal-tuinbank\\\/\",\"name\":\"Cortenstaal tuinbank koopt u goedkoop bij cortenstaalverkoop.nl\",\"isPartOf\":{\"@id\":\"https:\\\/\\\/cortenstaalverkoop.nl\\\/#website\"},\"primaryImageOfPage\":{\"@id\":\"https:\\\/\\\/cortenstaalverkoop.nl\\\/product\\\/cortenstaal-tuinbank\\\/#primaryimage\"},\"image\":{\"@id\":\"https:\\\/\\\/cortenstaalverkoop.nl\\\/product\\\/cortenstaal-tuinbank\\\/#primaryimage\"},\"thumbnailUrl\":\"https:\\\/\\\/cortenstaalverkoop.nl\\\/wp-content\\\/uploads\\\/2019\\\/12\\\/tuinbank.jpg\",\"datePublished\":\"2021-03-03T22:36:57+00:00\",\"dateModified\":\"2026-04-15T06:56:32+00:00\",\"description\":\"\u2705 Cortenstaal tuinbank in 2 maten.\u2705 de beste kwaliteit \u2705 5 jaar garantie! Bestel uw Cortenstaal tuinbank goedkoop bij cortenstaalverkoop.nl\",\"breadcrumb\":{\"@id\":\"https:\\\/\\\/cortenstaalverkoop.nl\\\/product\\\/cortenstaal-tuinbank\\\/#breadcrumb\"},\"inLanguage\":\"da-DK\",\"potentialAction\":[{\"@type\":\"ReadAction\",\"target\":[\"https:\\\/\\\/cortenstaalverkoop.nl\\\/product\\\/cortenstaal-tuinbank\\\/\"]}]},{\"@type\":\"ImageObject\",\"inLanguage\":\"da-DK\",\"@id\":\"https:\\\/\\\/cortenstaalverkoop.nl\\\/product\\\/cortenstaal-tuinbank\\\/#primaryimage\",\"url\":\"https:\\\/\\\/cortenstaalverkoop.nl\\\/wp-content\\\/uploads\\\/2019\\\/12\\\/tuinbank.jpg\",\"contentUrl\":\"https:\\\/\\\/cortenstaalverkoop.nl\\\/wp-content\\\/uploads\\\/2019\\\/12\\\/tuinbank.jpg\",\"width\":699,\"height\":699,\"caption\":\"Cortenstaal tuinbank\"},{\"@type\":\"BreadcrumbList\",\"@id\":\"https:\\\/\\\/cortenstaalverkoop.nl\\\/product\\\/cortenstaal-tuinbank\\\/#breadcrumb\",\"itemListElement\":[{\"@type\":\"ListItem\",\"position\":1,\"name\":\"Home\",\"item\":\"https:\\\/\\\/cortenstaalverkoop.nl\\\/\"},{\"@type\":\"ListItem\",\"position\":2,\"name\":\"Assortiment\",\"item\":\"https:\\\/\\\/cortenstaalverkoop.nl\\\/assortiment-cortenstaal\\\/\"},{\"@type\":\"ListItem\",\"position\":3,\"name\":\"Cortenstaal tuinbank\"}]},{\"@type\":\"WebSite\",\"@id\":\"https:\\\/\\\/cortenstaalverkoop.nl\\\/#website\",\"url\":\"https:\\\/\\\/cortenstaalverkoop.nl\\\/\",\"name\":\"Cortenstaalverkoop.nl\",\"description\":\"de cortenstaal specialist!\",\"publisher\":{\"@id\":\"https:\\\/\\\/cortenstaalverkoop.nl\\\/#organization\"},\"potentialAction\":[{\"@type\":\"SearchAction\",\"target\":{\"@type\":\"EntryPoint\",\"urlTemplate\":\"https:\\\/\\\/cortenstaalverkoop.nl\\\/?s={search_term_string}\"},\"query-input\":{\"@type\":\"PropertyValueSpecification\",\"valueRequired\":true,\"valueName\":\"search_term_string\"}}],\"inLanguage\":\"da-DK\"},{\"@type\":\"Organization\",\"@id\":\"https:\\\/\\\/cortenstaalverkoop.nl\\\/#organization\",\"name\":\"Cortenstaalverkoop.nl\",\"url\":\"https:\\\/\\\/cortenstaalverkoop.nl\\\/\",\"logo\":{\"@type\":\"ImageObject\",\"inLanguage\":\"da-DK\",\"@id\":\"https:\\\/\\\/cortenstaalverkoop.nl\\\/#\\\/schema\\\/logo\\\/image\\\/\",\"url\":\"https:\\\/\\\/cortenstaalverkoop.nl\\\/wp-content\\\/uploads\\\/2019\\\/11\\\/cortenstaal-logo-1.png\",\"contentUrl\":\"https:\\\/\\\/cortenstaalverkoop.nl\\\/wp-content\\\/uploads\\\/2019\\\/11\\\/cortenstaal-logo-1.png\",\"width\":480,\"height\":163,\"caption\":\"Cortenstaalverkoop.nl\"},\"image\":{\"@id\":\"https:\\\/\\\/cortenstaalverkoop.nl\\\/#\\\/schema\\\/logo\\\/image\\\/\"}}]}<\/script>\n<!-- \/ Yoast SEO plugin. -->","yoast_head_json":{"title":"Du kan k\u00f8be Cortenstaal haveb\u00e6nk billigt fra cortenstaalverkoop.nl","description":"\u2705 Corten st\u00e5l haveb\u00e6nk i 2 st\u00f8rrelser.\u2705 den bedste kvalitet \u2705 5 \u00e5rs garanti! Bestil din Cortenstaal haveb\u00e6nk billigt cortenstaalverkoop.nl","robots":{"index":"index","follow":"follow","max-snippet":"max-snippet:-1","max-image-preview":"max-image-preview:large","max-video-preview":"max-video-preview:-1"},"canonical":"https:\/\/cortenstaalverkoop.nl\/da\/vare\/cortenstal-havebaenk\/","og_locale":"da_DK","og_type":"article","og_title":"Cortenstaal tuinbank koopt u goedkoop bij cortenstaalverkoop.nl","og_description":"\u2705 Cortenstaal tuinbank in 2 maten.\u2705 de beste kwaliteit \u2705 5 jaar garantie! Bestel uw Cortenstaal tuinbank goedkoop bij cortenstaalverkoop.nl","og_url":"https:\/\/cortenstaalverkoop.nl\/da\/vare\/cortenstal-havebaenk\/","og_site_name":"Cortenstaalverkoop.nl","article_modified_time":"2026-04-15T06:56:32+00:00","og_image":[{"width":699,"height":699,"url":"https:\/\/cortenstaalverkoop.nl\/wp-content\/uploads\/2019\/12\/tuinbank.jpg","type":"image\/jpeg"}],"twitter_card":"summary_large_image","twitter_misc":{"Estimeret l\u00e6setid":"2 minutter"},"schema":{"@context":"https:\/\/schema.org","@graph":[{"@type":"WebPage","@id":"https:\/\/cortenstaalverkoop.nl\/product\/cortenstaal-tuinbank\/","url":"https:\/\/cortenstaalverkoop.nl\/product\/cortenstaal-tuinbank\/","name":"Du kan k\u00f8be Cortenstaal haveb\u00e6nk billigt fra cortenstaalverkoop.nl","isPartOf":{"@id":"https:\/\/cortenstaalverkoop.nl\/#website"},"primaryImageOfPage":{"@id":"https:\/\/cortenstaalverkoop.nl\/product\/cortenstaal-tuinbank\/#primaryimage"},"image":{"@id":"https:\/\/cortenstaalverkoop.nl\/product\/cortenstaal-tuinbank\/#primaryimage"},"thumbnailUrl":"https:\/\/cortenstaalverkoop.nl\/wp-content\/uploads\/2019\/12\/tuinbank.jpg","datePublished":"2021-03-03T22:36:57+00:00","dateModified":"2026-04-15T06:56:32+00:00","description":"\u2705 Corten st\u00e5l haveb\u00e6nk i 2 st\u00f8rrelser.\u2705 den bedste kvalitet \u2705 5 \u00e5rs garanti! Bestil din Cortenstaal haveb\u00e6nk billigt cortenstaalverkoop.nl","breadcrumb":{"@id":"https:\/\/cortenstaalverkoop.nl\/product\/cortenstaal-tuinbank\/#breadcrumb"},"inLanguage":"da-DK","potentialAction":[{"@type":"ReadAction","target":["https:\/\/cortenstaalverkoop.nl\/product\/cortenstaal-tuinbank\/"]}]},{"@type":"ImageObject","inLanguage":"da-DK","@id":"https:\/\/cortenstaalverkoop.nl\/product\/cortenstaal-tuinbank\/#primaryimage","url":"https:\/\/cortenstaalverkoop.nl\/wp-content\/uploads\/2019\/12\/tuinbank.jpg","contentUrl":"https:\/\/cortenstaalverkoop.nl\/wp-content\/uploads\/2019\/12\/tuinbank.jpg","width":699,"height":699,"caption":"Cortenstaal tuinbank"},{"@type":"BreadcrumbList","@id":"https:\/\/cortenstaalverkoop.nl\/product\/cortenstaal-tuinbank\/#breadcrumb","itemListElement":[{"@type":"ListItem","position":1,"name":"Home","item":"https:\/\/cortenstaalverkoop.nl\/"},{"@type":"ListItem","position":2,"name":"Assortiment","item":"https:\/\/cortenstaalverkoop.nl\/assortiment-cortenstaal\/"},{"@type":"ListItem","position":3,"name":"Cortenstaal tuinbank"}]},{"@type":"WebSite","@id":"https:\/\/cortenstaalverkoop.nl\/#website","url":"https:\/\/cortenstaalverkoop.nl\/","name":"Cortenstaalverkoop.nl","description":"den cortenstaal specialist!","publisher":{"@id":"https:\/\/cortenstaalverkoop.nl\/#organization"},"potentialAction":[{"@type":"SearchAction","target":{"@type":"EntryPoint","urlTemplate":"https:\/\/cortenstaalverkoop.nl\/?s={search_term_string}"},"query-input":{"@type":"PropertyValueSpecification","valueRequired":true,"valueName":"search_term_string"}}],"inLanguage":"da-DK"},{"@type":"Organization","@id":"https:\/\/cortenstaalverkoop.nl\/#organization","name":"Cortenstaalverkoop.nl","url":"https:\/\/cortenstaalverkoop.nl\/","logo":{"@type":"ImageObject","inLanguage":"da-DK","@id":"https:\/\/cortenstaalverkoop.nl\/#\/schema\/logo\/image\/","url":"https:\/\/cortenstaalverkoop.nl\/wp-content\/uploads\/2019\/11\/cortenstaal-logo-1.png","contentUrl":"https:\/\/cortenstaalverkoop.nl\/wp-content\/uploads\/2019\/11\/cortenstaal-logo-1.png","width":480,"height":163,"caption":"Cortenstaalverkoop.nl"},"image":{"@id":"https:\/\/cortenstaalverkoop.nl\/#\/schema\/logo\/image\/"}}]}},"_links":{"self":[{"href":"https:\/\/cortenstaalverkoop.nl\/da\/wp-json\/wp\/v2\/product\/5460","targetHints":{"allow":["GET"]}}],"collection":[{"href":"https:\/\/cortenstaalverkoop.nl\/da\/wp-json\/wp\/v2\/product"}],"about":[{"href":"https:\/\/cortenstaalverkoop.nl\/da\/wp-json\/wp\/v2\/types\/product"}],"version-history":[{"count":4,"href":"https:\/\/cortenstaalverkoop.nl\/da\/wp-json\/wp\/v2\/product\/5460\/revisions"}],"predecessor-version":[{"id":11127,"href":"https:\/\/cortenstaalverkoop.nl\/da\/wp-json\/wp\/v2\/product\/5460\/revisions\/11127"}],"wp:featuredmedia":[{"embeddable":true,"href":"https:\/\/cortenstaalverkoop.nl\/da\/wp-json\/wp\/v2\/media\/5362"}],"wp:attachment":[{"href":"https:\/\/cortenstaalverkoop.nl\/da\/wp-json\/wp\/v2\/media?parent=5460"}],"wp:term":[{"taxonomy":"product_brand","embeddable":true,"href":"https:\/\/cortenstaalverkoop.nl\/da\/wp-json\/wp\/v2\/product_brand?post=5460"},{"taxonomy":"product_cat","embeddable":true,"href":"https:\/\/cortenstaalverkoop.nl\/da\/wp-json\/wp\/v2\/product_cat?post=5460"},{"taxonomy":"product_tag","embeddable":true,"href":"https:\/\/cortenstaalverkoop.nl\/da\/wp-json\/wp\/v2\/product_tag?post=5460"}],"curies":[{"name":"wp","href":"https:\/\/api.w.org\/{rel}","templated":true}]}}