{"id":6503,"date":"2021-10-23T12:10:27","date_gmt":"2021-10-23T10:10:27","guid":{"rendered":"https:\/\/cortenstaalverkoop.nl\/?post_type=product&#038;p=6503"},"modified":"2026-04-13T14:44:40","modified_gmt":"2026-04-13T12:44:40","slug":"corten-stal-havepejs-digna","status":"publish","type":"product","link":"https:\/\/cortenstaalverkoop.nl\/da\/product\/cortenstaal-tuinhaard-digna\/","title":{"rendered":"Corten st\u00e5l havepejs Digna"},"content":{"rendered":"<div data-elementor-type=\"wp-post\" data-elementor-id=\"6503\" class=\"elementor elementor-6503\">\n\t\t\t\t\t\t<section class=\"elementor-section elementor-top-section elementor-element elementor-element-2ef1471c elementor-section-boxed elementor-section-height-default elementor-section-height-default\" data-id=\"2ef1471c\" data-element_type=\"section\" data-e-type=\"section\">\n\t\t\t\t\t\t<div class=\"elementor-container elementor-column-gap-default\">\n\t\t\t\t\t<div class=\"elementor-column elementor-col-100 elementor-top-column elementor-element elementor-element-c80cda7\" data-id=\"c80cda7\" data-element_type=\"column\" data-e-type=\"column\">\n\t\t\t<div class=\"elementor-widget-wrap elementor-element-populated\">\n\t\t\t\t\t\t<div class=\"elementor-element elementor-element-e455628 elementor-widget elementor-widget-text-editor\" data-id=\"e455628\" data-element_type=\"widget\" data-e-type=\"widget\" data-widget_type=\"text-editor.default\">\n\t\t\t\t<div class=\"elementor-widget-container\">\n\t\t\t\t\t\t\t\t\t<p>Med sin slanke former, dette Corten st\u00e5l Digna have pejs er sk\u00e6ve, tidl\u00f8s og over alle unikke. Denne robuste pejs har vinduer hele vejen rundt med en d\u00f8r p\u00e5 den front. Dette giver alle mulighed for at nyde det Smukke Spil af flammer. De dimensioner; 110 cm og 95 cm h\u00f8j, 50 cm dyb og 50 cm bred. Den Corten st\u00e5l Digna have pejsen er udstyret med en brand rist som standard og er designet til at skabe et smukt spil af flammer, med blot et par logs! Hertil kommer, at du ikke beh\u00f8ver at bekymre sig om vedligeholdelse af pejsen. For at undg\u00e5 irriterende r\u00f8g dannelsen, skal du bruge t\u00f8rt tr\u00e6. Hertil kommer, at det er vigtigt at fjerne aske efter brug. Heldigvis, afhj\u00e6lpning af Asken er meget nemt, og du overlade resten til naturen. Som tiden g\u00e5r, den Corten St\u00e5l tager p\u00e5 sin s\u00e6rlige, dybt rusten brun farve.<\/p><p>Materiale tykkelse af denne udend\u00f8rs pejs er 3 mm. Afl\u00f8b Diameter er 150 mm. <a href=\"https:\/\/cortenstaalverkoop.nl\/product\/cortenstaal-vuurelementen\/cortenstaal-afvoer\/\" target=\"_blank\" rel=\"noopener noreferrer\">afl\u00f8b<\/a> og <a href=\"https:\/\/cortenstaalverkoop.nl\/product\/cortenstaal-vuurelementen\/cortenstaal-regenkap\/\" target=\"_blank\" rel=\"noopener noreferrer\">regn h\u00e6tte<\/a> findes ogs\u00e5 i Corten st\u00e5l i denne butik. Corten st\u00e5l er meget holdbar takket v\u00e6re det naturlige beskyttende lag, der er skabt af rust proces. Dette betyder, at produktet kr\u00e6ver meget lidt vedligeholdelse og har en lang levetid. Hertil kommer, Corten st\u00e5l er milj\u00f8venlige, fordi det er helt genanvendeligt. Kort sagt, et fremragende valg, hvis du er p\u00e5 udkig efter holdbarhed og lav vedligeholdelse.<\/p><h4>Fordele:<\/h4><ul><li>Meget st\u00e6rk og modstandsdygtig over for slid.<\/li><li>Elegant og tidl\u00f8st design.<\/li><li>Vejrfast og holdbart materiale.<\/li><li>Varm og naturligt look.<\/li><li>5 \u00e5rs garanti.<\/li><\/ul><h4>Stookadvice:<\/h4><ul><li>Start med firelighters med sm\u00e5 stykker t\u00f8rt tr\u00e6 p\u00e5 toppen.<\/li><li>Brug sm\u00e5 stykker t\u00f8rt tr\u00e6 til langsomt at varme op komfur + flue.<\/li><li>S\u00e5 snart det br\u00e6nder langsomt at \u00f8ge brand (max 1,5 kg t\u00f8rt tr\u00e6 p\u00e5 et tidspunkt i den pejs).<\/li><\/ul><h4>Vedligeholdelse:<\/h4><ul><li>Efter brug, skal du fjerne aske og reng\u00f8re flue en gang om \u00e5ret.<\/li><li>Corten st\u00e5l er meget holdbart. Den rust-processen sikrer, at der er et beskyttende lag p\u00e5 Corten st\u00e5l. Produktet kr\u00e6ver derfor ingen yderligere vedligeholdelse.<\/li><li>Olie eller maling er ikke n\u00f8dvendigt.<\/li><\/ul><p>Produkter, der er leveret ristede.<br \/>Produkterne skal v\u00e6re pakket ud umiddelbart efter levering. Dette vil give nogen fugt mellem emballage og produktet fordampe. Dette kan for\u00e5rsage uregelm\u00e6ssige rust og pletter.\u00a0<\/p><p><strong>Oplysninger om produktet cortenstaal:<\/strong><br \/><a href=\"https:\/\/nl.wikipedia.org\/wiki\/Cortenstaal\" target=\"_blank\" rel=\"noopener noreferrer\">Cor-Ten st\u00e5l<\/a> ogs\u00e5 kendt som vejrlig st\u00e5l. Det er et metal, en legering, der best\u00e5r af jern, som kobber, silicium, nikkel og krom er blevet tilf\u00f8jet. Cor-Ten er derfor en meget st\u00e6rk type af st\u00e5l, der har den egenskab at d\u00e6kke sig med et beskyttende lag rust, n\u00e5r de uds\u00e6ttes for luft udefra. Efter at dette lag udg\u00f8r en beskyttelse mod yderligere korrosion. Karakteristisk for Corten st\u00e5l er smuk orange-brun rust farve og lang levetid.<\/p><p>Fragtomkostninger til Danmark er 240 EUR for hele din ordre.<\/p>\t\t\t\t\t\t\t\t<\/div>\n\t\t\t\t<\/div>\n\t\t\t\t\t<\/div>\n\t\t<\/div>\n\t\t\t\t\t<\/div>\n\t\t<\/section>\n\t\t\t\t<\/div>","protected":false},"excerpt":{"rendered":"<p>Dette Corten st\u00e5l havepejs Digna, er en smuk g\u00e5rdhave pejs, som vil v\u00e6re en reel blikfang i din have p\u00e5 grund af sin enkle og tidl\u00f8se design. Den Corten st\u00e5l have pejs Digna er en robust udend\u00f8rs pejs 110 eller 95 cm h\u00f8j, 50 cm dyb og 50 cm bred. Denne pejs er windows p\u00e5 4 sider, s\u00e5 alle kan nyde det smukke spil af flammer. Dette Corten st\u00e5l have pejs er lavet af 3 mm tyk Corten st\u00e5l. Afl\u00f8b Diameter 150 mm.<\/p>\n<ul>\n<li>Meget st\u00e6rk og modstandsdygtig over for slid.<\/li>\n<li>Vejrfast og holdbart materiale.<\/li>\n<li>5 \u00e5rs garanti!<\/li>\n<\/ul>","protected":false},"featured_media":6519,"template":"","meta":{"site-sidebar-layout":"default","site-content-layout":"default","ast-site-content-layout":"default","site-content-style":"default","site-sidebar-style":"default","ast-global-header-display":"","ast-banner-title-visibility":"","ast-main-header-display":"","ast-hfb-above-header-display":"","ast-hfb-below-header-display":"","ast-hfb-mobile-header-display":"","site-post-title":"","ast-breadcrumbs-content":"","ast-featured-img":"","footer-sml-layout":"","ast-disable-related-posts":"","theme-transparent-header-meta":"default","adv-header-id-meta":"","stick-header-meta":"","header-above-stick-meta":"","header-main-stick-meta":"","header-below-stick-meta":"","astra-migrate-meta-layouts":"set","ast-page-background-enabled":"default","ast-page-background-meta":{"desktop":{"background-color":"","background-image":"","background-repeat":"repeat","background-position":"center center","background-size":"auto","background-attachment":"scroll","background-type":"","background-media":"","overlay-type":"","overlay-color":"","overlay-opacity":"","overlay-gradient":""},"tablet":{"background-color":"","background-image":"","background-repeat":"repeat","background-position":"center center","background-size":"auto","background-attachment":"scroll","background-type":"","background-media":"","overlay-type":"","overlay-color":"","overlay-opacity":"","overlay-gradient":""},"mobile":{"background-color":"","background-image":"","background-repeat":"repeat","background-position":"center center","background-size":"auto","background-attachment":"scroll","background-type":"","background-media":"","overlay-type":"","overlay-color":"","overlay-opacity":"","overlay-gradient":""}},"ast-content-background-meta":{"desktop":{"background-color":"var(--ast-global-color-5)","background-image":"","background-repeat":"repeat","background-position":"center center","background-size":"auto","background-attachment":"scroll","background-type":"","background-media":"","overlay-type":"","overlay-color":"","overlay-opacity":"","overlay-gradient":""},"tablet":{"background-color":"var(--ast-global-color-5)","background-image":"","background-repeat":"repeat","background-position":"center center","background-size":"auto","background-attachment":"scroll","background-type":"","background-media":"","overlay-type":"","overlay-color":"","overlay-opacity":"","overlay-gradient":""},"mobile":{"background-color":"var(--ast-global-color-5)","background-image":"","background-repeat":"repeat","background-position":"center center","background-size":"auto","background-attachment":"scroll","background-type":"","background-media":"","overlay-type":"","overlay-color":"","overlay-opacity":"","overlay-gradient":""}}},"product_brand":[],"product_cat":[58],"product_tag":[],"class_list":{"0":"post-6503","1":"product","2":"type-product","3":"status-publish","4":"has-post-thumbnail","6":"product_cat-cortenstaal-vuurelementen","7":"product_shipping_class-fritom","8":"desktop-align-left","9":"tablet-align-left","10":"mobile-align-left","12":"first","13":"instock","14":"taxable","15":"shipping-taxable","16":"purchasable","17":"product-type-variable"},"yoast_head":"<!-- This site is optimized with the Yoast SEO plugin v27.4 - https:\/\/yoast.com\/product\/yoast-seo-wordpress\/ -->\n<title>Cortenstaal tuinhaard Digna koopt u bij cortenstaalverkoop.nl<\/title>\n<meta name=\"description\" content=\"\u2705 Cortenstaal tuinhaard Digna \u2705 de beste kwaliteit \u2705 5 jaar garantie! Bestel uw cortenstaal tuinhaard goedkoop bij cortenstaalverkoop.nl!\" \/>\n<meta name=\"robots\" content=\"index, follow, max-snippet:-1, max-image-preview:large, max-video-preview:-1\" \/>\n<link rel=\"canonical\" href=\"https:\/\/cortenstaalverkoop.nl\/da\/vare\/corten-stal-havepejs-digna\/\" \/>\n<meta property=\"og:locale\" content=\"da_DK\" \/>\n<meta property=\"og:type\" content=\"article\" \/>\n<meta property=\"og:title\" content=\"Cortenstaal tuinhaard Digna koopt u bij cortenstaalverkoop.nl\" \/>\n<meta property=\"og:description\" content=\"\u2705 Cortenstaal tuinhaard Digna \u2705 de beste kwaliteit \u2705 5 jaar garantie! Bestel uw cortenstaal tuinhaard goedkoop bij cortenstaalverkoop.nl!\" \/>\n<meta property=\"og:url\" content=\"https:\/\/cortenstaalverkoop.nl\/da\/vare\/corten-stal-havepejs-digna\/\" \/>\n<meta property=\"og:site_name\" content=\"Cortenstaalverkoop.nl\" \/>\n<meta property=\"article:modified_time\" content=\"2026-04-13T12:44:40+00:00\" \/>\n<meta property=\"og:image\" content=\"https:\/\/cortenstaalverkoop.nl\/wp-content\/uploads\/2021\/10\/buitenhaard-Odin.png\" \/>\n\t<meta property=\"og:image:width\" content=\"699\" \/>\n\t<meta property=\"og:image:height\" content=\"699\" \/>\n\t<meta property=\"og:image:type\" content=\"image\/png\" \/>\n<meta name=\"twitter:card\" content=\"summary_large_image\" \/>\n<meta name=\"twitter:label1\" content=\"Estimeret l\u00e6setid\" \/>\n\t<meta name=\"twitter:data1\" content=\"3 minutter\" \/>\n<script type=\"application\/ld+json\" class=\"yoast-schema-graph\">{\"@context\":\"https:\\\/\\\/schema.org\",\"@graph\":[{\"@type\":\"WebPage\",\"@id\":\"https:\\\/\\\/cortenstaalverkoop.nl\\\/product\\\/cortenstaal-tuinhaard-digna\\\/\",\"url\":\"https:\\\/\\\/cortenstaalverkoop.nl\\\/product\\\/cortenstaal-tuinhaard-digna\\\/\",\"name\":\"Cortenstaal tuinhaard Digna koopt u bij cortenstaalverkoop.nl\",\"isPartOf\":{\"@id\":\"https:\\\/\\\/cortenstaalverkoop.nl\\\/#website\"},\"primaryImageOfPage\":{\"@id\":\"https:\\\/\\\/cortenstaalverkoop.nl\\\/product\\\/cortenstaal-tuinhaard-digna\\\/#primaryimage\"},\"image\":{\"@id\":\"https:\\\/\\\/cortenstaalverkoop.nl\\\/product\\\/cortenstaal-tuinhaard-digna\\\/#primaryimage\"},\"thumbnailUrl\":\"https:\\\/\\\/cortenstaalverkoop.nl\\\/wp-content\\\/uploads\\\/2021\\\/10\\\/buitenhaard-Odin.png\",\"datePublished\":\"2021-10-23T10:10:27+00:00\",\"dateModified\":\"2026-04-13T12:44:40+00:00\",\"description\":\"\u2705 Cortenstaal tuinhaard Digna \u2705 de beste kwaliteit \u2705 5 jaar garantie! Bestel uw cortenstaal tuinhaard goedkoop bij cortenstaalverkoop.nl!\",\"breadcrumb\":{\"@id\":\"https:\\\/\\\/cortenstaalverkoop.nl\\\/product\\\/cortenstaal-tuinhaard-digna\\\/#breadcrumb\"},\"inLanguage\":\"da-DK\",\"potentialAction\":[{\"@type\":\"ReadAction\",\"target\":[\"https:\\\/\\\/cortenstaalverkoop.nl\\\/product\\\/cortenstaal-tuinhaard-digna\\\/\"]}]},{\"@type\":\"ImageObject\",\"inLanguage\":\"da-DK\",\"@id\":\"https:\\\/\\\/cortenstaalverkoop.nl\\\/product\\\/cortenstaal-tuinhaard-digna\\\/#primaryimage\",\"url\":\"https:\\\/\\\/cortenstaalverkoop.nl\\\/wp-content\\\/uploads\\\/2021\\\/10\\\/buitenhaard-Odin.png\",\"contentUrl\":\"https:\\\/\\\/cortenstaalverkoop.nl\\\/wp-content\\\/uploads\\\/2021\\\/10\\\/buitenhaard-Odin.png\",\"width\":699,\"height\":699,\"caption\":\"Cortenstaal buitenhaard Digna\"},{\"@type\":\"BreadcrumbList\",\"@id\":\"https:\\\/\\\/cortenstaalverkoop.nl\\\/product\\\/cortenstaal-tuinhaard-digna\\\/#breadcrumb\",\"itemListElement\":[{\"@type\":\"ListItem\",\"position\":1,\"name\":\"Home\",\"item\":\"https:\\\/\\\/cortenstaalverkoop.nl\\\/\"},{\"@type\":\"ListItem\",\"position\":2,\"name\":\"Assortiment\",\"item\":\"https:\\\/\\\/cortenstaalverkoop.nl\\\/assortiment-cortenstaal\\\/\"},{\"@type\":\"ListItem\",\"position\":3,\"name\":\"Cortenstaal tuinhaard Digna\"}]},{\"@type\":\"WebSite\",\"@id\":\"https:\\\/\\\/cortenstaalverkoop.nl\\\/#website\",\"url\":\"https:\\\/\\\/cortenstaalverkoop.nl\\\/\",\"name\":\"Cortenstaalverkoop.nl\",\"description\":\"de cortenstaal specialist!\",\"publisher\":{\"@id\":\"https:\\\/\\\/cortenstaalverkoop.nl\\\/#organization\"},\"potentialAction\":[{\"@type\":\"SearchAction\",\"target\":{\"@type\":\"EntryPoint\",\"urlTemplate\":\"https:\\\/\\\/cortenstaalverkoop.nl\\\/?s={search_term_string}\"},\"query-input\":{\"@type\":\"PropertyValueSpecification\",\"valueRequired\":true,\"valueName\":\"search_term_string\"}}],\"inLanguage\":\"da-DK\"},{\"@type\":\"Organization\",\"@id\":\"https:\\\/\\\/cortenstaalverkoop.nl\\\/#organization\",\"name\":\"Cortenstaalverkoop.nl\",\"url\":\"https:\\\/\\\/cortenstaalverkoop.nl\\\/\",\"logo\":{\"@type\":\"ImageObject\",\"inLanguage\":\"da-DK\",\"@id\":\"https:\\\/\\\/cortenstaalverkoop.nl\\\/#\\\/schema\\\/logo\\\/image\\\/\",\"url\":\"https:\\\/\\\/cortenstaalverkoop.nl\\\/wp-content\\\/uploads\\\/2019\\\/11\\\/cortenstaal-logo-1.png\",\"contentUrl\":\"https:\\\/\\\/cortenstaalverkoop.nl\\\/wp-content\\\/uploads\\\/2019\\\/11\\\/cortenstaal-logo-1.png\",\"width\":480,\"height\":163,\"caption\":\"Cortenstaalverkoop.nl\"},\"image\":{\"@id\":\"https:\\\/\\\/cortenstaalverkoop.nl\\\/#\\\/schema\\\/logo\\\/image\\\/\"}}]}<\/script>\n<!-- \/ Yoast SEO plugin. -->","yoast_head_json":{"title":"Cortenstaal tuinhaard Digna koopt u bij cortenstaalverkoop.nl","description":"\u2705 Corten st\u00e5l have pejs Digna \u2705 den bedste kvalitet \u2705 5 \u00e5rs garanti! Bestil din Corten st\u00e5l have pejs billige fra cortenstaalverkoop.nl!","robots":{"index":"index","follow":"follow","max-snippet":"max-snippet:-1","max-image-preview":"max-image-preview:large","max-video-preview":"max-video-preview:-1"},"canonical":"https:\/\/cortenstaalverkoop.nl\/da\/vare\/corten-stal-havepejs-digna\/","og_locale":"da_DK","og_type":"article","og_title":"Cortenstaal tuinhaard Digna koopt u bij cortenstaalverkoop.nl","og_description":"\u2705 Cortenstaal tuinhaard Digna \u2705 de beste kwaliteit \u2705 5 jaar garantie! Bestel uw cortenstaal tuinhaard goedkoop bij cortenstaalverkoop.nl!","og_url":"https:\/\/cortenstaalverkoop.nl\/da\/vare\/corten-stal-havepejs-digna\/","og_site_name":"Cortenstaalverkoop.nl","article_modified_time":"2026-04-13T12:44:40+00:00","og_image":[{"width":699,"height":699,"url":"https:\/\/cortenstaalverkoop.nl\/wp-content\/uploads\/2021\/10\/buitenhaard-Odin.png","type":"image\/png"}],"twitter_card":"summary_large_image","twitter_misc":{"Estimeret l\u00e6setid":"3 minutter"},"schema":{"@context":"https:\/\/schema.org","@graph":[{"@type":"WebPage","@id":"https:\/\/cortenstaalverkoop.nl\/product\/cortenstaal-tuinhaard-digna\/","url":"https:\/\/cortenstaalverkoop.nl\/product\/cortenstaal-tuinhaard-digna\/","name":"Cortenstaal tuinhaard Digna koopt u bij cortenstaalverkoop.nl","isPartOf":{"@id":"https:\/\/cortenstaalverkoop.nl\/#website"},"primaryImageOfPage":{"@id":"https:\/\/cortenstaalverkoop.nl\/product\/cortenstaal-tuinhaard-digna\/#primaryimage"},"image":{"@id":"https:\/\/cortenstaalverkoop.nl\/product\/cortenstaal-tuinhaard-digna\/#primaryimage"},"thumbnailUrl":"https:\/\/cortenstaalverkoop.nl\/wp-content\/uploads\/2021\/10\/buitenhaard-Odin.png","datePublished":"2021-10-23T10:10:27+00:00","dateModified":"2026-04-13T12:44:40+00:00","description":"\u2705 Corten st\u00e5l have pejs Digna \u2705 den bedste kvalitet \u2705 5 \u00e5rs garanti! Bestil din Corten st\u00e5l have pejs billige fra cortenstaalverkoop.nl!","breadcrumb":{"@id":"https:\/\/cortenstaalverkoop.nl\/product\/cortenstaal-tuinhaard-digna\/#breadcrumb"},"inLanguage":"da-DK","potentialAction":[{"@type":"ReadAction","target":["https:\/\/cortenstaalverkoop.nl\/product\/cortenstaal-tuinhaard-digna\/"]}]},{"@type":"ImageObject","inLanguage":"da-DK","@id":"https:\/\/cortenstaalverkoop.nl\/product\/cortenstaal-tuinhaard-digna\/#primaryimage","url":"https:\/\/cortenstaalverkoop.nl\/wp-content\/uploads\/2021\/10\/buitenhaard-Odin.png","contentUrl":"https:\/\/cortenstaalverkoop.nl\/wp-content\/uploads\/2021\/10\/buitenhaard-Odin.png","width":699,"height":699,"caption":"Cortenstaal buitenhaard Digna"},{"@type":"BreadcrumbList","@id":"https:\/\/cortenstaalverkoop.nl\/product\/cortenstaal-tuinhaard-digna\/#breadcrumb","itemListElement":[{"@type":"ListItem","position":1,"name":"Home","item":"https:\/\/cortenstaalverkoop.nl\/"},{"@type":"ListItem","position":2,"name":"Assortiment","item":"https:\/\/cortenstaalverkoop.nl\/assortiment-cortenstaal\/"},{"@type":"ListItem","position":3,"name":"Cortenstaal tuinhaard Digna"}]},{"@type":"WebSite","@id":"https:\/\/cortenstaalverkoop.nl\/#website","url":"https:\/\/cortenstaalverkoop.nl\/","name":"Cortenstaalverkoop.nl","description":"den cortenstaal specialist!","publisher":{"@id":"https:\/\/cortenstaalverkoop.nl\/#organization"},"potentialAction":[{"@type":"SearchAction","target":{"@type":"EntryPoint","urlTemplate":"https:\/\/cortenstaalverkoop.nl\/?s={search_term_string}"},"query-input":{"@type":"PropertyValueSpecification","valueRequired":true,"valueName":"search_term_string"}}],"inLanguage":"da-DK"},{"@type":"Organization","@id":"https:\/\/cortenstaalverkoop.nl\/#organization","name":"Cortenstaalverkoop.nl","url":"https:\/\/cortenstaalverkoop.nl\/","logo":{"@type":"ImageObject","inLanguage":"da-DK","@id":"https:\/\/cortenstaalverkoop.nl\/#\/schema\/logo\/image\/","url":"https:\/\/cortenstaalverkoop.nl\/wp-content\/uploads\/2019\/11\/cortenstaal-logo-1.png","contentUrl":"https:\/\/cortenstaalverkoop.nl\/wp-content\/uploads\/2019\/11\/cortenstaal-logo-1.png","width":480,"height":163,"caption":"Cortenstaalverkoop.nl"},"image":{"@id":"https:\/\/cortenstaalverkoop.nl\/#\/schema\/logo\/image\/"}}]}},"_links":{"self":[{"href":"https:\/\/cortenstaalverkoop.nl\/da\/wp-json\/wp\/v2\/product\/6503","targetHints":{"allow":["GET"]}}],"collection":[{"href":"https:\/\/cortenstaalverkoop.nl\/da\/wp-json\/wp\/v2\/product"}],"about":[{"href":"https:\/\/cortenstaalverkoop.nl\/da\/wp-json\/wp\/v2\/types\/product"}],"version-history":[{"count":26,"href":"https:\/\/cortenstaalverkoop.nl\/da\/wp-json\/wp\/v2\/product\/6503\/revisions"}],"predecessor-version":[{"id":9252,"href":"https:\/\/cortenstaalverkoop.nl\/da\/wp-json\/wp\/v2\/product\/6503\/revisions\/9252"}],"wp:featuredmedia":[{"embeddable":true,"href":"https:\/\/cortenstaalverkoop.nl\/da\/wp-json\/wp\/v2\/media\/6519"}],"wp:attachment":[{"href":"https:\/\/cortenstaalverkoop.nl\/da\/wp-json\/wp\/v2\/media?parent=6503"}],"wp:term":[{"taxonomy":"product_brand","embeddable":true,"href":"https:\/\/cortenstaalverkoop.nl\/da\/wp-json\/wp\/v2\/product_brand?post=6503"},{"taxonomy":"product_cat","embeddable":true,"href":"https:\/\/cortenstaalverkoop.nl\/da\/wp-json\/wp\/v2\/product_cat?post=6503"},{"taxonomy":"product_tag","embeddable":true,"href":"https:\/\/cortenstaalverkoop.nl\/da\/wp-json\/wp\/v2\/product_tag?post=6503"}],"curies":[{"name":"wp","href":"https:\/\/api.w.org\/{rel}","templated":true}]}}