{"id":7112,"date":"2022-03-31T12:31:17","date_gmt":"2022-03-31T10:31:17","guid":{"rendered":"https:\/\/cortenstaalverkoop.nl\/?post_type=product&#038;p=7112"},"modified":"2026-04-11T12:21:19","modified_gmt":"2026-04-11T10:21:19","slug":"aluminium-vandfontaene-rektangulaer","status":"publish","type":"product","link":"https:\/\/cortenstaalverkoop.nl\/da\/product\/aluminium-watertafel-rechthoekig\/","title":{"rendered":"Aluminium vandfont\u00e6ne rektangul\u00e6r"},"content":{"rendered":"<div data-elementor-type=\"wp-post\" data-elementor-id=\"7112\" class=\"elementor elementor-7112\">\n\t\t\t\t\t\t<section class=\"elementor-section elementor-top-section elementor-element elementor-element-421d6bcb elementor-section-boxed elementor-section-height-default elementor-section-height-default\" data-id=\"421d6bcb\" data-element_type=\"section\" data-e-type=\"section\">\n\t\t\t\t\t\t<div class=\"elementor-container elementor-column-gap-default\">\n\t\t\t\t\t<div class=\"elementor-column elementor-col-100 elementor-top-column elementor-element elementor-element-65c8763c\" data-id=\"65c8763c\" data-element_type=\"column\" data-e-type=\"column\">\n\t\t\t<div class=\"elementor-widget-wrap elementor-element-populated\">\n\t\t\t\t\t\t<div class=\"elementor-element elementor-element-4af967fa elementor-widget elementor-widget-text-editor\" data-id=\"4af967fa\" data-element_type=\"widget\" data-e-type=\"widget\" data-widget_type=\"text-editor.default\">\n\t\t\t\t<div class=\"elementor-widget-container\">\n\t\t\t\t\t\t\t\t\t<p>\u00d8nsker du en vand-funktion i din have, men ikke har meget plads? S\u00e5 med dette rektangul\u00e6re aluminium vand tabel, du har en smuk pynt i din have. Disse vand-borde har en meget lang levetid, fordi grundvandet er forsynet med 2 lag af bunden-resistente pulverlakering og indersiden af en epoxy-bel\u00e6gning. Farven p\u00e5 den standard, aluminium vand tabel rektangul\u00e6rt er mat sort gr\u00e5, RAL7021. De forskellige <a href=\"https:\/\/cortenstaalverkoop.nl\/product\/cortenstaal-waterelementen\/cortenstaal-watertafel-rechthoekig\/\" target=\"_blank\" rel=\"noopener noreferrer\">vand tabeller<\/a> er ekstra atmosf\u00e6risk i din have p\u00e5 grund af den led lys og Springvand. S\u00e5 du kan ogs\u00e5 nyde den smukke vand vildt i aften! <span style=\"font-size: 16px;\">Det f\u00e6rdige vand borde findes i forskellige st\u00f8rrelser. B\u00e5de Runde, Firkantede og rektangul\u00e6re former. Fordi det er lavet af aluminium, der passer til b\u00e5de moderne og klassisk Have. Vandet tabeller er lavet af 3 mm tyk aluminium. <\/span><\/p><p><span style=\"font-size: 16px;\">Vandet borde kan leveres i <a href=\"https:\/\/cortenstaalverkoop.nl\/product\/cortenstaal-waterelementen\/cortenstaal-watertafel-rechthoekig\/\" target=\"_blank\" rel=\"noopener\">Corten<\/a> og i aluminium. Hvis du v\u00e6lger aluminium, alle RAL-farver er mulige. Med dette vand bord kan du skabe en afslappende oase i haven, p\u00e5 ingen tid!\u00a0<\/span><\/p><h4>Installation:<\/h4><ul><li>Sted vandspejlet p\u00e5 en fast og flad overflade, s\u00e5 den er fast niveau.<\/li><li>Efter installationen kan du fylde vand bordet med vand langs toppen.<\/li><li>I vandet tabel, der er en transit, s\u00e5 ledningerne kommer ud fra under bordet.<\/li><li>2 stik-forbindelser er n\u00f8dvendige, s\u00e5 du kan styre springvand og lys er adskilt.<\/li><\/ul><h4>Vigtigt:<\/h4><ul><li>Aluminium vand bordet skal placeres niveau p\u00e5 en fast overflade.<\/li><li>Vandet borde leveres med pumpe og LED lys (kold hvid)<\/li><li>Andre standard RAL-farver er mulige (start-up omkostninger er opladet)<\/li><li>Brug ikke en h\u00f8jtryksrenser og skuresvamp dette kan beskadige overfladen.<\/li><\/ul><h5>Brug om vinteren:<\/h5><ul><li>Altid tr\u00e6kke stikket ud af stikkontakten i tilf\u00e6lde af frost<\/li><li>Lavere vandstanden til mindst 10 cm under kanten<\/li><li>En &#034;frost-free holder&#034; anbefales og kan k\u00f8bes i ethvert havecenter eller hardware butik<\/li><li>Pumpen kan opholde sig i vandet, hvis ovenn\u00e6vnte betingelser er opfyldt,<\/li><li>Du kan ogs\u00e5 fjerne pumpen fra dammen og overlade det til vinteren under vand i et frostfrit sted.<\/li><\/ul><p>Leder du efter en vand-tabel i en anden farve og st\u00f8rrelse? Kontakt os uforpligtende.<\/p><h5>Oplysninger om produktet cortenstaal:<\/h5><p><a href=\"https:\/\/nl.wikipedia.org\/wiki\/Cortenstaal\" target=\"_blank\" rel=\"noopener noreferrer\">Cor-Ten st\u00e5l<\/a> ogs\u00e5 kendt som vejrbestandigt st\u00e5l. Det er et metal, en legering, der best\u00e5r af jern, som kobber, silicium, nikkel og chrom er tilf\u00f8jet. Corten st\u00e5l er en meget st\u00e6rk type af st\u00e5l. Fordi det har den egenskab, at d\u00e6kke sig med et beskyttende lag rust, n\u00e5r de uds\u00e6ttes for luft udefra. Denne naturlige solidt rust lag danner beskyttelse mod yderligere korrosion.<\/p><p>Forsendelsesomkostninger til Danmark starter fra 240 EURO for hele din ordre.<\/p>\t\t\t\t\t\t\t\t<\/div>\n\t\t\t\t<\/div>\n\t\t\t\t\t<\/div>\n\t\t<\/div>\n\t\t\t\t\t<\/div>\n\t\t<\/section>\n\t\t\t\t<\/div>","protected":false},"excerpt":{"rendered":"<p>Denne aluminiumsvandfont\u00e6ne leveres med LED-belysning, springvand og pumpe. Pumpen i beholderen sikrer, at vandet bliver pumpet op. Vandet l\u00f8ber derefter over den indre plade for s\u00e5 at falde tilbage i skuffen. Ledningen kommer ud af boksen via en overl\u00f8bsstruktur i bunden, s\u00e5 den ikke er synlig. <strong>Vandet tabeller kr\u00e6ver meget lidt vedligeholdelse, og er meget b\u00f8rnevenlig<\/strong> fordi der er ingen dybe vandlag. H\u00f8jden af vandspejlet er 40 cm.<\/p>\n<ul>\n<li>Farven p\u00e5 vandet-bordet er mat sort-gr\u00e5, RAL7021.<\/li>\n<li>2 lag af bunden-resistente pulverlakering og indersiden af en epoxy-bel\u00e6gning.<\/li>\n<li>Vandet tabeller er lavet af 3 mm aluminium.<\/li>\n<\/ul>","protected":false},"featured_media":7128,"template":"","meta":{"site-sidebar-layout":"default","site-content-layout":"default","ast-site-content-layout":"default","site-content-style":"default","site-sidebar-style":"default","ast-global-header-display":"","ast-banner-title-visibility":"","ast-main-header-display":"","ast-hfb-above-header-display":"","ast-hfb-below-header-display":"","ast-hfb-mobile-header-display":"","site-post-title":"","ast-breadcrumbs-content":"","ast-featured-img":"","footer-sml-layout":"","ast-disable-related-posts":"","theme-transparent-header-meta":"default","adv-header-id-meta":"","stick-header-meta":"","header-above-stick-meta":"","header-main-stick-meta":"","header-below-stick-meta":"","astra-migrate-meta-layouts":"set","ast-page-background-enabled":"default","ast-page-background-meta":{"desktop":{"background-color":"","background-image":"","background-repeat":"repeat","background-position":"center center","background-size":"auto","background-attachment":"scroll","background-type":"","background-media":"","overlay-type":"","overlay-color":"","overlay-opacity":"","overlay-gradient":""},"tablet":{"background-color":"","background-image":"","background-repeat":"repeat","background-position":"center center","background-size":"auto","background-attachment":"scroll","background-type":"","background-media":"","overlay-type":"","overlay-color":"","overlay-opacity":"","overlay-gradient":""},"mobile":{"background-color":"","background-image":"","background-repeat":"repeat","background-position":"center center","background-size":"auto","background-attachment":"scroll","background-type":"","background-media":"","overlay-type":"","overlay-color":"","overlay-opacity":"","overlay-gradient":""}},"ast-content-background-meta":{"desktop":{"background-color":"var(--ast-global-color-5)","background-image":"","background-repeat":"repeat","background-position":"center center","background-size":"auto","background-attachment":"scroll","background-type":"","background-media":"","overlay-type":"","overlay-color":"","overlay-opacity":"","overlay-gradient":""},"tablet":{"background-color":"var(--ast-global-color-5)","background-image":"","background-repeat":"repeat","background-position":"center center","background-size":"auto","background-attachment":"scroll","background-type":"","background-media":"","overlay-type":"","overlay-color":"","overlay-opacity":"","overlay-gradient":""},"mobile":{"background-color":"var(--ast-global-color-5)","background-image":"","background-repeat":"repeat","background-position":"center center","background-size":"auto","background-attachment":"scroll","background-type":"","background-media":"","overlay-type":"","overlay-color":"","overlay-opacity":"","overlay-gradient":""}}},"product_brand":[],"product_cat":[60],"product_tag":[],"class_list":{"0":"post-7112","1":"product","2":"type-product","3":"status-publish","4":"has-post-thumbnail","6":"product_cat-cortenstaal-waterelementen","7":"product_shipping_class-fritom","8":"desktop-align-left","9":"tablet-align-left","10":"mobile-align-left","12":"first","13":"instock","14":"taxable","15":"shipping-taxable","16":"purchasable","17":"product-type-variable"},"yoast_head":"<!-- This site is optimized with the Yoast SEO plugin v27.3 - https:\/\/yoast.com\/product\/yoast-seo-wordpress\/ -->\n<title>Aluminium watertafel rechthoekig, koopt u bij cortenstaalverkoop.nl<\/title>\n<meta name=\"description\" content=\"\u2705 Aluminium watertafel rechthoekig \u2705 de beste kwaliteit \u2705 5 jaar garantie! Bestel uw aluminium watertafel goedkoop bij cortenstaalverkoop.nl\" \/>\n<meta name=\"robots\" content=\"index, follow, max-snippet:-1, max-image-preview:large, max-video-preview:-1\" \/>\n<link rel=\"canonical\" href=\"https:\/\/cortenstaalverkoop.nl\/da\/vare\/aluminium-vandfontaene-rektangulaer\/\" \/>\n<meta property=\"og:locale\" content=\"da_DK\" \/>\n<meta property=\"og:type\" content=\"article\" \/>\n<meta property=\"og:title\" content=\"Aluminium watertafel rechthoekig, koopt u bij cortenstaalverkoop.nl\" \/>\n<meta property=\"og:description\" content=\"\u2705 Aluminium watertafel rechthoekig \u2705 de beste kwaliteit \u2705 5 jaar garantie! Bestel uw aluminium watertafel goedkoop bij cortenstaalverkoop.nl\" \/>\n<meta property=\"og:url\" content=\"https:\/\/cortenstaalverkoop.nl\/da\/vare\/aluminium-vandfontaene-rektangulaer\/\" \/>\n<meta property=\"og:site_name\" content=\"Cortenstaalverkoop.nl\" \/>\n<meta property=\"article:modified_time\" content=\"2026-04-11T10:21:19+00:00\" \/>\n<meta property=\"og:image\" content=\"https:\/\/cortenstaalverkoop.nl\/wp-content\/uploads\/2022\/03\/watertafel-alu-120.png\" \/>\n\t<meta property=\"og:image:width\" content=\"699\" \/>\n\t<meta property=\"og:image:height\" content=\"699\" \/>\n\t<meta property=\"og:image:type\" content=\"image\/png\" \/>\n<meta name=\"twitter:card\" content=\"summary_large_image\" \/>\n<meta name=\"twitter:label1\" content=\"Estimeret l\u00e6setid\" \/>\n\t<meta name=\"twitter:data1\" content=\"3 minutter\" \/>\n<script type=\"application\/ld+json\" class=\"yoast-schema-graph\">{\"@context\":\"https:\\\/\\\/schema.org\",\"@graph\":[{\"@type\":\"WebPage\",\"@id\":\"https:\\\/\\\/cortenstaalverkoop.nl\\\/product\\\/aluminium-watertafel-rechthoekig\\\/\",\"url\":\"https:\\\/\\\/cortenstaalverkoop.nl\\\/product\\\/aluminium-watertafel-rechthoekig\\\/\",\"name\":\"Aluminium watertafel rechthoekig, koopt u bij cortenstaalverkoop.nl\",\"isPartOf\":{\"@id\":\"https:\\\/\\\/cortenstaalverkoop.nl\\\/#website\"},\"primaryImageOfPage\":{\"@id\":\"https:\\\/\\\/cortenstaalverkoop.nl\\\/product\\\/aluminium-watertafel-rechthoekig\\\/#primaryimage\"},\"image\":{\"@id\":\"https:\\\/\\\/cortenstaalverkoop.nl\\\/product\\\/aluminium-watertafel-rechthoekig\\\/#primaryimage\"},\"thumbnailUrl\":\"https:\\\/\\\/cortenstaalverkoop.nl\\\/wp-content\\\/uploads\\\/2022\\\/03\\\/watertafel-alu-120.png\",\"datePublished\":\"2022-03-31T10:31:17+00:00\",\"dateModified\":\"2026-04-11T10:21:19+00:00\",\"description\":\"\u2705 Aluminium watertafel rechthoekig \u2705 de beste kwaliteit \u2705 5 jaar garantie! Bestel uw aluminium watertafel goedkoop bij cortenstaalverkoop.nl\",\"breadcrumb\":{\"@id\":\"https:\\\/\\\/cortenstaalverkoop.nl\\\/product\\\/aluminium-watertafel-rechthoekig\\\/#breadcrumb\"},\"inLanguage\":\"da-DK\",\"potentialAction\":[{\"@type\":\"ReadAction\",\"target\":[\"https:\\\/\\\/cortenstaalverkoop.nl\\\/product\\\/aluminium-watertafel-rechthoekig\\\/\"]}]},{\"@type\":\"ImageObject\",\"inLanguage\":\"da-DK\",\"@id\":\"https:\\\/\\\/cortenstaalverkoop.nl\\\/product\\\/aluminium-watertafel-rechthoekig\\\/#primaryimage\",\"url\":\"https:\\\/\\\/cortenstaalverkoop.nl\\\/wp-content\\\/uploads\\\/2022\\\/03\\\/watertafel-alu-120.png\",\"contentUrl\":\"https:\\\/\\\/cortenstaalverkoop.nl\\\/wp-content\\\/uploads\\\/2022\\\/03\\\/watertafel-alu-120.png\",\"width\":699,\"height\":699,\"caption\":\"Aluminium watertafel rechthoekig\"},{\"@type\":\"BreadcrumbList\",\"@id\":\"https:\\\/\\\/cortenstaalverkoop.nl\\\/product\\\/aluminium-watertafel-rechthoekig\\\/#breadcrumb\",\"itemListElement\":[{\"@type\":\"ListItem\",\"position\":1,\"name\":\"Home\",\"item\":\"https:\\\/\\\/cortenstaalverkoop.nl\\\/\"},{\"@type\":\"ListItem\",\"position\":2,\"name\":\"Assortiment\",\"item\":\"https:\\\/\\\/cortenstaalverkoop.nl\\\/assortiment-cortenstaal\\\/\"},{\"@type\":\"ListItem\",\"position\":3,\"name\":\"Aluminium watertafel rechthoekig\"}]},{\"@type\":\"WebSite\",\"@id\":\"https:\\\/\\\/cortenstaalverkoop.nl\\\/#website\",\"url\":\"https:\\\/\\\/cortenstaalverkoop.nl\\\/\",\"name\":\"Cortenstaalverkoop.nl\",\"description\":\"de cortenstaal specialist!\",\"publisher\":{\"@id\":\"https:\\\/\\\/cortenstaalverkoop.nl\\\/#organization\"},\"potentialAction\":[{\"@type\":\"SearchAction\",\"target\":{\"@type\":\"EntryPoint\",\"urlTemplate\":\"https:\\\/\\\/cortenstaalverkoop.nl\\\/?s={search_term_string}\"},\"query-input\":{\"@type\":\"PropertyValueSpecification\",\"valueRequired\":true,\"valueName\":\"search_term_string\"}}],\"inLanguage\":\"da-DK\"},{\"@type\":\"Organization\",\"@id\":\"https:\\\/\\\/cortenstaalverkoop.nl\\\/#organization\",\"name\":\"Cortenstaalverkoop.nl\",\"url\":\"https:\\\/\\\/cortenstaalverkoop.nl\\\/\",\"logo\":{\"@type\":\"ImageObject\",\"inLanguage\":\"da-DK\",\"@id\":\"https:\\\/\\\/cortenstaalverkoop.nl\\\/#\\\/schema\\\/logo\\\/image\\\/\",\"url\":\"https:\\\/\\\/cortenstaalverkoop.nl\\\/wp-content\\\/uploads\\\/2019\\\/11\\\/cortenstaal-logo-1.png\",\"contentUrl\":\"https:\\\/\\\/cortenstaalverkoop.nl\\\/wp-content\\\/uploads\\\/2019\\\/11\\\/cortenstaal-logo-1.png\",\"width\":480,\"height\":163,\"caption\":\"Cortenstaalverkoop.nl\"},\"image\":{\"@id\":\"https:\\\/\\\/cortenstaalverkoop.nl\\\/#\\\/schema\\\/logo\\\/image\\\/\"}}]}<\/script>\n<!-- \/ Yoast SEO plugin. -->","yoast_head_json":{"title":"Aluminium vand tabel rektangul\u00e6re, du kan k\u00f8be fra cortenstaalverkoop.nl","description":"\u2705 Aluminium vand tabel rektangul\u00e6re \u2705 den bedste kvalitet \u2705 5 \u00e5rs garanti! Bestil dine aluminium vand bordet, fra billige cortenstaalverkoop.nl","robots":{"index":"index","follow":"follow","max-snippet":"max-snippet:-1","max-image-preview":"max-image-preview:large","max-video-preview":"max-video-preview:-1"},"canonical":"https:\/\/cortenstaalverkoop.nl\/da\/vare\/aluminium-vandfontaene-rektangulaer\/","og_locale":"da_DK","og_type":"article","og_title":"Aluminium watertafel rechthoekig, koopt u bij cortenstaalverkoop.nl","og_description":"\u2705 Aluminium watertafel rechthoekig \u2705 de beste kwaliteit \u2705 5 jaar garantie! Bestel uw aluminium watertafel goedkoop bij cortenstaalverkoop.nl","og_url":"https:\/\/cortenstaalverkoop.nl\/da\/vare\/aluminium-vandfontaene-rektangulaer\/","og_site_name":"Cortenstaalverkoop.nl","article_modified_time":"2026-04-11T10:21:19+00:00","og_image":[{"width":699,"height":699,"url":"https:\/\/cortenstaalverkoop.nl\/wp-content\/uploads\/2022\/03\/watertafel-alu-120.png","type":"image\/png"}],"twitter_card":"summary_large_image","twitter_misc":{"Estimeret l\u00e6setid":"3 minutter"},"schema":{"@context":"https:\/\/schema.org","@graph":[{"@type":"WebPage","@id":"https:\/\/cortenstaalverkoop.nl\/product\/aluminium-watertafel-rechthoekig\/","url":"https:\/\/cortenstaalverkoop.nl\/product\/aluminium-watertafel-rechthoekig\/","name":"Aluminium vand tabel rektangul\u00e6re, du kan k\u00f8be fra cortenstaalverkoop.nl","isPartOf":{"@id":"https:\/\/cortenstaalverkoop.nl\/#website"},"primaryImageOfPage":{"@id":"https:\/\/cortenstaalverkoop.nl\/product\/aluminium-watertafel-rechthoekig\/#primaryimage"},"image":{"@id":"https:\/\/cortenstaalverkoop.nl\/product\/aluminium-watertafel-rechthoekig\/#primaryimage"},"thumbnailUrl":"https:\/\/cortenstaalverkoop.nl\/wp-content\/uploads\/2022\/03\/watertafel-alu-120.png","datePublished":"2022-03-31T10:31:17+00:00","dateModified":"2026-04-11T10:21:19+00:00","description":"\u2705 Aluminium vand tabel rektangul\u00e6re \u2705 den bedste kvalitet \u2705 5 \u00e5rs garanti! Bestil dine aluminium vand bordet, fra billige cortenstaalverkoop.nl","breadcrumb":{"@id":"https:\/\/cortenstaalverkoop.nl\/product\/aluminium-watertafel-rechthoekig\/#breadcrumb"},"inLanguage":"da-DK","potentialAction":[{"@type":"ReadAction","target":["https:\/\/cortenstaalverkoop.nl\/product\/aluminium-watertafel-rechthoekig\/"]}]},{"@type":"ImageObject","inLanguage":"da-DK","@id":"https:\/\/cortenstaalverkoop.nl\/product\/aluminium-watertafel-rechthoekig\/#primaryimage","url":"https:\/\/cortenstaalverkoop.nl\/wp-content\/uploads\/2022\/03\/watertafel-alu-120.png","contentUrl":"https:\/\/cortenstaalverkoop.nl\/wp-content\/uploads\/2022\/03\/watertafel-alu-120.png","width":699,"height":699,"caption":"Aluminium watertafel rechthoekig"},{"@type":"BreadcrumbList","@id":"https:\/\/cortenstaalverkoop.nl\/product\/aluminium-watertafel-rechthoekig\/#breadcrumb","itemListElement":[{"@type":"ListItem","position":1,"name":"Home","item":"https:\/\/cortenstaalverkoop.nl\/"},{"@type":"ListItem","position":2,"name":"Assortiment","item":"https:\/\/cortenstaalverkoop.nl\/assortiment-cortenstaal\/"},{"@type":"ListItem","position":3,"name":"Aluminium watertafel rechthoekig"}]},{"@type":"WebSite","@id":"https:\/\/cortenstaalverkoop.nl\/#website","url":"https:\/\/cortenstaalverkoop.nl\/","name":"Cortenstaalverkoop.nl","description":"den cortenstaal specialist!","publisher":{"@id":"https:\/\/cortenstaalverkoop.nl\/#organization"},"potentialAction":[{"@type":"SearchAction","target":{"@type":"EntryPoint","urlTemplate":"https:\/\/cortenstaalverkoop.nl\/?s={search_term_string}"},"query-input":{"@type":"PropertyValueSpecification","valueRequired":true,"valueName":"search_term_string"}}],"inLanguage":"da-DK"},{"@type":"Organization","@id":"https:\/\/cortenstaalverkoop.nl\/#organization","name":"Cortenstaalverkoop.nl","url":"https:\/\/cortenstaalverkoop.nl\/","logo":{"@type":"ImageObject","inLanguage":"da-DK","@id":"https:\/\/cortenstaalverkoop.nl\/#\/schema\/logo\/image\/","url":"https:\/\/cortenstaalverkoop.nl\/wp-content\/uploads\/2019\/11\/cortenstaal-logo-1.png","contentUrl":"https:\/\/cortenstaalverkoop.nl\/wp-content\/uploads\/2019\/11\/cortenstaal-logo-1.png","width":480,"height":163,"caption":"Cortenstaalverkoop.nl"},"image":{"@id":"https:\/\/cortenstaalverkoop.nl\/#\/schema\/logo\/image\/"}}]}},"_links":{"self":[{"href":"https:\/\/cortenstaalverkoop.nl\/da\/wp-json\/wp\/v2\/product\/7112","targetHints":{"allow":["GET"]}}],"collection":[{"href":"https:\/\/cortenstaalverkoop.nl\/da\/wp-json\/wp\/v2\/product"}],"about":[{"href":"https:\/\/cortenstaalverkoop.nl\/da\/wp-json\/wp\/v2\/types\/product"}],"version-history":[{"count":28,"href":"https:\/\/cortenstaalverkoop.nl\/da\/wp-json\/wp\/v2\/product\/7112\/revisions"}],"predecessor-version":[{"id":9959,"href":"https:\/\/cortenstaalverkoop.nl\/da\/wp-json\/wp\/v2\/product\/7112\/revisions\/9959"}],"wp:featuredmedia":[{"embeddable":true,"href":"https:\/\/cortenstaalverkoop.nl\/da\/wp-json\/wp\/v2\/media\/7128"}],"wp:attachment":[{"href":"https:\/\/cortenstaalverkoop.nl\/da\/wp-json\/wp\/v2\/media?parent=7112"}],"wp:term":[{"taxonomy":"product_brand","embeddable":true,"href":"https:\/\/cortenstaalverkoop.nl\/da\/wp-json\/wp\/v2\/product_brand?post=7112"},{"taxonomy":"product_cat","embeddable":true,"href":"https:\/\/cortenstaalverkoop.nl\/da\/wp-json\/wp\/v2\/product_cat?post=7112"},{"taxonomy":"product_tag","embeddable":true,"href":"https:\/\/cortenstaalverkoop.nl\/da\/wp-json\/wp\/v2\/product_tag?post=7112"}],"curies":[{"name":"wp","href":"https:\/\/api.w.org\/{rel}","templated":true}]}}