{"id":8039,"date":"2022-11-30T15:18:22","date_gmt":"2022-11-30T14:18:22","guid":{"rendered":"https:\/\/cortenstaalverkoop.nl\/?post_type=product&#038;p=8039"},"modified":"2026-04-11T20:49:02","modified_gmt":"2026-04-11T18:49:02","slug":"aluminium-plantekasse-nora","status":"publish","type":"product","link":"https:\/\/cortenstaalverkoop.nl\/da\/product\/aluminium-plantenbak-nora\/","title":{"rendered":"Aluminium plantekasse Nora"},"content":{"rendered":"<p>Aluminium plantekasse Nora er konisk blomst boks, som findes i mange forskellige st\u00f8rrelser. Let at placere p\u00e5 din balkon, terrasse eller i haven. Et s\u00e6t af aluminium <a href=\"https:\/\/cortenstaalverkoop.nl\/cortenstaal\/cortenstaal-plantenbakken\/\">plantageejere<\/a> kan ogs\u00e5 v\u00e6re et godt blikfang ved indgangen af din virksomhed. Standard RAL-farve er RAL 7021 sort \/ gr\u00e5, andre RAL-farver tilg\u00e6ngelige efter anmodning.<\/p>\n<p>Aluminium plantekasse Nora er lavet af 3 mm aluminium. Aluminium er let, st\u00e6rk, slidst\u00e6rke og modstandsdygtige over for korrosion. Den \u00f8verste kant af al aluminium plantageejere er dobbelt<br \/>\nhvad der giver denne beholder en h\u00e5rd og tidl\u00f8st look. Standard f\u00f8dder med en h\u00f8jde p\u00e5 18 mm, er monteret under bunden af beholdere, s\u00e5ledes at beholderen er lidt l\u00f8srevet fra jorden.<br \/>\nEfter at producere, bliver det den f\u00f8lgende post-processing:<\/p>\n<ul>\n<li>Opkradsning af materiale for bedre vedh\u00e6ftning<\/li>\n<li>Pulverlak med en st\u00e6rk lim primer.<\/li>\n<li>Afsluttende med en h\u00e5rd top coat<\/li>\n<\/ul>\n<h4>Plantning r\u00e5d:<\/h4>\n<ul>\n<li>Det er en flad, fast (svingning) overflade.<\/li>\n<li>Sted overl\u00f8b r\u00f8r p\u00e5 bunden af plantageejer, som \u00f8nskede at skabe en vand-buffer. Antallet af overl\u00f8b r\u00f8r til at bruge, afh\u00e6nger af antallet af dr\u00e6nhuller.<\/li>\n<li>Tr\u00e6kst\u00e6nger i plantageejere er af afg\u00f8rende betydning for bygge-og dimensionsstabilitet af plantemaskinen. En tr\u00e6kstang kan aldrig fjernes.<\/li>\n<li>Altid give tilstr\u00e6kkelig vejrtr\u00e6kning plads (mindst 1 cm) romdon plante-for at forhindre fugt i fastholdelse.<\/li>\n<li>Fyld beholderen med et lag af Vandkraft som granulat eller i grus omkring 10 cm h\u00f8j. I l\u00f8bet af de Hydro granulat eller grus, sted en vand-gennemtr\u00e6ngelige anti-root stof.<\/li>\n<li>Anbring kluden p\u00e5 de kanter i mindst 10 cm op til ideelle drift.<\/li>\n<li>D\u00e6kke anti-root stof med et lag af luftige jord blanding, der er skr\u00e6ddersyet til plantning skal anvendes.<\/li>\n<li>Jorden i beholderen, b\u00f8r aldrig v\u00e6re stampet, og dette kan for\u00e5rsage skader p\u00e5 containeren.<\/li>\n<\/ul>\n<h5>Vigtigt:<\/h5>\n<ul>\n<li style=\"list-style-type: none;\">\n<ul>\n<li>Produkterne skal v\u00e6re pakket ud umiddelbart efter leveringen, s\u00e5ledes at eventuel fugt mellem emballage og produktet er ikke fanget. Dette kan medf\u00f8re pletter.<\/li>\n<li>Meget st\u00e6rk, modstandsdygtig over for slid er ogs\u00e5 meget holdbart<\/li>\n<li>Slanke og derfor tidl\u00f8st design<\/li>\n<li>Vores plante er ikke egnet til at flytte fyldt.<\/li>\n<li>Boring \/ slibning i det materiale, er ikke tilladt, som et resultat, fugt kan sive under bel\u00e6gningen, der f\u00e5r det til at skalle af.<\/li>\n<li>5 \u00e5rs garanti<\/li>\n<li>Lav vedligeholdelse, brug ikke h\u00f8jtryksrenser og en skuresvamp.<\/li>\n<\/ul>\n<\/li>\n<\/ul>\n<ul>\n<li style=\"list-style-type: none;\"><\/li>\n<\/ul>\n<h6>Oplysninger om produktet cortenstaal:<\/h6>\n<p><a href=\"https:\/\/nl.wikipedia.org\/wikirong\/Cortenstaal\" target=\"_blank\" rel=\"noopener noreferrer\">Cor-Ten st\u00e5l<\/a> ogs\u00e5 kendt som vejrlig st\u00e5l. Det er et metal, en legering, der best\u00e5r af jern, som kobber, silicium, nikkel og krom er blevet tilf\u00f8jet. Cor-Ten er derfor en meget st\u00e6rk type af st\u00e5l, der har den egenskab at d\u00e6kke sig med et beskyttende lag rust, n\u00e5r de uds\u00e6ttes for luft udefra. Efter at dette lag udg\u00f8r en beskyttelse mod yderligere korrosion. Karakteristisk for Corten st\u00e5l er orange-brun rust farve og lang levetid.<\/p>","protected":false},"excerpt":{"rendered":"<p>Aluminium plantekasse Nora er en konisk blomst boks, som findes i forskellige st\u00f8rrelser. Den \u00f8verste kant af Nora plantageejer er dobbelt-vendt. Materiale tykkelse af aluminium plantageejere er standard 3 mm. Standard farven er RAL 7021 sort \/ gr\u00e5, andre RAL-farver tilg\u00e6ngelige efter anmodning.<\/p>\n<ul>\n<li>Meget st\u00e6rk og modstandsdygtig over for slid<\/li>\n<li>Lav vedligeholdelse opm\u00e6rksomhed! Brug ikke en h\u00f8jtryksrenser og en skuresvamp.<\/li>\n<li>Pulverlak med en st\u00e6rk lim primer.<\/li>\n<li>Slut af med en h\u00e5rd top coat.<\/li>\n<li>Vejrfast og holdbart materiale<\/li>\n<li>Som standard, der er 18 mm feet under skraldespande for god dr\u00e6ning<\/li>\n<li>Tilpasning mulig.<\/li>\n<li>5 \u00e5rs garanti!<\/li>\n<\/ul>","protected":false},"featured_media":8053,"template":"","meta":{"site-sidebar-layout":"default","site-content-layout":"default","ast-site-content-layout":"default","site-content-style":"default","site-sidebar-style":"default","ast-global-header-display":"","ast-banner-title-visibility":"","ast-main-header-display":"","ast-hfb-above-header-display":"","ast-hfb-below-header-display":"","ast-hfb-mobile-header-display":"","site-post-title":"","ast-breadcrumbs-content":"","ast-featured-img":"","footer-sml-layout":"","ast-disable-related-posts":"","theme-transparent-header-meta":"default","adv-header-id-meta":"","stick-header-meta":"","header-above-stick-meta":"","header-main-stick-meta":"","header-below-stick-meta":"","astra-migrate-meta-layouts":"set","ast-page-background-enabled":"default","ast-page-background-meta":{"desktop":{"background-color":"","background-image":"","background-repeat":"repeat","background-position":"center center","background-size":"auto","background-attachment":"scroll","background-type":"","background-media":"","overlay-type":"","overlay-color":"","overlay-opacity":"","overlay-gradient":""},"tablet":{"background-color":"","background-image":"","background-repeat":"repeat","background-position":"center center","background-size":"auto","background-attachment":"scroll","background-type":"","background-media":"","overlay-type":"","overlay-color":"","overlay-opacity":"","overlay-gradient":""},"mobile":{"background-color":"","background-image":"","background-repeat":"repeat","background-position":"center center","background-size":"auto","background-attachment":"scroll","background-type":"","background-media":"","overlay-type":"","overlay-color":"","overlay-opacity":"","overlay-gradient":""}},"ast-content-background-meta":{"desktop":{"background-color":"var(--ast-global-color-5)","background-image":"","background-repeat":"repeat","background-position":"center center","background-size":"auto","background-attachment":"scroll","background-type":"","background-media":"","overlay-type":"","overlay-color":"","overlay-opacity":"","overlay-gradient":""},"tablet":{"background-color":"var(--ast-global-color-5)","background-image":"","background-repeat":"repeat","background-position":"center center","background-size":"auto","background-attachment":"scroll","background-type":"","background-media":"","overlay-type":"","overlay-color":"","overlay-opacity":"","overlay-gradient":""},"mobile":{"background-color":"var(--ast-global-color-5)","background-image":"","background-repeat":"repeat","background-position":"center center","background-size":"auto","background-attachment":"scroll","background-type":"","background-media":"","overlay-type":"","overlay-color":"","overlay-opacity":"","overlay-gradient":""}}},"product_brand":[],"product_cat":[57],"product_tag":[],"class_list":{"0":"post-8039","1":"product","2":"type-product","3":"status-publish","4":"has-post-thumbnail","6":"product_cat-cortenstaal-plantenbakken","7":"product_shipping_class-fritom","8":"desktop-align-left","9":"tablet-align-left","10":"mobile-align-left","12":"first","13":"instock","14":"featured","15":"taxable","16":"shipping-taxable","17":"purchasable","18":"product-type-variable"},"yoast_head":"<!-- This site is optimized with the Yoast SEO plugin v27.4 - https:\/\/yoast.com\/product\/yoast-seo-wordpress\/ -->\n<title>Aluminium plantenbak Nora, goedkoop bij cortenstaalverkoop.nl<\/title>\n<meta name=\"description\" content=\"\u2705 Aluminium plantenbak Nora, diverse maten.\u2705 beste kwaliteit \u2705 5 jaar garantie! Bestel uw Aluminium plantenbak Nora goedkoop bij cortenstaalverkoop.nl\" \/>\n<meta name=\"robots\" content=\"index, follow, max-snippet:-1, max-image-preview:large, max-video-preview:-1\" \/>\n<link rel=\"canonical\" href=\"https:\/\/cortenstaalverkoop.nl\/da\/vare\/aluminium-plantekasse-nora\/\" \/>\n<meta property=\"og:locale\" content=\"da_DK\" \/>\n<meta property=\"og:type\" content=\"article\" \/>\n<meta property=\"og:title\" content=\"Aluminium plantenbak Nora, goedkoop bij cortenstaalverkoop.nl\" \/>\n<meta property=\"og:description\" content=\"\u2705 Aluminium plantenbak Nora, diverse maten.\u2705 beste kwaliteit \u2705 5 jaar garantie! Bestel uw Aluminium plantenbak Nora goedkoop bij cortenstaalverkoop.nl\" \/>\n<meta property=\"og:url\" content=\"https:\/\/cortenstaalverkoop.nl\/da\/vare\/aluminium-plantekasse-nora\/\" \/>\n<meta property=\"og:site_name\" content=\"Cortenstaalverkoop.nl\" \/>\n<meta property=\"article:modified_time\" content=\"2026-04-11T18:49:02+00:00\" \/>\n<meta property=\"og:image\" content=\"https:\/\/cortenstaalverkoop.nl\/wp-content\/uploads\/2022\/11\/Nora-AC4.1.jpg\" \/>\n\t<meta property=\"og:image:width\" content=\"699\" \/>\n\t<meta property=\"og:image:height\" content=\"699\" \/>\n\t<meta property=\"og:image:type\" content=\"image\/jpeg\" \/>\n<meta name=\"twitter:card\" content=\"summary_large_image\" \/>\n<meta name=\"twitter:label1\" content=\"Estimeret l\u00e6setid\" \/>\n\t<meta name=\"twitter:data1\" content=\"3 minutter\" \/>\n<script type=\"application\/ld+json\" class=\"yoast-schema-graph\">{\"@context\":\"https:\\\/\\\/schema.org\",\"@graph\":[{\"@type\":\"WebPage\",\"@id\":\"https:\\\/\\\/cortenstaalverkoop.nl\\\/product\\\/aluminium-plantenbak-nora\\\/\",\"url\":\"https:\\\/\\\/cortenstaalverkoop.nl\\\/product\\\/aluminium-plantenbak-nora\\\/\",\"name\":\"Aluminium plantenbak Nora, goedkoop bij cortenstaalverkoop.nl\",\"isPartOf\":{\"@id\":\"https:\\\/\\\/cortenstaalverkoop.nl\\\/#website\"},\"primaryImageOfPage\":{\"@id\":\"https:\\\/\\\/cortenstaalverkoop.nl\\\/product\\\/aluminium-plantenbak-nora\\\/#primaryimage\"},\"image\":{\"@id\":\"https:\\\/\\\/cortenstaalverkoop.nl\\\/product\\\/aluminium-plantenbak-nora\\\/#primaryimage\"},\"thumbnailUrl\":\"https:\\\/\\\/cortenstaalverkoop.nl\\\/wp-content\\\/uploads\\\/2022\\\/11\\\/Nora-AC4.1.jpg\",\"datePublished\":\"2022-11-30T14:18:22+00:00\",\"dateModified\":\"2026-04-11T18:49:02+00:00\",\"description\":\"\u2705 Aluminium plantenbak Nora, diverse maten.\u2705 beste kwaliteit \u2705 5 jaar garantie! Bestel uw Aluminium plantenbak Nora goedkoop bij cortenstaalverkoop.nl\",\"breadcrumb\":{\"@id\":\"https:\\\/\\\/cortenstaalverkoop.nl\\\/product\\\/aluminium-plantenbak-nora\\\/#breadcrumb\"},\"inLanguage\":\"da-DK\",\"potentialAction\":[{\"@type\":\"ReadAction\",\"target\":[\"https:\\\/\\\/cortenstaalverkoop.nl\\\/product\\\/aluminium-plantenbak-nora\\\/\"]}]},{\"@type\":\"ImageObject\",\"inLanguage\":\"da-DK\",\"@id\":\"https:\\\/\\\/cortenstaalverkoop.nl\\\/product\\\/aluminium-plantenbak-nora\\\/#primaryimage\",\"url\":\"https:\\\/\\\/cortenstaalverkoop.nl\\\/wp-content\\\/uploads\\\/2022\\\/11\\\/Nora-AC4.1.jpg\",\"contentUrl\":\"https:\\\/\\\/cortenstaalverkoop.nl\\\/wp-content\\\/uploads\\\/2022\\\/11\\\/Nora-AC4.1.jpg\",\"width\":699,\"height\":699,\"caption\":\"aluminium plantenbak Nora\"},{\"@type\":\"BreadcrumbList\",\"@id\":\"https:\\\/\\\/cortenstaalverkoop.nl\\\/product\\\/aluminium-plantenbak-nora\\\/#breadcrumb\",\"itemListElement\":[{\"@type\":\"ListItem\",\"position\":1,\"name\":\"Home\",\"item\":\"https:\\\/\\\/cortenstaalverkoop.nl\\\/\"},{\"@type\":\"ListItem\",\"position\":2,\"name\":\"Assortiment\",\"item\":\"https:\\\/\\\/cortenstaalverkoop.nl\\\/assortiment-cortenstaal\\\/\"},{\"@type\":\"ListItem\",\"position\":3,\"name\":\"Aluminium plantenbak Nora\"}]},{\"@type\":\"WebSite\",\"@id\":\"https:\\\/\\\/cortenstaalverkoop.nl\\\/#website\",\"url\":\"https:\\\/\\\/cortenstaalverkoop.nl\\\/\",\"name\":\"Cortenstaalverkoop.nl\",\"description\":\"de cortenstaal specialist!\",\"publisher\":{\"@id\":\"https:\\\/\\\/cortenstaalverkoop.nl\\\/#organization\"},\"potentialAction\":[{\"@type\":\"SearchAction\",\"target\":{\"@type\":\"EntryPoint\",\"urlTemplate\":\"https:\\\/\\\/cortenstaalverkoop.nl\\\/?s={search_term_string}\"},\"query-input\":{\"@type\":\"PropertyValueSpecification\",\"valueRequired\":true,\"valueName\":\"search_term_string\"}}],\"inLanguage\":\"da-DK\"},{\"@type\":\"Organization\",\"@id\":\"https:\\\/\\\/cortenstaalverkoop.nl\\\/#organization\",\"name\":\"Cortenstaalverkoop.nl\",\"url\":\"https:\\\/\\\/cortenstaalverkoop.nl\\\/\",\"logo\":{\"@type\":\"ImageObject\",\"inLanguage\":\"da-DK\",\"@id\":\"https:\\\/\\\/cortenstaalverkoop.nl\\\/#\\\/schema\\\/logo\\\/image\\\/\",\"url\":\"https:\\\/\\\/cortenstaalverkoop.nl\\\/wp-content\\\/uploads\\\/2019\\\/11\\\/cortenstaal-logo-1.png\",\"contentUrl\":\"https:\\\/\\\/cortenstaalverkoop.nl\\\/wp-content\\\/uploads\\\/2019\\\/11\\\/cortenstaal-logo-1.png\",\"width\":480,\"height\":163,\"caption\":\"Cortenstaalverkoop.nl\"},\"image\":{\"@id\":\"https:\\\/\\\/cortenstaalverkoop.nl\\\/#\\\/schema\\\/logo\\\/image\\\/\"}}]}<\/script>\n<!-- \/ Yoast SEO plugin. -->","yoast_head_json":{"title":"Aluminium plantageejer Nora, billige p\u00e5 cortenstaalverkoop.nl","description":"\u2705 Aluminium plantageejer Nora, forskellige st\u00f8rrelser.\u2705 bedste kvalitet \u2705 5 \u00e5rs garanti! Bestil dine aluminium plantageejer Nora billige fra cortenstaalverkoop.nl","robots":{"index":"index","follow":"follow","max-snippet":"max-snippet:-1","max-image-preview":"max-image-preview:large","max-video-preview":"max-video-preview:-1"},"canonical":"https:\/\/cortenstaalverkoop.nl\/da\/vare\/aluminium-plantekasse-nora\/","og_locale":"da_DK","og_type":"article","og_title":"Aluminium plantenbak Nora, goedkoop bij cortenstaalverkoop.nl","og_description":"\u2705 Aluminium plantenbak Nora, diverse maten.\u2705 beste kwaliteit \u2705 5 jaar garantie! Bestel uw Aluminium plantenbak Nora goedkoop bij cortenstaalverkoop.nl","og_url":"https:\/\/cortenstaalverkoop.nl\/da\/vare\/aluminium-plantekasse-nora\/","og_site_name":"Cortenstaalverkoop.nl","article_modified_time":"2026-04-11T18:49:02+00:00","og_image":[{"width":699,"height":699,"url":"https:\/\/cortenstaalverkoop.nl\/wp-content\/uploads\/2022\/11\/Nora-AC4.1.jpg","type":"image\/jpeg"}],"twitter_card":"summary_large_image","twitter_misc":{"Estimeret l\u00e6setid":"3 minutter"},"schema":{"@context":"https:\/\/schema.org","@graph":[{"@type":"WebPage","@id":"https:\/\/cortenstaalverkoop.nl\/product\/aluminium-plantenbak-nora\/","url":"https:\/\/cortenstaalverkoop.nl\/product\/aluminium-plantenbak-nora\/","name":"Aluminium plantageejer Nora, billige p\u00e5 cortenstaalverkoop.nl","isPartOf":{"@id":"https:\/\/cortenstaalverkoop.nl\/#website"},"primaryImageOfPage":{"@id":"https:\/\/cortenstaalverkoop.nl\/product\/aluminium-plantenbak-nora\/#primaryimage"},"image":{"@id":"https:\/\/cortenstaalverkoop.nl\/product\/aluminium-plantenbak-nora\/#primaryimage"},"thumbnailUrl":"https:\/\/cortenstaalverkoop.nl\/wp-content\/uploads\/2022\/11\/Nora-AC4.1.jpg","datePublished":"2022-11-30T14:18:22+00:00","dateModified":"2026-04-11T18:49:02+00:00","description":"\u2705 Aluminium plantageejer Nora, forskellige st\u00f8rrelser.\u2705 bedste kvalitet \u2705 5 \u00e5rs garanti! Bestil dine aluminium plantageejer Nora billige fra cortenstaalverkoop.nl","breadcrumb":{"@id":"https:\/\/cortenstaalverkoop.nl\/product\/aluminium-plantenbak-nora\/#breadcrumb"},"inLanguage":"da-DK","potentialAction":[{"@type":"ReadAction","target":["https:\/\/cortenstaalverkoop.nl\/product\/aluminium-plantenbak-nora\/"]}]},{"@type":"ImageObject","inLanguage":"da-DK","@id":"https:\/\/cortenstaalverkoop.nl\/product\/aluminium-plantenbak-nora\/#primaryimage","url":"https:\/\/cortenstaalverkoop.nl\/wp-content\/uploads\/2022\/11\/Nora-AC4.1.jpg","contentUrl":"https:\/\/cortenstaalverkoop.nl\/wp-content\/uploads\/2022\/11\/Nora-AC4.1.jpg","width":699,"height":699,"caption":"aluminium plantenbak Nora"},{"@type":"BreadcrumbList","@id":"https:\/\/cortenstaalverkoop.nl\/product\/aluminium-plantenbak-nora\/#breadcrumb","itemListElement":[{"@type":"ListItem","position":1,"name":"Home","item":"https:\/\/cortenstaalverkoop.nl\/"},{"@type":"ListItem","position":2,"name":"Assortiment","item":"https:\/\/cortenstaalverkoop.nl\/assortiment-cortenstaal\/"},{"@type":"ListItem","position":3,"name":"Aluminium plantenbak Nora"}]},{"@type":"WebSite","@id":"https:\/\/cortenstaalverkoop.nl\/#website","url":"https:\/\/cortenstaalverkoop.nl\/","name":"Cortenstaalverkoop.nl","description":"den cortenstaal specialist!","publisher":{"@id":"https:\/\/cortenstaalverkoop.nl\/#organization"},"potentialAction":[{"@type":"SearchAction","target":{"@type":"EntryPoint","urlTemplate":"https:\/\/cortenstaalverkoop.nl\/?s={search_term_string}"},"query-input":{"@type":"PropertyValueSpecification","valueRequired":true,"valueName":"search_term_string"}}],"inLanguage":"da-DK"},{"@type":"Organization","@id":"https:\/\/cortenstaalverkoop.nl\/#organization","name":"Cortenstaalverkoop.nl","url":"https:\/\/cortenstaalverkoop.nl\/","logo":{"@type":"ImageObject","inLanguage":"da-DK","@id":"https:\/\/cortenstaalverkoop.nl\/#\/schema\/logo\/image\/","url":"https:\/\/cortenstaalverkoop.nl\/wp-content\/uploads\/2019\/11\/cortenstaal-logo-1.png","contentUrl":"https:\/\/cortenstaalverkoop.nl\/wp-content\/uploads\/2019\/11\/cortenstaal-logo-1.png","width":480,"height":163,"caption":"Cortenstaalverkoop.nl"},"image":{"@id":"https:\/\/cortenstaalverkoop.nl\/#\/schema\/logo\/image\/"}}]}},"_links":{"self":[{"href":"https:\/\/cortenstaalverkoop.nl\/da\/wp-json\/wp\/v2\/product\/8039","targetHints":{"allow":["GET"]}}],"collection":[{"href":"https:\/\/cortenstaalverkoop.nl\/da\/wp-json\/wp\/v2\/product"}],"about":[{"href":"https:\/\/cortenstaalverkoop.nl\/da\/wp-json\/wp\/v2\/types\/product"}],"version-history":[{"count":10,"href":"https:\/\/cortenstaalverkoop.nl\/da\/wp-json\/wp\/v2\/product\/8039\/revisions"}],"predecessor-version":[{"id":11158,"href":"https:\/\/cortenstaalverkoop.nl\/da\/wp-json\/wp\/v2\/product\/8039\/revisions\/11158"}],"wp:featuredmedia":[{"embeddable":true,"href":"https:\/\/cortenstaalverkoop.nl\/da\/wp-json\/wp\/v2\/media\/8053"}],"wp:attachment":[{"href":"https:\/\/cortenstaalverkoop.nl\/da\/wp-json\/wp\/v2\/media?parent=8039"}],"wp:term":[{"taxonomy":"product_brand","embeddable":true,"href":"https:\/\/cortenstaalverkoop.nl\/da\/wp-json\/wp\/v2\/product_brand?post=8039"},{"taxonomy":"product_cat","embeddable":true,"href":"https:\/\/cortenstaalverkoop.nl\/da\/wp-json\/wp\/v2\/product_cat?post=8039"},{"taxonomy":"product_tag","embeddable":true,"href":"https:\/\/cortenstaalverkoop.nl\/da\/wp-json\/wp\/v2\/product_tag?post=8039"}],"curies":[{"name":"wp","href":"https:\/\/api.w.org\/{rel}","templated":true}]}}