{"id":9334,"date":"2023-05-04T11:55:13","date_gmt":"2023-05-04T09:55:13","guid":{"rendered":"https:\/\/cortenstaalverkoop.nl\/?post_type=product&#038;p=9334"},"modified":"2026-04-20T18:56:31","modified_gmt":"2026-04-20T16:56:31","slug":"cortenstaal-bbq-opfyldt-bakring100","status":"publish","type":"product","link":"https:\/\/cortenstaalverkoop.nl\/da\/product\/cortenstaal-bbq-met-bakring100\/","title":{"rendered":"Cortenstaal BBQ opfyldt bakring100"},"content":{"rendered":"<div data-elementor-type=\"wp-post\" data-elementor-id=\"9334\" class=\"elementor elementor-9334\">\n\t\t\t\t\t\t<section class=\"elementor-section elementor-top-section elementor-element elementor-element-5d3a55ae elementor-section-boxed elementor-section-height-default elementor-section-height-default\" data-id=\"5d3a55ae\" data-element_type=\"section\" data-e-type=\"section\">\n\t\t\t\t\t\t<div class=\"elementor-container elementor-column-gap-default\">\n\t\t\t\t\t<div class=\"elementor-column elementor-col-100 elementor-top-column elementor-element elementor-element-6bce4bf2\" data-id=\"6bce4bf2\" data-element_type=\"column\" data-e-type=\"column\">\n\t\t\t<div class=\"elementor-widget-wrap elementor-element-populated\">\n\t\t\t\t\t\t<div class=\"elementor-element elementor-element-495f2e35 elementor-widget elementor-widget-text-editor\" data-id=\"495f2e35\" data-element_type=\"widget\" data-e-type=\"widget\" data-widget_type=\"text-editor.default\">\n\t\t\t\t<div class=\"elementor-widget-container\">\n\t\t\t\t\t\t\t\t\t<h3>Cortenstaal BBQ opfyldt bakring100<\/h3><p>Dette <a href=\"https:\/\/nl.wikipedia.org\/wiki\/Cortenstaal\" target=\"_blank\" rel=\"noopener\">Corten<\/a> BBQ met bakring100 heeft verschillende kooktemperaturen.Het midden van de bakplaat is warmer dan de buitenkanten zodat koken nog gemakkelijker is en je alle ingredi\u00ebnten samen kunt serveren. Ontdek een compleet nieuwe wereld vol mogelijkheden voor buiten koken. Met de extra grillset kunt u grillen en bakken tegelijkertijd. Voor iets minder personen is er ook een <a href=\"https:\/\/cortenstaalverkoop.nl\/product\/bbq-met-bakplaat-en-grill\/\" target=\"_blank\" rel=\"noopener\">Corten st\u00e5l BBQ<\/a> med en bagning ring p\u00e5 80 cm til salg.<\/p><h3>Belangrijk!<\/h3><p>N\u00e5r du bruger denne Corten st\u00e5l BBQ med bagning ring for f\u00f8rste gang, det er meget vigtigt, at du starter med en lille brand, og efter 25 minutter forts\u00e6tte med at varme ild. Den tunge bageplade vil f\u00e5 varmere i bunden end p\u00e5 toppen. P\u00e5 grund af denne temperaturforskel, pladen vil hule. Efter den f\u00f8rste brug, bagning ark har &#034;set&#034;, og denne procedure er ikke l\u00e6ngere n\u00f8dvendigt.<br \/>Madlavning enhed vil fungere bedst, hvis det har v\u00e6ret brugt en gang eller to gange, og den olie, der er br\u00e6ndt ind i pladen. Madlavning p\u00e5 bageplade vil v\u00e6re lettere efter denne &#039;burn-in&#039; og beskytter pladen fra rust, n\u00e5r den ikke er i brug.<br \/>Det er bedst at stege med vegetabilsk olie med en h\u00f8j grad af forbr\u00e6nding, for eksempel solsikkeolie.<\/p><p>Efter cirka 25-30 minutter ved fyring, bageplade ved den indre kant vil have n\u00e5et en temperatur p\u00e5 275 \u2013 300\u00b0C. N\u00e5r ilden er gjort, kan du begynde at oliering bageplade, dosis nogle mere olie, hvor du kommer til at bage. P\u00e5 den ydre kant er<br \/>temperaturen er lidt lavere, s\u00e5 du kan veksle med stegning og hold dem varme. N\u00e5r den varme bageplade, vil det tr\u00e6kke lidt hult. S\u00e5 overskydende olie og fedtstoffer, vil den automatisk g\u00e5 i brand. Som bageplade k\u00f8ler, vil det helt rette.<\/p><p>Reng\u00f8ring af GRILL er faktisk ikke n\u00f8dvendigt. Madlavning olie og f\u00f8devarer rester kan blive skubbet ind i ilden med en spatel efter brug. Du kan eventuelt ren bageplade med en fugtig klud f\u00f8r brug. BBQ kan modst\u00e5 vind og vejr og ikke kr\u00e6ver nogen vedligeholdelse.<\/p>\t\t\t\t\t\t\t\t<\/div>\n\t\t\t\t<\/div>\n\t\t\t\t\t<\/div>\n\t\t<\/div>\n\t\t\t\t\t<\/div>\n\t\t<\/section>\n\t\t\t\t<\/div>","protected":false},"excerpt":{"rendered":"<p>Met deze cortenstaal BBQ met een bakring van 100cm heeft u h\u00e9t product om buiten eenvoudig een gezonde maaltijd te bereiden. De bolvormige vuurschaal heeft een ronde brede, dikke platte bakplaat die je gebruikt als een soort teppanyaki of plancha. Totale hoogte is 1000 mm zonder grillset.<\/p>\n<p>* \u00d8vre ring lavet af 10 mm st\u00e5l s235 fungerer som en bageplade \/ plancha, diameter 1005 mm<br \/>\n* Dette Corten st\u00e5l BBQ kommer rustne.<br \/>\n* Justerbare faste ben for hver overflade<br \/>\n\u2022 Inc. chassis 700 x 500 mm 810 mm h\u00f8j<br \/>\n* Diameter af indvendige rum, bagning ring 500 mm<br \/>\n* 5 \u00e5rs garanti<\/p>","protected":false},"featured_media":9355,"template":"","meta":{"site-sidebar-layout":"default","site-content-layout":"default","ast-site-content-layout":"default","site-content-style":"default","site-sidebar-style":"default","ast-global-header-display":"","ast-banner-title-visibility":"","ast-main-header-display":"","ast-hfb-above-header-display":"","ast-hfb-below-header-display":"","ast-hfb-mobile-header-display":"","site-post-title":"","ast-breadcrumbs-content":"","ast-featured-img":"","footer-sml-layout":"","ast-disable-related-posts":"","theme-transparent-header-meta":"default","adv-header-id-meta":"","stick-header-meta":"","header-above-stick-meta":"","header-main-stick-meta":"","header-below-stick-meta":"","astra-migrate-meta-layouts":"set","ast-page-background-enabled":"default","ast-page-background-meta":{"desktop":{"background-color":"","background-image":"","background-repeat":"repeat","background-position":"center center","background-size":"auto","background-attachment":"scroll","background-type":"","background-media":"","overlay-type":"","overlay-color":"","overlay-opacity":"","overlay-gradient":""},"tablet":{"background-color":"","background-image":"","background-repeat":"repeat","background-position":"center center","background-size":"auto","background-attachment":"scroll","background-type":"","background-media":"","overlay-type":"","overlay-color":"","overlay-opacity":"","overlay-gradient":""},"mobile":{"background-color":"","background-image":"","background-repeat":"repeat","background-position":"center center","background-size":"auto","background-attachment":"scroll","background-type":"","background-media":"","overlay-type":"","overlay-color":"","overlay-opacity":"","overlay-gradient":""}},"ast-content-background-meta":{"desktop":{"background-color":"var(--ast-global-color-5)","background-image":"","background-repeat":"repeat","background-position":"center center","background-size":"auto","background-attachment":"scroll","background-type":"","background-media":"","overlay-type":"","overlay-color":"","overlay-opacity":"","overlay-gradient":""},"tablet":{"background-color":"var(--ast-global-color-5)","background-image":"","background-repeat":"repeat","background-position":"center center","background-size":"auto","background-attachment":"scroll","background-type":"","background-media":"","overlay-type":"","overlay-color":"","overlay-opacity":"","overlay-gradient":""},"mobile":{"background-color":"var(--ast-global-color-5)","background-image":"","background-repeat":"repeat","background-position":"center center","background-size":"auto","background-attachment":"scroll","background-type":"","background-media":"","overlay-type":"","overlay-color":"","overlay-opacity":"","overlay-gradient":""}}},"product_brand":[],"product_cat":[58],"product_tag":[],"class_list":{"0":"post-9334","1":"product","2":"type-product","3":"status-publish","4":"has-post-thumbnail","6":"product_cat-cortenstaal-vuurelementen","7":"product_shipping_class-fritom","8":"desktop-align-left","9":"tablet-align-left","10":"mobile-align-left","12":"first","13":"instock","14":"taxable","15":"shipping-taxable","16":"purchasable","17":"product-type-variable"},"yoast_head":"<!-- This site is optimized with the Yoast SEO plugin v27.5 - https:\/\/yoast.com\/product\/yoast-seo-wordpress\/ -->\n<title>Cortenstaal BBQ met bakring, goedkoop bij cortenstaalverkoop.nl<\/title>\n<meta name=\"description\" content=\"\u2705 Cortenstaal BBQ met bakring100.\u2705 de beste kwaliteit \u2705 5 jaar garantie! Bestel uw cortenstaal BBQ goedkoop bij cortenstaalverkoop.nl\" \/>\n<meta name=\"robots\" content=\"index, follow, max-snippet:-1, max-image-preview:large, max-video-preview:-1\" \/>\n<link rel=\"canonical\" href=\"https:\/\/cortenstaalverkoop.nl\/da\/vare\/cortenstaal-bbq-opfyldt-bakring100\/\" \/>\n<meta property=\"og:locale\" content=\"da_DK\" \/>\n<meta property=\"og:type\" content=\"article\" \/>\n<meta property=\"og:title\" content=\"Cortenstaal BBQ met bakring, goedkoop bij cortenstaalverkoop.nl\" \/>\n<meta property=\"og:description\" content=\"\u2705 Cortenstaal BBQ met bakring100.\u2705 de beste kwaliteit \u2705 5 jaar garantie! Bestel uw cortenstaal BBQ goedkoop bij cortenstaalverkoop.nl\" \/>\n<meta property=\"og:url\" content=\"https:\/\/cortenstaalverkoop.nl\/da\/vare\/cortenstaal-bbq-opfyldt-bakring100\/\" \/>\n<meta property=\"og:site_name\" content=\"Cortenstaalverkoop.nl\" \/>\n<meta property=\"article:modified_time\" content=\"2026-04-20T16:56:31+00:00\" \/>\n<meta property=\"og:image\" content=\"https:\/\/cortenstaalverkoop.nl\/wp-content\/uploads\/2023\/05\/BBQ-groot-seareA.png\" \/>\n\t<meta property=\"og:image:width\" content=\"578\" \/>\n\t<meta property=\"og:image:height\" content=\"518\" \/>\n\t<meta property=\"og:image:type\" content=\"image\/png\" \/>\n<meta name=\"twitter:card\" content=\"summary_large_image\" \/>\n<meta name=\"twitter:label1\" content=\"Estimeret l\u00e6setid\" \/>\n\t<meta name=\"twitter:data1\" content=\"2 minutter\" \/>\n<script type=\"application\/ld+json\" class=\"yoast-schema-graph\">{\"@context\":\"https:\\\/\\\/schema.org\",\"@graph\":[{\"@type\":\"WebPage\",\"@id\":\"https:\\\/\\\/cortenstaalverkoop.nl\\\/product\\\/cortenstaal-bbq-met-bakring100\\\/\",\"url\":\"https:\\\/\\\/cortenstaalverkoop.nl\\\/product\\\/cortenstaal-bbq-met-bakring100\\\/\",\"name\":\"Cortenstaal BBQ met bakring, goedkoop bij cortenstaalverkoop.nl\",\"isPartOf\":{\"@id\":\"https:\\\/\\\/cortenstaalverkoop.nl\\\/#website\"},\"primaryImageOfPage\":{\"@id\":\"https:\\\/\\\/cortenstaalverkoop.nl\\\/product\\\/cortenstaal-bbq-met-bakring100\\\/#primaryimage\"},\"image\":{\"@id\":\"https:\\\/\\\/cortenstaalverkoop.nl\\\/product\\\/cortenstaal-bbq-met-bakring100\\\/#primaryimage\"},\"thumbnailUrl\":\"https:\\\/\\\/cortenstaalverkoop.nl\\\/wp-content\\\/uploads\\\/2023\\\/05\\\/BBQ-groot-seareA.png\",\"datePublished\":\"2023-05-04T09:55:13+00:00\",\"dateModified\":\"2026-04-20T16:56:31+00:00\",\"description\":\"\u2705 Cortenstaal BBQ met bakring100.\u2705 de beste kwaliteit \u2705 5 jaar garantie! Bestel uw cortenstaal BBQ goedkoop bij cortenstaalverkoop.nl\",\"breadcrumb\":{\"@id\":\"https:\\\/\\\/cortenstaalverkoop.nl\\\/product\\\/cortenstaal-bbq-met-bakring100\\\/#breadcrumb\"},\"inLanguage\":\"da-DK\",\"potentialAction\":[{\"@type\":\"ReadAction\",\"target\":[\"https:\\\/\\\/cortenstaalverkoop.nl\\\/product\\\/cortenstaal-bbq-met-bakring100\\\/\"]}]},{\"@type\":\"ImageObject\",\"inLanguage\":\"da-DK\",\"@id\":\"https:\\\/\\\/cortenstaalverkoop.nl\\\/product\\\/cortenstaal-bbq-met-bakring100\\\/#primaryimage\",\"url\":\"https:\\\/\\\/cortenstaalverkoop.nl\\\/wp-content\\\/uploads\\\/2023\\\/05\\\/BBQ-groot-seareA.png\",\"contentUrl\":\"https:\\\/\\\/cortenstaalverkoop.nl\\\/wp-content\\\/uploads\\\/2023\\\/05\\\/BBQ-groot-seareA.png\",\"width\":578,\"height\":518,\"caption\":\"Cortenstaal BBQ met bakring100\"},{\"@type\":\"BreadcrumbList\",\"@id\":\"https:\\\/\\\/cortenstaalverkoop.nl\\\/product\\\/cortenstaal-bbq-met-bakring100\\\/#breadcrumb\",\"itemListElement\":[{\"@type\":\"ListItem\",\"position\":1,\"name\":\"Home\",\"item\":\"https:\\\/\\\/cortenstaalverkoop.nl\\\/\"},{\"@type\":\"ListItem\",\"position\":2,\"name\":\"Assortiment\",\"item\":\"https:\\\/\\\/cortenstaalverkoop.nl\\\/assortiment-cortenstaal\\\/\"},{\"@type\":\"ListItem\",\"position\":3,\"name\":\"Cortenstaal BBQ met bakring100\"}]},{\"@type\":\"WebSite\",\"@id\":\"https:\\\/\\\/cortenstaalverkoop.nl\\\/#website\",\"url\":\"https:\\\/\\\/cortenstaalverkoop.nl\\\/\",\"name\":\"Cortenstaalverkoop.nl\",\"description\":\"de cortenstaal specialist!\",\"publisher\":{\"@id\":\"https:\\\/\\\/cortenstaalverkoop.nl\\\/#organization\"},\"potentialAction\":[{\"@type\":\"SearchAction\",\"target\":{\"@type\":\"EntryPoint\",\"urlTemplate\":\"https:\\\/\\\/cortenstaalverkoop.nl\\\/?s={search_term_string}\"},\"query-input\":{\"@type\":\"PropertyValueSpecification\",\"valueRequired\":true,\"valueName\":\"search_term_string\"}}],\"inLanguage\":\"da-DK\"},{\"@type\":\"Organization\",\"@id\":\"https:\\\/\\\/cortenstaalverkoop.nl\\\/#organization\",\"name\":\"Cortenstaalverkoop.nl\",\"url\":\"https:\\\/\\\/cortenstaalverkoop.nl\\\/\",\"logo\":{\"@type\":\"ImageObject\",\"inLanguage\":\"da-DK\",\"@id\":\"https:\\\/\\\/cortenstaalverkoop.nl\\\/#\\\/schema\\\/logo\\\/image\\\/\",\"url\":\"https:\\\/\\\/cortenstaalverkoop.nl\\\/wp-content\\\/uploads\\\/2019\\\/11\\\/cortenstaal-logo-1.png\",\"contentUrl\":\"https:\\\/\\\/cortenstaalverkoop.nl\\\/wp-content\\\/uploads\\\/2019\\\/11\\\/cortenstaal-logo-1.png\",\"width\":480,\"height\":163,\"caption\":\"Cortenstaalverkoop.nl\"},\"image\":{\"@id\":\"https:\\\/\\\/cortenstaalverkoop.nl\\\/#\\\/schema\\\/logo\\\/image\\\/\"}}]}<\/script>\n<!-- \/ Yoast SEO plugin. -->","yoast_head_json":{"title":"Corten st\u00e5l BBQ med bagning ring, billige p\u00e5 cortenstaalverkoop.nl","description":"\u2705 Cortenstaal BBQ opfyldt bakring100.\u2705 den bedste kvalitet \u2705 5 \u00e5rs garanti! Bestil din cortenstaal BBQ billige fra cortenstaalverkoop.nl","robots":{"index":"index","follow":"follow","max-snippet":"max-snippet:-1","max-image-preview":"max-image-preview:large","max-video-preview":"max-video-preview:-1"},"canonical":"https:\/\/cortenstaalverkoop.nl\/da\/vare\/cortenstaal-bbq-opfyldt-bakring100\/","og_locale":"da_DK","og_type":"article","og_title":"Cortenstaal BBQ met bakring, goedkoop bij cortenstaalverkoop.nl","og_description":"\u2705 Cortenstaal BBQ met bakring100.\u2705 de beste kwaliteit \u2705 5 jaar garantie! Bestel uw cortenstaal BBQ goedkoop bij cortenstaalverkoop.nl","og_url":"https:\/\/cortenstaalverkoop.nl\/da\/vare\/cortenstaal-bbq-opfyldt-bakring100\/","og_site_name":"Cortenstaalverkoop.nl","article_modified_time":"2026-04-20T16:56:31+00:00","og_image":[{"width":578,"height":518,"url":"https:\/\/cortenstaalverkoop.nl\/wp-content\/uploads\/2023\/05\/BBQ-groot-seareA.png","type":"image\/png"}],"twitter_card":"summary_large_image","twitter_misc":{"Estimeret l\u00e6setid":"2 minutter"},"schema":{"@context":"https:\/\/schema.org","@graph":[{"@type":"WebPage","@id":"https:\/\/cortenstaalverkoop.nl\/product\/cortenstaal-bbq-met-bakring100\/","url":"https:\/\/cortenstaalverkoop.nl\/product\/cortenstaal-bbq-met-bakring100\/","name":"Corten st\u00e5l BBQ med bagning ring, billige p\u00e5 cortenstaalverkoop.nl","isPartOf":{"@id":"https:\/\/cortenstaalverkoop.nl\/#website"},"primaryImageOfPage":{"@id":"https:\/\/cortenstaalverkoop.nl\/product\/cortenstaal-bbq-met-bakring100\/#primaryimage"},"image":{"@id":"https:\/\/cortenstaalverkoop.nl\/product\/cortenstaal-bbq-met-bakring100\/#primaryimage"},"thumbnailUrl":"https:\/\/cortenstaalverkoop.nl\/wp-content\/uploads\/2023\/05\/BBQ-groot-seareA.png","datePublished":"2023-05-04T09:55:13+00:00","dateModified":"2026-04-20T16:56:31+00:00","description":"\u2705 Cortenstaal BBQ opfyldt bakring100.\u2705 den bedste kvalitet \u2705 5 \u00e5rs garanti! Bestil din cortenstaal BBQ billige fra cortenstaalverkoop.nl","breadcrumb":{"@id":"https:\/\/cortenstaalverkoop.nl\/product\/cortenstaal-bbq-met-bakring100\/#breadcrumb"},"inLanguage":"da-DK","potentialAction":[{"@type":"ReadAction","target":["https:\/\/cortenstaalverkoop.nl\/product\/cortenstaal-bbq-met-bakring100\/"]}]},{"@type":"ImageObject","inLanguage":"da-DK","@id":"https:\/\/cortenstaalverkoop.nl\/product\/cortenstaal-bbq-met-bakring100\/#primaryimage","url":"https:\/\/cortenstaalverkoop.nl\/wp-content\/uploads\/2023\/05\/BBQ-groot-seareA.png","contentUrl":"https:\/\/cortenstaalverkoop.nl\/wp-content\/uploads\/2023\/05\/BBQ-groot-seareA.png","width":578,"height":518,"caption":"Cortenstaal BBQ met bakring100"},{"@type":"BreadcrumbList","@id":"https:\/\/cortenstaalverkoop.nl\/product\/cortenstaal-bbq-met-bakring100\/#breadcrumb","itemListElement":[{"@type":"ListItem","position":1,"name":"Home","item":"https:\/\/cortenstaalverkoop.nl\/"},{"@type":"ListItem","position":2,"name":"Assortiment","item":"https:\/\/cortenstaalverkoop.nl\/assortiment-cortenstaal\/"},{"@type":"ListItem","position":3,"name":"Cortenstaal BBQ met bakring100"}]},{"@type":"WebSite","@id":"https:\/\/cortenstaalverkoop.nl\/#website","url":"https:\/\/cortenstaalverkoop.nl\/","name":"Cortenstaalverkoop.nl","description":"den cortenstaal specialist!","publisher":{"@id":"https:\/\/cortenstaalverkoop.nl\/#organization"},"potentialAction":[{"@type":"SearchAction","target":{"@type":"EntryPoint","urlTemplate":"https:\/\/cortenstaalverkoop.nl\/?s={search_term_string}"},"query-input":{"@type":"PropertyValueSpecification","valueRequired":true,"valueName":"search_term_string"}}],"inLanguage":"da-DK"},{"@type":"Organization","@id":"https:\/\/cortenstaalverkoop.nl\/#organization","name":"Cortenstaalverkoop.nl","url":"https:\/\/cortenstaalverkoop.nl\/","logo":{"@type":"ImageObject","inLanguage":"da-DK","@id":"https:\/\/cortenstaalverkoop.nl\/#\/schema\/logo\/image\/","url":"https:\/\/cortenstaalverkoop.nl\/wp-content\/uploads\/2019\/11\/cortenstaal-logo-1.png","contentUrl":"https:\/\/cortenstaalverkoop.nl\/wp-content\/uploads\/2019\/11\/cortenstaal-logo-1.png","width":480,"height":163,"caption":"Cortenstaalverkoop.nl"},"image":{"@id":"https:\/\/cortenstaalverkoop.nl\/#\/schema\/logo\/image\/"}}]}},"_links":{"self":[{"href":"https:\/\/cortenstaalverkoop.nl\/da\/wp-json\/wp\/v2\/product\/9334","targetHints":{"allow":["GET"]}}],"collection":[{"href":"https:\/\/cortenstaalverkoop.nl\/da\/wp-json\/wp\/v2\/product"}],"about":[{"href":"https:\/\/cortenstaalverkoop.nl\/da\/wp-json\/wp\/v2\/types\/product"}],"version-history":[{"count":16,"href":"https:\/\/cortenstaalverkoop.nl\/da\/wp-json\/wp\/v2\/product\/9334\/revisions"}],"predecessor-version":[{"id":11197,"href":"https:\/\/cortenstaalverkoop.nl\/da\/wp-json\/wp\/v2\/product\/9334\/revisions\/11197"}],"wp:featuredmedia":[{"embeddable":true,"href":"https:\/\/cortenstaalverkoop.nl\/da\/wp-json\/wp\/v2\/media\/9355"}],"wp:attachment":[{"href":"https:\/\/cortenstaalverkoop.nl\/da\/wp-json\/wp\/v2\/media?parent=9334"}],"wp:term":[{"taxonomy":"product_brand","embeddable":true,"href":"https:\/\/cortenstaalverkoop.nl\/da\/wp-json\/wp\/v2\/product_brand?post=9334"},{"taxonomy":"product_cat","embeddable":true,"href":"https:\/\/cortenstaalverkoop.nl\/da\/wp-json\/wp\/v2\/product_cat?post=9334"},{"taxonomy":"product_tag","embeddable":true,"href":"https:\/\/cortenstaalverkoop.nl\/da\/wp-json\/wp\/v2\/product_tag?post=9334"}],"curies":[{"name":"wp","href":"https:\/\/api.w.org\/{rel}","templated":true}]}}