{"id":9541,"date":"2023-06-27T14:18:49","date_gmt":"2023-06-27T12:18:49","guid":{"rendered":"https:\/\/cortenstaalverkoop.nl\/?post_type=product&#038;p=9541"},"modified":"2026-04-20T16:08:25","modified_gmt":"2026-04-20T14:08:25","slug":"arbejdsbord-af-cortenstal","status":"publish","type":"product","link":"https:\/\/cortenstaalverkoop.nl\/da\/product\/cortenstaal-onderstel\/","title":{"rendered":"arbejdsbord af cortenstal"},"content":{"rendered":"<p>Vores arbejdsbord af cortenstal er ekstra dybt, og derfor perfekt egnet til at placere en pizza ovn. De er et ideelt supplement til vores <a href=\"https:\/\/cortenstaalverkoop.nl\/product\/cortenstaal-bbq-met-bakring100\/\" target=\"_blank\" rel=\"noopener\">BBQ opfyldt bakring<\/a> modeller, takket v\u00e6re deres varmt og bl\u00f8dt design som passer godt sammen. Med hj\u00e6lp af denne Corten st\u00e5l base, du altid har plads nok til din r\u00e5dighed for at forberede den mest velsmagende retter. Baser er ikke kun funktionel, men ogs\u00e5 tilf\u00f8je en smuk element til din udend\u00f8rs k\u00f8kken. De er f\u00e6rdige med sig, som kan ses fra de t\u00e6t sluttede kurver. De elegante kurver giver det hele en varm og indbydende udseende. Hertil kommer, at grundlaget er udstyret med praktisk opbevaring indstillinger i bunden, hvor du kan gemme tr\u00e6, for eksempel. Du kan bestille baser i to forskellige st\u00f8rrelser, s\u00e5 du kan v\u00e6lge hvad der passer bedst til dine behov.<\/p>\n<h4><strong>Specifikationer:<\/strong><\/h4>\n<ul>\n<li>5 \u00e5rs garanti.<\/li>\n<li>Produkter, der er leveret rustne.<\/li>\n<li>F\u00e5s i to forskellige st\u00f8rrelser.<\/li>\n<li>F\u00e6rdig med bambus elementer. Bambus naturligvis n\u00e6ppe udvider sig og tr\u00e6kker marginalt.<\/li>\n<\/ul>\n<h4><strong>Vedligeholdelse:<\/strong><\/h4>\n<ul>\n<li>\u00c5rlig reng\u00f8ring af spr\u00f8jte groft snavs p\u00e5 produktet med vand fra hanen.<\/li>\n<li>Rust kan l\u00f8ses ved at anvende Owatrol. Dette er en gennemtr\u00e6ngende anti-rust agent, der danner et beskyttende lag mod rust. Owatrol beskytter produktet og sikrer, at Corten st\u00e5l ikke l\u00e6ngere udsender.<\/li>\n<\/ul>\n<p><strong>Oplysninger om produktet cortenstaal:<\/strong><br \/>\n<a href=\"https:\/\/nl.wikipedia.org\/wiki\/Cortenstaal\" target=\"_blank\" rel=\"noopener noreferrer\">Cor-Ten st\u00e5l<\/a>\u00a0ogs\u00e5 kendt som vejrlig st\u00e5l. Det er et metal, en legering, der best\u00e5r af jern, som kobber, silicium, nikkel og krom er blevet tilf\u00f8jet. Cor-Ten er derfor en meget st\u00e6rk type af st\u00e5l, der har den egenskab at d\u00e6kke sig med et beskyttende lag rust, n\u00e5r de uds\u00e6ttes for luft udefra. Efter at dette lag udg\u00f8r en beskyttelse mod yderligere korrosion. Karakteristisk for Corten st\u00e5l er orange-brun rust farve og lang levetid.<\/p>","protected":false},"excerpt":{"rendered":"<p>Vores Corten st\u00e5l base er ekstra dybt, og derfor perfekt egnet til at placere en pizza ovn. I bunden af kabinettet er der plads til opbevaring, for eksempel elementer, k\u00f8kken og tr\u00e6. H\u00f8jde 75 cm. Dybden er 83.5 cm. Til salg i to forskellige l\u00e6ngder: 119 cm eller 199 cm.<\/p>\n<ul>\n<li>Dette Corten st\u00e5l chassis er leveres rustne.<\/li>\n<li>5 \u00e5rs garanti.<\/li>\n<li>F\u00e6rdig med bambus elementer. Bambus naturligvis n\u00e6ppe udvider sig og tr\u00e6kker marginalt.<\/li>\n<li>F\u00e5s ogs\u00e5 med hjul, s\u00e5ledes at produktet er let at flytte.<\/li>\n<\/ul>","protected":false},"featured_media":9545,"template":"","meta":{"site-sidebar-layout":"default","site-content-layout":"default","ast-site-content-layout":"default","site-content-style":"default","site-sidebar-style":"default","ast-global-header-display":"","ast-banner-title-visibility":"","ast-main-header-display":"","ast-hfb-above-header-display":"","ast-hfb-below-header-display":"","ast-hfb-mobile-header-display":"","site-post-title":"","ast-breadcrumbs-content":"","ast-featured-img":"","footer-sml-layout":"","ast-disable-related-posts":"","theme-transparent-header-meta":"default","adv-header-id-meta":"","stick-header-meta":"","header-above-stick-meta":"","header-main-stick-meta":"","header-below-stick-meta":"","astra-migrate-meta-layouts":"set","ast-page-background-enabled":"default","ast-page-background-meta":{"desktop":{"background-color":"","background-image":"","background-repeat":"repeat","background-position":"center center","background-size":"auto","background-attachment":"scroll","background-type":"","background-media":"","overlay-type":"","overlay-color":"","overlay-opacity":"","overlay-gradient":""},"tablet":{"background-color":"","background-image":"","background-repeat":"repeat","background-position":"center center","background-size":"auto","background-attachment":"scroll","background-type":"","background-media":"","overlay-type":"","overlay-color":"","overlay-opacity":"","overlay-gradient":""},"mobile":{"background-color":"","background-image":"","background-repeat":"repeat","background-position":"center center","background-size":"auto","background-attachment":"scroll","background-type":"","background-media":"","overlay-type":"","overlay-color":"","overlay-opacity":"","overlay-gradient":""}},"ast-content-background-meta":{"desktop":{"background-color":"var(--ast-global-color-5)","background-image":"","background-repeat":"repeat","background-position":"center center","background-size":"auto","background-attachment":"scroll","background-type":"","background-media":"","overlay-type":"","overlay-color":"","overlay-opacity":"","overlay-gradient":""},"tablet":{"background-color":"var(--ast-global-color-5)","background-image":"","background-repeat":"repeat","background-position":"center center","background-size":"auto","background-attachment":"scroll","background-type":"","background-media":"","overlay-type":"","overlay-color":"","overlay-opacity":"","overlay-gradient":""},"mobile":{"background-color":"var(--ast-global-color-5)","background-image":"","background-repeat":"repeat","background-position":"center center","background-size":"auto","background-attachment":"scroll","background-type":"","background-media":"","overlay-type":"","overlay-color":"","overlay-opacity":"","overlay-gradient":""}}},"product_brand":[],"product_cat":[61,58],"product_tag":[],"class_list":{"0":"post-9541","1":"product","2":"type-product","3":"status-publish","4":"has-post-thumbnail","6":"product_cat-cortenstaal-tuininrichting","7":"product_cat-cortenstaal-vuurelementen","8":"product_shipping_class-transport-light","9":"desktop-align-left","10":"tablet-align-left","11":"mobile-align-left","13":"first","14":"instock","15":"taxable","16":"shipping-taxable","17":"purchasable","18":"product-type-variable"},"yoast_head":"<!-- This site is optimized with the Yoast SEO plugin v27.4 - https:\/\/yoast.com\/product\/yoast-seo-wordpress\/ -->\n<title>Cortenstaal onderstel, goedkoop bij cortenstaalverkoop.nl<\/title>\n<meta name=\"description\" content=\"\u2705 Cortenstaal onderstel \u2705de beste kwaliteit \u2705 5 jaar garantie! Bestel uw cortenstaal onderstel goedkoop bij cortenstaalverkoop.nl\" \/>\n<meta name=\"robots\" content=\"index, follow, max-snippet:-1, max-image-preview:large, max-video-preview:-1\" \/>\n<link rel=\"canonical\" href=\"https:\/\/cortenstaalverkoop.nl\/da\/vare\/arbejdsbord-af-cortenstal\/\" \/>\n<meta property=\"og:locale\" content=\"da_DK\" \/>\n<meta property=\"og:type\" content=\"article\" \/>\n<meta property=\"og:title\" content=\"Cortenstaal onderstel, goedkoop bij cortenstaalverkoop.nl\" \/>\n<meta property=\"og:description\" content=\"\u2705 Cortenstaal onderstel \u2705de beste kwaliteit \u2705 5 jaar garantie! Bestel uw cortenstaal onderstel goedkoop bij cortenstaalverkoop.nl\" \/>\n<meta property=\"og:url\" content=\"https:\/\/cortenstaalverkoop.nl\/da\/vare\/arbejdsbord-af-cortenstal\/\" \/>\n<meta property=\"og:site_name\" content=\"Cortenstaalverkoop.nl\" \/>\n<meta property=\"article:modified_time\" content=\"2026-04-20T14:08:25+00:00\" \/>\n<meta property=\"og:image\" content=\"https:\/\/cortenstaalverkoop.nl\/wp-content\/uploads\/2023\/06\/station-met-vakken.png\" \/>\n\t<meta property=\"og:image:width\" content=\"637\" \/>\n\t<meta property=\"og:image:height\" content=\"552\" \/>\n\t<meta property=\"og:image:type\" content=\"image\/png\" \/>\n<meta name=\"twitter:card\" content=\"summary_large_image\" \/>\n<meta name=\"twitter:label1\" content=\"Estimeret l\u00e6setid\" \/>\n\t<meta name=\"twitter:data1\" content=\"2 minutter\" \/>\n<script type=\"application\/ld+json\" class=\"yoast-schema-graph\">{\"@context\":\"https:\\\/\\\/schema.org\",\"@graph\":[{\"@type\":\"WebPage\",\"@id\":\"https:\\\/\\\/cortenstaalverkoop.nl\\\/product\\\/cortenstaal-onderstel\\\/\",\"url\":\"https:\\\/\\\/cortenstaalverkoop.nl\\\/product\\\/cortenstaal-onderstel\\\/\",\"name\":\"Cortenstaal onderstel, goedkoop bij cortenstaalverkoop.nl\",\"isPartOf\":{\"@id\":\"https:\\\/\\\/cortenstaalverkoop.nl\\\/#website\"},\"primaryImageOfPage\":{\"@id\":\"https:\\\/\\\/cortenstaalverkoop.nl\\\/product\\\/cortenstaal-onderstel\\\/#primaryimage\"},\"image\":{\"@id\":\"https:\\\/\\\/cortenstaalverkoop.nl\\\/product\\\/cortenstaal-onderstel\\\/#primaryimage\"},\"thumbnailUrl\":\"https:\\\/\\\/cortenstaalverkoop.nl\\\/wp-content\\\/uploads\\\/2023\\\/06\\\/station-met-vakken.png\",\"datePublished\":\"2023-06-27T12:18:49+00:00\",\"dateModified\":\"2026-04-20T14:08:25+00:00\",\"description\":\"\u2705 Cortenstaal onderstel \u2705de beste kwaliteit \u2705 5 jaar garantie! Bestel uw cortenstaal onderstel goedkoop bij cortenstaalverkoop.nl\",\"breadcrumb\":{\"@id\":\"https:\\\/\\\/cortenstaalverkoop.nl\\\/product\\\/cortenstaal-onderstel\\\/#breadcrumb\"},\"inLanguage\":\"da-DK\",\"potentialAction\":[{\"@type\":\"ReadAction\",\"target\":[\"https:\\\/\\\/cortenstaalverkoop.nl\\\/product\\\/cortenstaal-onderstel\\\/\"]}]},{\"@type\":\"ImageObject\",\"inLanguage\":\"da-DK\",\"@id\":\"https:\\\/\\\/cortenstaalverkoop.nl\\\/product\\\/cortenstaal-onderstel\\\/#primaryimage\",\"url\":\"https:\\\/\\\/cortenstaalverkoop.nl\\\/wp-content\\\/uploads\\\/2023\\\/06\\\/station-met-vakken.png\",\"contentUrl\":\"https:\\\/\\\/cortenstaalverkoop.nl\\\/wp-content\\\/uploads\\\/2023\\\/06\\\/station-met-vakken.png\",\"width\":637,\"height\":552,\"caption\":\"Cortenstaal onderstel\"},{\"@type\":\"BreadcrumbList\",\"@id\":\"https:\\\/\\\/cortenstaalverkoop.nl\\\/product\\\/cortenstaal-onderstel\\\/#breadcrumb\",\"itemListElement\":[{\"@type\":\"ListItem\",\"position\":1,\"name\":\"Home\",\"item\":\"https:\\\/\\\/cortenstaalverkoop.nl\\\/\"},{\"@type\":\"ListItem\",\"position\":2,\"name\":\"Assortiment\",\"item\":\"https:\\\/\\\/cortenstaalverkoop.nl\\\/assortiment-cortenstaal\\\/\"},{\"@type\":\"ListItem\",\"position\":3,\"name\":\"Cortenstaal onderstel\"}]},{\"@type\":\"WebSite\",\"@id\":\"https:\\\/\\\/cortenstaalverkoop.nl\\\/#website\",\"url\":\"https:\\\/\\\/cortenstaalverkoop.nl\\\/\",\"name\":\"Cortenstaalverkoop.nl\",\"description\":\"de cortenstaal specialist!\",\"publisher\":{\"@id\":\"https:\\\/\\\/cortenstaalverkoop.nl\\\/#organization\"},\"potentialAction\":[{\"@type\":\"SearchAction\",\"target\":{\"@type\":\"EntryPoint\",\"urlTemplate\":\"https:\\\/\\\/cortenstaalverkoop.nl\\\/?s={search_term_string}\"},\"query-input\":{\"@type\":\"PropertyValueSpecification\",\"valueRequired\":true,\"valueName\":\"search_term_string\"}}],\"inLanguage\":\"da-DK\"},{\"@type\":\"Organization\",\"@id\":\"https:\\\/\\\/cortenstaalverkoop.nl\\\/#organization\",\"name\":\"Cortenstaalverkoop.nl\",\"url\":\"https:\\\/\\\/cortenstaalverkoop.nl\\\/\",\"logo\":{\"@type\":\"ImageObject\",\"inLanguage\":\"da-DK\",\"@id\":\"https:\\\/\\\/cortenstaalverkoop.nl\\\/#\\\/schema\\\/logo\\\/image\\\/\",\"url\":\"https:\\\/\\\/cortenstaalverkoop.nl\\\/wp-content\\\/uploads\\\/2019\\\/11\\\/cortenstaal-logo-1.png\",\"contentUrl\":\"https:\\\/\\\/cortenstaalverkoop.nl\\\/wp-content\\\/uploads\\\/2019\\\/11\\\/cortenstaal-logo-1.png\",\"width\":480,\"height\":163,\"caption\":\"Cortenstaalverkoop.nl\"},\"image\":{\"@id\":\"https:\\\/\\\/cortenstaalverkoop.nl\\\/#\\\/schema\\\/logo\\\/image\\\/\"}}]}<\/script>\n<!-- \/ Yoast SEO plugin. -->","yoast_head_json":{"title":"Cortenstaal onderstel, goedkoop bij cortenstaalverkoop.nl","description":"\u2705 Cortenstaal onderstel \u2705de beste kwaliteit \u2705 5 jaar garantie! Bestel uw cortenstaal onderstel goedkoop bij cortenstaalverkoop.nl","robots":{"index":"index","follow":"follow","max-snippet":"max-snippet:-1","max-image-preview":"max-image-preview:large","max-video-preview":"max-video-preview:-1"},"canonical":"https:\/\/cortenstaalverkoop.nl\/da\/vare\/arbejdsbord-af-cortenstal\/","og_locale":"da_DK","og_type":"article","og_title":"Cortenstaal onderstel, goedkoop bij cortenstaalverkoop.nl","og_description":"\u2705 Cortenstaal onderstel \u2705de beste kwaliteit \u2705 5 jaar garantie! Bestel uw cortenstaal onderstel goedkoop bij cortenstaalverkoop.nl","og_url":"https:\/\/cortenstaalverkoop.nl\/da\/vare\/arbejdsbord-af-cortenstal\/","og_site_name":"Cortenstaalverkoop.nl","article_modified_time":"2026-04-20T14:08:25+00:00","og_image":[{"width":637,"height":552,"url":"https:\/\/cortenstaalverkoop.nl\/wp-content\/uploads\/2023\/06\/station-met-vakken.png","type":"image\/png"}],"twitter_card":"summary_large_image","twitter_misc":{"Estimeret l\u00e6setid":"2 minutter"},"schema":{"@context":"https:\/\/schema.org","@graph":[{"@type":"WebPage","@id":"https:\/\/cortenstaalverkoop.nl\/product\/cortenstaal-onderstel\/","url":"https:\/\/cortenstaalverkoop.nl\/product\/cortenstaal-onderstel\/","name":"Cortenstaal onderstel, goedkoop bij cortenstaalverkoop.nl","isPartOf":{"@id":"https:\/\/cortenstaalverkoop.nl\/#website"},"primaryImageOfPage":{"@id":"https:\/\/cortenstaalverkoop.nl\/product\/cortenstaal-onderstel\/#primaryimage"},"image":{"@id":"https:\/\/cortenstaalverkoop.nl\/product\/cortenstaal-onderstel\/#primaryimage"},"thumbnailUrl":"https:\/\/cortenstaalverkoop.nl\/wp-content\/uploads\/2023\/06\/station-met-vakken.png","datePublished":"2023-06-27T12:18:49+00:00","dateModified":"2026-04-20T14:08:25+00:00","description":"\u2705 Cortenstaal onderstel \u2705de beste kwaliteit \u2705 5 jaar garantie! Bestel uw cortenstaal onderstel goedkoop bij cortenstaalverkoop.nl","breadcrumb":{"@id":"https:\/\/cortenstaalverkoop.nl\/product\/cortenstaal-onderstel\/#breadcrumb"},"inLanguage":"da-DK","potentialAction":[{"@type":"ReadAction","target":["https:\/\/cortenstaalverkoop.nl\/product\/cortenstaal-onderstel\/"]}]},{"@type":"ImageObject","inLanguage":"da-DK","@id":"https:\/\/cortenstaalverkoop.nl\/product\/cortenstaal-onderstel\/#primaryimage","url":"https:\/\/cortenstaalverkoop.nl\/wp-content\/uploads\/2023\/06\/station-met-vakken.png","contentUrl":"https:\/\/cortenstaalverkoop.nl\/wp-content\/uploads\/2023\/06\/station-met-vakken.png","width":637,"height":552,"caption":"Cortenstaal onderstel"},{"@type":"BreadcrumbList","@id":"https:\/\/cortenstaalverkoop.nl\/product\/cortenstaal-onderstel\/#breadcrumb","itemListElement":[{"@type":"ListItem","position":1,"name":"Home","item":"https:\/\/cortenstaalverkoop.nl\/"},{"@type":"ListItem","position":2,"name":"Assortiment","item":"https:\/\/cortenstaalverkoop.nl\/assortiment-cortenstaal\/"},{"@type":"ListItem","position":3,"name":"Cortenstaal onderstel"}]},{"@type":"WebSite","@id":"https:\/\/cortenstaalverkoop.nl\/#website","url":"https:\/\/cortenstaalverkoop.nl\/","name":"Cortenstaalverkoop.nl","description":"den cortenstaal specialist!","publisher":{"@id":"https:\/\/cortenstaalverkoop.nl\/#organization"},"potentialAction":[{"@type":"SearchAction","target":{"@type":"EntryPoint","urlTemplate":"https:\/\/cortenstaalverkoop.nl\/?s={search_term_string}"},"query-input":{"@type":"PropertyValueSpecification","valueRequired":true,"valueName":"search_term_string"}}],"inLanguage":"da-DK"},{"@type":"Organization","@id":"https:\/\/cortenstaalverkoop.nl\/#organization","name":"Cortenstaalverkoop.nl","url":"https:\/\/cortenstaalverkoop.nl\/","logo":{"@type":"ImageObject","inLanguage":"da-DK","@id":"https:\/\/cortenstaalverkoop.nl\/#\/schema\/logo\/image\/","url":"https:\/\/cortenstaalverkoop.nl\/wp-content\/uploads\/2019\/11\/cortenstaal-logo-1.png","contentUrl":"https:\/\/cortenstaalverkoop.nl\/wp-content\/uploads\/2019\/11\/cortenstaal-logo-1.png","width":480,"height":163,"caption":"Cortenstaalverkoop.nl"},"image":{"@id":"https:\/\/cortenstaalverkoop.nl\/#\/schema\/logo\/image\/"}}]}},"_links":{"self":[{"href":"https:\/\/cortenstaalverkoop.nl\/da\/wp-json\/wp\/v2\/product\/9541","targetHints":{"allow":["GET"]}}],"collection":[{"href":"https:\/\/cortenstaalverkoop.nl\/da\/wp-json\/wp\/v2\/product"}],"about":[{"href":"https:\/\/cortenstaalverkoop.nl\/da\/wp-json\/wp\/v2\/types\/product"}],"version-history":[{"count":3,"href":"https:\/\/cortenstaalverkoop.nl\/da\/wp-json\/wp\/v2\/product\/9541\/revisions"}],"predecessor-version":[{"id":11198,"href":"https:\/\/cortenstaalverkoop.nl\/da\/wp-json\/wp\/v2\/product\/9541\/revisions\/11198"}],"wp:featuredmedia":[{"embeddable":true,"href":"https:\/\/cortenstaalverkoop.nl\/da\/wp-json\/wp\/v2\/media\/9545"}],"wp:attachment":[{"href":"https:\/\/cortenstaalverkoop.nl\/da\/wp-json\/wp\/v2\/media?parent=9541"}],"wp:term":[{"taxonomy":"product_brand","embeddable":true,"href":"https:\/\/cortenstaalverkoop.nl\/da\/wp-json\/wp\/v2\/product_brand?post=9541"},{"taxonomy":"product_cat","embeddable":true,"href":"https:\/\/cortenstaalverkoop.nl\/da\/wp-json\/wp\/v2\/product_cat?post=9541"},{"taxonomy":"product_tag","embeddable":true,"href":"https:\/\/cortenstaalverkoop.nl\/da\/wp-json\/wp\/v2\/product_tag?post=9541"}],"curies":[{"name":"wp","href":"https:\/\/api.w.org\/{rel}","templated":true}]}}