{"id":10134,"date":"2024-07-03T13:09:31","date_gmt":"2024-07-03T11:09:31","guid":{"rendered":"https:\/\/cortenstaalverkoop.nl\/?post_type=product&#038;p=10134"},"modified":"2026-04-13T12:35:24","modified_gmt":"2026-04-13T10:35:24","slug":"cortenstahl-holzlager-quadratisch","status":"publish","type":"product","link":"https:\/\/cortenstaalverkoop.nl\/de\/product\/cortenstaal-houtopslag-vierkant\/","title":{"rendered":"Cortenstahl Holzlager quadratisch"},"content":{"rendered":"<h3>Cortenstahl Holzlager quadratisch<\/h3>\n<p data-start=\"147\" data-end=\"444\">Mit diesem Corten steel wood storage square, die Sie sofort w\u00e4hlen Sie ein schlankes und stilvolles element in Ihrem Garten. <strong data-start=\"250\" data-end=\"261\">Dank<\/strong> das minimalistische design macht dieses Holz Lagerung ein echter eye-catcher an Ihrer Wand. <strong data-start=\"356\" data-end=\"369\">Neben<\/strong> einfach und \u00fcbersichtlich stapeln Sie Ihr Brennholz in die quadratischen F\u00e4cher.<\/p>\n<p data-start=\"446\" data-end=\"733\"><strong data-start=\"446\" data-end=\"460\">Erste<\/strong> Sie k\u00f6nnen leicht h\u00e4ngen Holz Lagerung an der Wand. <strong data-start=\"511\" data-end=\"525\">Dann<\/strong> zum Beispiel die pre-gebohrt Montage L\u00f6cher, sicherzustellen, dass Sie befestigen Sie das Holz Lagerung schnell und fest. <strong data-start=\"615\" data-end=\"627\">Da dieses<\/strong> Sie k\u00f6nnen drehen eine langweilige Wand in einen attraktiven und praktischen Teil Ihrer outdoor space in no time.<\/p>\n<p data-start=\"735\" data-end=\"1005\"><strong data-start=\"735\" data-end=\"750\">Nicht nur<\/strong> h\u00e4lt Ihr Holz sauber,trocken, <strong data-start=\"780\" data-end=\"792\">aber auch<\/strong> geben Sie Ihrem Garten ein warmes und nat\u00fcrliches Aussehen. <strong data-start=\"854\" data-end=\"867\">Auch<\/strong> k\u00f6nnen Sie einfach verbinden Sie das Holz Lagerung mit einem unserer <a href=\"https:\/\/cortenstaalverkoop.nl\/product\/cortenstaal-buitenhaard-mel\/\" target=\"_blank\" rel=\"noopener\">Kamine<\/a> oder <a href=\"https:\/\/cortenstaalverkoop.nl\/product\/cortenstaal-vuurschaal\/\" target=\"_blank\" rel=\"noopener\">Feuerschalen<\/a>, <strong data-start=\"948\" data-end=\"960\">erlauben<\/strong> erstellen Sie ein vollst\u00e4ndiges und harmonisches ganzes.<\/p>\n<p data-start=\"1007\" data-end=\"1429\">Die holzlagerung ist aus 3 mm dickem Corten-Stahl. <strong data-start=\"1058\" data-end=\"1071\">Standard<\/strong> Sie erhalten das Produkt unroasted. <strong data-start=\"1106\" data-end=\"1120\">Dann<\/strong> f\u00fcr Beispiel, die Exposition gegen\u00fcber wind und Wetter verursacht die charakteristischen Rost Prozess zu beginnen, auf Ihre eigenen. <strong data-start=\"1223\" data-end=\"1246\">Im Laufe der Zeit<\/strong>, in der Regel nach 4 bis 5 Monaten, die Holz Lagerung erreicht seine volle, warme Rost Farbe. <strong data-start=\"1332\" data-end=\"1343\">Hinweis:<\/strong> w\u00e4hrend dieses Prozesses wird das material kann vor\u00fcbergehend release; <strong data-start=\"1400\" data-end=\"1410\">dann<\/strong> dies wird verhindern, dass von selbst.<\/p>\n<p data-start=\"1484\" data-end=\"1498\"><strong data-start=\"1484\" data-end=\"1498\">Pluspunkte<\/strong><\/p>\n<ul data-start=\"1499\" data-end=\"1720\">\n<li data-section-id=\"7xo7h\" data-start=\"1499\" data-end=\"1541\">\n<p data-start=\"1501\" data-end=\"1541\">Sehr starke, Verschlei\u00df-und wartungsarm<\/p>\n<\/li>\n<li data-section-id=\"qpd8rb\" data-start=\"1542\" data-end=\"1579\">\n<p data-start=\"1544\" data-end=\"1579\">Extra verst\u00e4rkt gegen Verformung<\/p>\n<\/li>\n<li data-section-id=\"swh58l\" data-start=\"1580\" data-end=\"1618\">\n<p data-start=\"1582\" data-end=\"1618\">Ausgestattet mit \u00f6ffnungen f\u00fcr die Wandmontage<\/p>\n<\/li>\n<li data-section-id=\"rzcd5c\" data-start=\"1619\" data-end=\"1653\">\n<p data-start=\"1621\" data-end=\"1653\">In warmen, nat\u00fcrlichen look<\/p>\n<\/li>\n<li data-section-id=\"1n45s66\" data-start=\"1654\" data-end=\"1690\">\n<p data-start=\"1656\" data-end=\"1690\">Aus 3 mm dickem Corten-Stahl<\/p>\n<\/li>\n<li data-section-id=\"rbb8le\" data-start=\"1691\" data-end=\"1720\">\n<p data-start=\"1693\" data-end=\"1720\">Inklusive 5 Jahre Garantie<\/p>\n<\/li>\n<\/ul>\n<p><strong data-start=\"1727\" data-end=\"1754\">Wichtig f\u00fcr Lieferung<\/strong><br data-start=\"1754\" data-end=\"1757\" \/>Packen Sie das Produkt sofort nach Erhalt. Dies verhindert, dass Feuchtigkeit aus immer stecken zwischen die Paket und die Produkt, die kann verursachen Flecken oder ungleichm\u00e4\u00dfige rosten.<\/p>\n<h5>Produktinfo Cortenstahl:<\/h5>\n<p><a href=\"https:\/\/nl.wikipedia.org\/wiki\/Cortenstaal\" target=\"_blank\" rel=\"noopener noreferrer\">Cor-Ten-Stahl<\/a> auch als wetterfester Stahl bekannt. Es handelt sich um eine Metalllegierung aus Eisen, dem Kupfer, Silizium, Nickel und Chrom zugesetzt wurden. Cortenstahl ist eine sehr feste Stahlsorte. Denn es hat die Eigenschaft, sich an der Au\u00dfenluft mit einer sch\u00fctzenden Rostschicht zu bedecken. Diese nat\u00fcrliche feste Rostschicht bildet den Schutz gegen weitere Korrosion.<\/p>\n<p>F\u00fcr Lieferungen nach Deutschland und \u00d6sterreich gelten folgende Versandkosten pro Gesamtbestellung: kleine Pakete \u20ac45, leichter Transport \u20ac80, Standardtransport \u20ac280 und Schwertransport \u20ac380 (inklusive Lieferung mit Mitnahmestapler)<\/p>","protected":false},"excerpt":{"rendered":"<p>Die Cortenstahl Holzlager quadratisch ist eine solide Holz-Speicher, wo Sie k\u00f6nnen speichern Sie Ihre Kamin Holz. Nicht nur Ihr Holz trocken bleiben, Ihren gesamten Garten bekommt ein anderes Aussehen. Dieses Corten Stahl Holz Lagerung kann auch verwendet werden als Garten h\u00e4ngende Schrank. Aus 3 mm dickem Corten-Stahl. Die sch\u00fctzende rostschicht variiert von warmem orange bis r\u00f6tlich-Braun und verleiht Ihrem Garten einen sch\u00f6nen industriellen touch.<\/p>\n<p>Die Holzlager quadratisch sind ausgestattet mit einem umgebauten Rand von 50 mm auf der R\u00fcckseite mit h\u00e4ngenden L\u00f6chern als standard.<\/p>\n<p><strong>Tiefe 40 cm.\u00a0<\/strong><\/p>","protected":false},"featured_media":6922,"template":"","meta":{"site-sidebar-layout":"default","site-content-layout":"default","ast-site-content-layout":"default","site-content-style":"default","site-sidebar-style":"default","ast-global-header-display":"","ast-banner-title-visibility":"","ast-main-header-display":"","ast-hfb-above-header-display":"","ast-hfb-below-header-display":"","ast-hfb-mobile-header-display":"","site-post-title":"","ast-breadcrumbs-content":"","ast-featured-img":"","footer-sml-layout":"","ast-disable-related-posts":"","theme-transparent-header-meta":"default","adv-header-id-meta":"","stick-header-meta":"","header-above-stick-meta":"","header-main-stick-meta":"","header-below-stick-meta":"","astra-migrate-meta-layouts":"set","ast-page-background-enabled":"default","ast-page-background-meta":{"desktop":{"background-color":"","background-image":"","background-repeat":"repeat","background-position":"center center","background-size":"auto","background-attachment":"scroll","background-type":"","background-media":"","overlay-type":"","overlay-color":"","overlay-opacity":"","overlay-gradient":""},"tablet":{"background-color":"","background-image":"","background-repeat":"repeat","background-position":"center center","background-size":"auto","background-attachment":"scroll","background-type":"","background-media":"","overlay-type":"","overlay-color":"","overlay-opacity":"","overlay-gradient":""},"mobile":{"background-color":"","background-image":"","background-repeat":"repeat","background-position":"center center","background-size":"auto","background-attachment":"scroll","background-type":"","background-media":"","overlay-type":"","overlay-color":"","overlay-opacity":"","overlay-gradient":""}},"ast-content-background-meta":{"desktop":{"background-color":"var(--ast-global-color-5)","background-image":"","background-repeat":"repeat","background-position":"center center","background-size":"auto","background-attachment":"scroll","background-type":"","background-media":"","overlay-type":"","overlay-color":"","overlay-opacity":"","overlay-gradient":""},"tablet":{"background-color":"var(--ast-global-color-5)","background-image":"","background-repeat":"repeat","background-position":"center center","background-size":"auto","background-attachment":"scroll","background-type":"","background-media":"","overlay-type":"","overlay-color":"","overlay-opacity":"","overlay-gradient":""},"mobile":{"background-color":"var(--ast-global-color-5)","background-image":"","background-repeat":"repeat","background-position":"center center","background-size":"auto","background-attachment":"scroll","background-type":"","background-media":"","overlay-type":"","overlay-color":"","overlay-opacity":"","overlay-gradient":""}}},"product_brand":[],"product_cat":[61,58],"product_tag":[],"class_list":{"0":"post-10134","1":"product","2":"type-product","3":"status-publish","4":"has-post-thumbnail","6":"product_cat-cortenstaal-tuininrichting","7":"product_cat-cortenstaal-vuurelementen","8":"product_shipping_class-fritom","9":"desktop-align-left","10":"tablet-align-left","11":"mobile-align-left","13":"first","14":"instock","15":"taxable","16":"shipping-taxable","17":"purchasable","18":"product-type-variable"},"yoast_head":"<!-- This site is optimized with the Yoast SEO plugin v27.4 - https:\/\/yoast.com\/product\/yoast-seo-wordpress\/ -->\n<title>Cortenstaal houtopslag vierkant koopt u bij cortenstaalverkoop.nl<\/title>\n<meta name=\"description\" content=\"\u2705 Cortenstaal houtopslag vierkant.\u2705 de beste kwaliteit \u2705 5 jaar garantie! Bestel uw cortenstaal houtopslag goedkoop bij cortenstaalverkoop.nl\" \/>\n<meta name=\"robots\" content=\"index, follow, max-snippet:-1, max-image-preview:large, max-video-preview:-1\" \/>\n<link rel=\"canonical\" href=\"https:\/\/cortenstaalverkoop.nl\/de\/produkt\/cortenstahl-holzlager-quadratisch\/\" \/>\n<meta property=\"og:locale\" content=\"de_DE\" \/>\n<meta property=\"og:type\" content=\"article\" \/>\n<meta property=\"og:title\" content=\"Cortenstaal houtopslag vierkant koopt u bij cortenstaalverkoop.nl\" \/>\n<meta property=\"og:description\" content=\"\u2705 Cortenstaal houtopslag vierkant.\u2705 de beste kwaliteit \u2705 5 jaar garantie! Bestel uw cortenstaal houtopslag goedkoop bij cortenstaalverkoop.nl\" \/>\n<meta property=\"og:url\" content=\"https:\/\/cortenstaalverkoop.nl\/de\/produkt\/cortenstahl-holzlager-quadratisch\/\" \/>\n<meta property=\"og:site_name\" content=\"Cortenstaalverkoop.nl\" \/>\n<meta property=\"article:modified_time\" content=\"2026-04-13T10:35:24+00:00\" \/>\n<meta property=\"og:image\" content=\"https:\/\/cortenstaalverkoop.nl\/wp-content\/uploads\/2022\/02\/houtopslag-BHSS2.png\" \/>\n\t<meta property=\"og:image:width\" content=\"699\" \/>\n\t<meta property=\"og:image:height\" content=\"699\" \/>\n\t<meta property=\"og:image:type\" content=\"image\/png\" \/>\n<meta name=\"twitter:card\" content=\"summary_large_image\" \/>\n<meta name=\"twitter:label1\" content=\"Gesch\u00e4tzte Lesezeit\" \/>\n\t<meta name=\"twitter:data1\" content=\"2\u00a0Minuten\" \/>\n<script type=\"application\/ld+json\" class=\"yoast-schema-graph\">{\"@context\":\"https:\\\/\\\/schema.org\",\"@graph\":[{\"@type\":\"WebPage\",\"@id\":\"https:\\\/\\\/cortenstaalverkoop.nl\\\/product\\\/cortenstaal-houtopslag-vierkant\\\/\",\"url\":\"https:\\\/\\\/cortenstaalverkoop.nl\\\/product\\\/cortenstaal-houtopslag-vierkant\\\/\",\"name\":\"Cortenstaal houtopslag vierkant koopt u bij cortenstaalverkoop.nl\",\"isPartOf\":{\"@id\":\"https:\\\/\\\/cortenstaalverkoop.nl\\\/#website\"},\"primaryImageOfPage\":{\"@id\":\"https:\\\/\\\/cortenstaalverkoop.nl\\\/product\\\/cortenstaal-houtopslag-vierkant\\\/#primaryimage\"},\"image\":{\"@id\":\"https:\\\/\\\/cortenstaalverkoop.nl\\\/product\\\/cortenstaal-houtopslag-vierkant\\\/#primaryimage\"},\"thumbnailUrl\":\"https:\\\/\\\/cortenstaalverkoop.nl\\\/wp-content\\\/uploads\\\/2022\\\/02\\\/houtopslag-BHSS2.png\",\"datePublished\":\"2024-07-03T11:09:31+00:00\",\"dateModified\":\"2026-04-13T10:35:24+00:00\",\"description\":\"\u2705 Cortenstaal houtopslag vierkant.\u2705 de beste kwaliteit \u2705 5 jaar garantie! Bestel uw cortenstaal houtopslag goedkoop bij cortenstaalverkoop.nl\",\"breadcrumb\":{\"@id\":\"https:\\\/\\\/cortenstaalverkoop.nl\\\/product\\\/cortenstaal-houtopslag-vierkant\\\/#breadcrumb\"},\"inLanguage\":\"de\",\"potentialAction\":[{\"@type\":\"ReadAction\",\"target\":[\"https:\\\/\\\/cortenstaalverkoop.nl\\\/product\\\/cortenstaal-houtopslag-vierkant\\\/\"]}]},{\"@type\":\"ImageObject\",\"inLanguage\":\"de\",\"@id\":\"https:\\\/\\\/cortenstaalverkoop.nl\\\/product\\\/cortenstaal-houtopslag-vierkant\\\/#primaryimage\",\"url\":\"https:\\\/\\\/cortenstaalverkoop.nl\\\/wp-content\\\/uploads\\\/2022\\\/02\\\/houtopslag-BHSS2.png\",\"contentUrl\":\"https:\\\/\\\/cortenstaalverkoop.nl\\\/wp-content\\\/uploads\\\/2022\\\/02\\\/houtopslag-BHSS2.png\",\"width\":699,\"height\":699,\"caption\":\"Cortenstaal houtopslag vierkant\"},{\"@type\":\"BreadcrumbList\",\"@id\":\"https:\\\/\\\/cortenstaalverkoop.nl\\\/product\\\/cortenstaal-houtopslag-vierkant\\\/#breadcrumb\",\"itemListElement\":[{\"@type\":\"ListItem\",\"position\":1,\"name\":\"Home\",\"item\":\"https:\\\/\\\/cortenstaalverkoop.nl\\\/\"},{\"@type\":\"ListItem\",\"position\":2,\"name\":\"Assortiment\",\"item\":\"https:\\\/\\\/cortenstaalverkoop.nl\\\/assortiment-cortenstaal\\\/\"},{\"@type\":\"ListItem\",\"position\":3,\"name\":\"Cortenstaal houtopslag vierkant\"}]},{\"@type\":\"WebSite\",\"@id\":\"https:\\\/\\\/cortenstaalverkoop.nl\\\/#website\",\"url\":\"https:\\\/\\\/cortenstaalverkoop.nl\\\/\",\"name\":\"Cortenstaalverkoop.nl\",\"description\":\"de cortenstaal specialist!\",\"publisher\":{\"@id\":\"https:\\\/\\\/cortenstaalverkoop.nl\\\/#organization\"},\"potentialAction\":[{\"@type\":\"SearchAction\",\"target\":{\"@type\":\"EntryPoint\",\"urlTemplate\":\"https:\\\/\\\/cortenstaalverkoop.nl\\\/?s={search_term_string}\"},\"query-input\":{\"@type\":\"PropertyValueSpecification\",\"valueRequired\":true,\"valueName\":\"search_term_string\"}}],\"inLanguage\":\"de\"},{\"@type\":\"Organization\",\"@id\":\"https:\\\/\\\/cortenstaalverkoop.nl\\\/#organization\",\"name\":\"Cortenstaalverkoop.nl\",\"url\":\"https:\\\/\\\/cortenstaalverkoop.nl\\\/\",\"logo\":{\"@type\":\"ImageObject\",\"inLanguage\":\"de\",\"@id\":\"https:\\\/\\\/cortenstaalverkoop.nl\\\/#\\\/schema\\\/logo\\\/image\\\/\",\"url\":\"https:\\\/\\\/cortenstaalverkoop.nl\\\/wp-content\\\/uploads\\\/2019\\\/11\\\/cortenstaal-logo-1.png\",\"contentUrl\":\"https:\\\/\\\/cortenstaalverkoop.nl\\\/wp-content\\\/uploads\\\/2019\\\/11\\\/cortenstaal-logo-1.png\",\"width\":480,\"height\":163,\"caption\":\"Cortenstaalverkoop.nl\"},\"image\":{\"@id\":\"https:\\\/\\\/cortenstaalverkoop.nl\\\/#\\\/schema\\\/logo\\\/image\\\/\"}}]}<\/script>\n<!-- \/ Yoast SEO plugin. -->","yoast_head_json":{"title":"Sie k\u00f6nnen kaufen Cortenstaal houtopslag vierkant auf cortenstaalverkoop.nl","description":"\u2705 Corten steel wood storage-Platz.\u2705 die beste Qualit\u00e4t \u2705 5 Jahre Garantie! Um Ihr Corten Stahl Holz Lagerung Billig aus cortenstaalverkoop.nl","robots":{"index":"index","follow":"follow","max-snippet":"max-snippet:-1","max-image-preview":"max-image-preview:large","max-video-preview":"max-video-preview:-1"},"canonical":"https:\/\/cortenstaalverkoop.nl\/de\/produkt\/cortenstahl-holzlager-quadratisch\/","og_locale":"de_DE","og_type":"article","og_title":"Cortenstaal houtopslag vierkant koopt u bij cortenstaalverkoop.nl","og_description":"\u2705 Cortenstaal houtopslag vierkant.\u2705 de beste kwaliteit \u2705 5 jaar garantie! Bestel uw cortenstaal houtopslag goedkoop bij cortenstaalverkoop.nl","og_url":"https:\/\/cortenstaalverkoop.nl\/de\/produkt\/cortenstahl-holzlager-quadratisch\/","og_site_name":"Cortenstaalverkoop.nl","article_modified_time":"2026-04-13T10:35:24+00:00","og_image":[{"width":699,"height":699,"url":"https:\/\/cortenstaalverkoop.nl\/wp-content\/uploads\/2022\/02\/houtopslag-BHSS2.png","type":"image\/png"}],"twitter_card":"summary_large_image","twitter_misc":{"Gesch\u00e4tzte Lesezeit":"2\u00a0Minuten"},"schema":{"@context":"https:\/\/schema.org","@graph":[{"@type":"WebPage","@id":"https:\/\/cortenstaalverkoop.nl\/product\/cortenstaal-houtopslag-vierkant\/","url":"https:\/\/cortenstaalverkoop.nl\/product\/cortenstaal-houtopslag-vierkant\/","name":"Sie k\u00f6nnen kaufen Cortenstaal houtopslag vierkant auf cortenstaalverkoop.nl","isPartOf":{"@id":"https:\/\/cortenstaalverkoop.nl\/#website"},"primaryImageOfPage":{"@id":"https:\/\/cortenstaalverkoop.nl\/product\/cortenstaal-houtopslag-vierkant\/#primaryimage"},"image":{"@id":"https:\/\/cortenstaalverkoop.nl\/product\/cortenstaal-houtopslag-vierkant\/#primaryimage"},"thumbnailUrl":"https:\/\/cortenstaalverkoop.nl\/wp-content\/uploads\/2022\/02\/houtopslag-BHSS2.png","datePublished":"2024-07-03T11:09:31+00:00","dateModified":"2026-04-13T10:35:24+00:00","description":"\u2705 Corten steel wood storage-Platz.\u2705 die beste Qualit\u00e4t \u2705 5 Jahre Garantie! Um Ihr Corten Stahl Holz Lagerung Billig aus cortenstaalverkoop.nl","breadcrumb":{"@id":"https:\/\/cortenstaalverkoop.nl\/product\/cortenstaal-houtopslag-vierkant\/#breadcrumb"},"inLanguage":"de","potentialAction":[{"@type":"ReadAction","target":["https:\/\/cortenstaalverkoop.nl\/product\/cortenstaal-houtopslag-vierkant\/"]}]},{"@type":"ImageObject","inLanguage":"de","@id":"https:\/\/cortenstaalverkoop.nl\/product\/cortenstaal-houtopslag-vierkant\/#primaryimage","url":"https:\/\/cortenstaalverkoop.nl\/wp-content\/uploads\/2022\/02\/houtopslag-BHSS2.png","contentUrl":"https:\/\/cortenstaalverkoop.nl\/wp-content\/uploads\/2022\/02\/houtopslag-BHSS2.png","width":699,"height":699,"caption":"Cortenstaal houtopslag vierkant"},{"@type":"BreadcrumbList","@id":"https:\/\/cortenstaalverkoop.nl\/product\/cortenstaal-houtopslag-vierkant\/#breadcrumb","itemListElement":[{"@type":"ListItem","position":1,"name":"Home","item":"https:\/\/cortenstaalverkoop.nl\/"},{"@type":"ListItem","position":2,"name":"Assortiment","item":"https:\/\/cortenstaalverkoop.nl\/assortiment-cortenstaal\/"},{"@type":"ListItem","position":3,"name":"Cortenstaal houtopslag vierkant"}]},{"@type":"WebSite","@id":"https:\/\/cortenstaalverkoop.nl\/#website","url":"https:\/\/cortenstaalverkoop.nl\/","name":"Cortenstaalverkoop.nl","description":"die cortenstaal-Spezialisten!","publisher":{"@id":"https:\/\/cortenstaalverkoop.nl\/#organization"},"potentialAction":[{"@type":"SearchAction","target":{"@type":"EntryPoint","urlTemplate":"https:\/\/cortenstaalverkoop.nl\/?s={search_term_string}"},"query-input":{"@type":"PropertyValueSpecification","valueRequired":true,"valueName":"search_term_string"}}],"inLanguage":"de"},{"@type":"Organization","@id":"https:\/\/cortenstaalverkoop.nl\/#organization","name":"Cortenstaalverkoop.nl","url":"https:\/\/cortenstaalverkoop.nl\/","logo":{"@type":"ImageObject","inLanguage":"de","@id":"https:\/\/cortenstaalverkoop.nl\/#\/schema\/logo\/image\/","url":"https:\/\/cortenstaalverkoop.nl\/wp-content\/uploads\/2019\/11\/cortenstaal-logo-1.png","contentUrl":"https:\/\/cortenstaalverkoop.nl\/wp-content\/uploads\/2019\/11\/cortenstaal-logo-1.png","width":480,"height":163,"caption":"Cortenstaalverkoop.nl"},"image":{"@id":"https:\/\/cortenstaalverkoop.nl\/#\/schema\/logo\/image\/"}}]}},"_links":{"self":[{"href":"https:\/\/cortenstaalverkoop.nl\/de\/wp-json\/wp\/v2\/product\/10134","targetHints":{"allow":["GET"]}}],"collection":[{"href":"https:\/\/cortenstaalverkoop.nl\/de\/wp-json\/wp\/v2\/product"}],"about":[{"href":"https:\/\/cortenstaalverkoop.nl\/de\/wp-json\/wp\/v2\/types\/product"}],"version-history":[{"count":3,"href":"https:\/\/cortenstaalverkoop.nl\/de\/wp-json\/wp\/v2\/product\/10134\/revisions"}],"predecessor-version":[{"id":11040,"href":"https:\/\/cortenstaalverkoop.nl\/de\/wp-json\/wp\/v2\/product\/10134\/revisions\/11040"}],"wp:featuredmedia":[{"embeddable":true,"href":"https:\/\/cortenstaalverkoop.nl\/de\/wp-json\/wp\/v2\/media\/6922"}],"wp:attachment":[{"href":"https:\/\/cortenstaalverkoop.nl\/de\/wp-json\/wp\/v2\/media?parent=10134"}],"wp:term":[{"taxonomy":"product_brand","embeddable":true,"href":"https:\/\/cortenstaalverkoop.nl\/de\/wp-json\/wp\/v2\/product_brand?post=10134"},{"taxonomy":"product_cat","embeddable":true,"href":"https:\/\/cortenstaalverkoop.nl\/de\/wp-json\/wp\/v2\/product_cat?post=10134"},{"taxonomy":"product_tag","embeddable":true,"href":"https:\/\/cortenstaalverkoop.nl\/de\/wp-json\/wp\/v2\/product_tag?post=10134"}],"curies":[{"name":"wp","href":"https:\/\/api.w.org\/{rel}","templated":true}]}}