{"id":10274,"date":"2024-09-11T11:58:13","date_gmt":"2024-09-11T09:58:13","guid":{"rendered":"https:\/\/cortenstaalverkoop.nl\/?post_type=product&#038;p=10274"},"modified":"2026-03-24T10:49:48","modified_gmt":"2026-03-24T09:49:48","slug":"cortenstahl-wasserbrunnen-bayou","status":"publish","type":"product","link":"https:\/\/cortenstaalverkoop.nl\/de\/product\/cortenstaal-watertafel-bayou\/","title":{"rendered":"Cortenstahl Wasserbrunnen BAYOU"},"content":{"rendered":"<div data-elementor-type=\"wp-post\" data-elementor-id=\"10274\" class=\"elementor elementor-10274\">\n\t\t\t\t\t\t<section class=\"elementor-section elementor-top-section elementor-element elementor-element-71a6730d elementor-section-boxed elementor-section-height-default elementor-section-height-default\" data-id=\"71a6730d\" data-element_type=\"section\" data-e-type=\"section\">\n\t\t\t\t\t\t<div class=\"elementor-container elementor-column-gap-default\">\n\t\t\t\t\t<div class=\"elementor-column elementor-col-100 elementor-top-column elementor-element elementor-element-42ff9e30\" data-id=\"42ff9e30\" data-element_type=\"column\" data-e-type=\"column\">\n\t\t\t<div class=\"elementor-widget-wrap elementor-element-populated\">\n\t\t\t\t\t\t<div class=\"elementor-element elementor-element-7cbf92e4 elementor-widget elementor-widget-text-editor\" data-id=\"7cbf92e4\" data-element_type=\"widget\" data-e-type=\"widget\" data-widget_type=\"text-editor.default\">\n\t\t\t\t<div class=\"elementor-widget-container\">\n\t\t\t\t\t\t\t\t\t<h3 data-start=\"69\" data-end=\"101\"><strong data-start=\"69\" data-end=\"101\">Cortenstahl Wasserbrunnen BAYOU<\/strong><\/h3><p data-start=\"103\" data-end=\"330\">M\u00f6chten Sie ein Wasserspiel in Ihrem Garten, aber wenig Platz? <strong data-start=\"168\" data-end=\"175\">Dann<\/strong> die Cortenstahl Wasserbrunnen BAYOU bietet die perfekte L\u00f6sung. Mit diesem kompakten Wasser-ornament, die Sie sofort erstellen ein markantes und attraktives element in Ihrem Garten.<\/p><p data-start=\"332\" data-end=\"695\"><strong data-start=\"332\" data-end=\"343\">Dank<\/strong> Sie k\u00f6nnen genie\u00dfen Sie die integrierte Beleuchtung, die nicht nur w\u00e4hrend der Tag, <strong data-start=\"403\" data-end=\"415\">aber auch<\/strong> am Abend eines sch\u00f6nen Spektakel. <strong data-start=\"455\" data-end=\"468\">Auch<\/strong> der Brunnen und LED-Beleuchtung zusammen sorgen f\u00fcr eine Besondere Atmosph\u00e4re und Erfahrung. <strong data-start=\"542\" data-end=\"554\">Da dieses<\/strong> m\u00fchelos geben Sie Ihrem Garten eine luxuri\u00f6se Ausstrahlung. Der Brunnen H\u00f6he betr\u00e4gt etwa 5 cm, die bietet eine subtile und beruhigende Wasser-Effekt. Die Wasser-Tische sind gebrauchsfertig und in verschiedenen Gr\u00f6\u00dfen erh\u00e4ltlich. <strong data-start=\"774\" data-end=\"780\">So<\/strong> w\u00e4hlen Sie einfach ein Modell, dass passt sich Ihrem Garten perfekt. <strong data-start=\"839\" data-end=\"852\">Neben<\/strong> Sie haben die Wahl zwischen beiden <a href=\"https:\/\/cortenstaalverkoop.nl\/product\/cortenstaal-watertafel-rond\/\" target=\"_blank\" rel=\"noopener\">Runde<\/a> wenn <a href=\"https:\/\/cortenstaalverkoop.nl\/product\/cortenstaal-watertafel-rechthoekig\/\" target=\"_blank\" rel=\"noopener\">rechteckig<\/a> Varianten.<\/p><p data-start=\"915\" data-end=\"1071\"><strong data-start=\"915\" data-end=\"925\">Weiter<\/strong> dieses Produkt ist mit einer Gummi-Beschichtung auf der Innenseite. <strong data-start=\"992\" data-end=\"1004\">Da dieses<\/strong> profitieren Sie von einer zus\u00e4tzlichen Schutzschicht und eine l\u00e4ngere Lebensdauer.<\/p><h3 data-start=\"1078\" data-end=\"1092\"><strong data-start=\"1078\" data-end=\"1092\">Wichtig<\/strong><\/h3><ul data-start=\"1094\" data-end=\"1846\"><li data-section-id=\"sksk7m\" data-start=\"1094\" data-end=\"1226\"><p data-start=\"1096\" data-end=\"1226\"><strong data-start=\"1096\" data-end=\"1111\">Erste:<\/strong> legen Sie die Cortenstahl Wasserbrunnen BAYOU auf eine Feste und Ebene Oberfl\u00e4che. <strong data-start=\"1190\" data-end=\"1196\">So<\/strong> es funktioniert optimal.<\/p><\/li><li data-section-id=\"w4nmtg\" data-start=\"1227\" data-end=\"1350\"><p data-start=\"1229\" data-end=\"1350\"><strong data-start=\"1229\" data-end=\"1243\">Zusatz:<\/strong> Aufrechterhaltung eines neutralen pH-Wert von Wasser (7). <strong data-start=\"1296\" data-end=\"1307\">Mit dieser<\/strong> zu verhindern Sch\u00e4den an die material.<\/p><\/li><li data-section-id=\"f95mls\" data-start=\"1351\" data-end=\"1535\"><p data-start=\"1353\" data-end=\"1535\"><strong data-start=\"1353\" data-end=\"1364\">Weiter:<\/strong> Sie erhalten die Wasserbrunnen komplett mit Pumpe und LED-Beleuchtung (kalt-wei\u00df), <strong data-start=\"1439\" data-end=\"1448\">erlauben<\/strong> Sie k\u00f6nnen direkt loslegen. Sie erhalten eine 2-Jahres-Garantie auf die Pumpe und LED-Leuchten.<\/p><\/li><li data-section-id=\"fhan4w\" data-start=\"1536\" data-end=\"1692\"><p data-start=\"1538\" data-end=\"1692\"><strong data-start=\"1538\" data-end=\"1549\">Hinweis:<\/strong> wir tun nicht empfehlen die Verwendung von Corten Stahl in einem Umkreis von 2 km von einer K\u00fcste, <strong data-start=\"1636\" data-end=\"1645\">da<\/strong> die salzhaltige Luft kann Einfluss auf den Rost Prozess.<\/p><\/li><li data-section-id=\"12hub1a\" data-start=\"1693\" data-end=\"1846\"><p data-start=\"1695\" data-end=\"1846\"><strong data-start=\"1695\" data-end=\"1708\">Schlie\u00dflich:<\/strong> packen Sie das Produkt sofort nach der Lieferung. <strong data-start=\"1749\" data-end=\"1761\">Da dieses<\/strong> verdunsten die Feuchtigkeit und verhindert, dass Flecken oder unregelm\u00e4\u00dfigen Rost.<\/p><\/li><\/ul><p data-start=\"1853\" data-end=\"1877\"><strong data-start=\"1853\" data-end=\"1877\">Benutzung im winter<\/strong><\/p><ul data-start=\"1879\" data-end=\"2321\"><li data-section-id=\"fikoom\" data-start=\"1879\" data-end=\"1941\"><p data-start=\"1881\" data-end=\"1941\"><strong data-start=\"1881\" data-end=\"1895\">Bei frost:<\/strong> ziehen Sie stets das Netzkabel aus der Steckdose.<\/p><\/li><li data-section-id=\"13pkaen\" data-start=\"1942\" data-end=\"2021\"><p data-start=\"1944\" data-end=\"2021\"><strong data-start=\"1944\" data-end=\"1959\">Dann:<\/strong> f\u00fcllen Sie den Wasserbrunnen mit Wasser, um das maximum.<\/p><\/li><li data-section-id=\"1e5ckqd\" data-start=\"2022\" data-end=\"2126\"><p data-start=\"2024\" data-end=\"2126\"><strong data-start=\"2024\" data-end=\"2038\">Zusatz:<\/strong> verwenden Sie vorzugsweise einen frost guard (erh\u00e4ltlich im Gartencenter oder Baum\u00e4rkten).<\/p><\/li><li data-section-id=\"16p10oj\" data-start=\"2127\" data-end=\"2203\"><p data-start=\"2129\" data-end=\"2203\">Die Pumpe kann im Wasser bleiben, <strong data-start=\"2163\" data-end=\"2171\">mits<\/strong> befolgen Sie die oben genannten Schritte.<\/p><\/li><li data-section-id=\"1r208nc\" data-start=\"2204\" data-end=\"2321\"><p data-start=\"2206\" data-end=\"2321\"><strong data-start=\"2206\" data-end=\"2235\">Sie k\u00f6nnen auch w\u00e4hlen,<\/strong> um die Pumpe aus dem Teich, und frost-frei, <strong>unter Wasser<\/strong>werden Links zu \u00fcberwintern.<\/p><\/li><\/ul><p><a href=\"https:\/\/nl.wikipedia.org\/wiki\/Cortenstaal\" target=\"_blank\" rel=\"noopener noreferrer\">Cor-Ten-Stahl<\/a> auch als wetterfester Stahl bekannt. Es handelt sich um eine Metalllegierung aus Eisen, dem Kupfer, Silizium, Nickel und Chrom zugesetzt wurden. Cortenstahl ist eine sehr feste Stahlsorte. Denn es hat die Eigenschaft, sich an der Au\u00dfenluft mit einer sch\u00fctzenden Rostschicht zu bedecken. Diese nat\u00fcrliche feste Rostschicht bildet den Schutz gegen weitere Korrosion.<\/p><p>F\u00fcr Lieferungen nach Deutschland und \u00d6sterreich gelten folgende Versandkosten pro Gesamtbestellung: kleine Pakete \u20ac45, leichter Transport \u20ac80, Standardtransport \u20ac280 und Schwertransport \u20ac380 (inklusive Lieferung mit Mitnahmestapler)<\/p>\t\t\t\t\t\t\t\t<\/div>\n\t\t\t\t<\/div>\n\t\t\t\t\t<\/div>\n\t\t<\/div>\n\t\t\t\t\t<\/div>\n\t\t<\/section>\n\t\t\t\t<\/div>","protected":false},"excerpt":{"rendered":"<p>Die Cortenstahl Wasserbrunnen BAYOU kommt mit LED-Beleuchtung, Brunnen(s) und Pumpe. Die Pumpe im inneren des Beh\u00e4lters sorgt daf\u00fcr, dass das Wasser an die Oberfl\u00e4che gepumpt wird. Das Wasser l\u00e4uft dann \u00fcber die innere Platte, nur fallen zur\u00fcck in das Fach ein. Das Kabel kommt aus der box \u00fcber einen \u00fcberlauf Struktur an der Unterseite, so dass es nicht sichtbar ist. Die Wasserbrunnen erfordern wenig Wartung und sind sehr kinderfreundlich, weil es keine Tiefe Wasser Ebene.<\/p>","protected":false},"featured_media":10288,"template":"","meta":{"site-sidebar-layout":"default","site-content-layout":"default","ast-site-content-layout":"default","site-content-style":"default","site-sidebar-style":"default","ast-global-header-display":"","ast-banner-title-visibility":"","ast-main-header-display":"","ast-hfb-above-header-display":"","ast-hfb-below-header-display":"","ast-hfb-mobile-header-display":"","site-post-title":"","ast-breadcrumbs-content":"","ast-featured-img":"","footer-sml-layout":"","ast-disable-related-posts":"","theme-transparent-header-meta":"default","adv-header-id-meta":"","stick-header-meta":"","header-above-stick-meta":"","header-main-stick-meta":"","header-below-stick-meta":"","astra-migrate-meta-layouts":"set","ast-page-background-enabled":"default","ast-page-background-meta":{"desktop":{"background-color":"","background-image":"","background-repeat":"repeat","background-position":"center center","background-size":"auto","background-attachment":"scroll","background-type":"","background-media":"","overlay-type":"","overlay-color":"","overlay-opacity":"","overlay-gradient":""},"tablet":{"background-color":"","background-image":"","background-repeat":"repeat","background-position":"center center","background-size":"auto","background-attachment":"scroll","background-type":"","background-media":"","overlay-type":"","overlay-color":"","overlay-opacity":"","overlay-gradient":""},"mobile":{"background-color":"","background-image":"","background-repeat":"repeat","background-position":"center center","background-size":"auto","background-attachment":"scroll","background-type":"","background-media":"","overlay-type":"","overlay-color":"","overlay-opacity":"","overlay-gradient":""}},"ast-content-background-meta":{"desktop":{"background-color":"var(--ast-global-color-5)","background-image":"","background-repeat":"repeat","background-position":"center center","background-size":"auto","background-attachment":"scroll","background-type":"","background-media":"","overlay-type":"","overlay-color":"","overlay-opacity":"","overlay-gradient":""},"tablet":{"background-color":"var(--ast-global-color-5)","background-image":"","background-repeat":"repeat","background-position":"center center","background-size":"auto","background-attachment":"scroll","background-type":"","background-media":"","overlay-type":"","overlay-color":"","overlay-opacity":"","overlay-gradient":""},"mobile":{"background-color":"var(--ast-global-color-5)","background-image":"","background-repeat":"repeat","background-position":"center center","background-size":"auto","background-attachment":"scroll","background-type":"","background-media":"","overlay-type":"","overlay-color":"","overlay-opacity":"","overlay-gradient":""}}},"product_brand":[],"product_cat":[60],"product_tag":[],"class_list":{"0":"post-10274","1":"product","2":"type-product","3":"status-publish","4":"has-post-thumbnail","6":"product_cat-cortenstaal-waterelementen","7":"product_shipping_class-fritom","8":"desktop-align-left","9":"tablet-align-left","10":"mobile-align-left","12":"first","13":"instock","14":"taxable","15":"shipping-taxable","16":"purchasable","17":"product-type-variable"},"yoast_head":"<!-- This site is optimized with the Yoast SEO plugin v27.3 - https:\/\/yoast.com\/product\/yoast-seo-wordpress\/ -->\n<title>Cortenstaal watertafel BAYOU koopt u bij cortenstaalverkoop.nl<\/title>\n<meta name=\"description\" content=\"\u2705 Cortenstaal watertafel BAYOU met fontein.\u2705 de beste kwaliteit \u2705 5 jaar garantie! Bestel uw cortenstaal watertafel goedkoop bij cortenstaalverkoop.nl!\" \/>\n<meta name=\"robots\" content=\"index, follow, max-snippet:-1, max-image-preview:large, max-video-preview:-1\" \/>\n<link rel=\"canonical\" href=\"https:\/\/cortenstaalverkoop.nl\/de\/produkt\/cortenstahl-wasserbrunnen-bayou\/\" \/>\n<meta property=\"og:locale\" content=\"de_DE\" \/>\n<meta property=\"og:type\" content=\"article\" \/>\n<meta property=\"og:title\" content=\"Cortenstaal watertafel BAYOU koopt u bij cortenstaalverkoop.nl\" \/>\n<meta property=\"og:description\" content=\"\u2705 Cortenstaal watertafel BAYOU met fontein.\u2705 de beste kwaliteit \u2705 5 jaar garantie! Bestel uw cortenstaal watertafel goedkoop bij cortenstaalverkoop.nl!\" \/>\n<meta property=\"og:url\" content=\"https:\/\/cortenstaalverkoop.nl\/de\/produkt\/cortenstahl-wasserbrunnen-bayou\/\" \/>\n<meta property=\"og:site_name\" content=\"Cortenstaalverkoop.nl\" \/>\n<meta property=\"article:modified_time\" content=\"2026-03-24T09:49:48+00:00\" \/>\n<meta property=\"og:image\" content=\"https:\/\/cortenstaalverkoop.nl\/wp-content\/uploads\/2024\/09\/bayou-cort-120.webp\" \/>\n\t<meta property=\"og:image:width\" content=\"699\" \/>\n\t<meta property=\"og:image:height\" content=\"699\" \/>\n\t<meta property=\"og:image:type\" content=\"image\/webp\" \/>\n<meta name=\"twitter:card\" content=\"summary_large_image\" \/>\n<meta name=\"twitter:label1\" content=\"Gesch\u00e4tzte Lesezeit\" \/>\n\t<meta name=\"twitter:data1\" content=\"3\u00a0Minuten\" \/>\n<script type=\"application\/ld+json\" class=\"yoast-schema-graph\">{\"@context\":\"https:\\\/\\\/schema.org\",\"@graph\":[{\"@type\":\"WebPage\",\"@id\":\"https:\\\/\\\/cortenstaalverkoop.nl\\\/product\\\/cortenstaal-watertafel-bayou\\\/\",\"url\":\"https:\\\/\\\/cortenstaalverkoop.nl\\\/product\\\/cortenstaal-watertafel-bayou\\\/\",\"name\":\"Cortenstaal watertafel BAYOU koopt u bij cortenstaalverkoop.nl\",\"isPartOf\":{\"@id\":\"https:\\\/\\\/cortenstaalverkoop.nl\\\/#website\"},\"primaryImageOfPage\":{\"@id\":\"https:\\\/\\\/cortenstaalverkoop.nl\\\/product\\\/cortenstaal-watertafel-bayou\\\/#primaryimage\"},\"image\":{\"@id\":\"https:\\\/\\\/cortenstaalverkoop.nl\\\/product\\\/cortenstaal-watertafel-bayou\\\/#primaryimage\"},\"thumbnailUrl\":\"https:\\\/\\\/cortenstaalverkoop.nl\\\/wp-content\\\/uploads\\\/2024\\\/09\\\/bayou-cort-120.webp\",\"datePublished\":\"2024-09-11T09:58:13+00:00\",\"dateModified\":\"2026-03-24T09:49:48+00:00\",\"description\":\"\u2705 Cortenstaal watertafel BAYOU met fontein.\u2705 de beste kwaliteit \u2705 5 jaar garantie! Bestel uw cortenstaal watertafel goedkoop bij cortenstaalverkoop.nl!\",\"breadcrumb\":{\"@id\":\"https:\\\/\\\/cortenstaalverkoop.nl\\\/product\\\/cortenstaal-watertafel-bayou\\\/#breadcrumb\"},\"inLanguage\":\"de\",\"potentialAction\":[{\"@type\":\"ReadAction\",\"target\":[\"https:\\\/\\\/cortenstaalverkoop.nl\\\/product\\\/cortenstaal-watertafel-bayou\\\/\"]}]},{\"@type\":\"ImageObject\",\"inLanguage\":\"de\",\"@id\":\"https:\\\/\\\/cortenstaalverkoop.nl\\\/product\\\/cortenstaal-watertafel-bayou\\\/#primaryimage\",\"url\":\"https:\\\/\\\/cortenstaalverkoop.nl\\\/wp-content\\\/uploads\\\/2024\\\/09\\\/bayou-cort-120.webp\",\"contentUrl\":\"https:\\\/\\\/cortenstaalverkoop.nl\\\/wp-content\\\/uploads\\\/2024\\\/09\\\/bayou-cort-120.webp\",\"width\":699,\"height\":699,\"caption\":\"Cortenstaal watertafel BAYOU\"},{\"@type\":\"BreadcrumbList\",\"@id\":\"https:\\\/\\\/cortenstaalverkoop.nl\\\/product\\\/cortenstaal-watertafel-bayou\\\/#breadcrumb\",\"itemListElement\":[{\"@type\":\"ListItem\",\"position\":1,\"name\":\"Home\",\"item\":\"https:\\\/\\\/cortenstaalverkoop.nl\\\/\"},{\"@type\":\"ListItem\",\"position\":2,\"name\":\"Assortiment\",\"item\":\"https:\\\/\\\/cortenstaalverkoop.nl\\\/assortiment-cortenstaal\\\/\"},{\"@type\":\"ListItem\",\"position\":3,\"name\":\"Cortenstaal watertafel BAYOU\"}]},{\"@type\":\"WebSite\",\"@id\":\"https:\\\/\\\/cortenstaalverkoop.nl\\\/#website\",\"url\":\"https:\\\/\\\/cortenstaalverkoop.nl\\\/\",\"name\":\"Cortenstaalverkoop.nl\",\"description\":\"de cortenstaal specialist!\",\"publisher\":{\"@id\":\"https:\\\/\\\/cortenstaalverkoop.nl\\\/#organization\"},\"potentialAction\":[{\"@type\":\"SearchAction\",\"target\":{\"@type\":\"EntryPoint\",\"urlTemplate\":\"https:\\\/\\\/cortenstaalverkoop.nl\\\/?s={search_term_string}\"},\"query-input\":{\"@type\":\"PropertyValueSpecification\",\"valueRequired\":true,\"valueName\":\"search_term_string\"}}],\"inLanguage\":\"de\"},{\"@type\":\"Organization\",\"@id\":\"https:\\\/\\\/cortenstaalverkoop.nl\\\/#organization\",\"name\":\"Cortenstaalverkoop.nl\",\"url\":\"https:\\\/\\\/cortenstaalverkoop.nl\\\/\",\"logo\":{\"@type\":\"ImageObject\",\"inLanguage\":\"de\",\"@id\":\"https:\\\/\\\/cortenstaalverkoop.nl\\\/#\\\/schema\\\/logo\\\/image\\\/\",\"url\":\"https:\\\/\\\/cortenstaalverkoop.nl\\\/wp-content\\\/uploads\\\/2019\\\/11\\\/cortenstaal-logo-1.png\",\"contentUrl\":\"https:\\\/\\\/cortenstaalverkoop.nl\\\/wp-content\\\/uploads\\\/2019\\\/11\\\/cortenstaal-logo-1.png\",\"width\":480,\"height\":163,\"caption\":\"Cortenstaalverkoop.nl\"},\"image\":{\"@id\":\"https:\\\/\\\/cortenstaalverkoop.nl\\\/#\\\/schema\\\/logo\\\/image\\\/\"}}]}<\/script>\n<!-- \/ Yoast SEO plugin. -->","yoast_head_json":{"title":"Cortenstaal WATERTAFEL BAYOU cortenstaalverkoop.nl","description":"\u2705 Corten steel water table BAYOU mit Brunnen.\u2705 die beste Qualit\u00e4t \u2705 5 Jahre Garantie! Um Ihr Corten steel water table Billig aus cortenstaalverkoop.nl!","robots":{"index":"index","follow":"follow","max-snippet":"max-snippet:-1","max-image-preview":"max-image-preview:large","max-video-preview":"max-video-preview:-1"},"canonical":"https:\/\/cortenstaalverkoop.nl\/de\/produkt\/cortenstahl-wasserbrunnen-bayou\/","og_locale":"de_DE","og_type":"article","og_title":"Cortenstaal watertafel BAYOU koopt u bij cortenstaalverkoop.nl","og_description":"\u2705 Cortenstaal watertafel BAYOU met fontein.\u2705 de beste kwaliteit \u2705 5 jaar garantie! Bestel uw cortenstaal watertafel goedkoop bij cortenstaalverkoop.nl!","og_url":"https:\/\/cortenstaalverkoop.nl\/de\/produkt\/cortenstahl-wasserbrunnen-bayou\/","og_site_name":"Cortenstaalverkoop.nl","article_modified_time":"2026-03-24T09:49:48+00:00","og_image":[{"width":699,"height":699,"url":"https:\/\/cortenstaalverkoop.nl\/wp-content\/uploads\/2024\/09\/bayou-cort-120.webp","type":"image\/webp"}],"twitter_card":"summary_large_image","twitter_misc":{"Gesch\u00e4tzte Lesezeit":"3\u00a0Minuten"},"schema":{"@context":"https:\/\/schema.org","@graph":[{"@type":"WebPage","@id":"https:\/\/cortenstaalverkoop.nl\/product\/cortenstaal-watertafel-bayou\/","url":"https:\/\/cortenstaalverkoop.nl\/product\/cortenstaal-watertafel-bayou\/","name":"Cortenstaal WATERTAFEL BAYOU cortenstaalverkoop.nl","isPartOf":{"@id":"https:\/\/cortenstaalverkoop.nl\/#website"},"primaryImageOfPage":{"@id":"https:\/\/cortenstaalverkoop.nl\/product\/cortenstaal-watertafel-bayou\/#primaryimage"},"image":{"@id":"https:\/\/cortenstaalverkoop.nl\/product\/cortenstaal-watertafel-bayou\/#primaryimage"},"thumbnailUrl":"https:\/\/cortenstaalverkoop.nl\/wp-content\/uploads\/2024\/09\/bayou-cort-120.webp","datePublished":"2024-09-11T09:58:13+00:00","dateModified":"2026-03-24T09:49:48+00:00","description":"\u2705 Corten steel water table BAYOU mit Brunnen.\u2705 die beste Qualit\u00e4t \u2705 5 Jahre Garantie! Um Ihr Corten steel water table Billig aus cortenstaalverkoop.nl!","breadcrumb":{"@id":"https:\/\/cortenstaalverkoop.nl\/product\/cortenstaal-watertafel-bayou\/#breadcrumb"},"inLanguage":"de","potentialAction":[{"@type":"ReadAction","target":["https:\/\/cortenstaalverkoop.nl\/product\/cortenstaal-watertafel-bayou\/"]}]},{"@type":"ImageObject","inLanguage":"de","@id":"https:\/\/cortenstaalverkoop.nl\/product\/cortenstaal-watertafel-bayou\/#primaryimage","url":"https:\/\/cortenstaalverkoop.nl\/wp-content\/uploads\/2024\/09\/bayou-cort-120.webp","contentUrl":"https:\/\/cortenstaalverkoop.nl\/wp-content\/uploads\/2024\/09\/bayou-cort-120.webp","width":699,"height":699,"caption":"Cortenstaal watertafel BAYOU"},{"@type":"BreadcrumbList","@id":"https:\/\/cortenstaalverkoop.nl\/product\/cortenstaal-watertafel-bayou\/#breadcrumb","itemListElement":[{"@type":"ListItem","position":1,"name":"Home","item":"https:\/\/cortenstaalverkoop.nl\/"},{"@type":"ListItem","position":2,"name":"Assortiment","item":"https:\/\/cortenstaalverkoop.nl\/assortiment-cortenstaal\/"},{"@type":"ListItem","position":3,"name":"Cortenstaal watertafel BAYOU"}]},{"@type":"WebSite","@id":"https:\/\/cortenstaalverkoop.nl\/#website","url":"https:\/\/cortenstaalverkoop.nl\/","name":"Cortenstaalverkoop.nl","description":"die cortenstaal-Spezialisten!","publisher":{"@id":"https:\/\/cortenstaalverkoop.nl\/#organization"},"potentialAction":[{"@type":"SearchAction","target":{"@type":"EntryPoint","urlTemplate":"https:\/\/cortenstaalverkoop.nl\/?s={search_term_string}"},"query-input":{"@type":"PropertyValueSpecification","valueRequired":true,"valueName":"search_term_string"}}],"inLanguage":"de"},{"@type":"Organization","@id":"https:\/\/cortenstaalverkoop.nl\/#organization","name":"Cortenstaalverkoop.nl","url":"https:\/\/cortenstaalverkoop.nl\/","logo":{"@type":"ImageObject","inLanguage":"de","@id":"https:\/\/cortenstaalverkoop.nl\/#\/schema\/logo\/image\/","url":"https:\/\/cortenstaalverkoop.nl\/wp-content\/uploads\/2019\/11\/cortenstaal-logo-1.png","contentUrl":"https:\/\/cortenstaalverkoop.nl\/wp-content\/uploads\/2019\/11\/cortenstaal-logo-1.png","width":480,"height":163,"caption":"Cortenstaalverkoop.nl"},"image":{"@id":"https:\/\/cortenstaalverkoop.nl\/#\/schema\/logo\/image\/"}}]}},"_links":{"self":[{"href":"https:\/\/cortenstaalverkoop.nl\/de\/wp-json\/wp\/v2\/product\/10274","targetHints":{"allow":["GET"]}}],"collection":[{"href":"https:\/\/cortenstaalverkoop.nl\/de\/wp-json\/wp\/v2\/product"}],"about":[{"href":"https:\/\/cortenstaalverkoop.nl\/de\/wp-json\/wp\/v2\/types\/product"}],"version-history":[{"count":17,"href":"https:\/\/cortenstaalverkoop.nl\/de\/wp-json\/wp\/v2\/product\/10274\/revisions"}],"predecessor-version":[{"id":11150,"href":"https:\/\/cortenstaalverkoop.nl\/de\/wp-json\/wp\/v2\/product\/10274\/revisions\/11150"}],"wp:featuredmedia":[{"embeddable":true,"href":"https:\/\/cortenstaalverkoop.nl\/de\/wp-json\/wp\/v2\/media\/10288"}],"wp:attachment":[{"href":"https:\/\/cortenstaalverkoop.nl\/de\/wp-json\/wp\/v2\/media?parent=10274"}],"wp:term":[{"taxonomy":"product_brand","embeddable":true,"href":"https:\/\/cortenstaalverkoop.nl\/de\/wp-json\/wp\/v2\/product_brand?post=10274"},{"taxonomy":"product_cat","embeddable":true,"href":"https:\/\/cortenstaalverkoop.nl\/de\/wp-json\/wp\/v2\/product_cat?post=10274"},{"taxonomy":"product_tag","embeddable":true,"href":"https:\/\/cortenstaalverkoop.nl\/de\/wp-json\/wp\/v2\/product_tag?post=10274"}],"curies":[{"name":"wp","href":"https:\/\/api.w.org\/{rel}","templated":true}]}}