{"id":1045,"date":"2019-11-27T20:25:31","date_gmt":"2019-11-27T20:25:31","guid":{"rendered":"https:\/\/cortenstaalverkoop.nl\/?post_type=product&#038;p=1045"},"modified":"2026-04-16T13:55:44","modified_gmt":"2026-04-16T11:55:44","slug":"cortenstahl-pflanzgefas-oval","status":"publish","type":"product","link":"https:\/\/cortenstaalverkoop.nl\/de\/product\/cortenstaal-plantenbak-ovaal\/","title":{"rendered":"Cortenstahl Pflanzgef\u00e4\u00df Oval"},"content":{"rendered":"<div data-elementor-type=\"wp-post\" data-elementor-id=\"1045\" class=\"elementor elementor-1045\">\n\t\t\t\t\t\t<section class=\"elementor-section elementor-top-section elementor-element elementor-element-28399ad3 elementor-section-boxed elementor-section-height-default elementor-section-height-default\" data-id=\"28399ad3\" data-element_type=\"section\" data-e-type=\"section\">\n\t\t\t\t\t\t<div class=\"elementor-container elementor-column-gap-default\">\n\t\t\t\t\t<div class=\"elementor-column elementor-col-100 elementor-top-column elementor-element elementor-element-1bd3f548\" data-id=\"1bd3f548\" data-element_type=\"column\" data-e-type=\"column\">\n\t\t\t<div class=\"elementor-widget-wrap elementor-element-populated\">\n\t\t\t\t\t\t<div class=\"elementor-element elementor-element-197fce51 elementor-widget elementor-widget-text-editor\" data-id=\"197fce51\" data-element_type=\"widget\" data-e-type=\"widget\" data-widget_type=\"text-editor.default\">\n\t\t\t\t<div class=\"elementor-widget-container\">\n\t\t\t\t\t\t\t\t\t<h3>Der Cortenstahl Pflanzgef\u00e4\u00df Oval<\/h3><p data-start=\"34\" data-end=\"505\">Der Cortenstahl Pflanzgef\u00e4\u00df Oval ist eine stilvolle und vielseitige Erg\u00e4nzung f\u00fcr jeden Au\u00dfenbereich. Dank der vielen verf\u00fcgbaren Gr\u00f6\u00dfen l\u00e4sst sich dieser Pflanzk\u00fcbel problemlos auf Ihrem Balkon, Ihrer Terrasse oder im Garten platzieren. Auch am Eingang Ihres Unternehmens bildet ein Set aus Cortenstahl-Pflanzk\u00fcbeln einen echten Blickfang mit einer robusten und modernen Ausstrahlung. Kombinieren Sie den ovalen Pflanzk\u00fcbel aus Cortenstahl beispielsweise mit <a href=\"https:\/\/cortenstaalverkoop.nl\/product\/cortenstaal-sfeerpaneel-nature\/\" target=\"_blank\" rel=\"noopener\">Cortenstahl Sichtschutz Nature<\/a> f\u00fcr einen harmonischen und modernen Look in Ihrem Au\u00dfenbereich.<\/p><p data-start=\"507\" data-end=\"773\">Durch die Kombination verschiedener Formate entsteht m\u00fchelos ein verspieltes und originelles Ensemble mit sch\u00f6nen H\u00f6henvariationen. Die ovale Form verleiht dem Ensemble eine weiche, elegante Anmutung, die einen perfekten Kontrast zum robusten Charakter des Cortenstahls bildet.<\/p><p data-start=\"775\" data-end=\"1035\">Der Pflanzk\u00fcbel verf\u00fcgt \u00fcber einen doppelt gefalteten oberen Rand, der nicht nur f\u00fcr ein elegantes Finish sorgt, sondern auch zus\u00e4tzliche Stabilit\u00e4t bietet. Die Standardst\u00e4rke des Cortenstahls betr\u00e4gt 2 mm, auf Anfrage sind jedoch auch St\u00e4rken von 3, 4 und 5 mm erh\u00e4ltlich.<\/p><h4>Pflanztipps:<\/h4><ul><li>Den Boden mit einer Kiesschicht, \u00d8 35 mm, versehen.<\/li><li>Verwenden Sie kein \u00dcberlaufrohr, da kein Wasser im Beh\u00e4lter zur\u00fcckbleiben darf.<\/li><li>\u00dcber den Kies wird ein wasserdurchl\u00e4ssiges Antiwurzeltuch gelegt.<\/li><li>Dann die Erde, die f\u00fcr die gew\u00e4hlte Bepflanzung geeignet ist.<\/li><\/ul><h5>Wichtig:<\/h5><ul><li style=\"list-style-type: none;\"><ul><li>Die Produkte werden rostfrei geliefert.<\/li><li>Auf gute Drainage achten (L\u00f6cher im Boden serienm\u00e4\u00dfig ab Produktion), kein \u00fcbersch\u00fcssiges Wasser sollte im Pflanzgef\u00e4\u00df verbleiben, da das Material dann durch die Kombination von Sauerstoff und Erde zu rosten beginnen kann.<\/li><li>Kein Hydrogranulat verwenden, da es Feuchtigkeit speichert.<\/li><li>Produkte m\u00fcssen sofort nach der Lieferung ausgepackt werden, damit eventuelle Feuchtigkeit zwischen Verpackung und Produkt entweichen kann. Da dies zu unregelm\u00e4\u00dfigem Rost und Fleckenbildung f\u00fchren kann. Das Pflanzgef\u00e4\u00df kann w\u00e4hrend des Rostvorgangs abfallen.<\/li><li>Sehr stark, verschlei\u00dffest auch sehr langlebig<\/li><li>Schlankes und somit zeitloses Design<\/li><li>Wetterfestes und sehr langlebiges Material<\/li><li>Warmes und nat\u00fcrliches Aussehen<\/li><li>5 Jahre Garantie<\/li><li>wartungsarm<\/li><\/ul><\/li><\/ul><h6>Produktinfo Cortenstahl:<\/h6><p><a href=\"https:\/\/nl.wikipedia.org\/wikirong\/Cortenstaal\" target=\"_blank\" rel=\"noopener noreferrer\">Cor-Ten-Stahl<\/a> auch als wetterfester Stahl bekannt. Es handelt sich um eine Metalllegierung aus Eisen, dem Kupfer, Silizium, Nickel und Chrom zugesetzt wurden. Cortenstahl ist eine sehr feste Stahlsorte. Denn es hat die Eigenschaft, sich an der Au\u00dfenluft mit einer sch\u00fctzenden Rostschicht zu bedecken. Diese nat\u00fcrliche feste Rostschicht bildet den Schutz gegen weitere Korrosion.<\/p>\t\t\t\t\t\t\t\t<\/div>\n\t\t\t\t<\/div>\n\t\t\t\t\t<\/div>\n\t\t<\/div>\n\t\t\t\t\t<\/div>\n\t\t<\/section>\n\t\t\t\t<\/div>","protected":false},"excerpt":{"rendered":"<p>Der Cortenstahl Pflanzgef\u00e4\u00df Oval ist in verschiedenen Gr\u00f6\u00dfen erh\u00e4ltlich und stellt eine stilvolle und vielseitige Erg\u00e4nzung f\u00fcr jeden Au\u00dfenbereich dar. Die ovale Form verleiht ihm eine weiche, elegante Ausstrahlung, die perfekt mit dem robusten Charakter von Cortenstahl kontrastiert. Die Materialst\u00e4rke des Cortenstahl-Pflanzk\u00fcbels betr\u00e4gt standardm\u00e4\u00dfig 2 mm (3\u20134 und 5 mm sind auf Anfrage m\u00f6glich).<\/p>\n<ul>\n<li>Sehr stark und abriebfest<\/li>\n<li>Pflegeleichtes, witterungsbest\u00e4ndiges und langlebiges Material<\/li>\n<li>Warmes und nat\u00fcrliches Aussehen<\/li>\n<li>Unter dem Boden der Pflanzgef\u00e4\u00dfe sind standardm\u00e4\u00dfige 15-mm-F\u00fc\u00dfe angebracht, die f\u00fcr eine gute Drainage sorgen.<\/li>\n<li>Individualisierung m\u00f6glich, mit oder ohne Boden.<\/li>\n<li>Wir verwenden nur Cortenstahl S355JOWP<\/li>\n<li>5 Jahre Garantie<\/li>\n<\/ul>","protected":false},"featured_media":2094,"template":"","meta":{"site-sidebar-layout":"default","site-content-layout":"default","ast-site-content-layout":"default","site-content-style":"default","site-sidebar-style":"default","ast-global-header-display":"","ast-banner-title-visibility":"","ast-main-header-display":"","ast-hfb-above-header-display":"","ast-hfb-below-header-display":"","ast-hfb-mobile-header-display":"","site-post-title":"","ast-breadcrumbs-content":"","ast-featured-img":"","footer-sml-layout":"","ast-disable-related-posts":"","theme-transparent-header-meta":"default","adv-header-id-meta":"","stick-header-meta":"","header-above-stick-meta":"","header-main-stick-meta":"","header-below-stick-meta":"","astra-migrate-meta-layouts":"set","ast-page-background-enabled":"default","ast-page-background-meta":{"desktop":{"background-color":"","background-image":"","background-repeat":"repeat","background-position":"center center","background-size":"auto","background-attachment":"scroll","background-type":"","background-media":"","overlay-type":"","overlay-color":"","overlay-opacity":"","overlay-gradient":""},"tablet":{"background-color":"","background-image":"","background-repeat":"repeat","background-position":"center center","background-size":"auto","background-attachment":"scroll","background-type":"","background-media":"","overlay-type":"","overlay-color":"","overlay-opacity":"","overlay-gradient":""},"mobile":{"background-color":"","background-image":"","background-repeat":"repeat","background-position":"center center","background-size":"auto","background-attachment":"scroll","background-type":"","background-media":"","overlay-type":"","overlay-color":"","overlay-opacity":"","overlay-gradient":""}},"ast-content-background-meta":{"desktop":{"background-color":"var(--ast-global-color-5)","background-image":"","background-repeat":"repeat","background-position":"center center","background-size":"auto","background-attachment":"scroll","background-type":"","background-media":"","overlay-type":"","overlay-color":"","overlay-opacity":"","overlay-gradient":""},"tablet":{"background-color":"var(--ast-global-color-5)","background-image":"","background-repeat":"repeat","background-position":"center center","background-size":"auto","background-attachment":"scroll","background-type":"","background-media":"","overlay-type":"","overlay-color":"","overlay-opacity":"","overlay-gradient":""},"mobile":{"background-color":"var(--ast-global-color-5)","background-image":"","background-repeat":"repeat","background-position":"center center","background-size":"auto","background-attachment":"scroll","background-type":"","background-media":"","overlay-type":"","overlay-color":"","overlay-opacity":"","overlay-gradient":""}}},"product_brand":[],"product_cat":[57],"product_tag":[],"class_list":{"0":"post-1045","1":"product","2":"type-product","3":"status-publish","4":"has-post-thumbnail","6":"product_cat-cortenstaal-plantenbakken","7":"product_shipping_class-fritom","8":"desktop-align-left","9":"tablet-align-left","10":"mobile-align-left","12":"first","13":"instock","14":"featured","15":"taxable","16":"shipping-taxable","17":"purchasable","18":"product-type-variable"},"yoast_head":"<!-- This site is optimized with the Yoast SEO plugin v27.4 - https:\/\/yoast.com\/product\/yoast-seo-wordpress\/ -->\n<title>Cortenstaal plantenbak ovaal, goedkoop bij cortenstaalverkoop.nl<\/title>\n<meta name=\"description\" content=\"Cortenstaal plantenbak ovaal, diverse maten.\u2705 beste kwaliteit \u2705 5 jaar garantie! Bestel uw cortenstaal plantenbak ovaal goedkoop bij cortenstaalverkoop.nl!\" \/>\n<meta name=\"robots\" content=\"index, follow, max-snippet:-1, max-image-preview:large, max-video-preview:-1\" \/>\n<link rel=\"canonical\" href=\"https:\/\/cortenstaalverkoop.nl\/de\/produkt\/cortenstahl-pflanzgefas-oval\/\" \/>\n<meta property=\"og:locale\" content=\"de_DE\" \/>\n<meta property=\"og:type\" content=\"article\" \/>\n<meta property=\"og:title\" content=\"Cortenstaal plantenbak ovaal, goedkoop bij cortenstaalverkoop.nl\" \/>\n<meta property=\"og:description\" content=\"Cortenstaal plantenbak ovaal, diverse maten.\u2705 beste kwaliteit \u2705 5 jaar garantie! Bestel uw cortenstaal plantenbak ovaal goedkoop bij cortenstaalverkoop.nl!\" \/>\n<meta property=\"og:url\" content=\"https:\/\/cortenstaalverkoop.nl\/de\/produkt\/cortenstahl-pflanzgefas-oval\/\" \/>\n<meta property=\"og:site_name\" content=\"Cortenstaalverkoop.nl\" \/>\n<meta property=\"article:modified_time\" content=\"2026-04-16T11:55:44+00:00\" \/>\n<meta property=\"og:image\" content=\"https:\/\/cortenstaalverkoop.nl\/wp-content\/uploads\/2019\/11\/ELLIPSE-CEL-01.jpg\" \/>\n\t<meta property=\"og:image:width\" content=\"1500\" \/>\n\t<meta property=\"og:image:height\" content=\"1500\" \/>\n\t<meta property=\"og:image:type\" content=\"image\/jpeg\" \/>\n<meta name=\"twitter:card\" content=\"summary_large_image\" \/>\n<meta name=\"twitter:label1\" content=\"Gesch\u00e4tzte Lesezeit\" \/>\n\t<meta name=\"twitter:data1\" content=\"3\u00a0Minuten\" \/>\n<script type=\"application\/ld+json\" class=\"yoast-schema-graph\">{\"@context\":\"https:\\\/\\\/schema.org\",\"@graph\":[{\"@type\":\"WebPage\",\"@id\":\"https:\\\/\\\/cortenstaalverkoop.nl\\\/product\\\/cortenstaal-plantenbak-ovaal\\\/\",\"url\":\"https:\\\/\\\/cortenstaalverkoop.nl\\\/product\\\/cortenstaal-plantenbak-ovaal\\\/\",\"name\":\"Cortenstaal plantenbak ovaal, goedkoop bij cortenstaalverkoop.nl\",\"isPartOf\":{\"@id\":\"https:\\\/\\\/cortenstaalverkoop.nl\\\/#website\"},\"primaryImageOfPage\":{\"@id\":\"https:\\\/\\\/cortenstaalverkoop.nl\\\/product\\\/cortenstaal-plantenbak-ovaal\\\/#primaryimage\"},\"image\":{\"@id\":\"https:\\\/\\\/cortenstaalverkoop.nl\\\/product\\\/cortenstaal-plantenbak-ovaal\\\/#primaryimage\"},\"thumbnailUrl\":\"https:\\\/\\\/cortenstaalverkoop.nl\\\/wp-content\\\/uploads\\\/2019\\\/11\\\/ELLIPSE-CEL-01.jpg\",\"datePublished\":\"2019-11-27T20:25:31+00:00\",\"dateModified\":\"2026-04-16T11:55:44+00:00\",\"description\":\"Cortenstaal plantenbak ovaal, diverse maten.\u2705 beste kwaliteit \u2705 5 jaar garantie! Bestel uw cortenstaal plantenbak ovaal goedkoop bij cortenstaalverkoop.nl!\",\"breadcrumb\":{\"@id\":\"https:\\\/\\\/cortenstaalverkoop.nl\\\/product\\\/cortenstaal-plantenbak-ovaal\\\/#breadcrumb\"},\"inLanguage\":\"de\",\"potentialAction\":[{\"@type\":\"ReadAction\",\"target\":[\"https:\\\/\\\/cortenstaalverkoop.nl\\\/product\\\/cortenstaal-plantenbak-ovaal\\\/\"]}]},{\"@type\":\"ImageObject\",\"inLanguage\":\"de\",\"@id\":\"https:\\\/\\\/cortenstaalverkoop.nl\\\/product\\\/cortenstaal-plantenbak-ovaal\\\/#primaryimage\",\"url\":\"https:\\\/\\\/cortenstaalverkoop.nl\\\/wp-content\\\/uploads\\\/2019\\\/11\\\/ELLIPSE-CEL-01.jpg\",\"contentUrl\":\"https:\\\/\\\/cortenstaalverkoop.nl\\\/wp-content\\\/uploads\\\/2019\\\/11\\\/ELLIPSE-CEL-01.jpg\",\"width\":1500,\"height\":1500,\"caption\":\"Cortenstaal plantenbak ovaal\"},{\"@type\":\"BreadcrumbList\",\"@id\":\"https:\\\/\\\/cortenstaalverkoop.nl\\\/product\\\/cortenstaal-plantenbak-ovaal\\\/#breadcrumb\",\"itemListElement\":[{\"@type\":\"ListItem\",\"position\":1,\"name\":\"Home\",\"item\":\"https:\\\/\\\/cortenstaalverkoop.nl\\\/\"},{\"@type\":\"ListItem\",\"position\":2,\"name\":\"Assortiment\",\"item\":\"https:\\\/\\\/cortenstaalverkoop.nl\\\/assortiment-cortenstaal\\\/\"},{\"@type\":\"ListItem\",\"position\":3,\"name\":\"Cortenstaal plantenbak ovaal\"}]},{\"@type\":\"WebSite\",\"@id\":\"https:\\\/\\\/cortenstaalverkoop.nl\\\/#website\",\"url\":\"https:\\\/\\\/cortenstaalverkoop.nl\\\/\",\"name\":\"Cortenstaalverkoop.nl\",\"description\":\"de cortenstaal specialist!\",\"publisher\":{\"@id\":\"https:\\\/\\\/cortenstaalverkoop.nl\\\/#organization\"},\"potentialAction\":[{\"@type\":\"SearchAction\",\"target\":{\"@type\":\"EntryPoint\",\"urlTemplate\":\"https:\\\/\\\/cortenstaalverkoop.nl\\\/?s={search_term_string}\"},\"query-input\":{\"@type\":\"PropertyValueSpecification\",\"valueRequired\":true,\"valueName\":\"search_term_string\"}}],\"inLanguage\":\"de\"},{\"@type\":\"Organization\",\"@id\":\"https:\\\/\\\/cortenstaalverkoop.nl\\\/#organization\",\"name\":\"Cortenstaalverkoop.nl\",\"url\":\"https:\\\/\\\/cortenstaalverkoop.nl\\\/\",\"logo\":{\"@type\":\"ImageObject\",\"inLanguage\":\"de\",\"@id\":\"https:\\\/\\\/cortenstaalverkoop.nl\\\/#\\\/schema\\\/logo\\\/image\\\/\",\"url\":\"https:\\\/\\\/cortenstaalverkoop.nl\\\/wp-content\\\/uploads\\\/2019\\\/11\\\/cortenstaal-logo-1.png\",\"contentUrl\":\"https:\\\/\\\/cortenstaalverkoop.nl\\\/wp-content\\\/uploads\\\/2019\\\/11\\\/cortenstaal-logo-1.png\",\"width\":480,\"height\":163,\"caption\":\"Cortenstaalverkoop.nl\"},\"image\":{\"@id\":\"https:\\\/\\\/cortenstaalverkoop.nl\\\/#\\\/schema\\\/logo\\\/image\\\/\"}}]}<\/script>\n<!-- \/ Yoast SEO plugin. -->","yoast_head_json":{"title":"Pflanzgef\u00e4\u00df aus Cortenstahl oval, g\u00fcnstig bei cortenstaalverkoop.nl","description":"Pflanzgef\u00e4\u00df aus Cortenstahl oval, verschiedene Gr\u00f6\u00dfen Beste Qualit\u00e4t \u2705 5 Jahre Garantie! Bestellen Sie Ihren Cortenstahl Pflanzk\u00fcbel oval g\u00fcnstig bei cortenstaalverkoop.nl!","robots":{"index":"index","follow":"follow","max-snippet":"max-snippet:-1","max-image-preview":"max-image-preview:large","max-video-preview":"max-video-preview:-1"},"canonical":"https:\/\/cortenstaalverkoop.nl\/de\/produkt\/cortenstahl-pflanzgefas-oval\/","og_locale":"de_DE","og_type":"article","og_title":"Cortenstaal plantenbak ovaal, goedkoop bij cortenstaalverkoop.nl","og_description":"Cortenstaal plantenbak ovaal, diverse maten.\u2705 beste kwaliteit \u2705 5 jaar garantie! Bestel uw cortenstaal plantenbak ovaal goedkoop bij cortenstaalverkoop.nl!","og_url":"https:\/\/cortenstaalverkoop.nl\/de\/produkt\/cortenstahl-pflanzgefas-oval\/","og_site_name":"Cortenstaalverkoop.nl","article_modified_time":"2026-04-16T11:55:44+00:00","og_image":[{"width":1500,"height":1500,"url":"https:\/\/cortenstaalverkoop.nl\/wp-content\/uploads\/2019\/11\/ELLIPSE-CEL-01.jpg","type":"image\/jpeg"}],"twitter_card":"summary_large_image","twitter_misc":{"Gesch\u00e4tzte Lesezeit":"3\u00a0Minuten"},"schema":{"@context":"https:\/\/schema.org","@graph":[{"@type":"WebPage","@id":"https:\/\/cortenstaalverkoop.nl\/product\/cortenstaal-plantenbak-ovaal\/","url":"https:\/\/cortenstaalverkoop.nl\/product\/cortenstaal-plantenbak-ovaal\/","name":"Pflanzgef\u00e4\u00df aus Cortenstahl oval, g\u00fcnstig bei cortenstaalverkoop.nl","isPartOf":{"@id":"https:\/\/cortenstaalverkoop.nl\/#website"},"primaryImageOfPage":{"@id":"https:\/\/cortenstaalverkoop.nl\/product\/cortenstaal-plantenbak-ovaal\/#primaryimage"},"image":{"@id":"https:\/\/cortenstaalverkoop.nl\/product\/cortenstaal-plantenbak-ovaal\/#primaryimage"},"thumbnailUrl":"https:\/\/cortenstaalverkoop.nl\/wp-content\/uploads\/2019\/11\/ELLIPSE-CEL-01.jpg","datePublished":"2019-11-27T20:25:31+00:00","dateModified":"2026-04-16T11:55:44+00:00","description":"Pflanzgef\u00e4\u00df aus Cortenstahl oval, verschiedene Gr\u00f6\u00dfen Beste Qualit\u00e4t \u2705 5 Jahre Garantie! Bestellen Sie Ihren Cortenstahl Pflanzk\u00fcbel oval g\u00fcnstig bei cortenstaalverkoop.nl!","breadcrumb":{"@id":"https:\/\/cortenstaalverkoop.nl\/product\/cortenstaal-plantenbak-ovaal\/#breadcrumb"},"inLanguage":"de","potentialAction":[{"@type":"ReadAction","target":["https:\/\/cortenstaalverkoop.nl\/product\/cortenstaal-plantenbak-ovaal\/"]}]},{"@type":"ImageObject","inLanguage":"de","@id":"https:\/\/cortenstaalverkoop.nl\/product\/cortenstaal-plantenbak-ovaal\/#primaryimage","url":"https:\/\/cortenstaalverkoop.nl\/wp-content\/uploads\/2019\/11\/ELLIPSE-CEL-01.jpg","contentUrl":"https:\/\/cortenstaalverkoop.nl\/wp-content\/uploads\/2019\/11\/ELLIPSE-CEL-01.jpg","width":1500,"height":1500,"caption":"Cortenstaal plantenbak ovaal"},{"@type":"BreadcrumbList","@id":"https:\/\/cortenstaalverkoop.nl\/product\/cortenstaal-plantenbak-ovaal\/#breadcrumb","itemListElement":[{"@type":"ListItem","position":1,"name":"Home","item":"https:\/\/cortenstaalverkoop.nl\/"},{"@type":"ListItem","position":2,"name":"Assortiment","item":"https:\/\/cortenstaalverkoop.nl\/assortiment-cortenstaal\/"},{"@type":"ListItem","position":3,"name":"Cortenstaal plantenbak ovaal"}]},{"@type":"WebSite","@id":"https:\/\/cortenstaalverkoop.nl\/#website","url":"https:\/\/cortenstaalverkoop.nl\/","name":"Cortenstaalverkoop.nl","description":"die cortenstaal-Spezialisten!","publisher":{"@id":"https:\/\/cortenstaalverkoop.nl\/#organization"},"potentialAction":[{"@type":"SearchAction","target":{"@type":"EntryPoint","urlTemplate":"https:\/\/cortenstaalverkoop.nl\/?s={search_term_string}"},"query-input":{"@type":"PropertyValueSpecification","valueRequired":true,"valueName":"search_term_string"}}],"inLanguage":"de"},{"@type":"Organization","@id":"https:\/\/cortenstaalverkoop.nl\/#organization","name":"Cortenstaalverkoop.nl","url":"https:\/\/cortenstaalverkoop.nl\/","logo":{"@type":"ImageObject","inLanguage":"de","@id":"https:\/\/cortenstaalverkoop.nl\/#\/schema\/logo\/image\/","url":"https:\/\/cortenstaalverkoop.nl\/wp-content\/uploads\/2019\/11\/cortenstaal-logo-1.png","contentUrl":"https:\/\/cortenstaalverkoop.nl\/wp-content\/uploads\/2019\/11\/cortenstaal-logo-1.png","width":480,"height":163,"caption":"Cortenstaalverkoop.nl"},"image":{"@id":"https:\/\/cortenstaalverkoop.nl\/#\/schema\/logo\/image\/"}}]}},"_links":{"self":[{"href":"https:\/\/cortenstaalverkoop.nl\/de\/wp-json\/wp\/v2\/product\/1045","targetHints":{"allow":["GET"]}}],"collection":[{"href":"https:\/\/cortenstaalverkoop.nl\/de\/wp-json\/wp\/v2\/product"}],"about":[{"href":"https:\/\/cortenstaalverkoop.nl\/de\/wp-json\/wp\/v2\/types\/product"}],"version-history":[{"count":35,"href":"https:\/\/cortenstaalverkoop.nl\/de\/wp-json\/wp\/v2\/product\/1045\/revisions"}],"predecessor-version":[{"id":11145,"href":"https:\/\/cortenstaalverkoop.nl\/de\/wp-json\/wp\/v2\/product\/1045\/revisions\/11145"}],"wp:featuredmedia":[{"embeddable":true,"href":"https:\/\/cortenstaalverkoop.nl\/de\/wp-json\/wp\/v2\/media\/2094"}],"wp:attachment":[{"href":"https:\/\/cortenstaalverkoop.nl\/de\/wp-json\/wp\/v2\/media?parent=1045"}],"wp:term":[{"taxonomy":"product_brand","embeddable":true,"href":"https:\/\/cortenstaalverkoop.nl\/de\/wp-json\/wp\/v2\/product_brand?post=1045"},{"taxonomy":"product_cat","embeddable":true,"href":"https:\/\/cortenstaalverkoop.nl\/de\/wp-json\/wp\/v2\/product_cat?post=1045"},{"taxonomy":"product_tag","embeddable":true,"href":"https:\/\/cortenstaalverkoop.nl\/de\/wp-json\/wp\/v2\/product_tag?post=1045"}],"curies":[{"name":"wp","href":"https:\/\/api.w.org\/{rel}","templated":true}]}}