{"id":10473,"date":"2026-02-18T14:02:11","date_gmt":"2026-02-18T13:02:11","guid":{"rendered":"https:\/\/cortenstaalverkoop.nl\/?post_type=product&#038;p=10473"},"modified":"2026-02-20T17:09:51","modified_gmt":"2026-02-20T16:09:51","slug":"kamado-workstation","status":"publish","type":"product","link":"https:\/\/cortenstaalverkoop.nl\/de\/product\/kamado-workstation\/","title":{"rendered":"Kamado workstation"},"content":{"rendered":"<div data-elementor-type=\"wp-post\" data-elementor-id=\"10473\" class=\"elementor elementor-10473\">\n\t\t\t\t\t\t<section class=\"elementor-section elementor-top-section elementor-element elementor-element-5d3a55ae elementor-section-boxed elementor-section-height-default elementor-section-height-default\" data-id=\"5d3a55ae\" data-element_type=\"section\" data-e-type=\"section\">\n\t\t\t\t\t\t<div class=\"elementor-container elementor-column-gap-default\">\n\t\t\t\t\t<div class=\"elementor-column elementor-col-100 elementor-top-column elementor-element elementor-element-6bce4bf2\" data-id=\"6bce4bf2\" data-element_type=\"column\" data-e-type=\"column\">\n\t\t\t<div class=\"elementor-widget-wrap elementor-element-populated\">\n\t\t\t\t\t\t<div class=\"elementor-element elementor-element-495f2e35 elementor-widget elementor-widget-text-editor\" data-id=\"495f2e35\" data-element_type=\"widget\" data-e-type=\"widget\" data-widget_type=\"text-editor.default\">\n\t\t\t\t<div class=\"elementor-widget-container\">\n\t\t\t\t\t\t\t\t\t<h2 data-start=\"203\" data-end=\"273\">Kamado workstation outdoor-K\u00fcche mit Luxus und nat\u00fcrlichen look<\/h2><p data-start=\"275\" data-end=\"718\">Dieser Kamado workstation outdoor-K\u00fcche kommt in seine eigenen sich wunderbar unter dem gr\u00fcn in Ihrem Garten. Dank der Bambus-finish in Kombination mit dem Neolithikum Riverwashed ceramic-Arbeitsplatte, die ganze Sache bekommt auch einen luxuri\u00f6sen und nat\u00fcrlichen look. Auch ist es <a href=\"https:\/\/nl.wikipedia.org\/wiki\/Cortenstaal\" target=\"_blank\" rel=\"noopener\">Cortenstahl<\/a> tr\u00e4gt wesentlich zu diesem. F\u00fcr Beispiel, die charakteristische orange-braune Farbe, die ist erstellt durch eine Nat\u00fcrliche rostschicht, sorgt f\u00fcr eine warme und robuste Erscheinung.<\/p><p data-start=\"720\" data-end=\"898\">Dar\u00fcber hinaus Corten-Stahl-ist bekannt als wetterfester Stahl. Dies bedeutet, dass Witterungseinfl\u00fcsse tats\u00e4chlich st\u00e4rken die material und daher sehr geeignet f\u00fcr den outdoor-Einsatz.<\/p><p data-start=\"970\" data-end=\"1258\">Sie k\u00f6nnen auch bestellen Sie diese outdoor-K\u00fcche mit einer haltbaren Pulverbeschichtung. In diesem Fall stellen wir den Rahmen aus 3 mm dickem Aluminium. Als Ergebnis der Kamado-workstation erh\u00e4lt nicht nur ein elegantes und modernes Aussehen, aber es ist auch hervorragend best\u00e4ndig gegen verschiedene Wetter Bedingungen.<\/p><h2 data-start=\"1265\" data-end=\"1330\">Perfekt zu kombinieren mit einem Big Green Egg!<\/h2><p data-start=\"1332\" data-end=\"1542\">\u00dcber diesen webshop k\u00f6nnen Sie auch kaufen ein passenden <a href=\"https:\/\/cortenstaalverkoop.nl\/product\/big-green-egg-large\/\" target=\"_blank\" rel=\"noopener\"><span class=\"hover:entity-accent entity-underline inline cursor-pointer align-baseline\"><span class=\"whitespace-normal\">Big Green Egg<\/span><\/span><\/a> zu einem sehr konkurrenzf\u00e4higen Preis. Auf diese Weise erstellen Sie eine komplette und professionelle outdoor-K\u00fcche, in der alles perfekt aufeinander abgestimmt.<\/p><p data-start=\"1549\" data-end=\"1613\">Mit dem Kamado-workstation haben Sie immer alle Ihre Zubeh\u00f6r und Zutaten an Ihren Fingerspitzen. Dies erm\u00f6glicht Ihnen, effizienter zu arbeiten und Erfahrung optimale Bedienbarkeit w\u00e4hrend der Vorbereitung Ihre Lieblings-Gerichte. Egal, ob Sie Grillen, r\u00e4uchern, Backen oder langsam Kochen Sie immer gen\u00fcgend Arbeitsfl\u00e4che und \u00fcbersicht. Die Kamado-workstation bietet nicht nur zus\u00e4tzlichen Komfort, sondern auch Ihre outdoor-K\u00fcche ein stilvolles und professionelles Aussehen.<\/p><p data-start=\"2070\" data-end=\"2312\">Die robuste Konstruktion und die praktischen layout erm\u00f6glichen das speichern von Grill-Zubeh\u00f6r sicher und ordentlich, w\u00e4hrend mit genug Platz, um Zutaten zubereiten. Dies macht das Grillen leichter, mehr Spa\u00df und mehr Entspannung.<\/p><p data-start=\"1305\" data-end=\"1430\">Schlie\u00dflich, wir liefern die Produkte unroasted, so dass das Nat\u00fcrliche rosten Prozess entwickeln kann, in einer authentischen Art und Weise.<\/p><p>Packen Sie das Produkt sofort nach der Lieferung. Dies erm\u00f6glicht es, keine Feuchtigkeit zwischen der Verpackung und dem Produkt verdampfen. Dies verhindert, dass unregelm\u00e4\u00dfige Rost und Flecken.<\/p><p><strong>Produktinformationen Corten-Stahl.<\/strong><br \/>Corten-Stahl, auch bekannt als wetterfester Stahl, ist eine starke Metall-Legierung von Eisen mit Zus\u00e4tzen wie Kupfer, Silizium, nickel und Chrom. Wenn ausgesetzt die au\u00dferhalb Luft, eine Schutzschicht aus Rost bildet sich auf seinen eigenen. Diese Schicht sch\u00fctzt den Stahl vor weiterer Korrosion und verl\u00e4ngert deutlich die Lebensdauer. Die charakteristische orange-braune Farbe und die lange Lebensdauer machen Corten-Stahl eine beliebte Wahl f\u00fcr den outdoor-Einsatz.<\/p><p>F\u00fcr Lieferungen nach Deutschland und \u00d6sterreich gelten folgende Versandkosten pro Gesamtbestellung: kleine Pakete \u20ac45, leichter Transport \u20ac80, Standardtransport \u20ac280 und Schwertransport \u20ac380 (inklusive Lieferung mit Mitnahmestapler)<\/p>\t\t\t\t\t\t\t\t<\/div>\n\t\t\t\t<\/div>\n\t\t\t\t\t<\/div>\n\t\t<\/div>\n\t\t\t\t\t<\/div>\n\t\t<\/section>\n\t\t\t\t<\/div>","protected":false},"excerpt":{"rendered":"<p>Die Kamado-Workstation ist das ultimative upgrade f\u00fcr jeden Platz im freien. Dieses stilvolle outdoor-K\u00fcche bietet genug Arbeitsfl\u00e4che, bequeme Lagerung-Optionen und ein Idealer Ort, um Ihre Gerichte zubereiten. Geeignet f\u00fcr fast jede Art von Kamado. Ein Kamado (Big Green Egg) ist ebenfalls verf\u00fcgbar.<\/p>\n<p>\u2022 Verstellbare stabile Beine f\u00fcr jeden Untergrund<br \/>\n* \u00d6ffnung f\u00fcr die kamado: \u00d8 345 mm<br \/>\n* Material Dicke: Corten-Stahl 2 mm und Aluminium-3 mm<br \/>\n\u2022 5 Jahre Garantie!<br \/>\n\u2022 4 R\u00e4der sind im Lieferumfang enthalten.<br \/>\n* mit \u00c4neolithikum riverwashed Keramik Arbeitsplatte<\/p>","protected":false},"featured_media":10799,"template":"","meta":{"site-sidebar-layout":"default","site-content-layout":"default","ast-site-content-layout":"default","site-content-style":"default","site-sidebar-style":"default","ast-global-header-display":"","ast-banner-title-visibility":"","ast-main-header-display":"","ast-hfb-above-header-display":"","ast-hfb-below-header-display":"","ast-hfb-mobile-header-display":"","site-post-title":"","ast-breadcrumbs-content":"","ast-featured-img":"","footer-sml-layout":"","ast-disable-related-posts":"","theme-transparent-header-meta":"default","adv-header-id-meta":"","stick-header-meta":"","header-above-stick-meta":"","header-main-stick-meta":"","header-below-stick-meta":"","astra-migrate-meta-layouts":"set","ast-page-background-enabled":"default","ast-page-background-meta":{"desktop":{"background-color":"","background-image":"","background-repeat":"repeat","background-position":"center center","background-size":"auto","background-attachment":"scroll","background-type":"","background-media":"","overlay-type":"","overlay-color":"","overlay-opacity":"","overlay-gradient":""},"tablet":{"background-color":"","background-image":"","background-repeat":"repeat","background-position":"center center","background-size":"auto","background-attachment":"scroll","background-type":"","background-media":"","overlay-type":"","overlay-color":"","overlay-opacity":"","overlay-gradient":""},"mobile":{"background-color":"","background-image":"","background-repeat":"repeat","background-position":"center center","background-size":"auto","background-attachment":"scroll","background-type":"","background-media":"","overlay-type":"","overlay-color":"","overlay-opacity":"","overlay-gradient":""}},"ast-content-background-meta":{"desktop":{"background-color":"var(--ast-global-color-5)","background-image":"","background-repeat":"repeat","background-position":"center center","background-size":"auto","background-attachment":"scroll","background-type":"","background-media":"","overlay-type":"","overlay-color":"","overlay-opacity":"","overlay-gradient":""},"tablet":{"background-color":"var(--ast-global-color-5)","background-image":"","background-repeat":"repeat","background-position":"center center","background-size":"auto","background-attachment":"scroll","background-type":"","background-media":"","overlay-type":"","overlay-color":"","overlay-opacity":"","overlay-gradient":""},"mobile":{"background-color":"var(--ast-global-color-5)","background-image":"","background-repeat":"repeat","background-position":"center center","background-size":"auto","background-attachment":"scroll","background-type":"","background-media":"","overlay-type":"","overlay-color":"","overlay-opacity":"","overlay-gradient":""}}},"product_brand":[],"product_cat":[58],"product_tag":[],"class_list":{"0":"post-10473","1":"product","2":"type-product","3":"status-publish","4":"has-post-thumbnail","6":"product_cat-cortenstaal-vuurelementen","7":"product_shipping_class-transport-heavy","8":"desktop-align-left","9":"tablet-align-left","10":"mobile-align-left","12":"first","13":"instock","14":"taxable","15":"shipping-taxable","16":"purchasable","17":"product-type-variable"},"yoast_head":"<!-- This site is optimized with the Yoast SEO plugin v27.3 - https:\/\/yoast.com\/product\/yoast-seo-wordpress\/ -->\n<title>Kamado workstation, goedkoop bij cortenstaalverkoop.nl<\/title>\n<meta name=\"description\" content=\"\u2705Kamado workstation\u2705 de beste kwaliteit \u2705 5 jaar garantie! Bestel uw Kamado workstation goedkoop bij cortenstaalverkoop.nl\" \/>\n<meta name=\"robots\" content=\"index, follow, max-snippet:-1, max-image-preview:large, max-video-preview:-1\" \/>\n<link rel=\"canonical\" href=\"https:\/\/cortenstaalverkoop.nl\/de\/produkt\/kamado-workstation\/\" \/>\n<meta property=\"og:locale\" content=\"de_DE\" \/>\n<meta property=\"og:type\" content=\"article\" \/>\n<meta property=\"og:title\" content=\"Kamado workstation, goedkoop bij cortenstaalverkoop.nl\" \/>\n<meta property=\"og:description\" content=\"\u2705Kamado workstation\u2705 de beste kwaliteit \u2705 5 jaar garantie! Bestel uw Kamado workstation goedkoop bij cortenstaalverkoop.nl\" \/>\n<meta property=\"og:url\" content=\"https:\/\/cortenstaalverkoop.nl\/de\/produkt\/kamado-workstation\/\" \/>\n<meta property=\"og:site_name\" content=\"Cortenstaalverkoop.nl\" \/>\n<meta property=\"article:modified_time\" content=\"2026-02-20T16:09:51+00:00\" \/>\n<meta property=\"og:image\" content=\"https:\/\/cortenstaalverkoop.nl\/wp-content\/uploads\/2025\/03\/kamado-onderstel-200.jpg\" \/>\n\t<meta property=\"og:image:width\" content=\"699\" \/>\n\t<meta property=\"og:image:height\" content=\"699\" \/>\n\t<meta property=\"og:image:type\" content=\"image\/jpeg\" \/>\n<meta name=\"twitter:card\" content=\"summary_large_image\" \/>\n<meta name=\"twitter:label1\" content=\"Gesch\u00e4tzte Lesezeit\" \/>\n\t<meta name=\"twitter:data1\" content=\"3\u00a0Minuten\" \/>\n<script type=\"application\/ld+json\" class=\"yoast-schema-graph\">{\"@context\":\"https:\\\/\\\/schema.org\",\"@graph\":[{\"@type\":\"WebPage\",\"@id\":\"https:\\\/\\\/cortenstaalverkoop.nl\\\/product\\\/kamado-workstation\\\/\",\"url\":\"https:\\\/\\\/cortenstaalverkoop.nl\\\/product\\\/kamado-workstation\\\/\",\"name\":\"Kamado workstation, goedkoop bij cortenstaalverkoop.nl\",\"isPartOf\":{\"@id\":\"https:\\\/\\\/cortenstaalverkoop.nl\\\/#website\"},\"primaryImageOfPage\":{\"@id\":\"https:\\\/\\\/cortenstaalverkoop.nl\\\/product\\\/kamado-workstation\\\/#primaryimage\"},\"image\":{\"@id\":\"https:\\\/\\\/cortenstaalverkoop.nl\\\/product\\\/kamado-workstation\\\/#primaryimage\"},\"thumbnailUrl\":\"https:\\\/\\\/cortenstaalverkoop.nl\\\/wp-content\\\/uploads\\\/2025\\\/03\\\/kamado-onderstel-200.jpg\",\"datePublished\":\"2026-02-18T13:02:11+00:00\",\"dateModified\":\"2026-02-20T16:09:51+00:00\",\"description\":\"\u2705Kamado workstation\u2705 de beste kwaliteit \u2705 5 jaar garantie! Bestel uw Kamado workstation goedkoop bij cortenstaalverkoop.nl\",\"breadcrumb\":{\"@id\":\"https:\\\/\\\/cortenstaalverkoop.nl\\\/product\\\/kamado-workstation\\\/#breadcrumb\"},\"inLanguage\":\"de\",\"potentialAction\":[{\"@type\":\"ReadAction\",\"target\":[\"https:\\\/\\\/cortenstaalverkoop.nl\\\/product\\\/kamado-workstation\\\/\"]}]},{\"@type\":\"ImageObject\",\"inLanguage\":\"de\",\"@id\":\"https:\\\/\\\/cortenstaalverkoop.nl\\\/product\\\/kamado-workstation\\\/#primaryimage\",\"url\":\"https:\\\/\\\/cortenstaalverkoop.nl\\\/wp-content\\\/uploads\\\/2025\\\/03\\\/kamado-onderstel-200.jpg\",\"contentUrl\":\"https:\\\/\\\/cortenstaalverkoop.nl\\\/wp-content\\\/uploads\\\/2025\\\/03\\\/kamado-onderstel-200.jpg\",\"width\":699,\"height\":699,\"caption\":\"Kamado workstation\"},{\"@type\":\"BreadcrumbList\",\"@id\":\"https:\\\/\\\/cortenstaalverkoop.nl\\\/product\\\/kamado-workstation\\\/#breadcrumb\",\"itemListElement\":[{\"@type\":\"ListItem\",\"position\":1,\"name\":\"Home\",\"item\":\"https:\\\/\\\/cortenstaalverkoop.nl\\\/\"},{\"@type\":\"ListItem\",\"position\":2,\"name\":\"Assortiment\",\"item\":\"https:\\\/\\\/cortenstaalverkoop.nl\\\/assortiment-cortenstaal\\\/\"},{\"@type\":\"ListItem\",\"position\":3,\"name\":\"Kamado workstation\"}]},{\"@type\":\"WebSite\",\"@id\":\"https:\\\/\\\/cortenstaalverkoop.nl\\\/#website\",\"url\":\"https:\\\/\\\/cortenstaalverkoop.nl\\\/\",\"name\":\"Cortenstaalverkoop.nl\",\"description\":\"de cortenstaal specialist!\",\"publisher\":{\"@id\":\"https:\\\/\\\/cortenstaalverkoop.nl\\\/#organization\"},\"potentialAction\":[{\"@type\":\"SearchAction\",\"target\":{\"@type\":\"EntryPoint\",\"urlTemplate\":\"https:\\\/\\\/cortenstaalverkoop.nl\\\/?s={search_term_string}\"},\"query-input\":{\"@type\":\"PropertyValueSpecification\",\"valueRequired\":true,\"valueName\":\"search_term_string\"}}],\"inLanguage\":\"de\"},{\"@type\":\"Organization\",\"@id\":\"https:\\\/\\\/cortenstaalverkoop.nl\\\/#organization\",\"name\":\"Cortenstaalverkoop.nl\",\"url\":\"https:\\\/\\\/cortenstaalverkoop.nl\\\/\",\"logo\":{\"@type\":\"ImageObject\",\"inLanguage\":\"de\",\"@id\":\"https:\\\/\\\/cortenstaalverkoop.nl\\\/#\\\/schema\\\/logo\\\/image\\\/\",\"url\":\"https:\\\/\\\/cortenstaalverkoop.nl\\\/wp-content\\\/uploads\\\/2019\\\/11\\\/cortenstaal-logo-1.png\",\"contentUrl\":\"https:\\\/\\\/cortenstaalverkoop.nl\\\/wp-content\\\/uploads\\\/2019\\\/11\\\/cortenstaal-logo-1.png\",\"width\":480,\"height\":163,\"caption\":\"Cortenstaalverkoop.nl\"},\"image\":{\"@id\":\"https:\\\/\\\/cortenstaalverkoop.nl\\\/#\\\/schema\\\/logo\\\/image\\\/\"}}]}<\/script>\n<!-- \/ Yoast SEO plugin. -->","yoast_head_json":{"title":"Kamado workstation, Billig Kamado workstation cortenstaalverkoop.nl","description":"\u2705Kamado workstation\u2705 beste Qualit\u00e4t \u2705 5 Jahre Garantie! Bestellen Sie Ihren Kamado-workstation Billig aus cortenstaalverkoop.nl","robots":{"index":"index","follow":"follow","max-snippet":"max-snippet:-1","max-image-preview":"max-image-preview:large","max-video-preview":"max-video-preview:-1"},"canonical":"https:\/\/cortenstaalverkoop.nl\/de\/produkt\/kamado-workstation\/","og_locale":"de_DE","og_type":"article","og_title":"Kamado workstation, goedkoop bij cortenstaalverkoop.nl","og_description":"\u2705Kamado workstation\u2705 de beste kwaliteit \u2705 5 jaar garantie! Bestel uw Kamado workstation goedkoop bij cortenstaalverkoop.nl","og_url":"https:\/\/cortenstaalverkoop.nl\/de\/produkt\/kamado-workstation\/","og_site_name":"Cortenstaalverkoop.nl","article_modified_time":"2026-02-20T16:09:51+00:00","og_image":[{"width":699,"height":699,"url":"https:\/\/cortenstaalverkoop.nl\/wp-content\/uploads\/2025\/03\/kamado-onderstel-200.jpg","type":"image\/jpeg"}],"twitter_card":"summary_large_image","twitter_misc":{"Gesch\u00e4tzte Lesezeit":"3\u00a0Minuten"},"schema":{"@context":"https:\/\/schema.org","@graph":[{"@type":"WebPage","@id":"https:\/\/cortenstaalverkoop.nl\/product\/kamado-workstation\/","url":"https:\/\/cortenstaalverkoop.nl\/product\/kamado-workstation\/","name":"Kamado workstation, Billig Kamado workstation cortenstaalverkoop.nl","isPartOf":{"@id":"https:\/\/cortenstaalverkoop.nl\/#website"},"primaryImageOfPage":{"@id":"https:\/\/cortenstaalverkoop.nl\/product\/kamado-workstation\/#primaryimage"},"image":{"@id":"https:\/\/cortenstaalverkoop.nl\/product\/kamado-workstation\/#primaryimage"},"thumbnailUrl":"https:\/\/cortenstaalverkoop.nl\/wp-content\/uploads\/2025\/03\/kamado-onderstel-200.jpg","datePublished":"2026-02-18T13:02:11+00:00","dateModified":"2026-02-20T16:09:51+00:00","description":"\u2705Kamado workstation\u2705 beste Qualit\u00e4t \u2705 5 Jahre Garantie! Bestellen Sie Ihren Kamado-workstation Billig aus cortenstaalverkoop.nl","breadcrumb":{"@id":"https:\/\/cortenstaalverkoop.nl\/product\/kamado-workstation\/#breadcrumb"},"inLanguage":"de","potentialAction":[{"@type":"ReadAction","target":["https:\/\/cortenstaalverkoop.nl\/product\/kamado-workstation\/"]}]},{"@type":"ImageObject","inLanguage":"de","@id":"https:\/\/cortenstaalverkoop.nl\/product\/kamado-workstation\/#primaryimage","url":"https:\/\/cortenstaalverkoop.nl\/wp-content\/uploads\/2025\/03\/kamado-onderstel-200.jpg","contentUrl":"https:\/\/cortenstaalverkoop.nl\/wp-content\/uploads\/2025\/03\/kamado-onderstel-200.jpg","width":699,"height":699,"caption":"Kamado workstation"},{"@type":"BreadcrumbList","@id":"https:\/\/cortenstaalverkoop.nl\/product\/kamado-workstation\/#breadcrumb","itemListElement":[{"@type":"ListItem","position":1,"name":"Home","item":"https:\/\/cortenstaalverkoop.nl\/"},{"@type":"ListItem","position":2,"name":"Assortiment","item":"https:\/\/cortenstaalverkoop.nl\/assortiment-cortenstaal\/"},{"@type":"ListItem","position":3,"name":"Kamado workstation"}]},{"@type":"WebSite","@id":"https:\/\/cortenstaalverkoop.nl\/#website","url":"https:\/\/cortenstaalverkoop.nl\/","name":"Cortenstaalverkoop.nl","description":"die cortenstaal-Spezialisten!","publisher":{"@id":"https:\/\/cortenstaalverkoop.nl\/#organization"},"potentialAction":[{"@type":"SearchAction","target":{"@type":"EntryPoint","urlTemplate":"https:\/\/cortenstaalverkoop.nl\/?s={search_term_string}"},"query-input":{"@type":"PropertyValueSpecification","valueRequired":true,"valueName":"search_term_string"}}],"inLanguage":"de"},{"@type":"Organization","@id":"https:\/\/cortenstaalverkoop.nl\/#organization","name":"Cortenstaalverkoop.nl","url":"https:\/\/cortenstaalverkoop.nl\/","logo":{"@type":"ImageObject","inLanguage":"de","@id":"https:\/\/cortenstaalverkoop.nl\/#\/schema\/logo\/image\/","url":"https:\/\/cortenstaalverkoop.nl\/wp-content\/uploads\/2019\/11\/cortenstaal-logo-1.png","contentUrl":"https:\/\/cortenstaalverkoop.nl\/wp-content\/uploads\/2019\/11\/cortenstaal-logo-1.png","width":480,"height":163,"caption":"Cortenstaalverkoop.nl"},"image":{"@id":"https:\/\/cortenstaalverkoop.nl\/#\/schema\/logo\/image\/"}}]}},"_links":{"self":[{"href":"https:\/\/cortenstaalverkoop.nl\/de\/wp-json\/wp\/v2\/product\/10473","targetHints":{"allow":["GET"]}}],"collection":[{"href":"https:\/\/cortenstaalverkoop.nl\/de\/wp-json\/wp\/v2\/product"}],"about":[{"href":"https:\/\/cortenstaalverkoop.nl\/de\/wp-json\/wp\/v2\/types\/product"}],"version-history":[{"count":59,"href":"https:\/\/cortenstaalverkoop.nl\/de\/wp-json\/wp\/v2\/product\/10473\/revisions"}],"predecessor-version":[{"id":10893,"href":"https:\/\/cortenstaalverkoop.nl\/de\/wp-json\/wp\/v2\/product\/10473\/revisions\/10893"}],"wp:featuredmedia":[{"embeddable":true,"href":"https:\/\/cortenstaalverkoop.nl\/de\/wp-json\/wp\/v2\/media\/10799"}],"wp:attachment":[{"href":"https:\/\/cortenstaalverkoop.nl\/de\/wp-json\/wp\/v2\/media?parent=10473"}],"wp:term":[{"taxonomy":"product_brand","embeddable":true,"href":"https:\/\/cortenstaalverkoop.nl\/de\/wp-json\/wp\/v2\/product_brand?post=10473"},{"taxonomy":"product_cat","embeddable":true,"href":"https:\/\/cortenstaalverkoop.nl\/de\/wp-json\/wp\/v2\/product_cat?post=10473"},{"taxonomy":"product_tag","embeddable":true,"href":"https:\/\/cortenstaalverkoop.nl\/de\/wp-json\/wp\/v2\/product_tag?post=10473"}],"curies":[{"name":"wp","href":"https:\/\/api.w.org\/{rel}","templated":true}]}}