{"id":10757,"date":"2026-01-10T16:44:33","date_gmt":"2026-01-10T15:44:33","guid":{"rendered":"https:\/\/cortenstaalverkoop.nl\/?post_type=product&#038;p=10757"},"modified":"2026-03-24T16:53:09","modified_gmt":"2026-03-24T15:53:09","slug":"corten-stahl-pflanzer-tap","status":"publish","type":"product","link":"https:\/\/cortenstaalverkoop.nl\/de\/product\/cortenstaal-plantenbak-tap\/","title":{"rendered":"Corten-Stahl Pflanzer TAP"},"content":{"rendered":"<h3>Der Corten-Stahl Pflanzer TIPPEN ist in verschiedenen Gr\u00f6\u00dfen erh\u00e4ltlich.<\/h3>\n<p>Daher einfach Platz auf Ihrem Balkon, Terrasse oder im Garten. Eine Reihe von Corten-Stahl <a href=\"https:\/\/cortenstaalverkoop.nl\/cortenstaal\/cortenstaal-plantenbakken\/\">Pflanzgef\u00e4\u00dfe<\/a> kann auch ein sch\u00f6ner Blickfang im Eingangsbereich Ihrer Firma. Durch die Kombination von verschiedenen Gr\u00f6\u00dfen, k\u00f6nnen Sie ganz einfach eine originelle Pflanzer mit Niveau-Unterschiede selbst. Die Obere Kante der Corten-Stahl Pflanzer TAP Sie doppelt umgewandelt.<\/p>\n<p>Cortenstahl ist eine sehr starke Stahlsorte, die die Eigenschaft besitzt, sich bei Kontakt mit der Au\u00dfenluft mit einer sch\u00fctzenden Rostschicht zu \u00fcberziehen. Diese nat\u00fcrliche feste Rostschicht bildet den Schutz vor weiterer Korrosion. Charakteristisch f\u00fcr Cortenstahl ist die braun-orange Rostfarbe und die hohe Lebensdauer.<br \/>\nUnsere Cortenstahlprodukte werden unverrostet geliefert und der Rostprozess dauert dann ca. 4-5 Monate.<\/p>\n<h4>Pflanztipps:<\/h4>\n<ul>\n<li>Den Boden mit einer Kiesschicht, \u00d8 35 mm, versehen.<\/li>\n<li>Verwenden Sie kein \u00dcberlaufrohr, da kein Wasser im Beh\u00e4lter zur\u00fcckbleiben darf.<\/li>\n<li>\u00dcber den Kies wird ein wasserdurchl\u00e4ssiges Antiwurzeltuch gelegt.<\/li>\n<li>Dann die Erde, die f\u00fcr die gew\u00e4hlte Bepflanzung geeignet ist.<\/li>\n<\/ul>\n<h5>Wichtig:<\/h5>\n<ul>\n<li style=\"list-style-type: none;\">\n<ul>\n<li>Die Produkte werden rostfrei geliefert.<\/li>\n<li>Auf gute Drainage achten (L\u00f6cher im Boden serienm\u00e4\u00dfig ab Produktion), kein \u00fcbersch\u00fcssiges Wasser sollte im Pflanzgef\u00e4\u00df verbleiben, da das Material dann durch die Kombination von Sauerstoff und Erde zu rosten beginnen kann.<\/li>\n<li>Kein Hydrogranulat verwenden, da es Feuchtigkeit speichert.<\/li>\n<li>Produkte m\u00fcssen sofort nach der Lieferung ausgepackt werden, damit eventuelle Feuchtigkeit zwischen Verpackung und Produkt entweichen kann. Da dies zu unregelm\u00e4\u00dfigem Rost und Fleckenbildung f\u00fchren kann. Das Pflanzgef\u00e4\u00df kann w\u00e4hrend des Rostvorgangs abfallen.<\/li>\n<li>Sehr stark, verschlei\u00dffest auch sehr langlebig<\/li>\n<li>Schlankes und somit zeitloses Design<\/li>\n<li>Wetterfestes und sehr langlebiges Material<\/li>\n<li>Warmes und nat\u00fcrliches Aussehen<\/li>\n<li>5 Jahre Garantie<\/li>\n<li>wartungsarm<\/li>\n<\/ul>\n<\/li>\n<\/ul>\n<h6>Produktinfo Cortenstahl:<\/h6>\n<p><a href=\"https:\/\/nl.wikipedia.org\/wikirong\/Cortenstaal\" target=\"_blank\" rel=\"noopener noreferrer\">Cor-Ten-Stahl<\/a> auch als wetterfester Stahl bekannt. Es handelt sich um eine Metalllegierung aus Eisen, dem Kupfer, Silizium, Nickel und Chrom zugesetzt wurden. Cortenstahl ist eine sehr feste Stahlsorte. Denn es hat die Eigenschaft, sich an der Au\u00dfenluft mit einer sch\u00fctzenden Rostschicht zu bedecken. Diese nat\u00fcrliche feste Rostschicht bildet den Schutz gegen weitere Korrosion.<\/p>\n<p>F\u00fcr Lieferungen nach Deutschland und \u00d6sterreich gelten folgende Versandkosten pro Gesamtbestellung: kleine Pakete \u20ac45, leichter Transport \u20ac80, Standardtransport \u20ac280 und Schwertransport \u20ac380 (inklusive Lieferung mit Mitnahmestapler)<\/p>","protected":false},"excerpt":{"rendered":"<p>Der Corten-Stahl Pflanzer TAP ist in verschiedenen Gr\u00f6\u00dfen erh\u00e4ltlich und so einfach zu Platz auf Ihrem Balkon, Terrasse oder im Garten. Eine Reihe von Corten-Stahl Pflanzer kann auch ein sch\u00f6ner Blickfang im Eingangsbereich Ihrer Firma. Durch die Kombination von verschiedenen Gr\u00f6\u00dfen, k\u00f6nnen Sie ganz einfach eine originelle Pflanzer mit Niveau-Unterschiede selbst. Die Obere Kante der Corten-Stahl Pflanzer TAP ist doppelt umgewandelt. Materialst\u00e4rke der Corten-Stahl Pflanzk\u00fcbel standard 2 mm (3-4 und 5 mm auf Anfrage m\u00f6glich).<\/p>\n<ul>\n<li>Sehr stark und abriebfest<\/li>\n<li>wartungsarm<\/li>\n<li>Wetterfestes und sehr langlebiges Material<\/li>\n<li>Warmes und nat\u00fcrliches Aussehen<\/li>\n<li>Standardm\u00e4\u00dfig befinden sich unter den Pflanzk\u00fcbel 15 mm F\u00fc\u00dfe f\u00fcr eine gute Entw\u00e4sserung.<\/li>\n<li>5 Jahre Garantie!<\/li>\n<\/ul>","protected":false},"featured_media":10775,"template":"","meta":{"site-sidebar-layout":"default","site-content-layout":"default","ast-site-content-layout":"default","site-content-style":"default","site-sidebar-style":"default","ast-global-header-display":"","ast-banner-title-visibility":"","ast-main-header-display":"","ast-hfb-above-header-display":"","ast-hfb-below-header-display":"","ast-hfb-mobile-header-display":"","site-post-title":"","ast-breadcrumbs-content":"","ast-featured-img":"","footer-sml-layout":"","ast-disable-related-posts":"","theme-transparent-header-meta":"default","adv-header-id-meta":"","stick-header-meta":"","header-above-stick-meta":"","header-main-stick-meta":"","header-below-stick-meta":"","astra-migrate-meta-layouts":"set","ast-page-background-enabled":"default","ast-page-background-meta":{"desktop":{"background-color":"","background-image":"","background-repeat":"repeat","background-position":"center center","background-size":"auto","background-attachment":"scroll","background-type":"","background-media":"","overlay-type":"","overlay-color":"","overlay-opacity":"","overlay-gradient":""},"tablet":{"background-color":"","background-image":"","background-repeat":"repeat","background-position":"center center","background-size":"auto","background-attachment":"scroll","background-type":"","background-media":"","overlay-type":"","overlay-color":"","overlay-opacity":"","overlay-gradient":""},"mobile":{"background-color":"","background-image":"","background-repeat":"repeat","background-position":"center center","background-size":"auto","background-attachment":"scroll","background-type":"","background-media":"","overlay-type":"","overlay-color":"","overlay-opacity":"","overlay-gradient":""}},"ast-content-background-meta":{"desktop":{"background-color":"var(--ast-global-color-5)","background-image":"","background-repeat":"repeat","background-position":"center center","background-size":"auto","background-attachment":"scroll","background-type":"","background-media":"","overlay-type":"","overlay-color":"","overlay-opacity":"","overlay-gradient":""},"tablet":{"background-color":"var(--ast-global-color-5)","background-image":"","background-repeat":"repeat","background-position":"center center","background-size":"auto","background-attachment":"scroll","background-type":"","background-media":"","overlay-type":"","overlay-color":"","overlay-opacity":"","overlay-gradient":""},"mobile":{"background-color":"var(--ast-global-color-5)","background-image":"","background-repeat":"repeat","background-position":"center center","background-size":"auto","background-attachment":"scroll","background-type":"","background-media":"","overlay-type":"","overlay-color":"","overlay-opacity":"","overlay-gradient":""}}},"product_brand":[],"product_cat":[57],"product_tag":[],"class_list":{"0":"post-10757","1":"product","2":"type-product","3":"status-publish","4":"has-post-thumbnail","6":"product_cat-cortenstaal-plantenbakken","7":"product_shipping_class-fritom","8":"desktop-align-left","9":"tablet-align-left","10":"mobile-align-left","12":"first","13":"instock","14":"featured","15":"taxable","16":"shipping-taxable","17":"purchasable","18":"product-type-variable"},"yoast_head":"<!-- This site is optimized with the Yoast SEO plugin v27.3 - https:\/\/yoast.com\/product\/yoast-seo-wordpress\/ -->\n<title>Cortenstaal plantenbak TAP, goedkoop bij cortenstaalverkoop.nl<\/title>\n<meta name=\"description\" content=\"\u2705 Cortenstaal plantenbak TAP, diverse maten.\u2705 beste kwaliteit \u2705 5 jaar garantie! Bestel uw cortenstaal plantenbak TAP goedkoop bij cortenstaalverkoop.nl\" \/>\n<meta name=\"robots\" content=\"index, follow, max-snippet:-1, max-image-preview:large, max-video-preview:-1\" \/>\n<link rel=\"canonical\" href=\"https:\/\/cortenstaalverkoop.nl\/de\/produkt\/corten-stahl-pflanzer-tap\/\" \/>\n<meta property=\"og:locale\" content=\"de_DE\" \/>\n<meta property=\"og:type\" content=\"article\" \/>\n<meta property=\"og:title\" content=\"Cortenstaal plantenbak TAP, goedkoop bij cortenstaalverkoop.nl\" \/>\n<meta property=\"og:description\" content=\"\u2705 Cortenstaal plantenbak TAP, diverse maten.\u2705 beste kwaliteit \u2705 5 jaar garantie! Bestel uw cortenstaal plantenbak TAP goedkoop bij cortenstaalverkoop.nl\" \/>\n<meta property=\"og:url\" content=\"https:\/\/cortenstaalverkoop.nl\/de\/produkt\/corten-stahl-pflanzer-tap\/\" \/>\n<meta property=\"og:site_name\" content=\"Cortenstaalverkoop.nl\" \/>\n<meta property=\"article:modified_time\" content=\"2026-03-24T15:53:09+00:00\" \/>\n<meta property=\"og:image\" content=\"https:\/\/cortenstaalverkoop.nl\/wp-content\/uploads\/2026\/01\/tap-COT8.2.webp\" \/>\n\t<meta property=\"og:image:width\" content=\"699\" \/>\n\t<meta property=\"og:image:height\" content=\"699\" \/>\n\t<meta property=\"og:image:type\" content=\"image\/webp\" \/>\n<meta name=\"twitter:card\" content=\"summary_large_image\" \/>\n<meta name=\"twitter:label1\" content=\"Gesch\u00e4tzte Lesezeit\" \/>\n\t<meta name=\"twitter:data1\" content=\"2\u00a0Minuten\" \/>\n<script type=\"application\/ld+json\" class=\"yoast-schema-graph\">{\"@context\":\"https:\\\/\\\/schema.org\",\"@graph\":[{\"@type\":\"WebPage\",\"@id\":\"https:\\\/\\\/cortenstaalverkoop.nl\\\/product\\\/cortenstaal-plantenbak-tap\\\/\",\"url\":\"https:\\\/\\\/cortenstaalverkoop.nl\\\/product\\\/cortenstaal-plantenbak-tap\\\/\",\"name\":\"Cortenstaal plantenbak TAP, goedkoop bij cortenstaalverkoop.nl\",\"isPartOf\":{\"@id\":\"https:\\\/\\\/cortenstaalverkoop.nl\\\/#website\"},\"primaryImageOfPage\":{\"@id\":\"https:\\\/\\\/cortenstaalverkoop.nl\\\/product\\\/cortenstaal-plantenbak-tap\\\/#primaryimage\"},\"image\":{\"@id\":\"https:\\\/\\\/cortenstaalverkoop.nl\\\/product\\\/cortenstaal-plantenbak-tap\\\/#primaryimage\"},\"thumbnailUrl\":\"https:\\\/\\\/cortenstaalverkoop.nl\\\/wp-content\\\/uploads\\\/2026\\\/01\\\/tap-COT8.2.webp\",\"datePublished\":\"2026-01-10T15:44:33+00:00\",\"dateModified\":\"2026-03-24T15:53:09+00:00\",\"description\":\"\u2705 Cortenstaal plantenbak TAP, diverse maten.\u2705 beste kwaliteit \u2705 5 jaar garantie! Bestel uw cortenstaal plantenbak TAP goedkoop bij cortenstaalverkoop.nl\",\"breadcrumb\":{\"@id\":\"https:\\\/\\\/cortenstaalverkoop.nl\\\/product\\\/cortenstaal-plantenbak-tap\\\/#breadcrumb\"},\"inLanguage\":\"de\",\"potentialAction\":[{\"@type\":\"ReadAction\",\"target\":[\"https:\\\/\\\/cortenstaalverkoop.nl\\\/product\\\/cortenstaal-plantenbak-tap\\\/\"]}]},{\"@type\":\"ImageObject\",\"inLanguage\":\"de\",\"@id\":\"https:\\\/\\\/cortenstaalverkoop.nl\\\/product\\\/cortenstaal-plantenbak-tap\\\/#primaryimage\",\"url\":\"https:\\\/\\\/cortenstaalverkoop.nl\\\/wp-content\\\/uploads\\\/2026\\\/01\\\/tap-COT8.2.webp\",\"contentUrl\":\"https:\\\/\\\/cortenstaalverkoop.nl\\\/wp-content\\\/uploads\\\/2026\\\/01\\\/tap-COT8.2.webp\",\"width\":699,\"height\":699,\"caption\":\"Cortenstaal plantenbak TAP\"},{\"@type\":\"BreadcrumbList\",\"@id\":\"https:\\\/\\\/cortenstaalverkoop.nl\\\/product\\\/cortenstaal-plantenbak-tap\\\/#breadcrumb\",\"itemListElement\":[{\"@type\":\"ListItem\",\"position\":1,\"name\":\"Home\",\"item\":\"https:\\\/\\\/cortenstaalverkoop.nl\\\/\"},{\"@type\":\"ListItem\",\"position\":2,\"name\":\"Assortiment\",\"item\":\"https:\\\/\\\/cortenstaalverkoop.nl\\\/assortiment-cortenstaal\\\/\"},{\"@type\":\"ListItem\",\"position\":3,\"name\":\"Cortenstaal plantenbak TAP\"}]},{\"@type\":\"WebSite\",\"@id\":\"https:\\\/\\\/cortenstaalverkoop.nl\\\/#website\",\"url\":\"https:\\\/\\\/cortenstaalverkoop.nl\\\/\",\"name\":\"Cortenstaalverkoop.nl\",\"description\":\"de cortenstaal specialist!\",\"publisher\":{\"@id\":\"https:\\\/\\\/cortenstaalverkoop.nl\\\/#organization\"},\"potentialAction\":[{\"@type\":\"SearchAction\",\"target\":{\"@type\":\"EntryPoint\",\"urlTemplate\":\"https:\\\/\\\/cortenstaalverkoop.nl\\\/?s={search_term_string}\"},\"query-input\":{\"@type\":\"PropertyValueSpecification\",\"valueRequired\":true,\"valueName\":\"search_term_string\"}}],\"inLanguage\":\"de\"},{\"@type\":\"Organization\",\"@id\":\"https:\\\/\\\/cortenstaalverkoop.nl\\\/#organization\",\"name\":\"Cortenstaalverkoop.nl\",\"url\":\"https:\\\/\\\/cortenstaalverkoop.nl\\\/\",\"logo\":{\"@type\":\"ImageObject\",\"inLanguage\":\"de\",\"@id\":\"https:\\\/\\\/cortenstaalverkoop.nl\\\/#\\\/schema\\\/logo\\\/image\\\/\",\"url\":\"https:\\\/\\\/cortenstaalverkoop.nl\\\/wp-content\\\/uploads\\\/2019\\\/11\\\/cortenstaal-logo-1.png\",\"contentUrl\":\"https:\\\/\\\/cortenstaalverkoop.nl\\\/wp-content\\\/uploads\\\/2019\\\/11\\\/cortenstaal-logo-1.png\",\"width\":480,\"height\":163,\"caption\":\"Cortenstaalverkoop.nl\"},\"image\":{\"@id\":\"https:\\\/\\\/cortenstaalverkoop.nl\\\/#\\\/schema\\\/logo\\\/image\\\/\"}}]}<\/script>\n<!-- \/ Yoast SEO plugin. -->","yoast_head_json":{"title":"Corten-Stahl Pflanzer TIPPEN, Billig, cortenstaalverkoop.nl","description":"\u2705 Corten-Stahl Pflanzer TIPPEN Sie auf, verschiedene Gr\u00f6\u00dfen.\u2705 beste Qualit\u00e4t \u2705 5 Jahre Garantie! Um Ihr Corten-Stahl Pflanzer TIPPEN Sie auf Billig aus cortenstaalverkoop.nl","robots":{"index":"index","follow":"follow","max-snippet":"max-snippet:-1","max-image-preview":"max-image-preview:large","max-video-preview":"max-video-preview:-1"},"canonical":"https:\/\/cortenstaalverkoop.nl\/de\/produkt\/corten-stahl-pflanzer-tap\/","og_locale":"de_DE","og_type":"article","og_title":"Cortenstaal plantenbak TAP, goedkoop bij cortenstaalverkoop.nl","og_description":"\u2705 Cortenstaal plantenbak TAP, diverse maten.\u2705 beste kwaliteit \u2705 5 jaar garantie! Bestel uw cortenstaal plantenbak TAP goedkoop bij cortenstaalverkoop.nl","og_url":"https:\/\/cortenstaalverkoop.nl\/de\/produkt\/corten-stahl-pflanzer-tap\/","og_site_name":"Cortenstaalverkoop.nl","article_modified_time":"2026-03-24T15:53:09+00:00","og_image":[{"width":699,"height":699,"url":"https:\/\/cortenstaalverkoop.nl\/wp-content\/uploads\/2026\/01\/tap-COT8.2.webp","type":"image\/webp"}],"twitter_card":"summary_large_image","twitter_misc":{"Gesch\u00e4tzte Lesezeit":"2\u00a0Minuten"},"schema":{"@context":"https:\/\/schema.org","@graph":[{"@type":"WebPage","@id":"https:\/\/cortenstaalverkoop.nl\/product\/cortenstaal-plantenbak-tap\/","url":"https:\/\/cortenstaalverkoop.nl\/product\/cortenstaal-plantenbak-tap\/","name":"Corten-Stahl Pflanzer TIPPEN, Billig, cortenstaalverkoop.nl","isPartOf":{"@id":"https:\/\/cortenstaalverkoop.nl\/#website"},"primaryImageOfPage":{"@id":"https:\/\/cortenstaalverkoop.nl\/product\/cortenstaal-plantenbak-tap\/#primaryimage"},"image":{"@id":"https:\/\/cortenstaalverkoop.nl\/product\/cortenstaal-plantenbak-tap\/#primaryimage"},"thumbnailUrl":"https:\/\/cortenstaalverkoop.nl\/wp-content\/uploads\/2026\/01\/tap-COT8.2.webp","datePublished":"2026-01-10T15:44:33+00:00","dateModified":"2026-03-24T15:53:09+00:00","description":"\u2705 Corten-Stahl Pflanzer TIPPEN Sie auf, verschiedene Gr\u00f6\u00dfen.\u2705 beste Qualit\u00e4t \u2705 5 Jahre Garantie! Um Ihr Corten-Stahl Pflanzer TIPPEN Sie auf Billig aus cortenstaalverkoop.nl","breadcrumb":{"@id":"https:\/\/cortenstaalverkoop.nl\/product\/cortenstaal-plantenbak-tap\/#breadcrumb"},"inLanguage":"de","potentialAction":[{"@type":"ReadAction","target":["https:\/\/cortenstaalverkoop.nl\/product\/cortenstaal-plantenbak-tap\/"]}]},{"@type":"ImageObject","inLanguage":"de","@id":"https:\/\/cortenstaalverkoop.nl\/product\/cortenstaal-plantenbak-tap\/#primaryimage","url":"https:\/\/cortenstaalverkoop.nl\/wp-content\/uploads\/2026\/01\/tap-COT8.2.webp","contentUrl":"https:\/\/cortenstaalverkoop.nl\/wp-content\/uploads\/2026\/01\/tap-COT8.2.webp","width":699,"height":699,"caption":"Cortenstaal plantenbak TAP"},{"@type":"BreadcrumbList","@id":"https:\/\/cortenstaalverkoop.nl\/product\/cortenstaal-plantenbak-tap\/#breadcrumb","itemListElement":[{"@type":"ListItem","position":1,"name":"Home","item":"https:\/\/cortenstaalverkoop.nl\/"},{"@type":"ListItem","position":2,"name":"Assortiment","item":"https:\/\/cortenstaalverkoop.nl\/assortiment-cortenstaal\/"},{"@type":"ListItem","position":3,"name":"Cortenstaal plantenbak TAP"}]},{"@type":"WebSite","@id":"https:\/\/cortenstaalverkoop.nl\/#website","url":"https:\/\/cortenstaalverkoop.nl\/","name":"Cortenstaalverkoop.nl","description":"die cortenstaal-Spezialisten!","publisher":{"@id":"https:\/\/cortenstaalverkoop.nl\/#organization"},"potentialAction":[{"@type":"SearchAction","target":{"@type":"EntryPoint","urlTemplate":"https:\/\/cortenstaalverkoop.nl\/?s={search_term_string}"},"query-input":{"@type":"PropertyValueSpecification","valueRequired":true,"valueName":"search_term_string"}}],"inLanguage":"de"},{"@type":"Organization","@id":"https:\/\/cortenstaalverkoop.nl\/#organization","name":"Cortenstaalverkoop.nl","url":"https:\/\/cortenstaalverkoop.nl\/","logo":{"@type":"ImageObject","inLanguage":"de","@id":"https:\/\/cortenstaalverkoop.nl\/#\/schema\/logo\/image\/","url":"https:\/\/cortenstaalverkoop.nl\/wp-content\/uploads\/2019\/11\/cortenstaal-logo-1.png","contentUrl":"https:\/\/cortenstaalverkoop.nl\/wp-content\/uploads\/2019\/11\/cortenstaal-logo-1.png","width":480,"height":163,"caption":"Cortenstaalverkoop.nl"},"image":{"@id":"https:\/\/cortenstaalverkoop.nl\/#\/schema\/logo\/image\/"}}]}},"_links":{"self":[{"href":"https:\/\/cortenstaalverkoop.nl\/de\/wp-json\/wp\/v2\/product\/10757","targetHints":{"allow":["GET"]}}],"collection":[{"href":"https:\/\/cortenstaalverkoop.nl\/de\/wp-json\/wp\/v2\/product"}],"about":[{"href":"https:\/\/cortenstaalverkoop.nl\/de\/wp-json\/wp\/v2\/types\/product"}],"version-history":[{"count":3,"href":"https:\/\/cortenstaalverkoop.nl\/de\/wp-json\/wp\/v2\/product\/10757\/revisions"}],"predecessor-version":[{"id":10916,"href":"https:\/\/cortenstaalverkoop.nl\/de\/wp-json\/wp\/v2\/product\/10757\/revisions\/10916"}],"wp:featuredmedia":[{"embeddable":true,"href":"https:\/\/cortenstaalverkoop.nl\/de\/wp-json\/wp\/v2\/media\/10775"}],"wp:attachment":[{"href":"https:\/\/cortenstaalverkoop.nl\/de\/wp-json\/wp\/v2\/media?parent=10757"}],"wp:term":[{"taxonomy":"product_brand","embeddable":true,"href":"https:\/\/cortenstaalverkoop.nl\/de\/wp-json\/wp\/v2\/product_brand?post=10757"},{"taxonomy":"product_cat","embeddable":true,"href":"https:\/\/cortenstaalverkoop.nl\/de\/wp-json\/wp\/v2\/product_cat?post=10757"},{"taxonomy":"product_tag","embeddable":true,"href":"https:\/\/cortenstaalverkoop.nl\/de\/wp-json\/wp\/v2\/product_tag?post=10757"}],"curies":[{"name":"wp","href":"https:\/\/api.w.org\/{rel}","templated":true}]}}