{"id":10818,"date":"2026-02-18T14:59:05","date_gmt":"2026-02-18T13:59:05","guid":{"rendered":"https:\/\/cortenstaalverkoop.nl\/?post_type=product&#038;p=10818"},"modified":"2026-04-20T16:16:52","modified_gmt":"2026-04-20T14:16:52","slug":"big-green-egg-large","status":"publish","type":"product","link":"https:\/\/cortenstaalverkoop.nl\/de\/product\/big-green-egg-large\/","title":{"rendered":"BIG GREEN EGG Large"},"content":{"rendered":"<div data-elementor-type=\"wp-post\" data-elementor-id=\"10818\" class=\"elementor elementor-10818\">\n\t\t\t\t\t\t<section class=\"elementor-section elementor-top-section elementor-element elementor-element-5d3a55ae elementor-section-boxed elementor-section-height-default elementor-section-height-default\" data-id=\"5d3a55ae\" data-element_type=\"section\" data-e-type=\"section\">\n\t\t\t\t\t\t<div class=\"elementor-container elementor-column-gap-default\">\n\t\t\t\t\t<div class=\"elementor-column elementor-col-100 elementor-top-column elementor-element elementor-element-6bce4bf2\" data-id=\"6bce4bf2\" data-element_type=\"column\" data-e-type=\"column\">\n\t\t\t<div class=\"elementor-widget-wrap elementor-element-populated\">\n\t\t\t\t\t\t<div class=\"elementor-element elementor-element-495f2e35 elementor-widget elementor-widget-text-editor\" data-id=\"495f2e35\" data-element_type=\"widget\" data-e-type=\"widget\" data-widget_type=\"text-editor.default\">\n\t\t\t\t<div class=\"elementor-widget-container\">\n\t\t\t\t\t\t\t\t\t<h2 data-start=\"0\" data-end=\"67\">BIG Green EGG Large-der beliebteste kamado f\u00fcr Ihre outdoor-K\u00fcche<\/h2><p data-start=\"69\" data-end=\"419\">Mit seiner gro\u00dfz\u00fcgigen Gr\u00f6\u00dfe, zuverl\u00e4ssige Leistung und endlosen Kochen M\u00f6glichkeiten, Die Big Green EGG Large ist das am meisten gew\u00e4hlte Modell in den Kamado Familie. Egal, ob Sie Grillen wollen spontan oder bereiten Sie ein umfangreiches Abendessen, mit dieser kamado Sie haben maximale Kontrolle und professionelle Ergebnisse im eigenen Garten.<\/p><h2 data-start=\"421\" data-end=\"466\">Gro\u00dfe Grillfl\u00e4che f\u00fcr jede party<\/h2><p data-start=\"467\" data-end=\"767\">Dank der gro\u00dfen Grillfl\u00e4che von <strong data-start=\"503\" data-end=\"515\">1688 cm2<\/strong> und ein Gitter Durchmesser <strong data-start=\"543\" data-end=\"552\">46 cm<\/strong> bereiten Sie Gerichte m\u00fchelos <strong data-start=\"589\" data-end=\"620\">bis zu 8 Personen gleichzeitig<\/strong>. Ideal f\u00fcr gem\u00fctliche Abende mit der Familie, Freunden oder G\u00e4sten. Haben Sie immer genug Platz, um erstellen Sie mehrere Zutaten zur gleichen Zeit.<\/p><h2 data-start=\"769\" data-end=\"803\">Geeignet f\u00fcr jeden Kochstil<\/h2><p data-start=\"804\" data-end=\"1066\">Dieser Grill ist bekannt f\u00fcr seine au\u00dfergew\u00f6hnliche Vielseitigkeit. Dank der pr\u00e4zise Temperatur control, Sie k\u00f6nnen leicht Schalter zwischen verschiedenen Kochtechniken. So werden Sie jedes Gericht vorzubereiten, genau wie Sie w\u00fcnschen \u2014 von der schnellen Grillens langsam Kochen.<\/p><p data-start=\"1068\" data-end=\"1113\"><strong data-start=\"1068\" data-end=\"1113\">Verwenden Sie diese, kamado, unter anderem:<\/strong><\/p><ul data-start=\"1115\" data-end=\"1277\"><li data-start=\"1115\" data-end=\"1153\"><p data-start=\"1117\" data-end=\"1153\">Grillen von Fleisch, Fisch und Gem\u00fcse<\/p><\/li><li data-start=\"1154\" data-end=\"1190\"><p data-start=\"1156\" data-end=\"1190\">Rauchen f\u00fcr intensives Geschmackserlebnis<\/p><\/li><li data-start=\"1191\" data-end=\"1232\"><p data-start=\"1193\" data-end=\"1232\">Das Backen von Brot, Pizzen und desserts<\/p><\/li><li data-start=\"1233\" data-end=\"1277\"><p data-start=\"1235\" data-end=\"1277\">Langsam Kochen f\u00fcr die perfekte Ausschreibung Ergebnisse<\/p><\/li><\/ul><h2 data-start=\"1279\" data-end=\"1319\">Konsistente performance und top-Qualit\u00e4t<\/h2><p data-start=\"1320\" data-end=\"1545\">Die hohe-Qualit\u00e4t Keramik Konstruktion sorgt f\u00fcr eine hervorragende W\u00e4rmeisolierung und <strong data-start=\"1405\" data-end=\"1440\">stabile, Konstante Temperatur<\/strong>. Dies erm\u00f6glicht es Sie zu erreichen die perfekte Kochen und optimalen Geschmack, die immer und immer wieder, mit effiziente Kohle-Verbrauch.<\/p><p data-start=\"1552\" data-end=\"1598\"><strong data-start=\"1552\" data-end=\"1598\">Warum w\u00e4hlen Sie das BIG Green EGG Large?<\/strong><\/p><ul data-start=\"1600\" data-end=\"1822\"><li data-start=\"1600\" data-end=\"1649\"><p data-start=\"1602\" data-end=\"1649\">Gro\u00dfz\u00fcgige Grillfl\u00e4che f\u00fcr gr\u00f6\u00dfere Gruppen<\/p><\/li><li data-start=\"1650\" data-end=\"1690\"><p data-start=\"1652\" data-end=\"1690\">Die hoch genaue Temperatur control<\/p><\/li><li data-start=\"1691\" data-end=\"1728\"><p data-start=\"1693\" data-end=\"1728\">Geeignet f\u00fcr alle Koch-Techniken<\/p><\/li><li data-start=\"1729\" data-end=\"1767\"><p data-start=\"1731\" data-end=\"1767\">Top Qualit\u00e4t nachhaltige Keramik<\/p><\/li><li data-start=\"1768\" data-end=\"1822\"><p data-start=\"1770\" data-end=\"1822\">Ideal f\u00fcr sowohl Anf\u00e4nger und erfahrene outdoor-K\u00f6che<\/p><\/li><\/ul><h2 data-start=\"0\" data-end=\"22\">Robust und langlebig<\/h2><p data-start=\"24\" data-end=\"243\">Mit einem Gewicht von <strong data-start=\"44\" data-end=\"53\">73 kg<\/strong> und einer H\u00f6he von <strong data-start=\"72\" data-end=\"81\">84 cm<\/strong> dieser kamado ist ein robuster Allesk\u00f6nner. Dank seiner soliden Konstruktion, kann es zu widerstehen schwere verwenden und die ist entworfen f\u00fcr Jahre von Koch-Spa\u00df in Ihren Garten.<\/p><h2 data-start=\"245\" data-end=\"289\">Witterungsbest\u00e4ndig und Wartungs-freundlich<\/h2><p data-start=\"290\" data-end=\"496\">Die hochwertigen Materialien sorgen daf\u00fcr, dass Ihre kamado k\u00f6nnen widerstehen verschiedenen Wetter Bedingungen. Zus\u00e4tzlich, es ist leicht zu reinigen, so dass Sie mehr Zeit verbringen, zu Kochen und weniger auf die Wartung.<\/p><h2 data-start=\"498\" data-end=\"525\">Perfekte integration<\/h2><p><span style=\"font-size: 15px;\">Sie k\u00f6nnen leicht Ort diese in einem kamado <a href=\"https:\/\/cortenstaalverkoop.nl\/product\/kamado-workstation\/\" target=\"_blank\" rel=\"noopener\">Kamado workstation<\/a> oder in unserem eigens gestalteten outdoor-K\u00fcche. Auf diese Weise erstellen Sie einen stilvollen und funktionalen Kochen-setup, das vollst\u00e4ndig Ihren w\u00fcnschen entspricht.<\/span><\/p><p>F\u00fcr Lieferungen nach Deutschland und \u00d6sterreich gelten folgende Versandkosten pro Gesamtbestellung: kleine Pakete \u20ac45, leichter Transport \u20ac80, Standardtransport \u20ac280 und Schwertransport \u20ac380 (inklusive Lieferung mit Mitnahmestapler)<\/p>\t\t\t\t\t\t\t\t<\/div>\n\t\t\t\t<\/div>\n\t\t\t\t\t<\/div>\n\t\t<\/div>\n\t\t\t\t\t<\/div>\n\t\t<\/section>\n\t\t\t\t<\/div>","protected":false},"excerpt":{"rendered":"<p>Das BIG Green EGG Large ist unglaublich vielseitig. Dank der pr\u00e4zise Temperatur Kontrolle, k\u00f6nnen Sie m\u00fchelos Schalter zwischen verschiedenen Kochtechniken, so k\u00f6nnen Sie bereiten jedes Gericht zur Perfektion. Grid Durchmesser 46 cm, H\u00f6he 84 cm.<\/p>\n<ul data-end=\"1617\" data-start=\"1521\">\n<li class=\"\" data-end=\"1550\" data-start=\"1521\">\n<p class=\"\" data-end=\"1550\" data-start=\"1523\">NASA-grade Keramik<\/p>\n<\/li>\n<li class=\"\" data-end=\"1579\" data-start=\"1551\">\n<p class=\"\" data-end=\"1579\" data-start=\"1553\">Erhaltung von W\u00e4rme und Feuchtigkeit<\/p>\n<\/li>\n<li class=\"\" data-end=\"1617\" data-start=\"1580\">\n<p class=\"\" data-end=\"1617\" data-start=\"1582\">Extrem effiziente Kohle-Verbrauch<\/p>\n<\/li>\n<li class=\"\" data-end=\"1875\" data-start=\"1835\">\n<p class=\"\" data-end=\"1875\" data-start=\"1837\">Witterungsbest\u00e4ndig und Wartungs-freundlich<\/p>\n<\/li>\n<\/ul>","protected":false},"featured_media":10824,"template":"","meta":{"site-sidebar-layout":"default","site-content-layout":"default","ast-site-content-layout":"default","site-content-style":"default","site-sidebar-style":"default","ast-global-header-display":"","ast-banner-title-visibility":"","ast-main-header-display":"","ast-hfb-above-header-display":"","ast-hfb-below-header-display":"","ast-hfb-mobile-header-display":"","site-post-title":"","ast-breadcrumbs-content":"","ast-featured-img":"","footer-sml-layout":"","ast-disable-related-posts":"","theme-transparent-header-meta":"default","adv-header-id-meta":"","stick-header-meta":"","header-above-stick-meta":"","header-main-stick-meta":"","header-below-stick-meta":"","astra-migrate-meta-layouts":"set","ast-page-background-enabled":"default","ast-page-background-meta":{"desktop":{"background-color":"","background-image":"","background-repeat":"repeat","background-position":"center center","background-size":"auto","background-attachment":"scroll","background-type":"","background-media":"","overlay-type":"","overlay-color":"","overlay-opacity":"","overlay-gradient":""},"tablet":{"background-color":"","background-image":"","background-repeat":"repeat","background-position":"center center","background-size":"auto","background-attachment":"scroll","background-type":"","background-media":"","overlay-type":"","overlay-color":"","overlay-opacity":"","overlay-gradient":""},"mobile":{"background-color":"","background-image":"","background-repeat":"repeat","background-position":"center center","background-size":"auto","background-attachment":"scroll","background-type":"","background-media":"","overlay-type":"","overlay-color":"","overlay-opacity":"","overlay-gradient":""}},"ast-content-background-meta":{"desktop":{"background-color":"var(--ast-global-color-5)","background-image":"","background-repeat":"repeat","background-position":"center center","background-size":"auto","background-attachment":"scroll","background-type":"","background-media":"","overlay-type":"","overlay-color":"","overlay-opacity":"","overlay-gradient":""},"tablet":{"background-color":"var(--ast-global-color-5)","background-image":"","background-repeat":"repeat","background-position":"center center","background-size":"auto","background-attachment":"scroll","background-type":"","background-media":"","overlay-type":"","overlay-color":"","overlay-opacity":"","overlay-gradient":""},"mobile":{"background-color":"var(--ast-global-color-5)","background-image":"","background-repeat":"repeat","background-position":"center center","background-size":"auto","background-attachment":"scroll","background-type":"","background-media":"","overlay-type":"","overlay-color":"","overlay-opacity":"","overlay-gradient":""}}},"product_brand":[],"product_cat":[58],"product_tag":[],"class_list":{"0":"post-10818","1":"product","2":"type-product","3":"status-publish","4":"has-post-thumbnail","6":"product_cat-cortenstaal-vuurelementen","7":"product_shipping_class-transport-light","8":"desktop-align-left","9":"tablet-align-left","10":"mobile-align-left","12":"first","13":"instock","14":"taxable","15":"shipping-taxable","16":"purchasable","17":"product-type-simple"},"yoast_head":"<!-- This site is optimized with the Yoast SEO plugin v27.4 - https:\/\/yoast.com\/product\/yoast-seo-wordpress\/ -->\n<title>BIG GREEN EGG Large, goedkoop bij cortenstaalverkoop.nl<\/title>\n<meta name=\"description\" content=\"\u2705BIG GREEN EGG Large\u2705 de beste kwaliteit \u2705 5 jaar garantie! Bestel uw BIG GREEN EGG Large goedkoop bij cortenstaalverkoop.nl\" \/>\n<meta name=\"robots\" content=\"index, follow, max-snippet:-1, max-image-preview:large, max-video-preview:-1\" \/>\n<link rel=\"canonical\" href=\"https:\/\/cortenstaalverkoop.nl\/de\/produkt\/big-green-egg-large\/\" \/>\n<meta property=\"og:locale\" content=\"de_DE\" \/>\n<meta property=\"og:type\" content=\"article\" \/>\n<meta property=\"og:title\" content=\"BIG GREEN EGG Large, goedkoop bij cortenstaalverkoop.nl\" \/>\n<meta property=\"og:description\" content=\"\u2705BIG GREEN EGG Large\u2705 de beste kwaliteit \u2705 5 jaar garantie! Bestel uw BIG GREEN EGG Large goedkoop bij cortenstaalverkoop.nl\" \/>\n<meta property=\"og:url\" content=\"https:\/\/cortenstaalverkoop.nl\/de\/produkt\/big-green-egg-large\/\" \/>\n<meta property=\"og:site_name\" content=\"Cortenstaalverkoop.nl\" \/>\n<meta property=\"article:modified_time\" content=\"2026-04-20T14:16:52+00:00\" \/>\n<meta property=\"og:image\" content=\"https:\/\/cortenstaalverkoop.nl\/wp-content\/uploads\/2026\/02\/Big-Green-Egg.jpg\" \/>\n\t<meta property=\"og:image:width\" content=\"699\" \/>\n\t<meta property=\"og:image:height\" content=\"699\" \/>\n\t<meta property=\"og:image:type\" content=\"image\/jpeg\" \/>\n<meta name=\"twitter:card\" content=\"summary_large_image\" \/>\n<meta name=\"twitter:label1\" content=\"Gesch\u00e4tzte Lesezeit\" \/>\n\t<meta name=\"twitter:data1\" content=\"2\u00a0Minuten\" \/>\n<script type=\"application\/ld+json\" class=\"yoast-schema-graph\">{\"@context\":\"https:\\\/\\\/schema.org\",\"@graph\":[{\"@type\":\"WebPage\",\"@id\":\"https:\\\/\\\/cortenstaalverkoop.nl\\\/product\\\/big-green-egg-large\\\/\",\"url\":\"https:\\\/\\\/cortenstaalverkoop.nl\\\/product\\\/big-green-egg-large\\\/\",\"name\":\"BIG GREEN EGG Large, goedkoop bij cortenstaalverkoop.nl\",\"isPartOf\":{\"@id\":\"https:\\\/\\\/cortenstaalverkoop.nl\\\/#website\"},\"primaryImageOfPage\":{\"@id\":\"https:\\\/\\\/cortenstaalverkoop.nl\\\/product\\\/big-green-egg-large\\\/#primaryimage\"},\"image\":{\"@id\":\"https:\\\/\\\/cortenstaalverkoop.nl\\\/product\\\/big-green-egg-large\\\/#primaryimage\"},\"thumbnailUrl\":\"https:\\\/\\\/cortenstaalverkoop.nl\\\/wp-content\\\/uploads\\\/2026\\\/02\\\/Big-Green-Egg.jpg\",\"datePublished\":\"2026-02-18T13:59:05+00:00\",\"dateModified\":\"2026-04-20T14:16:52+00:00\",\"description\":\"\u2705BIG GREEN EGG Large\u2705 de beste kwaliteit \u2705 5 jaar garantie! Bestel uw BIG GREEN EGG Large goedkoop bij cortenstaalverkoop.nl\",\"breadcrumb\":{\"@id\":\"https:\\\/\\\/cortenstaalverkoop.nl\\\/product\\\/big-green-egg-large\\\/#breadcrumb\"},\"inLanguage\":\"de\",\"potentialAction\":[{\"@type\":\"ReadAction\",\"target\":[\"https:\\\/\\\/cortenstaalverkoop.nl\\\/product\\\/big-green-egg-large\\\/\"]}]},{\"@type\":\"ImageObject\",\"inLanguage\":\"de\",\"@id\":\"https:\\\/\\\/cortenstaalverkoop.nl\\\/product\\\/big-green-egg-large\\\/#primaryimage\",\"url\":\"https:\\\/\\\/cortenstaalverkoop.nl\\\/wp-content\\\/uploads\\\/2026\\\/02\\\/Big-Green-Egg.jpg\",\"contentUrl\":\"https:\\\/\\\/cortenstaalverkoop.nl\\\/wp-content\\\/uploads\\\/2026\\\/02\\\/Big-Green-Egg.jpg\",\"width\":699,\"height\":699,\"caption\":\"BIG GREEN EGG Large\"},{\"@type\":\"BreadcrumbList\",\"@id\":\"https:\\\/\\\/cortenstaalverkoop.nl\\\/product\\\/big-green-egg-large\\\/#breadcrumb\",\"itemListElement\":[{\"@type\":\"ListItem\",\"position\":1,\"name\":\"Home\",\"item\":\"https:\\\/\\\/cortenstaalverkoop.nl\\\/\"},{\"@type\":\"ListItem\",\"position\":2,\"name\":\"Assortiment\",\"item\":\"https:\\\/\\\/cortenstaalverkoop.nl\\\/assortiment-cortenstaal\\\/\"},{\"@type\":\"ListItem\",\"position\":3,\"name\":\"BIG GREEN EGG Large\"}]},{\"@type\":\"WebSite\",\"@id\":\"https:\\\/\\\/cortenstaalverkoop.nl\\\/#website\",\"url\":\"https:\\\/\\\/cortenstaalverkoop.nl\\\/\",\"name\":\"Cortenstaalverkoop.nl\",\"description\":\"de cortenstaal specialist!\",\"publisher\":{\"@id\":\"https:\\\/\\\/cortenstaalverkoop.nl\\\/#organization\"},\"potentialAction\":[{\"@type\":\"SearchAction\",\"target\":{\"@type\":\"EntryPoint\",\"urlTemplate\":\"https:\\\/\\\/cortenstaalverkoop.nl\\\/?s={search_term_string}\"},\"query-input\":{\"@type\":\"PropertyValueSpecification\",\"valueRequired\":true,\"valueName\":\"search_term_string\"}}],\"inLanguage\":\"de\"},{\"@type\":\"Organization\",\"@id\":\"https:\\\/\\\/cortenstaalverkoop.nl\\\/#organization\",\"name\":\"Cortenstaalverkoop.nl\",\"url\":\"https:\\\/\\\/cortenstaalverkoop.nl\\\/\",\"logo\":{\"@type\":\"ImageObject\",\"inLanguage\":\"de\",\"@id\":\"https:\\\/\\\/cortenstaalverkoop.nl\\\/#\\\/schema\\\/logo\\\/image\\\/\",\"url\":\"https:\\\/\\\/cortenstaalverkoop.nl\\\/wp-content\\\/uploads\\\/2019\\\/11\\\/cortenstaal-logo-1.png\",\"contentUrl\":\"https:\\\/\\\/cortenstaalverkoop.nl\\\/wp-content\\\/uploads\\\/2019\\\/11\\\/cortenstaal-logo-1.png\",\"width\":480,\"height\":163,\"caption\":\"Cortenstaalverkoop.nl\"},\"image\":{\"@id\":\"https:\\\/\\\/cortenstaalverkoop.nl\\\/#\\\/schema\\\/logo\\\/image\\\/\"}}]}<\/script>\n<!-- \/ Yoast SEO plugin. -->","yoast_head_json":{"title":"BIG GREEN EGG Large, goedkoop bij cortenstaalverkoop.nl","description":"\u2705BIG Green EGG large\u2705 beste Qualit\u00e4t \u2705 5 Jahre Garantie! Bestellen Sie Ihr BIG green EGG Large Billig aus cortenstaalverkoop.nl","robots":{"index":"index","follow":"follow","max-snippet":"max-snippet:-1","max-image-preview":"max-image-preview:large","max-video-preview":"max-video-preview:-1"},"canonical":"https:\/\/cortenstaalverkoop.nl\/de\/produkt\/big-green-egg-large\/","og_locale":"de_DE","og_type":"article","og_title":"BIG GREEN EGG Large, goedkoop bij cortenstaalverkoop.nl","og_description":"\u2705BIG GREEN EGG Large\u2705 de beste kwaliteit \u2705 5 jaar garantie! Bestel uw BIG GREEN EGG Large goedkoop bij cortenstaalverkoop.nl","og_url":"https:\/\/cortenstaalverkoop.nl\/de\/produkt\/big-green-egg-large\/","og_site_name":"Cortenstaalverkoop.nl","article_modified_time":"2026-04-20T14:16:52+00:00","og_image":[{"width":699,"height":699,"url":"https:\/\/cortenstaalverkoop.nl\/wp-content\/uploads\/2026\/02\/Big-Green-Egg.jpg","type":"image\/jpeg"}],"twitter_card":"summary_large_image","twitter_misc":{"Gesch\u00e4tzte Lesezeit":"2\u00a0Minuten"},"schema":{"@context":"https:\/\/schema.org","@graph":[{"@type":"WebPage","@id":"https:\/\/cortenstaalverkoop.nl\/product\/big-green-egg-large\/","url":"https:\/\/cortenstaalverkoop.nl\/product\/big-green-egg-large\/","name":"BIG GREEN EGG Large, goedkoop bij cortenstaalverkoop.nl","isPartOf":{"@id":"https:\/\/cortenstaalverkoop.nl\/#website"},"primaryImageOfPage":{"@id":"https:\/\/cortenstaalverkoop.nl\/product\/big-green-egg-large\/#primaryimage"},"image":{"@id":"https:\/\/cortenstaalverkoop.nl\/product\/big-green-egg-large\/#primaryimage"},"thumbnailUrl":"https:\/\/cortenstaalverkoop.nl\/wp-content\/uploads\/2026\/02\/Big-Green-Egg.jpg","datePublished":"2026-02-18T13:59:05+00:00","dateModified":"2026-04-20T14:16:52+00:00","description":"\u2705BIG Green EGG large\u2705 beste Qualit\u00e4t \u2705 5 Jahre Garantie! Bestellen Sie Ihr BIG green EGG Large Billig aus cortenstaalverkoop.nl","breadcrumb":{"@id":"https:\/\/cortenstaalverkoop.nl\/product\/big-green-egg-large\/#breadcrumb"},"inLanguage":"de","potentialAction":[{"@type":"ReadAction","target":["https:\/\/cortenstaalverkoop.nl\/product\/big-green-egg-large\/"]}]},{"@type":"ImageObject","inLanguage":"de","@id":"https:\/\/cortenstaalverkoop.nl\/product\/big-green-egg-large\/#primaryimage","url":"https:\/\/cortenstaalverkoop.nl\/wp-content\/uploads\/2026\/02\/Big-Green-Egg.jpg","contentUrl":"https:\/\/cortenstaalverkoop.nl\/wp-content\/uploads\/2026\/02\/Big-Green-Egg.jpg","width":699,"height":699,"caption":"BIG GREEN EGG Large"},{"@type":"BreadcrumbList","@id":"https:\/\/cortenstaalverkoop.nl\/product\/big-green-egg-large\/#breadcrumb","itemListElement":[{"@type":"ListItem","position":1,"name":"Home","item":"https:\/\/cortenstaalverkoop.nl\/"},{"@type":"ListItem","position":2,"name":"Assortiment","item":"https:\/\/cortenstaalverkoop.nl\/assortiment-cortenstaal\/"},{"@type":"ListItem","position":3,"name":"BIG GREEN EGG Large"}]},{"@type":"WebSite","@id":"https:\/\/cortenstaalverkoop.nl\/#website","url":"https:\/\/cortenstaalverkoop.nl\/","name":"Cortenstaalverkoop.nl","description":"die cortenstaal-Spezialisten!","publisher":{"@id":"https:\/\/cortenstaalverkoop.nl\/#organization"},"potentialAction":[{"@type":"SearchAction","target":{"@type":"EntryPoint","urlTemplate":"https:\/\/cortenstaalverkoop.nl\/?s={search_term_string}"},"query-input":{"@type":"PropertyValueSpecification","valueRequired":true,"valueName":"search_term_string"}}],"inLanguage":"de"},{"@type":"Organization","@id":"https:\/\/cortenstaalverkoop.nl\/#organization","name":"Cortenstaalverkoop.nl","url":"https:\/\/cortenstaalverkoop.nl\/","logo":{"@type":"ImageObject","inLanguage":"de","@id":"https:\/\/cortenstaalverkoop.nl\/#\/schema\/logo\/image\/","url":"https:\/\/cortenstaalverkoop.nl\/wp-content\/uploads\/2019\/11\/cortenstaal-logo-1.png","contentUrl":"https:\/\/cortenstaalverkoop.nl\/wp-content\/uploads\/2019\/11\/cortenstaal-logo-1.png","width":480,"height":163,"caption":"Cortenstaalverkoop.nl"},"image":{"@id":"https:\/\/cortenstaalverkoop.nl\/#\/schema\/logo\/image\/"}}]}},"_links":{"self":[{"href":"https:\/\/cortenstaalverkoop.nl\/de\/wp-json\/wp\/v2\/product\/10818","targetHints":{"allow":["GET"]}}],"collection":[{"href":"https:\/\/cortenstaalverkoop.nl\/de\/wp-json\/wp\/v2\/product"}],"about":[{"href":"https:\/\/cortenstaalverkoop.nl\/de\/wp-json\/wp\/v2\/types\/product"}],"version-history":[{"count":12,"href":"https:\/\/cortenstaalverkoop.nl\/de\/wp-json\/wp\/v2\/product\/10818\/revisions"}],"predecessor-version":[{"id":10853,"href":"https:\/\/cortenstaalverkoop.nl\/de\/wp-json\/wp\/v2\/product\/10818\/revisions\/10853"}],"wp:featuredmedia":[{"embeddable":true,"href":"https:\/\/cortenstaalverkoop.nl\/de\/wp-json\/wp\/v2\/media\/10824"}],"wp:attachment":[{"href":"https:\/\/cortenstaalverkoop.nl\/de\/wp-json\/wp\/v2\/media?parent=10818"}],"wp:term":[{"taxonomy":"product_brand","embeddable":true,"href":"https:\/\/cortenstaalverkoop.nl\/de\/wp-json\/wp\/v2\/product_brand?post=10818"},{"taxonomy":"product_cat","embeddable":true,"href":"https:\/\/cortenstaalverkoop.nl\/de\/wp-json\/wp\/v2\/product_cat?post=10818"},{"taxonomy":"product_tag","embeddable":true,"href":"https:\/\/cortenstaalverkoop.nl\/de\/wp-json\/wp\/v2\/product_tag?post=10818"}],"curies":[{"name":"wp","href":"https:\/\/api.w.org\/{rel}","templated":true}]}}