{"id":10861,"date":"2026-02-21T11:03:37","date_gmt":"2026-02-21T10:03:37","guid":{"rendered":"https:\/\/cortenstaalverkoop.nl\/?post_type=product&#038;p=10861"},"modified":"2026-02-21T11:14:30","modified_gmt":"2026-02-21T10:14:30","slug":"cortenstahl-gartenbank-dub","status":"publish","type":"product","link":"https:\/\/cortenstaalverkoop.nl\/de\/product\/cortenstaal-tuinbank-dub\/","title":{"rendered":"Cortenstahl Gartenbank DUB"},"content":{"rendered":"<p data-start=\"62\" data-end=\"327\">Die <strong data-start=\"65\" data-end=\"94\">Cortenstahl Gartenbank Dub<\/strong> Dank seinem schlanken und minimalistischen design, es ist ein echter eye-catcher in jeden Garten, Terrasse oder \u00f6ffentlichen Raum. Die Kombination aus robusten Stahl und warmen Holz schafft einen stilvollen, modernen look mit einem nat\u00fcrlichen touch. Zus\u00e4tzlich, dieses sofa k\u00f6nnen perfekt kombiniert werden mit der konischen <a href=\"https:\/\/cortenstaalverkoop.nl\/product\/cortenstaal-plantenbak-nora\/\" target=\"_blank\" rel=\"noopener\">Pflanzk\u00fcbel Nora<\/a>mit denen k\u00f6nnen Sie leicht schaffen eine harmonische und luxuri\u00f6se ganze in Ihrem outdoor-Raum.<\/p>\n<h3 data-start=\"329\" data-end=\"379\">Hochwertige Materialien und langlebige Qualit\u00e4t<\/h3>\n<ul data-start=\"380\" data-end=\"640\">\n<li data-start=\"380\" data-end=\"416\">\n<p data-start=\"382\" data-end=\"416\"><strong data-start=\"382\" data-end=\"392\">Rahmen:<\/strong> 10 mm dicken Corten-Stahl<\/p>\n<\/li>\n<li data-start=\"417\" data-end=\"527\">\n<p data-start=\"419\" data-end=\"527\">Optional: 10mm verzinkt Stahl Rahmen mit einem <strong data-start=\"466\" data-end=\"492\">2-layer powder coating<\/strong>, erh\u00e4ltlich in verschiedenen Farben<\/p>\n<\/li>\n<li data-start=\"528\" data-end=\"617\">\n<p data-start=\"530\" data-end=\"617\">Ausgestattet mit <strong data-start=\"543\" data-end=\"559\">Montage-L\u00f6cher<\/strong> f\u00fcr die einfache und sichere Befestigung an der Oberfl\u00e4che<\/p>\n<\/li>\n<li data-start=\"618\" data-end=\"640\">\n<p data-start=\"620\" data-end=\"640\"><strong data-start=\"620\" data-end=\"640\">Garantie: 5 Jahre<\/strong><\/p>\n<\/li>\n<\/ul>\n<p data-start=\"642\" data-end=\"842\">Corten-Stahl-ist bekannt f\u00fcr seine charakteristische Rost-Schicht, die sch\u00fctzt das material vor weiterer Korrosion. Dies verleiht dem sofa einen einzigartigen, warmen look, nur wird mehr sch\u00f6ne \u00fcber Zeit. Jede Holzart hat Ihren eigenen look und Charakter. Unter dem Einfluss von UV-Strahlung, wind und Wetter, (hart -) Holz nat\u00fcrlich Altern im Laufe der Zeit. Die endg\u00fcltige Farbe h\u00e4ngt zum Teil von der urspr\u00fcnglichen Farbton des Holzes.<\/p>\n<h3 data-start=\"844\" data-end=\"881\">Wahl von drei Luxus Holz f\u00fcr das Corten steel garden bench DUB.<\/h3>\n<p data-start=\"882\" data-end=\"916\">Der session Sie haben die Wahl zwischen: <strong style=\"font-size: 16px;\" data-start=\"919\" data-end=\"929\">Garapa, <\/strong><strong style=\"font-size: 16px;\" data-start=\"932\" data-end=\"942\">Bambus, <\/strong><strong style=\"font-size: 16px;\" data-start=\"945\" data-end=\"955\">Kebony<\/strong><\/p>\n<h3 data-start=\"1586\" data-end=\"1608\">Wartung Beratung<\/h3>\n<p data-start=\"1609\" data-end=\"1686\">Die richtige Wartung verl\u00e4ngert die Lebensdauer und bewahrt die Optik des Holzes:<\/p>\n<ul data-start=\"1688\" data-end=\"1977\">\n<li data-start=\"1688\" data-end=\"1775\">\n<p data-start=\"1690\" data-end=\"1775\">J\u00e4hrliche Reinigung durch das entfernen von groben Schmutz mit sauberem Leitungswasser (Sp\u00fclen).<\/p>\n<\/li>\n<li data-start=\"1776\" data-end=\"1812\">\n<p data-start=\"1778\" data-end=\"1812\">Tun nicht mit einem Hochdruckreiniger.<\/p>\n<\/li>\n<li data-start=\"1813\" data-end=\"1864\">\n<p data-start=\"1815\" data-end=\"1864\">Eine regelm\u00e4\u00dfige Reinigung mit <em data-start=\"1839\" data-end=\"1863\">WOCA Exterieur-Reiniger<\/em>.<\/p>\n<\/li>\n<li data-start=\"1865\" data-end=\"1977\">\n<p data-start=\"1867\" data-end=\"1977\">Die Behandlung mit <em data-start=\"1882\" data-end=\"1903\">WOCA exterior \u00f6l<\/em> zur Wahrung der pigment mehr und verlangsamt das Ergrauen Prozess.<\/p>\n<\/li>\n<\/ul>\n<p>Produkte m\u00fcssen sofort nach Lieferung ausgepackt werden. Denn wichtig ist, dass eventuelle Feuchtigkeit zwischen Verpackung und Produkt sofort entweichen kann. Dies kann sonst zu ungleichm\u00e4\u00dfigem Rost und Flecken f\u00fchren.<\/p>\n<h5>Produktinfo Cortenstahl:<\/h5>\n<p><a href=\"https:\/\/nl.wikipedia.org\/wiki\/Cortenstaal\" target=\"_blank\" rel=\"noopener noreferrer\">Cor-Ten-Stahl<\/a> auch als wetterfester Stahl bekannt. Es handelt sich um eine Metalllegierung aus Eisen, dem Kupfer, Silizium, Nickel und Chrom zugesetzt wurden. Cortenstahl ist eine sehr feste Stahlsorte. Denn es hat die Eigenschaft, sich an der Au\u00dfenluft mit einer sch\u00fctzenden Rostschicht zu bedecken. Diese nat\u00fcrliche feste Rostschicht bildet den Schutz gegen weitere Korrosion.<\/p>\n<p>F\u00fcr Lieferungen nach Deutschland und \u00d6sterreich gelten folgende Versandkosten pro Gesamtbestellung: kleine Pakete \u20ac45, leichter Transport \u20ac80, Standardtransport \u20ac280 und Schwertransport \u20ac380 (inklusive Lieferung mit Mitnahmestapler)<\/p>","protected":false},"excerpt":{"rendered":"<p>Dank seinem schlanken und minimalistischen design, die Cortenstahl Gartenbank Dub ist ein echter eye-catcher in jeden Garten, Terrasse oder \u00f6ffentlichen Raum. Dies sind FSC-zertifizierte H\u00f6lzer mit \u00e4hnliche Eigenschaften wie Bankirai Hartholz.<\/p>\n<p>Die Gartenbank hat eine Gesamtl\u00e4nge von 230 CM. H\u00f6he von dem sofa ist 45 cm und 45 cm tief. Material 10 mm dicken Corten-Stahl oder 10 mm Dicke aus verzinktem Stahl mit einer 2-Schicht Pulver caoting.<\/p>\n<p>Der session Sie haben die Wahl zwischen: <strong style=\"font-size: 16px;\" data-start=\"919\" data-end=\"929\">Garapa, <\/strong><strong style=\"font-size: 16px;\" data-start=\"932\" data-end=\"942\">Bambus, <\/strong><strong style=\"font-size: 16px;\" data-start=\"945\" data-end=\"955\">Kebony<\/strong><\/p>\n<p>&nbsp;<\/p>","protected":false},"featured_media":10896,"template":"","meta":{"site-sidebar-layout":"default","site-content-layout":"default","ast-site-content-layout":"default","site-content-style":"default","site-sidebar-style":"default","ast-global-header-display":"","ast-banner-title-visibility":"","ast-main-header-display":"","ast-hfb-above-header-display":"","ast-hfb-below-header-display":"","ast-hfb-mobile-header-display":"","site-post-title":"","ast-breadcrumbs-content":"","ast-featured-img":"","footer-sml-layout":"","ast-disable-related-posts":"","theme-transparent-header-meta":"default","adv-header-id-meta":"","stick-header-meta":"","header-above-stick-meta":"","header-main-stick-meta":"","header-below-stick-meta":"","astra-migrate-meta-layouts":"set","ast-page-background-enabled":"default","ast-page-background-meta":{"desktop":{"background-color":"","background-image":"","background-repeat":"repeat","background-position":"center center","background-size":"auto","background-attachment":"scroll","background-type":"","background-media":"","overlay-type":"","overlay-color":"","overlay-opacity":"","overlay-gradient":""},"tablet":{"background-color":"","background-image":"","background-repeat":"repeat","background-position":"center center","background-size":"auto","background-attachment":"scroll","background-type":"","background-media":"","overlay-type":"","overlay-color":"","overlay-opacity":"","overlay-gradient":""},"mobile":{"background-color":"","background-image":"","background-repeat":"repeat","background-position":"center center","background-size":"auto","background-attachment":"scroll","background-type":"","background-media":"","overlay-type":"","overlay-color":"","overlay-opacity":"","overlay-gradient":""}},"ast-content-background-meta":{"desktop":{"background-color":"var(--ast-global-color-5)","background-image":"","background-repeat":"repeat","background-position":"center center","background-size":"auto","background-attachment":"scroll","background-type":"","background-media":"","overlay-type":"","overlay-color":"","overlay-opacity":"","overlay-gradient":""},"tablet":{"background-color":"var(--ast-global-color-5)","background-image":"","background-repeat":"repeat","background-position":"center center","background-size":"auto","background-attachment":"scroll","background-type":"","background-media":"","overlay-type":"","overlay-color":"","overlay-opacity":"","overlay-gradient":""},"mobile":{"background-color":"var(--ast-global-color-5)","background-image":"","background-repeat":"repeat","background-position":"center center","background-size":"auto","background-attachment":"scroll","background-type":"","background-media":"","overlay-type":"","overlay-color":"","overlay-opacity":"","overlay-gradient":""}}},"product_brand":[],"product_cat":[61],"product_tag":[],"class_list":{"0":"post-10861","1":"product","2":"type-product","3":"status-publish","4":"has-post-thumbnail","6":"product_cat-cortenstaal-tuininrichting","7":"product_shipping_class-fritom","8":"desktop-align-left","9":"tablet-align-left","10":"mobile-align-left","12":"first","13":"instock","14":"taxable","15":"shipping-taxable","16":"purchasable","17":"product-type-variable"},"yoast_head":"<!-- This site is optimized with the Yoast SEO plugin v27.5 - https:\/\/yoast.com\/product\/yoast-seo-wordpress\/ -->\n<title>Cortenstaal tuinbank Dub koopt u bij cortenstaalverkoop.nl<\/title>\n<meta name=\"description\" content=\"\u2705 Cortenstaal tuinbank Dub\u2705 de beste kwaliteit \u2705 5 jaar garantie! Bestel uw cortenstaal tuinbank Dub goedkoop bij cortenstaalverkoop.nl\" \/>\n<meta name=\"robots\" content=\"index, follow, max-snippet:-1, max-image-preview:large, max-video-preview:-1\" \/>\n<link rel=\"canonical\" href=\"https:\/\/cortenstaalverkoop.nl\/de\/produkt\/cortenstahl-gartenbank-dub\/\" \/>\n<meta property=\"og:locale\" content=\"de_DE\" \/>\n<meta property=\"og:type\" content=\"article\" \/>\n<meta property=\"og:title\" content=\"Cortenstaal tuinbank Dub koopt u bij cortenstaalverkoop.nl\" \/>\n<meta property=\"og:description\" content=\"\u2705 Cortenstaal tuinbank Dub\u2705 de beste kwaliteit \u2705 5 jaar garantie! Bestel uw cortenstaal tuinbank Dub goedkoop bij cortenstaalverkoop.nl\" \/>\n<meta property=\"og:url\" content=\"https:\/\/cortenstaalverkoop.nl\/de\/produkt\/cortenstahl-gartenbank-dub\/\" \/>\n<meta property=\"og:site_name\" content=\"Cortenstaalverkoop.nl\" \/>\n<meta property=\"article:modified_time\" content=\"2026-02-21T10:14:30+00:00\" \/>\n<meta property=\"og:image\" content=\"https:\/\/cortenstaalverkoop.nl\/wp-content\/uploads\/2026\/02\/Bank-corten-DUBE.webp\" \/>\n\t<meta property=\"og:image:width\" content=\"699\" \/>\n\t<meta property=\"og:image:height\" content=\"699\" \/>\n\t<meta property=\"og:image:type\" content=\"image\/webp\" \/>\n<meta name=\"twitter:card\" content=\"summary_large_image\" \/>\n<meta name=\"twitter:label1\" content=\"Gesch\u00e4tzte Lesezeit\" \/>\n\t<meta name=\"twitter:data1\" content=\"2\u00a0Minuten\" \/>\n<script type=\"application\/ld+json\" class=\"yoast-schema-graph\">{\"@context\":\"https:\\\/\\\/schema.org\",\"@graph\":[{\"@type\":\"WebPage\",\"@id\":\"https:\\\/\\\/cortenstaalverkoop.nl\\\/product\\\/cortenstaal-tuinbank-dub\\\/\",\"url\":\"https:\\\/\\\/cortenstaalverkoop.nl\\\/product\\\/cortenstaal-tuinbank-dub\\\/\",\"name\":\"Cortenstaal tuinbank Dub koopt u bij cortenstaalverkoop.nl\",\"isPartOf\":{\"@id\":\"https:\\\/\\\/cortenstaalverkoop.nl\\\/#website\"},\"primaryImageOfPage\":{\"@id\":\"https:\\\/\\\/cortenstaalverkoop.nl\\\/product\\\/cortenstaal-tuinbank-dub\\\/#primaryimage\"},\"image\":{\"@id\":\"https:\\\/\\\/cortenstaalverkoop.nl\\\/product\\\/cortenstaal-tuinbank-dub\\\/#primaryimage\"},\"thumbnailUrl\":\"https:\\\/\\\/cortenstaalverkoop.nl\\\/wp-content\\\/uploads\\\/2026\\\/02\\\/Bank-corten-DUBE.webp\",\"datePublished\":\"2026-02-21T10:03:37+00:00\",\"dateModified\":\"2026-02-21T10:14:30+00:00\",\"description\":\"\u2705 Cortenstaal tuinbank Dub\u2705 de beste kwaliteit \u2705 5 jaar garantie! Bestel uw cortenstaal tuinbank Dub goedkoop bij cortenstaalverkoop.nl\",\"breadcrumb\":{\"@id\":\"https:\\\/\\\/cortenstaalverkoop.nl\\\/product\\\/cortenstaal-tuinbank-dub\\\/#breadcrumb\"},\"inLanguage\":\"de\",\"potentialAction\":[{\"@type\":\"ReadAction\",\"target\":[\"https:\\\/\\\/cortenstaalverkoop.nl\\\/product\\\/cortenstaal-tuinbank-dub\\\/\"]}]},{\"@type\":\"ImageObject\",\"inLanguage\":\"de\",\"@id\":\"https:\\\/\\\/cortenstaalverkoop.nl\\\/product\\\/cortenstaal-tuinbank-dub\\\/#primaryimage\",\"url\":\"https:\\\/\\\/cortenstaalverkoop.nl\\\/wp-content\\\/uploads\\\/2026\\\/02\\\/Bank-corten-DUBE.webp\",\"contentUrl\":\"https:\\\/\\\/cortenstaalverkoop.nl\\\/wp-content\\\/uploads\\\/2026\\\/02\\\/Bank-corten-DUBE.webp\",\"width\":699,\"height\":699,\"caption\":\"Cortenstaal tuinbank Dunc\"},{\"@type\":\"BreadcrumbList\",\"@id\":\"https:\\\/\\\/cortenstaalverkoop.nl\\\/product\\\/cortenstaal-tuinbank-dub\\\/#breadcrumb\",\"itemListElement\":[{\"@type\":\"ListItem\",\"position\":1,\"name\":\"Home\",\"item\":\"https:\\\/\\\/cortenstaalverkoop.nl\\\/\"},{\"@type\":\"ListItem\",\"position\":2,\"name\":\"Assortiment\",\"item\":\"https:\\\/\\\/cortenstaalverkoop.nl\\\/assortiment-cortenstaal\\\/\"},{\"@type\":\"ListItem\",\"position\":3,\"name\":\"Cortenstaal tuinbank DUB\"}]},{\"@type\":\"WebSite\",\"@id\":\"https:\\\/\\\/cortenstaalverkoop.nl\\\/#website\",\"url\":\"https:\\\/\\\/cortenstaalverkoop.nl\\\/\",\"name\":\"Cortenstaalverkoop.nl\",\"description\":\"de cortenstaal specialist!\",\"publisher\":{\"@id\":\"https:\\\/\\\/cortenstaalverkoop.nl\\\/#organization\"},\"potentialAction\":[{\"@type\":\"SearchAction\",\"target\":{\"@type\":\"EntryPoint\",\"urlTemplate\":\"https:\\\/\\\/cortenstaalverkoop.nl\\\/?s={search_term_string}\"},\"query-input\":{\"@type\":\"PropertyValueSpecification\",\"valueRequired\":true,\"valueName\":\"search_term_string\"}}],\"inLanguage\":\"de\"},{\"@type\":\"Organization\",\"@id\":\"https:\\\/\\\/cortenstaalverkoop.nl\\\/#organization\",\"name\":\"Cortenstaalverkoop.nl\",\"url\":\"https:\\\/\\\/cortenstaalverkoop.nl\\\/\",\"logo\":{\"@type\":\"ImageObject\",\"inLanguage\":\"de\",\"@id\":\"https:\\\/\\\/cortenstaalverkoop.nl\\\/#\\\/schema\\\/logo\\\/image\\\/\",\"url\":\"https:\\\/\\\/cortenstaalverkoop.nl\\\/wp-content\\\/uploads\\\/2019\\\/11\\\/cortenstaal-logo-1.png\",\"contentUrl\":\"https:\\\/\\\/cortenstaalverkoop.nl\\\/wp-content\\\/uploads\\\/2019\\\/11\\\/cortenstaal-logo-1.png\",\"width\":480,\"height\":163,\"caption\":\"Cortenstaalverkoop.nl\"},\"image\":{\"@id\":\"https:\\\/\\\/cortenstaalverkoop.nl\\\/#\\\/schema\\\/logo\\\/image\\\/\"}}]}<\/script>\n<!-- \/ Yoast SEO plugin. -->","yoast_head_json":{"title":"Sie k\u00f6nnen kaufen Cortenstaal Gartenbank Dub an cortenstaalverkoop.nl","description":"\u2705 Corten steel garden bench dub\u2705 beste Qualit\u00e4t \u2705 5 Jahre Garantie! Bestellen Sie Ihre cortenstaal Gartenbank Dub Billig cortenstaalverkoop.nl","robots":{"index":"index","follow":"follow","max-snippet":"max-snippet:-1","max-image-preview":"max-image-preview:large","max-video-preview":"max-video-preview:-1"},"canonical":"https:\/\/cortenstaalverkoop.nl\/de\/produkt\/cortenstahl-gartenbank-dub\/","og_locale":"de_DE","og_type":"article","og_title":"Cortenstaal tuinbank Dub koopt u bij cortenstaalverkoop.nl","og_description":"\u2705 Cortenstaal tuinbank Dub\u2705 de beste kwaliteit \u2705 5 jaar garantie! Bestel uw cortenstaal tuinbank Dub goedkoop bij cortenstaalverkoop.nl","og_url":"https:\/\/cortenstaalverkoop.nl\/de\/produkt\/cortenstahl-gartenbank-dub\/","og_site_name":"Cortenstaalverkoop.nl","article_modified_time":"2026-02-21T10:14:30+00:00","og_image":[{"width":699,"height":699,"url":"https:\/\/cortenstaalverkoop.nl\/wp-content\/uploads\/2026\/02\/Bank-corten-DUBE.webp","type":"image\/webp"}],"twitter_card":"summary_large_image","twitter_misc":{"Gesch\u00e4tzte Lesezeit":"2\u00a0Minuten"},"schema":{"@context":"https:\/\/schema.org","@graph":[{"@type":"WebPage","@id":"https:\/\/cortenstaalverkoop.nl\/product\/cortenstaal-tuinbank-dub\/","url":"https:\/\/cortenstaalverkoop.nl\/product\/cortenstaal-tuinbank-dub\/","name":"Sie k\u00f6nnen kaufen Cortenstaal Gartenbank Dub an cortenstaalverkoop.nl","isPartOf":{"@id":"https:\/\/cortenstaalverkoop.nl\/#website"},"primaryImageOfPage":{"@id":"https:\/\/cortenstaalverkoop.nl\/product\/cortenstaal-tuinbank-dub\/#primaryimage"},"image":{"@id":"https:\/\/cortenstaalverkoop.nl\/product\/cortenstaal-tuinbank-dub\/#primaryimage"},"thumbnailUrl":"https:\/\/cortenstaalverkoop.nl\/wp-content\/uploads\/2026\/02\/Bank-corten-DUBE.webp","datePublished":"2026-02-21T10:03:37+00:00","dateModified":"2026-02-21T10:14:30+00:00","description":"\u2705 Corten steel garden bench dub\u2705 beste Qualit\u00e4t \u2705 5 Jahre Garantie! Bestellen Sie Ihre cortenstaal Gartenbank Dub Billig cortenstaalverkoop.nl","breadcrumb":{"@id":"https:\/\/cortenstaalverkoop.nl\/product\/cortenstaal-tuinbank-dub\/#breadcrumb"},"inLanguage":"de","potentialAction":[{"@type":"ReadAction","target":["https:\/\/cortenstaalverkoop.nl\/product\/cortenstaal-tuinbank-dub\/"]}]},{"@type":"ImageObject","inLanguage":"de","@id":"https:\/\/cortenstaalverkoop.nl\/product\/cortenstaal-tuinbank-dub\/#primaryimage","url":"https:\/\/cortenstaalverkoop.nl\/wp-content\/uploads\/2026\/02\/Bank-corten-DUBE.webp","contentUrl":"https:\/\/cortenstaalverkoop.nl\/wp-content\/uploads\/2026\/02\/Bank-corten-DUBE.webp","width":699,"height":699,"caption":"Cortenstaal tuinbank Dunc"},{"@type":"BreadcrumbList","@id":"https:\/\/cortenstaalverkoop.nl\/product\/cortenstaal-tuinbank-dub\/#breadcrumb","itemListElement":[{"@type":"ListItem","position":1,"name":"Home","item":"https:\/\/cortenstaalverkoop.nl\/"},{"@type":"ListItem","position":2,"name":"Assortiment","item":"https:\/\/cortenstaalverkoop.nl\/assortiment-cortenstaal\/"},{"@type":"ListItem","position":3,"name":"Cortenstaal tuinbank DUB"}]},{"@type":"WebSite","@id":"https:\/\/cortenstaalverkoop.nl\/#website","url":"https:\/\/cortenstaalverkoop.nl\/","name":"Cortenstaalverkoop.nl","description":"die cortenstaal-Spezialisten!","publisher":{"@id":"https:\/\/cortenstaalverkoop.nl\/#organization"},"potentialAction":[{"@type":"SearchAction","target":{"@type":"EntryPoint","urlTemplate":"https:\/\/cortenstaalverkoop.nl\/?s={search_term_string}"},"query-input":{"@type":"PropertyValueSpecification","valueRequired":true,"valueName":"search_term_string"}}],"inLanguage":"de"},{"@type":"Organization","@id":"https:\/\/cortenstaalverkoop.nl\/#organization","name":"Cortenstaalverkoop.nl","url":"https:\/\/cortenstaalverkoop.nl\/","logo":{"@type":"ImageObject","inLanguage":"de","@id":"https:\/\/cortenstaalverkoop.nl\/#\/schema\/logo\/image\/","url":"https:\/\/cortenstaalverkoop.nl\/wp-content\/uploads\/2019\/11\/cortenstaal-logo-1.png","contentUrl":"https:\/\/cortenstaalverkoop.nl\/wp-content\/uploads\/2019\/11\/cortenstaal-logo-1.png","width":480,"height":163,"caption":"Cortenstaalverkoop.nl"},"image":{"@id":"https:\/\/cortenstaalverkoop.nl\/#\/schema\/logo\/image\/"}}]}},"_links":{"self":[{"href":"https:\/\/cortenstaalverkoop.nl\/de\/wp-json\/wp\/v2\/product\/10861","targetHints":{"allow":["GET"]}}],"collection":[{"href":"https:\/\/cortenstaalverkoop.nl\/de\/wp-json\/wp\/v2\/product"}],"about":[{"href":"https:\/\/cortenstaalverkoop.nl\/de\/wp-json\/wp\/v2\/types\/product"}],"version-history":[{"count":8,"href":"https:\/\/cortenstaalverkoop.nl\/de\/wp-json\/wp\/v2\/product\/10861\/revisions"}],"predecessor-version":[{"id":10914,"href":"https:\/\/cortenstaalverkoop.nl\/de\/wp-json\/wp\/v2\/product\/10861\/revisions\/10914"}],"wp:featuredmedia":[{"embeddable":true,"href":"https:\/\/cortenstaalverkoop.nl\/de\/wp-json\/wp\/v2\/media\/10896"}],"wp:attachment":[{"href":"https:\/\/cortenstaalverkoop.nl\/de\/wp-json\/wp\/v2\/media?parent=10861"}],"wp:term":[{"taxonomy":"product_brand","embeddable":true,"href":"https:\/\/cortenstaalverkoop.nl\/de\/wp-json\/wp\/v2\/product_brand?post=10861"},{"taxonomy":"product_cat","embeddable":true,"href":"https:\/\/cortenstaalverkoop.nl\/de\/wp-json\/wp\/v2\/product_cat?post=10861"},{"taxonomy":"product_tag","embeddable":true,"href":"https:\/\/cortenstaalverkoop.nl\/de\/wp-json\/wp\/v2\/product_tag?post=10861"}],"curies":[{"name":"wp","href":"https:\/\/api.w.org\/{rel}","templated":true}]}}