{"id":1385,"date":"2019-12-19T11:07:37","date_gmt":"2019-12-19T10:07:37","guid":{"rendered":"https:\/\/cortenstaalverkoop.nl\/?post_type=product&#038;p=1385"},"modified":"2026-04-15T09:44:55","modified_gmt":"2026-04-15T07:44:55","slug":"corten-stahl-standbriefkasten-thor","status":"publish","type":"product","link":"https:\/\/cortenstaalverkoop.nl\/de\/product\/cortenstaal-staande-brievenbus-thor\/","title":{"rendered":"Corten Stahl Standbriefkasten Thor"},"content":{"rendered":"<h3 data-section-id=\"1kgpj9n\" data-start=\"0\" data-end=\"32\">Cortenstaal Briefkasten Thor<\/h3>\n<p data-start=\"34\" data-end=\"388\">Die Cortenstaal Briefkasten Thor hat eine elegante Industrie design und passt somit perfekt sowohl f\u00fcr Zuhause und B\u00fcro. Dank dem robusten material und der warme Rost Farbe, wird dieses Briefkasten auch Formen, die eine stilvolle und dauerhafte Erg\u00e4nzung zu Ihrem Eingang. In unserer Kollektion finden Sie F\u00fcnf st\u00e4ndigen Briefkasten Modelle, einschlie\u00dflich dieses Thor.<\/p>\n<p data-start=\"390\" data-end=\"665\">M\u00f6chten Sie Ihren Briefkasten personalisieren? W\u00e4hlen Sie dann <a href=\"https:\/\/cortenstaalverkoop.nl\/product\/cortenstaal-en-rvs-cijfers\/\" target=\"_blank\" rel=\"noopener\">Hausnummern<\/a> oder <a href=\"https:\/\/cortenstaalverkoop.nl\/product\/cortenstaal-en-rvs-letters\/\" target=\"_blank\" rel=\"noopener\">Buchstaben<\/a> in Edelstahl oder Corten-Stahl. Sie einfach f\u00fcgen Sie es auf die gew\u00fcnschte Stelle auf der mailbox. Wenn Sie den Auftrag zahlen oder Buchstaben, wir werden liefern Sie den entsprechenden Kleber direkt, so dass Sie k\u00f6nnen befestigen Sie Sie sofort.<\/p>\n<p data-start=\"667\" data-end=\"889\">Alle Briefkasten haben eine abschlie\u00dfbare T\u00fcr. Sie erhalten zwei Schl\u00fcssel standardm\u00e4\u00dfig. Dies h\u00e4lt Ihre mail sicher gespeichert. Sie finden diese Schl\u00fcssel auf der Innenseite des unteren.<\/p>\n<p data-start=\"891\" data-end=\"1230\" data-is-last-node=\"\" data-is-only-node=\"\">Wir liefern unsere Corten-Stahl Produkte unber\u00fchrt. Deshalb, packen Sie das Postfach sofort nach Lieferung. Dies erm\u00f6glicht die material, um Rost gleichm\u00e4\u00dfig und verhindert Schlieren oder Flecken w\u00e4hrend der Rost-Prozess. Im Laufe der Zeit die charakteristische Rost-Schicht entwickelt, die sch\u00fctzt den Stahl und sorgt f\u00fcr die einzigartige Optik von Corten-Stahl.<\/p>\n<p>Dieser Cortenstahl Briefkasten Thor ist 35 cm breit und 35 cm tief und 120 cm hoch und wiegt 27 kg.<\/p>\n<h4>Eigenschaften von Cortenstahl:<\/h4>\n<ul>\n<li>sehr stark, abriebfest und dadurch sehr langlebig<\/li>\n<li>Schlankes und somit zeitloses Design<\/li>\n<li>Wetterfestes und sehr langlebiges Material<\/li>\n<li>Warmes und nat\u00fcrliches Aussehen<\/li>\n<li>5 Jahre Garantie!<\/li>\n<li>wartungsarm<\/li>\n<\/ul>\n<h5>Produktinfo Cortenstahl:<\/h5>\n<p><a href=\"https:\/\/nl.wikipedia.org\/wiki\/Cortenstaal\" target=\"_blank\" rel=\"noopener noreferrer\">Cor-Ten-Stahl<\/a> auch als wetterfester Stahl bekannt. Es handelt sich um eine Metalllegierung aus Eisen, dem Kupfer, Silizium, Nickel und Chrom zugesetzt wurden. Cortenstahl ist eine sehr feste Stahlsorte. Denn es hat die Eigenschaft, sich an der Au\u00dfenluft mit einer sch\u00fctzenden Rostschicht zu bedecken. Diese nat\u00fcrliche feste Rostschicht bildet den Schutz vor weiterer Korrosion.<\/p>","protected":false},"excerpt":{"rendered":"<p>Dieser stehende Briefkasten aus Cortenstahl Thor ist 35 cm breit und 35 cm tief und 120 cm hoch. Die Zahlen und Buchstaben gibt es in Cortenstahl und Edelstahl: 0, 1, 2, 3, 4, 5, 6, 7, 8, 9, A, B, C, D<\/p>\n<p><strong>Vorteile:<\/strong><\/p>\n<ul>\n<li>Sehr starkes, verschlei\u00dffestes und strapazierf\u00e4higes Material<\/li>\n<li>wartungsarm<\/li>\n<li>Warmes und nat\u00fcrliches Aussehen<\/li>\n<li>Wir verwenden nur Cortenstahl S355JOWP<\/li>\n<li>5 Jahre Garantie!<\/li>\n<\/ul>\n<p><strong>Wichtig:<\/strong><br \/>\nDer Corten Stahl Standbriefkasten Thor wird unverrostet geliefert. Deshalb muss der Briefkasten sofort nach Anlieferung ausgepackt werden, damit das Produkt sch\u00f6n gleichm\u00e4\u00dfig rosten kann und keine Streifen oder Flecken entstehen.<\/p>\n<p>&nbsp;<\/p>","protected":false},"featured_media":6453,"template":"","meta":{"site-sidebar-layout":"default","site-content-layout":"default","ast-site-content-layout":"default","site-content-style":"default","site-sidebar-style":"default","ast-global-header-display":"","ast-banner-title-visibility":"","ast-main-header-display":"","ast-hfb-above-header-display":"","ast-hfb-below-header-display":"","ast-hfb-mobile-header-display":"","site-post-title":"","ast-breadcrumbs-content":"","ast-featured-img":"","footer-sml-layout":"","ast-disable-related-posts":"","theme-transparent-header-meta":"default","adv-header-id-meta":"","stick-header-meta":"","header-above-stick-meta":"","header-main-stick-meta":"","header-below-stick-meta":"","astra-migrate-meta-layouts":"set","ast-page-background-enabled":"default","ast-page-background-meta":{"desktop":{"background-color":"","background-image":"","background-repeat":"repeat","background-position":"center center","background-size":"auto","background-attachment":"scroll","background-type":"","background-media":"","overlay-type":"","overlay-color":"","overlay-opacity":"","overlay-gradient":""},"tablet":{"background-color":"","background-image":"","background-repeat":"repeat","background-position":"center center","background-size":"auto","background-attachment":"scroll","background-type":"","background-media":"","overlay-type":"","overlay-color":"","overlay-opacity":"","overlay-gradient":""},"mobile":{"background-color":"","background-image":"","background-repeat":"repeat","background-position":"center center","background-size":"auto","background-attachment":"scroll","background-type":"","background-media":"","overlay-type":"","overlay-color":"","overlay-opacity":"","overlay-gradient":""}},"ast-content-background-meta":{"desktop":{"background-color":"var(--ast-global-color-5)","background-image":"","background-repeat":"repeat","background-position":"center center","background-size":"auto","background-attachment":"scroll","background-type":"","background-media":"","overlay-type":"","overlay-color":"","overlay-opacity":"","overlay-gradient":""},"tablet":{"background-color":"var(--ast-global-color-5)","background-image":"","background-repeat":"repeat","background-position":"center center","background-size":"auto","background-attachment":"scroll","background-type":"","background-media":"","overlay-type":"","overlay-color":"","overlay-opacity":"","overlay-gradient":""},"mobile":{"background-color":"var(--ast-global-color-5)","background-image":"","background-repeat":"repeat","background-position":"center center","background-size":"auto","background-attachment":"scroll","background-type":"","background-media":"","overlay-type":"","overlay-color":"","overlay-opacity":"","overlay-gradient":""}}},"product_brand":[],"product_cat":[61],"product_tag":[],"class_list":{"0":"post-1385","1":"product","2":"type-product","3":"status-publish","4":"has-post-thumbnail","6":"product_cat-cortenstaal-tuininrichting","7":"product_shipping_class-fritom","8":"desktop-align-left","9":"tablet-align-left","10":"mobile-align-left","12":"first","13":"instock","14":"taxable","15":"shipping-taxable","16":"purchasable","17":"product-type-simple"},"yoast_head":"<!-- This site is optimized with the Yoast SEO plugin v27.4 - https:\/\/yoast.com\/product\/yoast-seo-wordpress\/ -->\n<title>Cortenstaal staande brievenbus Thor, goedkoop bij cortenstaalverkoop.nl<\/title>\n<meta name=\"description\" content=\"\u2705 Cortenstaal staande brievenbus Thor \u2705 de beste kwaliteit \u2705 5 jaar garantie! Bestel uw cortenstaal staande brievenbus goedkoop bij cortenstaalverkoop.nl\" \/>\n<meta name=\"robots\" content=\"index, follow, max-snippet:-1, max-image-preview:large, max-video-preview:-1\" \/>\n<link rel=\"canonical\" href=\"https:\/\/cortenstaalverkoop.nl\/de\/produkt\/corten-stahl-standbriefkasten-thor\/\" \/>\n<meta property=\"og:locale\" content=\"de_DE\" \/>\n<meta property=\"og:type\" content=\"article\" \/>\n<meta property=\"og:title\" content=\"Cortenstaal staande brievenbus Thor, goedkoop bij cortenstaalverkoop.nl\" \/>\n<meta property=\"og:description\" content=\"\u2705 Cortenstaal staande brievenbus Thor \u2705 de beste kwaliteit \u2705 5 jaar garantie! Bestel uw cortenstaal staande brievenbus goedkoop bij cortenstaalverkoop.nl\" \/>\n<meta property=\"og:url\" content=\"https:\/\/cortenstaalverkoop.nl\/de\/produkt\/corten-stahl-standbriefkasten-thor\/\" \/>\n<meta property=\"og:site_name\" content=\"Cortenstaalverkoop.nl\" \/>\n<meta property=\"article:modified_time\" content=\"2026-04-15T07:44:55+00:00\" \/>\n<meta property=\"og:image\" content=\"https:\/\/cortenstaalverkoop.nl\/wp-content\/uploads\/2019\/12\/brievenbus-Thor.png\" \/>\n\t<meta property=\"og:image:width\" content=\"699\" \/>\n\t<meta property=\"og:image:height\" content=\"699\" \/>\n\t<meta property=\"og:image:type\" content=\"image\/png\" \/>\n<meta name=\"twitter:card\" content=\"summary_large_image\" \/>\n<meta name=\"twitter:label1\" content=\"Gesch\u00e4tzte Lesezeit\" \/>\n\t<meta name=\"twitter:data1\" content=\"2\u00a0Minuten\" \/>\n<script type=\"application\/ld+json\" class=\"yoast-schema-graph\">{\"@context\":\"https:\\\/\\\/schema.org\",\"@graph\":[{\"@type\":\"WebPage\",\"@id\":\"https:\\\/\\\/cortenstaalverkoop.nl\\\/product\\\/cortenstaal-staande-brievenbus-thor\\\/\",\"url\":\"https:\\\/\\\/cortenstaalverkoop.nl\\\/product\\\/cortenstaal-staande-brievenbus-thor\\\/\",\"name\":\"Cortenstaal staande brievenbus Thor, goedkoop bij cortenstaalverkoop.nl\",\"isPartOf\":{\"@id\":\"https:\\\/\\\/cortenstaalverkoop.nl\\\/#website\"},\"primaryImageOfPage\":{\"@id\":\"https:\\\/\\\/cortenstaalverkoop.nl\\\/product\\\/cortenstaal-staande-brievenbus-thor\\\/#primaryimage\"},\"image\":{\"@id\":\"https:\\\/\\\/cortenstaalverkoop.nl\\\/product\\\/cortenstaal-staande-brievenbus-thor\\\/#primaryimage\"},\"thumbnailUrl\":\"https:\\\/\\\/cortenstaalverkoop.nl\\\/wp-content\\\/uploads\\\/2019\\\/12\\\/brievenbus-Thor.png\",\"datePublished\":\"2019-12-19T10:07:37+00:00\",\"dateModified\":\"2026-04-15T07:44:55+00:00\",\"description\":\"\u2705 Cortenstaal staande brievenbus Thor \u2705 de beste kwaliteit \u2705 5 jaar garantie! Bestel uw cortenstaal staande brievenbus goedkoop bij cortenstaalverkoop.nl\",\"breadcrumb\":{\"@id\":\"https:\\\/\\\/cortenstaalverkoop.nl\\\/product\\\/cortenstaal-staande-brievenbus-thor\\\/#breadcrumb\"},\"inLanguage\":\"de\",\"potentialAction\":[{\"@type\":\"ReadAction\",\"target\":[\"https:\\\/\\\/cortenstaalverkoop.nl\\\/product\\\/cortenstaal-staande-brievenbus-thor\\\/\"]}]},{\"@type\":\"ImageObject\",\"inLanguage\":\"de\",\"@id\":\"https:\\\/\\\/cortenstaalverkoop.nl\\\/product\\\/cortenstaal-staande-brievenbus-thor\\\/#primaryimage\",\"url\":\"https:\\\/\\\/cortenstaalverkoop.nl\\\/wp-content\\\/uploads\\\/2019\\\/12\\\/brievenbus-Thor.png\",\"contentUrl\":\"https:\\\/\\\/cortenstaalverkoop.nl\\\/wp-content\\\/uploads\\\/2019\\\/12\\\/brievenbus-Thor.png\",\"width\":699,\"height\":699,\"caption\":\"Cortenstaal staande brievenbus Thor\"},{\"@type\":\"BreadcrumbList\",\"@id\":\"https:\\\/\\\/cortenstaalverkoop.nl\\\/product\\\/cortenstaal-staande-brievenbus-thor\\\/#breadcrumb\",\"itemListElement\":[{\"@type\":\"ListItem\",\"position\":1,\"name\":\"Home\",\"item\":\"https:\\\/\\\/cortenstaalverkoop.nl\\\/\"},{\"@type\":\"ListItem\",\"position\":2,\"name\":\"Assortiment\",\"item\":\"https:\\\/\\\/cortenstaalverkoop.nl\\\/assortiment-cortenstaal\\\/\"},{\"@type\":\"ListItem\",\"position\":3,\"name\":\"Cortenstaal staande brievenbus Thor\"}]},{\"@type\":\"WebSite\",\"@id\":\"https:\\\/\\\/cortenstaalverkoop.nl\\\/#website\",\"url\":\"https:\\\/\\\/cortenstaalverkoop.nl\\\/\",\"name\":\"Cortenstaalverkoop.nl\",\"description\":\"de cortenstaal specialist!\",\"publisher\":{\"@id\":\"https:\\\/\\\/cortenstaalverkoop.nl\\\/#organization\"},\"potentialAction\":[{\"@type\":\"SearchAction\",\"target\":{\"@type\":\"EntryPoint\",\"urlTemplate\":\"https:\\\/\\\/cortenstaalverkoop.nl\\\/?s={search_term_string}\"},\"query-input\":{\"@type\":\"PropertyValueSpecification\",\"valueRequired\":true,\"valueName\":\"search_term_string\"}}],\"inLanguage\":\"de\"},{\"@type\":\"Organization\",\"@id\":\"https:\\\/\\\/cortenstaalverkoop.nl\\\/#organization\",\"name\":\"Cortenstaalverkoop.nl\",\"url\":\"https:\\\/\\\/cortenstaalverkoop.nl\\\/\",\"logo\":{\"@type\":\"ImageObject\",\"inLanguage\":\"de\",\"@id\":\"https:\\\/\\\/cortenstaalverkoop.nl\\\/#\\\/schema\\\/logo\\\/image\\\/\",\"url\":\"https:\\\/\\\/cortenstaalverkoop.nl\\\/wp-content\\\/uploads\\\/2019\\\/11\\\/cortenstaal-logo-1.png\",\"contentUrl\":\"https:\\\/\\\/cortenstaalverkoop.nl\\\/wp-content\\\/uploads\\\/2019\\\/11\\\/cortenstaal-logo-1.png\",\"width\":480,\"height\":163,\"caption\":\"Cortenstaalverkoop.nl\"},\"image\":{\"@id\":\"https:\\\/\\\/cortenstaalverkoop.nl\\\/#\\\/schema\\\/logo\\\/image\\\/\"}}]}<\/script>\n<!-- \/ Yoast SEO plugin. -->","yoast_head_json":{"title":"Stehender Briefkasten Thor aus Cortenstahl, g\u00fcnstig bei cortenstaalverkoop.nl","description":"\u2705 Standbriefkasten Thor aus Cortenstahl \u2705 beste Qualit\u00e4t \u2705 5 Jahre Garantie! Bestellen Sie Ihren stehenden Briefkasten aus Cortenstahl g\u00fcnstig bei cortenstaalverkoop.nl","robots":{"index":"index","follow":"follow","max-snippet":"max-snippet:-1","max-image-preview":"max-image-preview:large","max-video-preview":"max-video-preview:-1"},"canonical":"https:\/\/cortenstaalverkoop.nl\/de\/produkt\/corten-stahl-standbriefkasten-thor\/","og_locale":"de_DE","og_type":"article","og_title":"Cortenstaal staande brievenbus Thor, goedkoop bij cortenstaalverkoop.nl","og_description":"\u2705 Cortenstaal staande brievenbus Thor \u2705 de beste kwaliteit \u2705 5 jaar garantie! Bestel uw cortenstaal staande brievenbus goedkoop bij cortenstaalverkoop.nl","og_url":"https:\/\/cortenstaalverkoop.nl\/de\/produkt\/corten-stahl-standbriefkasten-thor\/","og_site_name":"Cortenstaalverkoop.nl","article_modified_time":"2026-04-15T07:44:55+00:00","og_image":[{"width":699,"height":699,"url":"https:\/\/cortenstaalverkoop.nl\/wp-content\/uploads\/2019\/12\/brievenbus-Thor.png","type":"image\/png"}],"twitter_card":"summary_large_image","twitter_misc":{"Gesch\u00e4tzte Lesezeit":"2\u00a0Minuten"},"schema":{"@context":"https:\/\/schema.org","@graph":[{"@type":"WebPage","@id":"https:\/\/cortenstaalverkoop.nl\/product\/cortenstaal-staande-brievenbus-thor\/","url":"https:\/\/cortenstaalverkoop.nl\/product\/cortenstaal-staande-brievenbus-thor\/","name":"Stehender Briefkasten Thor aus Cortenstahl, g\u00fcnstig bei cortenstaalverkoop.nl","isPartOf":{"@id":"https:\/\/cortenstaalverkoop.nl\/#website"},"primaryImageOfPage":{"@id":"https:\/\/cortenstaalverkoop.nl\/product\/cortenstaal-staande-brievenbus-thor\/#primaryimage"},"image":{"@id":"https:\/\/cortenstaalverkoop.nl\/product\/cortenstaal-staande-brievenbus-thor\/#primaryimage"},"thumbnailUrl":"https:\/\/cortenstaalverkoop.nl\/wp-content\/uploads\/2019\/12\/brievenbus-Thor.png","datePublished":"2019-12-19T10:07:37+00:00","dateModified":"2026-04-15T07:44:55+00:00","description":"\u2705 Standbriefkasten Thor aus Cortenstahl \u2705 beste Qualit\u00e4t \u2705 5 Jahre Garantie! Bestellen Sie Ihren stehenden Briefkasten aus Cortenstahl g\u00fcnstig bei cortenstaalverkoop.nl","breadcrumb":{"@id":"https:\/\/cortenstaalverkoop.nl\/product\/cortenstaal-staande-brievenbus-thor\/#breadcrumb"},"inLanguage":"de","potentialAction":[{"@type":"ReadAction","target":["https:\/\/cortenstaalverkoop.nl\/product\/cortenstaal-staande-brievenbus-thor\/"]}]},{"@type":"ImageObject","inLanguage":"de","@id":"https:\/\/cortenstaalverkoop.nl\/product\/cortenstaal-staande-brievenbus-thor\/#primaryimage","url":"https:\/\/cortenstaalverkoop.nl\/wp-content\/uploads\/2019\/12\/brievenbus-Thor.png","contentUrl":"https:\/\/cortenstaalverkoop.nl\/wp-content\/uploads\/2019\/12\/brievenbus-Thor.png","width":699,"height":699,"caption":"Cortenstaal staande brievenbus Thor"},{"@type":"BreadcrumbList","@id":"https:\/\/cortenstaalverkoop.nl\/product\/cortenstaal-staande-brievenbus-thor\/#breadcrumb","itemListElement":[{"@type":"ListItem","position":1,"name":"Home","item":"https:\/\/cortenstaalverkoop.nl\/"},{"@type":"ListItem","position":2,"name":"Assortiment","item":"https:\/\/cortenstaalverkoop.nl\/assortiment-cortenstaal\/"},{"@type":"ListItem","position":3,"name":"Cortenstaal staande brievenbus Thor"}]},{"@type":"WebSite","@id":"https:\/\/cortenstaalverkoop.nl\/#website","url":"https:\/\/cortenstaalverkoop.nl\/","name":"Cortenstaalverkoop.nl","description":"die cortenstaal-Spezialisten!","publisher":{"@id":"https:\/\/cortenstaalverkoop.nl\/#organization"},"potentialAction":[{"@type":"SearchAction","target":{"@type":"EntryPoint","urlTemplate":"https:\/\/cortenstaalverkoop.nl\/?s={search_term_string}"},"query-input":{"@type":"PropertyValueSpecification","valueRequired":true,"valueName":"search_term_string"}}],"inLanguage":"de"},{"@type":"Organization","@id":"https:\/\/cortenstaalverkoop.nl\/#organization","name":"Cortenstaalverkoop.nl","url":"https:\/\/cortenstaalverkoop.nl\/","logo":{"@type":"ImageObject","inLanguage":"de","@id":"https:\/\/cortenstaalverkoop.nl\/#\/schema\/logo\/image\/","url":"https:\/\/cortenstaalverkoop.nl\/wp-content\/uploads\/2019\/11\/cortenstaal-logo-1.png","contentUrl":"https:\/\/cortenstaalverkoop.nl\/wp-content\/uploads\/2019\/11\/cortenstaal-logo-1.png","width":480,"height":163,"caption":"Cortenstaalverkoop.nl"},"image":{"@id":"https:\/\/cortenstaalverkoop.nl\/#\/schema\/logo\/image\/"}}]}},"_links":{"self":[{"href":"https:\/\/cortenstaalverkoop.nl\/de\/wp-json\/wp\/v2\/product\/1385","targetHints":{"allow":["GET"]}}],"collection":[{"href":"https:\/\/cortenstaalverkoop.nl\/de\/wp-json\/wp\/v2\/product"}],"about":[{"href":"https:\/\/cortenstaalverkoop.nl\/de\/wp-json\/wp\/v2\/types\/product"}],"version-history":[{"count":51,"href":"https:\/\/cortenstaalverkoop.nl\/de\/wp-json\/wp\/v2\/product\/1385\/revisions"}],"predecessor-version":[{"id":11128,"href":"https:\/\/cortenstaalverkoop.nl\/de\/wp-json\/wp\/v2\/product\/1385\/revisions\/11128"}],"wp:featuredmedia":[{"embeddable":true,"href":"https:\/\/cortenstaalverkoop.nl\/de\/wp-json\/wp\/v2\/media\/6453"}],"wp:attachment":[{"href":"https:\/\/cortenstaalverkoop.nl\/de\/wp-json\/wp\/v2\/media?parent=1385"}],"wp:term":[{"taxonomy":"product_brand","embeddable":true,"href":"https:\/\/cortenstaalverkoop.nl\/de\/wp-json\/wp\/v2\/product_brand?post=1385"},{"taxonomy":"product_cat","embeddable":true,"href":"https:\/\/cortenstaalverkoop.nl\/de\/wp-json\/wp\/v2\/product_cat?post=1385"},{"taxonomy":"product_tag","embeddable":true,"href":"https:\/\/cortenstaalverkoop.nl\/de\/wp-json\/wp\/v2\/product_tag?post=1385"}],"curies":[{"name":"wp","href":"https:\/\/api.w.org\/{rel}","templated":true}]}}