{"id":2182,"date":"2020-01-12T20:47:08","date_gmt":"2020-01-12T19:47:08","guid":{"rendered":"https:\/\/cortenstaalverkoop.nl\/?post_type=product&#038;p=2182"},"modified":"2026-04-20T16:13:34","modified_gmt":"2026-04-20T14:13:34","slug":"cortenstahl-feuerschale-auf-beinen","status":"publish","type":"product","link":"https:\/\/cortenstaalverkoop.nl\/de\/product\/cortenstaal-vuurschaal-met-bakring\/","title":{"rendered":"Corten-Stahl-Feuerschale mit Backblech ring"},"content":{"rendered":"<div data-elementor-type=\"wp-post\" data-elementor-id=\"2182\" class=\"elementor elementor-2182\">\n\t\t\t\t\t\t<section class=\"elementor-section elementor-top-section elementor-element elementor-element-42b69f59 elementor-section-boxed elementor-section-height-default elementor-section-height-default\" data-id=\"42b69f59\" data-element_type=\"section\" data-e-type=\"section\">\n\t\t\t\t\t\t<div class=\"elementor-container elementor-column-gap-default\">\n\t\t\t\t\t<div class=\"elementor-column elementor-col-100 elementor-top-column elementor-element elementor-element-274b631a\" data-id=\"274b631a\" data-element_type=\"column\" data-e-type=\"column\">\n\t\t\t<div class=\"elementor-widget-wrap elementor-element-populated\">\n\t\t\t\t\t\t<div class=\"elementor-element elementor-element-7e8ff7f9 elementor-widget elementor-widget-text-editor\" data-id=\"7e8ff7f9\" data-element_type=\"widget\" data-e-type=\"widget\" data-widget_type=\"text-editor.default\">\n\t\t\t\t<div class=\"elementor-widget-container\">\n\t\t\t\t\t\t\t\t\t<p><strong>Deze cortenstaal vuurschaal met bakring is te koop met of zonder grillset!<\/strong><\/p><h5>Wichtig:<\/h5><p>Wenn Sie diesen Cortenstahl zum ersten Mal verwenden <a href=\"https:\/\/cortenstaalverkoop.nl\/product\/cortenstaal-vuurelementen\/cortenstaal-vuurschaal\/\" target=\"_blank\" rel=\"noopener\">Feuerschale<\/a> met bakring is het heel belangrijk dat je begint met een klein vuur en na 25 minuten<br \/>sch\u00fcrt das Feuer weiter. Denn das schwere Backblech unten wird hei\u00dfer als<br \/>oben wird die Platte durch diesen Temperaturunterschied hohl. Nach dem ersten Gebrauch<br \/>die Feuerring hat sich gesetzt und dieser Vorgang ist nicht mehr erforderlich.<br \/>Das Kochger\u00e4t funktioniert am besten, wenn es ein- oder zweimal benutzt wurde und das \u00d6l<br \/>in die Platte eingebrannt. Das Grillen auf dem Feuerring wird nach diesem \u201eEinbrennen\u201c leichter und<br \/>sch\u00fctzt die Platte vor dem Rosten, wenn sie nicht benutzt wird.<br \/>Am besten Backen Sie beispielsweise mit Pflanzen\u00f6l mit hohem Verbrennungsgrad<br \/>Sonnenblumen\u00f6l.<\/p><p>Nach ca. 25-30 Minuten Brenndauer hat das Feuerring des inneren Randes eine<br \/>Temperatur von 275 \u2013 300\u00b0C. Wenn das Feuer brennt, k\u00f6nnen Sie beginnen<br \/>Um das Feuerring zu \u00f6len, dosieren Sie dort, wo Sie backen m\u00f6chten, etwas mehr \u00d6l. Am \u00e4u\u00dferen Rand ist<br \/>die Temperatur ist etwas niedriger, sodass Sie zwischen Braten und Warmhalten umschalten k\u00f6nnen. Bei der<br \/>Durch Erhitzen wird die Feuerring leicht hohl. \u00dcbersch\u00fcssiges \u00d6l und Fette werden also<br \/>automatisch im Feuer landen. Wenn das Feuerring abk\u00fchlt, richtet es sich vollst\u00e4ndig auf. Nach Gebrauch die Asche entfernen.<\/p><p><strong>De grillset bestaat uit drie belangrijke onderdelen:<\/strong> een grill lifter, een grill raiser en een flushgrill. Met de grill lifter kun je eenvoudig de flushgrill oppakken uit de SEARE ring. Deze flushgrill kan vervolgens op de grill raiser worden geplaatst. De grill raiser fungeert als een extra grill, waardoor je verschillende temperaturen kunt cre\u00ebren voor het bakken van voedsel. Daarnaast heeft de grillset een ingebouwde foodbumper, waardoor je voedsel veilig blijft en niet per ongeluk in het vuur belandt.<\/p><h6>Produkte werden frei von Rost geliefert:<\/h6><p>Produkte m\u00fcssen sofort nach der Lieferung ausgepackt werden, damit Feuchtigkeit zwischen<br \/>die verpackung und das produkt ist nicht beigelegt. Dadurch kann es zu unregelm\u00e4\u00dfigem Rost und Flecken kommen<br \/>verursachen.<\/p><p><strong>Produktinfo Cortenstahl:<\/strong><br \/><a href=\"https:\/\/nl.wikipedia.org\/wiki\/Cortenstaal\" target=\"_blank\" rel=\"noopener noreferrer\">Cor-Ten-Stahl<\/a> auch als wetterfester Stahl bekannt. Es handelt sich um eine Metalllegierung aus Eisen, dem Kupfer, Silizium, Nickel und Chrom zugesetzt wurden. Cortenstahl ist eine sehr feste Stahlsorte. Denn es hat die Eigenschaft, sich an der Au\u00dfenluft mit einer sch\u00fctzenden Rostschicht zu bedecken. Diese nat\u00fcrliche feste Rostschicht bildet den Schutz gegen weitere Korrosion.<\/p>\t\t\t\t\t\t\t\t<\/div>\n\t\t\t\t<\/div>\n\t\t\t\t\t<\/div>\n\t\t<\/div>\n\t\t\t\t\t<\/div>\n\t\t<\/section>\n\t\t\t\t<\/div>","protected":false},"excerpt":{"rendered":"<p>Diese Feuerschale aus Cortenstahl mit Backring besteht aus 3 mm dickem Stahl. Die Basis besteht aus 8 mm dickem Stahl. Backblech aus 10 mm starkem S235-Stahl.<\/p>\n<p>Durch die schlichte runde Form genie\u00dfen Sie die W\u00e4rme und Atmosph\u00e4re, die diese Feuerschale von allen Seiten bietet. Standardm\u00e4\u00dfig mit Ablauf\u00f6ffnungen geliefert. Nach Gebrauch die Asche entfernen.<\/p>\n<p>Durchmesser 63 cm, H\u00f6he 60 cm. Lieferung mit Montagematerial aus Edelstahl.<\/p>","protected":false},"featured_media":5938,"template":"","meta":{"site-sidebar-layout":"default","site-content-layout":"default","ast-site-content-layout":"default","site-content-style":"default","site-sidebar-style":"default","ast-global-header-display":"","ast-banner-title-visibility":"","ast-main-header-display":"","ast-hfb-above-header-display":"","ast-hfb-below-header-display":"","ast-hfb-mobile-header-display":"","site-post-title":"","ast-breadcrumbs-content":"","ast-featured-img":"","footer-sml-layout":"","ast-disable-related-posts":"","theme-transparent-header-meta":"default","adv-header-id-meta":"","stick-header-meta":"","header-above-stick-meta":"","header-main-stick-meta":"","header-below-stick-meta":"","astra-migrate-meta-layouts":"set","ast-page-background-enabled":"default","ast-page-background-meta":{"desktop":{"background-color":"","background-image":"","background-repeat":"repeat","background-position":"center center","background-size":"auto","background-attachment":"scroll","background-type":"","background-media":"","overlay-type":"","overlay-color":"","overlay-opacity":"","overlay-gradient":""},"tablet":{"background-color":"","background-image":"","background-repeat":"repeat","background-position":"center center","background-size":"auto","background-attachment":"scroll","background-type":"","background-media":"","overlay-type":"","overlay-color":"","overlay-opacity":"","overlay-gradient":""},"mobile":{"background-color":"","background-image":"","background-repeat":"repeat","background-position":"center center","background-size":"auto","background-attachment":"scroll","background-type":"","background-media":"","overlay-type":"","overlay-color":"","overlay-opacity":"","overlay-gradient":""}},"ast-content-background-meta":{"desktop":{"background-color":"var(--ast-global-color-5)","background-image":"","background-repeat":"repeat","background-position":"center center","background-size":"auto","background-attachment":"scroll","background-type":"","background-media":"","overlay-type":"","overlay-color":"","overlay-opacity":"","overlay-gradient":""},"tablet":{"background-color":"var(--ast-global-color-5)","background-image":"","background-repeat":"repeat","background-position":"center center","background-size":"auto","background-attachment":"scroll","background-type":"","background-media":"","overlay-type":"","overlay-color":"","overlay-opacity":"","overlay-gradient":""},"mobile":{"background-color":"var(--ast-global-color-5)","background-image":"","background-repeat":"repeat","background-position":"center center","background-size":"auto","background-attachment":"scroll","background-type":"","background-media":"","overlay-type":"","overlay-color":"","overlay-opacity":"","overlay-gradient":""}}},"product_brand":[],"product_cat":[58],"product_tag":[],"class_list":{"0":"post-2182","1":"product","2":"type-product","3":"status-publish","4":"has-post-thumbnail","6":"product_cat-cortenstaal-vuurelementen","7":"product_shipping_class-transport-light","8":"desktop-align-left","9":"tablet-align-left","10":"mobile-align-left","12":"first","13":"instock","14":"taxable","15":"shipping-taxable","16":"purchasable","17":"product-type-variable"},"yoast_head":"<!-- This site is optimized with the Yoast SEO plugin v27.4 - https:\/\/yoast.com\/product\/yoast-seo-wordpress\/ -->\n<title>Cortenstaal vuurschaal met bakring, bij cortenstaalverkoop.nl<\/title>\n<meta name=\"description\" content=\"\u2705 Cortenstaal vuurschaal met bakring. \u2705 de beste kwaliteit. \u2705 5 jaar garantie! Bestel eenvoudig en goedkoop bij cortenstaalverkoop.nl\" \/>\n<meta name=\"robots\" content=\"index, follow, max-snippet:-1, max-image-preview:large, max-video-preview:-1\" \/>\n<link rel=\"canonical\" href=\"https:\/\/cortenstaalverkoop.nl\/de\/produkt\/cortenstahl-feuerschale-auf-beinen\/\" \/>\n<meta property=\"og:locale\" content=\"de_DE\" \/>\n<meta property=\"og:type\" content=\"article\" \/>\n<meta property=\"og:title\" content=\"Cortenstaal vuurschaal met bakring, bij cortenstaalverkoop.nl\" \/>\n<meta property=\"og:description\" content=\"\u2705 Cortenstaal vuurschaal met bakring. \u2705 de beste kwaliteit. \u2705 5 jaar garantie! Bestel eenvoudig en goedkoop bij cortenstaalverkoop.nl\" \/>\n<meta property=\"og:url\" content=\"https:\/\/cortenstaalverkoop.nl\/de\/produkt\/cortenstahl-feuerschale-auf-beinen\/\" \/>\n<meta property=\"og:site_name\" content=\"Cortenstaalverkoop.nl\" \/>\n<meta property=\"article:modified_time\" content=\"2026-04-20T14:13:34+00:00\" \/>\n<meta property=\"og:image\" content=\"https:\/\/cortenstaalverkoop.nl\/wp-content\/uploads\/2020\/01\/COSA-BCA-baking-tray.png\" \/>\n\t<meta property=\"og:image:width\" content=\"699\" \/>\n\t<meta property=\"og:image:height\" content=\"699\" \/>\n\t<meta property=\"og:image:type\" content=\"image\/png\" \/>\n<meta name=\"twitter:card\" content=\"summary_large_image\" \/>\n<meta name=\"twitter:label1\" content=\"Gesch\u00e4tzte Lesezeit\" \/>\n\t<meta name=\"twitter:data1\" content=\"3\u00a0Minuten\" \/>\n<script type=\"application\/ld+json\" class=\"yoast-schema-graph\">{\"@context\":\"https:\\\/\\\/schema.org\",\"@graph\":[{\"@type\":\"WebPage\",\"@id\":\"https:\\\/\\\/cortenstaalverkoop.nl\\\/product\\\/cortenstaal-vuurschaal-met-bakring\\\/\",\"url\":\"https:\\\/\\\/cortenstaalverkoop.nl\\\/product\\\/cortenstaal-vuurschaal-met-bakring\\\/\",\"name\":\"Cortenstaal vuurschaal met bakring, bij cortenstaalverkoop.nl\",\"isPartOf\":{\"@id\":\"https:\\\/\\\/cortenstaalverkoop.nl\\\/#website\"},\"primaryImageOfPage\":{\"@id\":\"https:\\\/\\\/cortenstaalverkoop.nl\\\/product\\\/cortenstaal-vuurschaal-met-bakring\\\/#primaryimage\"},\"image\":{\"@id\":\"https:\\\/\\\/cortenstaalverkoop.nl\\\/product\\\/cortenstaal-vuurschaal-met-bakring\\\/#primaryimage\"},\"thumbnailUrl\":\"https:\\\/\\\/cortenstaalverkoop.nl\\\/wp-content\\\/uploads\\\/2020\\\/01\\\/COSA-BCA-baking-tray.png\",\"datePublished\":\"2020-01-12T19:47:08+00:00\",\"dateModified\":\"2026-04-20T14:13:34+00:00\",\"description\":\"\u2705 Cortenstaal vuurschaal met bakring. \u2705 de beste kwaliteit. \u2705 5 jaar garantie! Bestel eenvoudig en goedkoop bij cortenstaalverkoop.nl\",\"breadcrumb\":{\"@id\":\"https:\\\/\\\/cortenstaalverkoop.nl\\\/product\\\/cortenstaal-vuurschaal-met-bakring\\\/#breadcrumb\"},\"inLanguage\":\"de\",\"potentialAction\":[{\"@type\":\"ReadAction\",\"target\":[\"https:\\\/\\\/cortenstaalverkoop.nl\\\/product\\\/cortenstaal-vuurschaal-met-bakring\\\/\"]}]},{\"@type\":\"ImageObject\",\"inLanguage\":\"de\",\"@id\":\"https:\\\/\\\/cortenstaalverkoop.nl\\\/product\\\/cortenstaal-vuurschaal-met-bakring\\\/#primaryimage\",\"url\":\"https:\\\/\\\/cortenstaalverkoop.nl\\\/wp-content\\\/uploads\\\/2020\\\/01\\\/COSA-BCA-baking-tray.png\",\"contentUrl\":\"https:\\\/\\\/cortenstaalverkoop.nl\\\/wp-content\\\/uploads\\\/2020\\\/01\\\/COSA-BCA-baking-tray.png\",\"width\":699,\"height\":699,\"caption\":\"Cortenstaal vuurschaal op poten\"},{\"@type\":\"BreadcrumbList\",\"@id\":\"https:\\\/\\\/cortenstaalverkoop.nl\\\/product\\\/cortenstaal-vuurschaal-met-bakring\\\/#breadcrumb\",\"itemListElement\":[{\"@type\":\"ListItem\",\"position\":1,\"name\":\"Home\",\"item\":\"https:\\\/\\\/cortenstaalverkoop.nl\\\/\"},{\"@type\":\"ListItem\",\"position\":2,\"name\":\"Assortiment\",\"item\":\"https:\\\/\\\/cortenstaalverkoop.nl\\\/assortiment-cortenstaal\\\/\"},{\"@type\":\"ListItem\",\"position\":3,\"name\":\"Cortenstaal vuurschaal met bakring\"}]},{\"@type\":\"WebSite\",\"@id\":\"https:\\\/\\\/cortenstaalverkoop.nl\\\/#website\",\"url\":\"https:\\\/\\\/cortenstaalverkoop.nl\\\/\",\"name\":\"Cortenstaalverkoop.nl\",\"description\":\"de cortenstaal specialist!\",\"publisher\":{\"@id\":\"https:\\\/\\\/cortenstaalverkoop.nl\\\/#organization\"},\"potentialAction\":[{\"@type\":\"SearchAction\",\"target\":{\"@type\":\"EntryPoint\",\"urlTemplate\":\"https:\\\/\\\/cortenstaalverkoop.nl\\\/?s={search_term_string}\"},\"query-input\":{\"@type\":\"PropertyValueSpecification\",\"valueRequired\":true,\"valueName\":\"search_term_string\"}}],\"inLanguage\":\"de\"},{\"@type\":\"Organization\",\"@id\":\"https:\\\/\\\/cortenstaalverkoop.nl\\\/#organization\",\"name\":\"Cortenstaalverkoop.nl\",\"url\":\"https:\\\/\\\/cortenstaalverkoop.nl\\\/\",\"logo\":{\"@type\":\"ImageObject\",\"inLanguage\":\"de\",\"@id\":\"https:\\\/\\\/cortenstaalverkoop.nl\\\/#\\\/schema\\\/logo\\\/image\\\/\",\"url\":\"https:\\\/\\\/cortenstaalverkoop.nl\\\/wp-content\\\/uploads\\\/2019\\\/11\\\/cortenstaal-logo-1.png\",\"contentUrl\":\"https:\\\/\\\/cortenstaalverkoop.nl\\\/wp-content\\\/uploads\\\/2019\\\/11\\\/cortenstaal-logo-1.png\",\"width\":480,\"height\":163,\"caption\":\"Cortenstaalverkoop.nl\"},\"image\":{\"@id\":\"https:\\\/\\\/cortenstaalverkoop.nl\\\/#\\\/schema\\\/logo\\\/image\\\/\"}}]}<\/script>\n<!-- \/ Yoast SEO plugin. -->","yoast_head_json":{"title":"Cortenstaal vuurschaal met bakring, bij cortenstaalverkoop.nl","description":"\u2705 Cortenstaal vuurschaal met bakring. \u2705 de beste kwaliteit. \u2705 5 jaar garantie! Bestel eenvoudig en goedkoop bij cortenstaalverkoop.nl","robots":{"index":"index","follow":"follow","max-snippet":"max-snippet:-1","max-image-preview":"max-image-preview:large","max-video-preview":"max-video-preview:-1"},"canonical":"https:\/\/cortenstaalverkoop.nl\/de\/produkt\/cortenstahl-feuerschale-auf-beinen\/","og_locale":"de_DE","og_type":"article","og_title":"Cortenstaal vuurschaal met bakring, bij cortenstaalverkoop.nl","og_description":"\u2705 Cortenstaal vuurschaal met bakring. \u2705 de beste kwaliteit. \u2705 5 jaar garantie! Bestel eenvoudig en goedkoop bij cortenstaalverkoop.nl","og_url":"https:\/\/cortenstaalverkoop.nl\/de\/produkt\/cortenstahl-feuerschale-auf-beinen\/","og_site_name":"Cortenstaalverkoop.nl","article_modified_time":"2026-04-20T14:13:34+00:00","og_image":[{"width":699,"height":699,"url":"https:\/\/cortenstaalverkoop.nl\/wp-content\/uploads\/2020\/01\/COSA-BCA-baking-tray.png","type":"image\/png"}],"twitter_card":"summary_large_image","twitter_misc":{"Gesch\u00e4tzte Lesezeit":"3\u00a0Minuten"},"schema":{"@context":"https:\/\/schema.org","@graph":[{"@type":"WebPage","@id":"https:\/\/cortenstaalverkoop.nl\/product\/cortenstaal-vuurschaal-met-bakring\/","url":"https:\/\/cortenstaalverkoop.nl\/product\/cortenstaal-vuurschaal-met-bakring\/","name":"Cortenstaal vuurschaal met bakring, bij cortenstaalverkoop.nl","isPartOf":{"@id":"https:\/\/cortenstaalverkoop.nl\/#website"},"primaryImageOfPage":{"@id":"https:\/\/cortenstaalverkoop.nl\/product\/cortenstaal-vuurschaal-met-bakring\/#primaryimage"},"image":{"@id":"https:\/\/cortenstaalverkoop.nl\/product\/cortenstaal-vuurschaal-met-bakring\/#primaryimage"},"thumbnailUrl":"https:\/\/cortenstaalverkoop.nl\/wp-content\/uploads\/2020\/01\/COSA-BCA-baking-tray.png","datePublished":"2020-01-12T19:47:08+00:00","dateModified":"2026-04-20T14:13:34+00:00","description":"\u2705 Cortenstaal vuurschaal met bakring. \u2705 de beste kwaliteit. \u2705 5 jaar garantie! Bestel eenvoudig en goedkoop bij cortenstaalverkoop.nl","breadcrumb":{"@id":"https:\/\/cortenstaalverkoop.nl\/product\/cortenstaal-vuurschaal-met-bakring\/#breadcrumb"},"inLanguage":"de","potentialAction":[{"@type":"ReadAction","target":["https:\/\/cortenstaalverkoop.nl\/product\/cortenstaal-vuurschaal-met-bakring\/"]}]},{"@type":"ImageObject","inLanguage":"de","@id":"https:\/\/cortenstaalverkoop.nl\/product\/cortenstaal-vuurschaal-met-bakring\/#primaryimage","url":"https:\/\/cortenstaalverkoop.nl\/wp-content\/uploads\/2020\/01\/COSA-BCA-baking-tray.png","contentUrl":"https:\/\/cortenstaalverkoop.nl\/wp-content\/uploads\/2020\/01\/COSA-BCA-baking-tray.png","width":699,"height":699,"caption":"Cortenstaal vuurschaal op poten"},{"@type":"BreadcrumbList","@id":"https:\/\/cortenstaalverkoop.nl\/product\/cortenstaal-vuurschaal-met-bakring\/#breadcrumb","itemListElement":[{"@type":"ListItem","position":1,"name":"Home","item":"https:\/\/cortenstaalverkoop.nl\/"},{"@type":"ListItem","position":2,"name":"Assortiment","item":"https:\/\/cortenstaalverkoop.nl\/assortiment-cortenstaal\/"},{"@type":"ListItem","position":3,"name":"Cortenstaal vuurschaal met bakring"}]},{"@type":"WebSite","@id":"https:\/\/cortenstaalverkoop.nl\/#website","url":"https:\/\/cortenstaalverkoop.nl\/","name":"Cortenstaalverkoop.nl","description":"die cortenstaal-Spezialisten!","publisher":{"@id":"https:\/\/cortenstaalverkoop.nl\/#organization"},"potentialAction":[{"@type":"SearchAction","target":{"@type":"EntryPoint","urlTemplate":"https:\/\/cortenstaalverkoop.nl\/?s={search_term_string}"},"query-input":{"@type":"PropertyValueSpecification","valueRequired":true,"valueName":"search_term_string"}}],"inLanguage":"de"},{"@type":"Organization","@id":"https:\/\/cortenstaalverkoop.nl\/#organization","name":"Cortenstaalverkoop.nl","url":"https:\/\/cortenstaalverkoop.nl\/","logo":{"@type":"ImageObject","inLanguage":"de","@id":"https:\/\/cortenstaalverkoop.nl\/#\/schema\/logo\/image\/","url":"https:\/\/cortenstaalverkoop.nl\/wp-content\/uploads\/2019\/11\/cortenstaal-logo-1.png","contentUrl":"https:\/\/cortenstaalverkoop.nl\/wp-content\/uploads\/2019\/11\/cortenstaal-logo-1.png","width":480,"height":163,"caption":"Cortenstaalverkoop.nl"},"image":{"@id":"https:\/\/cortenstaalverkoop.nl\/#\/schema\/logo\/image\/"}}]}},"_links":{"self":[{"href":"https:\/\/cortenstaalverkoop.nl\/de\/wp-json\/wp\/v2\/product\/2182","targetHints":{"allow":["GET"]}}],"collection":[{"href":"https:\/\/cortenstaalverkoop.nl\/de\/wp-json\/wp\/v2\/product"}],"about":[{"href":"https:\/\/cortenstaalverkoop.nl\/de\/wp-json\/wp\/v2\/types\/product"}],"version-history":[{"count":36,"href":"https:\/\/cortenstaalverkoop.nl\/de\/wp-json\/wp\/v2\/product\/2182\/revisions"}],"predecessor-version":[{"id":10091,"href":"https:\/\/cortenstaalverkoop.nl\/de\/wp-json\/wp\/v2\/product\/2182\/revisions\/10091"}],"wp:featuredmedia":[{"embeddable":true,"href":"https:\/\/cortenstaalverkoop.nl\/de\/wp-json\/wp\/v2\/media\/5938"}],"wp:attachment":[{"href":"https:\/\/cortenstaalverkoop.nl\/de\/wp-json\/wp\/v2\/media?parent=2182"}],"wp:term":[{"taxonomy":"product_brand","embeddable":true,"href":"https:\/\/cortenstaalverkoop.nl\/de\/wp-json\/wp\/v2\/product_brand?post=2182"},{"taxonomy":"product_cat","embeddable":true,"href":"https:\/\/cortenstaalverkoop.nl\/de\/wp-json\/wp\/v2\/product_cat?post=2182"},{"taxonomy":"product_tag","embeddable":true,"href":"https:\/\/cortenstaalverkoop.nl\/de\/wp-json\/wp\/v2\/product_tag?post=2182"}],"curies":[{"name":"wp","href":"https:\/\/api.w.org\/{rel}","templated":true}]}}