{"id":2195,"date":"2020-01-12T21:14:53","date_gmt":"2020-01-12T20:14:53","guid":{"rendered":"https:\/\/cortenstaalverkoop.nl\/?post_type=product&#038;p=2195"},"modified":"2026-04-20T16:44:47","modified_gmt":"2026-04-20T14:44:47","slug":"cortenstahl-grill-mit-grillplatte","status":"publish","type":"product","link":"https:\/\/cortenstaalverkoop.nl\/de\/product\/bbq-met-bakplaat-en-grill\/","title":{"rendered":"Cortenstaal BBQ mit Backplatten"},"content":{"rendered":"<div data-elementor-type=\"wp-post\" data-elementor-id=\"2195\" class=\"elementor elementor-2195\">\n\t\t\t\t\t\t<section class=\"elementor-section elementor-top-section elementor-element elementor-element-5d3a55ae elementor-section-boxed elementor-section-height-default elementor-section-height-default\" data-id=\"5d3a55ae\" data-element_type=\"section\" data-e-type=\"section\">\n\t\t\t\t\t\t<div class=\"elementor-container elementor-column-gap-default\">\n\t\t\t\t\t<div class=\"elementor-column elementor-col-100 elementor-top-column elementor-element elementor-element-6bce4bf2\" data-id=\"6bce4bf2\" data-element_type=\"column\" data-e-type=\"column\">\n\t\t\t<div class=\"elementor-widget-wrap elementor-element-populated\">\n\t\t\t\t\t\t<div class=\"elementor-element elementor-element-495f2e35 elementor-widget elementor-widget-text-editor\" data-id=\"495f2e35\" data-element_type=\"widget\" data-e-type=\"widget\" data-widget_type=\"text-editor.default\">\n\t\t\t\t<div class=\"elementor-widget-container\">\n\t\t\t\t\t\t\t\t\t<p>Dies <a href=\"https:\/\/nl.wikipedia.org\/wiki\/Cortenstaal\" target=\"_blank\" rel=\"noopener\">Cortenstahl<\/a> BBQ mit Backplatten hat verschiedene Kochen Temperaturen. Das Zentrum der Backblech ist w\u00e4rmer als die Au\u00dfenseite, sodass das Kochen noch einfacher und Sie k\u00f6nnen dienen Sie alle Zutaten zusammen. Entdecken Sie eine ganz neue Welt des outdoor-Kochens M\u00f6glichkeiten. Die zus\u00e4tzliche Grill-Set k\u00f6nnen Sie Grillen und Backen zur gleichen Zeit. F\u00fcr gr\u00f6\u00dfere Gruppen gibt es auch eine <a href=\"https:\/\/cortenstaalverkoop.nl\/product\/cortenstaal-bbq-met-bakring100\/\" target=\"_blank\" rel=\"noopener\">Corten Stahl BBQ<\/a> mit Backplatten von 100 cm zum Verkauf.<\/p><p>Bei Verwendung dieser Corten-Stahl mit BBQ Backen-ring f\u00fcr die erste Zeit, es ist sehr wichtig, dass Sie beginnen mit einem kleinen Feuer, und nach 25 Minuten weiter erhitzen das Feuer. Das schwere Backblech wird w\u00e4rmer auf der Unterseite als auf der Oberseite. Durch diese Temperaturdifferenz, die Platte wird hollow. Nach dem ersten Gebrauch das Backblech hat &#034; set &#034; und dieses Verfahren ist nicht mehr notwendig.<br \/>Das Kochger\u00e4t funktioniert am besten, wenn es ein- oder zweimal benutzt wurde und das \u00d6l in die Platte eingebrannt ist. Das Garen auf dem feuerplatte wird nach diesem \u201eEinbrennen\u201c einfacher und sch\u00fctzt die Platte vor dem Rosten, wenn sie nicht benutzt wird. Am besten Grillen Sie beispielsweise mit Pflanzen\u00f6l mit hohem Verbrennungsgrad<br \/>Am besten Backen Sie beispielsweise mit Pflanzen\u00f6l mit hohem Verbrennungsgrad<\/p><p>Nach etwa 25-30 Minuten Brenndauer hat der feuerplatte am Innenrand eine Temperatur von 275 \u2013 300\u00b0C erreicht. Wenn das Feuer entz\u00fcndet ist, k\u00f6nnen Sie mit dem Ein\u00f6len der feuerplatte beginnen, geben Sie etwas mehr \u00d6l hinzu, wo Sie braten m\u00f6chten. Am Au\u00dfenrand ist die Temperatur etwas niedriger, so dass Sie zwischen Braten und Warmhalten wechseln k\u00f6nnen. Beim Erhitzen wird der feuerplatte etwas konkav. \u00dcbersch\u00fcssiges \u00d6l und Fette landen also automatisch im Feuer. Wenn der feuerplatte abk\u00fchlt, richtet es sich vollst\u00e4ndig auf.<br \/>Am \u00e4u\u00dferen Rand ist die Temperatur etwas niedriger, sodass Sie zwischen Braten und Warmhalten wechseln k\u00f6nnen. Beim Erhitzen des Backblechs wird es leicht konkav. So landen \u00fcbersch\u00fcssiges \u00d6l und Fett automatisch im Feuer. Wenn das Backblech abk\u00fchlt, wird es vollst\u00e4ndig gerade.<\/p><p>Das Reinigen des Grills ist eigentlich nicht notwendig. Speise\u00f6l und Speisereste k\u00f6nnen nach Gebrauch mit einem Spatel ins Feuer geschoben werden. Bei Bedarf kann das Backblech vor der Verwendung mit einem feuchten Tuch gereinigt werden. Der Grill h\u00e4lt Wind und Wetter stand und erfordert keine weitere Wartung.<\/p><p>Der Versand nach Deutschland kostet ab 280 \u20ac f\u00fcr die gesamte Bestellung. Die Versandkosten f\u00fcr ein einzelnes P\u00e4ckchen betragen 45 \u20ac.<\/p>\t\t\t\t\t\t\t\t<\/div>\n\t\t\t\t<\/div>\n\t\t\t\t\t<\/div>\n\t\t<\/div>\n\t\t\t\t\t<\/div>\n\t\t<\/section>\n\t\t\t\t<\/div>","protected":false},"excerpt":{"rendered":"<p>Mit diesem Corten-Stahl BBQ mit Backplatten Sie das Produkt einfach bereiten Sie eine gesunde Mahlzeit im freien. Die kugelf\u00f6rmige Feuerschale hat eine Runde, Breite, Dicke flache Backblech, das Sie als eine Art teppanyaki oder plancha. Gesamth\u00f6he 1000 mm ohne grill legen.<\/p>\n<p>* Top ring aus 10 mm s235 Stahl wirkt als Backblech \/ plancha, Durchmesser 805 mm<br \/>\n* Dies Corten Stahl BBQ kommt verrostet.<br \/>\n\u2022 Verstellbare stabile Beine f\u00fcr jeden Untergrund<br \/>\n\u2022 Inc. chassis 700 x 500 mm und 640 mm hoch<br \/>\n* Durchmesser des inneren Raums tray ring 400 mm<br \/>\n\u2022 5 Jahre Garantie!<\/p>","protected":false},"featured_media":9354,"template":"","meta":{"site-sidebar-layout":"default","site-content-layout":"default","ast-site-content-layout":"default","site-content-style":"default","site-sidebar-style":"default","ast-global-header-display":"","ast-banner-title-visibility":"","ast-main-header-display":"","ast-hfb-above-header-display":"","ast-hfb-below-header-display":"","ast-hfb-mobile-header-display":"","site-post-title":"","ast-breadcrumbs-content":"","ast-featured-img":"","footer-sml-layout":"","ast-disable-related-posts":"","theme-transparent-header-meta":"default","adv-header-id-meta":"","stick-header-meta":"","header-above-stick-meta":"","header-main-stick-meta":"","header-below-stick-meta":"","astra-migrate-meta-layouts":"set","ast-page-background-enabled":"default","ast-page-background-meta":{"desktop":{"background-color":"","background-image":"","background-repeat":"repeat","background-position":"center center","background-size":"auto","background-attachment":"scroll","background-type":"","background-media":"","overlay-type":"","overlay-color":"","overlay-opacity":"","overlay-gradient":""},"tablet":{"background-color":"","background-image":"","background-repeat":"repeat","background-position":"center center","background-size":"auto","background-attachment":"scroll","background-type":"","background-media":"","overlay-type":"","overlay-color":"","overlay-opacity":"","overlay-gradient":""},"mobile":{"background-color":"","background-image":"","background-repeat":"repeat","background-position":"center center","background-size":"auto","background-attachment":"scroll","background-type":"","background-media":"","overlay-type":"","overlay-color":"","overlay-opacity":"","overlay-gradient":""}},"ast-content-background-meta":{"desktop":{"background-color":"var(--ast-global-color-5)","background-image":"","background-repeat":"repeat","background-position":"center center","background-size":"auto","background-attachment":"scroll","background-type":"","background-media":"","overlay-type":"","overlay-color":"","overlay-opacity":"","overlay-gradient":""},"tablet":{"background-color":"var(--ast-global-color-5)","background-image":"","background-repeat":"repeat","background-position":"center center","background-size":"auto","background-attachment":"scroll","background-type":"","background-media":"","overlay-type":"","overlay-color":"","overlay-opacity":"","overlay-gradient":""},"mobile":{"background-color":"var(--ast-global-color-5)","background-image":"","background-repeat":"repeat","background-position":"center center","background-size":"auto","background-attachment":"scroll","background-type":"","background-media":"","overlay-type":"","overlay-color":"","overlay-opacity":"","overlay-gradient":""}}},"product_brand":[],"product_cat":[58],"product_tag":[],"class_list":{"0":"post-2195","1":"product","2":"type-product","3":"status-publish","4":"has-post-thumbnail","6":"product_cat-cortenstaal-vuurelementen","7":"product_shipping_class-transport-light","8":"desktop-align-left","9":"tablet-align-left","10":"mobile-align-left","12":"first","13":"instock","14":"taxable","15":"shipping-taxable","16":"purchasable","17":"product-type-variable"},"yoast_head":"<!-- This site is optimized with the Yoast SEO plugin v27.4 - https:\/\/yoast.com\/product\/yoast-seo-wordpress\/ -->\n<title>Cortenstaal BBQ met bakring, goedkoop bij cortenstaalverkoop.nl<\/title>\n<meta name=\"description\" content=\"\u2705 Cortenstaal BBQ met bakring.\u2705 de beste kwaliteit \u2705 5 jaar garantie! Bestel uw cortenstaal BBQ goedkoop bij cortenstaalverkoop.nl\" \/>\n<meta name=\"robots\" content=\"index, follow, max-snippet:-1, max-image-preview:large, max-video-preview:-1\" \/>\n<link rel=\"canonical\" href=\"https:\/\/cortenstaalverkoop.nl\/de\/produkt\/cortenstahl-grill-mit-grillplatte\/\" \/>\n<meta property=\"og:locale\" content=\"de_DE\" \/>\n<meta property=\"og:type\" content=\"article\" \/>\n<meta property=\"og:title\" content=\"Cortenstaal BBQ met bakring, goedkoop bij cortenstaalverkoop.nl\" \/>\n<meta property=\"og:description\" content=\"\u2705 Cortenstaal BBQ met bakring.\u2705 de beste kwaliteit \u2705 5 jaar garantie! Bestel uw cortenstaal BBQ goedkoop bij cortenstaalverkoop.nl\" \/>\n<meta property=\"og:url\" content=\"https:\/\/cortenstaalverkoop.nl\/de\/produkt\/cortenstahl-grill-mit-grillplatte\/\" \/>\n<meta property=\"og:site_name\" content=\"Cortenstaalverkoop.nl\" \/>\n<meta property=\"article:modified_time\" content=\"2026-04-20T14:44:47+00:00\" \/>\n<meta property=\"og:image\" content=\"https:\/\/cortenstaalverkoop.nl\/wp-content\/uploads\/2023\/05\/BBQ-groot-seare7a.png\" \/>\n\t<meta property=\"og:image:width\" content=\"551\" \/>\n\t<meta property=\"og:image:height\" content=\"512\" \/>\n\t<meta property=\"og:image:type\" content=\"image\/png\" \/>\n<meta name=\"twitter:card\" content=\"summary_large_image\" \/>\n<meta name=\"twitter:label1\" content=\"Gesch\u00e4tzte Lesezeit\" \/>\n\t<meta name=\"twitter:data1\" content=\"2\u00a0Minuten\" \/>\n<script type=\"application\/ld+json\" class=\"yoast-schema-graph\">{\"@context\":\"https:\\\/\\\/schema.org\",\"@graph\":[{\"@type\":\"WebPage\",\"@id\":\"https:\\\/\\\/cortenstaalverkoop.nl\\\/product\\\/bbq-met-bakplaat-en-grill\\\/\",\"url\":\"https:\\\/\\\/cortenstaalverkoop.nl\\\/product\\\/bbq-met-bakplaat-en-grill\\\/\",\"name\":\"Cortenstaal BBQ met bakring, goedkoop bij cortenstaalverkoop.nl\",\"isPartOf\":{\"@id\":\"https:\\\/\\\/cortenstaalverkoop.nl\\\/#website\"},\"primaryImageOfPage\":{\"@id\":\"https:\\\/\\\/cortenstaalverkoop.nl\\\/product\\\/bbq-met-bakplaat-en-grill\\\/#primaryimage\"},\"image\":{\"@id\":\"https:\\\/\\\/cortenstaalverkoop.nl\\\/product\\\/bbq-met-bakplaat-en-grill\\\/#primaryimage\"},\"thumbnailUrl\":\"https:\\\/\\\/cortenstaalverkoop.nl\\\/wp-content\\\/uploads\\\/2023\\\/05\\\/BBQ-groot-seare7a.png\",\"datePublished\":\"2020-01-12T20:14:53+00:00\",\"dateModified\":\"2026-04-20T14:44:47+00:00\",\"description\":\"\u2705 Cortenstaal BBQ met bakring.\u2705 de beste kwaliteit \u2705 5 jaar garantie! Bestel uw cortenstaal BBQ goedkoop bij cortenstaalverkoop.nl\",\"breadcrumb\":{\"@id\":\"https:\\\/\\\/cortenstaalverkoop.nl\\\/product\\\/bbq-met-bakplaat-en-grill\\\/#breadcrumb\"},\"inLanguage\":\"de\",\"potentialAction\":[{\"@type\":\"ReadAction\",\"target\":[\"https:\\\/\\\/cortenstaalverkoop.nl\\\/product\\\/bbq-met-bakplaat-en-grill\\\/\"]}]},{\"@type\":\"ImageObject\",\"inLanguage\":\"de\",\"@id\":\"https:\\\/\\\/cortenstaalverkoop.nl\\\/product\\\/bbq-met-bakplaat-en-grill\\\/#primaryimage\",\"url\":\"https:\\\/\\\/cortenstaalverkoop.nl\\\/wp-content\\\/uploads\\\/2023\\\/05\\\/BBQ-groot-seare7a.png\",\"contentUrl\":\"https:\\\/\\\/cortenstaalverkoop.nl\\\/wp-content\\\/uploads\\\/2023\\\/05\\\/BBQ-groot-seare7a.png\",\"width\":551,\"height\":512,\"caption\":\"Cortenstaal BBQ met bakring\"},{\"@type\":\"BreadcrumbList\",\"@id\":\"https:\\\/\\\/cortenstaalverkoop.nl\\\/product\\\/bbq-met-bakplaat-en-grill\\\/#breadcrumb\",\"itemListElement\":[{\"@type\":\"ListItem\",\"position\":1,\"name\":\"Home\",\"item\":\"https:\\\/\\\/cortenstaalverkoop.nl\\\/\"},{\"@type\":\"ListItem\",\"position\":2,\"name\":\"Assortiment\",\"item\":\"https:\\\/\\\/cortenstaalverkoop.nl\\\/assortiment-cortenstaal\\\/\"},{\"@type\":\"ListItem\",\"position\":3,\"name\":\"Cortenstaal BBQ met bakring\"}]},{\"@type\":\"WebSite\",\"@id\":\"https:\\\/\\\/cortenstaalverkoop.nl\\\/#website\",\"url\":\"https:\\\/\\\/cortenstaalverkoop.nl\\\/\",\"name\":\"Cortenstaalverkoop.nl\",\"description\":\"de cortenstaal specialist!\",\"publisher\":{\"@id\":\"https:\\\/\\\/cortenstaalverkoop.nl\\\/#organization\"},\"potentialAction\":[{\"@type\":\"SearchAction\",\"target\":{\"@type\":\"EntryPoint\",\"urlTemplate\":\"https:\\\/\\\/cortenstaalverkoop.nl\\\/?s={search_term_string}\"},\"query-input\":{\"@type\":\"PropertyValueSpecification\",\"valueRequired\":true,\"valueName\":\"search_term_string\"}}],\"inLanguage\":\"de\"},{\"@type\":\"Organization\",\"@id\":\"https:\\\/\\\/cortenstaalverkoop.nl\\\/#organization\",\"name\":\"Cortenstaalverkoop.nl\",\"url\":\"https:\\\/\\\/cortenstaalverkoop.nl\\\/\",\"logo\":{\"@type\":\"ImageObject\",\"inLanguage\":\"de\",\"@id\":\"https:\\\/\\\/cortenstaalverkoop.nl\\\/#\\\/schema\\\/logo\\\/image\\\/\",\"url\":\"https:\\\/\\\/cortenstaalverkoop.nl\\\/wp-content\\\/uploads\\\/2019\\\/11\\\/cortenstaal-logo-1.png\",\"contentUrl\":\"https:\\\/\\\/cortenstaalverkoop.nl\\\/wp-content\\\/uploads\\\/2019\\\/11\\\/cortenstaal-logo-1.png\",\"width\":480,\"height\":163,\"caption\":\"Cortenstaalverkoop.nl\"},\"image\":{\"@id\":\"https:\\\/\\\/cortenstaalverkoop.nl\\\/#\\\/schema\\\/logo\\\/image\\\/\"}}]}<\/script>\n<!-- \/ Yoast SEO plugin. -->","yoast_head_json":{"title":"Corten-Stahl mit BBQ Backen ring, Billig, cortenstaalverkoop.nl","description":"\u2705 Cortenstaal BBQ traf bakring.\u2705 die beste Qualit\u00e4t \u2705 5 Jahre Garantie! Bestellen Sie Ihre cortenstaal BBQ Billig aus cortenstaalverkoop.nl","robots":{"index":"index","follow":"follow","max-snippet":"max-snippet:-1","max-image-preview":"max-image-preview:large","max-video-preview":"max-video-preview:-1"},"canonical":"https:\/\/cortenstaalverkoop.nl\/de\/produkt\/cortenstahl-grill-mit-grillplatte\/","og_locale":"de_DE","og_type":"article","og_title":"Cortenstaal BBQ met bakring, goedkoop bij cortenstaalverkoop.nl","og_description":"\u2705 Cortenstaal BBQ met bakring.\u2705 de beste kwaliteit \u2705 5 jaar garantie! Bestel uw cortenstaal BBQ goedkoop bij cortenstaalverkoop.nl","og_url":"https:\/\/cortenstaalverkoop.nl\/de\/produkt\/cortenstahl-grill-mit-grillplatte\/","og_site_name":"Cortenstaalverkoop.nl","article_modified_time":"2026-04-20T14:44:47+00:00","og_image":[{"width":551,"height":512,"url":"https:\/\/cortenstaalverkoop.nl\/wp-content\/uploads\/2023\/05\/BBQ-groot-seare7a.png","type":"image\/png"}],"twitter_card":"summary_large_image","twitter_misc":{"Gesch\u00e4tzte Lesezeit":"2\u00a0Minuten"},"schema":{"@context":"https:\/\/schema.org","@graph":[{"@type":"WebPage","@id":"https:\/\/cortenstaalverkoop.nl\/product\/bbq-met-bakplaat-en-grill\/","url":"https:\/\/cortenstaalverkoop.nl\/product\/bbq-met-bakplaat-en-grill\/","name":"Corten-Stahl mit BBQ Backen ring, Billig, cortenstaalverkoop.nl","isPartOf":{"@id":"https:\/\/cortenstaalverkoop.nl\/#website"},"primaryImageOfPage":{"@id":"https:\/\/cortenstaalverkoop.nl\/product\/bbq-met-bakplaat-en-grill\/#primaryimage"},"image":{"@id":"https:\/\/cortenstaalverkoop.nl\/product\/bbq-met-bakplaat-en-grill\/#primaryimage"},"thumbnailUrl":"https:\/\/cortenstaalverkoop.nl\/wp-content\/uploads\/2023\/05\/BBQ-groot-seare7a.png","datePublished":"2020-01-12T20:14:53+00:00","dateModified":"2026-04-20T14:44:47+00:00","description":"\u2705 Cortenstaal BBQ traf bakring.\u2705 die beste Qualit\u00e4t \u2705 5 Jahre Garantie! Bestellen Sie Ihre cortenstaal BBQ Billig aus cortenstaalverkoop.nl","breadcrumb":{"@id":"https:\/\/cortenstaalverkoop.nl\/product\/bbq-met-bakplaat-en-grill\/#breadcrumb"},"inLanguage":"de","potentialAction":[{"@type":"ReadAction","target":["https:\/\/cortenstaalverkoop.nl\/product\/bbq-met-bakplaat-en-grill\/"]}]},{"@type":"ImageObject","inLanguage":"de","@id":"https:\/\/cortenstaalverkoop.nl\/product\/bbq-met-bakplaat-en-grill\/#primaryimage","url":"https:\/\/cortenstaalverkoop.nl\/wp-content\/uploads\/2023\/05\/BBQ-groot-seare7a.png","contentUrl":"https:\/\/cortenstaalverkoop.nl\/wp-content\/uploads\/2023\/05\/BBQ-groot-seare7a.png","width":551,"height":512,"caption":"Cortenstaal BBQ met bakring"},{"@type":"BreadcrumbList","@id":"https:\/\/cortenstaalverkoop.nl\/product\/bbq-met-bakplaat-en-grill\/#breadcrumb","itemListElement":[{"@type":"ListItem","position":1,"name":"Home","item":"https:\/\/cortenstaalverkoop.nl\/"},{"@type":"ListItem","position":2,"name":"Assortiment","item":"https:\/\/cortenstaalverkoop.nl\/assortiment-cortenstaal\/"},{"@type":"ListItem","position":3,"name":"Cortenstaal BBQ met bakring"}]},{"@type":"WebSite","@id":"https:\/\/cortenstaalverkoop.nl\/#website","url":"https:\/\/cortenstaalverkoop.nl\/","name":"Cortenstaalverkoop.nl","description":"die cortenstaal-Spezialisten!","publisher":{"@id":"https:\/\/cortenstaalverkoop.nl\/#organization"},"potentialAction":[{"@type":"SearchAction","target":{"@type":"EntryPoint","urlTemplate":"https:\/\/cortenstaalverkoop.nl\/?s={search_term_string}"},"query-input":{"@type":"PropertyValueSpecification","valueRequired":true,"valueName":"search_term_string"}}],"inLanguage":"de"},{"@type":"Organization","@id":"https:\/\/cortenstaalverkoop.nl\/#organization","name":"Cortenstaalverkoop.nl","url":"https:\/\/cortenstaalverkoop.nl\/","logo":{"@type":"ImageObject","inLanguage":"de","@id":"https:\/\/cortenstaalverkoop.nl\/#\/schema\/logo\/image\/","url":"https:\/\/cortenstaalverkoop.nl\/wp-content\/uploads\/2019\/11\/cortenstaal-logo-1.png","contentUrl":"https:\/\/cortenstaalverkoop.nl\/wp-content\/uploads\/2019\/11\/cortenstaal-logo-1.png","width":480,"height":163,"caption":"Cortenstaalverkoop.nl"},"image":{"@id":"https:\/\/cortenstaalverkoop.nl\/#\/schema\/logo\/image\/"}}]}},"_links":{"self":[{"href":"https:\/\/cortenstaalverkoop.nl\/de\/wp-json\/wp\/v2\/product\/2195","targetHints":{"allow":["GET"]}}],"collection":[{"href":"https:\/\/cortenstaalverkoop.nl\/de\/wp-json\/wp\/v2\/product"}],"about":[{"href":"https:\/\/cortenstaalverkoop.nl\/de\/wp-json\/wp\/v2\/types\/product"}],"version-history":[{"count":32,"href":"https:\/\/cortenstaalverkoop.nl\/de\/wp-json\/wp\/v2\/product\/2195\/revisions"}],"predecessor-version":[{"id":9352,"href":"https:\/\/cortenstaalverkoop.nl\/de\/wp-json\/wp\/v2\/product\/2195\/revisions\/9352"}],"wp:featuredmedia":[{"embeddable":true,"href":"https:\/\/cortenstaalverkoop.nl\/de\/wp-json\/wp\/v2\/media\/9354"}],"wp:attachment":[{"href":"https:\/\/cortenstaalverkoop.nl\/de\/wp-json\/wp\/v2\/media?parent=2195"}],"wp:term":[{"taxonomy":"product_brand","embeddable":true,"href":"https:\/\/cortenstaalverkoop.nl\/de\/wp-json\/wp\/v2\/product_brand?post=2195"},{"taxonomy":"product_cat","embeddable":true,"href":"https:\/\/cortenstaalverkoop.nl\/de\/wp-json\/wp\/v2\/product_cat?post=2195"},{"taxonomy":"product_tag","embeddable":true,"href":"https:\/\/cortenstaalverkoop.nl\/de\/wp-json\/wp\/v2\/product_tag?post=2195"}],"curies":[{"name":"wp","href":"https:\/\/api.w.org\/{rel}","templated":true}]}}