{"id":2251,"date":"2020-01-14T11:02:50","date_gmt":"2020-01-14T10:02:50","guid":{"rendered":"https:\/\/cortenstaalverkoop.nl\/?post_type=product&#038;p=2251"},"modified":"2025-12-03T14:50:12","modified_gmt":"2025-12-03T13:50:12","slug":"cortenstahl-feuertisch-rund","status":"publish","type":"product","link":"https:\/\/cortenstaalverkoop.nl\/de\/product\/cortenstaal-vuurtafel-rond\/","title":{"rendered":"Cortenstahl Feuertisch rund"},"content":{"rendered":"<p>Der runde Feuertisch aus Cortenstahl ist ein robustes Feuerelement f\u00fcr Garten oder Terrasse, um mit anderen ein stimmungsvolles Flammenspiel zu genie\u00dfen. Durchmesser 125 cm, H\u00f6he 28 cm, Gewicht 62 kg. Ein sch\u00f6nes M\u00f6belst\u00fcck, das auch unbenutzt zu sehen ist und an dem Sie jahrelang Freude haben werden. Erh\u00e4ltlich mit Barbecue-Grill, damit dieser runde Feuertisch aus Cortenstahl auch als Grill geeignet ist. Alle <a href=\"https:\/\/cortenstaalverkoop.nl\/cortenstaal\/cortenstaal-vuurelementen\/\" target=\"_blank\" rel=\"noopener noreferrer\">Feuerelemente<\/a> bestehen aus hochwertigem Stahl. Und es ist so konzipiert, dass man schon mit wenigen Holzbl\u00f6cken ein sch\u00f6nes Flammenspiel erzeugen kann. Auf diese Weise k\u00f6nnen Sie schnell und bequem ein kontrolliertes Lagerfeuer haben. Verwenden Sie trockenes Holz, um l\u00e4stige Rauchentwicklung zu vermeiden. Bitte beachten Sie, dass der Kamin au\u00dfen sehr hei\u00df werden kann.<\/p>\n<p><strong>Vorteile:<\/strong><\/p>\n<ul>\n<li>Sehr stark und abriebfest<\/li>\n<li>Schlankes und somit zeitloses Design<\/li>\n<li>Wetterfestes und sehr langlebiges Material<\/li>\n<li>Warmes und nat\u00fcrliches Aussehen<\/li>\n<li>Auf alle unsere Produkte erhalten Sie eine 5-Jahres-Garantie!<\/li>\n<\/ul>\n<p><strong>Heizungsberatung und Wartung:<\/strong><br \/>\nBeginnen Sie mit Anz\u00fcndern mit kleinen St\u00fccken trockenen Holzes obenauf.<br \/>\nReinigen Sie den BBQ-Grill sofort nach dem Gebrauch und bewahren Sie ihn an einem trockenen Ort auf. Wenn der Rost mehrere Tage auf der Feuerschale verbleibt, besteht die M\u00f6glichkeit, dass er sich verrostet. Unsere BBQ-Grills sind getestet und SGS-zertifiziert.<\/p>\n<p><strong>Wartung:<\/strong><br \/>\nNach Gebrauch die Asche entfernen.<\/p>\n<p><strong>Produktinfo Cortenstahl:<\/strong> <a href=\"https:\/\/nl.wikipedia.org\/wiki\/Cortenstaal\" target=\"_blank\" rel=\"noopener noreferrer\">Cor-Ten-Stahl<\/a> auch als wetterfester Stahl bekannt. Es handelt sich um eine Metalllegierung aus Eisen, dem Kupfer, Silizium, Nickel und Chrom zugesetzt wurden. Cortenstahl ist eine sehr feste Stahlsorte. Denn es hat die Eigenschaft, sich an der Au\u00dfenluft mit einer sch\u00fctzenden Rostschicht zu bedecken. Diese nat\u00fcrliche feste Rostschicht bildet den Schutz gegen weitere Korrosion.<\/p>\n<p>Der Versand nach Deutschland kostet ab 280 \u20ac f\u00fcr die gesamte Bestellung. Die Versandkosten f\u00fcr ein einzelnes P\u00e4ckchen betragen 45 \u20ac.<\/p>","protected":false},"excerpt":{"rendered":"<p>Dieser runde Feuertisch aus Cortenstahl ist ein sch\u00f6nes Feuerelement f\u00fcr den Garten oder die Terrasse, um ein stimmungsvolles Flammenspiel zu genie\u00dfen. Und ein sch\u00f6nes M\u00f6belst\u00fcck, das auch ungenutzt zu sehen ist und an dem Sie jahrelang Freude haben werden. Durchmesser 125 cm, H\u00f6he 28 cm, Gewicht 62 kg. Sehr stark und abriebfest. Der runde Feuertisch aus Cortenstahl hat ein warmes und nat\u00fcrliches Erscheinungsbild und ein schlankes Design.<\/p>\n<p>Auf alle unsere Produkte erhalten Sie eine 5-Jahres-Garantie!<\/p>","protected":false},"featured_media":2255,"template":"","meta":{"site-sidebar-layout":"default","site-content-layout":"default","ast-site-content-layout":"default","site-content-style":"default","site-sidebar-style":"default","ast-global-header-display":"","ast-banner-title-visibility":"","ast-main-header-display":"","ast-hfb-above-header-display":"","ast-hfb-below-header-display":"","ast-hfb-mobile-header-display":"","site-post-title":"","ast-breadcrumbs-content":"","ast-featured-img":"","footer-sml-layout":"","ast-disable-related-posts":"","theme-transparent-header-meta":"default","adv-header-id-meta":"","stick-header-meta":"","header-above-stick-meta":"","header-main-stick-meta":"","header-below-stick-meta":"","astra-migrate-meta-layouts":"set","ast-page-background-enabled":"default","ast-page-background-meta":{"desktop":{"background-color":"","background-image":"","background-repeat":"repeat","background-position":"center center","background-size":"auto","background-attachment":"scroll","background-type":"","background-media":"","overlay-type":"","overlay-color":"","overlay-opacity":"","overlay-gradient":""},"tablet":{"background-color":"","background-image":"","background-repeat":"repeat","background-position":"center center","background-size":"auto","background-attachment":"scroll","background-type":"","background-media":"","overlay-type":"","overlay-color":"","overlay-opacity":"","overlay-gradient":""},"mobile":{"background-color":"","background-image":"","background-repeat":"repeat","background-position":"center center","background-size":"auto","background-attachment":"scroll","background-type":"","background-media":"","overlay-type":"","overlay-color":"","overlay-opacity":"","overlay-gradient":""}},"ast-content-background-meta":{"desktop":{"background-color":"var(--ast-global-color-5)","background-image":"","background-repeat":"repeat","background-position":"center center","background-size":"auto","background-attachment":"scroll","background-type":"","background-media":"","overlay-type":"","overlay-color":"","overlay-opacity":"","overlay-gradient":""},"tablet":{"background-color":"var(--ast-global-color-5)","background-image":"","background-repeat":"repeat","background-position":"center center","background-size":"auto","background-attachment":"scroll","background-type":"","background-media":"","overlay-type":"","overlay-color":"","overlay-opacity":"","overlay-gradient":""},"mobile":{"background-color":"var(--ast-global-color-5)","background-image":"","background-repeat":"repeat","background-position":"center center","background-size":"auto","background-attachment":"scroll","background-type":"","background-media":"","overlay-type":"","overlay-color":"","overlay-opacity":"","overlay-gradient":""}}},"product_brand":[],"product_cat":[58],"product_tag":[],"class_list":{"0":"post-2251","1":"product","2":"type-product","3":"status-publish","4":"has-post-thumbnail","6":"product_cat-cortenstaal-vuurelementen","7":"product_shipping_class-fritom","8":"desktop-align-left","9":"tablet-align-left","10":"mobile-align-left","12":"first","13":"instock","14":"taxable","15":"shipping-taxable","16":"purchasable","17":"product-type-variable"},"yoast_head":"<!-- This site is optimized with the Yoast SEO plugin v27.4 - https:\/\/yoast.com\/product\/yoast-seo-wordpress\/ -->\n<title>Een cortenstaal vuurtafel rond koopt u goedkoop bij cortenstaalverkoop.nl<\/title>\n<meta name=\"description\" content=\"\u2705 Cortenstaal vuurtafel in diverse maten.\u2705 de beste kwaliteit \u2705 5 jaar garantie! Bestel eenvoudig en goedkoop bij cortenstaalverkoop.nl\" \/>\n<meta name=\"robots\" content=\"index, follow, max-snippet:-1, max-image-preview:large, max-video-preview:-1\" \/>\n<link rel=\"canonical\" href=\"https:\/\/cortenstaalverkoop.nl\/de\/produkt\/cortenstahl-feuertisch-rund\/\" \/>\n<meta property=\"og:locale\" content=\"de_DE\" \/>\n<meta property=\"og:type\" content=\"article\" \/>\n<meta property=\"og:title\" content=\"Een cortenstaal vuurtafel rond koopt u goedkoop bij cortenstaalverkoop.nl\" \/>\n<meta property=\"og:description\" content=\"\u2705 Cortenstaal vuurtafel in diverse maten.\u2705 de beste kwaliteit \u2705 5 jaar garantie! Bestel eenvoudig en goedkoop bij cortenstaalverkoop.nl\" \/>\n<meta property=\"og:url\" content=\"https:\/\/cortenstaalverkoop.nl\/de\/produkt\/cortenstahl-feuertisch-rund\/\" \/>\n<meta property=\"og:site_name\" content=\"Cortenstaalverkoop.nl\" \/>\n<meta property=\"article:modified_time\" content=\"2025-12-03T13:50:12+00:00\" \/>\n<meta property=\"og:image\" content=\"https:\/\/cortenstaalverkoop.nl\/wp-content\/uploads\/2020\/01\/vuurtafel.png\" \/>\n\t<meta property=\"og:image:width\" content=\"699\" \/>\n\t<meta property=\"og:image:height\" content=\"699\" \/>\n\t<meta property=\"og:image:type\" content=\"image\/png\" \/>\n<meta name=\"twitter:card\" content=\"summary_large_image\" \/>\n<meta name=\"twitter:label1\" content=\"Gesch\u00e4tzte Lesezeit\" \/>\n\t<meta name=\"twitter:data1\" content=\"2\u00a0Minuten\" \/>\n<script type=\"application\/ld+json\" class=\"yoast-schema-graph\">{\"@context\":\"https:\\\/\\\/schema.org\",\"@graph\":[{\"@type\":\"WebPage\",\"@id\":\"https:\\\/\\\/cortenstaalverkoop.nl\\\/product\\\/cortenstaal-vuurtafel-rond\\\/\",\"url\":\"https:\\\/\\\/cortenstaalverkoop.nl\\\/product\\\/cortenstaal-vuurtafel-rond\\\/\",\"name\":\"Een cortenstaal vuurtafel rond koopt u goedkoop bij cortenstaalverkoop.nl\",\"isPartOf\":{\"@id\":\"https:\\\/\\\/cortenstaalverkoop.nl\\\/#website\"},\"primaryImageOfPage\":{\"@id\":\"https:\\\/\\\/cortenstaalverkoop.nl\\\/product\\\/cortenstaal-vuurtafel-rond\\\/#primaryimage\"},\"image\":{\"@id\":\"https:\\\/\\\/cortenstaalverkoop.nl\\\/product\\\/cortenstaal-vuurtafel-rond\\\/#primaryimage\"},\"thumbnailUrl\":\"https:\\\/\\\/cortenstaalverkoop.nl\\\/wp-content\\\/uploads\\\/2020\\\/01\\\/vuurtafel.png\",\"datePublished\":\"2020-01-14T10:02:50+00:00\",\"dateModified\":\"2025-12-03T13:50:12+00:00\",\"description\":\"\u2705 Cortenstaal vuurtafel in diverse maten.\u2705 de beste kwaliteit \u2705 5 jaar garantie! Bestel eenvoudig en goedkoop bij cortenstaalverkoop.nl\",\"breadcrumb\":{\"@id\":\"https:\\\/\\\/cortenstaalverkoop.nl\\\/product\\\/cortenstaal-vuurtafel-rond\\\/#breadcrumb\"},\"inLanguage\":\"de\",\"potentialAction\":[{\"@type\":\"ReadAction\",\"target\":[\"https:\\\/\\\/cortenstaalverkoop.nl\\\/product\\\/cortenstaal-vuurtafel-rond\\\/\"]}]},{\"@type\":\"ImageObject\",\"inLanguage\":\"de\",\"@id\":\"https:\\\/\\\/cortenstaalverkoop.nl\\\/product\\\/cortenstaal-vuurtafel-rond\\\/#primaryimage\",\"url\":\"https:\\\/\\\/cortenstaalverkoop.nl\\\/wp-content\\\/uploads\\\/2020\\\/01\\\/vuurtafel.png\",\"contentUrl\":\"https:\\\/\\\/cortenstaalverkoop.nl\\\/wp-content\\\/uploads\\\/2020\\\/01\\\/vuurtafel.png\",\"width\":699,\"height\":699,\"caption\":\"Cortenstaal vuurtafel rond\"},{\"@type\":\"BreadcrumbList\",\"@id\":\"https:\\\/\\\/cortenstaalverkoop.nl\\\/product\\\/cortenstaal-vuurtafel-rond\\\/#breadcrumb\",\"itemListElement\":[{\"@type\":\"ListItem\",\"position\":1,\"name\":\"Home\",\"item\":\"https:\\\/\\\/cortenstaalverkoop.nl\\\/\"},{\"@type\":\"ListItem\",\"position\":2,\"name\":\"Assortiment\",\"item\":\"https:\\\/\\\/cortenstaalverkoop.nl\\\/assortiment-cortenstaal\\\/\"},{\"@type\":\"ListItem\",\"position\":3,\"name\":\"Cortenstaal vuurtafel rond\"}]},{\"@type\":\"WebSite\",\"@id\":\"https:\\\/\\\/cortenstaalverkoop.nl\\\/#website\",\"url\":\"https:\\\/\\\/cortenstaalverkoop.nl\\\/\",\"name\":\"Cortenstaalverkoop.nl\",\"description\":\"de cortenstaal specialist!\",\"publisher\":{\"@id\":\"https:\\\/\\\/cortenstaalverkoop.nl\\\/#organization\"},\"potentialAction\":[{\"@type\":\"SearchAction\",\"target\":{\"@type\":\"EntryPoint\",\"urlTemplate\":\"https:\\\/\\\/cortenstaalverkoop.nl\\\/?s={search_term_string}\"},\"query-input\":{\"@type\":\"PropertyValueSpecification\",\"valueRequired\":true,\"valueName\":\"search_term_string\"}}],\"inLanguage\":\"de\"},{\"@type\":\"Organization\",\"@id\":\"https:\\\/\\\/cortenstaalverkoop.nl\\\/#organization\",\"name\":\"Cortenstaalverkoop.nl\",\"url\":\"https:\\\/\\\/cortenstaalverkoop.nl\\\/\",\"logo\":{\"@type\":\"ImageObject\",\"inLanguage\":\"de\",\"@id\":\"https:\\\/\\\/cortenstaalverkoop.nl\\\/#\\\/schema\\\/logo\\\/image\\\/\",\"url\":\"https:\\\/\\\/cortenstaalverkoop.nl\\\/wp-content\\\/uploads\\\/2019\\\/11\\\/cortenstaal-logo-1.png\",\"contentUrl\":\"https:\\\/\\\/cortenstaalverkoop.nl\\\/wp-content\\\/uploads\\\/2019\\\/11\\\/cortenstaal-logo-1.png\",\"width\":480,\"height\":163,\"caption\":\"Cortenstaalverkoop.nl\"},\"image\":{\"@id\":\"https:\\\/\\\/cortenstaalverkoop.nl\\\/#\\\/schema\\\/logo\\\/image\\\/\"}}]}<\/script>\n<!-- \/ Yoast SEO plugin. -->","yoast_head_json":{"title":"Einen runden Feuertisch aus Cortenstahl k\u00f6nnen Sie g\u00fcnstig bei cortenstaalverkoop.nl kaufen","description":"\u2705 Cortenstahl-Feuertisch in verschiedenen Gr\u00f6\u00dfen \u2705 Beste Qualit\u00e4t \u2705 5 Jahre Garantie! Einfach und g\u00fcnstig bestellen bei cortenstaalverkoop.nl","robots":{"index":"index","follow":"follow","max-snippet":"max-snippet:-1","max-image-preview":"max-image-preview:large","max-video-preview":"max-video-preview:-1"},"canonical":"https:\/\/cortenstaalverkoop.nl\/de\/produkt\/cortenstahl-feuertisch-rund\/","og_locale":"de_DE","og_type":"article","og_title":"Een cortenstaal vuurtafel rond koopt u goedkoop bij cortenstaalverkoop.nl","og_description":"\u2705 Cortenstaal vuurtafel in diverse maten.\u2705 de beste kwaliteit \u2705 5 jaar garantie! Bestel eenvoudig en goedkoop bij cortenstaalverkoop.nl","og_url":"https:\/\/cortenstaalverkoop.nl\/de\/produkt\/cortenstahl-feuertisch-rund\/","og_site_name":"Cortenstaalverkoop.nl","article_modified_time":"2025-12-03T13:50:12+00:00","og_image":[{"width":699,"height":699,"url":"https:\/\/cortenstaalverkoop.nl\/wp-content\/uploads\/2020\/01\/vuurtafel.png","type":"image\/png"}],"twitter_card":"summary_large_image","twitter_misc":{"Gesch\u00e4tzte Lesezeit":"2\u00a0Minuten"},"schema":{"@context":"https:\/\/schema.org","@graph":[{"@type":"WebPage","@id":"https:\/\/cortenstaalverkoop.nl\/product\/cortenstaal-vuurtafel-rond\/","url":"https:\/\/cortenstaalverkoop.nl\/product\/cortenstaal-vuurtafel-rond\/","name":"Einen runden Feuertisch aus Cortenstahl k\u00f6nnen Sie g\u00fcnstig bei cortenstaalverkoop.nl kaufen","isPartOf":{"@id":"https:\/\/cortenstaalverkoop.nl\/#website"},"primaryImageOfPage":{"@id":"https:\/\/cortenstaalverkoop.nl\/product\/cortenstaal-vuurtafel-rond\/#primaryimage"},"image":{"@id":"https:\/\/cortenstaalverkoop.nl\/product\/cortenstaal-vuurtafel-rond\/#primaryimage"},"thumbnailUrl":"https:\/\/cortenstaalverkoop.nl\/wp-content\/uploads\/2020\/01\/vuurtafel.png","datePublished":"2020-01-14T10:02:50+00:00","dateModified":"2025-12-03T13:50:12+00:00","description":"\u2705 Cortenstahl-Feuertisch in verschiedenen Gr\u00f6\u00dfen \u2705 Beste Qualit\u00e4t \u2705 5 Jahre Garantie! Einfach und g\u00fcnstig bestellen bei cortenstaalverkoop.nl","breadcrumb":{"@id":"https:\/\/cortenstaalverkoop.nl\/product\/cortenstaal-vuurtafel-rond\/#breadcrumb"},"inLanguage":"de","potentialAction":[{"@type":"ReadAction","target":["https:\/\/cortenstaalverkoop.nl\/product\/cortenstaal-vuurtafel-rond\/"]}]},{"@type":"ImageObject","inLanguage":"de","@id":"https:\/\/cortenstaalverkoop.nl\/product\/cortenstaal-vuurtafel-rond\/#primaryimage","url":"https:\/\/cortenstaalverkoop.nl\/wp-content\/uploads\/2020\/01\/vuurtafel.png","contentUrl":"https:\/\/cortenstaalverkoop.nl\/wp-content\/uploads\/2020\/01\/vuurtafel.png","width":699,"height":699,"caption":"Cortenstaal vuurtafel rond"},{"@type":"BreadcrumbList","@id":"https:\/\/cortenstaalverkoop.nl\/product\/cortenstaal-vuurtafel-rond\/#breadcrumb","itemListElement":[{"@type":"ListItem","position":1,"name":"Home","item":"https:\/\/cortenstaalverkoop.nl\/"},{"@type":"ListItem","position":2,"name":"Assortiment","item":"https:\/\/cortenstaalverkoop.nl\/assortiment-cortenstaal\/"},{"@type":"ListItem","position":3,"name":"Cortenstaal vuurtafel rond"}]},{"@type":"WebSite","@id":"https:\/\/cortenstaalverkoop.nl\/#website","url":"https:\/\/cortenstaalverkoop.nl\/","name":"Cortenstaalverkoop.nl","description":"die cortenstaal-Spezialisten!","publisher":{"@id":"https:\/\/cortenstaalverkoop.nl\/#organization"},"potentialAction":[{"@type":"SearchAction","target":{"@type":"EntryPoint","urlTemplate":"https:\/\/cortenstaalverkoop.nl\/?s={search_term_string}"},"query-input":{"@type":"PropertyValueSpecification","valueRequired":true,"valueName":"search_term_string"}}],"inLanguage":"de"},{"@type":"Organization","@id":"https:\/\/cortenstaalverkoop.nl\/#organization","name":"Cortenstaalverkoop.nl","url":"https:\/\/cortenstaalverkoop.nl\/","logo":{"@type":"ImageObject","inLanguage":"de","@id":"https:\/\/cortenstaalverkoop.nl\/#\/schema\/logo\/image\/","url":"https:\/\/cortenstaalverkoop.nl\/wp-content\/uploads\/2019\/11\/cortenstaal-logo-1.png","contentUrl":"https:\/\/cortenstaalverkoop.nl\/wp-content\/uploads\/2019\/11\/cortenstaal-logo-1.png","width":480,"height":163,"caption":"Cortenstaalverkoop.nl"},"image":{"@id":"https:\/\/cortenstaalverkoop.nl\/#\/schema\/logo\/image\/"}}]}},"_links":{"self":[{"href":"https:\/\/cortenstaalverkoop.nl\/de\/wp-json\/wp\/v2\/product\/2251","targetHints":{"allow":["GET"]}}],"collection":[{"href":"https:\/\/cortenstaalverkoop.nl\/de\/wp-json\/wp\/v2\/product"}],"about":[{"href":"https:\/\/cortenstaalverkoop.nl\/de\/wp-json\/wp\/v2\/types\/product"}],"version-history":[{"count":28,"href":"https:\/\/cortenstaalverkoop.nl\/de\/wp-json\/wp\/v2\/product\/2251\/revisions"}],"predecessor-version":[{"id":2263,"href":"https:\/\/cortenstaalverkoop.nl\/de\/wp-json\/wp\/v2\/product\/2251\/revisions\/2263"}],"wp:featuredmedia":[{"embeddable":true,"href":"https:\/\/cortenstaalverkoop.nl\/de\/wp-json\/wp\/v2\/media\/2255"}],"wp:attachment":[{"href":"https:\/\/cortenstaalverkoop.nl\/de\/wp-json\/wp\/v2\/media?parent=2251"}],"wp:term":[{"taxonomy":"product_brand","embeddable":true,"href":"https:\/\/cortenstaalverkoop.nl\/de\/wp-json\/wp\/v2\/product_brand?post=2251"},{"taxonomy":"product_cat","embeddable":true,"href":"https:\/\/cortenstaalverkoop.nl\/de\/wp-json\/wp\/v2\/product_cat?post=2251"},{"taxonomy":"product_tag","embeddable":true,"href":"https:\/\/cortenstaalverkoop.nl\/de\/wp-json\/wp\/v2\/product_tag?post=2251"}],"curies":[{"name":"wp","href":"https:\/\/api.w.org\/{rel}","templated":true}]}}