{"id":2266,"date":"2020-01-14T11:54:59","date_gmt":"2020-01-14T10:54:59","guid":{"rendered":"https:\/\/cortenstaalverkoop.nl\/?post_type=product&#038;p=2266"},"modified":"2026-04-16T15:01:29","modified_gmt":"2026-04-16T13:01:29","slug":"cortenstahl-feuertisch-quadratisch","status":"publish","type":"product","link":"https:\/\/cortenstaalverkoop.nl\/de\/product\/cortenstaal-vuurtafel-vierkant\/","title":{"rendered":"Cortenstahl Feuertisch quadratisch"},"content":{"rendered":"<p>Der Cortenstahl Feuertisch quadratisch ist ein robustes Feuerelement f\u00fcr Garten oder Terrasse, um mit anderen ein stimmungsvolles Flammenspiel zu genie\u00dfen. Abmessungen 120 x 120 cm und 28 cm H\u00f6he. Ein sch\u00f6nes M\u00f6belst\u00fcck, das auch unbenutzt zu sehen ist und an dem Sie jahrelang Freude haben werden. Erh\u00e4ltlich mit Barbecue-Grill, damit dieser quadratische Feuertisch aus Cortenstahl auch als Grill geeignet ist. Alle <a href=\"https:\/\/cortenstaalverkoop.nl\/cortenstaal\/cortenstaal-vuurelementen\/\" target=\"_blank\" rel=\"noopener\">Feuerelemente<\/a> bestehen aus hochwertigem Stahl. Und es ist so konzipiert, dass man schon mit wenigen Holzbl\u00f6cken ein sch\u00f6nes Flammenspiel erzeugen kann. Auf diese Weise k\u00f6nnen Sie schnell und bequem ein kontrolliertes Lagerfeuer haben. Verwenden Sie trockenes Holz, um l\u00e4stige Rauchentwicklung zu vermeiden. Bitte beachten Sie, dass der Kamin au\u00dfen sehr hei\u00df werden kann.<\/p>\n<p><strong>Vorteile:<\/strong><\/p>\n<ul>\n<li>Sehr stark und abriebfest<\/li>\n<li>Schlankes und somit zeitloses Design<\/li>\n<li>Wetterfestes und sehr langlebiges Material<\/li>\n<li>Warmes und nat\u00fcrliches Aussehen<\/li>\n<li>Auf alle unsere Produkte erhalten Sie eine 5-Jahres-Garantie!<\/li>\n<\/ul>\n<p><strong>Heizungsberatung und Wartung:<\/strong><br \/>\nBeginnen Sie mit Anz\u00fcndern mit kleinen St\u00fccken trockenen Holzes obenauf.<br \/>\nReinigen Sie den BBQ-Grill sofort nach dem Gebrauch und bewahren Sie ihn an einem trockenen Ort auf. Wenn der Rost mehrere Tage auf der Feuerschale verbleibt, besteht die M\u00f6glichkeit, dass er sich verrostet. Unsere BBQ-Grills sind getestet und SGS-zertifiziert.<\/p>\n<p><strong>Wartung:<\/strong><br \/>\nNach Gebrauch die Asche entfernen.<\/p>\n<p><strong>Produktinfo Cortenstahl:<\/strong><br \/>\n<a href=\"https:\/\/nl.wikipedia.org\/wiki\/Cortenstaal\" target=\"_blank\" rel=\"noopener noreferrer\">Cor-Ten-Stahl<\/a> auch als wetterfester Stahl bekannt. Es handelt sich um eine Metalllegierung aus Eisen, dem Kupfer, Silizium, Nickel und Chrom zugesetzt wurden. Cortenstahl ist eine sehr feste Stahlsorte. Denn es hat die Eigenschaft, sich an der Au\u00dfenluft mit einer sch\u00fctzenden Rostschicht zu bedecken. Diese nat\u00fcrliche feste Rostschicht bildet den Schutz gegen weitere Korrosion.<\/p>","protected":false},"excerpt":{"rendered":"<p>Dieser Cortenstahl Feuertisch quadratisch ist ein sch\u00f6nes Feuerelement f\u00fcr den Garten oder die Terrasse, um ein stimmungsvolles Flammenspiel zu genie\u00dfen. Und ein sch\u00f6nes M\u00f6belst\u00fcck, das auch ungenutzt zu sehen ist und an dem Sie jahrelang Freude haben werden. Abmessungen 120 x 120 cm und 28 cm H\u00f6he. Sehr stark und verschlei\u00dffest. Der quadratische Feuertisch aus Cortenstahl hat einen warmen und nat\u00fcrlichen Look und ein schlankes Design.<\/p>\n<p>Auf alle unsere Produkte erhalten Sie eine 5-Jahres-Garantie!<\/p>","protected":false},"featured_media":5742,"template":"","meta":{"site-sidebar-layout":"default","site-content-layout":"default","ast-site-content-layout":"default","site-content-style":"default","site-sidebar-style":"default","ast-global-header-display":"","ast-banner-title-visibility":"","ast-main-header-display":"","ast-hfb-above-header-display":"","ast-hfb-below-header-display":"","ast-hfb-mobile-header-display":"","site-post-title":"","ast-breadcrumbs-content":"","ast-featured-img":"","footer-sml-layout":"","ast-disable-related-posts":"","theme-transparent-header-meta":"default","adv-header-id-meta":"","stick-header-meta":"","header-above-stick-meta":"","header-main-stick-meta":"","header-below-stick-meta":"","astra-migrate-meta-layouts":"set","ast-page-background-enabled":"default","ast-page-background-meta":{"desktop":{"background-color":"","background-image":"","background-repeat":"repeat","background-position":"center center","background-size":"auto","background-attachment":"scroll","background-type":"","background-media":"","overlay-type":"","overlay-color":"","overlay-opacity":"","overlay-gradient":""},"tablet":{"background-color":"","background-image":"","background-repeat":"repeat","background-position":"center center","background-size":"auto","background-attachment":"scroll","background-type":"","background-media":"","overlay-type":"","overlay-color":"","overlay-opacity":"","overlay-gradient":""},"mobile":{"background-color":"","background-image":"","background-repeat":"repeat","background-position":"center center","background-size":"auto","background-attachment":"scroll","background-type":"","background-media":"","overlay-type":"","overlay-color":"","overlay-opacity":"","overlay-gradient":""}},"ast-content-background-meta":{"desktop":{"background-color":"var(--ast-global-color-5)","background-image":"","background-repeat":"repeat","background-position":"center center","background-size":"auto","background-attachment":"scroll","background-type":"","background-media":"","overlay-type":"","overlay-color":"","overlay-opacity":"","overlay-gradient":""},"tablet":{"background-color":"var(--ast-global-color-5)","background-image":"","background-repeat":"repeat","background-position":"center center","background-size":"auto","background-attachment":"scroll","background-type":"","background-media":"","overlay-type":"","overlay-color":"","overlay-opacity":"","overlay-gradient":""},"mobile":{"background-color":"var(--ast-global-color-5)","background-image":"","background-repeat":"repeat","background-position":"center center","background-size":"auto","background-attachment":"scroll","background-type":"","background-media":"","overlay-type":"","overlay-color":"","overlay-opacity":"","overlay-gradient":""}}},"product_brand":[],"product_cat":[58],"product_tag":[],"class_list":{"0":"post-2266","1":"product","2":"type-product","3":"status-publish","4":"has-post-thumbnail","6":"product_cat-cortenstaal-vuurelementen","7":"product_shipping_class-fritom","8":"desktop-align-left","9":"tablet-align-left","10":"mobile-align-left","12":"first","13":"instock","14":"taxable","15":"shipping-taxable","16":"purchasable","17":"product-type-variable"},"yoast_head":"<!-- This site is optimized with the Yoast SEO plugin v27.5 - https:\/\/yoast.com\/product\/yoast-seo-wordpress\/ -->\n<title>Cortenstaal vuurtafel vierkant koopt u bij cortenstaalverkoop.nl<\/title>\n<meta name=\"description\" content=\"Cortenstaal vuurtafel vierkant \u2705 de beste kwaliteit \u2705 5 jaar garantie! Bestel uw cortenstaal vuurtafel goedkoop bij cortenstaalverkoop.nl!\" \/>\n<meta name=\"robots\" content=\"index, follow, max-snippet:-1, max-image-preview:large, max-video-preview:-1\" \/>\n<link rel=\"canonical\" href=\"https:\/\/cortenstaalverkoop.nl\/de\/produkt\/cortenstahl-feuertisch-quadratisch\/\" \/>\n<meta property=\"og:locale\" content=\"de_DE\" \/>\n<meta property=\"og:type\" content=\"article\" \/>\n<meta property=\"og:title\" content=\"Cortenstaal vuurtafel vierkant koopt u bij cortenstaalverkoop.nl\" \/>\n<meta property=\"og:description\" content=\"Cortenstaal vuurtafel vierkant \u2705 de beste kwaliteit \u2705 5 jaar garantie! Bestel uw cortenstaal vuurtafel goedkoop bij cortenstaalverkoop.nl!\" \/>\n<meta property=\"og:url\" content=\"https:\/\/cortenstaalverkoop.nl\/de\/produkt\/cortenstahl-feuertisch-quadratisch\/\" \/>\n<meta property=\"og:site_name\" content=\"Cortenstaalverkoop.nl\" \/>\n<meta property=\"article:modified_time\" content=\"2026-04-16T13:01:29+00:00\" \/>\n<meta property=\"og:image\" content=\"https:\/\/cortenstaalverkoop.nl\/wp-content\/uploads\/2020\/01\/vuurtafel-VLS3.png\" \/>\n\t<meta property=\"og:image:width\" content=\"699\" \/>\n\t<meta property=\"og:image:height\" content=\"699\" \/>\n\t<meta property=\"og:image:type\" content=\"image\/png\" \/>\n<meta name=\"twitter:card\" content=\"summary_large_image\" \/>\n<meta name=\"twitter:label1\" content=\"Gesch\u00e4tzte Lesezeit\" \/>\n\t<meta name=\"twitter:data1\" content=\"2\u00a0Minuten\" \/>\n<script type=\"application\/ld+json\" class=\"yoast-schema-graph\">{\"@context\":\"https:\\\/\\\/schema.org\",\"@graph\":[{\"@type\":\"WebPage\",\"@id\":\"https:\\\/\\\/cortenstaalverkoop.nl\\\/product\\\/cortenstaal-vuurtafel-vierkant\\\/\",\"url\":\"https:\\\/\\\/cortenstaalverkoop.nl\\\/product\\\/cortenstaal-vuurtafel-vierkant\\\/\",\"name\":\"Cortenstaal vuurtafel vierkant koopt u bij cortenstaalverkoop.nl\",\"isPartOf\":{\"@id\":\"https:\\\/\\\/cortenstaalverkoop.nl\\\/#website\"},\"primaryImageOfPage\":{\"@id\":\"https:\\\/\\\/cortenstaalverkoop.nl\\\/product\\\/cortenstaal-vuurtafel-vierkant\\\/#primaryimage\"},\"image\":{\"@id\":\"https:\\\/\\\/cortenstaalverkoop.nl\\\/product\\\/cortenstaal-vuurtafel-vierkant\\\/#primaryimage\"},\"thumbnailUrl\":\"https:\\\/\\\/cortenstaalverkoop.nl\\\/wp-content\\\/uploads\\\/2020\\\/01\\\/vuurtafel-VLS3.png\",\"datePublished\":\"2020-01-14T10:54:59+00:00\",\"dateModified\":\"2026-04-16T13:01:29+00:00\",\"description\":\"Cortenstaal vuurtafel vierkant \u2705 de beste kwaliteit \u2705 5 jaar garantie! Bestel uw cortenstaal vuurtafel goedkoop bij cortenstaalverkoop.nl!\",\"breadcrumb\":{\"@id\":\"https:\\\/\\\/cortenstaalverkoop.nl\\\/product\\\/cortenstaal-vuurtafel-vierkant\\\/#breadcrumb\"},\"inLanguage\":\"de\",\"potentialAction\":[{\"@type\":\"ReadAction\",\"target\":[\"https:\\\/\\\/cortenstaalverkoop.nl\\\/product\\\/cortenstaal-vuurtafel-vierkant\\\/\"]}]},{\"@type\":\"ImageObject\",\"inLanguage\":\"de\",\"@id\":\"https:\\\/\\\/cortenstaalverkoop.nl\\\/product\\\/cortenstaal-vuurtafel-vierkant\\\/#primaryimage\",\"url\":\"https:\\\/\\\/cortenstaalverkoop.nl\\\/wp-content\\\/uploads\\\/2020\\\/01\\\/vuurtafel-VLS3.png\",\"contentUrl\":\"https:\\\/\\\/cortenstaalverkoop.nl\\\/wp-content\\\/uploads\\\/2020\\\/01\\\/vuurtafel-VLS3.png\",\"width\":699,\"height\":699,\"caption\":\"Cortenstaal vuurtafel vierkant\"},{\"@type\":\"BreadcrumbList\",\"@id\":\"https:\\\/\\\/cortenstaalverkoop.nl\\\/product\\\/cortenstaal-vuurtafel-vierkant\\\/#breadcrumb\",\"itemListElement\":[{\"@type\":\"ListItem\",\"position\":1,\"name\":\"Home\",\"item\":\"https:\\\/\\\/cortenstaalverkoop.nl\\\/\"},{\"@type\":\"ListItem\",\"position\":2,\"name\":\"Assortiment\",\"item\":\"https:\\\/\\\/cortenstaalverkoop.nl\\\/assortiment-cortenstaal\\\/\"},{\"@type\":\"ListItem\",\"position\":3,\"name\":\"Cortenstaal vuurtafel vierkant\"}]},{\"@type\":\"WebSite\",\"@id\":\"https:\\\/\\\/cortenstaalverkoop.nl\\\/#website\",\"url\":\"https:\\\/\\\/cortenstaalverkoop.nl\\\/\",\"name\":\"Cortenstaalverkoop.nl\",\"description\":\"de cortenstaal specialist!\",\"publisher\":{\"@id\":\"https:\\\/\\\/cortenstaalverkoop.nl\\\/#organization\"},\"potentialAction\":[{\"@type\":\"SearchAction\",\"target\":{\"@type\":\"EntryPoint\",\"urlTemplate\":\"https:\\\/\\\/cortenstaalverkoop.nl\\\/?s={search_term_string}\"},\"query-input\":{\"@type\":\"PropertyValueSpecification\",\"valueRequired\":true,\"valueName\":\"search_term_string\"}}],\"inLanguage\":\"de\"},{\"@type\":\"Organization\",\"@id\":\"https:\\\/\\\/cortenstaalverkoop.nl\\\/#organization\",\"name\":\"Cortenstaalverkoop.nl\",\"url\":\"https:\\\/\\\/cortenstaalverkoop.nl\\\/\",\"logo\":{\"@type\":\"ImageObject\",\"inLanguage\":\"de\",\"@id\":\"https:\\\/\\\/cortenstaalverkoop.nl\\\/#\\\/schema\\\/logo\\\/image\\\/\",\"url\":\"https:\\\/\\\/cortenstaalverkoop.nl\\\/wp-content\\\/uploads\\\/2019\\\/11\\\/cortenstaal-logo-1.png\",\"contentUrl\":\"https:\\\/\\\/cortenstaalverkoop.nl\\\/wp-content\\\/uploads\\\/2019\\\/11\\\/cortenstaal-logo-1.png\",\"width\":480,\"height\":163,\"caption\":\"Cortenstaalverkoop.nl\"},\"image\":{\"@id\":\"https:\\\/\\\/cortenstaalverkoop.nl\\\/#\\\/schema\\\/logo\\\/image\\\/\"}}]}<\/script>\n<!-- \/ Yoast SEO plugin. -->","yoast_head_json":{"title":"Cortenstaal vuurtafel vierkant koopt u bij cortenstaalverkoop.nl","description":"Viereckiger Feuertisch aus Cortenstahl \u2705 Beste Qualit\u00e4t \u2705 5 Jahre Garantie! Bestellen Sie Ihren Cortenstahl-Feuertisch g\u00fcnstig bei cortenstaalverkoop.nl!","robots":{"index":"index","follow":"follow","max-snippet":"max-snippet:-1","max-image-preview":"max-image-preview:large","max-video-preview":"max-video-preview:-1"},"canonical":"https:\/\/cortenstaalverkoop.nl\/de\/produkt\/cortenstahl-feuertisch-quadratisch\/","og_locale":"de_DE","og_type":"article","og_title":"Cortenstaal vuurtafel vierkant koopt u bij cortenstaalverkoop.nl","og_description":"Cortenstaal vuurtafel vierkant \u2705 de beste kwaliteit \u2705 5 jaar garantie! Bestel uw cortenstaal vuurtafel goedkoop bij cortenstaalverkoop.nl!","og_url":"https:\/\/cortenstaalverkoop.nl\/de\/produkt\/cortenstahl-feuertisch-quadratisch\/","og_site_name":"Cortenstaalverkoop.nl","article_modified_time":"2026-04-16T13:01:29+00:00","og_image":[{"width":699,"height":699,"url":"https:\/\/cortenstaalverkoop.nl\/wp-content\/uploads\/2020\/01\/vuurtafel-VLS3.png","type":"image\/png"}],"twitter_card":"summary_large_image","twitter_misc":{"Gesch\u00e4tzte Lesezeit":"2\u00a0Minuten"},"schema":{"@context":"https:\/\/schema.org","@graph":[{"@type":"WebPage","@id":"https:\/\/cortenstaalverkoop.nl\/product\/cortenstaal-vuurtafel-vierkant\/","url":"https:\/\/cortenstaalverkoop.nl\/product\/cortenstaal-vuurtafel-vierkant\/","name":"Cortenstaal vuurtafel vierkant koopt u bij cortenstaalverkoop.nl","isPartOf":{"@id":"https:\/\/cortenstaalverkoop.nl\/#website"},"primaryImageOfPage":{"@id":"https:\/\/cortenstaalverkoop.nl\/product\/cortenstaal-vuurtafel-vierkant\/#primaryimage"},"image":{"@id":"https:\/\/cortenstaalverkoop.nl\/product\/cortenstaal-vuurtafel-vierkant\/#primaryimage"},"thumbnailUrl":"https:\/\/cortenstaalverkoop.nl\/wp-content\/uploads\/2020\/01\/vuurtafel-VLS3.png","datePublished":"2020-01-14T10:54:59+00:00","dateModified":"2026-04-16T13:01:29+00:00","description":"Viereckiger Feuertisch aus Cortenstahl \u2705 Beste Qualit\u00e4t \u2705 5 Jahre Garantie! Bestellen Sie Ihren Cortenstahl-Feuertisch g\u00fcnstig bei cortenstaalverkoop.nl!","breadcrumb":{"@id":"https:\/\/cortenstaalverkoop.nl\/product\/cortenstaal-vuurtafel-vierkant\/#breadcrumb"},"inLanguage":"de","potentialAction":[{"@type":"ReadAction","target":["https:\/\/cortenstaalverkoop.nl\/product\/cortenstaal-vuurtafel-vierkant\/"]}]},{"@type":"ImageObject","inLanguage":"de","@id":"https:\/\/cortenstaalverkoop.nl\/product\/cortenstaal-vuurtafel-vierkant\/#primaryimage","url":"https:\/\/cortenstaalverkoop.nl\/wp-content\/uploads\/2020\/01\/vuurtafel-VLS3.png","contentUrl":"https:\/\/cortenstaalverkoop.nl\/wp-content\/uploads\/2020\/01\/vuurtafel-VLS3.png","width":699,"height":699,"caption":"Cortenstaal vuurtafel vierkant"},{"@type":"BreadcrumbList","@id":"https:\/\/cortenstaalverkoop.nl\/product\/cortenstaal-vuurtafel-vierkant\/#breadcrumb","itemListElement":[{"@type":"ListItem","position":1,"name":"Home","item":"https:\/\/cortenstaalverkoop.nl\/"},{"@type":"ListItem","position":2,"name":"Assortiment","item":"https:\/\/cortenstaalverkoop.nl\/assortiment-cortenstaal\/"},{"@type":"ListItem","position":3,"name":"Cortenstaal vuurtafel vierkant"}]},{"@type":"WebSite","@id":"https:\/\/cortenstaalverkoop.nl\/#website","url":"https:\/\/cortenstaalverkoop.nl\/","name":"Cortenstaalverkoop.nl","description":"die cortenstaal-Spezialisten!","publisher":{"@id":"https:\/\/cortenstaalverkoop.nl\/#organization"},"potentialAction":[{"@type":"SearchAction","target":{"@type":"EntryPoint","urlTemplate":"https:\/\/cortenstaalverkoop.nl\/?s={search_term_string}"},"query-input":{"@type":"PropertyValueSpecification","valueRequired":true,"valueName":"search_term_string"}}],"inLanguage":"de"},{"@type":"Organization","@id":"https:\/\/cortenstaalverkoop.nl\/#organization","name":"Cortenstaalverkoop.nl","url":"https:\/\/cortenstaalverkoop.nl\/","logo":{"@type":"ImageObject","inLanguage":"de","@id":"https:\/\/cortenstaalverkoop.nl\/#\/schema\/logo\/image\/","url":"https:\/\/cortenstaalverkoop.nl\/wp-content\/uploads\/2019\/11\/cortenstaal-logo-1.png","contentUrl":"https:\/\/cortenstaalverkoop.nl\/wp-content\/uploads\/2019\/11\/cortenstaal-logo-1.png","width":480,"height":163,"caption":"Cortenstaalverkoop.nl"},"image":{"@id":"https:\/\/cortenstaalverkoop.nl\/#\/schema\/logo\/image\/"}}]}},"_links":{"self":[{"href":"https:\/\/cortenstaalverkoop.nl\/de\/wp-json\/wp\/v2\/product\/2266","targetHints":{"allow":["GET"]}}],"collection":[{"href":"https:\/\/cortenstaalverkoop.nl\/de\/wp-json\/wp\/v2\/product"}],"about":[{"href":"https:\/\/cortenstaalverkoop.nl\/de\/wp-json\/wp\/v2\/types\/product"}],"version-history":[{"count":27,"href":"https:\/\/cortenstaalverkoop.nl\/de\/wp-json\/wp\/v2\/product\/2266\/revisions"}],"predecessor-version":[{"id":11189,"href":"https:\/\/cortenstaalverkoop.nl\/de\/wp-json\/wp\/v2\/product\/2266\/revisions\/11189"}],"wp:featuredmedia":[{"embeddable":true,"href":"https:\/\/cortenstaalverkoop.nl\/de\/wp-json\/wp\/v2\/media\/5742"}],"wp:attachment":[{"href":"https:\/\/cortenstaalverkoop.nl\/de\/wp-json\/wp\/v2\/media?parent=2266"}],"wp:term":[{"taxonomy":"product_brand","embeddable":true,"href":"https:\/\/cortenstaalverkoop.nl\/de\/wp-json\/wp\/v2\/product_brand?post=2266"},{"taxonomy":"product_cat","embeddable":true,"href":"https:\/\/cortenstaalverkoop.nl\/de\/wp-json\/wp\/v2\/product_cat?post=2266"},{"taxonomy":"product_tag","embeddable":true,"href":"https:\/\/cortenstaalverkoop.nl\/de\/wp-json\/wp\/v2\/product_tag?post=2266"}],"curies":[{"name":"wp","href":"https:\/\/api.w.org\/{rel}","templated":true}]}}