{"id":2282,"date":"2020-01-14T16:02:14","date_gmt":"2020-01-14T15:02:14","guid":{"rendered":"https:\/\/cortenstaalverkoop.nl\/?post_type=product&#038;p=2282"},"modified":"2026-04-13T16:02:29","modified_gmt":"2026-04-13T14:02:29","slug":"cortenstahl-gartenkamin","status":"publish","type":"product","link":"https:\/\/cortenstaalverkoop.nl\/de\/product\/cortenstaal-buitenhaard\/","title":{"rendered":"Cortenstahl Gartenkamin"},"content":{"rendered":"<p>Dieser Cortenstahl Gartenkamin ist ein wundersch\u00f6ner Terrassenkamin, der durch sein schlichtes und zeitloses Design ein echter Hingucker in Ihrem Garten oder auf der Terrasse ist. Der Gartenkamin ist auch mit eigenem Pizzaofen erh\u00e4ltlich. Dieser Pizzaofen ist so konstruiert, dass die Brenngase niemals mit der Pizza in Kontakt kommen. Der Au\u00dfenkamin aus Cortenstahl wird aus 5 mm und 3 mm Cortenstahl hergestellt. Der Gartenkamin ist serienm\u00e4\u00dfig mit einem Heizrost ausgestattet und so konzipiert, dass Sie schon mit ein paar Holzbl\u00f6cken ein sch\u00f6nes Flammenspiel erzeugen k\u00f6nnen!<\/p>\n<p>Der Cortenstahl nimmt im Laufe der Zeit seine besondere, tief rostbraune Farbe an. Eine wichtige Eigenschaft von Cortenstahl ist au\u00dferdem, dass der Gartenkamin nicht durchrostet. Deshalb kann es bei jedem Wetter drau\u00dfen bleiben. Der Durchmesser des hohen Kamins des Abflusses betr\u00e4gt 199 mm. Der Durchmesser des niedrigen Kamins ist 149 mm. <a href=\"https:\/\/cortenstaalverkoop.nl\/product\/cortenstaal-vuurelementen\/cortenstaal-afvoer\/\" target=\"_blank\" rel=\"noopener noreferrer\">Schornstein<\/a> und <a href=\"https:\/\/cortenstaalverkoop.nl\/product\/cortenstaal-vuurelementen\/cortenstaal-regenkap\/\" target=\"_blank\" rel=\"noopener noreferrer\">Regenhut<\/a> in diesem Shop auch in Cortenstahl erh\u00e4ltlich.<\/p>\n<h4><strong>Vorteile:<\/strong><\/h4>\n<ul>\n<li>Sehr stark und abriebfest.<\/li>\n<li>Doppelwandiger Brennraum.<\/li>\n<li>Schlankes, zeitloses Design.<\/li>\n<li>Witterungsbest\u00e4ndiges und langlebiges Material.<\/li>\n<li>Warmer und nat\u00fcrlicher Look.<\/li>\n<li>5 Jahre Garantie!<\/li>\n<\/ul>\n<h4><strong>feuer beratung:<\/strong><\/h4>\n<ul>\n<li>Beginnen Sie mit Anz\u00fcndern mit kleinen St\u00fccken trockenen Holzes obenauf.<\/li>\n<li>Verwenden Sie kleine trockene Holzst\u00fccke, um den Ofen + Kamin langsam aufzuheizen.<\/li>\n<li>Sobald es brennt, erh\u00f6hen Sie langsam das Feuer (max. 1,5 kg trockenes Holz gleichzeitig im Kamin).<\/li>\n<\/ul>\n<h4><strong>Wartung:<\/strong><\/h4>\n<ul>\n<li>Entfernen Sie nach Gebrauch die Asche und reinigen Sie den Kamin einmal im Jahr.<\/li>\n<\/ul>\n<p><strong>Produktinfo Cortenstahl:<\/strong><br \/>\n<a href=\"https:\/\/nl.wikipedia.org\/wiki\/Cortenstaal\" target=\"_blank\" rel=\"noopener noreferrer\">Cor-Ten-Stahl<\/a> auch als wetterfester Stahl bekannt. Es handelt sich um eine Metalllegierung aus Eisen, dem Kupfer, Silizium, Nickel und Chrom zugesetzt wurden. Cortenstahl ist eine sehr feste Stahlsorte. Denn es hat die Eigenschaft, sich an der Au\u00dfenluft mit einer sch\u00fctzenden Rostschicht zu bedecken. Diese nat\u00fcrliche feste Rostschicht bildet den Schutz gegen weitere Korrosion.<\/p>","protected":false},"excerpt":{"rendered":"<p>Dieser Cortenstahl Gartenkamin ist ein wundersch\u00f6ner Terrassenkamin, der durch sein schlichtes und zeitloses Design ein echter Hingucker in Ihrem Garten oder auf der Terrasse ist. Der Cortenstahl Gartenkamin ist auch mit eigenem Pizzaofen erh\u00e4ltlich. Dieser Pizzaofen ist so konstruiert, dass die Brenngase niemals mit der Pizza in Kontakt kommen. Der Gartenkamin ist serienm\u00e4\u00dfig mit einem Heizrost ausgestattet und so konzipiert, dass Sie schon mit ein paar Holzbl\u00f6cken ein sch\u00f6nes Flammenspiel erzeugen k\u00f6nnen! Dieser Au\u00dfenkamin aus Cortenstahl ist aus 3 mm und 5 mm dickem Cortenstahl gefertigt. Erh\u00e4ltlich ist der Au\u00dfenkamin mit oder ohne T\u00fcr und in verschiedenen Gr\u00f6\u00dfen. Der Durchmesser der Abflussh\u00f6he des Kamins betr\u00e4gt 199 mm. Der Durchmesser des niedrigen Kaminauslasses betr\u00e4gt 149 mm.<\/p>\n<ul>\n<li>Sehr stark und abriebfest.<\/li>\n<li>Doppelwandiger Brennraum.<\/li>\n<li style=\"font-size: 16px;\">Witterungsbest\u00e4ndiges und langlebiges Material.<\/li>\n<li>5 Jahre Garantie!<\/li>\n<\/ul>","protected":false},"featured_media":5051,"template":"","meta":{"site-sidebar-layout":"default","site-content-layout":"default","ast-site-content-layout":"default","site-content-style":"default","site-sidebar-style":"default","ast-global-header-display":"","ast-banner-title-visibility":"","ast-main-header-display":"","ast-hfb-above-header-display":"","ast-hfb-below-header-display":"","ast-hfb-mobile-header-display":"","site-post-title":"","ast-breadcrumbs-content":"","ast-featured-img":"","footer-sml-layout":"","ast-disable-related-posts":"","theme-transparent-header-meta":"default","adv-header-id-meta":"","stick-header-meta":"","header-above-stick-meta":"","header-main-stick-meta":"","header-below-stick-meta":"","astra-migrate-meta-layouts":"set","ast-page-background-enabled":"default","ast-page-background-meta":{"desktop":{"background-color":"","background-image":"","background-repeat":"repeat","background-position":"center center","background-size":"auto","background-attachment":"scroll","background-type":"","background-media":"","overlay-type":"","overlay-color":"","overlay-opacity":"","overlay-gradient":""},"tablet":{"background-color":"","background-image":"","background-repeat":"repeat","background-position":"center center","background-size":"auto","background-attachment":"scroll","background-type":"","background-media":"","overlay-type":"","overlay-color":"","overlay-opacity":"","overlay-gradient":""},"mobile":{"background-color":"","background-image":"","background-repeat":"repeat","background-position":"center center","background-size":"auto","background-attachment":"scroll","background-type":"","background-media":"","overlay-type":"","overlay-color":"","overlay-opacity":"","overlay-gradient":""}},"ast-content-background-meta":{"desktop":{"background-color":"var(--ast-global-color-5)","background-image":"","background-repeat":"repeat","background-position":"center center","background-size":"auto","background-attachment":"scroll","background-type":"","background-media":"","overlay-type":"","overlay-color":"","overlay-opacity":"","overlay-gradient":""},"tablet":{"background-color":"var(--ast-global-color-5)","background-image":"","background-repeat":"repeat","background-position":"center center","background-size":"auto","background-attachment":"scroll","background-type":"","background-media":"","overlay-type":"","overlay-color":"","overlay-opacity":"","overlay-gradient":""},"mobile":{"background-color":"var(--ast-global-color-5)","background-image":"","background-repeat":"repeat","background-position":"center center","background-size":"auto","background-attachment":"scroll","background-type":"","background-media":"","overlay-type":"","overlay-color":"","overlay-opacity":"","overlay-gradient":""}}},"product_brand":[],"product_cat":[58],"product_tag":[],"class_list":{"0":"post-2282","1":"product","2":"type-product","3":"status-publish","4":"has-post-thumbnail","6":"product_cat-cortenstaal-vuurelementen","7":"product_shipping_class-fritom","8":"desktop-align-left","9":"tablet-align-left","10":"mobile-align-left","12":"first","13":"instock","14":"sale","15":"taxable","16":"shipping-taxable","17":"purchasable","18":"product-type-variable"},"yoast_head":"<!-- This site is optimized with the Yoast SEO plugin v27.4 - https:\/\/yoast.com\/product\/yoast-seo-wordpress\/ -->\n<title>Een cortenstaal buitenhaard koopt u bij cortenstaalverkoop.nl<\/title>\n<meta name=\"description\" content=\"\u2705 Cortenstaal buitenhaard in diverse soorten en maten.\u2705 de beste kwaliteit \u2705 5 jaar garantie! Bestel eenvoudig en goedkoop bij cortenstaalverkoop.nl\" \/>\n<meta name=\"robots\" content=\"index, follow, max-snippet:-1, max-image-preview:large, max-video-preview:-1\" \/>\n<link rel=\"canonical\" href=\"https:\/\/cortenstaalverkoop.nl\/de\/produkt\/feuerelemente\/cortenstahl-gartenkamin-mel\/\" \/>\n<meta property=\"og:locale\" content=\"de_DE\" \/>\n<meta property=\"og:type\" content=\"article\" \/>\n<meta property=\"og:title\" content=\"Een cortenstaal buitenhaard koopt u bij cortenstaalverkoop.nl\" \/>\n<meta property=\"og:description\" content=\"\u2705 Cortenstaal buitenhaard in diverse soorten en maten.\u2705 de beste kwaliteit \u2705 5 jaar garantie! Bestel eenvoudig en goedkoop bij cortenstaalverkoop.nl\" \/>\n<meta property=\"og:url\" content=\"https:\/\/cortenstaalverkoop.nl\/de\/produkt\/feuerelemente\/cortenstahl-gartenkamin-mel\/\" \/>\n<meta property=\"og:site_name\" content=\"Cortenstaalverkoop.nl\" \/>\n<meta property=\"article:modified_time\" content=\"2026-04-13T14:02:29+00:00\" \/>\n<meta property=\"og:image\" content=\"https:\/\/cortenstaalverkoop.nl\/wp-content\/uploads\/2020\/09\/GA1DP.200.jpg\" \/>\n\t<meta property=\"og:image:width\" content=\"1935\" \/>\n\t<meta property=\"og:image:height\" content=\"1935\" \/>\n\t<meta property=\"og:image:type\" content=\"image\/jpeg\" \/>\n<meta name=\"twitter:card\" content=\"summary_large_image\" \/>\n<meta name=\"twitter:label1\" content=\"Gesch\u00e4tzte Lesezeit\" \/>\n\t<meta name=\"twitter:data1\" content=\"2\u00a0Minuten\" \/>\n<script type=\"application\/ld+json\" class=\"yoast-schema-graph\">{\"@context\":\"https:\\\/\\\/schema.org\",\"@graph\":[{\"@type\":\"WebPage\",\"@id\":\"https:\\\/\\\/cortenstaalverkoop.nl\\\/product\\\/cortenstaal-buitenhaard\\\/\",\"url\":\"https:\\\/\\\/cortenstaalverkoop.nl\\\/product\\\/cortenstaal-vuurelementen\\\/cortenstaal-buitenhaard-mel\\\/\",\"name\":\"Een cortenstaal buitenhaard koopt u bij cortenstaalverkoop.nl\",\"isPartOf\":{\"@id\":\"https:\\\/\\\/cortenstaalverkoop.nl\\\/#website\"},\"primaryImageOfPage\":{\"@id\":\"https:\\\/\\\/cortenstaalverkoop.nl\\\/product\\\/cortenstaal-vuurelementen\\\/cortenstaal-buitenhaard-mel\\\/#primaryimage\"},\"image\":{\"@id\":\"https:\\\/\\\/cortenstaalverkoop.nl\\\/product\\\/cortenstaal-vuurelementen\\\/cortenstaal-buitenhaard-mel\\\/#primaryimage\"},\"thumbnailUrl\":\"https:\\\/\\\/cortenstaalverkoop.nl\\\/wp-content\\\/uploads\\\/2020\\\/09\\\/GA1DP.200.jpg\",\"datePublished\":\"2020-01-14T15:02:14+00:00\",\"dateModified\":\"2026-04-13T14:02:29+00:00\",\"description\":\"\u2705 Cortenstaal buitenhaard in diverse soorten en maten.\u2705 de beste kwaliteit \u2705 5 jaar garantie! Bestel eenvoudig en goedkoop bij cortenstaalverkoop.nl\",\"breadcrumb\":{\"@id\":\"https:\\\/\\\/cortenstaalverkoop.nl\\\/product\\\/cortenstaal-vuurelementen\\\/cortenstaal-buitenhaard-mel\\\/#breadcrumb\"},\"inLanguage\":\"de\",\"potentialAction\":[{\"@type\":\"ReadAction\",\"target\":[\"https:\\\/\\\/cortenstaalverkoop.nl\\\/product\\\/cortenstaal-vuurelementen\\\/cortenstaal-buitenhaard-mel\\\/\"]}]},{\"@type\":\"ImageObject\",\"inLanguage\":\"de\",\"@id\":\"https:\\\/\\\/cortenstaalverkoop.nl\\\/product\\\/cortenstaal-vuurelementen\\\/cortenstaal-buitenhaard-mel\\\/#primaryimage\",\"url\":\"https:\\\/\\\/cortenstaalverkoop.nl\\\/wp-content\\\/uploads\\\/2020\\\/09\\\/GA1DP.200.jpg\",\"contentUrl\":\"https:\\\/\\\/cortenstaalverkoop.nl\\\/wp-content\\\/uploads\\\/2020\\\/09\\\/GA1DP.200.jpg\",\"width\":1935,\"height\":1935,\"caption\":\"Cortenstaal buitenhaard\"},{\"@type\":\"BreadcrumbList\",\"@id\":\"https:\\\/\\\/cortenstaalverkoop.nl\\\/product\\\/cortenstaal-vuurelementen\\\/cortenstaal-buitenhaard-mel\\\/#breadcrumb\",\"itemListElement\":[{\"@type\":\"ListItem\",\"position\":1,\"name\":\"Home\",\"item\":\"https:\\\/\\\/cortenstaalverkoop.nl\\\/\"},{\"@type\":\"ListItem\",\"position\":2,\"name\":\"Assortiment\",\"item\":\"https:\\\/\\\/cortenstaalverkoop.nl\\\/assortiment-cortenstaal\\\/\"},{\"@type\":\"ListItem\",\"position\":3,\"name\":\"Cortenstaal buitenhaard\"}]},{\"@type\":\"WebSite\",\"@id\":\"https:\\\/\\\/cortenstaalverkoop.nl\\\/#website\",\"url\":\"https:\\\/\\\/cortenstaalverkoop.nl\\\/\",\"name\":\"Cortenstaalverkoop.nl\",\"description\":\"de cortenstaal specialist!\",\"publisher\":{\"@id\":\"https:\\\/\\\/cortenstaalverkoop.nl\\\/#organization\"},\"potentialAction\":[{\"@type\":\"SearchAction\",\"target\":{\"@type\":\"EntryPoint\",\"urlTemplate\":\"https:\\\/\\\/cortenstaalverkoop.nl\\\/?s={search_term_string}\"},\"query-input\":{\"@type\":\"PropertyValueSpecification\",\"valueRequired\":true,\"valueName\":\"search_term_string\"}}],\"inLanguage\":\"de\"},{\"@type\":\"Organization\",\"@id\":\"https:\\\/\\\/cortenstaalverkoop.nl\\\/#organization\",\"name\":\"Cortenstaalverkoop.nl\",\"url\":\"https:\\\/\\\/cortenstaalverkoop.nl\\\/\",\"logo\":{\"@type\":\"ImageObject\",\"inLanguage\":\"de\",\"@id\":\"https:\\\/\\\/cortenstaalverkoop.nl\\\/#\\\/schema\\\/logo\\\/image\\\/\",\"url\":\"https:\\\/\\\/cortenstaalverkoop.nl\\\/wp-content\\\/uploads\\\/2019\\\/11\\\/cortenstaal-logo-1.png\",\"contentUrl\":\"https:\\\/\\\/cortenstaalverkoop.nl\\\/wp-content\\\/uploads\\\/2019\\\/11\\\/cortenstaal-logo-1.png\",\"width\":480,\"height\":163,\"caption\":\"Cortenstaalverkoop.nl\"},\"image\":{\"@id\":\"https:\\\/\\\/cortenstaalverkoop.nl\\\/#\\\/schema\\\/logo\\\/image\\\/\"}}]}<\/script>\n<!-- \/ Yoast SEO plugin. -->","yoast_head_json":{"title":"Een cortenstaal buitenhaard koopt u bij cortenstaalverkoop.nl","description":"\u2705 Gartenkamin aus Cortenstahl in verschiedenen Formen und Gr\u00f6\u00dfen \u2705 Beste Qualit\u00e4t \u2705 5 Jahre Garantie! Bestellen Sie einfach und g\u00fcnstig bei cortenstaalverkoop.nl","robots":{"index":"index","follow":"follow","max-snippet":"max-snippet:-1","max-image-preview":"max-image-preview:large","max-video-preview":"max-video-preview:-1"},"canonical":"https:\/\/cortenstaalverkoop.nl\/de\/produkt\/feuerelemente\/cortenstahl-gartenkamin-mel\/","og_locale":"de_DE","og_type":"article","og_title":"Een cortenstaal buitenhaard koopt u bij cortenstaalverkoop.nl","og_description":"\u2705 Cortenstaal buitenhaard in diverse soorten en maten.\u2705 de beste kwaliteit \u2705 5 jaar garantie! Bestel eenvoudig en goedkoop bij cortenstaalverkoop.nl","og_url":"https:\/\/cortenstaalverkoop.nl\/de\/produkt\/feuerelemente\/cortenstahl-gartenkamin-mel\/","og_site_name":"Cortenstaalverkoop.nl","article_modified_time":"2026-04-13T14:02:29+00:00","og_image":[{"width":1935,"height":1935,"url":"https:\/\/cortenstaalverkoop.nl\/wp-content\/uploads\/2020\/09\/GA1DP.200.jpg","type":"image\/jpeg"}],"twitter_card":"summary_large_image","twitter_misc":{"Gesch\u00e4tzte Lesezeit":"2\u00a0Minuten"},"schema":{"@context":"https:\/\/schema.org","@graph":[{"@type":"WebPage","@id":"https:\/\/cortenstaalverkoop.nl\/product\/cortenstaal-buitenhaard\/","url":"https:\/\/cortenstaalverkoop.nl\/product\/cortenstaal-vuurelementen\/cortenstaal-buitenhaard-mel\/","name":"Een cortenstaal buitenhaard koopt u bij cortenstaalverkoop.nl","isPartOf":{"@id":"https:\/\/cortenstaalverkoop.nl\/#website"},"primaryImageOfPage":{"@id":"https:\/\/cortenstaalverkoop.nl\/product\/cortenstaal-vuurelementen\/cortenstaal-buitenhaard-mel\/#primaryimage"},"image":{"@id":"https:\/\/cortenstaalverkoop.nl\/product\/cortenstaal-vuurelementen\/cortenstaal-buitenhaard-mel\/#primaryimage"},"thumbnailUrl":"https:\/\/cortenstaalverkoop.nl\/wp-content\/uploads\/2020\/09\/GA1DP.200.jpg","datePublished":"2020-01-14T15:02:14+00:00","dateModified":"2026-04-13T14:02:29+00:00","description":"\u2705 Gartenkamin aus Cortenstahl in verschiedenen Formen und Gr\u00f6\u00dfen \u2705 Beste Qualit\u00e4t \u2705 5 Jahre Garantie! Bestellen Sie einfach und g\u00fcnstig bei cortenstaalverkoop.nl","breadcrumb":{"@id":"https:\/\/cortenstaalverkoop.nl\/product\/cortenstaal-vuurelementen\/cortenstaal-buitenhaard-mel\/#breadcrumb"},"inLanguage":"de","potentialAction":[{"@type":"ReadAction","target":["https:\/\/cortenstaalverkoop.nl\/product\/cortenstaal-vuurelementen\/cortenstaal-buitenhaard-mel\/"]}]},{"@type":"ImageObject","inLanguage":"de","@id":"https:\/\/cortenstaalverkoop.nl\/product\/cortenstaal-vuurelementen\/cortenstaal-buitenhaard-mel\/#primaryimage","url":"https:\/\/cortenstaalverkoop.nl\/wp-content\/uploads\/2020\/09\/GA1DP.200.jpg","contentUrl":"https:\/\/cortenstaalverkoop.nl\/wp-content\/uploads\/2020\/09\/GA1DP.200.jpg","width":1935,"height":1935,"caption":"Cortenstaal buitenhaard"},{"@type":"BreadcrumbList","@id":"https:\/\/cortenstaalverkoop.nl\/product\/cortenstaal-vuurelementen\/cortenstaal-buitenhaard-mel\/#breadcrumb","itemListElement":[{"@type":"ListItem","position":1,"name":"Home","item":"https:\/\/cortenstaalverkoop.nl\/"},{"@type":"ListItem","position":2,"name":"Assortiment","item":"https:\/\/cortenstaalverkoop.nl\/assortiment-cortenstaal\/"},{"@type":"ListItem","position":3,"name":"Cortenstaal buitenhaard"}]},{"@type":"WebSite","@id":"https:\/\/cortenstaalverkoop.nl\/#website","url":"https:\/\/cortenstaalverkoop.nl\/","name":"Cortenstaalverkoop.nl","description":"die cortenstaal-Spezialisten!","publisher":{"@id":"https:\/\/cortenstaalverkoop.nl\/#organization"},"potentialAction":[{"@type":"SearchAction","target":{"@type":"EntryPoint","urlTemplate":"https:\/\/cortenstaalverkoop.nl\/?s={search_term_string}"},"query-input":{"@type":"PropertyValueSpecification","valueRequired":true,"valueName":"search_term_string"}}],"inLanguage":"de"},{"@type":"Organization","@id":"https:\/\/cortenstaalverkoop.nl\/#organization","name":"Cortenstaalverkoop.nl","url":"https:\/\/cortenstaalverkoop.nl\/","logo":{"@type":"ImageObject","inLanguage":"de","@id":"https:\/\/cortenstaalverkoop.nl\/#\/schema\/logo\/image\/","url":"https:\/\/cortenstaalverkoop.nl\/wp-content\/uploads\/2019\/11\/cortenstaal-logo-1.png","contentUrl":"https:\/\/cortenstaalverkoop.nl\/wp-content\/uploads\/2019\/11\/cortenstaal-logo-1.png","width":480,"height":163,"caption":"Cortenstaalverkoop.nl"},"image":{"@id":"https:\/\/cortenstaalverkoop.nl\/#\/schema\/logo\/image\/"}}]}},"_links":{"self":[{"href":"https:\/\/cortenstaalverkoop.nl\/de\/wp-json\/wp\/v2\/product\/2282","targetHints":{"allow":["GET"]}}],"collection":[{"href":"https:\/\/cortenstaalverkoop.nl\/de\/wp-json\/wp\/v2\/product"}],"about":[{"href":"https:\/\/cortenstaalverkoop.nl\/de\/wp-json\/wp\/v2\/types\/product"}],"version-history":[{"count":21,"href":"https:\/\/cortenstaalverkoop.nl\/de\/wp-json\/wp\/v2\/product\/2282\/revisions"}],"predecessor-version":[{"id":2294,"href":"https:\/\/cortenstaalverkoop.nl\/de\/wp-json\/wp\/v2\/product\/2282\/revisions\/2294"}],"wp:featuredmedia":[{"embeddable":true,"href":"https:\/\/cortenstaalverkoop.nl\/de\/wp-json\/wp\/v2\/media\/5051"}],"wp:attachment":[{"href":"https:\/\/cortenstaalverkoop.nl\/de\/wp-json\/wp\/v2\/media?parent=2282"}],"wp:term":[{"taxonomy":"product_brand","embeddable":true,"href":"https:\/\/cortenstaalverkoop.nl\/de\/wp-json\/wp\/v2\/product_brand?post=2282"},{"taxonomy":"product_cat","embeddable":true,"href":"https:\/\/cortenstaalverkoop.nl\/de\/wp-json\/wp\/v2\/product_cat?post=2282"},{"taxonomy":"product_tag","embeddable":true,"href":"https:\/\/cortenstaalverkoop.nl\/de\/wp-json\/wp\/v2\/product_tag?post=2282"}],"curies":[{"name":"wp","href":"https:\/\/api.w.org\/{rel}","templated":true}]}}