{"id":3942,"date":"2020-02-19T13:08:16","date_gmt":"2020-02-19T12:08:16","guid":{"rendered":"https:\/\/cortenstaalverkoop.nl\/?post_type=product&#038;p=3942"},"modified":"2026-04-18T14:00:10","modified_gmt":"2026-04-18T12:00:10","slug":"cortenstahl-pizzaofen-dome","status":"publish","type":"product","link":"https:\/\/cortenstaalverkoop.nl\/de\/product\/cortenstaal-pizzaoven-dome\/","title":{"rendered":"Cortenstahl Pizzaofen Dome"},"content":{"rendered":"<h3 data-start=\"120\" data-end=\"150\"><strong data-start=\"120\" data-end=\"150\">Cortenstahl Pizzaofen Dome<\/strong><\/h3>\n<p data-start=\"152\" data-end=\"494\">Kreieren Sie die k\u00f6stlichsten Pizzen mit unserem authentischen, holzbefeuerten Cortenstahl Pizzaofen Dome. <strong data-start=\"253\" data-end=\"266\">Auch<\/strong> genie\u00dfen Sie ein k\u00f6stliches, stimmungsvolles Essen mit Freunden und Familie in Ihrem eigenen Garten. <strong data-start=\"364\" data-end=\"377\">Neben<\/strong> kann man problemlos zwei Pizzen gleichzeitig backen, die innerhalb weniger Minuten perfekt durchgebacken sind und eine knusprige Kruste bekommen.<\/p>\n<p data-start=\"496\" data-end=\"1156\">Die runde Kuppel dieses Pizzaofens aus Cortenstahl verleiht ihm <strong data-start=\"554\" data-end=\"569\">nicht nur<\/strong> ein robustes Aussehen, <strong data-start=\"594\" data-end=\"612\">sondern sorgt auch<\/strong> f\u00fcr optimale Luftzirkulation. <strong data-start=\"648\" data-end=\"662\">Erste<\/strong> wird der Pizzastein durch ein Feuer erhitzt. Anschlie\u00dfend wird brennendes Holz an der Ofenseite platziert. Die aufsteigende Hitze str\u00f6mt durch die Kuppel zum Abzug. So wird die Hitze gleichm\u00e4\u00dfig \u00fcber den Pizzastein verteilt und erm\u00f6glicht ein perfektes Backergebnis. Der Keramik-Pizzastein speichert die Hitze zudem hervorragend. Kurz gesagt: Der Dome bietet alles, was Sie f\u00fcr k\u00f6stliche Pizzen mit authentischem Geschmack ben\u00f6tigen. <strong data-start=\"981\" data-end=\"994\">Auch<\/strong> Der Keramik-Pizzastein speichert die Hitze zudem hervorragend. Kurz gesagt: Der Dome bietet alles, was Sie f\u00fcr k\u00f6stliche <a href=\"https:\/\/nl.wikipedia.org\/wiki\/Pizza_margherita\" target=\"_blank\" rel=\"noopener\">Pizzen<\/a> mit authentischem Geschmack ben\u00f6tigen.<\/p>\n<p data-start=\"1158\" data-end=\"1317\"><strong data-start=\"1158\" data-end=\"1171\">Neben<\/strong> sind f\u00fcr diesen Pizzaofen <a href=\"https:\/\/cortenstaalverkoop.nl\/product\/cortenstaal-onderstel\/\" target=\"_blank\" rel=\"noopener\">zwei verschiedene Basen<\/a> erh\u00e4ltlich in Cortenstahl, sodass Sie den Ofen problemlos auf der gew\u00fcnschten H\u00f6he platzieren k\u00f6nnen.<\/p>\n<h4 data-start=\"1319\" data-end=\"1354\"><strong data-start=\"1319\" data-end=\"1354\">Punkte Von Interesse Pizzaofen Kuppel:<\/strong><\/h4>\n<ul data-start=\"1355\" data-end=\"2325\">\n<li data-section-id=\"10d0avo\" data-start=\"1355\" data-end=\"1532\">Stellen Sie die Dome zun\u00e4chst auf eine stabile, hitzebest\u00e4ndige Unterlage. Alternativ k\u00f6nnen Sie unsere DOME-Stationen nutzen; dadurch schaffen Sie sofort zus\u00e4tzliche Arbeitsfl\u00e4che.<\/li>\n<li data-section-id=\"1ci479o\" data-start=\"1533\" data-end=\"1604\">Au\u00dferdem wird der Ofen inklusive Rauchrohr und Regenkappe geliefert.<\/li>\n<li data-section-id=\"i2lgiq\" data-start=\"1605\" data-end=\"1695\">Wenn die Kuppel unter einem Vordach aufgestellt wird, muss eine Dachabdeckung verwendet werden.<\/li>\n<li data-section-id=\"v6lcbr\" data-start=\"1696\" data-end=\"1788\">Alternativ kann man pro Meter Abgasrohr eine Wandhalterung verwenden oder sich f\u00fcr eine Dachdurchdringung entscheiden.<\/li>\n<li data-section-id=\"1m6nfy3\" data-start=\"1789\" data-end=\"1977\">Wichtig: Packen Sie die Produkte sofort nach Erhalt aus, damit keine Feuchtigkeit zwischen Verpackung und Produkt zur\u00fcckbleibt. Andernfalls k\u00f6nnen unregelm\u00e4\u00dfige Rostflecken entstehen.<\/li>\n<li data-section-id=\"2oixih\" data-start=\"1978\" data-end=\"2065\">Dar\u00fcber hinaus raten wir von der Verwendung von Cortenstahl in einem Umkreis von 2 km um die K\u00fcste ab.<\/li>\n<li data-section-id=\"bufizr\" data-start=\"2066\" data-end=\"2237\">Dar\u00fcber hinaus l\u00e4sst sich Rost mit Owatrol beseitigen. Dabei wird eine Schutzschicht gebildet, die daf\u00fcr sorgt, dass das Produkt gesch\u00fctzt bleibt und der Cortenstahl nicht mehr abreibt.<\/li>\n<li data-section-id=\"1lbzu2c\" data-start=\"2238\" data-end=\"2325\">Zum Schluss sollte der Backofen j\u00e4hrlich gereinigt werden, indem grober Schmutz mit Leitungswasser abgespritzt wird.<\/li>\n<\/ul>","protected":false},"excerpt":{"rendered":"<p>Der Cortenstahl Pizzaofen Dome bezieht sich auf traditionelle italienische holzbefeuerte Ziegel\u00f6fen. Der Pizzaofen ist 80 cm breit und 75 cm tief. Die H\u00f6he ohne Kamin betr\u00e4gt 44 cm und mit Kamin und Regenhaube 118 cm.<\/p>\n<h5>Spezifikationen:<\/h5>\n<ul>\n<li>5 Jahre Garantie.<\/li>\n<li>Der DOME wird verrostet geliefert.<\/li>\n<li>Pizzakapazit\u00e4t: 1-2<\/li>\n<li>Das Material des Pizzasteins ist Cordierit.<\/li>\n<li>Inklusive Kamin und Regenschutz.<\/li>\n<\/ul>","protected":false},"featured_media":10047,"template":"","meta":{"site-sidebar-layout":"default","site-content-layout":"default","ast-site-content-layout":"default","site-content-style":"default","site-sidebar-style":"default","ast-global-header-display":"","ast-banner-title-visibility":"","ast-main-header-display":"","ast-hfb-above-header-display":"","ast-hfb-below-header-display":"","ast-hfb-mobile-header-display":"","site-post-title":"","ast-breadcrumbs-content":"","ast-featured-img":"","footer-sml-layout":"","ast-disable-related-posts":"","theme-transparent-header-meta":"default","adv-header-id-meta":"","stick-header-meta":"","header-above-stick-meta":"","header-main-stick-meta":"","header-below-stick-meta":"","astra-migrate-meta-layouts":"set","ast-page-background-enabled":"default","ast-page-background-meta":{"desktop":{"background-color":"","background-image":"","background-repeat":"repeat","background-position":"center center","background-size":"auto","background-attachment":"scroll","background-type":"","background-media":"","overlay-type":"","overlay-color":"","overlay-opacity":"","overlay-gradient":""},"tablet":{"background-color":"","background-image":"","background-repeat":"repeat","background-position":"center center","background-size":"auto","background-attachment":"scroll","background-type":"","background-media":"","overlay-type":"","overlay-color":"","overlay-opacity":"","overlay-gradient":""},"mobile":{"background-color":"","background-image":"","background-repeat":"repeat","background-position":"center center","background-size":"auto","background-attachment":"scroll","background-type":"","background-media":"","overlay-type":"","overlay-color":"","overlay-opacity":"","overlay-gradient":""}},"ast-content-background-meta":{"desktop":{"background-color":"var(--ast-global-color-5)","background-image":"","background-repeat":"repeat","background-position":"center center","background-size":"auto","background-attachment":"scroll","background-type":"","background-media":"","overlay-type":"","overlay-color":"","overlay-opacity":"","overlay-gradient":""},"tablet":{"background-color":"var(--ast-global-color-5)","background-image":"","background-repeat":"repeat","background-position":"center center","background-size":"auto","background-attachment":"scroll","background-type":"","background-media":"","overlay-type":"","overlay-color":"","overlay-opacity":"","overlay-gradient":""},"mobile":{"background-color":"var(--ast-global-color-5)","background-image":"","background-repeat":"repeat","background-position":"center center","background-size":"auto","background-attachment":"scroll","background-type":"","background-media":"","overlay-type":"","overlay-color":"","overlay-opacity":"","overlay-gradient":""}}},"product_brand":[],"product_cat":[58],"product_tag":[],"class_list":{"0":"post-3942","1":"product","2":"type-product","3":"status-publish","4":"has-post-thumbnail","6":"product_cat-cortenstaal-vuurelementen","7":"product_shipping_class-fritom","8":"desktop-align-left","9":"tablet-align-left","10":"mobile-align-left","12":"first","13":"onbackorder","14":"taxable","15":"shipping-taxable","16":"purchasable","17":"product-type-simple"},"yoast_head":"<!-- This site is optimized with the Yoast SEO plugin v27.4 - https:\/\/yoast.com\/product\/yoast-seo-wordpress\/ -->\n<title>Cortenstaal pizzaoven Dome voordelig bij cortenstaalverkoop.nl<\/title>\n<meta name=\"description\" content=\"\u2705 Cortenstaal pizzaoven Dome houtgestookt \u2705 de beste kwaliteit \u2705 5 jaar garantie! Bestel uw Cortenstaal pizzaoven goedkoop bij cortenstaalverkoop.nl\" \/>\n<meta name=\"robots\" content=\"index, follow, max-snippet:-1, max-image-preview:large, max-video-preview:-1\" \/>\n<link rel=\"canonical\" href=\"https:\/\/cortenstaalverkoop.nl\/de\/produkt\/cortenstahl-pizzaofen-dome\/\" \/>\n<meta property=\"og:locale\" content=\"de_DE\" \/>\n<meta property=\"og:type\" content=\"article\" \/>\n<meta property=\"og:title\" content=\"Cortenstaal pizzaoven Dome voordelig bij cortenstaalverkoop.nl\" \/>\n<meta property=\"og:description\" content=\"\u2705 Cortenstaal pizzaoven Dome houtgestookt \u2705 de beste kwaliteit \u2705 5 jaar garantie! Bestel uw Cortenstaal pizzaoven goedkoop bij cortenstaalverkoop.nl\" \/>\n<meta property=\"og:url\" content=\"https:\/\/cortenstaalverkoop.nl\/de\/produkt\/cortenstahl-pizzaofen-dome\/\" \/>\n<meta property=\"og:site_name\" content=\"Cortenstaalverkoop.nl\" \/>\n<meta property=\"article:modified_time\" content=\"2026-04-18T12:00:10+00:00\" \/>\n<meta property=\"og:image\" content=\"https:\/\/cortenstaalverkoop.nl\/wp-content\/uploads\/2020\/02\/Pizzaoven-FD1.jpg\" \/>\n\t<meta property=\"og:image:width\" content=\"699\" \/>\n\t<meta property=\"og:image:height\" content=\"699\" \/>\n\t<meta property=\"og:image:type\" content=\"image\/jpeg\" \/>\n<meta name=\"twitter:card\" content=\"summary_large_image\" \/>\n<meta name=\"twitter:label1\" content=\"Gesch\u00e4tzte Lesezeit\" \/>\n\t<meta name=\"twitter:data1\" content=\"2\u00a0Minuten\" \/>\n<script type=\"application\/ld+json\" class=\"yoast-schema-graph\">{\"@context\":\"https:\\\/\\\/schema.org\",\"@graph\":[{\"@type\":\"WebPage\",\"@id\":\"https:\\\/\\\/cortenstaalverkoop.nl\\\/product\\\/cortenstaal-pizzaoven-dome\\\/\",\"url\":\"https:\\\/\\\/cortenstaalverkoop.nl\\\/product\\\/cortenstaal-pizzaoven-dome\\\/\",\"name\":\"Cortenstaal pizzaoven Dome voordelig bij cortenstaalverkoop.nl\",\"isPartOf\":{\"@id\":\"https:\\\/\\\/cortenstaalverkoop.nl\\\/#website\"},\"primaryImageOfPage\":{\"@id\":\"https:\\\/\\\/cortenstaalverkoop.nl\\\/product\\\/cortenstaal-pizzaoven-dome\\\/#primaryimage\"},\"image\":{\"@id\":\"https:\\\/\\\/cortenstaalverkoop.nl\\\/product\\\/cortenstaal-pizzaoven-dome\\\/#primaryimage\"},\"thumbnailUrl\":\"https:\\\/\\\/cortenstaalverkoop.nl\\\/wp-content\\\/uploads\\\/2020\\\/02\\\/Pizzaoven-FD1.jpg\",\"datePublished\":\"2020-02-19T12:08:16+00:00\",\"dateModified\":\"2026-04-18T12:00:10+00:00\",\"description\":\"\u2705 Cortenstaal pizzaoven Dome houtgestookt \u2705 de beste kwaliteit \u2705 5 jaar garantie! Bestel uw Cortenstaal pizzaoven goedkoop bij cortenstaalverkoop.nl\",\"breadcrumb\":{\"@id\":\"https:\\\/\\\/cortenstaalverkoop.nl\\\/product\\\/cortenstaal-pizzaoven-dome\\\/#breadcrumb\"},\"inLanguage\":\"de\",\"potentialAction\":[{\"@type\":\"ReadAction\",\"target\":[\"https:\\\/\\\/cortenstaalverkoop.nl\\\/product\\\/cortenstaal-pizzaoven-dome\\\/\"]}]},{\"@type\":\"ImageObject\",\"inLanguage\":\"de\",\"@id\":\"https:\\\/\\\/cortenstaalverkoop.nl\\\/product\\\/cortenstaal-pizzaoven-dome\\\/#primaryimage\",\"url\":\"https:\\\/\\\/cortenstaalverkoop.nl\\\/wp-content\\\/uploads\\\/2020\\\/02\\\/Pizzaoven-FD1.jpg\",\"contentUrl\":\"https:\\\/\\\/cortenstaalverkoop.nl\\\/wp-content\\\/uploads\\\/2020\\\/02\\\/Pizzaoven-FD1.jpg\",\"width\":699,\"height\":699,\"caption\":\"Cortenstaal pizzaoven Dome\"},{\"@type\":\"BreadcrumbList\",\"@id\":\"https:\\\/\\\/cortenstaalverkoop.nl\\\/product\\\/cortenstaal-pizzaoven-dome\\\/#breadcrumb\",\"itemListElement\":[{\"@type\":\"ListItem\",\"position\":1,\"name\":\"Home\",\"item\":\"https:\\\/\\\/cortenstaalverkoop.nl\\\/\"},{\"@type\":\"ListItem\",\"position\":2,\"name\":\"Assortiment\",\"item\":\"https:\\\/\\\/cortenstaalverkoop.nl\\\/assortiment-cortenstaal\\\/\"},{\"@type\":\"ListItem\",\"position\":3,\"name\":\"Cortenstaal pizzaoven Dome\"}]},{\"@type\":\"WebSite\",\"@id\":\"https:\\\/\\\/cortenstaalverkoop.nl\\\/#website\",\"url\":\"https:\\\/\\\/cortenstaalverkoop.nl\\\/\",\"name\":\"Cortenstaalverkoop.nl\",\"description\":\"de cortenstaal specialist!\",\"publisher\":{\"@id\":\"https:\\\/\\\/cortenstaalverkoop.nl\\\/#organization\"},\"potentialAction\":[{\"@type\":\"SearchAction\",\"target\":{\"@type\":\"EntryPoint\",\"urlTemplate\":\"https:\\\/\\\/cortenstaalverkoop.nl\\\/?s={search_term_string}\"},\"query-input\":{\"@type\":\"PropertyValueSpecification\",\"valueRequired\":true,\"valueName\":\"search_term_string\"}}],\"inLanguage\":\"de\"},{\"@type\":\"Organization\",\"@id\":\"https:\\\/\\\/cortenstaalverkoop.nl\\\/#organization\",\"name\":\"Cortenstaalverkoop.nl\",\"url\":\"https:\\\/\\\/cortenstaalverkoop.nl\\\/\",\"logo\":{\"@type\":\"ImageObject\",\"inLanguage\":\"de\",\"@id\":\"https:\\\/\\\/cortenstaalverkoop.nl\\\/#\\\/schema\\\/logo\\\/image\\\/\",\"url\":\"https:\\\/\\\/cortenstaalverkoop.nl\\\/wp-content\\\/uploads\\\/2019\\\/11\\\/cortenstaal-logo-1.png\",\"contentUrl\":\"https:\\\/\\\/cortenstaalverkoop.nl\\\/wp-content\\\/uploads\\\/2019\\\/11\\\/cortenstaal-logo-1.png\",\"width\":480,\"height\":163,\"caption\":\"Cortenstaalverkoop.nl\"},\"image\":{\"@id\":\"https:\\\/\\\/cortenstaalverkoop.nl\\\/#\\\/schema\\\/logo\\\/image\\\/\"}}]}<\/script>\n<!-- \/ Yoast SEO plugin. -->","yoast_head_json":{"title":"Corten-Stahl-pizza-Ofen-Dome cortenstaalverkoop.nl","description":"\u2705 Corten-Stahl-pizza-Ofen-Dome-Holzofen \u2705 beste Qualit\u00e4t \u2705 5 Jahre Garantie! Um Ihr Corten-Stahl-pizza-Ofen Billig cortenstaalverkoop.nl","robots":{"index":"index","follow":"follow","max-snippet":"max-snippet:-1","max-image-preview":"max-image-preview:large","max-video-preview":"max-video-preview:-1"},"canonical":"https:\/\/cortenstaalverkoop.nl\/de\/produkt\/cortenstahl-pizzaofen-dome\/","og_locale":"de_DE","og_type":"article","og_title":"Cortenstaal pizzaoven Dome voordelig bij cortenstaalverkoop.nl","og_description":"\u2705 Cortenstaal pizzaoven Dome houtgestookt \u2705 de beste kwaliteit \u2705 5 jaar garantie! Bestel uw Cortenstaal pizzaoven goedkoop bij cortenstaalverkoop.nl","og_url":"https:\/\/cortenstaalverkoop.nl\/de\/produkt\/cortenstahl-pizzaofen-dome\/","og_site_name":"Cortenstaalverkoop.nl","article_modified_time":"2026-04-18T12:00:10+00:00","og_image":[{"width":699,"height":699,"url":"https:\/\/cortenstaalverkoop.nl\/wp-content\/uploads\/2020\/02\/Pizzaoven-FD1.jpg","type":"image\/jpeg"}],"twitter_card":"summary_large_image","twitter_misc":{"Gesch\u00e4tzte Lesezeit":"2\u00a0Minuten"},"schema":{"@context":"https:\/\/schema.org","@graph":[{"@type":"WebPage","@id":"https:\/\/cortenstaalverkoop.nl\/product\/cortenstaal-pizzaoven-dome\/","url":"https:\/\/cortenstaalverkoop.nl\/product\/cortenstaal-pizzaoven-dome\/","name":"Corten-Stahl-pizza-Ofen-Dome cortenstaalverkoop.nl","isPartOf":{"@id":"https:\/\/cortenstaalverkoop.nl\/#website"},"primaryImageOfPage":{"@id":"https:\/\/cortenstaalverkoop.nl\/product\/cortenstaal-pizzaoven-dome\/#primaryimage"},"image":{"@id":"https:\/\/cortenstaalverkoop.nl\/product\/cortenstaal-pizzaoven-dome\/#primaryimage"},"thumbnailUrl":"https:\/\/cortenstaalverkoop.nl\/wp-content\/uploads\/2020\/02\/Pizzaoven-FD1.jpg","datePublished":"2020-02-19T12:08:16+00:00","dateModified":"2026-04-18T12:00:10+00:00","description":"\u2705 Corten-Stahl-pizza-Ofen-Dome-Holzofen \u2705 beste Qualit\u00e4t \u2705 5 Jahre Garantie! Um Ihr Corten-Stahl-pizza-Ofen Billig cortenstaalverkoop.nl","breadcrumb":{"@id":"https:\/\/cortenstaalverkoop.nl\/product\/cortenstaal-pizzaoven-dome\/#breadcrumb"},"inLanguage":"de","potentialAction":[{"@type":"ReadAction","target":["https:\/\/cortenstaalverkoop.nl\/product\/cortenstaal-pizzaoven-dome\/"]}]},{"@type":"ImageObject","inLanguage":"de","@id":"https:\/\/cortenstaalverkoop.nl\/product\/cortenstaal-pizzaoven-dome\/#primaryimage","url":"https:\/\/cortenstaalverkoop.nl\/wp-content\/uploads\/2020\/02\/Pizzaoven-FD1.jpg","contentUrl":"https:\/\/cortenstaalverkoop.nl\/wp-content\/uploads\/2020\/02\/Pizzaoven-FD1.jpg","width":699,"height":699,"caption":"Cortenstaal pizzaoven Dome"},{"@type":"BreadcrumbList","@id":"https:\/\/cortenstaalverkoop.nl\/product\/cortenstaal-pizzaoven-dome\/#breadcrumb","itemListElement":[{"@type":"ListItem","position":1,"name":"Home","item":"https:\/\/cortenstaalverkoop.nl\/"},{"@type":"ListItem","position":2,"name":"Assortiment","item":"https:\/\/cortenstaalverkoop.nl\/assortiment-cortenstaal\/"},{"@type":"ListItem","position":3,"name":"Cortenstaal pizzaoven Dome"}]},{"@type":"WebSite","@id":"https:\/\/cortenstaalverkoop.nl\/#website","url":"https:\/\/cortenstaalverkoop.nl\/","name":"Cortenstaalverkoop.nl","description":"die cortenstaal-Spezialisten!","publisher":{"@id":"https:\/\/cortenstaalverkoop.nl\/#organization"},"potentialAction":[{"@type":"SearchAction","target":{"@type":"EntryPoint","urlTemplate":"https:\/\/cortenstaalverkoop.nl\/?s={search_term_string}"},"query-input":{"@type":"PropertyValueSpecification","valueRequired":true,"valueName":"search_term_string"}}],"inLanguage":"de"},{"@type":"Organization","@id":"https:\/\/cortenstaalverkoop.nl\/#organization","name":"Cortenstaalverkoop.nl","url":"https:\/\/cortenstaalverkoop.nl\/","logo":{"@type":"ImageObject","inLanguage":"de","@id":"https:\/\/cortenstaalverkoop.nl\/#\/schema\/logo\/image\/","url":"https:\/\/cortenstaalverkoop.nl\/wp-content\/uploads\/2019\/11\/cortenstaal-logo-1.png","contentUrl":"https:\/\/cortenstaalverkoop.nl\/wp-content\/uploads\/2019\/11\/cortenstaal-logo-1.png","width":480,"height":163,"caption":"Cortenstaalverkoop.nl"},"image":{"@id":"https:\/\/cortenstaalverkoop.nl\/#\/schema\/logo\/image\/"}}]}},"_links":{"self":[{"href":"https:\/\/cortenstaalverkoop.nl\/de\/wp-json\/wp\/v2\/product\/3942","targetHints":{"allow":["GET"]}}],"collection":[{"href":"https:\/\/cortenstaalverkoop.nl\/de\/wp-json\/wp\/v2\/product"}],"about":[{"href":"https:\/\/cortenstaalverkoop.nl\/de\/wp-json\/wp\/v2\/types\/product"}],"version-history":[{"count":24,"href":"https:\/\/cortenstaalverkoop.nl\/de\/wp-json\/wp\/v2\/product\/3942\/revisions"}],"predecessor-version":[{"id":11203,"href":"https:\/\/cortenstaalverkoop.nl\/de\/wp-json\/wp\/v2\/product\/3942\/revisions\/11203"}],"wp:featuredmedia":[{"embeddable":true,"href":"https:\/\/cortenstaalverkoop.nl\/de\/wp-json\/wp\/v2\/media\/10047"}],"wp:attachment":[{"href":"https:\/\/cortenstaalverkoop.nl\/de\/wp-json\/wp\/v2\/media?parent=3942"}],"wp:term":[{"taxonomy":"product_brand","embeddable":true,"href":"https:\/\/cortenstaalverkoop.nl\/de\/wp-json\/wp\/v2\/product_brand?post=3942"},{"taxonomy":"product_cat","embeddable":true,"href":"https:\/\/cortenstaalverkoop.nl\/de\/wp-json\/wp\/v2\/product_cat?post=3942"},{"taxonomy":"product_tag","embeddable":true,"href":"https:\/\/cortenstaalverkoop.nl\/de\/wp-json\/wp\/v2\/product_tag?post=3942"}],"curies":[{"name":"wp","href":"https:\/\/api.w.org\/{rel}","templated":true}]}}