{"id":4172,"date":"2020-02-28T12:23:53","date_gmt":"2020-02-28T11:23:53","guid":{"rendered":"https:\/\/cortenstaalverkoop.nl\/?post_type=product&#038;p=4172"},"modified":"2026-03-27T16:38:45","modified_gmt":"2026-03-27T15:38:45","slug":"cortenstahl-blumentopf-vidar","status":"publish","type":"product","link":"https:\/\/cortenstaalverkoop.nl\/de\/product\/cortenstaal-bloempot-vidar\/","title":{"rendered":"Cortenstahl Blumentopf Vidar"},"content":{"rendered":"<p>Der Cortenstahl Blumentopf Vidar ist in 5 verschiedenen Gr\u00f6\u00dfen erh\u00e4ltlich und l\u00e4sst sich ganz einfach auf Ihrem Balkon, Ihrer Terrasse oder im Garten platzieren. Ein Satz <a href=\"https:\/\/cortenstaalverkoop.nl\/cortenstaal\/cortenstaal-plantenbakken\/\">Cortenstahl Pflanzk\u00fcbel<\/a> auch am Eingang Ihres Unternehmens ein sch\u00f6ner Blickfang sein. Dieser Blumentopf Vidar aus Cortenstahl hat die Facettenform eines Diamanten. Materialst\u00e4rke des Blumentopfs betr\u00e4gt 3 mm.<\/p>\n<p>Cortenstahl ist eine sehr starke Stahlsorte, die die Eigenschaft besitzt, sich bei Kontakt mit der Au\u00dfenluft mit einer sch\u00fctzenden Rostschicht zu \u00fcberziehen. Diese nat\u00fcrliche feste Rostschicht bildet den Schutz vor weiterer Korrosion. Charakteristisch f\u00fcr Cortenstahl ist die braun-orange Rostfarbe und die hohe Lebensdauer.<br \/>\nUnsere Cortenstahl-Produkte werden rostfrei geliefert. Der Rostprozess dauert dann ca. 4 Monate.<\/p>\n<h3>Pflanztipps:<\/h3>\n<ul>\n<li>Den Boden mit einer Kiesschicht, \u00d8 35 mm, versehen.<\/li>\n<li>Verwenden Sie kein \u00dcberlaufrohr, da kein Wasser im Beh\u00e4lter zur\u00fcckbleiben darf.<\/li>\n<li>\u00dcber den Kies wird ein wasserdurchl\u00e4ssiges Antiwurzeltuch gelegt.<\/li>\n<li>Dann die Erde, die f\u00fcr die gew\u00e4hlte Bepflanzung geeignet ist.<\/li>\n<\/ul>\n<h4>Wichtig:<\/h4>\n<p>Auf gute Drainage achten (L\u00f6cher im Boden serienm\u00e4\u00dfig ab Produktion), kein \u00fcbersch\u00fcssiges Wasser sollte im Pflanzgef\u00e4\u00df verbleiben, da das Material dann durch die Kombination von Sauerstoff und Erde zu rosten beginnen kann.<br \/>\nKeine Hydrok\u00f6rner verwenden, da diese Feuchtigkeit speichern.<br \/>\nPacken Sie den Blumentopf sofort nach der Lieferung aus, damit die Feuchtigkeit zwischen Verpackung und Produkt verdunsten kann. Dies kann ungleichm\u00e4\u00dfige Rost- und Fleckenbildung verursachen. Das Pflanzgef\u00e4\u00df kann w\u00e4hrend des Rostprozesses nachgeben.<\/p>\n<h5>Produktinfo Cortenstahl:<\/h5>\n<p><a href=\"https:\/\/nl.wikipedia.org\/wiki\/Cortenstaal\" target=\"_blank\" rel=\"noopener noreferrer\">Cor-Ten-Stahl<\/a> auch als wetterfester Stahl bekannt. Es handelt sich um eine Metalllegierung aus Eisen, dem Kupfer, Silizium, Nickel und Chrom zugesetzt wurden. Cortenstahl ist eine sehr feste Stahlsorte. Denn es hat die Eigenschaft, sich an der Au\u00dfenluft mit einer sch\u00fctzenden Rostschicht zu bedecken. Diese nat\u00fcrliche feste Rostschicht bildet den Schutz gegen weitere Korrosion.<\/p>\n<p>Der Versand nach Deutschland kostet ab 280 \u20ac f\u00fcr die gesamte Bestellung. Die Versandkosten f\u00fcr ein einzelnes P\u00e4ckchen betragen 45 \u20ac.<\/p>","protected":false},"excerpt":{"rendered":"<p>Der Cortenstahl Blumentopf Vidar ist in 5 verschiedenen Gr\u00f6\u00dfen erh\u00e4ltlich und l\u00e4sst sich so einfach auf Ihrem Balkon, Ihrer Terrasse oder im Garten platzieren. Ein Set Blument\u00f6pfe aus Cortenstahl kann auch am Eingang Ihres Unternehmens ein sch\u00f6ner Blickfang sein. Dieser Blumentopf aus Cortenstahl hat die Facettenform eines Diamanten. Materialst\u00e4rke dieses Blumentopfs betr\u00e4gt 3 mm. Der angegebene Durchmesser gilt oben.<\/p>\n<p><strong>Vorteile:<\/strong><\/p>\n<ul>\n<li>Sehr stark und abriebfest<\/li>\n<li>wartungsarm<\/li>\n<li>Wetterfestes und sehr langlebiges Material<\/li>\n<li>Warmes und nat\u00fcrliches Aussehen<\/li>\n<li>Standardm\u00e4\u00dfig befinden sich unter den Pflanzk\u00fcbel 15 mm F\u00fc\u00dfe f\u00fcr eine gute Entw\u00e4sserung.<\/li>\n<li>Individualisierung m\u00f6glich, mit oder ohne Boden.<\/li>\n<li>Wir verwenden nur Cortenstahl S355JOWP<\/li>\n<li>5 Jahre Garantie!<\/li>\n<\/ul>","protected":false},"featured_media":4175,"template":"","meta":{"site-sidebar-layout":"default","site-content-layout":"default","ast-site-content-layout":"default","site-content-style":"default","site-sidebar-style":"default","ast-global-header-display":"","ast-banner-title-visibility":"","ast-main-header-display":"","ast-hfb-above-header-display":"","ast-hfb-below-header-display":"","ast-hfb-mobile-header-display":"","site-post-title":"","ast-breadcrumbs-content":"","ast-featured-img":"","footer-sml-layout":"","ast-disable-related-posts":"","theme-transparent-header-meta":"default","adv-header-id-meta":"","stick-header-meta":"","header-above-stick-meta":"","header-main-stick-meta":"","header-below-stick-meta":"","astra-migrate-meta-layouts":"set","ast-page-background-enabled":"default","ast-page-background-meta":{"desktop":{"background-color":"","background-image":"","background-repeat":"repeat","background-position":"center center","background-size":"auto","background-attachment":"scroll","background-type":"","background-media":"","overlay-type":"","overlay-color":"","overlay-opacity":"","overlay-gradient":""},"tablet":{"background-color":"","background-image":"","background-repeat":"repeat","background-position":"center center","background-size":"auto","background-attachment":"scroll","background-type":"","background-media":"","overlay-type":"","overlay-color":"","overlay-opacity":"","overlay-gradient":""},"mobile":{"background-color":"","background-image":"","background-repeat":"repeat","background-position":"center center","background-size":"auto","background-attachment":"scroll","background-type":"","background-media":"","overlay-type":"","overlay-color":"","overlay-opacity":"","overlay-gradient":""}},"ast-content-background-meta":{"desktop":{"background-color":"var(--ast-global-color-5)","background-image":"","background-repeat":"repeat","background-position":"center center","background-size":"auto","background-attachment":"scroll","background-type":"","background-media":"","overlay-type":"","overlay-color":"","overlay-opacity":"","overlay-gradient":""},"tablet":{"background-color":"var(--ast-global-color-5)","background-image":"","background-repeat":"repeat","background-position":"center center","background-size":"auto","background-attachment":"scroll","background-type":"","background-media":"","overlay-type":"","overlay-color":"","overlay-opacity":"","overlay-gradient":""},"mobile":{"background-color":"var(--ast-global-color-5)","background-image":"","background-repeat":"repeat","background-position":"center center","background-size":"auto","background-attachment":"scroll","background-type":"","background-media":"","overlay-type":"","overlay-color":"","overlay-opacity":"","overlay-gradient":""}}},"product_brand":[],"product_cat":[57],"product_tag":[],"class_list":{"0":"post-4172","1":"product","2":"type-product","3":"status-publish","4":"has-post-thumbnail","6":"product_cat-cortenstaal-plantenbakken","7":"product_shipping_class-fritom","8":"desktop-align-left","9":"tablet-align-left","10":"mobile-align-left","12":"first","13":"instock","14":"taxable","15":"shipping-taxable","16":"purchasable","17":"product-type-variable"},"yoast_head":"<!-- This site is optimized with the Yoast SEO plugin v27.4 - https:\/\/yoast.com\/product\/yoast-seo-wordpress\/ -->\n<title>Cortenstaal bloempot Vidar, goedkoop bij cortenstaalverkoop.nl<\/title>\n<meta name=\"description\" content=\"\u2705 Cortenstaal bloempot Vidar in diverse maten.\u2705 de beste kwaliteit \u2705 5 jaar garantie! Bestel uw cortenstaal bloempot goedkoop bij cortenstaalverkoop.nl!\" \/>\n<meta name=\"robots\" content=\"index, follow, max-snippet:-1, max-image-preview:large, max-video-preview:-1\" \/>\n<link rel=\"canonical\" href=\"https:\/\/cortenstaalverkoop.nl\/de\/produkt\/cortenstahl-blumentopf-vidar\/\" \/>\n<meta property=\"og:locale\" content=\"de_DE\" \/>\n<meta property=\"og:type\" content=\"article\" \/>\n<meta property=\"og:title\" content=\"Cortenstaal bloempot Vidar, goedkoop bij cortenstaalverkoop.nl\" \/>\n<meta property=\"og:description\" content=\"\u2705 Cortenstaal bloempot Vidar in diverse maten.\u2705 de beste kwaliteit \u2705 5 jaar garantie! Bestel uw cortenstaal bloempot goedkoop bij cortenstaalverkoop.nl!\" \/>\n<meta property=\"og:url\" content=\"https:\/\/cortenstaalverkoop.nl\/de\/produkt\/cortenstahl-blumentopf-vidar\/\" \/>\n<meta property=\"og:site_name\" content=\"Cortenstaalverkoop.nl\" \/>\n<meta property=\"article:modified_time\" content=\"2026-03-27T15:38:45+00:00\" \/>\n<meta property=\"og:image\" content=\"https:\/\/cortenstaalverkoop.nl\/wp-content\/uploads\/2020\/02\/Facet-3-C.png\" \/>\n\t<meta property=\"og:image:width\" content=\"699\" \/>\n\t<meta property=\"og:image:height\" content=\"699\" \/>\n\t<meta property=\"og:image:type\" content=\"image\/png\" \/>\n<meta name=\"twitter:card\" content=\"summary_large_image\" \/>\n<meta name=\"twitter:label1\" content=\"Gesch\u00e4tzte Lesezeit\" \/>\n\t<meta name=\"twitter:data1\" content=\"2\u00a0Minuten\" \/>\n<script type=\"application\/ld+json\" class=\"yoast-schema-graph\">{\"@context\":\"https:\\\/\\\/schema.org\",\"@graph\":[{\"@type\":\"WebPage\",\"@id\":\"https:\\\/\\\/cortenstaalverkoop.nl\\\/product\\\/cortenstaal-bloempot-vidar\\\/\",\"url\":\"https:\\\/\\\/cortenstaalverkoop.nl\\\/product\\\/cortenstaal-bloempot-vidar\\\/\",\"name\":\"Cortenstaal bloempot Vidar, goedkoop bij cortenstaalverkoop.nl\",\"isPartOf\":{\"@id\":\"https:\\\/\\\/cortenstaalverkoop.nl\\\/#website\"},\"primaryImageOfPage\":{\"@id\":\"https:\\\/\\\/cortenstaalverkoop.nl\\\/product\\\/cortenstaal-bloempot-vidar\\\/#primaryimage\"},\"image\":{\"@id\":\"https:\\\/\\\/cortenstaalverkoop.nl\\\/product\\\/cortenstaal-bloempot-vidar\\\/#primaryimage\"},\"thumbnailUrl\":\"https:\\\/\\\/cortenstaalverkoop.nl\\\/wp-content\\\/uploads\\\/2020\\\/02\\\/Facet-3-C.png\",\"datePublished\":\"2020-02-28T11:23:53+00:00\",\"dateModified\":\"2026-03-27T15:38:45+00:00\",\"description\":\"\u2705 Cortenstaal bloempot Vidar in diverse maten.\u2705 de beste kwaliteit \u2705 5 jaar garantie! Bestel uw cortenstaal bloempot goedkoop bij cortenstaalverkoop.nl!\",\"breadcrumb\":{\"@id\":\"https:\\\/\\\/cortenstaalverkoop.nl\\\/product\\\/cortenstaal-bloempot-vidar\\\/#breadcrumb\"},\"inLanguage\":\"de\",\"potentialAction\":[{\"@type\":\"ReadAction\",\"target\":[\"https:\\\/\\\/cortenstaalverkoop.nl\\\/product\\\/cortenstaal-bloempot-vidar\\\/\"]}]},{\"@type\":\"ImageObject\",\"inLanguage\":\"de\",\"@id\":\"https:\\\/\\\/cortenstaalverkoop.nl\\\/product\\\/cortenstaal-bloempot-vidar\\\/#primaryimage\",\"url\":\"https:\\\/\\\/cortenstaalverkoop.nl\\\/wp-content\\\/uploads\\\/2020\\\/02\\\/Facet-3-C.png\",\"contentUrl\":\"https:\\\/\\\/cortenstaalverkoop.nl\\\/wp-content\\\/uploads\\\/2020\\\/02\\\/Facet-3-C.png\",\"width\":699,\"height\":699,\"caption\":\"Cortenstaal bloempot Vidar\"},{\"@type\":\"BreadcrumbList\",\"@id\":\"https:\\\/\\\/cortenstaalverkoop.nl\\\/product\\\/cortenstaal-bloempot-vidar\\\/#breadcrumb\",\"itemListElement\":[{\"@type\":\"ListItem\",\"position\":1,\"name\":\"Home\",\"item\":\"https:\\\/\\\/cortenstaalverkoop.nl\\\/\"},{\"@type\":\"ListItem\",\"position\":2,\"name\":\"Assortiment\",\"item\":\"https:\\\/\\\/cortenstaalverkoop.nl\\\/assortiment-cortenstaal\\\/\"},{\"@type\":\"ListItem\",\"position\":3,\"name\":\"Cortenstaal bloempot Vidar\"}]},{\"@type\":\"WebSite\",\"@id\":\"https:\\\/\\\/cortenstaalverkoop.nl\\\/#website\",\"url\":\"https:\\\/\\\/cortenstaalverkoop.nl\\\/\",\"name\":\"Cortenstaalverkoop.nl\",\"description\":\"de cortenstaal specialist!\",\"publisher\":{\"@id\":\"https:\\\/\\\/cortenstaalverkoop.nl\\\/#organization\"},\"potentialAction\":[{\"@type\":\"SearchAction\",\"target\":{\"@type\":\"EntryPoint\",\"urlTemplate\":\"https:\\\/\\\/cortenstaalverkoop.nl\\\/?s={search_term_string}\"},\"query-input\":{\"@type\":\"PropertyValueSpecification\",\"valueRequired\":true,\"valueName\":\"search_term_string\"}}],\"inLanguage\":\"de\"},{\"@type\":\"Organization\",\"@id\":\"https:\\\/\\\/cortenstaalverkoop.nl\\\/#organization\",\"name\":\"Cortenstaalverkoop.nl\",\"url\":\"https:\\\/\\\/cortenstaalverkoop.nl\\\/\",\"logo\":{\"@type\":\"ImageObject\",\"inLanguage\":\"de\",\"@id\":\"https:\\\/\\\/cortenstaalverkoop.nl\\\/#\\\/schema\\\/logo\\\/image\\\/\",\"url\":\"https:\\\/\\\/cortenstaalverkoop.nl\\\/wp-content\\\/uploads\\\/2019\\\/11\\\/cortenstaal-logo-1.png\",\"contentUrl\":\"https:\\\/\\\/cortenstaalverkoop.nl\\\/wp-content\\\/uploads\\\/2019\\\/11\\\/cortenstaal-logo-1.png\",\"width\":480,\"height\":163,\"caption\":\"Cortenstaalverkoop.nl\"},\"image\":{\"@id\":\"https:\\\/\\\/cortenstaalverkoop.nl\\\/#\\\/schema\\\/logo\\\/image\\\/\"}}]}<\/script>\n<!-- \/ Yoast SEO plugin. -->","yoast_head_json":{"title":"Blumentopf aus Cortenstahl Vidar, g\u00fcnstig bei cortenstaalverkoop.nl","description":"\u2705 Cortenstahl Blumentopf Vidar in verschiedenen Gr\u00f6\u00dfen \u2705 Beste Qualit\u00e4t \u2705 5 Jahre Garantie! Bestellen Sie Ihren Blumentopf aus Cortenstahl g\u00fcnstig bei cortenstaalverkoop.nl!","robots":{"index":"index","follow":"follow","max-snippet":"max-snippet:-1","max-image-preview":"max-image-preview:large","max-video-preview":"max-video-preview:-1"},"canonical":"https:\/\/cortenstaalverkoop.nl\/de\/produkt\/cortenstahl-blumentopf-vidar\/","og_locale":"de_DE","og_type":"article","og_title":"Cortenstaal bloempot Vidar, goedkoop bij cortenstaalverkoop.nl","og_description":"\u2705 Cortenstaal bloempot Vidar in diverse maten.\u2705 de beste kwaliteit \u2705 5 jaar garantie! Bestel uw cortenstaal bloempot goedkoop bij cortenstaalverkoop.nl!","og_url":"https:\/\/cortenstaalverkoop.nl\/de\/produkt\/cortenstahl-blumentopf-vidar\/","og_site_name":"Cortenstaalverkoop.nl","article_modified_time":"2026-03-27T15:38:45+00:00","og_image":[{"width":699,"height":699,"url":"https:\/\/cortenstaalverkoop.nl\/wp-content\/uploads\/2020\/02\/Facet-3-C.png","type":"image\/png"}],"twitter_card":"summary_large_image","twitter_misc":{"Gesch\u00e4tzte Lesezeit":"2\u00a0Minuten"},"schema":{"@context":"https:\/\/schema.org","@graph":[{"@type":"WebPage","@id":"https:\/\/cortenstaalverkoop.nl\/product\/cortenstaal-bloempot-vidar\/","url":"https:\/\/cortenstaalverkoop.nl\/product\/cortenstaal-bloempot-vidar\/","name":"Blumentopf aus Cortenstahl Vidar, g\u00fcnstig bei cortenstaalverkoop.nl","isPartOf":{"@id":"https:\/\/cortenstaalverkoop.nl\/#website"},"primaryImageOfPage":{"@id":"https:\/\/cortenstaalverkoop.nl\/product\/cortenstaal-bloempot-vidar\/#primaryimage"},"image":{"@id":"https:\/\/cortenstaalverkoop.nl\/product\/cortenstaal-bloempot-vidar\/#primaryimage"},"thumbnailUrl":"https:\/\/cortenstaalverkoop.nl\/wp-content\/uploads\/2020\/02\/Facet-3-C.png","datePublished":"2020-02-28T11:23:53+00:00","dateModified":"2026-03-27T15:38:45+00:00","description":"\u2705 Cortenstahl Blumentopf Vidar in verschiedenen Gr\u00f6\u00dfen \u2705 Beste Qualit\u00e4t \u2705 5 Jahre Garantie! Bestellen Sie Ihren Blumentopf aus Cortenstahl g\u00fcnstig bei cortenstaalverkoop.nl!","breadcrumb":{"@id":"https:\/\/cortenstaalverkoop.nl\/product\/cortenstaal-bloempot-vidar\/#breadcrumb"},"inLanguage":"de","potentialAction":[{"@type":"ReadAction","target":["https:\/\/cortenstaalverkoop.nl\/product\/cortenstaal-bloempot-vidar\/"]}]},{"@type":"ImageObject","inLanguage":"de","@id":"https:\/\/cortenstaalverkoop.nl\/product\/cortenstaal-bloempot-vidar\/#primaryimage","url":"https:\/\/cortenstaalverkoop.nl\/wp-content\/uploads\/2020\/02\/Facet-3-C.png","contentUrl":"https:\/\/cortenstaalverkoop.nl\/wp-content\/uploads\/2020\/02\/Facet-3-C.png","width":699,"height":699,"caption":"Cortenstaal bloempot Vidar"},{"@type":"BreadcrumbList","@id":"https:\/\/cortenstaalverkoop.nl\/product\/cortenstaal-bloempot-vidar\/#breadcrumb","itemListElement":[{"@type":"ListItem","position":1,"name":"Home","item":"https:\/\/cortenstaalverkoop.nl\/"},{"@type":"ListItem","position":2,"name":"Assortiment","item":"https:\/\/cortenstaalverkoop.nl\/assortiment-cortenstaal\/"},{"@type":"ListItem","position":3,"name":"Cortenstaal bloempot Vidar"}]},{"@type":"WebSite","@id":"https:\/\/cortenstaalverkoop.nl\/#website","url":"https:\/\/cortenstaalverkoop.nl\/","name":"Cortenstaalverkoop.nl","description":"die cortenstaal-Spezialisten!","publisher":{"@id":"https:\/\/cortenstaalverkoop.nl\/#organization"},"potentialAction":[{"@type":"SearchAction","target":{"@type":"EntryPoint","urlTemplate":"https:\/\/cortenstaalverkoop.nl\/?s={search_term_string}"},"query-input":{"@type":"PropertyValueSpecification","valueRequired":true,"valueName":"search_term_string"}}],"inLanguage":"de"},{"@type":"Organization","@id":"https:\/\/cortenstaalverkoop.nl\/#organization","name":"Cortenstaalverkoop.nl","url":"https:\/\/cortenstaalverkoop.nl\/","logo":{"@type":"ImageObject","inLanguage":"de","@id":"https:\/\/cortenstaalverkoop.nl\/#\/schema\/logo\/image\/","url":"https:\/\/cortenstaalverkoop.nl\/wp-content\/uploads\/2019\/11\/cortenstaal-logo-1.png","contentUrl":"https:\/\/cortenstaalverkoop.nl\/wp-content\/uploads\/2019\/11\/cortenstaal-logo-1.png","width":480,"height":163,"caption":"Cortenstaalverkoop.nl"},"image":{"@id":"https:\/\/cortenstaalverkoop.nl\/#\/schema\/logo\/image\/"}}]}},"_links":{"self":[{"href":"https:\/\/cortenstaalverkoop.nl\/de\/wp-json\/wp\/v2\/product\/4172","targetHints":{"allow":["GET"]}}],"collection":[{"href":"https:\/\/cortenstaalverkoop.nl\/de\/wp-json\/wp\/v2\/product"}],"about":[{"href":"https:\/\/cortenstaalverkoop.nl\/de\/wp-json\/wp\/v2\/types\/product"}],"version-history":[{"count":14,"href":"https:\/\/cortenstaalverkoop.nl\/de\/wp-json\/wp\/v2\/product\/4172\/revisions"}],"predecessor-version":[{"id":4460,"href":"https:\/\/cortenstaalverkoop.nl\/de\/wp-json\/wp\/v2\/product\/4172\/revisions\/4460"}],"wp:featuredmedia":[{"embeddable":true,"href":"https:\/\/cortenstaalverkoop.nl\/de\/wp-json\/wp\/v2\/media\/4175"}],"wp:attachment":[{"href":"https:\/\/cortenstaalverkoop.nl\/de\/wp-json\/wp\/v2\/media?parent=4172"}],"wp:term":[{"taxonomy":"product_brand","embeddable":true,"href":"https:\/\/cortenstaalverkoop.nl\/de\/wp-json\/wp\/v2\/product_brand?post=4172"},{"taxonomy":"product_cat","embeddable":true,"href":"https:\/\/cortenstaalverkoop.nl\/de\/wp-json\/wp\/v2\/product_cat?post=4172"},{"taxonomy":"product_tag","embeddable":true,"href":"https:\/\/cortenstaalverkoop.nl\/de\/wp-json\/wp\/v2\/product_tag?post=4172"}],"curies":[{"name":"wp","href":"https:\/\/api.w.org\/{rel}","templated":true}]}}