{"id":4785,"date":"2020-06-06T21:24:30","date_gmt":"2020-06-06T19:24:30","guid":{"rendered":"https:\/\/cortenstaalverkoop.nl\/?post_type=product&#038;p=4785"},"modified":"2026-03-27T16:29:14","modified_gmt":"2026-03-27T15:29:14","slug":"cortenstahl-pflanzgefas-disa","status":"publish","type":"product","link":"https:\/\/cortenstaalverkoop.nl\/de\/product\/cortenstaal-plantenbak-disa\/","title":{"rendered":"Cortenstahl Pflanzgef\u00e4\u00df Disa"},"content":{"rendered":"<h3 data-start=\"117\" data-end=\"182\"><strong data-start=\"117\" data-end=\"182\">Cortenstahl Pflanzgef\u00e4\u00df Disa stilvoll, praktisch und langlebig<\/strong><\/h3>\n<p data-start=\"184\" data-end=\"462\">Der Cortenstahl Pflanzgef\u00e4\u00df Disa ist verf\u00fcgbar in <strong data-start=\"234\" data-end=\"262\">vier verschiedene Gr\u00f6\u00dfen<\/strong>. Als Ergebnis, es ist immer eine Gr\u00f6\u00dfe, die passt perfekt auf Ihren Balkon, Terrasse oder im Garten. Zus\u00e4tzlich, eine Reihe von Corten-Stahl Blume T\u00f6pfe k\u00f6nnen auch dazu dienen, als einem echten eye-catcher am Eingang Ihres Unternehmens. Sind Sie auf der Suche nach einem anderen Stil? Werfen Sie einen Blick auf unsere anderen <a href=\"https:\/\/cortenstaalverkoop.nl\/product\/cortenstaal-plantenbak-tap\/\" target=\"_blank\" rel=\"noopener\">design planters<\/a> f\u00fcr noch mehr inspiration.<\/p>\n<p data-start=\"464\" data-end=\"820\">Dar\u00fcber hinaus ist dieser Pflanzer ist ausgestattet mit einem <strong data-start=\"510\" data-end=\"549\">double gedreht oberen Rand von 5 cm<\/strong>, die bietet zus\u00e4tzliche Festigkeit und ein glattes finish. An der Unterseite sind <strong data-start=\"641\" data-end=\"671\">subtile Beine von 18 mm<\/strong>, die dazu beitragen, die optimale drainage. Die material Dicke ist standard <strong data-start=\"753\" data-end=\"761\">3 mm<\/strong>garantiert eine robuste und langlebige Qualit\u00e4t.<\/p>\n<h3 data-start=\"827\" data-end=\"850\"><strong data-start=\"827\" data-end=\"850\">Was ist cortenstahl?<\/strong><\/h3>\n<p data-start=\"852\" data-end=\"1141\">Corten-Stahl ist eine besonders starke Art von Stahl, die, einmal an die Au\u00dfenluft ausgesetzt ist, produziert ein <strong data-start=\"958\" data-end=\"984\">sch\u00fctzende rostschicht<\/strong> Formen. Diese Nat\u00fcrliche Schicht verhindert, dass weitere Korrosion. Charakteristisch f\u00fcr Cortenstahl sind daher die <strong data-start=\"1085\" data-end=\"1113\">warme Braun-orange Farbe<\/strong> und die <strong data-start=\"1120\" data-end=\"1140\">lange Lebensdauer<\/strong>.<\/p>\n<p data-start=\"1143\" data-end=\"1296\">Bitte beachten Sie: unser Cortenstahl-Produkte sind <strong data-start=\"1186\" data-end=\"1208\">geliefert ungest\u00f6rt<\/strong>. Anschlie\u00dfend werden die charakteristischen Rost Ebene entwickelt sich innerhalb von ca. <strong data-start=\"1282\" data-end=\"1295\">4 Monate<\/strong>.<\/p>\n<h3 data-start=\"1303\" data-end=\"1324\"><strong data-start=\"1303\" data-end=\"1324\">Pflanzung Beratung<\/strong><\/h3>\n<p data-start=\"1326\" data-end=\"1381\">F\u00fcr optimale Ergebnisse empfehlen wir, die folgenden:<\/p>\n<ul data-start=\"1383\" data-end=\"1655\">\n<li data-section-id=\"13mdxub\" data-start=\"1383\" data-end=\"1445\">Erstens: tragen Sie eine Schicht Kieselsteine (\u00d8 35 mm abstufung)<\/li>\n<li data-section-id=\"1p0hwq3\" data-start=\"1446\" data-end=\"1533\">Weiter: Platz <strong data-start=\"1467\" data-end=\"1490\">kein overflow pipe<\/strong> (Wasser sollte nicht bleiben in den Beh\u00e4lter)<\/li>\n<li data-section-id=\"q1lo7n\" data-start=\"1534\" data-end=\"1585\">Danach: legen Sie ein Wasser-durchl\u00e4ssigen anti-root-Tuch<\/li>\n<li data-section-id=\"1n6lfd4\" data-start=\"1586\" data-end=\"1655\">Schlie\u00dflich: f\u00fcllen Sie den Beh\u00e4lter mit dem Boden, geeignet f\u00fcr Ihre Pflanzung<\/li>\n<\/ul>\n<p data-start=\"1662\" data-end=\"1693\"><strong data-start=\"1662\" data-end=\"1693\">Wichtige Punkte der Aufmerksamkeit<\/strong><\/p>\n<ul data-start=\"1695\" data-end=\"2145\">\n<li data-section-id=\"55tqpq\" data-start=\"1695\" data-end=\"1783\">Immer eine gute drainage (Entw\u00e4sserung L\u00f6cher sind zur Verf\u00fcgung gestellt als standard)<\/li>\n<li data-section-id=\"55tqpq\" data-start=\"1695\" data-end=\"1783\">Verhindert, dass Wasser verbleibenden in die Pflanzer; dies kann dazu f\u00fchren, dass Rost in die lange laufen<\/li>\n<li data-section-id=\"55tqpq\" data-start=\"1695\" data-end=\"1783\">Nicht verwenden, hydro-Granulat, da Sie Feuchtigkeit zu bewahren.<\/li>\n<li data-section-id=\"55tqpq\" data-start=\"1695\" data-end=\"1783\">Hinweis: wir tun nicht empfehlen die Verwendung von Corten Stahl in einem Umkreis von 2 km von einer K\u00fcste, als salzige Luft kann Einfluss auf den Rost Prozess<\/li>\n<li data-section-id=\"55tqpq\" data-start=\"1695\" data-end=\"1783\">Entpacken Sie die Pflanzer unverz\u00fcglich nach der Lieferung, damit alle Feuchtigkeit entweichen kann<\/li>\n<li data-section-id=\"55tqpq\" data-start=\"1695\" data-end=\"1783\">Bitte beachten Sie, dass w\u00e4hrend der Rost-Prozess, der Pflanzer k\u00f6nnen geben Sie ab und Fleck<\/li>\n<\/ul>\n<h5>Produktinfo Cortenstahl:<\/h5>\n<p><a href=\"https:\/\/nl.wikipedia.org\/wiki\/Cortenstaal\" target=\"_blank\" rel=\"noopener noreferrer\">Cor-Ten-Stahl<\/a> auch als wetterfester Stahl bekannt. Es handelt sich um eine Metalllegierung aus Eisen, dem Kupfer, Silizium, Nickel und Chrom zugesetzt wurden. Cortenstahl ist eine sehr feste Stahlsorte. Denn es hat die Eigenschaft, sich an der Au\u00dfenluft mit einer sch\u00fctzenden Rostschicht zu bedecken. Diese nat\u00fcrliche feste Rostschicht bildet den Schutz gegen weitere Korrosion.<\/p>\n<p>F\u00fcr Lieferungen nach Deutschland und \u00d6sterreich gelten folgende Versandkosten pro Gesamtbestellung: kleine Pakete \u20ac45, leichter Transport \u20ac80, Standardtransport \u20ac280 und Schwertransport \u20ac380 (inklusive Lieferung mit Mitnahmestapler)<\/p>","protected":false},"excerpt":{"rendered":"<p>Der Cortenstahl Pflanzgef\u00e4\u00df Disa ist in 4 verschiedenen Gr\u00f6\u00dfen erh\u00e4ltlich und l\u00e4sst sich so einfach auf Ihrer Terrasse oder im Garten platzieren. Ein Set Pflanzgef\u00e4\u00dfe aus Cortenstahl kann auch am Eingang Ihres Unternehmens ein sch\u00f6ner Blickfang sein. Dieses Pflanzgef\u00e4\u00df Disa aus Cortenstahl hat eine obere Kante, doppelt gedreht von 5 cm. Unter den 18-mm-Pflanzgef\u00e4\u00dfen befinden sich kleine F\u00fc\u00dfe f\u00fcr eine gute Entw\u00e4sserung. Die Materialst\u00e4rke dieses Pflanzgef\u00e4\u00dfes betr\u00e4gt 3 mm. Der angegebene Durchmesser gilt oben.<\/p>\n<p><strong>Vorteile:<\/strong><\/p>\n<ul>\n<li><strong>Sehr stark<\/strong> und verschlei\u00dffest<\/li>\n<li>wartungsarm<\/li>\n<li>Wetterfestes und sehr langlebiges Material<\/li>\n<li>Warmes und nat\u00fcrliches Aussehen<\/li>\n<li>Wir verwenden nur Cortenstahl S355JOWP<\/li>\n<li>5 Jahre Garantie!<\/li>\n<\/ul>","protected":false},"featured_media":4788,"template":"","meta":{"site-sidebar-layout":"default","site-content-layout":"default","ast-site-content-layout":"default","site-content-style":"default","site-sidebar-style":"default","ast-global-header-display":"","ast-banner-title-visibility":"","ast-main-header-display":"","ast-hfb-above-header-display":"","ast-hfb-below-header-display":"","ast-hfb-mobile-header-display":"","site-post-title":"","ast-breadcrumbs-content":"","ast-featured-img":"","footer-sml-layout":"","ast-disable-related-posts":"","theme-transparent-header-meta":"default","adv-header-id-meta":"","stick-header-meta":"","header-above-stick-meta":"","header-main-stick-meta":"","header-below-stick-meta":"","astra-migrate-meta-layouts":"set","ast-page-background-enabled":"default","ast-page-background-meta":{"desktop":{"background-color":"","background-image":"","background-repeat":"repeat","background-position":"center center","background-size":"auto","background-attachment":"scroll","background-type":"","background-media":"","overlay-type":"","overlay-color":"","overlay-opacity":"","overlay-gradient":""},"tablet":{"background-color":"","background-image":"","background-repeat":"repeat","background-position":"center center","background-size":"auto","background-attachment":"scroll","background-type":"","background-media":"","overlay-type":"","overlay-color":"","overlay-opacity":"","overlay-gradient":""},"mobile":{"background-color":"","background-image":"","background-repeat":"repeat","background-position":"center center","background-size":"auto","background-attachment":"scroll","background-type":"","background-media":"","overlay-type":"","overlay-color":"","overlay-opacity":"","overlay-gradient":""}},"ast-content-background-meta":{"desktop":{"background-color":"var(--ast-global-color-5)","background-image":"","background-repeat":"repeat","background-position":"center center","background-size":"auto","background-attachment":"scroll","background-type":"","background-media":"","overlay-type":"","overlay-color":"","overlay-opacity":"","overlay-gradient":""},"tablet":{"background-color":"var(--ast-global-color-5)","background-image":"","background-repeat":"repeat","background-position":"center center","background-size":"auto","background-attachment":"scroll","background-type":"","background-media":"","overlay-type":"","overlay-color":"","overlay-opacity":"","overlay-gradient":""},"mobile":{"background-color":"var(--ast-global-color-5)","background-image":"","background-repeat":"repeat","background-position":"center center","background-size":"auto","background-attachment":"scroll","background-type":"","background-media":"","overlay-type":"","overlay-color":"","overlay-opacity":"","overlay-gradient":""}}},"product_brand":[],"product_cat":[57],"product_tag":[],"class_list":{"0":"post-4785","1":"product","2":"type-product","3":"status-publish","4":"has-post-thumbnail","6":"product_cat-cortenstaal-plantenbakken","7":"product_shipping_class-fritom","8":"desktop-align-left","9":"tablet-align-left","10":"mobile-align-left","12":"first","13":"instock","14":"taxable","15":"shipping-taxable","16":"purchasable","17":"product-type-variable"},"yoast_head":"<!-- This site is optimized with the Yoast SEO plugin v27.5 - https:\/\/yoast.com\/product\/yoast-seo-wordpress\/ -->\n<title>Cortenstaal plantenbak Disa, goedkoop bij cortenstaalverkoop.nl<\/title>\n<meta name=\"description\" content=\"\u2705 Cortenstaal plantenbak Disa in diverse maten.\u2705 de beste kwaliteit \u2705 5 jaar garantie! Bestel uw cortenstaal plantenbak goedkoop bij cortenstaalverkoop.nl!\" \/>\n<meta name=\"robots\" content=\"index, follow, max-snippet:-1, max-image-preview:large, max-video-preview:-1\" \/>\n<link rel=\"canonical\" href=\"https:\/\/cortenstaalverkoop.nl\/de\/produkt\/cortenstahl-pflanzgefas-disa\/\" \/>\n<meta property=\"og:locale\" content=\"de_DE\" \/>\n<meta property=\"og:type\" content=\"article\" \/>\n<meta property=\"og:title\" content=\"Cortenstaal plantenbak Disa, goedkoop bij cortenstaalverkoop.nl\" \/>\n<meta property=\"og:description\" content=\"\u2705 Cortenstaal plantenbak Disa in diverse maten.\u2705 de beste kwaliteit \u2705 5 jaar garantie! Bestel uw cortenstaal plantenbak goedkoop bij cortenstaalverkoop.nl!\" \/>\n<meta property=\"og:url\" content=\"https:\/\/cortenstaalverkoop.nl\/de\/produkt\/cortenstahl-pflanzgefas-disa\/\" \/>\n<meta property=\"og:site_name\" content=\"Cortenstaalverkoop.nl\" \/>\n<meta property=\"article:modified_time\" content=\"2026-03-27T15:29:14+00:00\" \/>\n<meta property=\"og:image\" content=\"https:\/\/cortenstaalverkoop.nl\/wp-content\/uploads\/2020\/06\/Extend-2-C.png\" \/>\n\t<meta property=\"og:image:width\" content=\"699\" \/>\n\t<meta property=\"og:image:height\" content=\"699\" \/>\n\t<meta property=\"og:image:type\" content=\"image\/png\" \/>\n<meta name=\"twitter:card\" content=\"summary_large_image\" \/>\n<meta name=\"twitter:label1\" content=\"Gesch\u00e4tzte Lesezeit\" \/>\n\t<meta name=\"twitter:data1\" content=\"3\u00a0Minuten\" \/>\n<script type=\"application\/ld+json\" class=\"yoast-schema-graph\">{\"@context\":\"https:\\\/\\\/schema.org\",\"@graph\":[{\"@type\":\"WebPage\",\"@id\":\"https:\\\/\\\/cortenstaalverkoop.nl\\\/product\\\/cortenstaal-plantenbak-disa\\\/\",\"url\":\"https:\\\/\\\/cortenstaalverkoop.nl\\\/product\\\/cortenstaal-plantenbak-disa\\\/\",\"name\":\"Cortenstaal plantenbak Disa, goedkoop bij cortenstaalverkoop.nl\",\"isPartOf\":{\"@id\":\"https:\\\/\\\/cortenstaalverkoop.nl\\\/#website\"},\"primaryImageOfPage\":{\"@id\":\"https:\\\/\\\/cortenstaalverkoop.nl\\\/product\\\/cortenstaal-plantenbak-disa\\\/#primaryimage\"},\"image\":{\"@id\":\"https:\\\/\\\/cortenstaalverkoop.nl\\\/product\\\/cortenstaal-plantenbak-disa\\\/#primaryimage\"},\"thumbnailUrl\":\"https:\\\/\\\/cortenstaalverkoop.nl\\\/wp-content\\\/uploads\\\/2020\\\/06\\\/Extend-2-C.png\",\"datePublished\":\"2020-06-06T19:24:30+00:00\",\"dateModified\":\"2026-03-27T15:29:14+00:00\",\"description\":\"\u2705 Cortenstaal plantenbak Disa in diverse maten.\u2705 de beste kwaliteit \u2705 5 jaar garantie! Bestel uw cortenstaal plantenbak goedkoop bij cortenstaalverkoop.nl!\",\"breadcrumb\":{\"@id\":\"https:\\\/\\\/cortenstaalverkoop.nl\\\/product\\\/cortenstaal-plantenbak-disa\\\/#breadcrumb\"},\"inLanguage\":\"de\",\"potentialAction\":[{\"@type\":\"ReadAction\",\"target\":[\"https:\\\/\\\/cortenstaalverkoop.nl\\\/product\\\/cortenstaal-plantenbak-disa\\\/\"]}]},{\"@type\":\"ImageObject\",\"inLanguage\":\"de\",\"@id\":\"https:\\\/\\\/cortenstaalverkoop.nl\\\/product\\\/cortenstaal-plantenbak-disa\\\/#primaryimage\",\"url\":\"https:\\\/\\\/cortenstaalverkoop.nl\\\/wp-content\\\/uploads\\\/2020\\\/06\\\/Extend-2-C.png\",\"contentUrl\":\"https:\\\/\\\/cortenstaalverkoop.nl\\\/wp-content\\\/uploads\\\/2020\\\/06\\\/Extend-2-C.png\",\"width\":699,\"height\":699,\"caption\":\"Cortenstaal plantenbak Disa\"},{\"@type\":\"BreadcrumbList\",\"@id\":\"https:\\\/\\\/cortenstaalverkoop.nl\\\/product\\\/cortenstaal-plantenbak-disa\\\/#breadcrumb\",\"itemListElement\":[{\"@type\":\"ListItem\",\"position\":1,\"name\":\"Home\",\"item\":\"https:\\\/\\\/cortenstaalverkoop.nl\\\/\"},{\"@type\":\"ListItem\",\"position\":2,\"name\":\"Assortiment\",\"item\":\"https:\\\/\\\/cortenstaalverkoop.nl\\\/assortiment-cortenstaal\\\/\"},{\"@type\":\"ListItem\",\"position\":3,\"name\":\"Cortenstaal plantenbak Disa\"}]},{\"@type\":\"WebSite\",\"@id\":\"https:\\\/\\\/cortenstaalverkoop.nl\\\/#website\",\"url\":\"https:\\\/\\\/cortenstaalverkoop.nl\\\/\",\"name\":\"Cortenstaalverkoop.nl\",\"description\":\"de cortenstaal specialist!\",\"publisher\":{\"@id\":\"https:\\\/\\\/cortenstaalverkoop.nl\\\/#organization\"},\"potentialAction\":[{\"@type\":\"SearchAction\",\"target\":{\"@type\":\"EntryPoint\",\"urlTemplate\":\"https:\\\/\\\/cortenstaalverkoop.nl\\\/?s={search_term_string}\"},\"query-input\":{\"@type\":\"PropertyValueSpecification\",\"valueRequired\":true,\"valueName\":\"search_term_string\"}}],\"inLanguage\":\"de\"},{\"@type\":\"Organization\",\"@id\":\"https:\\\/\\\/cortenstaalverkoop.nl\\\/#organization\",\"name\":\"Cortenstaalverkoop.nl\",\"url\":\"https:\\\/\\\/cortenstaalverkoop.nl\\\/\",\"logo\":{\"@type\":\"ImageObject\",\"inLanguage\":\"de\",\"@id\":\"https:\\\/\\\/cortenstaalverkoop.nl\\\/#\\\/schema\\\/logo\\\/image\\\/\",\"url\":\"https:\\\/\\\/cortenstaalverkoop.nl\\\/wp-content\\\/uploads\\\/2019\\\/11\\\/cortenstaal-logo-1.png\",\"contentUrl\":\"https:\\\/\\\/cortenstaalverkoop.nl\\\/wp-content\\\/uploads\\\/2019\\\/11\\\/cortenstaal-logo-1.png\",\"width\":480,\"height\":163,\"caption\":\"Cortenstaalverkoop.nl\"},\"image\":{\"@id\":\"https:\\\/\\\/cortenstaalverkoop.nl\\\/#\\\/schema\\\/logo\\\/image\\\/\"}}]}<\/script>\n<!-- \/ Yoast SEO plugin. -->","yoast_head_json":{"title":"Pflanzgef\u00e4\u00df Disa aus Cortenstahl, g\u00fcnstig bei cortenstaalverkoop.nl","description":"\u2705 Pflanzk\u00fcbel Disa aus Cortenstahl in verschiedenen Gr\u00f6\u00dfen \u2705 Beste Qualit\u00e4t \u2705 5 Jahre Garantie! Bestellen Sie Ihren Pflanzk\u00fcbel aus Cortenstahl g\u00fcnstig bei cortenstaalverkoop.nl!","robots":{"index":"index","follow":"follow","max-snippet":"max-snippet:-1","max-image-preview":"max-image-preview:large","max-video-preview":"max-video-preview:-1"},"canonical":"https:\/\/cortenstaalverkoop.nl\/de\/produkt\/cortenstahl-pflanzgefas-disa\/","og_locale":"de_DE","og_type":"article","og_title":"Cortenstaal plantenbak Disa, goedkoop bij cortenstaalverkoop.nl","og_description":"\u2705 Cortenstaal plantenbak Disa in diverse maten.\u2705 de beste kwaliteit \u2705 5 jaar garantie! Bestel uw cortenstaal plantenbak goedkoop bij cortenstaalverkoop.nl!","og_url":"https:\/\/cortenstaalverkoop.nl\/de\/produkt\/cortenstahl-pflanzgefas-disa\/","og_site_name":"Cortenstaalverkoop.nl","article_modified_time":"2026-03-27T15:29:14+00:00","og_image":[{"width":699,"height":699,"url":"https:\/\/cortenstaalverkoop.nl\/wp-content\/uploads\/2020\/06\/Extend-2-C.png","type":"image\/png"}],"twitter_card":"summary_large_image","twitter_misc":{"Gesch\u00e4tzte Lesezeit":"3\u00a0Minuten"},"schema":{"@context":"https:\/\/schema.org","@graph":[{"@type":"WebPage","@id":"https:\/\/cortenstaalverkoop.nl\/product\/cortenstaal-plantenbak-disa\/","url":"https:\/\/cortenstaalverkoop.nl\/product\/cortenstaal-plantenbak-disa\/","name":"Pflanzgef\u00e4\u00df Disa aus Cortenstahl, g\u00fcnstig bei cortenstaalverkoop.nl","isPartOf":{"@id":"https:\/\/cortenstaalverkoop.nl\/#website"},"primaryImageOfPage":{"@id":"https:\/\/cortenstaalverkoop.nl\/product\/cortenstaal-plantenbak-disa\/#primaryimage"},"image":{"@id":"https:\/\/cortenstaalverkoop.nl\/product\/cortenstaal-plantenbak-disa\/#primaryimage"},"thumbnailUrl":"https:\/\/cortenstaalverkoop.nl\/wp-content\/uploads\/2020\/06\/Extend-2-C.png","datePublished":"2020-06-06T19:24:30+00:00","dateModified":"2026-03-27T15:29:14+00:00","description":"\u2705 Pflanzk\u00fcbel Disa aus Cortenstahl in verschiedenen Gr\u00f6\u00dfen \u2705 Beste Qualit\u00e4t \u2705 5 Jahre Garantie! Bestellen Sie Ihren Pflanzk\u00fcbel aus Cortenstahl g\u00fcnstig bei cortenstaalverkoop.nl!","breadcrumb":{"@id":"https:\/\/cortenstaalverkoop.nl\/product\/cortenstaal-plantenbak-disa\/#breadcrumb"},"inLanguage":"de","potentialAction":[{"@type":"ReadAction","target":["https:\/\/cortenstaalverkoop.nl\/product\/cortenstaal-plantenbak-disa\/"]}]},{"@type":"ImageObject","inLanguage":"de","@id":"https:\/\/cortenstaalverkoop.nl\/product\/cortenstaal-plantenbak-disa\/#primaryimage","url":"https:\/\/cortenstaalverkoop.nl\/wp-content\/uploads\/2020\/06\/Extend-2-C.png","contentUrl":"https:\/\/cortenstaalverkoop.nl\/wp-content\/uploads\/2020\/06\/Extend-2-C.png","width":699,"height":699,"caption":"Cortenstaal plantenbak Disa"},{"@type":"BreadcrumbList","@id":"https:\/\/cortenstaalverkoop.nl\/product\/cortenstaal-plantenbak-disa\/#breadcrumb","itemListElement":[{"@type":"ListItem","position":1,"name":"Home","item":"https:\/\/cortenstaalverkoop.nl\/"},{"@type":"ListItem","position":2,"name":"Assortiment","item":"https:\/\/cortenstaalverkoop.nl\/assortiment-cortenstaal\/"},{"@type":"ListItem","position":3,"name":"Cortenstaal plantenbak Disa"}]},{"@type":"WebSite","@id":"https:\/\/cortenstaalverkoop.nl\/#website","url":"https:\/\/cortenstaalverkoop.nl\/","name":"Cortenstaalverkoop.nl","description":"die cortenstaal-Spezialisten!","publisher":{"@id":"https:\/\/cortenstaalverkoop.nl\/#organization"},"potentialAction":[{"@type":"SearchAction","target":{"@type":"EntryPoint","urlTemplate":"https:\/\/cortenstaalverkoop.nl\/?s={search_term_string}"},"query-input":{"@type":"PropertyValueSpecification","valueRequired":true,"valueName":"search_term_string"}}],"inLanguage":"de"},{"@type":"Organization","@id":"https:\/\/cortenstaalverkoop.nl\/#organization","name":"Cortenstaalverkoop.nl","url":"https:\/\/cortenstaalverkoop.nl\/","logo":{"@type":"ImageObject","inLanguage":"de","@id":"https:\/\/cortenstaalverkoop.nl\/#\/schema\/logo\/image\/","url":"https:\/\/cortenstaalverkoop.nl\/wp-content\/uploads\/2019\/11\/cortenstaal-logo-1.png","contentUrl":"https:\/\/cortenstaalverkoop.nl\/wp-content\/uploads\/2019\/11\/cortenstaal-logo-1.png","width":480,"height":163,"caption":"Cortenstaalverkoop.nl"},"image":{"@id":"https:\/\/cortenstaalverkoop.nl\/#\/schema\/logo\/image\/"}}]}},"_links":{"self":[{"href":"https:\/\/cortenstaalverkoop.nl\/de\/wp-json\/wp\/v2\/product\/4785","targetHints":{"allow":["GET"]}}],"collection":[{"href":"https:\/\/cortenstaalverkoop.nl\/de\/wp-json\/wp\/v2\/product"}],"about":[{"href":"https:\/\/cortenstaalverkoop.nl\/de\/wp-json\/wp\/v2\/types\/product"}],"version-history":[{"count":5,"href":"https:\/\/cortenstaalverkoop.nl\/de\/wp-json\/wp\/v2\/product\/4785\/revisions"}],"predecessor-version":[{"id":11104,"href":"https:\/\/cortenstaalverkoop.nl\/de\/wp-json\/wp\/v2\/product\/4785\/revisions\/11104"}],"wp:featuredmedia":[{"embeddable":true,"href":"https:\/\/cortenstaalverkoop.nl\/de\/wp-json\/wp\/v2\/media\/4788"}],"wp:attachment":[{"href":"https:\/\/cortenstaalverkoop.nl\/de\/wp-json\/wp\/v2\/media?parent=4785"}],"wp:term":[{"taxonomy":"product_brand","embeddable":true,"href":"https:\/\/cortenstaalverkoop.nl\/de\/wp-json\/wp\/v2\/product_brand?post=4785"},{"taxonomy":"product_cat","embeddable":true,"href":"https:\/\/cortenstaalverkoop.nl\/de\/wp-json\/wp\/v2\/product_cat?post=4785"},{"taxonomy":"product_tag","embeddable":true,"href":"https:\/\/cortenstaalverkoop.nl\/de\/wp-json\/wp\/v2\/product_tag?post=4785"}],"curies":[{"name":"wp","href":"https:\/\/api.w.org\/{rel}","templated":true}]}}