{"id":5012,"date":"2020-08-31T22:37:09","date_gmt":"2020-08-31T20:37:09","guid":{"rendered":"https:\/\/cortenstaalverkoop.nl\/?post_type=product&#038;p=5012"},"modified":"2026-04-13T15:57:57","modified_gmt":"2026-04-13T13:57:57","slug":"cortenstahl-kuchenkamin-madamm","status":"publish","type":"product","link":"https:\/\/cortenstaalverkoop.nl\/de\/product\/cortenstaal-keukenhaard-madamm\/","title":{"rendered":"Cortenstahl K\u00fcchenkamin Madamm"},"content":{"rendered":"<p>Dies <a href=\"https:\/\/nl.wikipedia.org\/wiki\/Cortenstaal\" target=\"_blank\" rel=\"noopener noreferrer\">Cortenstahl<\/a> K\u00fcchenkamin Madamm ist ein sehr sch\u00f6ner Holzofen mit einer Grillplatte. Auf diesem feuerplatte aus 10 mm starkem Kohlenstoffstahl k\u00f6nnen Sie ganz einfach ein leckeres St\u00fcck Fleisch oder Fisch und Gem\u00fcse zubereiten. So macht das Kochen noch mehr Spa\u00df, weil Sie alle Zutaten zusammen servieren k\u00f6nnen. Entdecken Sie eine ganz neue Welt voller M\u00f6glichkeiten des Outdoor-Kochens. Erweiterung m\u00f6glich mit zwei verschiedenen Seitenteilen (40 x 50 cm). <a href=\"https:\/\/cortenstaalverkoop.nl\/cortenstaal\/cortenstaal-vuurelementen\/\" target=\"_blank\" rel=\"noopener noreferrer\">Grillen<\/a> sind auch \u00fcber diese Seite verf\u00fcgbar.<\/p>\n<p><strong>Wichtig:<\/strong><\/p>\n<p><strong>Bei der ersten Verwendung<\/strong> Bei dieser Cortenstahl Au\u00dfenk\u00fcche Madamm ist es sehr wichtig, dass Sie mit einem kleinen Feuer beginnen und das Feuer nach 25 Minuten weiter anheizen. Die Heavy feuerplatte wird unten hei\u00dfer als oben. Durch diese Temperaturdifferenz wird die feuerplatte hohl. Nach dem ersten Gebrauch hat sich das feuerplatte gesetzt und dieser Vorgang entf\u00e4llt.<br \/>\nDas Kochger\u00e4t funktioniert am besten, wenn es ein- oder zweimal benutzt wurde und das \u00d6l in die Platte eingebrannt ist. Das Garen auf dem feuerplatte wird nach diesem \u201eEinbrennen\u201c einfacher und sch\u00fctzt die Platte vor dem Rosten, wenn sie nicht benutzt wird. Am besten Grillen Sie beispielsweise mit Pflanzen\u00f6l mit hohem Verbrennungsgrad<\/p>\n<p>Nach etwa 25-30 Minuten Brenndauer hat der feuerplatte am Innenrand eine Temperatur von 275 \u2013 300\u00b0C erreicht. Wenn das Feuer entz\u00fcndet ist, k\u00f6nnen Sie mit dem Ein\u00f6len der feuerplatte beginnen, geben Sie etwas mehr \u00d6l hinzu, wo Sie braten m\u00f6chten. Am Au\u00dfenrand ist die Temperatur etwas niedriger, so dass Sie zwischen Braten und Warmhalten wechseln k\u00f6nnen. Beim Erhitzen wird der feuerplatte etwas konkav. \u00dcbersch\u00fcssiges \u00d6l und Fette landen also automatisch im Feuer. Wenn der feuerplatte abk\u00fchlt, richtet es sich vollst\u00e4ndig auf.<\/p>\n<p><strong>Das Reinigen des Grills ist eigentlich nicht notwendig.<\/strong> Speise\u00f6l und Speisereste k\u00f6nnen nach Gebrauch mit einem Spatel ins Feuer geschoben werden. Bei Bedarf kann der Feuerring vor der Verwendung mit einem feuchten Tuch gereinigt werden. Der Grill h\u00e4lt Wind und Wetter stand und bedarf keiner weiteren Wartung.<\/p>","protected":false},"excerpt":{"rendered":"<p>Dies <a href=\"https:\/\/nl.wikipedia.org\/wiki\/Cortenstaal\" target=\"_blank\" rel=\"noopener noreferrer\">Cortenstahl<\/a> K\u00fcchenkamin Madamm ist ein sehr sch\u00f6ner Holzofen mit einer Grillplatte. Auf diesem feuerplatte aus 10 mm starkem Kohlenstoffstahl k\u00f6nnen Sie ganz einfach ein leckeres St\u00fcck Fleisch oder Fisch und Gem\u00fcse zubereiten. So macht das Kochen noch mehr Spa\u00df, weil Sie alle Zutaten zusammen servieren k\u00f6nnen. Entdecken Sie eine ganz neue Welt voller M\u00f6glichkeiten des Outdoor-Kochens. Erweiterung m\u00f6glich mit zwei verschiedenen Seitenteilen (40 x 50 cm).<\/p>\n<ul>\n<li>feuerplatte \/ Plancha \/ Teppanyak von 50 x 50 cm.<\/li>\n<li>Gesamth\u00f6he 2 Meter.<\/li>\n<li>H\u00f6he an der Oberseite des Ofens 85 cm.<\/li>\n<li>inkl. Schornsteindurchmesser 154 mm.<\/li>\n<li>inkl. Regenhut.<\/li>\n<li>5 Jahre Garantie!<\/li>\n<\/ul>","protected":false},"featured_media":5020,"template":"","meta":{"site-sidebar-layout":"default","site-content-layout":"default","ast-site-content-layout":"default","site-content-style":"default","site-sidebar-style":"default","ast-global-header-display":"","ast-banner-title-visibility":"","ast-main-header-display":"","ast-hfb-above-header-display":"","ast-hfb-below-header-display":"","ast-hfb-mobile-header-display":"","site-post-title":"","ast-breadcrumbs-content":"","ast-featured-img":"","footer-sml-layout":"","ast-disable-related-posts":"","theme-transparent-header-meta":"default","adv-header-id-meta":"","stick-header-meta":"","header-above-stick-meta":"","header-main-stick-meta":"","header-below-stick-meta":"","astra-migrate-meta-layouts":"set","ast-page-background-enabled":"default","ast-page-background-meta":{"desktop":{"background-color":"","background-image":"","background-repeat":"repeat","background-position":"center center","background-size":"auto","background-attachment":"scroll","background-type":"","background-media":"","overlay-type":"","overlay-color":"","overlay-opacity":"","overlay-gradient":""},"tablet":{"background-color":"","background-image":"","background-repeat":"repeat","background-position":"center center","background-size":"auto","background-attachment":"scroll","background-type":"","background-media":"","overlay-type":"","overlay-color":"","overlay-opacity":"","overlay-gradient":""},"mobile":{"background-color":"","background-image":"","background-repeat":"repeat","background-position":"center center","background-size":"auto","background-attachment":"scroll","background-type":"","background-media":"","overlay-type":"","overlay-color":"","overlay-opacity":"","overlay-gradient":""}},"ast-content-background-meta":{"desktop":{"background-color":"var(--ast-global-color-5)","background-image":"","background-repeat":"repeat","background-position":"center center","background-size":"auto","background-attachment":"scroll","background-type":"","background-media":"","overlay-type":"","overlay-color":"","overlay-opacity":"","overlay-gradient":""},"tablet":{"background-color":"var(--ast-global-color-5)","background-image":"","background-repeat":"repeat","background-position":"center center","background-size":"auto","background-attachment":"scroll","background-type":"","background-media":"","overlay-type":"","overlay-color":"","overlay-opacity":"","overlay-gradient":""},"mobile":{"background-color":"var(--ast-global-color-5)","background-image":"","background-repeat":"repeat","background-position":"center center","background-size":"auto","background-attachment":"scroll","background-type":"","background-media":"","overlay-type":"","overlay-color":"","overlay-opacity":"","overlay-gradient":""}}},"product_brand":[],"product_cat":[58],"product_tag":[],"class_list":{"0":"post-5012","1":"product","2":"type-product","3":"status-publish","4":"has-post-thumbnail","6":"product_cat-cortenstaal-vuurelementen","7":"product_shipping_class-fritom","8":"desktop-align-left","9":"tablet-align-left","10":"mobile-align-left","12":"first","13":"instock","14":"taxable","15":"shipping-taxable","16":"purchasable","17":"product-type-variable"},"yoast_head":"<!-- This site is optimized with the Yoast SEO plugin v27.4 - https:\/\/yoast.com\/product\/yoast-seo-wordpress\/ -->\n<title>Cortenstaal keukenhaard Madamm voordelig bij cortenstaalverkoop.nl<\/title>\n<meta name=\"description\" content=\"\u2705 Cortenstaal keukenhaard Madamm + bakplaat \u2705 de beste kwaliteit \u2705 5 jaar garantie! Bestel uw keukenhaard goedkoop bij cortenstaalverkoop.nl\" \/>\n<meta name=\"robots\" content=\"index, follow, max-snippet:-1, max-image-preview:large, max-video-preview:-1\" \/>\n<link rel=\"canonical\" href=\"https:\/\/cortenstaalverkoop.nl\/de\/produkt\/cortenstahl-kuchenkamin-madamm\/\" \/>\n<meta property=\"og:locale\" content=\"de_DE\" \/>\n<meta property=\"og:type\" content=\"article\" \/>\n<meta property=\"og:title\" content=\"Cortenstaal keukenhaard Madamm voordelig bij cortenstaalverkoop.nl\" \/>\n<meta property=\"og:description\" content=\"\u2705 Cortenstaal keukenhaard Madamm + bakplaat \u2705 de beste kwaliteit \u2705 5 jaar garantie! Bestel uw keukenhaard goedkoop bij cortenstaalverkoop.nl\" \/>\n<meta property=\"og:url\" content=\"https:\/\/cortenstaalverkoop.nl\/de\/produkt\/cortenstahl-kuchenkamin-madamm\/\" \/>\n<meta property=\"og:site_name\" content=\"Cortenstaalverkoop.nl\" \/>\n<meta property=\"article:modified_time\" content=\"2026-04-13T13:57:57+00:00\" \/>\n<meta property=\"og:image\" content=\"https:\/\/cortenstaalverkoop.nl\/wp-content\/uploads\/2020\/08\/buitenkeuken-Madamm4.jpg\" \/>\n\t<meta property=\"og:image:width\" content=\"2000\" \/>\n\t<meta property=\"og:image:height\" content=\"2000\" \/>\n\t<meta property=\"og:image:type\" content=\"image\/jpeg\" \/>\n<meta name=\"twitter:card\" content=\"summary_large_image\" \/>\n<meta name=\"twitter:label1\" content=\"Gesch\u00e4tzte Lesezeit\" \/>\n\t<meta name=\"twitter:data1\" content=\"2\u00a0Minuten\" \/>\n<script type=\"application\/ld+json\" class=\"yoast-schema-graph\">{\"@context\":\"https:\\\/\\\/schema.org\",\"@graph\":[{\"@type\":\"WebPage\",\"@id\":\"https:\\\/\\\/cortenstaalverkoop.nl\\\/product\\\/cortenstaal-keukenhaard-madamm\\\/\",\"url\":\"https:\\\/\\\/cortenstaalverkoop.nl\\\/product\\\/cortenstaal-keukenhaard-madamm\\\/\",\"name\":\"Cortenstaal keukenhaard Madamm voordelig bij cortenstaalverkoop.nl\",\"isPartOf\":{\"@id\":\"https:\\\/\\\/cortenstaalverkoop.nl\\\/#website\"},\"primaryImageOfPage\":{\"@id\":\"https:\\\/\\\/cortenstaalverkoop.nl\\\/product\\\/cortenstaal-keukenhaard-madamm\\\/#primaryimage\"},\"image\":{\"@id\":\"https:\\\/\\\/cortenstaalverkoop.nl\\\/product\\\/cortenstaal-keukenhaard-madamm\\\/#primaryimage\"},\"thumbnailUrl\":\"https:\\\/\\\/cortenstaalverkoop.nl\\\/wp-content\\\/uploads\\\/2020\\\/08\\\/buitenkeuken-Madamm4.jpg\",\"datePublished\":\"2020-08-31T20:37:09+00:00\",\"dateModified\":\"2026-04-13T13:57:57+00:00\",\"description\":\"\u2705 Cortenstaal keukenhaard Madamm + bakplaat \u2705 de beste kwaliteit \u2705 5 jaar garantie! Bestel uw keukenhaard goedkoop bij cortenstaalverkoop.nl\",\"breadcrumb\":{\"@id\":\"https:\\\/\\\/cortenstaalverkoop.nl\\\/product\\\/cortenstaal-keukenhaard-madamm\\\/#breadcrumb\"},\"inLanguage\":\"de\",\"potentialAction\":[{\"@type\":\"ReadAction\",\"target\":[\"https:\\\/\\\/cortenstaalverkoop.nl\\\/product\\\/cortenstaal-keukenhaard-madamm\\\/\"]}]},{\"@type\":\"ImageObject\",\"inLanguage\":\"de\",\"@id\":\"https:\\\/\\\/cortenstaalverkoop.nl\\\/product\\\/cortenstaal-keukenhaard-madamm\\\/#primaryimage\",\"url\":\"https:\\\/\\\/cortenstaalverkoop.nl\\\/wp-content\\\/uploads\\\/2020\\\/08\\\/buitenkeuken-Madamm4.jpg\",\"contentUrl\":\"https:\\\/\\\/cortenstaalverkoop.nl\\\/wp-content\\\/uploads\\\/2020\\\/08\\\/buitenkeuken-Madamm4.jpg\",\"width\":2000,\"height\":2000,\"caption\":\"Cortenstaal keukenhaard Madamm\"},{\"@type\":\"BreadcrumbList\",\"@id\":\"https:\\\/\\\/cortenstaalverkoop.nl\\\/product\\\/cortenstaal-keukenhaard-madamm\\\/#breadcrumb\",\"itemListElement\":[{\"@type\":\"ListItem\",\"position\":1,\"name\":\"Home\",\"item\":\"https:\\\/\\\/cortenstaalverkoop.nl\\\/\"},{\"@type\":\"ListItem\",\"position\":2,\"name\":\"Assortiment\",\"item\":\"https:\\\/\\\/cortenstaalverkoop.nl\\\/assortiment-cortenstaal\\\/\"},{\"@type\":\"ListItem\",\"position\":3,\"name\":\"Cortenstaal keukenhaard Madamm\"}]},{\"@type\":\"WebSite\",\"@id\":\"https:\\\/\\\/cortenstaalverkoop.nl\\\/#website\",\"url\":\"https:\\\/\\\/cortenstaalverkoop.nl\\\/\",\"name\":\"Cortenstaalverkoop.nl\",\"description\":\"de cortenstaal specialist!\",\"publisher\":{\"@id\":\"https:\\\/\\\/cortenstaalverkoop.nl\\\/#organization\"},\"potentialAction\":[{\"@type\":\"SearchAction\",\"target\":{\"@type\":\"EntryPoint\",\"urlTemplate\":\"https:\\\/\\\/cortenstaalverkoop.nl\\\/?s={search_term_string}\"},\"query-input\":{\"@type\":\"PropertyValueSpecification\",\"valueRequired\":true,\"valueName\":\"search_term_string\"}}],\"inLanguage\":\"de\"},{\"@type\":\"Organization\",\"@id\":\"https:\\\/\\\/cortenstaalverkoop.nl\\\/#organization\",\"name\":\"Cortenstaalverkoop.nl\",\"url\":\"https:\\\/\\\/cortenstaalverkoop.nl\\\/\",\"logo\":{\"@type\":\"ImageObject\",\"inLanguage\":\"de\",\"@id\":\"https:\\\/\\\/cortenstaalverkoop.nl\\\/#\\\/schema\\\/logo\\\/image\\\/\",\"url\":\"https:\\\/\\\/cortenstaalverkoop.nl\\\/wp-content\\\/uploads\\\/2019\\\/11\\\/cortenstaal-logo-1.png\",\"contentUrl\":\"https:\\\/\\\/cortenstaalverkoop.nl\\\/wp-content\\\/uploads\\\/2019\\\/11\\\/cortenstaal-logo-1.png\",\"width\":480,\"height\":163,\"caption\":\"Cortenstaalverkoop.nl\"},\"image\":{\"@id\":\"https:\\\/\\\/cortenstaalverkoop.nl\\\/#\\\/schema\\\/logo\\\/image\\\/\"}}]}<\/script>\n<!-- \/ Yoast SEO plugin. -->","yoast_head_json":{"title":"Cortenstahl-K\u00fcchenkamin Madamm g\u00fcnstig bei cortenstaalverkoop.nl","description":"\u2705 Cortenstahl K\u00fcchenkamin Madamm + Backblech \u2705 beste Qualit\u00e4t \u2705 5 Jahre Garantie! Bestellen Sie Ihren K\u00fcchenkamin g\u00fcnstig bei cortenstaalverkoop.nl","robots":{"index":"index","follow":"follow","max-snippet":"max-snippet:-1","max-image-preview":"max-image-preview:large","max-video-preview":"max-video-preview:-1"},"canonical":"https:\/\/cortenstaalverkoop.nl\/de\/produkt\/cortenstahl-kuchenkamin-madamm\/","og_locale":"de_DE","og_type":"article","og_title":"Cortenstaal keukenhaard Madamm voordelig bij cortenstaalverkoop.nl","og_description":"\u2705 Cortenstaal keukenhaard Madamm + bakplaat \u2705 de beste kwaliteit \u2705 5 jaar garantie! Bestel uw keukenhaard goedkoop bij cortenstaalverkoop.nl","og_url":"https:\/\/cortenstaalverkoop.nl\/de\/produkt\/cortenstahl-kuchenkamin-madamm\/","og_site_name":"Cortenstaalverkoop.nl","article_modified_time":"2026-04-13T13:57:57+00:00","og_image":[{"width":2000,"height":2000,"url":"https:\/\/cortenstaalverkoop.nl\/wp-content\/uploads\/2020\/08\/buitenkeuken-Madamm4.jpg","type":"image\/jpeg"}],"twitter_card":"summary_large_image","twitter_misc":{"Gesch\u00e4tzte Lesezeit":"2\u00a0Minuten"},"schema":{"@context":"https:\/\/schema.org","@graph":[{"@type":"WebPage","@id":"https:\/\/cortenstaalverkoop.nl\/product\/cortenstaal-keukenhaard-madamm\/","url":"https:\/\/cortenstaalverkoop.nl\/product\/cortenstaal-keukenhaard-madamm\/","name":"Cortenstahl-K\u00fcchenkamin Madamm g\u00fcnstig bei cortenstaalverkoop.nl","isPartOf":{"@id":"https:\/\/cortenstaalverkoop.nl\/#website"},"primaryImageOfPage":{"@id":"https:\/\/cortenstaalverkoop.nl\/product\/cortenstaal-keukenhaard-madamm\/#primaryimage"},"image":{"@id":"https:\/\/cortenstaalverkoop.nl\/product\/cortenstaal-keukenhaard-madamm\/#primaryimage"},"thumbnailUrl":"https:\/\/cortenstaalverkoop.nl\/wp-content\/uploads\/2020\/08\/buitenkeuken-Madamm4.jpg","datePublished":"2020-08-31T20:37:09+00:00","dateModified":"2026-04-13T13:57:57+00:00","description":"\u2705 Cortenstahl K\u00fcchenkamin Madamm + Backblech \u2705 beste Qualit\u00e4t \u2705 5 Jahre Garantie! Bestellen Sie Ihren K\u00fcchenkamin g\u00fcnstig bei cortenstaalverkoop.nl","breadcrumb":{"@id":"https:\/\/cortenstaalverkoop.nl\/product\/cortenstaal-keukenhaard-madamm\/#breadcrumb"},"inLanguage":"de","potentialAction":[{"@type":"ReadAction","target":["https:\/\/cortenstaalverkoop.nl\/product\/cortenstaal-keukenhaard-madamm\/"]}]},{"@type":"ImageObject","inLanguage":"de","@id":"https:\/\/cortenstaalverkoop.nl\/product\/cortenstaal-keukenhaard-madamm\/#primaryimage","url":"https:\/\/cortenstaalverkoop.nl\/wp-content\/uploads\/2020\/08\/buitenkeuken-Madamm4.jpg","contentUrl":"https:\/\/cortenstaalverkoop.nl\/wp-content\/uploads\/2020\/08\/buitenkeuken-Madamm4.jpg","width":2000,"height":2000,"caption":"Cortenstaal keukenhaard Madamm"},{"@type":"BreadcrumbList","@id":"https:\/\/cortenstaalverkoop.nl\/product\/cortenstaal-keukenhaard-madamm\/#breadcrumb","itemListElement":[{"@type":"ListItem","position":1,"name":"Home","item":"https:\/\/cortenstaalverkoop.nl\/"},{"@type":"ListItem","position":2,"name":"Assortiment","item":"https:\/\/cortenstaalverkoop.nl\/assortiment-cortenstaal\/"},{"@type":"ListItem","position":3,"name":"Cortenstaal keukenhaard Madamm"}]},{"@type":"WebSite","@id":"https:\/\/cortenstaalverkoop.nl\/#website","url":"https:\/\/cortenstaalverkoop.nl\/","name":"Cortenstaalverkoop.nl","description":"die cortenstaal-Spezialisten!","publisher":{"@id":"https:\/\/cortenstaalverkoop.nl\/#organization"},"potentialAction":[{"@type":"SearchAction","target":{"@type":"EntryPoint","urlTemplate":"https:\/\/cortenstaalverkoop.nl\/?s={search_term_string}"},"query-input":{"@type":"PropertyValueSpecification","valueRequired":true,"valueName":"search_term_string"}}],"inLanguage":"de"},{"@type":"Organization","@id":"https:\/\/cortenstaalverkoop.nl\/#organization","name":"Cortenstaalverkoop.nl","url":"https:\/\/cortenstaalverkoop.nl\/","logo":{"@type":"ImageObject","inLanguage":"de","@id":"https:\/\/cortenstaalverkoop.nl\/#\/schema\/logo\/image\/","url":"https:\/\/cortenstaalverkoop.nl\/wp-content\/uploads\/2019\/11\/cortenstaal-logo-1.png","contentUrl":"https:\/\/cortenstaalverkoop.nl\/wp-content\/uploads\/2019\/11\/cortenstaal-logo-1.png","width":480,"height":163,"caption":"Cortenstaalverkoop.nl"},"image":{"@id":"https:\/\/cortenstaalverkoop.nl\/#\/schema\/logo\/image\/"}}]}},"_links":{"self":[{"href":"https:\/\/cortenstaalverkoop.nl\/de\/wp-json\/wp\/v2\/product\/5012","targetHints":{"allow":["GET"]}}],"collection":[{"href":"https:\/\/cortenstaalverkoop.nl\/de\/wp-json\/wp\/v2\/product"}],"about":[{"href":"https:\/\/cortenstaalverkoop.nl\/de\/wp-json\/wp\/v2\/types\/product"}],"version-history":[{"count":7,"href":"https:\/\/cortenstaalverkoop.nl\/de\/wp-json\/wp\/v2\/product\/5012\/revisions"}],"predecessor-version":[{"id":11177,"href":"https:\/\/cortenstaalverkoop.nl\/de\/wp-json\/wp\/v2\/product\/5012\/revisions\/11177"}],"wp:featuredmedia":[{"embeddable":true,"href":"https:\/\/cortenstaalverkoop.nl\/de\/wp-json\/wp\/v2\/media\/5020"}],"wp:attachment":[{"href":"https:\/\/cortenstaalverkoop.nl\/de\/wp-json\/wp\/v2\/media?parent=5012"}],"wp:term":[{"taxonomy":"product_brand","embeddable":true,"href":"https:\/\/cortenstaalverkoop.nl\/de\/wp-json\/wp\/v2\/product_brand?post=5012"},{"taxonomy":"product_cat","embeddable":true,"href":"https:\/\/cortenstaalverkoop.nl\/de\/wp-json\/wp\/v2\/product_cat?post=5012"},{"taxonomy":"product_tag","embeddable":true,"href":"https:\/\/cortenstaalverkoop.nl\/de\/wp-json\/wp\/v2\/product_tag?post=5012"}],"curies":[{"name":"wp","href":"https:\/\/api.w.org\/{rel}","templated":true}]}}