{"id":5477,"date":"2021-03-04T11:27:04","date_gmt":"2021-03-04T10:27:04","guid":{"rendered":"https:\/\/cortenstaalverkoop.nl\/?post_type=product&#038;p=5477"},"modified":"2026-04-15T09:48:05","modified_gmt":"2026-04-15T07:48:05","slug":"cortenstahl-paketbriefkasten-paca","status":"publish","type":"product","link":"https:\/\/cortenstaalverkoop.nl\/de\/product\/cortenstaal-pakketbrievenbus-paca\/","title":{"rendered":"Cortenstahl Paketbriefkasten Paca"},"content":{"rendered":"<h3 data-start=\"86\" data-end=\"516\">Der Corten-Stahl Paket-Briefkasten Paca hat eine stilvolle Industrie-design.<\/h3>\n<p data-start=\"86\" data-end=\"516\">Der Corten-Stahl Paket-Briefkasten Paca passt daher perfekt mit Ihrem Hause oder im B\u00fcro.<\/p>\n<p data-start=\"86\" data-end=\"516\">Dar\u00fcber hinaus haben Sie die Wahl zwischen zwei Modellen in unserer Kollektion: der Corten-Stahl Paket-Briefkasten Paca und die Fall. Die Paca, ist die breitere Variante der Fall ist. Dar\u00fcber hinaus, im Gegensatz zu unseren anderen Modellen, die T\u00fcr ist an der front. Dies macht die Paca kommen in Ihre eigenen in jedem Garten.<\/p>\n<p data-start=\"518\" data-end=\"814\">Die Lieferung person setzt einfach das Paket in der Klappe. Dann, sobald er schlie\u00dft ihn, das Paket nach unten gleitet sicher. Zur gleichen Zeit, die top-schlie\u00dft automatisch, halten Ihr Paket gut gesch\u00fctzt. Dann k\u00f6nnen Sie ganz einfach nehmen Sie das Paket aus dem Briefkasten \u00fcber die abschlie\u00dfbare T\u00fcr.<\/p>\n<p data-start=\"816\" data-end=\"1197\">Dar\u00fcber hinaus k\u00f6nnen Sie komplett Personalisieren, die Corten Stahl Paket box mit Paca <a href=\"https:\/\/cortenstaalverkoop.nl\/product\/cortenstaal-en-rvs-cijfers\/\" target=\"_blank\" rel=\"noopener\">Zahlen<\/a> und <a href=\"https:\/\/cortenstaalverkoop.nl\/product\/cortenstaal-en-rvs-letters\/\" target=\"_blank\" rel=\"noopener\">Buchstaben<\/a> aus Edelstahl oder Corten-Stahl. Sie einfach kleben Sie es auf die gew\u00fcnschte Stelle (der Kleber ist enthalten, wenn die Bestellung von Buchstaben\/zahlen). Zus\u00e4tzlich, alle Postf\u00e4cher sind ausgestattet mit einer abschlie\u00dfbaren T\u00fcr und Sie erhalten zwei Schl\u00fcssel als standard. Sie finden diese Tasten in den blauen Umschlag auf der Oberseite der mailbox.<\/p>\n<p data-start=\"1199\" data-end=\"1405\">Bitte beachten Sie: wir liefern die Produkte unroasted. Daher ist es wichtig, dass Sie, entpacken Sie das Postfach sofort nach Erhalt. F\u00fcr Beispiel, die Corten Stahl Rost gleichm\u00e4\u00dfig und verhindern Sie, dass Streifen oder Flecken.<\/p>\n<p data-start=\"1407\" data-end=\"1506\"><strong data-start=\"1407\" data-end=\"1463\">Verf\u00fcgbare zahlen und Buchstaben (Edelstahl und Corten-Stahl):<\/strong><br data-start=\"1463\" data-end=\"1466\" \/>0, 1, 2, 3, 4, 5, 6, 7, 8, 9, A, B, C, D<\/p>\n<h4 data-start=\"1508\" data-end=\"1542\"><strong data-start=\"1508\" data-end=\"1542\">Eigenschaften von Cortenstahl:<\/strong><\/h4>\n<ul data-start=\"1543\" data-end=\"1766\">\n<li data-section-id=\"1g063gw\" data-start=\"1543\" data-end=\"1592\">\n<p data-start=\"1545\" data-end=\"1592\">Erstens: sehr starke, Verschlei\u00df-best\u00e4ndig und langlebig<\/p>\n<\/li>\n<li data-section-id=\"1q0ztsa\" data-start=\"1593\" data-end=\"1638\">\n<p data-start=\"1595\" data-end=\"1638\">Zus\u00e4tzlich: elegantes und zeitloses design<\/p>\n<\/li>\n<li data-section-id=\"lxqbka\" data-start=\"1639\" data-end=\"1677\">\n<p data-start=\"1641\" data-end=\"1677\">Zus\u00e4tzlich: wetterfestes material<\/p>\n<\/li>\n<li data-section-id=\"ad8j3a\" data-start=\"1678\" data-end=\"1719\">\n<p data-start=\"1680\" data-end=\"1719\">Au\u00dferdem: warme und Nat\u00fcrliche Optik<\/p>\n<\/li>\n<li data-section-id=\"bin0s5\" data-start=\"1720\" data-end=\"1766\">\n<p data-start=\"1722\" data-end=\"1766\">Endlich: 5 Jahre Garantie und Wartungsfreiheit<\/p>\n<\/li>\n<\/ul>\n<h5>Produktinfo Cortenstahl:<\/h5>\n<p><a href=\"https:\/\/nl.wikipedia.org\/wiki\/Cortenstaal\" target=\"_blank\" rel=\"noopener noreferrer\">Cor-Ten-Stahl<\/a> auch als wetterfester Stahl bekannt. Es handelt sich um eine Metalllegierung aus Eisen, dem Kupfer, Silizium, Nickel und Chrom zugesetzt wurden. Cortenstahl ist eine sehr feste Stahlsorte. Denn es hat die Eigenschaft, sich an der Au\u00dfenluft mit einer sch\u00fctzenden Rostschicht zu bedecken. Diese nat\u00fcrliche feste Rostschicht bildet den Schutz vor weiterer Korrosion.<\/p>","protected":false},"excerpt":{"rendered":"<p>Die Abmessungen der Corten-Stahl Paket-Briefkasten Paca sind 87 x 30 x 125 cm. Die maximale Paketgr\u00f6\u00dfe f\u00fcr dieses Postfach 60 x 40 x 24 cm. Die Einwurf-\u00f6ffnung befindet sich auf der Vorderseite, der Postbote kann \u00f6ffnen Sie die Obere Klappe und werfen in einem Paket. Das Paket dann f\u00e4llt nach unten und kann nicht mehr aus dem Postfach von au\u00dfen. Die <a href=\"https:\/\/cortenstaalverkoop.nl\/product\/cortenstaal-en-rvs-huisnummer-cijfers\/\" target=\"_blank\" rel=\"noopener\">Zahlen<\/a> und <a href=\"https:\/\/cortenstaalverkoop.nl\/product\/cortenstaal-en-rvs-huisnummers-letters\/\" target=\"_blank\" rel=\"noopener\">Buchstaben<\/a> sind in Cortenstahl und Edelstahl erh\u00e4ltlich: 0, 1, 2, 3, 4, 5, 6, 7, 8, 9, A, B, C, D<\/p>\n<p><strong>Vorteile:<\/strong><\/p>\n<ul>\n<li>Sehr starkes, verschlei\u00dffestes und strapazierf\u00e4higes Material<\/li>\n<li>Ausgestattet mit einem soft-open-und anti-Diebstahl-system.<\/li>\n<li>Wir tun nicht empfehlen Corten-Stahl in einem Umkreis von 2 km von einer K\u00fcste.<\/li>\n<li>Warmes und nat\u00fcrliches Aussehen<\/li>\n<li>Wir verwenden nur Cortenstahl S355JOWP<\/li>\n<li>5 Jahre Garantie!<\/li>\n<\/ul>\n<p><strong>Wichtig:<\/strong><br \/>\nDer Cortenstahl Paketbriefkasten wird korrosionsfrei geliefert. Deshalb muss der Briefkasten sofort nach Anlieferung ausgepackt werden, damit das Produkt sch\u00f6n gleichm\u00e4\u00dfig rosten kann und keine Streifen oder Flecken entstehen.<\/p>\n<p>&nbsp;<\/p>","protected":false},"featured_media":10634,"template":"","meta":{"site-sidebar-layout":"default","site-content-layout":"default","ast-site-content-layout":"default","site-content-style":"default","site-sidebar-style":"default","ast-global-header-display":"","ast-banner-title-visibility":"","ast-main-header-display":"","ast-hfb-above-header-display":"","ast-hfb-below-header-display":"","ast-hfb-mobile-header-display":"","site-post-title":"","ast-breadcrumbs-content":"","ast-featured-img":"","footer-sml-layout":"","ast-disable-related-posts":"","theme-transparent-header-meta":"default","adv-header-id-meta":"","stick-header-meta":"","header-above-stick-meta":"","header-main-stick-meta":"","header-below-stick-meta":"","astra-migrate-meta-layouts":"set","ast-page-background-enabled":"default","ast-page-background-meta":{"desktop":{"background-color":"","background-image":"","background-repeat":"repeat","background-position":"center center","background-size":"auto","background-attachment":"scroll","background-type":"","background-media":"","overlay-type":"","overlay-color":"","overlay-opacity":"","overlay-gradient":""},"tablet":{"background-color":"","background-image":"","background-repeat":"repeat","background-position":"center center","background-size":"auto","background-attachment":"scroll","background-type":"","background-media":"","overlay-type":"","overlay-color":"","overlay-opacity":"","overlay-gradient":""},"mobile":{"background-color":"","background-image":"","background-repeat":"repeat","background-position":"center center","background-size":"auto","background-attachment":"scroll","background-type":"","background-media":"","overlay-type":"","overlay-color":"","overlay-opacity":"","overlay-gradient":""}},"ast-content-background-meta":{"desktop":{"background-color":"var(--ast-global-color-5)","background-image":"","background-repeat":"repeat","background-position":"center center","background-size":"auto","background-attachment":"scroll","background-type":"","background-media":"","overlay-type":"","overlay-color":"","overlay-opacity":"","overlay-gradient":""},"tablet":{"background-color":"var(--ast-global-color-5)","background-image":"","background-repeat":"repeat","background-position":"center center","background-size":"auto","background-attachment":"scroll","background-type":"","background-media":"","overlay-type":"","overlay-color":"","overlay-opacity":"","overlay-gradient":""},"mobile":{"background-color":"var(--ast-global-color-5)","background-image":"","background-repeat":"repeat","background-position":"center center","background-size":"auto","background-attachment":"scroll","background-type":"","background-media":"","overlay-type":"","overlay-color":"","overlay-opacity":"","overlay-gradient":""}}},"product_brand":[],"product_cat":[61],"product_tag":[],"class_list":{"0":"post-5477","1":"product","2":"type-product","3":"status-publish","4":"has-post-thumbnail","6":"product_cat-cortenstaal-tuininrichting","7":"product_shipping_class-fritom","8":"desktop-align-left","9":"tablet-align-left","10":"mobile-align-left","12":"first","13":"instock","14":"taxable","15":"shipping-taxable","16":"purchasable","17":"product-type-simple"},"yoast_head":"<!-- This site is optimized with the Yoast SEO plugin v27.4 - https:\/\/yoast.com\/product\/yoast-seo-wordpress\/ -->\n<title>Cortenstaal pakketbrievenbus Paca, koopt u; cortenstaalverkoop.nl<\/title>\n<meta name=\"description\" content=\"\u2705 Cortenstaal pakketbrievenbus Paca \u2705 de beste kwaliteit \u2705 5 jaar garantie! Bestel uw pakketbrievenbus goedkoop bij cortenstaalverkoop.nl\" \/>\n<meta name=\"robots\" content=\"index, follow, max-snippet:-1, max-image-preview:large, max-video-preview:-1\" \/>\n<link rel=\"canonical\" href=\"https:\/\/cortenstaalverkoop.nl\/de\/produkt\/cortenstahl-paketbriefkasten-paca\/\" \/>\n<meta property=\"og:locale\" content=\"de_DE\" \/>\n<meta property=\"og:type\" content=\"article\" \/>\n<meta property=\"og:title\" content=\"Cortenstaal pakketbrievenbus Paca, koopt u; cortenstaalverkoop.nl\" \/>\n<meta property=\"og:description\" content=\"\u2705 Cortenstaal pakketbrievenbus Paca \u2705 de beste kwaliteit \u2705 5 jaar garantie! Bestel uw pakketbrievenbus goedkoop bij cortenstaalverkoop.nl\" \/>\n<meta property=\"og:url\" content=\"https:\/\/cortenstaalverkoop.nl\/de\/produkt\/cortenstahl-paketbriefkasten-paca\/\" \/>\n<meta property=\"og:site_name\" content=\"Cortenstaalverkoop.nl\" \/>\n<meta property=\"article:modified_time\" content=\"2026-04-15T07:48:05+00:00\" \/>\n<meta property=\"og:image\" content=\"https:\/\/cortenstaalverkoop.nl\/wp-content\/uploads\/2021\/03\/brievenbus-PACA-nieuw.webp\" \/>\n\t<meta property=\"og:image:width\" content=\"699\" \/>\n\t<meta property=\"og:image:height\" content=\"699\" \/>\n\t<meta property=\"og:image:type\" content=\"image\/webp\" \/>\n<meta name=\"twitter:card\" content=\"summary_large_image\" \/>\n<meta name=\"twitter:label1\" content=\"Gesch\u00e4tzte Lesezeit\" \/>\n\t<meta name=\"twitter:data1\" content=\"2\u00a0Minuten\" \/>\n<script type=\"application\/ld+json\" class=\"yoast-schema-graph\">{\"@context\":\"https:\\\/\\\/schema.org\",\"@graph\":[{\"@type\":\"WebPage\",\"@id\":\"https:\\\/\\\/cortenstaalverkoop.nl\\\/product\\\/cortenstaal-pakketbrievenbus-paca\\\/\",\"url\":\"https:\\\/\\\/cortenstaalverkoop.nl\\\/product\\\/cortenstaal-pakketbrievenbus-paca\\\/\",\"name\":\"Cortenstaal pakketbrievenbus Paca, koopt u; cortenstaalverkoop.nl\",\"isPartOf\":{\"@id\":\"https:\\\/\\\/cortenstaalverkoop.nl\\\/#website\"},\"primaryImageOfPage\":{\"@id\":\"https:\\\/\\\/cortenstaalverkoop.nl\\\/product\\\/cortenstaal-pakketbrievenbus-paca\\\/#primaryimage\"},\"image\":{\"@id\":\"https:\\\/\\\/cortenstaalverkoop.nl\\\/product\\\/cortenstaal-pakketbrievenbus-paca\\\/#primaryimage\"},\"thumbnailUrl\":\"https:\\\/\\\/cortenstaalverkoop.nl\\\/wp-content\\\/uploads\\\/2021\\\/03\\\/brievenbus-PACA-nieuw.webp\",\"datePublished\":\"2021-03-04T10:27:04+00:00\",\"dateModified\":\"2026-04-15T07:48:05+00:00\",\"description\":\"\u2705 Cortenstaal pakketbrievenbus Paca \u2705 de beste kwaliteit \u2705 5 jaar garantie! Bestel uw pakketbrievenbus goedkoop bij cortenstaalverkoop.nl\",\"breadcrumb\":{\"@id\":\"https:\\\/\\\/cortenstaalverkoop.nl\\\/product\\\/cortenstaal-pakketbrievenbus-paca\\\/#breadcrumb\"},\"inLanguage\":\"de\",\"potentialAction\":[{\"@type\":\"ReadAction\",\"target\":[\"https:\\\/\\\/cortenstaalverkoop.nl\\\/product\\\/cortenstaal-pakketbrievenbus-paca\\\/\"]}]},{\"@type\":\"ImageObject\",\"inLanguage\":\"de\",\"@id\":\"https:\\\/\\\/cortenstaalverkoop.nl\\\/product\\\/cortenstaal-pakketbrievenbus-paca\\\/#primaryimage\",\"url\":\"https:\\\/\\\/cortenstaalverkoop.nl\\\/wp-content\\\/uploads\\\/2021\\\/03\\\/brievenbus-PACA-nieuw.webp\",\"contentUrl\":\"https:\\\/\\\/cortenstaalverkoop.nl\\\/wp-content\\\/uploads\\\/2021\\\/03\\\/brievenbus-PACA-nieuw.webp\",\"width\":699,\"height\":699,\"caption\":\"Cortenstaal pakketbrievenbus Paca\"},{\"@type\":\"BreadcrumbList\",\"@id\":\"https:\\\/\\\/cortenstaalverkoop.nl\\\/product\\\/cortenstaal-pakketbrievenbus-paca\\\/#breadcrumb\",\"itemListElement\":[{\"@type\":\"ListItem\",\"position\":1,\"name\":\"Home\",\"item\":\"https:\\\/\\\/cortenstaalverkoop.nl\\\/\"},{\"@type\":\"ListItem\",\"position\":2,\"name\":\"Assortiment\",\"item\":\"https:\\\/\\\/cortenstaalverkoop.nl\\\/assortiment-cortenstaal\\\/\"},{\"@type\":\"ListItem\",\"position\":3,\"name\":\"Cortenstaal pakketbrievenbus Paca\"}]},{\"@type\":\"WebSite\",\"@id\":\"https:\\\/\\\/cortenstaalverkoop.nl\\\/#website\",\"url\":\"https:\\\/\\\/cortenstaalverkoop.nl\\\/\",\"name\":\"Cortenstaalverkoop.nl\",\"description\":\"de cortenstaal specialist!\",\"publisher\":{\"@id\":\"https:\\\/\\\/cortenstaalverkoop.nl\\\/#organization\"},\"potentialAction\":[{\"@type\":\"SearchAction\",\"target\":{\"@type\":\"EntryPoint\",\"urlTemplate\":\"https:\\\/\\\/cortenstaalverkoop.nl\\\/?s={search_term_string}\"},\"query-input\":{\"@type\":\"PropertyValueSpecification\",\"valueRequired\":true,\"valueName\":\"search_term_string\"}}],\"inLanguage\":\"de\"},{\"@type\":\"Organization\",\"@id\":\"https:\\\/\\\/cortenstaalverkoop.nl\\\/#organization\",\"name\":\"Cortenstaalverkoop.nl\",\"url\":\"https:\\\/\\\/cortenstaalverkoop.nl\\\/\",\"logo\":{\"@type\":\"ImageObject\",\"inLanguage\":\"de\",\"@id\":\"https:\\\/\\\/cortenstaalverkoop.nl\\\/#\\\/schema\\\/logo\\\/image\\\/\",\"url\":\"https:\\\/\\\/cortenstaalverkoop.nl\\\/wp-content\\\/uploads\\\/2019\\\/11\\\/cortenstaal-logo-1.png\",\"contentUrl\":\"https:\\\/\\\/cortenstaalverkoop.nl\\\/wp-content\\\/uploads\\\/2019\\\/11\\\/cortenstaal-logo-1.png\",\"width\":480,\"height\":163,\"caption\":\"Cortenstaalverkoop.nl\"},\"image\":{\"@id\":\"https:\\\/\\\/cortenstaalverkoop.nl\\\/#\\\/schema\\\/logo\\\/image\\\/\"}}]}<\/script>\n<!-- \/ Yoast SEO plugin. -->","yoast_head_json":{"title":"Corten-Stahl Paket-Briefkasten Paca, die Sie kaufen; cortenstaalverkoop.nl","description":"\u2705 Cortenstahl Paketbriefkasten Paca \u2705 beste Qualit\u00e4t \u2705 5 Jahre Garantie! Bestellen Sie Ihren Paketbriefkasten g\u00fcnstig bei cortenstaalverkoop.nl","robots":{"index":"index","follow":"follow","max-snippet":"max-snippet:-1","max-image-preview":"max-image-preview:large","max-video-preview":"max-video-preview:-1"},"canonical":"https:\/\/cortenstaalverkoop.nl\/de\/produkt\/cortenstahl-paketbriefkasten-paca\/","og_locale":"de_DE","og_type":"article","og_title":"Cortenstaal pakketbrievenbus Paca, koopt u; cortenstaalverkoop.nl","og_description":"\u2705 Cortenstaal pakketbrievenbus Paca \u2705 de beste kwaliteit \u2705 5 jaar garantie! Bestel uw pakketbrievenbus goedkoop bij cortenstaalverkoop.nl","og_url":"https:\/\/cortenstaalverkoop.nl\/de\/produkt\/cortenstahl-paketbriefkasten-paca\/","og_site_name":"Cortenstaalverkoop.nl","article_modified_time":"2026-04-15T07:48:05+00:00","og_image":[{"width":699,"height":699,"url":"https:\/\/cortenstaalverkoop.nl\/wp-content\/uploads\/2021\/03\/brievenbus-PACA-nieuw.webp","type":"image\/webp"}],"twitter_card":"summary_large_image","twitter_misc":{"Gesch\u00e4tzte Lesezeit":"2\u00a0Minuten"},"schema":{"@context":"https:\/\/schema.org","@graph":[{"@type":"WebPage","@id":"https:\/\/cortenstaalverkoop.nl\/product\/cortenstaal-pakketbrievenbus-paca\/","url":"https:\/\/cortenstaalverkoop.nl\/product\/cortenstaal-pakketbrievenbus-paca\/","name":"Corten-Stahl Paket-Briefkasten Paca, die Sie kaufen; cortenstaalverkoop.nl","isPartOf":{"@id":"https:\/\/cortenstaalverkoop.nl\/#website"},"primaryImageOfPage":{"@id":"https:\/\/cortenstaalverkoop.nl\/product\/cortenstaal-pakketbrievenbus-paca\/#primaryimage"},"image":{"@id":"https:\/\/cortenstaalverkoop.nl\/product\/cortenstaal-pakketbrievenbus-paca\/#primaryimage"},"thumbnailUrl":"https:\/\/cortenstaalverkoop.nl\/wp-content\/uploads\/2021\/03\/brievenbus-PACA-nieuw.webp","datePublished":"2021-03-04T10:27:04+00:00","dateModified":"2026-04-15T07:48:05+00:00","description":"\u2705 Cortenstahl Paketbriefkasten Paca \u2705 beste Qualit\u00e4t \u2705 5 Jahre Garantie! Bestellen Sie Ihren Paketbriefkasten g\u00fcnstig bei cortenstaalverkoop.nl","breadcrumb":{"@id":"https:\/\/cortenstaalverkoop.nl\/product\/cortenstaal-pakketbrievenbus-paca\/#breadcrumb"},"inLanguage":"de","potentialAction":[{"@type":"ReadAction","target":["https:\/\/cortenstaalverkoop.nl\/product\/cortenstaal-pakketbrievenbus-paca\/"]}]},{"@type":"ImageObject","inLanguage":"de","@id":"https:\/\/cortenstaalverkoop.nl\/product\/cortenstaal-pakketbrievenbus-paca\/#primaryimage","url":"https:\/\/cortenstaalverkoop.nl\/wp-content\/uploads\/2021\/03\/brievenbus-PACA-nieuw.webp","contentUrl":"https:\/\/cortenstaalverkoop.nl\/wp-content\/uploads\/2021\/03\/brievenbus-PACA-nieuw.webp","width":699,"height":699,"caption":"Cortenstaal pakketbrievenbus Paca"},{"@type":"BreadcrumbList","@id":"https:\/\/cortenstaalverkoop.nl\/product\/cortenstaal-pakketbrievenbus-paca\/#breadcrumb","itemListElement":[{"@type":"ListItem","position":1,"name":"Home","item":"https:\/\/cortenstaalverkoop.nl\/"},{"@type":"ListItem","position":2,"name":"Assortiment","item":"https:\/\/cortenstaalverkoop.nl\/assortiment-cortenstaal\/"},{"@type":"ListItem","position":3,"name":"Cortenstaal pakketbrievenbus Paca"}]},{"@type":"WebSite","@id":"https:\/\/cortenstaalverkoop.nl\/#website","url":"https:\/\/cortenstaalverkoop.nl\/","name":"Cortenstaalverkoop.nl","description":"die cortenstaal-Spezialisten!","publisher":{"@id":"https:\/\/cortenstaalverkoop.nl\/#organization"},"potentialAction":[{"@type":"SearchAction","target":{"@type":"EntryPoint","urlTemplate":"https:\/\/cortenstaalverkoop.nl\/?s={search_term_string}"},"query-input":{"@type":"PropertyValueSpecification","valueRequired":true,"valueName":"search_term_string"}}],"inLanguage":"de"},{"@type":"Organization","@id":"https:\/\/cortenstaalverkoop.nl\/#organization","name":"Cortenstaalverkoop.nl","url":"https:\/\/cortenstaalverkoop.nl\/","logo":{"@type":"ImageObject","inLanguage":"de","@id":"https:\/\/cortenstaalverkoop.nl\/#\/schema\/logo\/image\/","url":"https:\/\/cortenstaalverkoop.nl\/wp-content\/uploads\/2019\/11\/cortenstaal-logo-1.png","contentUrl":"https:\/\/cortenstaalverkoop.nl\/wp-content\/uploads\/2019\/11\/cortenstaal-logo-1.png","width":480,"height":163,"caption":"Cortenstaalverkoop.nl"},"image":{"@id":"https:\/\/cortenstaalverkoop.nl\/#\/schema\/logo\/image\/"}}]}},"_links":{"self":[{"href":"https:\/\/cortenstaalverkoop.nl\/de\/wp-json\/wp\/v2\/product\/5477","targetHints":{"allow":["GET"]}}],"collection":[{"href":"https:\/\/cortenstaalverkoop.nl\/de\/wp-json\/wp\/v2\/product"}],"about":[{"href":"https:\/\/cortenstaalverkoop.nl\/de\/wp-json\/wp\/v2\/types\/product"}],"version-history":[{"count":11,"href":"https:\/\/cortenstaalverkoop.nl\/de\/wp-json\/wp\/v2\/product\/5477\/revisions"}],"predecessor-version":[{"id":11187,"href":"https:\/\/cortenstaalverkoop.nl\/de\/wp-json\/wp\/v2\/product\/5477\/revisions\/11187"}],"wp:featuredmedia":[{"embeddable":true,"href":"https:\/\/cortenstaalverkoop.nl\/de\/wp-json\/wp\/v2\/media\/10634"}],"wp:attachment":[{"href":"https:\/\/cortenstaalverkoop.nl\/de\/wp-json\/wp\/v2\/media?parent=5477"}],"wp:term":[{"taxonomy":"product_brand","embeddable":true,"href":"https:\/\/cortenstaalverkoop.nl\/de\/wp-json\/wp\/v2\/product_brand?post=5477"},{"taxonomy":"product_cat","embeddable":true,"href":"https:\/\/cortenstaalverkoop.nl\/de\/wp-json\/wp\/v2\/product_cat?post=5477"},{"taxonomy":"product_tag","embeddable":true,"href":"https:\/\/cortenstaalverkoop.nl\/de\/wp-json\/wp\/v2\/product_tag?post=5477"}],"curies":[{"name":"wp","href":"https:\/\/api.w.org\/{rel}","templated":true}]}}