{"id":6503,"date":"2021-10-23T12:10:27","date_gmt":"2021-10-23T10:10:27","guid":{"rendered":"https:\/\/cortenstaalverkoop.nl\/?post_type=product&#038;p=6503"},"modified":"2026-04-13T14:44:40","modified_gmt":"2026-04-13T12:44:40","slug":"cortenstahl-gartenkamin-digna","status":"publish","type":"product","link":"https:\/\/cortenstaalverkoop.nl\/de\/product\/cortenstaal-tuinhaard-digna\/","title":{"rendered":"Cortenstahl Gartenkamin Digna"},"content":{"rendered":"<div data-elementor-type=\"wp-post\" data-elementor-id=\"6503\" class=\"elementor elementor-6503\">\n\t\t\t\t\t\t<section class=\"elementor-section elementor-top-section elementor-element elementor-element-2ef1471c elementor-section-boxed elementor-section-height-default elementor-section-height-default\" data-id=\"2ef1471c\" data-element_type=\"section\" data-e-type=\"section\">\n\t\t\t\t\t\t<div class=\"elementor-container elementor-column-gap-default\">\n\t\t\t\t\t<div class=\"elementor-column elementor-col-100 elementor-top-column elementor-element elementor-element-c80cda7\" data-id=\"c80cda7\" data-element_type=\"column\" data-e-type=\"column\">\n\t\t\t<div class=\"elementor-widget-wrap elementor-element-populated\">\n\t\t\t\t\t\t<div class=\"elementor-element elementor-element-e455628 elementor-widget elementor-widget-text-editor\" data-id=\"e455628\" data-element_type=\"widget\" data-e-type=\"widget\" data-widget_type=\"text-editor.default\">\n\t\t\t\t<div class=\"elementor-widget-container\">\n\t\t\t\t\t\t\t\t\t<p>Dieser Cortenstahl-Gartenkamin Digna ist mit seinen klaren Formen eigenwillig, zeitlos und vor allem einzigartig. Dieser robuste Durchsichtkamin hat rundum Fenster mit einer T\u00fcr an der Vorderseite. Dadurch kann jeder das wundersch\u00f6ne Flammenspiel genie\u00dfen. Die Abmessungen sind: 110 cm oder 95 cm hoch, 50 cm tief und 50 cm breit. Der Cortenstahl-Gartenkamin Digna ist standardm\u00e4\u00dfig mit einem Rost ausgestattet und wurde entwickelt, um mit nur wenigen Holzst\u00fccken ein wundersch\u00f6nes Flammenspiel zu erzeugen! Au\u00dferdem m\u00fcssen Sie sich keine Sorgen um die Wartung des Kamins machen. Um l\u00e4stigen Rauch zu vermeiden, sollten Sie trockenes Holz verwenden. Dar\u00fcber hinaus ist es wichtig, die Asche nach Gebrauch zu entfernen. Gl\u00fccklicherweise ist das Aufr\u00e4umen der Asche sehr einfach und der Rest wird der Natur \u00fcberlassen. Im Laufe der Zeit bekommt der Cortenstahl seine besondere, tiefe Rostbraun-Farbe.<\/p><p>Die Materialst\u00e4rke dieses Gartenkamins betr\u00e4gt 3 mm. Auslassdurchmesser betr\u00e4gt 150 mm. <a href=\"https:\/\/cortenstaalverkoop.nl\/product\/cortenstaal-vuurelementen\/cortenstaal-afvoer\/\" target=\"_blank\" rel=\"noopener noreferrer\">Schornstein<\/a> und <a href=\"https:\/\/cortenstaalverkoop.nl\/product\/cortenstaal-vuurelementen\/cortenstaal-regenkap\/\" target=\"_blank\" rel=\"noopener noreferrer\">Regenhut<\/a> sind auch in Cortenstahl in diesem Shop erh\u00e4ltlich. Dank der nat\u00fcrlichen Schutzschicht, die durch den Rostprozess entsteht, ist Cortenstahl sehr langlebig. Das bedeutet, dass das Produkt wenig Wartung ben\u00f6tigt und eine lange Lebensdauer hat. Zudem ist Cortenstahl umweltfreundlich, da er vollst\u00e4ndig recycelbar ist. Kurz gesagt, eine ausgezeichnete Wahl, wenn Sie Langlebigkeit und geringen Wartungsaufwand suchen.<\/p><h4>Vorteile:<\/h4><ul><li>Sehr stark und abriebfest.<\/li><li>Schlankes, zeitloses Design.<\/li><li>Witterungsbest\u00e4ndiges und langlebiges Material.<\/li><li>Warmer und nat\u00fcrlicher Look.<\/li><li>5 Jahre Garantie.<\/li><\/ul><h4>feuer beratung:<\/h4><ul><li>Beginnen Sie mit Anz\u00fcndern mit kleinen St\u00fccken trockenen Holzes obenauf.<\/li><li>Verwenden Sie kleine trockene Holzst\u00fccke, um den Ofen + Kamin langsam aufzuheizen.<\/li><li>Sobald es brennt, erh\u00f6hen Sie langsam das Feuer (max. 1,5 kg trockenes Holz gleichzeitig im Kamin).<\/li><\/ul><h4>Wartung:<\/h4><ul><li>Entfernen Sie nach Gebrauch die Asche und reinigen Sie den Kamin einmal im Jahr.<\/li><li>Cortenstahl ist sehr langlebig. Der Rostprozess sorgt daf\u00fcr, dass sich auf dem Cortenstahl eine Schutzschicht befindet. Das Produkt erfordert daher keine weitere Wartung.<\/li><li>\u00d6len oder Lackieren ist nicht notwendig.<\/li><\/ul><p>Die Produkte werden rostfrei geliefert.<br \/>Produkte m\u00fcssen sofort nach Lieferung ausgepackt werden. Eventuelle Feuchtigkeit zwischen Verpackung und Produkt kann dann verdunsten. Dies kann ungleichm\u00e4\u00dfige Rost- und Fleckenbildung verursachen.\u00a0<\/p><p><strong>Produktinfo Cortenstahl:<\/strong><br \/><a href=\"https:\/\/nl.wikipedia.org\/wiki\/Cortenstaal\" target=\"_blank\" rel=\"noopener noreferrer\">Cor-Ten-Stahl<\/a> Auch bekannt als wetterfester Stahl. Es handelt sich um eine Metalllegierung, die aus Eisen besteht, dem Kupfer, Silizium, Nickel und Chrom zugesetzt werden. Cor-Ten ist daher ein sehr starkes Stahltyp, der die Eigenschaft besitzt, sich bei der Exposition gegen\u00fcber der Au\u00dfenluft mit einer sch\u00fctzenden Rostschicht zu bedecken. Danach bildet diese Schicht einen Schutz gegen weitere Korrosion. Typisch f\u00fcr Cortenstahl sind die wundersch\u00f6ne orangenbraune Rostfarbe und die lange Lebensdauer.<\/p><p>F\u00fcr Lieferungen nach Deutschland und \u00d6sterreich gelten folgende Versandkosten pro Gesamtbestellung: kleine Pakete \u20ac45, leichter Transport \u20ac80, Standardtransport \u20ac280 und Schwertransport \u20ac380 (inklusive Lieferung mit Mitnahmestapler)<\/p>\t\t\t\t\t\t\t\t<\/div>\n\t\t\t\t<\/div>\n\t\t\t\t\t<\/div>\n\t\t<\/div>\n\t\t\t\t\t<\/div>\n\t\t<\/section>\n\t\t\t\t<\/div>","protected":false},"excerpt":{"rendered":"<p>Dieser Cortenstaal tuinhaard Digna ist ein sch\u00f6ner Terrassenkamin, der durch sein schlichtes und zeitloses Design zu einem echten Hingucker in Ihrem Garten wird. Der Gartenkamin Digna aus Cortenstahl ist ein stabiler Au\u00dfenkamin mit 110 oder 95 cm H\u00f6he, 50 cm Tiefe und 50 cm Breite. Dieser durchsichtige Kamin hat an 4 Seiten Fenster, sodass jeder die sch\u00f6nen Flammen genie\u00dfen kann. Dieser Gartenkamin aus Cortenstahl ist aus 3 mm starkem Cortenstahl gefertigt. Ablaufdurchmesser 150 mm.<\/p>\n<ul>\n<li>Sehr stark und abriebfest.<\/li>\n<li>Witterungsbest\u00e4ndiges und langlebiges Material.<\/li>\n<li>5 Jahre Garantie!<\/li>\n<\/ul>","protected":false},"featured_media":6519,"template":"","meta":{"site-sidebar-layout":"default","site-content-layout":"default","ast-site-content-layout":"default","site-content-style":"default","site-sidebar-style":"default","ast-global-header-display":"","ast-banner-title-visibility":"","ast-main-header-display":"","ast-hfb-above-header-display":"","ast-hfb-below-header-display":"","ast-hfb-mobile-header-display":"","site-post-title":"","ast-breadcrumbs-content":"","ast-featured-img":"","footer-sml-layout":"","ast-disable-related-posts":"","theme-transparent-header-meta":"default","adv-header-id-meta":"","stick-header-meta":"","header-above-stick-meta":"","header-main-stick-meta":"","header-below-stick-meta":"","astra-migrate-meta-layouts":"set","ast-page-background-enabled":"default","ast-page-background-meta":{"desktop":{"background-color":"","background-image":"","background-repeat":"repeat","background-position":"center center","background-size":"auto","background-attachment":"scroll","background-type":"","background-media":"","overlay-type":"","overlay-color":"","overlay-opacity":"","overlay-gradient":""},"tablet":{"background-color":"","background-image":"","background-repeat":"repeat","background-position":"center center","background-size":"auto","background-attachment":"scroll","background-type":"","background-media":"","overlay-type":"","overlay-color":"","overlay-opacity":"","overlay-gradient":""},"mobile":{"background-color":"","background-image":"","background-repeat":"repeat","background-position":"center center","background-size":"auto","background-attachment":"scroll","background-type":"","background-media":"","overlay-type":"","overlay-color":"","overlay-opacity":"","overlay-gradient":""}},"ast-content-background-meta":{"desktop":{"background-color":"var(--ast-global-color-5)","background-image":"","background-repeat":"repeat","background-position":"center center","background-size":"auto","background-attachment":"scroll","background-type":"","background-media":"","overlay-type":"","overlay-color":"","overlay-opacity":"","overlay-gradient":""},"tablet":{"background-color":"var(--ast-global-color-5)","background-image":"","background-repeat":"repeat","background-position":"center center","background-size":"auto","background-attachment":"scroll","background-type":"","background-media":"","overlay-type":"","overlay-color":"","overlay-opacity":"","overlay-gradient":""},"mobile":{"background-color":"var(--ast-global-color-5)","background-image":"","background-repeat":"repeat","background-position":"center center","background-size":"auto","background-attachment":"scroll","background-type":"","background-media":"","overlay-type":"","overlay-color":"","overlay-opacity":"","overlay-gradient":""}}},"product_brand":[],"product_cat":[58],"product_tag":[],"class_list":{"0":"post-6503","1":"product","2":"type-product","3":"status-publish","4":"has-post-thumbnail","6":"product_cat-cortenstaal-vuurelementen","7":"product_shipping_class-fritom","8":"desktop-align-left","9":"tablet-align-left","10":"mobile-align-left","12":"first","13":"instock","14":"taxable","15":"shipping-taxable","16":"purchasable","17":"product-type-variable"},"yoast_head":"<!-- This site is optimized with the Yoast SEO plugin v27.4 - https:\/\/yoast.com\/product\/yoast-seo-wordpress\/ -->\n<title>Cortenstaal tuinhaard Digna koopt u bij cortenstaalverkoop.nl<\/title>\n<meta name=\"description\" content=\"\u2705 Cortenstaal tuinhaard Digna \u2705 de beste kwaliteit \u2705 5 jaar garantie! Bestel uw cortenstaal tuinhaard goedkoop bij cortenstaalverkoop.nl!\" \/>\n<meta name=\"robots\" content=\"index, follow, max-snippet:-1, max-image-preview:large, max-video-preview:-1\" \/>\n<link rel=\"canonical\" href=\"https:\/\/cortenstaalverkoop.nl\/de\/produkt\/cortenstahl-gartenkamin-digna\/\" \/>\n<meta property=\"og:locale\" content=\"de_DE\" \/>\n<meta property=\"og:type\" content=\"article\" \/>\n<meta property=\"og:title\" content=\"Cortenstaal tuinhaard Digna koopt u bij cortenstaalverkoop.nl\" \/>\n<meta property=\"og:description\" content=\"\u2705 Cortenstaal tuinhaard Digna \u2705 de beste kwaliteit \u2705 5 jaar garantie! Bestel uw cortenstaal tuinhaard goedkoop bij cortenstaalverkoop.nl!\" \/>\n<meta property=\"og:url\" content=\"https:\/\/cortenstaalverkoop.nl\/de\/produkt\/cortenstahl-gartenkamin-digna\/\" \/>\n<meta property=\"og:site_name\" content=\"Cortenstaalverkoop.nl\" \/>\n<meta property=\"article:modified_time\" content=\"2026-04-13T12:44:40+00:00\" \/>\n<meta property=\"og:image\" content=\"https:\/\/cortenstaalverkoop.nl\/wp-content\/uploads\/2021\/10\/buitenhaard-Odin.png\" \/>\n\t<meta property=\"og:image:width\" content=\"699\" \/>\n\t<meta property=\"og:image:height\" content=\"699\" \/>\n\t<meta property=\"og:image:type\" content=\"image\/png\" \/>\n<meta name=\"twitter:card\" content=\"summary_large_image\" \/>\n<meta name=\"twitter:label1\" content=\"Gesch\u00e4tzte Lesezeit\" \/>\n\t<meta name=\"twitter:data1\" content=\"3\u00a0Minuten\" \/>\n<script type=\"application\/ld+json\" class=\"yoast-schema-graph\">{\"@context\":\"https:\\\/\\\/schema.org\",\"@graph\":[{\"@type\":\"WebPage\",\"@id\":\"https:\\\/\\\/cortenstaalverkoop.nl\\\/product\\\/cortenstaal-tuinhaard-digna\\\/\",\"url\":\"https:\\\/\\\/cortenstaalverkoop.nl\\\/product\\\/cortenstaal-tuinhaard-digna\\\/\",\"name\":\"Cortenstaal tuinhaard Digna koopt u bij cortenstaalverkoop.nl\",\"isPartOf\":{\"@id\":\"https:\\\/\\\/cortenstaalverkoop.nl\\\/#website\"},\"primaryImageOfPage\":{\"@id\":\"https:\\\/\\\/cortenstaalverkoop.nl\\\/product\\\/cortenstaal-tuinhaard-digna\\\/#primaryimage\"},\"image\":{\"@id\":\"https:\\\/\\\/cortenstaalverkoop.nl\\\/product\\\/cortenstaal-tuinhaard-digna\\\/#primaryimage\"},\"thumbnailUrl\":\"https:\\\/\\\/cortenstaalverkoop.nl\\\/wp-content\\\/uploads\\\/2021\\\/10\\\/buitenhaard-Odin.png\",\"datePublished\":\"2021-10-23T10:10:27+00:00\",\"dateModified\":\"2026-04-13T12:44:40+00:00\",\"description\":\"\u2705 Cortenstaal tuinhaard Digna \u2705 de beste kwaliteit \u2705 5 jaar garantie! Bestel uw cortenstaal tuinhaard goedkoop bij cortenstaalverkoop.nl!\",\"breadcrumb\":{\"@id\":\"https:\\\/\\\/cortenstaalverkoop.nl\\\/product\\\/cortenstaal-tuinhaard-digna\\\/#breadcrumb\"},\"inLanguage\":\"de\",\"potentialAction\":[{\"@type\":\"ReadAction\",\"target\":[\"https:\\\/\\\/cortenstaalverkoop.nl\\\/product\\\/cortenstaal-tuinhaard-digna\\\/\"]}]},{\"@type\":\"ImageObject\",\"inLanguage\":\"de\",\"@id\":\"https:\\\/\\\/cortenstaalverkoop.nl\\\/product\\\/cortenstaal-tuinhaard-digna\\\/#primaryimage\",\"url\":\"https:\\\/\\\/cortenstaalverkoop.nl\\\/wp-content\\\/uploads\\\/2021\\\/10\\\/buitenhaard-Odin.png\",\"contentUrl\":\"https:\\\/\\\/cortenstaalverkoop.nl\\\/wp-content\\\/uploads\\\/2021\\\/10\\\/buitenhaard-Odin.png\",\"width\":699,\"height\":699,\"caption\":\"Cortenstaal buitenhaard Digna\"},{\"@type\":\"BreadcrumbList\",\"@id\":\"https:\\\/\\\/cortenstaalverkoop.nl\\\/product\\\/cortenstaal-tuinhaard-digna\\\/#breadcrumb\",\"itemListElement\":[{\"@type\":\"ListItem\",\"position\":1,\"name\":\"Home\",\"item\":\"https:\\\/\\\/cortenstaalverkoop.nl\\\/\"},{\"@type\":\"ListItem\",\"position\":2,\"name\":\"Assortiment\",\"item\":\"https:\\\/\\\/cortenstaalverkoop.nl\\\/assortiment-cortenstaal\\\/\"},{\"@type\":\"ListItem\",\"position\":3,\"name\":\"Cortenstaal tuinhaard Digna\"}]},{\"@type\":\"WebSite\",\"@id\":\"https:\\\/\\\/cortenstaalverkoop.nl\\\/#website\",\"url\":\"https:\\\/\\\/cortenstaalverkoop.nl\\\/\",\"name\":\"Cortenstaalverkoop.nl\",\"description\":\"de cortenstaal specialist!\",\"publisher\":{\"@id\":\"https:\\\/\\\/cortenstaalverkoop.nl\\\/#organization\"},\"potentialAction\":[{\"@type\":\"SearchAction\",\"target\":{\"@type\":\"EntryPoint\",\"urlTemplate\":\"https:\\\/\\\/cortenstaalverkoop.nl\\\/?s={search_term_string}\"},\"query-input\":{\"@type\":\"PropertyValueSpecification\",\"valueRequired\":true,\"valueName\":\"search_term_string\"}}],\"inLanguage\":\"de\"},{\"@type\":\"Organization\",\"@id\":\"https:\\\/\\\/cortenstaalverkoop.nl\\\/#organization\",\"name\":\"Cortenstaalverkoop.nl\",\"url\":\"https:\\\/\\\/cortenstaalverkoop.nl\\\/\",\"logo\":{\"@type\":\"ImageObject\",\"inLanguage\":\"de\",\"@id\":\"https:\\\/\\\/cortenstaalverkoop.nl\\\/#\\\/schema\\\/logo\\\/image\\\/\",\"url\":\"https:\\\/\\\/cortenstaalverkoop.nl\\\/wp-content\\\/uploads\\\/2019\\\/11\\\/cortenstaal-logo-1.png\",\"contentUrl\":\"https:\\\/\\\/cortenstaalverkoop.nl\\\/wp-content\\\/uploads\\\/2019\\\/11\\\/cortenstaal-logo-1.png\",\"width\":480,\"height\":163,\"caption\":\"Cortenstaalverkoop.nl\"},\"image\":{\"@id\":\"https:\\\/\\\/cortenstaalverkoop.nl\\\/#\\\/schema\\\/logo\\\/image\\\/\"}}]}<\/script>\n<!-- \/ Yoast SEO plugin. -->","yoast_head_json":{"title":"Cortenstaal tuinhaard Digna koopt u bij cortenstaalverkoop.nl","description":"\u2705 Cortenstahl Gartenkamin Digna \u2705 beste Qualit\u00e4t \u2705 5 Jahre Garantie! Bestellen Sie Ihren Cortenstahl-Gartenkamin g\u00fcnstig bei cortenstaalverkoop.nl!","robots":{"index":"index","follow":"follow","max-snippet":"max-snippet:-1","max-image-preview":"max-image-preview:large","max-video-preview":"max-video-preview:-1"},"canonical":"https:\/\/cortenstaalverkoop.nl\/de\/produkt\/cortenstahl-gartenkamin-digna\/","og_locale":"de_DE","og_type":"article","og_title":"Cortenstaal tuinhaard Digna koopt u bij cortenstaalverkoop.nl","og_description":"\u2705 Cortenstaal tuinhaard Digna \u2705 de beste kwaliteit \u2705 5 jaar garantie! Bestel uw cortenstaal tuinhaard goedkoop bij cortenstaalverkoop.nl!","og_url":"https:\/\/cortenstaalverkoop.nl\/de\/produkt\/cortenstahl-gartenkamin-digna\/","og_site_name":"Cortenstaalverkoop.nl","article_modified_time":"2026-04-13T12:44:40+00:00","og_image":[{"width":699,"height":699,"url":"https:\/\/cortenstaalverkoop.nl\/wp-content\/uploads\/2021\/10\/buitenhaard-Odin.png","type":"image\/png"}],"twitter_card":"summary_large_image","twitter_misc":{"Gesch\u00e4tzte Lesezeit":"3\u00a0Minuten"},"schema":{"@context":"https:\/\/schema.org","@graph":[{"@type":"WebPage","@id":"https:\/\/cortenstaalverkoop.nl\/product\/cortenstaal-tuinhaard-digna\/","url":"https:\/\/cortenstaalverkoop.nl\/product\/cortenstaal-tuinhaard-digna\/","name":"Cortenstaal tuinhaard Digna koopt u bij cortenstaalverkoop.nl","isPartOf":{"@id":"https:\/\/cortenstaalverkoop.nl\/#website"},"primaryImageOfPage":{"@id":"https:\/\/cortenstaalverkoop.nl\/product\/cortenstaal-tuinhaard-digna\/#primaryimage"},"image":{"@id":"https:\/\/cortenstaalverkoop.nl\/product\/cortenstaal-tuinhaard-digna\/#primaryimage"},"thumbnailUrl":"https:\/\/cortenstaalverkoop.nl\/wp-content\/uploads\/2021\/10\/buitenhaard-Odin.png","datePublished":"2021-10-23T10:10:27+00:00","dateModified":"2026-04-13T12:44:40+00:00","description":"\u2705 Cortenstahl Gartenkamin Digna \u2705 beste Qualit\u00e4t \u2705 5 Jahre Garantie! Bestellen Sie Ihren Cortenstahl-Gartenkamin g\u00fcnstig bei cortenstaalverkoop.nl!","breadcrumb":{"@id":"https:\/\/cortenstaalverkoop.nl\/product\/cortenstaal-tuinhaard-digna\/#breadcrumb"},"inLanguage":"de","potentialAction":[{"@type":"ReadAction","target":["https:\/\/cortenstaalverkoop.nl\/product\/cortenstaal-tuinhaard-digna\/"]}]},{"@type":"ImageObject","inLanguage":"de","@id":"https:\/\/cortenstaalverkoop.nl\/product\/cortenstaal-tuinhaard-digna\/#primaryimage","url":"https:\/\/cortenstaalverkoop.nl\/wp-content\/uploads\/2021\/10\/buitenhaard-Odin.png","contentUrl":"https:\/\/cortenstaalverkoop.nl\/wp-content\/uploads\/2021\/10\/buitenhaard-Odin.png","width":699,"height":699,"caption":"Cortenstaal buitenhaard Digna"},{"@type":"BreadcrumbList","@id":"https:\/\/cortenstaalverkoop.nl\/product\/cortenstaal-tuinhaard-digna\/#breadcrumb","itemListElement":[{"@type":"ListItem","position":1,"name":"Home","item":"https:\/\/cortenstaalverkoop.nl\/"},{"@type":"ListItem","position":2,"name":"Assortiment","item":"https:\/\/cortenstaalverkoop.nl\/assortiment-cortenstaal\/"},{"@type":"ListItem","position":3,"name":"Cortenstaal tuinhaard Digna"}]},{"@type":"WebSite","@id":"https:\/\/cortenstaalverkoop.nl\/#website","url":"https:\/\/cortenstaalverkoop.nl\/","name":"Cortenstaalverkoop.nl","description":"die cortenstaal-Spezialisten!","publisher":{"@id":"https:\/\/cortenstaalverkoop.nl\/#organization"},"potentialAction":[{"@type":"SearchAction","target":{"@type":"EntryPoint","urlTemplate":"https:\/\/cortenstaalverkoop.nl\/?s={search_term_string}"},"query-input":{"@type":"PropertyValueSpecification","valueRequired":true,"valueName":"search_term_string"}}],"inLanguage":"de"},{"@type":"Organization","@id":"https:\/\/cortenstaalverkoop.nl\/#organization","name":"Cortenstaalverkoop.nl","url":"https:\/\/cortenstaalverkoop.nl\/","logo":{"@type":"ImageObject","inLanguage":"de","@id":"https:\/\/cortenstaalverkoop.nl\/#\/schema\/logo\/image\/","url":"https:\/\/cortenstaalverkoop.nl\/wp-content\/uploads\/2019\/11\/cortenstaal-logo-1.png","contentUrl":"https:\/\/cortenstaalverkoop.nl\/wp-content\/uploads\/2019\/11\/cortenstaal-logo-1.png","width":480,"height":163,"caption":"Cortenstaalverkoop.nl"},"image":{"@id":"https:\/\/cortenstaalverkoop.nl\/#\/schema\/logo\/image\/"}}]}},"_links":{"self":[{"href":"https:\/\/cortenstaalverkoop.nl\/de\/wp-json\/wp\/v2\/product\/6503","targetHints":{"allow":["GET"]}}],"collection":[{"href":"https:\/\/cortenstaalverkoop.nl\/de\/wp-json\/wp\/v2\/product"}],"about":[{"href":"https:\/\/cortenstaalverkoop.nl\/de\/wp-json\/wp\/v2\/types\/product"}],"version-history":[{"count":26,"href":"https:\/\/cortenstaalverkoop.nl\/de\/wp-json\/wp\/v2\/product\/6503\/revisions"}],"predecessor-version":[{"id":9252,"href":"https:\/\/cortenstaalverkoop.nl\/de\/wp-json\/wp\/v2\/product\/6503\/revisions\/9252"}],"wp:featuredmedia":[{"embeddable":true,"href":"https:\/\/cortenstaalverkoop.nl\/de\/wp-json\/wp\/v2\/media\/6519"}],"wp:attachment":[{"href":"https:\/\/cortenstaalverkoop.nl\/de\/wp-json\/wp\/v2\/media?parent=6503"}],"wp:term":[{"taxonomy":"product_brand","embeddable":true,"href":"https:\/\/cortenstaalverkoop.nl\/de\/wp-json\/wp\/v2\/product_brand?post=6503"},{"taxonomy":"product_cat","embeddable":true,"href":"https:\/\/cortenstaalverkoop.nl\/de\/wp-json\/wp\/v2\/product_cat?post=6503"},{"taxonomy":"product_tag","embeddable":true,"href":"https:\/\/cortenstaalverkoop.nl\/de\/wp-json\/wp\/v2\/product_tag?post=6503"}],"curies":[{"name":"wp","href":"https:\/\/api.w.org\/{rel}","templated":true}]}}