{"id":6785,"date":"2022-06-11T12:04:43","date_gmt":"2022-06-11T10:04:43","guid":{"rendered":"https:\/\/cortenstaalverkoop.nl\/?post_type=product&#038;p=6785"},"modified":"2024-10-29T14:46:49","modified_gmt":"2024-10-29T13:46:49","slug":"cortenstahl-picknicktisch-horeca","status":"publish","type":"product","link":"https:\/\/cortenstaalverkoop.nl\/de\/product\/cortenstaal-picknicktafel-horeca\/","title":{"rendered":"Cortenstahl Picknicktisch Horeca"},"content":{"rendered":"<p>Dieser Picknicktisch aus Cortenstahl Horeca ist aufgrund seines schlichten und schlichten Designs eine wahre Augenweide. Dieses Set ist aufgrund seines hohen Gewichts von 311 kg ideal f\u00fcr \u00f6ffentliche Bereiche oder auf Ihrer Catering-Terrasse. Dieses Picknick-Set kann auch an der Oberfl\u00e4che befestigt werden. Wenn Sie viel Zeit im Garten verbringen, ist ein robuster Gartentisch ideal, um im Freien zu essen, ein Spiel zu spielen oder bei einem Drink zu entspannen. Dieser robuste Picknicktisch aus Cortenstahl Horeca ist aus nachhaltigem Holz mit einem Gestell aus Cortenstahl gefertigt. Die Tischplatte und die Sitzfl\u00e4che bestehen aus Garapa-Hartholzbrettern, die an einem stabilen Stahlfu\u00df befestigt sind. Es gibt auch lose <a href=\"https:\/\/cortenstaalverkoop.nl\/product\/cortenstaal-tuininrichting\/cortenstaal-tuinbank-furn\/\" target=\"_blank\" rel=\"noopener\">Garten B\u00e4nke<\/a> zum Verkauf. Alle Produkte aus Cortenstahl werden rostfrei geliefert. Dieser Rostprozess wird durch die Witterungseinfl\u00fcsse in Gang gesetzt. Nach etwa 4 bis 5 Monaten ist das Produkt komplett gerostet. Bei diesem Vorgang kann Stahl immer noch abstrahlen, danach nicht mehr. Eine wichtige Eigenschaft von Cortenstahl ist, dass er nicht durchrostet und daher bei jedem Wetter drau\u00dfen bleiben kann. Qualit\u00e4t ist uns sehr wichtig, deshalb geben wir auf alle unsere Produkte 5 Jahre Garantie.<\/p>\n<h4>Vorteile:<\/h4>\n<ul>\n<li>Sehr stark und abriebfest<\/li>\n<li>wartungsarm<\/li>\n<li>Wetterfestes und somit langlebiges Material<\/li>\n<li>Warmes und nat\u00fcrliches Aussehen<\/li>\n<li>Wir verwenden nur den besten Cortenstahl der Sorte S355JOWP<\/li>\n<li>5 Jahre Garantie!<\/li>\n<\/ul>\n<p>Produkte m\u00fcssen sofort nach Lieferung ausgepackt werden. Denn wichtig ist, dass eventuelle Feuchtigkeit zwischen Verpackung und Produkt sofort entweichen kann. Dies kann sonst zu ungleichm\u00e4\u00dfigem Rost und Flecken f\u00fchren.<\/p>\n<h5>Produktinfo Cortenstahl:<\/h5>\n<p><a href=\"https:\/\/nl.wikipedia.org\/wiki\/Cortenstaal\" target=\"_blank\" rel=\"noopener noreferrer\">Cor-Ten-Stahl<\/a> auch als wetterfester Stahl bekannt. Es handelt sich um eine Metalllegierung aus Eisen, dem Kupfer, Silizium, Nickel und Chrom zugesetzt wurden. Cortenstahl ist eine sehr feste Stahlsorte. Denn es hat die Eigenschaft, sich an der Au\u00dfenluft mit einer sch\u00fctzenden Rostschicht zu bedecken. Diese nat\u00fcrliche feste Rostschicht bildet den Schutz gegen weitere Korrosion.<\/p>\n<p>F\u00fcr Lieferungen nach Deutschland und \u00d6sterreich gelten folgende Versandkosten pro Gesamtbestellung: kleine Pakete \u20ac45, leichter Transport \u20ac80, Standardtransport \u20ac280 und Schwertransport \u20ac380 (inklusive Lieferung mit Mitnahmestapler)<\/p>","protected":false},"excerpt":{"rendered":"<p>Es stehen 3 verschiedene Modelle von Picknicksets aus Cortenstahl zum Verkauf, in einer schweren Gastronomie-Version. Das Holz darauf ist Garapa-Hartholz. Diese FSC-Holzart hat \u00e4hnliche Eigenschaften wie Bankirai-Hartholz. Die Farbe ist gelb\/beige bis gelbbraun und wird mit der Zeit hellbraun. Die Tischplatte ist 230 cm lang und 79 oder 103 cm breit. Die H\u00f6he des Tisches betr\u00e4gt 75 oder 76 cm. Die B\u00e4nke sind 230 cm lang und 40 cm breit. Die Sitzh\u00f6he betr\u00e4gt 45 cm.<\/p>\n<p>&nbsp;<\/p>","protected":false},"featured_media":8767,"template":"","meta":{"site-sidebar-layout":"default","site-content-layout":"default","ast-site-content-layout":"default","site-content-style":"default","site-sidebar-style":"default","ast-global-header-display":"","ast-banner-title-visibility":"","ast-main-header-display":"","ast-hfb-above-header-display":"","ast-hfb-below-header-display":"","ast-hfb-mobile-header-display":"","site-post-title":"","ast-breadcrumbs-content":"","ast-featured-img":"","footer-sml-layout":"","ast-disable-related-posts":"","theme-transparent-header-meta":"default","adv-header-id-meta":"","stick-header-meta":"","header-above-stick-meta":"","header-main-stick-meta":"","header-below-stick-meta":"","astra-migrate-meta-layouts":"set","ast-page-background-enabled":"default","ast-page-background-meta":{"desktop":{"background-color":"","background-image":"","background-repeat":"repeat","background-position":"center center","background-size":"auto","background-attachment":"scroll","background-type":"","background-media":"","overlay-type":"","overlay-color":"","overlay-opacity":"","overlay-gradient":""},"tablet":{"background-color":"","background-image":"","background-repeat":"repeat","background-position":"center center","background-size":"auto","background-attachment":"scroll","background-type":"","background-media":"","overlay-type":"","overlay-color":"","overlay-opacity":"","overlay-gradient":""},"mobile":{"background-color":"","background-image":"","background-repeat":"repeat","background-position":"center center","background-size":"auto","background-attachment":"scroll","background-type":"","background-media":"","overlay-type":"","overlay-color":"","overlay-opacity":"","overlay-gradient":""}},"ast-content-background-meta":{"desktop":{"background-color":"var(--ast-global-color-5)","background-image":"","background-repeat":"repeat","background-position":"center center","background-size":"auto","background-attachment":"scroll","background-type":"","background-media":"","overlay-type":"","overlay-color":"","overlay-opacity":"","overlay-gradient":""},"tablet":{"background-color":"var(--ast-global-color-5)","background-image":"","background-repeat":"repeat","background-position":"center center","background-size":"auto","background-attachment":"scroll","background-type":"","background-media":"","overlay-type":"","overlay-color":"","overlay-opacity":"","overlay-gradient":""},"mobile":{"background-color":"var(--ast-global-color-5)","background-image":"","background-repeat":"repeat","background-position":"center center","background-size":"auto","background-attachment":"scroll","background-type":"","background-media":"","overlay-type":"","overlay-color":"","overlay-opacity":"","overlay-gradient":""}}},"product_brand":[],"product_cat":[61],"product_tag":[],"class_list":{"0":"post-6785","1":"product","2":"type-product","3":"status-publish","4":"has-post-thumbnail","6":"product_cat-cortenstaal-tuininrichting","7":"product_shipping_class-fritom","8":"desktop-align-left","9":"tablet-align-left","10":"mobile-align-left","12":"first","13":"instock","14":"taxable","15":"shipping-taxable","16":"purchasable","17":"product-type-variable"},"yoast_head":"<!-- This site is optimized with the Yoast SEO plugin v27.3 - https:\/\/yoast.com\/product\/yoast-seo-wordpress\/ -->\n<title>Cortenstaal picknicktafel Horeca koopt u bij cortenstaalverkoop.nl<\/title>\n<meta name=\"description\" content=\"\u2705 Cortenstaal picknicktafel Horeca \u2705 de beste kwaliteit \u2705 5 jaar garantie! Bestel uw Cortenstaal picknicktafel goedkoop bij cortenstaalverkoop.nl\" \/>\n<meta name=\"robots\" content=\"index, follow, max-snippet:-1, max-image-preview:large, max-video-preview:-1\" \/>\n<link rel=\"canonical\" href=\"https:\/\/cortenstaalverkoop.nl\/de\/produkt\/cortenstahl-picknicktisch-horeca\/\" \/>\n<meta property=\"og:locale\" content=\"de_DE\" \/>\n<meta property=\"og:type\" content=\"article\" \/>\n<meta property=\"og:title\" content=\"Cortenstaal picknicktafel Horeca koopt u bij cortenstaalverkoop.nl\" \/>\n<meta property=\"og:description\" content=\"\u2705 Cortenstaal picknicktafel Horeca \u2705 de beste kwaliteit \u2705 5 jaar garantie! Bestel uw Cortenstaal picknicktafel goedkoop bij cortenstaalverkoop.nl\" \/>\n<meta property=\"og:url\" content=\"https:\/\/cortenstaalverkoop.nl\/de\/produkt\/cortenstahl-picknicktisch-horeca\/\" \/>\n<meta property=\"og:site_name\" content=\"Cortenstaalverkoop.nl\" \/>\n<meta property=\"article:modified_time\" content=\"2024-10-29T13:46:49+00:00\" \/>\n<meta property=\"og:image\" content=\"https:\/\/cortenstaalverkoop.nl\/wp-content\/uploads\/2023\/02\/Picknickset-2.png\" \/>\n\t<meta property=\"og:image:width\" content=\"699\" \/>\n\t<meta property=\"og:image:height\" content=\"699\" \/>\n\t<meta property=\"og:image:type\" content=\"image\/png\" \/>\n<meta name=\"twitter:card\" content=\"summary_large_image\" \/>\n<meta name=\"twitter:label1\" content=\"Gesch\u00e4tzte Lesezeit\" \/>\n\t<meta name=\"twitter:data1\" content=\"2\u00a0Minuten\" \/>\n<script type=\"application\/ld+json\" class=\"yoast-schema-graph\">{\"@context\":\"https:\\\/\\\/schema.org\",\"@graph\":[{\"@type\":\"WebPage\",\"@id\":\"https:\\\/\\\/cortenstaalverkoop.nl\\\/product\\\/cortenstaal-picknicktafel-horeca\\\/\",\"url\":\"https:\\\/\\\/cortenstaalverkoop.nl\\\/product\\\/cortenstaal-picknicktafel-horeca\\\/\",\"name\":\"Cortenstaal picknicktafel Horeca koopt u bij cortenstaalverkoop.nl\",\"isPartOf\":{\"@id\":\"https:\\\/\\\/cortenstaalverkoop.nl\\\/#website\"},\"primaryImageOfPage\":{\"@id\":\"https:\\\/\\\/cortenstaalverkoop.nl\\\/product\\\/cortenstaal-picknicktafel-horeca\\\/#primaryimage\"},\"image\":{\"@id\":\"https:\\\/\\\/cortenstaalverkoop.nl\\\/product\\\/cortenstaal-picknicktafel-horeca\\\/#primaryimage\"},\"thumbnailUrl\":\"https:\\\/\\\/cortenstaalverkoop.nl\\\/wp-content\\\/uploads\\\/2023\\\/02\\\/Picknickset-2.png\",\"datePublished\":\"2022-06-11T10:04:43+00:00\",\"dateModified\":\"2024-10-29T13:46:49+00:00\",\"description\":\"\u2705 Cortenstaal picknicktafel Horeca \u2705 de beste kwaliteit \u2705 5 jaar garantie! Bestel uw Cortenstaal picknicktafel goedkoop bij cortenstaalverkoop.nl\",\"breadcrumb\":{\"@id\":\"https:\\\/\\\/cortenstaalverkoop.nl\\\/product\\\/cortenstaal-picknicktafel-horeca\\\/#breadcrumb\"},\"inLanguage\":\"de\",\"potentialAction\":[{\"@type\":\"ReadAction\",\"target\":[\"https:\\\/\\\/cortenstaalverkoop.nl\\\/product\\\/cortenstaal-picknicktafel-horeca\\\/\"]}]},{\"@type\":\"ImageObject\",\"inLanguage\":\"de\",\"@id\":\"https:\\\/\\\/cortenstaalverkoop.nl\\\/product\\\/cortenstaal-picknicktafel-horeca\\\/#primaryimage\",\"url\":\"https:\\\/\\\/cortenstaalverkoop.nl\\\/wp-content\\\/uploads\\\/2023\\\/02\\\/Picknickset-2.png\",\"contentUrl\":\"https:\\\/\\\/cortenstaalverkoop.nl\\\/wp-content\\\/uploads\\\/2023\\\/02\\\/Picknickset-2.png\",\"width\":699,\"height\":699,\"caption\":\"Cortenstaal picknicktafel Horeca\"},{\"@type\":\"BreadcrumbList\",\"@id\":\"https:\\\/\\\/cortenstaalverkoop.nl\\\/product\\\/cortenstaal-picknicktafel-horeca\\\/#breadcrumb\",\"itemListElement\":[{\"@type\":\"ListItem\",\"position\":1,\"name\":\"Home\",\"item\":\"https:\\\/\\\/cortenstaalverkoop.nl\\\/\"},{\"@type\":\"ListItem\",\"position\":2,\"name\":\"Assortiment\",\"item\":\"https:\\\/\\\/cortenstaalverkoop.nl\\\/assortiment-cortenstaal\\\/\"},{\"@type\":\"ListItem\",\"position\":3,\"name\":\"Cortenstaal picknicktafel Horeca\"}]},{\"@type\":\"WebSite\",\"@id\":\"https:\\\/\\\/cortenstaalverkoop.nl\\\/#website\",\"url\":\"https:\\\/\\\/cortenstaalverkoop.nl\\\/\",\"name\":\"Cortenstaalverkoop.nl\",\"description\":\"de cortenstaal specialist!\",\"publisher\":{\"@id\":\"https:\\\/\\\/cortenstaalverkoop.nl\\\/#organization\"},\"potentialAction\":[{\"@type\":\"SearchAction\",\"target\":{\"@type\":\"EntryPoint\",\"urlTemplate\":\"https:\\\/\\\/cortenstaalverkoop.nl\\\/?s={search_term_string}\"},\"query-input\":{\"@type\":\"PropertyValueSpecification\",\"valueRequired\":true,\"valueName\":\"search_term_string\"}}],\"inLanguage\":\"de\"},{\"@type\":\"Organization\",\"@id\":\"https:\\\/\\\/cortenstaalverkoop.nl\\\/#organization\",\"name\":\"Cortenstaalverkoop.nl\",\"url\":\"https:\\\/\\\/cortenstaalverkoop.nl\\\/\",\"logo\":{\"@type\":\"ImageObject\",\"inLanguage\":\"de\",\"@id\":\"https:\\\/\\\/cortenstaalverkoop.nl\\\/#\\\/schema\\\/logo\\\/image\\\/\",\"url\":\"https:\\\/\\\/cortenstaalverkoop.nl\\\/wp-content\\\/uploads\\\/2019\\\/11\\\/cortenstaal-logo-1.png\",\"contentUrl\":\"https:\\\/\\\/cortenstaalverkoop.nl\\\/wp-content\\\/uploads\\\/2019\\\/11\\\/cortenstaal-logo-1.png\",\"width\":480,\"height\":163,\"caption\":\"Cortenstaalverkoop.nl\"},\"image\":{\"@id\":\"https:\\\/\\\/cortenstaalverkoop.nl\\\/#\\\/schema\\\/logo\\\/image\\\/\"}}]}<\/script>\n<!-- \/ Yoast SEO plugin. -->","yoast_head_json":{"title":"Cortenstaal picknicktafel Horeca koopt u bij cortenstaalverkoop.nl","description":"\u2705 Cortenstaal picknicktafel Horeca \u2705 de beste kwaliteit \u2705 5 jaar garantie! Bestel uw Cortenstaal picknicktafel goedkoop bij cortenstaalverkoop.nl","robots":{"index":"index","follow":"follow","max-snippet":"max-snippet:-1","max-image-preview":"max-image-preview:large","max-video-preview":"max-video-preview:-1"},"canonical":"https:\/\/cortenstaalverkoop.nl\/de\/produkt\/cortenstahl-picknicktisch-horeca\/","og_locale":"de_DE","og_type":"article","og_title":"Cortenstaal picknicktafel Horeca koopt u bij cortenstaalverkoop.nl","og_description":"\u2705 Cortenstaal picknicktafel Horeca \u2705 de beste kwaliteit \u2705 5 jaar garantie! Bestel uw Cortenstaal picknicktafel goedkoop bij cortenstaalverkoop.nl","og_url":"https:\/\/cortenstaalverkoop.nl\/de\/produkt\/cortenstahl-picknicktisch-horeca\/","og_site_name":"Cortenstaalverkoop.nl","article_modified_time":"2024-10-29T13:46:49+00:00","og_image":[{"width":699,"height":699,"url":"https:\/\/cortenstaalverkoop.nl\/wp-content\/uploads\/2023\/02\/Picknickset-2.png","type":"image\/png"}],"twitter_card":"summary_large_image","twitter_misc":{"Gesch\u00e4tzte Lesezeit":"2\u00a0Minuten"},"schema":{"@context":"https:\/\/schema.org","@graph":[{"@type":"WebPage","@id":"https:\/\/cortenstaalverkoop.nl\/product\/cortenstaal-picknicktafel-horeca\/","url":"https:\/\/cortenstaalverkoop.nl\/product\/cortenstaal-picknicktafel-horeca\/","name":"Cortenstaal picknicktafel Horeca koopt u bij cortenstaalverkoop.nl","isPartOf":{"@id":"https:\/\/cortenstaalverkoop.nl\/#website"},"primaryImageOfPage":{"@id":"https:\/\/cortenstaalverkoop.nl\/product\/cortenstaal-picknicktafel-horeca\/#primaryimage"},"image":{"@id":"https:\/\/cortenstaalverkoop.nl\/product\/cortenstaal-picknicktafel-horeca\/#primaryimage"},"thumbnailUrl":"https:\/\/cortenstaalverkoop.nl\/wp-content\/uploads\/2023\/02\/Picknickset-2.png","datePublished":"2022-06-11T10:04:43+00:00","dateModified":"2024-10-29T13:46:49+00:00","description":"\u2705 Cortenstaal picknicktafel Horeca \u2705 de beste kwaliteit \u2705 5 jaar garantie! Bestel uw Cortenstaal picknicktafel goedkoop bij cortenstaalverkoop.nl","breadcrumb":{"@id":"https:\/\/cortenstaalverkoop.nl\/product\/cortenstaal-picknicktafel-horeca\/#breadcrumb"},"inLanguage":"de","potentialAction":[{"@type":"ReadAction","target":["https:\/\/cortenstaalverkoop.nl\/product\/cortenstaal-picknicktafel-horeca\/"]}]},{"@type":"ImageObject","inLanguage":"de","@id":"https:\/\/cortenstaalverkoop.nl\/product\/cortenstaal-picknicktafel-horeca\/#primaryimage","url":"https:\/\/cortenstaalverkoop.nl\/wp-content\/uploads\/2023\/02\/Picknickset-2.png","contentUrl":"https:\/\/cortenstaalverkoop.nl\/wp-content\/uploads\/2023\/02\/Picknickset-2.png","width":699,"height":699,"caption":"Cortenstaal picknicktafel Horeca"},{"@type":"BreadcrumbList","@id":"https:\/\/cortenstaalverkoop.nl\/product\/cortenstaal-picknicktafel-horeca\/#breadcrumb","itemListElement":[{"@type":"ListItem","position":1,"name":"Home","item":"https:\/\/cortenstaalverkoop.nl\/"},{"@type":"ListItem","position":2,"name":"Assortiment","item":"https:\/\/cortenstaalverkoop.nl\/assortiment-cortenstaal\/"},{"@type":"ListItem","position":3,"name":"Cortenstaal picknicktafel Horeca"}]},{"@type":"WebSite","@id":"https:\/\/cortenstaalverkoop.nl\/#website","url":"https:\/\/cortenstaalverkoop.nl\/","name":"Cortenstaalverkoop.nl","description":"die cortenstaal-Spezialisten!","publisher":{"@id":"https:\/\/cortenstaalverkoop.nl\/#organization"},"potentialAction":[{"@type":"SearchAction","target":{"@type":"EntryPoint","urlTemplate":"https:\/\/cortenstaalverkoop.nl\/?s={search_term_string}"},"query-input":{"@type":"PropertyValueSpecification","valueRequired":true,"valueName":"search_term_string"}}],"inLanguage":"de"},{"@type":"Organization","@id":"https:\/\/cortenstaalverkoop.nl\/#organization","name":"Cortenstaalverkoop.nl","url":"https:\/\/cortenstaalverkoop.nl\/","logo":{"@type":"ImageObject","inLanguage":"de","@id":"https:\/\/cortenstaalverkoop.nl\/#\/schema\/logo\/image\/","url":"https:\/\/cortenstaalverkoop.nl\/wp-content\/uploads\/2019\/11\/cortenstaal-logo-1.png","contentUrl":"https:\/\/cortenstaalverkoop.nl\/wp-content\/uploads\/2019\/11\/cortenstaal-logo-1.png","width":480,"height":163,"caption":"Cortenstaalverkoop.nl"},"image":{"@id":"https:\/\/cortenstaalverkoop.nl\/#\/schema\/logo\/image\/"}}]}},"_links":{"self":[{"href":"https:\/\/cortenstaalverkoop.nl\/de\/wp-json\/wp\/v2\/product\/6785","targetHints":{"allow":["GET"]}}],"collection":[{"href":"https:\/\/cortenstaalverkoop.nl\/de\/wp-json\/wp\/v2\/product"}],"about":[{"href":"https:\/\/cortenstaalverkoop.nl\/de\/wp-json\/wp\/v2\/types\/product"}],"version-history":[{"count":6,"href":"https:\/\/cortenstaalverkoop.nl\/de\/wp-json\/wp\/v2\/product\/6785\/revisions"}],"predecessor-version":[{"id":9955,"href":"https:\/\/cortenstaalverkoop.nl\/de\/wp-json\/wp\/v2\/product\/6785\/revisions\/9955"}],"wp:featuredmedia":[{"embeddable":true,"href":"https:\/\/cortenstaalverkoop.nl\/de\/wp-json\/wp\/v2\/media\/8767"}],"wp:attachment":[{"href":"https:\/\/cortenstaalverkoop.nl\/de\/wp-json\/wp\/v2\/media?parent=6785"}],"wp:term":[{"taxonomy":"product_brand","embeddable":true,"href":"https:\/\/cortenstaalverkoop.nl\/de\/wp-json\/wp\/v2\/product_brand?post=6785"},{"taxonomy":"product_cat","embeddable":true,"href":"https:\/\/cortenstaalverkoop.nl\/de\/wp-json\/wp\/v2\/product_cat?post=6785"},{"taxonomy":"product_tag","embeddable":true,"href":"https:\/\/cortenstaalverkoop.nl\/de\/wp-json\/wp\/v2\/product_tag?post=6785"}],"curies":[{"name":"wp","href":"https:\/\/api.w.org\/{rel}","templated":true}]}}