{"id":7089,"date":"2022-03-30T12:57:45","date_gmt":"2022-03-30T10:57:45","guid":{"rendered":"https:\/\/cortenstaalverkoop.nl\/?post_type=product&#038;p=7089"},"modified":"2026-03-22T10:43:20","modified_gmt":"2026-03-22T09:43:20","slug":"aluminium-wassertisch-rund","status":"publish","type":"product","link":"https:\/\/cortenstaalverkoop.nl\/de\/product\/aluminium-watertafel-rond\/","title":{"rendered":"Aluminium Wassertisch rund"},"content":{"rendered":"<p>Sie w\u00fcnschen sich ein Wasserspiel in Ihrem Garten, haben aber nicht viel Platz? Mit diesem Aluminium Wasserbrunnen rechteckig k\u00f6nnen Sie einfach und schnell ein sch\u00f6nes Wasserspiel in Ihrem Garten schaffen. Diese Wassertische haben eine sehr lange Lebensdauer, da der Wassertisch mit 2 Schichten kratzfester Pulverbeschichtung und der Innenseite mit einer Epoxy-Beschichtung versehen ist. Die Farbe des Standard-Wassertisches ist mattschwarzgrau, RAL7021. Die verschiedenen <a href=\"https:\/\/cortenstaalverkoop.nl\/product\/cortenstaal-waterelementen\/cortenstaal-watertafel-rechthoekig\/\" target=\"_blank\" rel=\"noopener noreferrer\">Wasserbrunnen<\/a> sind in Ihrem Garten durch die LED-Beleuchtung und den Springbrunnen besonders stimmungsvoll. So k\u00f6nnen Sie das sch\u00f6ne Wasserspiel auch abends genie\u00dfen! <span style=\"font-size: 16px;\">Die fertig konfektionierten Wassertische sind in verschiedenen Gr\u00f6\u00dfen erh\u00e4ltlich. Sowohl in runder, quadratischer als auch in rechteckiger Form. Da es aus Aluminium besteht, passt es sowohl in moderne als auch in klassische G\u00e4rten. Die Wassertische bestehen aus 3 mm dickem Aluminium. <\/span><\/p>\n<p><span style=\"font-size: 16px;\">Die Wassertische k\u00f6nnen geliefert werden in <a href=\"https:\/\/cortenstaalverkoop.nl\/product\/cortenstaal-waterelementen\/cortenstaal-watertafel-rond\/\" target=\"_blank\" rel=\"noopener\">Cortenstahl<\/a> und aus Aluminium. Bei Aluminium sind alle RAL-Farben m\u00f6glich. Mit diesem Wassertisch k\u00f6nnen Sie im Handumdrehen eine wohltuende Oase im Garten schaffen!\u00a0<\/span><\/p>\n<h4>Installation:<\/h4>\n<ul>\n<li>Der Cortenstahl Wasserbrunnen wird auf eine feste, ebene Fl\u00e4che gestellt.<\/li>\n<li>Nach der Installation k\u00f6nnen Sie den Wassertisch von oben mit Wasser f\u00fcllen.<\/li>\n<li>Im Wassertisch ist eine Durchf\u00fchrung, damit die Kabel unter dem Tisch herauskommen.<\/li>\n<li>Es werden 2 Steckverbindungen ben\u00f6tigt, somit k\u00f6nnen Sie den Springbrunnen und das Licht getrennt steuern.<\/li>\n<\/ul>\n<h4>Wichtig:<\/h4>\n<ul>\n<li>Der Aluminium-Wassertisch muss eben auf einer festen Oberfl\u00e4che aufgestellt werden.<\/li>\n<li>Die Wasserbrunnen werden mit Pumpe und LED-Beleuchtung (kaltwei\u00df) geliefert.<\/li>\n<li>Andere Standard-RAL-Farben sind m\u00f6glich (hierf\u00fcr werden Anlaufkosten verrechnet)<\/li>\n<li>Verwenden Sie keinen Hochdruckreiniger oder Scheuerschwamm, da dies die Beschichtung besch\u00e4digen kann.<\/li>\n<\/ul>\n<h5>Verwendung im Winter:<\/h5>\n<ul>\n<li>Bei Frost immer den Stecker aus der Steckdose ziehen.<\/li>\n<li>Senken Sie den Wasserstand bis mindestens 10 cm unter den Rand.<\/li>\n<li>Ein \u201efrostfreier Halter\u201c wird empfohlen und ist in jedem Gartencenter oder Baumarkt zu kaufen.<\/li>\n<li>Pumpe kann im Wasser verbleiben, wenn die oben genannten Bedingungen erf\u00fcllt sind.<\/li>\n<li>Sie k\u00f6nnen die Pumpe auch aus dem Teich herausnehmen und an einem frostfreien Ort unter Wasser \u00fcberwintern.<\/li>\n<\/ul>\n<p>Auf der Suche nach einem Wasserbrunnen in einer anderen Farbe und\/oder Gr\u00f6\u00dfe? Dann nehmen Sie unverbindlich Kontakt mit uns auf.<\/p>\n<h5>Produktinfo Cortenstahl:<\/h5>\n<p><a href=\"https:\/\/nl.wikipedia.org\/wiki\/Cortenstaal\" target=\"_blank\" rel=\"noopener noreferrer\">Cor-Ten-Stahl<\/a> auch als wetterfester Stahl bekannt. Es handelt sich um eine Metalllegierung aus Eisen, dem Kupfer, Silizium, Nickel und Chrom zugesetzt wurden. Cortenstahl ist eine sehr feste Stahlsorte. Denn es hat die Eigenschaft, sich an der Au\u00dfenluft mit einer sch\u00fctzenden Rostschicht zu bedecken. Diese nat\u00fcrliche feste Rostschicht bildet den Schutz gegen weitere Korrosion.<\/p>\n<p>F\u00fcr Lieferungen nach Deutschland und \u00d6sterreich gelten folgende Versandkosten pro Gesamtbestellung: kleine Pakete \u20ac45, leichter Transport \u20ac80, Standardtransport \u20ac280 und Schwertransport \u20ac380 (inklusive Lieferung mit Mitnahmestapler)<\/p>","protected":false},"excerpt":{"rendered":"<p>Dieser Aluminium Wasserbrunnen rund wird mit LED-Beleuchtung, Springbrunnen und Pumpe geliefert. Die Pumpe im Tank sorgt f\u00fcr das Hochpumpen des Wassers. Das Wasser l\u00e4uft dann \u00fcber die Innenplatte, bevor es zur\u00fcck in den Tank f\u00e4llt. Das Kabel tritt unten \u00fcber eine \u00dcberlaufkonstruktion aus der Box aus, sodass es nicht sichtbar ist. Die Wasserbrunnen ben\u00f6tigen wenig Wartung und sind sehr kinderfreundlich weil keine tiefe wasserschicht vorhanden ist.<\/p>\n<ul>\n<li>Die Farbe des Wassertisches ist schwarzgrau matt, RAL7021.<\/li>\n<li>2 Schichten kratzfester Pulverlack und innen eine Epoxidbeschichtung.<\/li>\n<li>Die Wassertische sind aus 3 mm Aluminium gefertigt.<\/li>\n<\/ul>","protected":false},"featured_media":7102,"template":"","meta":{"site-sidebar-layout":"default","site-content-layout":"default","ast-site-content-layout":"default","site-content-style":"default","site-sidebar-style":"default","ast-global-header-display":"","ast-banner-title-visibility":"","ast-main-header-display":"","ast-hfb-above-header-display":"","ast-hfb-below-header-display":"","ast-hfb-mobile-header-display":"","site-post-title":"","ast-breadcrumbs-content":"","ast-featured-img":"","footer-sml-layout":"","ast-disable-related-posts":"","theme-transparent-header-meta":"default","adv-header-id-meta":"","stick-header-meta":"","header-above-stick-meta":"","header-main-stick-meta":"","header-below-stick-meta":"","astra-migrate-meta-layouts":"set","ast-page-background-enabled":"default","ast-page-background-meta":{"desktop":{"background-color":"","background-image":"","background-repeat":"repeat","background-position":"center center","background-size":"auto","background-attachment":"scroll","background-type":"","background-media":"","overlay-type":"","overlay-color":"","overlay-opacity":"","overlay-gradient":""},"tablet":{"background-color":"","background-image":"","background-repeat":"repeat","background-position":"center center","background-size":"auto","background-attachment":"scroll","background-type":"","background-media":"","overlay-type":"","overlay-color":"","overlay-opacity":"","overlay-gradient":""},"mobile":{"background-color":"","background-image":"","background-repeat":"repeat","background-position":"center center","background-size":"auto","background-attachment":"scroll","background-type":"","background-media":"","overlay-type":"","overlay-color":"","overlay-opacity":"","overlay-gradient":""}},"ast-content-background-meta":{"desktop":{"background-color":"var(--ast-global-color-5)","background-image":"","background-repeat":"repeat","background-position":"center center","background-size":"auto","background-attachment":"scroll","background-type":"","background-media":"","overlay-type":"","overlay-color":"","overlay-opacity":"","overlay-gradient":""},"tablet":{"background-color":"var(--ast-global-color-5)","background-image":"","background-repeat":"repeat","background-position":"center center","background-size":"auto","background-attachment":"scroll","background-type":"","background-media":"","overlay-type":"","overlay-color":"","overlay-opacity":"","overlay-gradient":""},"mobile":{"background-color":"var(--ast-global-color-5)","background-image":"","background-repeat":"repeat","background-position":"center center","background-size":"auto","background-attachment":"scroll","background-type":"","background-media":"","overlay-type":"","overlay-color":"","overlay-opacity":"","overlay-gradient":""}}},"product_brand":[],"product_cat":[60],"product_tag":[],"class_list":{"0":"post-7089","1":"product","2":"type-product","3":"status-publish","4":"has-post-thumbnail","6":"product_cat-cortenstaal-waterelementen","7":"product_shipping_class-fritom","8":"desktop-align-left","9":"tablet-align-left","10":"mobile-align-left","12":"first","13":"instock","14":"taxable","15":"shipping-taxable","16":"purchasable","17":"product-type-variable"},"yoast_head":"<!-- This site is optimized with the Yoast SEO plugin v27.3 - https:\/\/yoast.com\/product\/yoast-seo-wordpress\/ -->\n<title>Aluminium watertafel rond koopt u goedkoop bij cortenstaalverkoop.nl<\/title>\n<meta name=\"description\" content=\"\u2705 Aluminium watertafel rond met fontein.\u2705 de beste kwaliteit \u2705 5 jaar garantie! Bestel uw watertafel goedkoop bij cortenstaalverkoop.nl!\" \/>\n<meta name=\"robots\" content=\"index, follow, max-snippet:-1, max-image-preview:large, max-video-preview:-1\" \/>\n<link rel=\"canonical\" href=\"https:\/\/cortenstaalverkoop.nl\/de\/produkt\/aluminium-wassertisch-rund\/\" \/>\n<meta property=\"og:locale\" content=\"de_DE\" \/>\n<meta property=\"og:type\" content=\"article\" \/>\n<meta property=\"og:title\" content=\"Aluminium watertafel rond koopt u goedkoop bij cortenstaalverkoop.nl\" \/>\n<meta property=\"og:description\" content=\"\u2705 Aluminium watertafel rond met fontein.\u2705 de beste kwaliteit \u2705 5 jaar garantie! Bestel uw watertafel goedkoop bij cortenstaalverkoop.nl!\" \/>\n<meta property=\"og:url\" content=\"https:\/\/cortenstaalverkoop.nl\/de\/produkt\/aluminium-wassertisch-rund\/\" \/>\n<meta property=\"og:site_name\" content=\"Cortenstaalverkoop.nl\" \/>\n<meta property=\"article:modified_time\" content=\"2026-03-22T09:43:20+00:00\" \/>\n<meta property=\"og:image\" content=\"https:\/\/cortenstaalverkoop.nl\/wp-content\/uploads\/2022\/03\/watertafel-rond-gecoat4.png\" \/>\n\t<meta property=\"og:image:width\" content=\"699\" \/>\n\t<meta property=\"og:image:height\" content=\"699\" \/>\n\t<meta property=\"og:image:type\" content=\"image\/png\" \/>\n<meta name=\"twitter:card\" content=\"summary_large_image\" \/>\n<meta name=\"twitter:label1\" content=\"Gesch\u00e4tzte Lesezeit\" \/>\n\t<meta name=\"twitter:data1\" content=\"3\u00a0Minuten\" \/>\n<script type=\"application\/ld+json\" class=\"yoast-schema-graph\">{\"@context\":\"https:\\\/\\\/schema.org\",\"@graph\":[{\"@type\":\"WebPage\",\"@id\":\"https:\\\/\\\/cortenstaalverkoop.nl\\\/product\\\/aluminium-watertafel-rond\\\/\",\"url\":\"https:\\\/\\\/cortenstaalverkoop.nl\\\/product\\\/aluminium-watertafel-rond\\\/\",\"name\":\"Aluminium watertafel rond koopt u goedkoop bij cortenstaalverkoop.nl\",\"isPartOf\":{\"@id\":\"https:\\\/\\\/cortenstaalverkoop.nl\\\/#website\"},\"primaryImageOfPage\":{\"@id\":\"https:\\\/\\\/cortenstaalverkoop.nl\\\/product\\\/aluminium-watertafel-rond\\\/#primaryimage\"},\"image\":{\"@id\":\"https:\\\/\\\/cortenstaalverkoop.nl\\\/product\\\/aluminium-watertafel-rond\\\/#primaryimage\"},\"thumbnailUrl\":\"https:\\\/\\\/cortenstaalverkoop.nl\\\/wp-content\\\/uploads\\\/2022\\\/03\\\/watertafel-rond-gecoat4.png\",\"datePublished\":\"2022-03-30T10:57:45+00:00\",\"dateModified\":\"2026-03-22T09:43:20+00:00\",\"description\":\"\u2705 Aluminium watertafel rond met fontein.\u2705 de beste kwaliteit \u2705 5 jaar garantie! Bestel uw watertafel goedkoop bij cortenstaalverkoop.nl!\",\"breadcrumb\":{\"@id\":\"https:\\\/\\\/cortenstaalverkoop.nl\\\/product\\\/aluminium-watertafel-rond\\\/#breadcrumb\"},\"inLanguage\":\"de\",\"potentialAction\":[{\"@type\":\"ReadAction\",\"target\":[\"https:\\\/\\\/cortenstaalverkoop.nl\\\/product\\\/aluminium-watertafel-rond\\\/\"]}]},{\"@type\":\"ImageObject\",\"inLanguage\":\"de\",\"@id\":\"https:\\\/\\\/cortenstaalverkoop.nl\\\/product\\\/aluminium-watertafel-rond\\\/#primaryimage\",\"url\":\"https:\\\/\\\/cortenstaalverkoop.nl\\\/wp-content\\\/uploads\\\/2022\\\/03\\\/watertafel-rond-gecoat4.png\",\"contentUrl\":\"https:\\\/\\\/cortenstaalverkoop.nl\\\/wp-content\\\/uploads\\\/2022\\\/03\\\/watertafel-rond-gecoat4.png\",\"width\":699,\"height\":699,\"caption\":\"Aluminium watertafel rond\"},{\"@type\":\"BreadcrumbList\",\"@id\":\"https:\\\/\\\/cortenstaalverkoop.nl\\\/product\\\/aluminium-watertafel-rond\\\/#breadcrumb\",\"itemListElement\":[{\"@type\":\"ListItem\",\"position\":1,\"name\":\"Home\",\"item\":\"https:\\\/\\\/cortenstaalverkoop.nl\\\/\"},{\"@type\":\"ListItem\",\"position\":2,\"name\":\"Assortiment\",\"item\":\"https:\\\/\\\/cortenstaalverkoop.nl\\\/assortiment-cortenstaal\\\/\"},{\"@type\":\"ListItem\",\"position\":3,\"name\":\"Aluminium watertafel rond\"}]},{\"@type\":\"WebSite\",\"@id\":\"https:\\\/\\\/cortenstaalverkoop.nl\\\/#website\",\"url\":\"https:\\\/\\\/cortenstaalverkoop.nl\\\/\",\"name\":\"Cortenstaalverkoop.nl\",\"description\":\"de cortenstaal specialist!\",\"publisher\":{\"@id\":\"https:\\\/\\\/cortenstaalverkoop.nl\\\/#organization\"},\"potentialAction\":[{\"@type\":\"SearchAction\",\"target\":{\"@type\":\"EntryPoint\",\"urlTemplate\":\"https:\\\/\\\/cortenstaalverkoop.nl\\\/?s={search_term_string}\"},\"query-input\":{\"@type\":\"PropertyValueSpecification\",\"valueRequired\":true,\"valueName\":\"search_term_string\"}}],\"inLanguage\":\"de\"},{\"@type\":\"Organization\",\"@id\":\"https:\\\/\\\/cortenstaalverkoop.nl\\\/#organization\",\"name\":\"Cortenstaalverkoop.nl\",\"url\":\"https:\\\/\\\/cortenstaalverkoop.nl\\\/\",\"logo\":{\"@type\":\"ImageObject\",\"inLanguage\":\"de\",\"@id\":\"https:\\\/\\\/cortenstaalverkoop.nl\\\/#\\\/schema\\\/logo\\\/image\\\/\",\"url\":\"https:\\\/\\\/cortenstaalverkoop.nl\\\/wp-content\\\/uploads\\\/2019\\\/11\\\/cortenstaal-logo-1.png\",\"contentUrl\":\"https:\\\/\\\/cortenstaalverkoop.nl\\\/wp-content\\\/uploads\\\/2019\\\/11\\\/cortenstaal-logo-1.png\",\"width\":480,\"height\":163,\"caption\":\"Cortenstaalverkoop.nl\"},\"image\":{\"@id\":\"https:\\\/\\\/cortenstaalverkoop.nl\\\/#\\\/schema\\\/logo\\\/image\\\/\"}}]}<\/script>\n<!-- \/ Yoast SEO plugin. -->","yoast_head_json":{"title":"Aluminium watertafel rond koopt u goedkoop bij cortenstaalverkoop.nl","description":"\u2705 Aluminium watertafel rond met fontein.\u2705 de beste kwaliteit \u2705 5 jaar garantie! Bestel uw watertafel goedkoop bij cortenstaalverkoop.nl!","robots":{"index":"index","follow":"follow","max-snippet":"max-snippet:-1","max-image-preview":"max-image-preview:large","max-video-preview":"max-video-preview:-1"},"canonical":"https:\/\/cortenstaalverkoop.nl\/de\/produkt\/aluminium-wassertisch-rund\/","og_locale":"de_DE","og_type":"article","og_title":"Aluminium watertafel rond koopt u goedkoop bij cortenstaalverkoop.nl","og_description":"\u2705 Aluminium watertafel rond met fontein.\u2705 de beste kwaliteit \u2705 5 jaar garantie! Bestel uw watertafel goedkoop bij cortenstaalverkoop.nl!","og_url":"https:\/\/cortenstaalverkoop.nl\/de\/produkt\/aluminium-wassertisch-rund\/","og_site_name":"Cortenstaalverkoop.nl","article_modified_time":"2026-03-22T09:43:20+00:00","og_image":[{"width":699,"height":699,"url":"https:\/\/cortenstaalverkoop.nl\/wp-content\/uploads\/2022\/03\/watertafel-rond-gecoat4.png","type":"image\/png"}],"twitter_card":"summary_large_image","twitter_misc":{"Gesch\u00e4tzte Lesezeit":"3\u00a0Minuten"},"schema":{"@context":"https:\/\/schema.org","@graph":[{"@type":"WebPage","@id":"https:\/\/cortenstaalverkoop.nl\/product\/aluminium-watertafel-rond\/","url":"https:\/\/cortenstaalverkoop.nl\/product\/aluminium-watertafel-rond\/","name":"Aluminium watertafel rond koopt u goedkoop bij cortenstaalverkoop.nl","isPartOf":{"@id":"https:\/\/cortenstaalverkoop.nl\/#website"},"primaryImageOfPage":{"@id":"https:\/\/cortenstaalverkoop.nl\/product\/aluminium-watertafel-rond\/#primaryimage"},"image":{"@id":"https:\/\/cortenstaalverkoop.nl\/product\/aluminium-watertafel-rond\/#primaryimage"},"thumbnailUrl":"https:\/\/cortenstaalverkoop.nl\/wp-content\/uploads\/2022\/03\/watertafel-rond-gecoat4.png","datePublished":"2022-03-30T10:57:45+00:00","dateModified":"2026-03-22T09:43:20+00:00","description":"\u2705 Aluminium watertafel rond met fontein.\u2705 de beste kwaliteit \u2705 5 jaar garantie! Bestel uw watertafel goedkoop bij cortenstaalverkoop.nl!","breadcrumb":{"@id":"https:\/\/cortenstaalverkoop.nl\/product\/aluminium-watertafel-rond\/#breadcrumb"},"inLanguage":"de","potentialAction":[{"@type":"ReadAction","target":["https:\/\/cortenstaalverkoop.nl\/product\/aluminium-watertafel-rond\/"]}]},{"@type":"ImageObject","inLanguage":"de","@id":"https:\/\/cortenstaalverkoop.nl\/product\/aluminium-watertafel-rond\/#primaryimage","url":"https:\/\/cortenstaalverkoop.nl\/wp-content\/uploads\/2022\/03\/watertafel-rond-gecoat4.png","contentUrl":"https:\/\/cortenstaalverkoop.nl\/wp-content\/uploads\/2022\/03\/watertafel-rond-gecoat4.png","width":699,"height":699,"caption":"Aluminium watertafel rond"},{"@type":"BreadcrumbList","@id":"https:\/\/cortenstaalverkoop.nl\/product\/aluminium-watertafel-rond\/#breadcrumb","itemListElement":[{"@type":"ListItem","position":1,"name":"Home","item":"https:\/\/cortenstaalverkoop.nl\/"},{"@type":"ListItem","position":2,"name":"Assortiment","item":"https:\/\/cortenstaalverkoop.nl\/assortiment-cortenstaal\/"},{"@type":"ListItem","position":3,"name":"Aluminium watertafel rond"}]},{"@type":"WebSite","@id":"https:\/\/cortenstaalverkoop.nl\/#website","url":"https:\/\/cortenstaalverkoop.nl\/","name":"Cortenstaalverkoop.nl","description":"die cortenstaal-Spezialisten!","publisher":{"@id":"https:\/\/cortenstaalverkoop.nl\/#organization"},"potentialAction":[{"@type":"SearchAction","target":{"@type":"EntryPoint","urlTemplate":"https:\/\/cortenstaalverkoop.nl\/?s={search_term_string}"},"query-input":{"@type":"PropertyValueSpecification","valueRequired":true,"valueName":"search_term_string"}}],"inLanguage":"de"},{"@type":"Organization","@id":"https:\/\/cortenstaalverkoop.nl\/#organization","name":"Cortenstaalverkoop.nl","url":"https:\/\/cortenstaalverkoop.nl\/","logo":{"@type":"ImageObject","inLanguage":"de","@id":"https:\/\/cortenstaalverkoop.nl\/#\/schema\/logo\/image\/","url":"https:\/\/cortenstaalverkoop.nl\/wp-content\/uploads\/2019\/11\/cortenstaal-logo-1.png","contentUrl":"https:\/\/cortenstaalverkoop.nl\/wp-content\/uploads\/2019\/11\/cortenstaal-logo-1.png","width":480,"height":163,"caption":"Cortenstaalverkoop.nl"},"image":{"@id":"https:\/\/cortenstaalverkoop.nl\/#\/schema\/logo\/image\/"}}]}},"_links":{"self":[{"href":"https:\/\/cortenstaalverkoop.nl\/de\/wp-json\/wp\/v2\/product\/7089","targetHints":{"allow":["GET"]}}],"collection":[{"href":"https:\/\/cortenstaalverkoop.nl\/de\/wp-json\/wp\/v2\/product"}],"about":[{"href":"https:\/\/cortenstaalverkoop.nl\/de\/wp-json\/wp\/v2\/types\/product"}],"version-history":[{"count":11,"href":"https:\/\/cortenstaalverkoop.nl\/de\/wp-json\/wp\/v2\/product\/7089\/revisions"}],"predecessor-version":[{"id":9960,"href":"https:\/\/cortenstaalverkoop.nl\/de\/wp-json\/wp\/v2\/product\/7089\/revisions\/9960"}],"wp:featuredmedia":[{"embeddable":true,"href":"https:\/\/cortenstaalverkoop.nl\/de\/wp-json\/wp\/v2\/media\/7102"}],"wp:attachment":[{"href":"https:\/\/cortenstaalverkoop.nl\/de\/wp-json\/wp\/v2\/media?parent=7089"}],"wp:term":[{"taxonomy":"product_brand","embeddable":true,"href":"https:\/\/cortenstaalverkoop.nl\/de\/wp-json\/wp\/v2\/product_brand?post=7089"},{"taxonomy":"product_cat","embeddable":true,"href":"https:\/\/cortenstaalverkoop.nl\/de\/wp-json\/wp\/v2\/product_cat?post=7089"},{"taxonomy":"product_tag","embeddable":true,"href":"https:\/\/cortenstaalverkoop.nl\/de\/wp-json\/wp\/v2\/product_tag?post=7089"}],"curies":[{"name":"wp","href":"https:\/\/api.w.org\/{rel}","templated":true}]}}