{"id":8070,"date":"2022-12-08T14:56:49","date_gmt":"2022-12-08T13:56:49","guid":{"rendered":"https:\/\/cortenstaalverkoop.nl\/?post_type=product&#038;p=8070"},"modified":"2026-04-11T14:34:25","modified_gmt":"2026-04-11T12:34:25","slug":"aluminium-pflanzer-runde","status":"publish","type":"product","link":"https:\/\/cortenstaalverkoop.nl\/de\/product\/aluminium-plantenbak-rond\/","title":{"rendered":"Aluminium Pflanzer Runde"},"content":{"rendered":"<p>Die Aluminium-Pflanzk\u00fcbel gibt es in vielen verschiedenen Gr\u00f6\u00dfen. Daher einfach zu setzen Sie auf Balkon, Terrasse oder im Garten. Eine Reihe von Aluminium <a href=\"https:\/\/cortenstaalverkoop.nl\/cortenstaal\/cortenstaal-plantenbakken\/\">Pflanzgef\u00e4\u00dfe<\/a> kann auch ein sch\u00f6ner Blickfang im Eingangsbereich Ihrer Firma. Der Obere Rand der Aluminium-Pflanzer Runde ist doppelt umgewandelt. Standard-RAL-Farbe ist RAL 7021 schwarz \/ Grau, andere RAL-Farben auf Anfrage m\u00f6glich.<\/p>\n<p>Aluminium Pflanzer Runde ist aus 3mm Aluminium. Aluminium ist Licht, starke, Verschlei\u00df-best\u00e4ndig und best\u00e4ndig gegen Korrosion. Der Obere Rand der Aluminium-Pflanzer ist doppelt<br \/>\numgewandelt und gibt dem container eine harte und zeitlosen look. Unter dem Boden des Tabletts, standard-F\u00fc\u00dfen mit einer H\u00f6he von 18 mm montiert werden, so dass der tray ist etwas abgetrennt von dem Erdgeschoss.<br \/>\nNach der Herstellung, wird es die folgenden post-processing:<\/p>\n<ul>\n<li>Aufrauen des Materials eine bessere Haftung<\/li>\n<li>Pulver Beschichtung mit einem starken Klebstoff Basis Schicht.<\/li>\n<li>Finish with a hard top coat<\/li>\n<\/ul>\n<h4>Pflanztipps:<\/h4>\n<ul>\n<li>Eine flache, Feste (vibriert) Oberfl\u00e4che.<\/li>\n<li>Ort \u00fcberlauf Rohre an der Unterseite der Pflanzer wie gew\u00fcnscht zu erstellen eine Wasser-Puffer. Die Anzahl der \u00fcberlauf-Rohre zu verwenden, h\u00e4ngt von der Anzahl der drainage-L\u00f6cher.<\/li>\n<li>Pull Stangen in Pflanzer sind entscheidend f\u00fcr den Aufbau und Form Stabilit\u00e4t des Pflanzers. Eine Zugstange darf nie entfernt werden.<\/li>\n<li>Immer gen\u00fcgend Raum zum atmen (mindestens 1 cm) innerhalb der Pflanzgef\u00e4\u00dfe zu verhindern, dass Feuchtigkeit einfangen.<\/li>\n<li>F\u00fcllen Sie den Beh\u00e4lter mit einer Schicht von Hydro-Granulat oder Kies etwa 10cm hoch. \u00dcber die Kies-oder hydro-Granulat, lag ein Feuchtigkeits-durchl\u00e4ssigen anti-root-Tuch.<\/li>\n<li>Legen Sie das Tuch an den R\u00e4ndern mindestens 10 cm f\u00fcr eine ideale Wirkung.<\/li>\n<li>Die Abdeckung der anti-root-Tuch mit einer Schicht von luftiger Boden-Gemisch, zugeschnitten auf die Pflanzen angewendet werden.<\/li>\n<li>Die Erde im Topf sollte nie verstopft werden, kann dies zu Sch\u00e4den an der container.<\/li>\n<\/ul>\n<h5>Wichtig:<\/h5>\n<ul>\n<li>Nach Erhalt, Sie alle Verpackungsmaterialien m\u00fcssen entfernt werden die Produkte sofort.<\/li>\n<li>Bohren\/Schleifen in der material ist nicht erlaubt, diese erm\u00f6glicht es, Feuchtigkeit zu ziehen, unter der Beschichtung, wodurch es zu sch\u00e4len.<\/li>\n<li>Pflanzer sind nicht wasserdicht ist standardm\u00e4\u00dfig aktiviert.<\/li>\n<li>Unsere Pflanzer sind nicht geeignet f\u00fcr die Bewegung erg\u00e4nzt.<\/li>\n<li>5 Jahre Garantie!<\/li>\n<li>Niedrigen Wartung, nicht mit einem Hochdruckreiniger und Schleifen Schwamm.<\/li>\n<\/ul>\n<p>Produktinfo Cortenstahl:<\/p>\n<p>Cor-Ten-Stahl auch bekannt als wetterfester Stahl. Es ist eine Metall Legierung aus Eisen, das Kupfer, Silizium, nickel und Chrom Hinzugef\u00fcgt wurden. Cor-Ten ist daher eine sehr starke Art von Stahl, die hat die Eigenschaft, f\u00fcr sich, mit einer sch\u00fctzenden rostschicht, wenn an die Au\u00dfenluft ausgesetzt. Danach wird diese Schicht bildet den Schutz vor weiterer Korrosion. Charakteristisch f\u00fcr Cortenstahl ist die orange-Braun-Rost-Farbe und der langen Lebensdauer.<\/p>","protected":false},"excerpt":{"rendered":"<p>Die Aluminium-Pflanzer ist mit oder ohne Boden und oder Beinen und in verschiedenen Gr\u00f6\u00dfen. Der Obere Rand der Pflanzer rund ist stellte sich in H\u00e4lfte. Material-Dicke des Aluminium-Pflanzer ist standard-3 mm. Standard-Farbe ist RAL 7021 schwarz \/ Grau, andere RAL-Farben auf Anfrage m\u00f6glich.<\/p>\n<ul>\n<li>Sehr stark und abriebfest<\/li>\n<li>Niedrigen Wartung Vorsicht! Verwenden Sie keinen Hochdruckreiniger und Schleifen Schwamm.<\/li>\n<li>Pulver Beschichtung mit einem starken Klebstoff Basis Schicht.<\/li>\n<li>Finish with a hard top coat.<\/li>\n<li>Wetterfestes und sehr langlebiges Material<\/li>\n<li>Als standard gibt es 18 mm F\u00fc\u00dfe unter den Ablagen f\u00fcr eine gute drainage<\/li>\n<li>Kundenspezifische Anpassung m\u00f6glich.<\/li>\n<li>5 Jahre Garantie!<\/li>\n<\/ul>","protected":false},"featured_media":8087,"template":"","meta":{"site-sidebar-layout":"default","site-content-layout":"default","ast-site-content-layout":"default","site-content-style":"default","site-sidebar-style":"default","ast-global-header-display":"","ast-banner-title-visibility":"","ast-main-header-display":"","ast-hfb-above-header-display":"","ast-hfb-below-header-display":"","ast-hfb-mobile-header-display":"","site-post-title":"","ast-breadcrumbs-content":"","ast-featured-img":"","footer-sml-layout":"","ast-disable-related-posts":"","theme-transparent-header-meta":"default","adv-header-id-meta":"","stick-header-meta":"","header-above-stick-meta":"","header-main-stick-meta":"","header-below-stick-meta":"","astra-migrate-meta-layouts":"set","ast-page-background-enabled":"default","ast-page-background-meta":{"desktop":{"background-color":"","background-image":"","background-repeat":"repeat","background-position":"center center","background-size":"auto","background-attachment":"scroll","background-type":"","background-media":"","overlay-type":"","overlay-color":"","overlay-opacity":"","overlay-gradient":""},"tablet":{"background-color":"","background-image":"","background-repeat":"repeat","background-position":"center center","background-size":"auto","background-attachment":"scroll","background-type":"","background-media":"","overlay-type":"","overlay-color":"","overlay-opacity":"","overlay-gradient":""},"mobile":{"background-color":"","background-image":"","background-repeat":"repeat","background-position":"center center","background-size":"auto","background-attachment":"scroll","background-type":"","background-media":"","overlay-type":"","overlay-color":"","overlay-opacity":"","overlay-gradient":""}},"ast-content-background-meta":{"desktop":{"background-color":"var(--ast-global-color-5)","background-image":"","background-repeat":"repeat","background-position":"center center","background-size":"auto","background-attachment":"scroll","background-type":"","background-media":"","overlay-type":"","overlay-color":"","overlay-opacity":"","overlay-gradient":""},"tablet":{"background-color":"var(--ast-global-color-5)","background-image":"","background-repeat":"repeat","background-position":"center center","background-size":"auto","background-attachment":"scroll","background-type":"","background-media":"","overlay-type":"","overlay-color":"","overlay-opacity":"","overlay-gradient":""},"mobile":{"background-color":"var(--ast-global-color-5)","background-image":"","background-repeat":"repeat","background-position":"center center","background-size":"auto","background-attachment":"scroll","background-type":"","background-media":"","overlay-type":"","overlay-color":"","overlay-opacity":"","overlay-gradient":""}}},"product_brand":[],"product_cat":[57],"product_tag":[],"class_list":{"0":"post-8070","1":"product","2":"type-product","3":"status-publish","4":"has-post-thumbnail","6":"product_cat-cortenstaal-plantenbakken","7":"product_shipping_class-fritom","8":"desktop-align-left","9":"tablet-align-left","10":"mobile-align-left","12":"first","13":"instock","14":"featured","15":"taxable","16":"shipping-taxable","17":"purchasable","18":"product-type-variable"},"yoast_head":"<!-- This site is optimized with the Yoast SEO plugin v27.4 - https:\/\/yoast.com\/product\/yoast-seo-wordpress\/ -->\n<title>Aluminium plantenbak rond, goedkoop bij cortenstaalverkoop.nl<\/title>\n<meta name=\"description\" content=\"\u2705 Aluminium plantenbak rond in diverse maten.\u2705 de beste kwaliteit \u2705 5 jaar garantie! Bestel uw Aluminium plantenbak goedkoop bij cortenstaalverkoop.nl\" \/>\n<meta name=\"robots\" content=\"index, follow, max-snippet:-1, max-image-preview:large, max-video-preview:-1\" \/>\n<link rel=\"canonical\" href=\"https:\/\/cortenstaalverkoop.nl\/de\/produkt\/aluminium-pflanzer-runde\/\" \/>\n<meta property=\"og:locale\" content=\"de_DE\" \/>\n<meta property=\"og:type\" content=\"article\" \/>\n<meta property=\"og:title\" content=\"Aluminium plantenbak rond, goedkoop bij cortenstaalverkoop.nl\" \/>\n<meta property=\"og:description\" content=\"\u2705 Aluminium plantenbak rond in diverse maten.\u2705 de beste kwaliteit \u2705 5 jaar garantie! Bestel uw Aluminium plantenbak goedkoop bij cortenstaalverkoop.nl\" \/>\n<meta property=\"og:url\" content=\"https:\/\/cortenstaalverkoop.nl\/de\/produkt\/aluminium-pflanzer-runde\/\" \/>\n<meta property=\"og:site_name\" content=\"Cortenstaalverkoop.nl\" \/>\n<meta property=\"article:modified_time\" content=\"2026-04-11T12:34:25+00:00\" \/>\n<meta property=\"og:image\" content=\"https:\/\/cortenstaalverkoop.nl\/wp-content\/uploads\/2022\/11\/RondAM5.1.jpg\" \/>\n\t<meta property=\"og:image:width\" content=\"699\" \/>\n\t<meta property=\"og:image:height\" content=\"699\" \/>\n\t<meta property=\"og:image:type\" content=\"image\/jpeg\" \/>\n<meta name=\"twitter:card\" content=\"summary_large_image\" \/>\n<meta name=\"twitter:label1\" content=\"Gesch\u00e4tzte Lesezeit\" \/>\n\t<meta name=\"twitter:data1\" content=\"3\u00a0Minuten\" \/>\n<script type=\"application\/ld+json\" class=\"yoast-schema-graph\">{\"@context\":\"https:\\\/\\\/schema.org\",\"@graph\":[{\"@type\":\"WebPage\",\"@id\":\"https:\\\/\\\/cortenstaalverkoop.nl\\\/product\\\/aluminium-plantenbak-rond\\\/\",\"url\":\"https:\\\/\\\/cortenstaalverkoop.nl\\\/product\\\/aluminium-plantenbak-rond\\\/\",\"name\":\"Aluminium plantenbak rond, goedkoop bij cortenstaalverkoop.nl\",\"isPartOf\":{\"@id\":\"https:\\\/\\\/cortenstaalverkoop.nl\\\/#website\"},\"primaryImageOfPage\":{\"@id\":\"https:\\\/\\\/cortenstaalverkoop.nl\\\/product\\\/aluminium-plantenbak-rond\\\/#primaryimage\"},\"image\":{\"@id\":\"https:\\\/\\\/cortenstaalverkoop.nl\\\/product\\\/aluminium-plantenbak-rond\\\/#primaryimage\"},\"thumbnailUrl\":\"https:\\\/\\\/cortenstaalverkoop.nl\\\/wp-content\\\/uploads\\\/2022\\\/11\\\/RondAM5.1.jpg\",\"datePublished\":\"2022-12-08T13:56:49+00:00\",\"dateModified\":\"2026-04-11T12:34:25+00:00\",\"description\":\"\u2705 Aluminium plantenbak rond in diverse maten.\u2705 de beste kwaliteit \u2705 5 jaar garantie! Bestel uw Aluminium plantenbak goedkoop bij cortenstaalverkoop.nl\",\"breadcrumb\":{\"@id\":\"https:\\\/\\\/cortenstaalverkoop.nl\\\/product\\\/aluminium-plantenbak-rond\\\/#breadcrumb\"},\"inLanguage\":\"de\",\"potentialAction\":[{\"@type\":\"ReadAction\",\"target\":[\"https:\\\/\\\/cortenstaalverkoop.nl\\\/product\\\/aluminium-plantenbak-rond\\\/\"]}]},{\"@type\":\"ImageObject\",\"inLanguage\":\"de\",\"@id\":\"https:\\\/\\\/cortenstaalverkoop.nl\\\/product\\\/aluminium-plantenbak-rond\\\/#primaryimage\",\"url\":\"https:\\\/\\\/cortenstaalverkoop.nl\\\/wp-content\\\/uploads\\\/2022\\\/11\\\/RondAM5.1.jpg\",\"contentUrl\":\"https:\\\/\\\/cortenstaalverkoop.nl\\\/wp-content\\\/uploads\\\/2022\\\/11\\\/RondAM5.1.jpg\",\"width\":699,\"height\":699,\"caption\":\"Aluminium plantenbak rond\"},{\"@type\":\"BreadcrumbList\",\"@id\":\"https:\\\/\\\/cortenstaalverkoop.nl\\\/product\\\/aluminium-plantenbak-rond\\\/#breadcrumb\",\"itemListElement\":[{\"@type\":\"ListItem\",\"position\":1,\"name\":\"Home\",\"item\":\"https:\\\/\\\/cortenstaalverkoop.nl\\\/\"},{\"@type\":\"ListItem\",\"position\":2,\"name\":\"Assortiment\",\"item\":\"https:\\\/\\\/cortenstaalverkoop.nl\\\/assortiment-cortenstaal\\\/\"},{\"@type\":\"ListItem\",\"position\":3,\"name\":\"Aluminium plantenbak rond\"}]},{\"@type\":\"WebSite\",\"@id\":\"https:\\\/\\\/cortenstaalverkoop.nl\\\/#website\",\"url\":\"https:\\\/\\\/cortenstaalverkoop.nl\\\/\",\"name\":\"Cortenstaalverkoop.nl\",\"description\":\"de cortenstaal specialist!\",\"publisher\":{\"@id\":\"https:\\\/\\\/cortenstaalverkoop.nl\\\/#organization\"},\"potentialAction\":[{\"@type\":\"SearchAction\",\"target\":{\"@type\":\"EntryPoint\",\"urlTemplate\":\"https:\\\/\\\/cortenstaalverkoop.nl\\\/?s={search_term_string}\"},\"query-input\":{\"@type\":\"PropertyValueSpecification\",\"valueRequired\":true,\"valueName\":\"search_term_string\"}}],\"inLanguage\":\"de\"},{\"@type\":\"Organization\",\"@id\":\"https:\\\/\\\/cortenstaalverkoop.nl\\\/#organization\",\"name\":\"Cortenstaalverkoop.nl\",\"url\":\"https:\\\/\\\/cortenstaalverkoop.nl\\\/\",\"logo\":{\"@type\":\"ImageObject\",\"inLanguage\":\"de\",\"@id\":\"https:\\\/\\\/cortenstaalverkoop.nl\\\/#\\\/schema\\\/logo\\\/image\\\/\",\"url\":\"https:\\\/\\\/cortenstaalverkoop.nl\\\/wp-content\\\/uploads\\\/2019\\\/11\\\/cortenstaal-logo-1.png\",\"contentUrl\":\"https:\\\/\\\/cortenstaalverkoop.nl\\\/wp-content\\\/uploads\\\/2019\\\/11\\\/cortenstaal-logo-1.png\",\"width\":480,\"height\":163,\"caption\":\"Cortenstaalverkoop.nl\"},\"image\":{\"@id\":\"https:\\\/\\\/cortenstaalverkoop.nl\\\/#\\\/schema\\\/logo\\\/image\\\/\"}}]}<\/script>\n<!-- \/ Yoast SEO plugin. -->","yoast_head_json":{"title":"Aluminium Pflanzer Runde, Billig, cortenstaalverkoop.nl","description":"\u2705 Aluminium Pflanzk\u00fcbel in verschiedenen Gr\u00f6\u00dfen erh\u00e4ltlich.\u2705 die beste Qualit\u00e4t \u2705 5 Jahre Garantie! Bestellen Sie Ihre Alu Pflanzk\u00fcbel g\u00fcnstig bei cortenstaalverkoop.nl","robots":{"index":"index","follow":"follow","max-snippet":"max-snippet:-1","max-image-preview":"max-image-preview:large","max-video-preview":"max-video-preview:-1"},"canonical":"https:\/\/cortenstaalverkoop.nl\/de\/produkt\/aluminium-pflanzer-runde\/","og_locale":"de_DE","og_type":"article","og_title":"Aluminium plantenbak rond, goedkoop bij cortenstaalverkoop.nl","og_description":"\u2705 Aluminium plantenbak rond in diverse maten.\u2705 de beste kwaliteit \u2705 5 jaar garantie! Bestel uw Aluminium plantenbak goedkoop bij cortenstaalverkoop.nl","og_url":"https:\/\/cortenstaalverkoop.nl\/de\/produkt\/aluminium-pflanzer-runde\/","og_site_name":"Cortenstaalverkoop.nl","article_modified_time":"2026-04-11T12:34:25+00:00","og_image":[{"width":699,"height":699,"url":"https:\/\/cortenstaalverkoop.nl\/wp-content\/uploads\/2022\/11\/RondAM5.1.jpg","type":"image\/jpeg"}],"twitter_card":"summary_large_image","twitter_misc":{"Gesch\u00e4tzte Lesezeit":"3\u00a0Minuten"},"schema":{"@context":"https:\/\/schema.org","@graph":[{"@type":"WebPage","@id":"https:\/\/cortenstaalverkoop.nl\/product\/aluminium-plantenbak-rond\/","url":"https:\/\/cortenstaalverkoop.nl\/product\/aluminium-plantenbak-rond\/","name":"Aluminium Pflanzer Runde, Billig, cortenstaalverkoop.nl","isPartOf":{"@id":"https:\/\/cortenstaalverkoop.nl\/#website"},"primaryImageOfPage":{"@id":"https:\/\/cortenstaalverkoop.nl\/product\/aluminium-plantenbak-rond\/#primaryimage"},"image":{"@id":"https:\/\/cortenstaalverkoop.nl\/product\/aluminium-plantenbak-rond\/#primaryimage"},"thumbnailUrl":"https:\/\/cortenstaalverkoop.nl\/wp-content\/uploads\/2022\/11\/RondAM5.1.jpg","datePublished":"2022-12-08T13:56:49+00:00","dateModified":"2026-04-11T12:34:25+00:00","description":"\u2705 Aluminium Pflanzk\u00fcbel in verschiedenen Gr\u00f6\u00dfen erh\u00e4ltlich.\u2705 die beste Qualit\u00e4t \u2705 5 Jahre Garantie! Bestellen Sie Ihre Alu Pflanzk\u00fcbel g\u00fcnstig bei cortenstaalverkoop.nl","breadcrumb":{"@id":"https:\/\/cortenstaalverkoop.nl\/product\/aluminium-plantenbak-rond\/#breadcrumb"},"inLanguage":"de","potentialAction":[{"@type":"ReadAction","target":["https:\/\/cortenstaalverkoop.nl\/product\/aluminium-plantenbak-rond\/"]}]},{"@type":"ImageObject","inLanguage":"de","@id":"https:\/\/cortenstaalverkoop.nl\/product\/aluminium-plantenbak-rond\/#primaryimage","url":"https:\/\/cortenstaalverkoop.nl\/wp-content\/uploads\/2022\/11\/RondAM5.1.jpg","contentUrl":"https:\/\/cortenstaalverkoop.nl\/wp-content\/uploads\/2022\/11\/RondAM5.1.jpg","width":699,"height":699,"caption":"Aluminium plantenbak rond"},{"@type":"BreadcrumbList","@id":"https:\/\/cortenstaalverkoop.nl\/product\/aluminium-plantenbak-rond\/#breadcrumb","itemListElement":[{"@type":"ListItem","position":1,"name":"Home","item":"https:\/\/cortenstaalverkoop.nl\/"},{"@type":"ListItem","position":2,"name":"Assortiment","item":"https:\/\/cortenstaalverkoop.nl\/assortiment-cortenstaal\/"},{"@type":"ListItem","position":3,"name":"Aluminium plantenbak rond"}]},{"@type":"WebSite","@id":"https:\/\/cortenstaalverkoop.nl\/#website","url":"https:\/\/cortenstaalverkoop.nl\/","name":"Cortenstaalverkoop.nl","description":"die cortenstaal-Spezialisten!","publisher":{"@id":"https:\/\/cortenstaalverkoop.nl\/#organization"},"potentialAction":[{"@type":"SearchAction","target":{"@type":"EntryPoint","urlTemplate":"https:\/\/cortenstaalverkoop.nl\/?s={search_term_string}"},"query-input":{"@type":"PropertyValueSpecification","valueRequired":true,"valueName":"search_term_string"}}],"inLanguage":"de"},{"@type":"Organization","@id":"https:\/\/cortenstaalverkoop.nl\/#organization","name":"Cortenstaalverkoop.nl","url":"https:\/\/cortenstaalverkoop.nl\/","logo":{"@type":"ImageObject","inLanguage":"de","@id":"https:\/\/cortenstaalverkoop.nl\/#\/schema\/logo\/image\/","url":"https:\/\/cortenstaalverkoop.nl\/wp-content\/uploads\/2019\/11\/cortenstaal-logo-1.png","contentUrl":"https:\/\/cortenstaalverkoop.nl\/wp-content\/uploads\/2019\/11\/cortenstaal-logo-1.png","width":480,"height":163,"caption":"Cortenstaalverkoop.nl"},"image":{"@id":"https:\/\/cortenstaalverkoop.nl\/#\/schema\/logo\/image\/"}}]}},"_links":{"self":[{"href":"https:\/\/cortenstaalverkoop.nl\/de\/wp-json\/wp\/v2\/product\/8070","targetHints":{"allow":["GET"]}}],"collection":[{"href":"https:\/\/cortenstaalverkoop.nl\/de\/wp-json\/wp\/v2\/product"}],"about":[{"href":"https:\/\/cortenstaalverkoop.nl\/de\/wp-json\/wp\/v2\/types\/product"}],"version-history":[{"count":8,"href":"https:\/\/cortenstaalverkoop.nl\/de\/wp-json\/wp\/v2\/product\/8070\/revisions"}],"predecessor-version":[{"id":11154,"href":"https:\/\/cortenstaalverkoop.nl\/de\/wp-json\/wp\/v2\/product\/8070\/revisions\/11154"}],"wp:featuredmedia":[{"embeddable":true,"href":"https:\/\/cortenstaalverkoop.nl\/de\/wp-json\/wp\/v2\/media\/8087"}],"wp:attachment":[{"href":"https:\/\/cortenstaalverkoop.nl\/de\/wp-json\/wp\/v2\/media?parent=8070"}],"wp:term":[{"taxonomy":"product_brand","embeddable":true,"href":"https:\/\/cortenstaalverkoop.nl\/de\/wp-json\/wp\/v2\/product_brand?post=8070"},{"taxonomy":"product_cat","embeddable":true,"href":"https:\/\/cortenstaalverkoop.nl\/de\/wp-json\/wp\/v2\/product_cat?post=8070"},{"taxonomy":"product_tag","embeddable":true,"href":"https:\/\/cortenstaalverkoop.nl\/de\/wp-json\/wp\/v2\/product_tag?post=8070"}],"curies":[{"name":"wp","href":"https:\/\/api.w.org\/{rel}","templated":true}]}}