{"id":8243,"date":"2022-12-09T19:36:00","date_gmt":"2022-12-09T18:36:00","guid":{"rendered":"https:\/\/cortenstaalverkoop.nl\/?post_type=product&#038;p=8243"},"modified":"2026-03-27T17:16:11","modified_gmt":"2026-03-27T16:16:11","slug":"aluminium-pflanzer-adezz","status":"publish","type":"product","link":"https:\/\/cortenstaalverkoop.nl\/de\/product\/aluminium-plantenbak-adezz\/","title":{"rendered":"Aluminium Pflanzer Adezz"},"content":{"rendered":"<div data-elementor-type=\"wp-post\" data-elementor-id=\"8243\" class=\"elementor elementor-8243\">\n\t\t\t\t\t\t<section class=\"elementor-section elementor-top-section elementor-element elementor-element-3a299709 elementor-section-boxed elementor-section-height-default elementor-section-height-default\" data-id=\"3a299709\" data-element_type=\"section\" data-e-type=\"section\">\n\t\t\t\t\t\t<div class=\"elementor-container elementor-column-gap-default\">\n\t\t\t\t\t<div class=\"elementor-column elementor-col-100 elementor-top-column elementor-element elementor-element-5197dc7b\" data-id=\"5197dc7b\" data-element_type=\"column\" data-e-type=\"column\">\n\t\t\t<div class=\"elementor-widget-wrap elementor-element-populated\">\n\t\t\t\t\t\t<div class=\"elementor-element elementor-element-5b78ebe8 elementor-widget elementor-widget-text-editor\" data-id=\"5b78ebe8\" data-element_type=\"widget\" data-e-type=\"widget\" data-widget_type=\"text-editor.default\">\n\t\t\t\t<div class=\"elementor-widget-container\">\n\t\t\t\t\t\t\t\t\t<p>Die Aluminium-Adezz Pflanzk\u00fcbel gibt es in vielen verschiedenen Gr\u00f6\u00dfen. Daher einfach zu setzen Sie auf Balkon, Terrasse oder im Garten. Eine Reihe von Aluminium <a href=\"https:\/\/cortenstaalverkoop.nl\/product\/aluminium-plantenbak-rond\/\" target=\"_blank\" rel=\"noopener\">Pflanzgef\u00e4\u00dfe<\/a> kann auch ein sch\u00f6ner Blickfang im Eingangsbereich Ihrer Firma. Der Obere Rand der Aluminium-Pflanzk\u00fcbel double konvertiert. Standard-RAL-Farbe ist RAL 7021 schwarz \/ Grau, andere RAL-Farben auf Anfrage m\u00f6glich.<\/p><p>Aluminium Adezz Pflanzk\u00fcbel ist aus 3 mm Aluminium. Aluminium ist Licht, starke, Verschlei\u00df-best\u00e4ndig und best\u00e4ndig gegen Korrosion. Der Obere Rand der Aluminium - <a href=\"https:\/\/cortenstaalverkoop.nl\/product\/aluminium-plantenbak-nora\/\" target=\"_blank\" rel=\"noopener\">Pflanzgef\u00e4\u00dfe<\/a> hat double konvertiert, das gibt diesem Beh\u00e4lter ein harter und zeitlosen look. Unter dem Boden des Tabletts, standard-F\u00fc\u00dfen mit einer H\u00f6he von 15 mm montiert werden, so dass der tray ist etwas abgetrennt von dem Erdgeschoss. Nach der Herstellung, wird es die folgenden post-processing:<\/p><ul><li>Aufrauen des Materials eine bessere Haftung<\/li><li>Pulver Beschichtung mit einem starken Klebstoff Basis Schicht.<\/li><li>Finish with a hard top coat<\/li><\/ul><h4>Pflanztipps:<\/h4><ul><li>Eine flache, Feste (vibriert) Oberfl\u00e4che.<\/li><li>Ort \u00fcberlauf Rohre an der Unterseite der Pflanzer wie gew\u00fcnscht zu erstellen eine Wasser-Puffer. Die Anzahl der \u00fcberlauf-Rohre zu verwenden, h\u00e4ngt von der Anzahl der drainage-L\u00f6cher.<\/li><li>Pull Stangen in Pflanzer sind entscheidend f\u00fcr den Aufbau und Form Stabilit\u00e4t des Pflanzers. Eine Zugstange darf nie entfernt werden.<\/li><li>Immer gen\u00fcgend Raum zum atmen (mindestens 1 cm) innerhalb der Pflanzgef\u00e4\u00dfe zu verhindern, dass Feuchtigkeit einfangen.<\/li><li>F\u00fcllen Sie den Beh\u00e4lter mit einer Schicht von Hydro-Granulat oder Kies etwa 10cm hoch. \u00dcber die Kies-oder hydro-Granulat, lag ein Feuchtigkeits-durchl\u00e4ssigen anti-root-Tuch.<\/li><li>Legen Sie das Tuch an den R\u00e4ndern mindestens 10 cm f\u00fcr eine ideale Wirkung.<\/li><li>Die Abdeckung der anti-root-Tuch mit einer Schicht von luftiger Boden-Gemisch, zugeschnitten auf die Pflanzen angewendet werden.<\/li><li>Die Erde im Topf sollte nie verstopft werden, kann dies zu Sch\u00e4den an der container.<\/li><\/ul><h5>Wichtig:<\/h5><ul><li style=\"list-style-type: none;\"><ul><li>Nach Erhalt, Sie alle Verpackungsmaterialien m\u00fcssen entfernt werden die Produkte sofort.<\/li><li>Bohren\/Schleifen in der material ist nicht erlaubt, diese erm\u00f6glicht es, Feuchtigkeit zu ziehen, unter der Beschichtung, wodurch es zu sch\u00e4len.<\/li><li>Pflanzer sind nicht wasserdicht ist standardm\u00e4\u00dfig aktiviert.<\/li><li>Unsere Pflanzer sind nicht geeignet f\u00fcr die Bewegung erg\u00e4nzt.<\/li><li>5 Jahre Garantie!<\/li><li>Niedrigen Wartung, nicht mit einem Hochdruckreiniger und Schleifen Schwamm.<\/li><\/ul><\/li><\/ul><p>Produktinfo Cortenstahl:<\/p><p>Cor-Ten-Stahl auch bekannt als wetterfester Stahl. Es ist eine Metall Legierung aus Eisen, das Kupfer, Silizium, nickel und Chrom Hinzugef\u00fcgt wurden. Cor-Ten ist daher eine sehr starke Art von Stahl, die hat die Eigenschaft, f\u00fcr sich, mit einer sch\u00fctzenden rostschicht, wenn an die Au\u00dfenluft ausgesetzt. Danach wird diese Schicht bildet den Schutz vor weiterer Korrosion. Charakteristisch f\u00fcr Cortenstahl ist die orange-Braun-Rost-Farbe und der langen Lebensdauer.<\/p><p>Der Versand nach Deutschland kostet ab 280 \u20ac f\u00fcr die gesamte Bestellung. Die Versandkosten f\u00fcr ein einzelnes P\u00e4ckchen betragen 45 \u20ac.<\/p>\t\t\t\t\t\t\t\t<\/div>\n\t\t\t\t<\/div>\n\t\t\t\t\t<\/div>\n\t\t<\/div>\n\t\t\t\t\t<\/div>\n\t\t<\/section>\n\t\t\t\t<\/div>","protected":false},"excerpt":{"rendered":"<p>Die Aluminium-Adezz Pflanzk\u00fcbel ist mit oder ohne Grund und in verschiedenen Gr\u00f6\u00dfen. Der Obere Rand der Pflanzer Adezz ist verdoppelt. Material-Dicke des Aluminium-Pflanzer ist standard-3 mm. Standard-Farbe ist RAL 7021 schwarz \/ Grau, andere RAL-Farben auf Anfrage m\u00f6glich.<\/p>\n<h4>Pluspunkte Aluminium Pflanzer:<\/h4>\n<ul>\n<li>Sehr stark und abriebfest<\/li>\n<li>Niedrigen Wartung Vorsicht! Verwenden Sie keinen Hochdruckreiniger und Schleifen Schwamm.<\/li>\n<li>Pulver Beschichtung mit einem starken Klebstoff Basis Schicht.<\/li>\n<li>Finish with a hard top coat.<\/li>\n<li>Standardm\u00e4\u00dfig befinden sich unter den Pflanzk\u00fcbel 15 mm F\u00fc\u00dfe f\u00fcr eine gute Entw\u00e4sserung.<\/li>\n<li>Anpassung m\u00f6glich ist.<\/li>\n<li>Witterungsbest\u00e4ndiges und langlebiges Material.<\/li>\n<li>5 Jahre Garantie!<\/li>\n<\/ul>","protected":false},"featured_media":8191,"template":"","meta":{"site-sidebar-layout":"default","site-content-layout":"default","ast-site-content-layout":"default","site-content-style":"default","site-sidebar-style":"default","ast-global-header-display":"","ast-banner-title-visibility":"","ast-main-header-display":"","ast-hfb-above-header-display":"","ast-hfb-below-header-display":"","ast-hfb-mobile-header-display":"","site-post-title":"","ast-breadcrumbs-content":"","ast-featured-img":"","footer-sml-layout":"","ast-disable-related-posts":"","theme-transparent-header-meta":"default","adv-header-id-meta":"","stick-header-meta":"","header-above-stick-meta":"","header-main-stick-meta":"","header-below-stick-meta":"","astra-migrate-meta-layouts":"set","ast-page-background-enabled":"default","ast-page-background-meta":{"desktop":{"background-color":"","background-image":"","background-repeat":"repeat","background-position":"center center","background-size":"auto","background-attachment":"scroll","background-type":"","background-media":"","overlay-type":"","overlay-color":"","overlay-opacity":"","overlay-gradient":""},"tablet":{"background-color":"","background-image":"","background-repeat":"repeat","background-position":"center center","background-size":"auto","background-attachment":"scroll","background-type":"","background-media":"","overlay-type":"","overlay-color":"","overlay-opacity":"","overlay-gradient":""},"mobile":{"background-color":"","background-image":"","background-repeat":"repeat","background-position":"center center","background-size":"auto","background-attachment":"scroll","background-type":"","background-media":"","overlay-type":"","overlay-color":"","overlay-opacity":"","overlay-gradient":""}},"ast-content-background-meta":{"desktop":{"background-color":"var(--ast-global-color-5)","background-image":"","background-repeat":"repeat","background-position":"center center","background-size":"auto","background-attachment":"scroll","background-type":"","background-media":"","overlay-type":"","overlay-color":"","overlay-opacity":"","overlay-gradient":""},"tablet":{"background-color":"var(--ast-global-color-5)","background-image":"","background-repeat":"repeat","background-position":"center center","background-size":"auto","background-attachment":"scroll","background-type":"","background-media":"","overlay-type":"","overlay-color":"","overlay-opacity":"","overlay-gradient":""},"mobile":{"background-color":"var(--ast-global-color-5)","background-image":"","background-repeat":"repeat","background-position":"center center","background-size":"auto","background-attachment":"scroll","background-type":"","background-media":"","overlay-type":"","overlay-color":"","overlay-opacity":"","overlay-gradient":""}}},"product_brand":[],"product_cat":[57],"product_tag":[],"class_list":{"0":"post-8243","1":"product","2":"type-product","3":"status-publish","4":"has-post-thumbnail","6":"product_cat-cortenstaal-plantenbakken","7":"product_shipping_class-fritom","8":"desktop-align-left","9":"tablet-align-left","10":"mobile-align-left","12":"first","13":"instock","14":"taxable","15":"shipping-taxable","16":"purchasable","17":"product-type-variable"},"yoast_head":"<!-- This site is optimized with the Yoast SEO plugin v27.3 - https:\/\/yoast.com\/product\/yoast-seo-wordpress\/ -->\n<title>Aluminium plantenbak Adezz goedkoop bij cortenstaalverkoop.nl<\/title>\n<meta name=\"description\" content=\"\u2705 Aluminium plantenbak Adezz in alle maten.\u2705 de beste kwaliteit \u2705 5 jaar garantie! Bestel uw aluminium plantenbak Adezz bij cortenstaalverkoop.nl\" \/>\n<meta name=\"robots\" content=\"index, follow, max-snippet:-1, max-image-preview:large, max-video-preview:-1\" \/>\n<link rel=\"canonical\" href=\"https:\/\/cortenstaalverkoop.nl\/de\/produkt\/aluminium-pflanzer-adezz\/\" \/>\n<meta property=\"og:locale\" content=\"de_DE\" \/>\n<meta property=\"og:type\" content=\"article\" \/>\n<meta property=\"og:title\" content=\"Aluminium plantenbak Adezz goedkoop bij cortenstaalverkoop.nl\" \/>\n<meta property=\"og:description\" content=\"\u2705 Aluminium plantenbak Adezz in alle maten.\u2705 de beste kwaliteit \u2705 5 jaar garantie! Bestel uw aluminium plantenbak Adezz bij cortenstaalverkoop.nl\" \/>\n<meta property=\"og:url\" content=\"https:\/\/cortenstaalverkoop.nl\/de\/produkt\/aluminium-pflanzer-adezz\/\" \/>\n<meta property=\"og:site_name\" content=\"Cortenstaalverkoop.nl\" \/>\n<meta property=\"article:modified_time\" content=\"2026-03-27T16:16:11+00:00\" \/>\n<meta property=\"og:image\" content=\"https:\/\/cortenstaalverkoop.nl\/wp-content\/uploads\/2022\/12\/AF3.2.jpg\" \/>\n\t<meta property=\"og:image:width\" content=\"699\" \/>\n\t<meta property=\"og:image:height\" content=\"699\" \/>\n\t<meta property=\"og:image:type\" content=\"image\/jpeg\" \/>\n<meta name=\"twitter:card\" content=\"summary_large_image\" \/>\n<meta name=\"twitter:label1\" content=\"Gesch\u00e4tzte Lesezeit\" \/>\n\t<meta name=\"twitter:data1\" content=\"3\u00a0Minuten\" \/>\n<script type=\"application\/ld+json\" class=\"yoast-schema-graph\">{\"@context\":\"https:\\\/\\\/schema.org\",\"@graph\":[{\"@type\":\"WebPage\",\"@id\":\"https:\\\/\\\/cortenstaalverkoop.nl\\\/product\\\/aluminium-plantenbak-adezz\\\/\",\"url\":\"https:\\\/\\\/cortenstaalverkoop.nl\\\/product\\\/aluminium-plantenbak-adezz\\\/\",\"name\":\"Aluminium plantenbak Adezz goedkoop bij cortenstaalverkoop.nl\",\"isPartOf\":{\"@id\":\"https:\\\/\\\/cortenstaalverkoop.nl\\\/#website\"},\"primaryImageOfPage\":{\"@id\":\"https:\\\/\\\/cortenstaalverkoop.nl\\\/product\\\/aluminium-plantenbak-adezz\\\/#primaryimage\"},\"image\":{\"@id\":\"https:\\\/\\\/cortenstaalverkoop.nl\\\/product\\\/aluminium-plantenbak-adezz\\\/#primaryimage\"},\"thumbnailUrl\":\"https:\\\/\\\/cortenstaalverkoop.nl\\\/wp-content\\\/uploads\\\/2022\\\/12\\\/AF3.2.jpg\",\"datePublished\":\"2022-12-09T18:36:00+00:00\",\"dateModified\":\"2026-03-27T16:16:11+00:00\",\"description\":\"\u2705 Aluminium plantenbak Adezz in alle maten.\u2705 de beste kwaliteit \u2705 5 jaar garantie! Bestel uw aluminium plantenbak Adezz bij cortenstaalverkoop.nl\",\"breadcrumb\":{\"@id\":\"https:\\\/\\\/cortenstaalverkoop.nl\\\/product\\\/aluminium-plantenbak-adezz\\\/#breadcrumb\"},\"inLanguage\":\"de\",\"potentialAction\":[{\"@type\":\"ReadAction\",\"target\":[\"https:\\\/\\\/cortenstaalverkoop.nl\\\/product\\\/aluminium-plantenbak-adezz\\\/\"]}]},{\"@type\":\"ImageObject\",\"inLanguage\":\"de\",\"@id\":\"https:\\\/\\\/cortenstaalverkoop.nl\\\/product\\\/aluminium-plantenbak-adezz\\\/#primaryimage\",\"url\":\"https:\\\/\\\/cortenstaalverkoop.nl\\\/wp-content\\\/uploads\\\/2022\\\/12\\\/AF3.2.jpg\",\"contentUrl\":\"https:\\\/\\\/cortenstaalverkoop.nl\\\/wp-content\\\/uploads\\\/2022\\\/12\\\/AF3.2.jpg\",\"width\":699,\"height\":699,\"caption\":\"Aluminium plantenbak Adezz\"},{\"@type\":\"BreadcrumbList\",\"@id\":\"https:\\\/\\\/cortenstaalverkoop.nl\\\/product\\\/aluminium-plantenbak-adezz\\\/#breadcrumb\",\"itemListElement\":[{\"@type\":\"ListItem\",\"position\":1,\"name\":\"Home\",\"item\":\"https:\\\/\\\/cortenstaalverkoop.nl\\\/\"},{\"@type\":\"ListItem\",\"position\":2,\"name\":\"Assortiment\",\"item\":\"https:\\\/\\\/cortenstaalverkoop.nl\\\/assortiment-cortenstaal\\\/\"},{\"@type\":\"ListItem\",\"position\":3,\"name\":\"Aluminium plantenbak Adezz\"}]},{\"@type\":\"WebSite\",\"@id\":\"https:\\\/\\\/cortenstaalverkoop.nl\\\/#website\",\"url\":\"https:\\\/\\\/cortenstaalverkoop.nl\\\/\",\"name\":\"Cortenstaalverkoop.nl\",\"description\":\"de cortenstaal specialist!\",\"publisher\":{\"@id\":\"https:\\\/\\\/cortenstaalverkoop.nl\\\/#organization\"},\"potentialAction\":[{\"@type\":\"SearchAction\",\"target\":{\"@type\":\"EntryPoint\",\"urlTemplate\":\"https:\\\/\\\/cortenstaalverkoop.nl\\\/?s={search_term_string}\"},\"query-input\":{\"@type\":\"PropertyValueSpecification\",\"valueRequired\":true,\"valueName\":\"search_term_string\"}}],\"inLanguage\":\"de\"},{\"@type\":\"Organization\",\"@id\":\"https:\\\/\\\/cortenstaalverkoop.nl\\\/#organization\",\"name\":\"Cortenstaalverkoop.nl\",\"url\":\"https:\\\/\\\/cortenstaalverkoop.nl\\\/\",\"logo\":{\"@type\":\"ImageObject\",\"inLanguage\":\"de\",\"@id\":\"https:\\\/\\\/cortenstaalverkoop.nl\\\/#\\\/schema\\\/logo\\\/image\\\/\",\"url\":\"https:\\\/\\\/cortenstaalverkoop.nl\\\/wp-content\\\/uploads\\\/2019\\\/11\\\/cortenstaal-logo-1.png\",\"contentUrl\":\"https:\\\/\\\/cortenstaalverkoop.nl\\\/wp-content\\\/uploads\\\/2019\\\/11\\\/cortenstaal-logo-1.png\",\"width\":480,\"height\":163,\"caption\":\"Cortenstaalverkoop.nl\"},\"image\":{\"@id\":\"https:\\\/\\\/cortenstaalverkoop.nl\\\/#\\\/schema\\\/logo\\\/image\\\/\"}}]}<\/script>\n<!-- \/ Yoast SEO plugin. -->","yoast_head_json":{"title":"Aluminium Adezz Pflanzk\u00fcbel g\u00fcnstig cortenstaalverkoop.nl","description":"\u2705 Aluminium Adezz Pflanzk\u00fcbel in allen Gr\u00f6\u00dfen.\u2705 die beste Qualit\u00e4t \u2705 5 Jahre Garantie! Bestellen Sie Ihr Alu-Adezz Pflanzk\u00fcbel an cortenstaalverkoop.nl","robots":{"index":"index","follow":"follow","max-snippet":"max-snippet:-1","max-image-preview":"max-image-preview:large","max-video-preview":"max-video-preview:-1"},"canonical":"https:\/\/cortenstaalverkoop.nl\/de\/produkt\/aluminium-pflanzer-adezz\/","og_locale":"de_DE","og_type":"article","og_title":"Aluminium plantenbak Adezz goedkoop bij cortenstaalverkoop.nl","og_description":"\u2705 Aluminium plantenbak Adezz in alle maten.\u2705 de beste kwaliteit \u2705 5 jaar garantie! Bestel uw aluminium plantenbak Adezz bij cortenstaalverkoop.nl","og_url":"https:\/\/cortenstaalverkoop.nl\/de\/produkt\/aluminium-pflanzer-adezz\/","og_site_name":"Cortenstaalverkoop.nl","article_modified_time":"2026-03-27T16:16:11+00:00","og_image":[{"width":699,"height":699,"url":"https:\/\/cortenstaalverkoop.nl\/wp-content\/uploads\/2022\/12\/AF3.2.jpg","type":"image\/jpeg"}],"twitter_card":"summary_large_image","twitter_misc":{"Gesch\u00e4tzte Lesezeit":"3\u00a0Minuten"},"schema":{"@context":"https:\/\/schema.org","@graph":[{"@type":"WebPage","@id":"https:\/\/cortenstaalverkoop.nl\/product\/aluminium-plantenbak-adezz\/","url":"https:\/\/cortenstaalverkoop.nl\/product\/aluminium-plantenbak-adezz\/","name":"Aluminium Adezz Pflanzk\u00fcbel g\u00fcnstig cortenstaalverkoop.nl","isPartOf":{"@id":"https:\/\/cortenstaalverkoop.nl\/#website"},"primaryImageOfPage":{"@id":"https:\/\/cortenstaalverkoop.nl\/product\/aluminium-plantenbak-adezz\/#primaryimage"},"image":{"@id":"https:\/\/cortenstaalverkoop.nl\/product\/aluminium-plantenbak-adezz\/#primaryimage"},"thumbnailUrl":"https:\/\/cortenstaalverkoop.nl\/wp-content\/uploads\/2022\/12\/AF3.2.jpg","datePublished":"2022-12-09T18:36:00+00:00","dateModified":"2026-03-27T16:16:11+00:00","description":"\u2705 Aluminium Adezz Pflanzk\u00fcbel in allen Gr\u00f6\u00dfen.\u2705 die beste Qualit\u00e4t \u2705 5 Jahre Garantie! Bestellen Sie Ihr Alu-Adezz Pflanzk\u00fcbel an cortenstaalverkoop.nl","breadcrumb":{"@id":"https:\/\/cortenstaalverkoop.nl\/product\/aluminium-plantenbak-adezz\/#breadcrumb"},"inLanguage":"de","potentialAction":[{"@type":"ReadAction","target":["https:\/\/cortenstaalverkoop.nl\/product\/aluminium-plantenbak-adezz\/"]}]},{"@type":"ImageObject","inLanguage":"de","@id":"https:\/\/cortenstaalverkoop.nl\/product\/aluminium-plantenbak-adezz\/#primaryimage","url":"https:\/\/cortenstaalverkoop.nl\/wp-content\/uploads\/2022\/12\/AF3.2.jpg","contentUrl":"https:\/\/cortenstaalverkoop.nl\/wp-content\/uploads\/2022\/12\/AF3.2.jpg","width":699,"height":699,"caption":"Aluminium plantenbak Adezz"},{"@type":"BreadcrumbList","@id":"https:\/\/cortenstaalverkoop.nl\/product\/aluminium-plantenbak-adezz\/#breadcrumb","itemListElement":[{"@type":"ListItem","position":1,"name":"Home","item":"https:\/\/cortenstaalverkoop.nl\/"},{"@type":"ListItem","position":2,"name":"Assortiment","item":"https:\/\/cortenstaalverkoop.nl\/assortiment-cortenstaal\/"},{"@type":"ListItem","position":3,"name":"Aluminium plantenbak Adezz"}]},{"@type":"WebSite","@id":"https:\/\/cortenstaalverkoop.nl\/#website","url":"https:\/\/cortenstaalverkoop.nl\/","name":"Cortenstaalverkoop.nl","description":"die cortenstaal-Spezialisten!","publisher":{"@id":"https:\/\/cortenstaalverkoop.nl\/#organization"},"potentialAction":[{"@type":"SearchAction","target":{"@type":"EntryPoint","urlTemplate":"https:\/\/cortenstaalverkoop.nl\/?s={search_term_string}"},"query-input":{"@type":"PropertyValueSpecification","valueRequired":true,"valueName":"search_term_string"}}],"inLanguage":"de"},{"@type":"Organization","@id":"https:\/\/cortenstaalverkoop.nl\/#organization","name":"Cortenstaalverkoop.nl","url":"https:\/\/cortenstaalverkoop.nl\/","logo":{"@type":"ImageObject","inLanguage":"de","@id":"https:\/\/cortenstaalverkoop.nl\/#\/schema\/logo\/image\/","url":"https:\/\/cortenstaalverkoop.nl\/wp-content\/uploads\/2019\/11\/cortenstaal-logo-1.png","contentUrl":"https:\/\/cortenstaalverkoop.nl\/wp-content\/uploads\/2019\/11\/cortenstaal-logo-1.png","width":480,"height":163,"caption":"Cortenstaalverkoop.nl"},"image":{"@id":"https:\/\/cortenstaalverkoop.nl\/#\/schema\/logo\/image\/"}}]}},"_links":{"self":[{"href":"https:\/\/cortenstaalverkoop.nl\/de\/wp-json\/wp\/v2\/product\/8243","targetHints":{"allow":["GET"]}}],"collection":[{"href":"https:\/\/cortenstaalverkoop.nl\/de\/wp-json\/wp\/v2\/product"}],"about":[{"href":"https:\/\/cortenstaalverkoop.nl\/de\/wp-json\/wp\/v2\/types\/product"}],"version-history":[{"count":37,"href":"https:\/\/cortenstaalverkoop.nl\/de\/wp-json\/wp\/v2\/product\/8243\/revisions"}],"predecessor-version":[{"id":9950,"href":"https:\/\/cortenstaalverkoop.nl\/de\/wp-json\/wp\/v2\/product\/8243\/revisions\/9950"}],"wp:featuredmedia":[{"embeddable":true,"href":"https:\/\/cortenstaalverkoop.nl\/de\/wp-json\/wp\/v2\/media\/8191"}],"wp:attachment":[{"href":"https:\/\/cortenstaalverkoop.nl\/de\/wp-json\/wp\/v2\/media?parent=8243"}],"wp:term":[{"taxonomy":"product_brand","embeddable":true,"href":"https:\/\/cortenstaalverkoop.nl\/de\/wp-json\/wp\/v2\/product_brand?post=8243"},{"taxonomy":"product_cat","embeddable":true,"href":"https:\/\/cortenstaalverkoop.nl\/de\/wp-json\/wp\/v2\/product_cat?post=8243"},{"taxonomy":"product_tag","embeddable":true,"href":"https:\/\/cortenstaalverkoop.nl\/de\/wp-json\/wp\/v2\/product_tag?post=8243"}],"curies":[{"name":"wp","href":"https:\/\/api.w.org\/{rel}","templated":true}]}}