{"id":9334,"date":"2023-05-04T11:55:13","date_gmt":"2023-05-04T09:55:13","guid":{"rendered":"https:\/\/cortenstaalverkoop.nl\/?post_type=product&#038;p=9334"},"modified":"2025-06-07T16:11:37","modified_gmt":"2025-06-07T14:11:37","slug":"cortenstahl-grill-mit-backring100","status":"publish","type":"product","link":"https:\/\/cortenstaalverkoop.nl\/de\/product\/cortenstaal-bbq-met-bakring100\/","title":{"rendered":"Corten-Stahl BBQ mit Grillring100"},"content":{"rendered":"<div data-elementor-type=\"wp-post\" data-elementor-id=\"9334\" class=\"elementor elementor-9334\">\n\t\t\t\t\t\t<section class=\"elementor-section elementor-top-section elementor-element elementor-element-5d3a55ae elementor-section-boxed elementor-section-height-default elementor-section-height-default\" data-id=\"5d3a55ae\" data-element_type=\"section\" data-e-type=\"section\">\n\t\t\t\t\t\t<div class=\"elementor-container elementor-column-gap-default\">\n\t\t\t\t\t<div class=\"elementor-column elementor-col-100 elementor-top-column elementor-element elementor-element-6bce4bf2\" data-id=\"6bce4bf2\" data-element_type=\"column\" data-e-type=\"column\">\n\t\t\t<div class=\"elementor-widget-wrap elementor-element-populated\">\n\t\t\t\t\t\t<div class=\"elementor-element elementor-element-495f2e35 elementor-widget elementor-widget-text-editor\" data-id=\"495f2e35\" data-element_type=\"widget\" data-e-type=\"widget\" data-widget_type=\"text-editor.default\">\n\t\t\t\t<div class=\"elementor-widget-container\">\n\t\t\t\t\t\t\t\t\t<p>Dies <a href=\"https:\/\/nl.wikipedia.org\/wiki\/Cortenstaal\" target=\"_blank\" rel=\"noopener\">Cortenstahl<\/a> BBQ mit Backring100 hat unterschiedliche Gartemperaturen. Die Mitte des Backblechs ist w\u00e4rmer als die Au\u00dfenseiten, wodurch das Kochen noch einfacher wird und Sie alle Zutaten zusammen servieren k\u00f6nnen. Entdecken Sie eine ganz neue Welt der M\u00f6glichkeiten f\u00fcr das Kochen im Freien. Mit dem extra Grillset k\u00f6nnen Sie gleichzeitig grillen und backen. Es gibt auch einen f\u00fcr etwas weniger Leute <a href=\"https:\/\/cortenstaalverkoop.nl\/product\/bbq-met-bakplaat-en-grill\/\" target=\"_blank\" rel=\"noopener\">Corten Stahl BBQ<\/a> mit einem Backring von 80 cm zu verkaufen.<\/p><p>Wenn Sie diesen Grill aus Cortenstahl mit Grillring 100 zum ersten Mal verwenden, ist es sehr wichtig, dass Sie mit einem kleinen Feuer beginnen und das Feuer nach 25 Minuten erh\u00f6hen. Das schwere Backblech wird unten hei\u00dfer als oben. Dieser Temperaturunterschied f\u00fchrt dazu, dass die Platte hohl wird. Nach dem ersten Gebrauch hat sich das Backblech \u201egesetzt\u201c und dieser Vorgang entf\u00e4llt.<br \/>Das Kochger\u00e4t funktioniert am besten, wenn es ein- oder zweimal benutzt wurde und das \u00d6l in die Platte eingebrannt ist. Das Garen auf dem feuerplatte wird nach diesem \u201eEinbrennen\u201c einfacher und sch\u00fctzt die Platte vor dem Rosten, wenn sie nicht benutzt wird. Am besten Grillen Sie beispielsweise mit Pflanzen\u00f6l mit hohem Verbrennungsgrad<br \/>Am besten Backen Sie beispielsweise mit Pflanzen\u00f6l mit hohem Verbrennungsgrad<\/p><p>Nach etwa 25-30 Minuten Brenndauer hat der feuerplatte am Innenrand eine Temperatur von 275 \u2013 300\u00b0C erreicht. Wenn das Feuer entz\u00fcndet ist, k\u00f6nnen Sie mit dem Ein\u00f6len der feuerplatte beginnen, geben Sie etwas mehr \u00d6l hinzu, wo Sie braten m\u00f6chten. Am Au\u00dfenrand ist die Temperatur etwas niedriger, so dass Sie zwischen Braten und Warmhalten wechseln k\u00f6nnen. Beim Erhitzen wird der feuerplatte etwas konkav. \u00dcbersch\u00fcssiges \u00d6l und Fette landen also automatisch im Feuer. Wenn der feuerplatte abk\u00fchlt, richtet es sich vollst\u00e4ndig auf.<br \/>Am \u00e4u\u00dferen Rand ist die Temperatur etwas niedriger, sodass Sie zwischen Braten und Warmhalten wechseln k\u00f6nnen. Beim Erhitzen des Backblechs wird es leicht konkav. So landen \u00fcbersch\u00fcssiges \u00d6l und Fett automatisch im Feuer. Wenn das Backblech abk\u00fchlt, wird es vollst\u00e4ndig gerade.<\/p><p>Das Reinigen des Grills ist eigentlich nicht notwendig. Speise\u00f6l und Speisereste k\u00f6nnen nach Gebrauch mit einem Spatel ins Feuer geschoben werden. Bei Bedarf kann das Backblech vor der Verwendung mit einem feuchten Tuch gereinigt werden. Der Grill h\u00e4lt Wind und Wetter stand und erfordert keine weitere Wartung.<\/p><p>F\u00fcr Lieferungen nach Deutschland und \u00d6sterreich gelten folgende Versandkosten pro Gesamtbestellung: kleine Pakete \u20ac45, leichter Transport \u20ac80, Standardtransport \u20ac280 und Schwertransport \u20ac380 (inklusive Lieferung mit Mitnahmestapler)<\/p>\t\t\t\t\t\t\t\t<\/div>\n\t\t\t\t<\/div>\n\t\t\t\t\t<\/div>\n\t\t<\/div>\n\t\t\t\t\t<\/div>\n\t\t<\/section>\n\t\t\t\t<\/div>","protected":false},"excerpt":{"rendered":"<p>Mit diesem Corten-Stahl BBQ mit Backplatten Sie das Produkt einfach bereiten Sie eine gesunde Mahlzeit im freien. Die kugelf\u00f6rmige Feuerschale hat eine Runde, Breite, Dicke flache Backblech, das Sie als eine Art teppanyaki oder plancha. Gesamth\u00f6he 1000 mm ohne grill legen.<\/p>\n<p>\u2022Oberring aus 10 mm S235-Stahl als Backblech \/ Plancha, Durchmesser 100 mm<br \/>\n* Dies Corten Stahl BBQ kommt verrostet.<br \/>\n\u2022 Verstellbare stabile Beine f\u00fcr jeden Untergrund<br \/>\n\u2022 inkl. Sockel 700 x 500 mm und 810 mm hoch<br \/>\n\u2022 Durchmesser Innenraum Backring 500 mm<br \/>\n\u2022 5 Jahre Garantie!<\/p>","protected":false},"featured_media":9355,"template":"","meta":{"site-sidebar-layout":"default","site-content-layout":"default","ast-site-content-layout":"default","site-content-style":"default","site-sidebar-style":"default","ast-global-header-display":"","ast-banner-title-visibility":"","ast-main-header-display":"","ast-hfb-above-header-display":"","ast-hfb-below-header-display":"","ast-hfb-mobile-header-display":"","site-post-title":"","ast-breadcrumbs-content":"","ast-featured-img":"","footer-sml-layout":"","ast-disable-related-posts":"","theme-transparent-header-meta":"default","adv-header-id-meta":"","stick-header-meta":"","header-above-stick-meta":"","header-main-stick-meta":"","header-below-stick-meta":"","astra-migrate-meta-layouts":"set","ast-page-background-enabled":"default","ast-page-background-meta":{"desktop":{"background-color":"","background-image":"","background-repeat":"repeat","background-position":"center center","background-size":"auto","background-attachment":"scroll","background-type":"","background-media":"","overlay-type":"","overlay-color":"","overlay-opacity":"","overlay-gradient":""},"tablet":{"background-color":"","background-image":"","background-repeat":"repeat","background-position":"center center","background-size":"auto","background-attachment":"scroll","background-type":"","background-media":"","overlay-type":"","overlay-color":"","overlay-opacity":"","overlay-gradient":""},"mobile":{"background-color":"","background-image":"","background-repeat":"repeat","background-position":"center center","background-size":"auto","background-attachment":"scroll","background-type":"","background-media":"","overlay-type":"","overlay-color":"","overlay-opacity":"","overlay-gradient":""}},"ast-content-background-meta":{"desktop":{"background-color":"var(--ast-global-color-5)","background-image":"","background-repeat":"repeat","background-position":"center center","background-size":"auto","background-attachment":"scroll","background-type":"","background-media":"","overlay-type":"","overlay-color":"","overlay-opacity":"","overlay-gradient":""},"tablet":{"background-color":"var(--ast-global-color-5)","background-image":"","background-repeat":"repeat","background-position":"center center","background-size":"auto","background-attachment":"scroll","background-type":"","background-media":"","overlay-type":"","overlay-color":"","overlay-opacity":"","overlay-gradient":""},"mobile":{"background-color":"var(--ast-global-color-5)","background-image":"","background-repeat":"repeat","background-position":"center center","background-size":"auto","background-attachment":"scroll","background-type":"","background-media":"","overlay-type":"","overlay-color":"","overlay-opacity":"","overlay-gradient":""}}},"product_brand":[],"product_cat":[58],"product_tag":[],"class_list":{"0":"post-9334","1":"product","2":"type-product","3":"status-publish","4":"has-post-thumbnail","6":"product_cat-cortenstaal-vuurelementen","7":"product_shipping_class-fritom","8":"desktop-align-left","9":"tablet-align-left","10":"mobile-align-left","12":"first","13":"instock","14":"taxable","15":"shipping-taxable","16":"purchasable","17":"product-type-variable"},"yoast_head":"<!-- This site is optimized with the Yoast SEO plugin v27.3 - https:\/\/yoast.com\/product\/yoast-seo-wordpress\/ -->\n<title>Cortenstaal BBQ met bakring, goedkoop bij cortenstaalverkoop.nl<\/title>\n<meta name=\"description\" content=\"\u2705 Cortenstaal BBQ met bakring100.\u2705 de beste kwaliteit \u2705 5 jaar garantie! Bestel uw cortenstaal BBQ goedkoop bij cortenstaalverkoop.nl\" \/>\n<meta name=\"robots\" content=\"index, follow, max-snippet:-1, max-image-preview:large, max-video-preview:-1\" \/>\n<link rel=\"canonical\" href=\"https:\/\/cortenstaalverkoop.nl\/de\/produkt\/cortenstahl-grill-mit-backring100\/\" \/>\n<meta property=\"og:locale\" content=\"de_DE\" \/>\n<meta property=\"og:type\" content=\"article\" \/>\n<meta property=\"og:title\" content=\"Cortenstaal BBQ met bakring, goedkoop bij cortenstaalverkoop.nl\" \/>\n<meta property=\"og:description\" content=\"\u2705 Cortenstaal BBQ met bakring100.\u2705 de beste kwaliteit \u2705 5 jaar garantie! Bestel uw cortenstaal BBQ goedkoop bij cortenstaalverkoop.nl\" \/>\n<meta property=\"og:url\" content=\"https:\/\/cortenstaalverkoop.nl\/de\/produkt\/cortenstahl-grill-mit-backring100\/\" \/>\n<meta property=\"og:site_name\" content=\"Cortenstaalverkoop.nl\" \/>\n<meta property=\"article:modified_time\" content=\"2025-06-07T14:11:37+00:00\" \/>\n<meta property=\"og:image\" content=\"https:\/\/cortenstaalverkoop.nl\/wp-content\/uploads\/2023\/05\/BBQ-groot-seareA.png\" \/>\n\t<meta property=\"og:image:width\" content=\"578\" \/>\n\t<meta property=\"og:image:height\" content=\"518\" \/>\n\t<meta property=\"og:image:type\" content=\"image\/png\" \/>\n<meta name=\"twitter:card\" content=\"summary_large_image\" \/>\n<meta name=\"twitter:label1\" content=\"Gesch\u00e4tzte Lesezeit\" \/>\n\t<meta name=\"twitter:data1\" content=\"2\u00a0Minuten\" \/>\n<script type=\"application\/ld+json\" class=\"yoast-schema-graph\">{\"@context\":\"https:\\\/\\\/schema.org\",\"@graph\":[{\"@type\":\"WebPage\",\"@id\":\"https:\\\/\\\/cortenstaalverkoop.nl\\\/product\\\/cortenstaal-bbq-met-bakring100\\\/\",\"url\":\"https:\\\/\\\/cortenstaalverkoop.nl\\\/product\\\/cortenstaal-bbq-met-bakring100\\\/\",\"name\":\"Cortenstaal BBQ met bakring, goedkoop bij cortenstaalverkoop.nl\",\"isPartOf\":{\"@id\":\"https:\\\/\\\/cortenstaalverkoop.nl\\\/#website\"},\"primaryImageOfPage\":{\"@id\":\"https:\\\/\\\/cortenstaalverkoop.nl\\\/product\\\/cortenstaal-bbq-met-bakring100\\\/#primaryimage\"},\"image\":{\"@id\":\"https:\\\/\\\/cortenstaalverkoop.nl\\\/product\\\/cortenstaal-bbq-met-bakring100\\\/#primaryimage\"},\"thumbnailUrl\":\"https:\\\/\\\/cortenstaalverkoop.nl\\\/wp-content\\\/uploads\\\/2023\\\/05\\\/BBQ-groot-seareA.png\",\"datePublished\":\"2023-05-04T09:55:13+00:00\",\"dateModified\":\"2025-06-07T14:11:37+00:00\",\"description\":\"\u2705 Cortenstaal BBQ met bakring100.\u2705 de beste kwaliteit \u2705 5 jaar garantie! Bestel uw cortenstaal BBQ goedkoop bij cortenstaalverkoop.nl\",\"breadcrumb\":{\"@id\":\"https:\\\/\\\/cortenstaalverkoop.nl\\\/product\\\/cortenstaal-bbq-met-bakring100\\\/#breadcrumb\"},\"inLanguage\":\"de\",\"potentialAction\":[{\"@type\":\"ReadAction\",\"target\":[\"https:\\\/\\\/cortenstaalverkoop.nl\\\/product\\\/cortenstaal-bbq-met-bakring100\\\/\"]}]},{\"@type\":\"ImageObject\",\"inLanguage\":\"de\",\"@id\":\"https:\\\/\\\/cortenstaalverkoop.nl\\\/product\\\/cortenstaal-bbq-met-bakring100\\\/#primaryimage\",\"url\":\"https:\\\/\\\/cortenstaalverkoop.nl\\\/wp-content\\\/uploads\\\/2023\\\/05\\\/BBQ-groot-seareA.png\",\"contentUrl\":\"https:\\\/\\\/cortenstaalverkoop.nl\\\/wp-content\\\/uploads\\\/2023\\\/05\\\/BBQ-groot-seareA.png\",\"width\":578,\"height\":518,\"caption\":\"Cortenstaal BBQ met bakring100\"},{\"@type\":\"BreadcrumbList\",\"@id\":\"https:\\\/\\\/cortenstaalverkoop.nl\\\/product\\\/cortenstaal-bbq-met-bakring100\\\/#breadcrumb\",\"itemListElement\":[{\"@type\":\"ListItem\",\"position\":1,\"name\":\"Home\",\"item\":\"https:\\\/\\\/cortenstaalverkoop.nl\\\/\"},{\"@type\":\"ListItem\",\"position\":2,\"name\":\"Assortiment\",\"item\":\"https:\\\/\\\/cortenstaalverkoop.nl\\\/assortiment-cortenstaal\\\/\"},{\"@type\":\"ListItem\",\"position\":3,\"name\":\"Cortenstaal BBQ met bakring100\"}]},{\"@type\":\"WebSite\",\"@id\":\"https:\\\/\\\/cortenstaalverkoop.nl\\\/#website\",\"url\":\"https:\\\/\\\/cortenstaalverkoop.nl\\\/\",\"name\":\"Cortenstaalverkoop.nl\",\"description\":\"de cortenstaal specialist!\",\"publisher\":{\"@id\":\"https:\\\/\\\/cortenstaalverkoop.nl\\\/#organization\"},\"potentialAction\":[{\"@type\":\"SearchAction\",\"target\":{\"@type\":\"EntryPoint\",\"urlTemplate\":\"https:\\\/\\\/cortenstaalverkoop.nl\\\/?s={search_term_string}\"},\"query-input\":{\"@type\":\"PropertyValueSpecification\",\"valueRequired\":true,\"valueName\":\"search_term_string\"}}],\"inLanguage\":\"de\"},{\"@type\":\"Organization\",\"@id\":\"https:\\\/\\\/cortenstaalverkoop.nl\\\/#organization\",\"name\":\"Cortenstaalverkoop.nl\",\"url\":\"https:\\\/\\\/cortenstaalverkoop.nl\\\/\",\"logo\":{\"@type\":\"ImageObject\",\"inLanguage\":\"de\",\"@id\":\"https:\\\/\\\/cortenstaalverkoop.nl\\\/#\\\/schema\\\/logo\\\/image\\\/\",\"url\":\"https:\\\/\\\/cortenstaalverkoop.nl\\\/wp-content\\\/uploads\\\/2019\\\/11\\\/cortenstaal-logo-1.png\",\"contentUrl\":\"https:\\\/\\\/cortenstaalverkoop.nl\\\/wp-content\\\/uploads\\\/2019\\\/11\\\/cortenstaal-logo-1.png\",\"width\":480,\"height\":163,\"caption\":\"Cortenstaalverkoop.nl\"},\"image\":{\"@id\":\"https:\\\/\\\/cortenstaalverkoop.nl\\\/#\\\/schema\\\/logo\\\/image\\\/\"}}]}<\/script>\n<!-- \/ Yoast SEO plugin. -->","yoast_head_json":{"title":"Corten-Stahl mit BBQ Backen ring, Billig, cortenstaalverkoop.nl","description":"\u2705 Cortenstaal BBQ met bakring100.\u2705 de beste kwaliteit \u2705 5 jaar garantie! Bestel uw cortenstaal BBQ goedkoop bij cortenstaalverkoop.nl","robots":{"index":"index","follow":"follow","max-snippet":"max-snippet:-1","max-image-preview":"max-image-preview:large","max-video-preview":"max-video-preview:-1"},"canonical":"https:\/\/cortenstaalverkoop.nl\/de\/produkt\/cortenstahl-grill-mit-backring100\/","og_locale":"de_DE","og_type":"article","og_title":"Cortenstaal BBQ met bakring, goedkoop bij cortenstaalverkoop.nl","og_description":"\u2705 Cortenstaal BBQ met bakring100.\u2705 de beste kwaliteit \u2705 5 jaar garantie! Bestel uw cortenstaal BBQ goedkoop bij cortenstaalverkoop.nl","og_url":"https:\/\/cortenstaalverkoop.nl\/de\/produkt\/cortenstahl-grill-mit-backring100\/","og_site_name":"Cortenstaalverkoop.nl","article_modified_time":"2025-06-07T14:11:37+00:00","og_image":[{"width":578,"height":518,"url":"https:\/\/cortenstaalverkoop.nl\/wp-content\/uploads\/2023\/05\/BBQ-groot-seareA.png","type":"image\/png"}],"twitter_card":"summary_large_image","twitter_misc":{"Gesch\u00e4tzte Lesezeit":"2\u00a0Minuten"},"schema":{"@context":"https:\/\/schema.org","@graph":[{"@type":"WebPage","@id":"https:\/\/cortenstaalverkoop.nl\/product\/cortenstaal-bbq-met-bakring100\/","url":"https:\/\/cortenstaalverkoop.nl\/product\/cortenstaal-bbq-met-bakring100\/","name":"Corten-Stahl mit BBQ Backen ring, Billig, cortenstaalverkoop.nl","isPartOf":{"@id":"https:\/\/cortenstaalverkoop.nl\/#website"},"primaryImageOfPage":{"@id":"https:\/\/cortenstaalverkoop.nl\/product\/cortenstaal-bbq-met-bakring100\/#primaryimage"},"image":{"@id":"https:\/\/cortenstaalverkoop.nl\/product\/cortenstaal-bbq-met-bakring100\/#primaryimage"},"thumbnailUrl":"https:\/\/cortenstaalverkoop.nl\/wp-content\/uploads\/2023\/05\/BBQ-groot-seareA.png","datePublished":"2023-05-04T09:55:13+00:00","dateModified":"2025-06-07T14:11:37+00:00","description":"\u2705 Cortenstaal BBQ met bakring100.\u2705 de beste kwaliteit \u2705 5 jaar garantie! Bestel uw cortenstaal BBQ goedkoop bij cortenstaalverkoop.nl","breadcrumb":{"@id":"https:\/\/cortenstaalverkoop.nl\/product\/cortenstaal-bbq-met-bakring100\/#breadcrumb"},"inLanguage":"de","potentialAction":[{"@type":"ReadAction","target":["https:\/\/cortenstaalverkoop.nl\/product\/cortenstaal-bbq-met-bakring100\/"]}]},{"@type":"ImageObject","inLanguage":"de","@id":"https:\/\/cortenstaalverkoop.nl\/product\/cortenstaal-bbq-met-bakring100\/#primaryimage","url":"https:\/\/cortenstaalverkoop.nl\/wp-content\/uploads\/2023\/05\/BBQ-groot-seareA.png","contentUrl":"https:\/\/cortenstaalverkoop.nl\/wp-content\/uploads\/2023\/05\/BBQ-groot-seareA.png","width":578,"height":518,"caption":"Cortenstaal BBQ met bakring100"},{"@type":"BreadcrumbList","@id":"https:\/\/cortenstaalverkoop.nl\/product\/cortenstaal-bbq-met-bakring100\/#breadcrumb","itemListElement":[{"@type":"ListItem","position":1,"name":"Home","item":"https:\/\/cortenstaalverkoop.nl\/"},{"@type":"ListItem","position":2,"name":"Assortiment","item":"https:\/\/cortenstaalverkoop.nl\/assortiment-cortenstaal\/"},{"@type":"ListItem","position":3,"name":"Cortenstaal BBQ met bakring100"}]},{"@type":"WebSite","@id":"https:\/\/cortenstaalverkoop.nl\/#website","url":"https:\/\/cortenstaalverkoop.nl\/","name":"Cortenstaalverkoop.nl","description":"die cortenstaal-Spezialisten!","publisher":{"@id":"https:\/\/cortenstaalverkoop.nl\/#organization"},"potentialAction":[{"@type":"SearchAction","target":{"@type":"EntryPoint","urlTemplate":"https:\/\/cortenstaalverkoop.nl\/?s={search_term_string}"},"query-input":{"@type":"PropertyValueSpecification","valueRequired":true,"valueName":"search_term_string"}}],"inLanguage":"de"},{"@type":"Organization","@id":"https:\/\/cortenstaalverkoop.nl\/#organization","name":"Cortenstaalverkoop.nl","url":"https:\/\/cortenstaalverkoop.nl\/","logo":{"@type":"ImageObject","inLanguage":"de","@id":"https:\/\/cortenstaalverkoop.nl\/#\/schema\/logo\/image\/","url":"https:\/\/cortenstaalverkoop.nl\/wp-content\/uploads\/2019\/11\/cortenstaal-logo-1.png","contentUrl":"https:\/\/cortenstaalverkoop.nl\/wp-content\/uploads\/2019\/11\/cortenstaal-logo-1.png","width":480,"height":163,"caption":"Cortenstaalverkoop.nl"},"image":{"@id":"https:\/\/cortenstaalverkoop.nl\/#\/schema\/logo\/image\/"}}]}},"_links":{"self":[{"href":"https:\/\/cortenstaalverkoop.nl\/de\/wp-json\/wp\/v2\/product\/9334","targetHints":{"allow":["GET"]}}],"collection":[{"href":"https:\/\/cortenstaalverkoop.nl\/de\/wp-json\/wp\/v2\/product"}],"about":[{"href":"https:\/\/cortenstaalverkoop.nl\/de\/wp-json\/wp\/v2\/types\/product"}],"version-history":[{"count":9,"href":"https:\/\/cortenstaalverkoop.nl\/de\/wp-json\/wp\/v2\/product\/9334\/revisions"}],"predecessor-version":[{"id":9942,"href":"https:\/\/cortenstaalverkoop.nl\/de\/wp-json\/wp\/v2\/product\/9334\/revisions\/9942"}],"wp:featuredmedia":[{"embeddable":true,"href":"https:\/\/cortenstaalverkoop.nl\/de\/wp-json\/wp\/v2\/media\/9355"}],"wp:attachment":[{"href":"https:\/\/cortenstaalverkoop.nl\/de\/wp-json\/wp\/v2\/media?parent=9334"}],"wp:term":[{"taxonomy":"product_brand","embeddable":true,"href":"https:\/\/cortenstaalverkoop.nl\/de\/wp-json\/wp\/v2\/product_brand?post=9334"},{"taxonomy":"product_cat","embeddable":true,"href":"https:\/\/cortenstaalverkoop.nl\/de\/wp-json\/wp\/v2\/product_cat?post=9334"},{"taxonomy":"product_tag","embeddable":true,"href":"https:\/\/cortenstaalverkoop.nl\/de\/wp-json\/wp\/v2\/product_tag?post=9334"}],"curies":[{"name":"wp","href":"https:\/\/api.w.org\/{rel}","templated":true}]}}