{"id":9541,"date":"2023-06-27T14:18:49","date_gmt":"2023-06-27T12:18:49","guid":{"rendered":"https:\/\/cortenstaalverkoop.nl\/?post_type=product&#038;p=9541"},"modified":"2026-04-13T12:41:44","modified_gmt":"2026-04-13T10:41:44","slug":"cortenstahl-arbeitsplatz","status":"publish","type":"product","link":"https:\/\/cortenstaalverkoop.nl\/de\/product\/cortenstaal-onderstel\/","title":{"rendered":"Corten Stahl Arbeitsplatz"},"content":{"rendered":"<p>Unsere Corten Stahl Arbeitsplatz ist extra tief und daher perfekt geeignet f\u00fcr die Platzierung eines Pizzaofen. Sie sind eine ideale Erg\u00e4nzung zu unseren <a href=\"https:\/\/cortenstaalverkoop.nl\/product\/cortenstaal-bbq-met-bakring100\/\" target=\"_blank\" rel=\"noopener\">BBQ traf bakring<\/a> Modelle, Dank Ihrem warmen und weich design, die passen gut zusammen. Mit Hilfe dieser Corten-Stahl-Basis, haben Sie immer genug Speicherplatz zur Verf\u00fcgung, um bereiten die meisten k\u00f6stliche Gerichte. Die Grundlagen sind nicht nur funktional, sondern auch ein sch\u00f6nes element, um Ihre outdoor K\u00fcche. Sie sind fertig mit der Pflege, die kann gesehen werden aus dem fest fertig Kurven. Die eleganten Kurven verleihen dem ganzen einen warmen und einladenden look. Zus\u00e4tzlich, die Fundamente sind ausgestattet mit die bequeme Lagerung-Optionen an der Unterseite, wo Sie speichern kann Holz zum Beispiel. Sie k\u00f6nnen die Reihenfolge der Basen in zwei verschiedenen Gr\u00f6\u00dfen, so dass Sie w\u00e4hlen k\u00f6nnen, was am besten zu Ihren Bed\u00fcrfnissen passt.<\/p>\n<h4><strong>Spezifikationen:<\/strong><\/h4>\n<ul>\n<li>5 Jahre Garantie.<\/li>\n<li>Produkte sind verrostet.<\/li>\n<li>Erh\u00e4ltlich in zwei verschiedenen Gr\u00f6\u00dfen.<\/li>\n<li>Fertig mit Bambus-Elementen. Bambus nat\u00fcrlich kaum dehnt sich aus und schrumpft marginal.<\/li>\n<\/ul>\n<h4><strong>Wartung:<\/strong><\/h4>\n<ul>\n<li>J\u00e4hrliche Reinigung durch das spr\u00fchen von grobem Schmutz auf dem Produkt mit der tap Wasser.<\/li>\n<li>Rost kann behoben werden, indem die Anwendung Owatrol. Dies ist eine durchdringende anti-Rost agent, bildet eine Schutzschicht gegen Rost. Owatrol sch\u00fctzt das Produkt und sorgt daf\u00fcr, dass die Corten-Stahl nicht mehr strahlt.<\/li>\n<\/ul>\n<p><strong>Produktinfo Cortenstahl:<\/strong><br \/>\n<a href=\"https:\/\/nl.wikipedia.org\/wiki\/Cortenstaal\" target=\"_blank\" rel=\"noopener noreferrer\">Cor-Ten-Stahl<\/a>\u00a0auch als wetterfester Stahl bekannt. Es handelt sich um eine Metalllegierung aus Eisen, dem Kupfer, Silizium, Nickel und Chrom zugesetzt wurden. Cortenstahl ist eine sehr feste Stahlsorte. Denn es hat die Eigenschaft, sich an der Au\u00dfenluft mit einer sch\u00fctzenden Rostschicht zu bedecken. Diese nat\u00fcrliche feste Rostschicht bildet den Schutz gegen weitere Korrosion.<\/p>\n<p>F\u00fcr Lieferungen nach Deutschland und \u00d6sterreich gelten folgende Versandkosten pro Gesamtbestellung: kleine Pakete \u20ac45, leichter Transport \u20ac80, Standardtransport \u20ac280 und Schwertransport \u20ac380 (inklusive Lieferung mit Mitnahmestapler)<\/p>","protected":false},"excerpt":{"rendered":"<p>Unsere Corten Stahl Arbeitsplatz ist extra tief und daher perfekt geeignet f\u00fcr die Platzierung eines Pizzaofen. An der Unterseite des Geh\u00e4uses ist Platz f\u00fcr die Lagerung, zum Beispiel K\u00fcchenutensilien und Holz. H\u00f6he ist 75 cm. Tiefe 83,5 cm. F\u00fcr den Verkauf in zwei verschiedenen L\u00e4ngen: 119 cm 199 cm.<\/p>\n<ul>\n<li>Dieses Corten Stahl Arbeitsplatz ist geliefert verrostet.<\/li>\n<li>5 Jahre Garantie.<\/li>\n<li>Fertig mit Bambus-Elementen. Bambus nat\u00fcrlich kaum dehnt sich aus und schrumpft marginal.<\/li>\n<li>Auch erh\u00e4ltlich mit R\u00e4der, so dass das Produkt ist leicht zu bewegen.<\/li>\n<\/ul>","protected":false},"featured_media":9545,"template":"","meta":{"site-sidebar-layout":"default","site-content-layout":"default","ast-site-content-layout":"default","site-content-style":"default","site-sidebar-style":"default","ast-global-header-display":"","ast-banner-title-visibility":"","ast-main-header-display":"","ast-hfb-above-header-display":"","ast-hfb-below-header-display":"","ast-hfb-mobile-header-display":"","site-post-title":"","ast-breadcrumbs-content":"","ast-featured-img":"","footer-sml-layout":"","ast-disable-related-posts":"","theme-transparent-header-meta":"default","adv-header-id-meta":"","stick-header-meta":"","header-above-stick-meta":"","header-main-stick-meta":"","header-below-stick-meta":"","astra-migrate-meta-layouts":"set","ast-page-background-enabled":"default","ast-page-background-meta":{"desktop":{"background-color":"","background-image":"","background-repeat":"repeat","background-position":"center center","background-size":"auto","background-attachment":"scroll","background-type":"","background-media":"","overlay-type":"","overlay-color":"","overlay-opacity":"","overlay-gradient":""},"tablet":{"background-color":"","background-image":"","background-repeat":"repeat","background-position":"center center","background-size":"auto","background-attachment":"scroll","background-type":"","background-media":"","overlay-type":"","overlay-color":"","overlay-opacity":"","overlay-gradient":""},"mobile":{"background-color":"","background-image":"","background-repeat":"repeat","background-position":"center center","background-size":"auto","background-attachment":"scroll","background-type":"","background-media":"","overlay-type":"","overlay-color":"","overlay-opacity":"","overlay-gradient":""}},"ast-content-background-meta":{"desktop":{"background-color":"var(--ast-global-color-5)","background-image":"","background-repeat":"repeat","background-position":"center center","background-size":"auto","background-attachment":"scroll","background-type":"","background-media":"","overlay-type":"","overlay-color":"","overlay-opacity":"","overlay-gradient":""},"tablet":{"background-color":"var(--ast-global-color-5)","background-image":"","background-repeat":"repeat","background-position":"center center","background-size":"auto","background-attachment":"scroll","background-type":"","background-media":"","overlay-type":"","overlay-color":"","overlay-opacity":"","overlay-gradient":""},"mobile":{"background-color":"var(--ast-global-color-5)","background-image":"","background-repeat":"repeat","background-position":"center center","background-size":"auto","background-attachment":"scroll","background-type":"","background-media":"","overlay-type":"","overlay-color":"","overlay-opacity":"","overlay-gradient":""}}},"product_brand":[],"product_cat":[61,58],"product_tag":[],"class_list":{"0":"post-9541","1":"product","2":"type-product","3":"status-publish","4":"has-post-thumbnail","6":"product_cat-cortenstaal-tuininrichting","7":"product_cat-cortenstaal-vuurelementen","8":"product_shipping_class-fritom","9":"desktop-align-left","10":"tablet-align-left","11":"mobile-align-left","13":"first","14":"instock","15":"taxable","16":"shipping-taxable","17":"purchasable","18":"product-type-variable"},"yoast_head":"<!-- This site is optimized with the Yoast SEO plugin v27.4 - https:\/\/yoast.com\/product\/yoast-seo-wordpress\/ -->\n<title>Cortenstaal onderstel, goedkoop bij cortenstaalverkoop.nl<\/title>\n<meta name=\"description\" content=\"\u2705 Cortenstaal onderstel \u2705de beste kwaliteit \u2705 5 jaar garantie! Bestel uw cortenstaal onderstel goedkoop bij cortenstaalverkoop.nl\" \/>\n<meta name=\"robots\" content=\"index, follow, max-snippet:-1, max-image-preview:large, max-video-preview:-1\" \/>\n<link rel=\"canonical\" href=\"https:\/\/cortenstaalverkoop.nl\/de\/produkt\/cortenstahl-arbeitsplatz\/\" \/>\n<meta property=\"og:locale\" content=\"de_DE\" \/>\n<meta property=\"og:type\" content=\"article\" \/>\n<meta property=\"og:title\" content=\"Cortenstaal onderstel, goedkoop bij cortenstaalverkoop.nl\" \/>\n<meta property=\"og:description\" content=\"\u2705 Cortenstaal onderstel \u2705de beste kwaliteit \u2705 5 jaar garantie! Bestel uw cortenstaal onderstel goedkoop bij cortenstaalverkoop.nl\" \/>\n<meta property=\"og:url\" content=\"https:\/\/cortenstaalverkoop.nl\/de\/produkt\/cortenstahl-arbeitsplatz\/\" \/>\n<meta property=\"og:site_name\" content=\"Cortenstaalverkoop.nl\" \/>\n<meta property=\"article:modified_time\" content=\"2026-04-13T10:41:44+00:00\" \/>\n<meta property=\"og:image\" content=\"https:\/\/cortenstaalverkoop.nl\/wp-content\/uploads\/2023\/06\/station-met-vakken.png\" \/>\n\t<meta property=\"og:image:width\" content=\"637\" \/>\n\t<meta property=\"og:image:height\" content=\"552\" \/>\n\t<meta property=\"og:image:type\" content=\"image\/png\" \/>\n<meta name=\"twitter:card\" content=\"summary_large_image\" \/>\n<meta name=\"twitter:label1\" content=\"Gesch\u00e4tzte Lesezeit\" \/>\n\t<meta name=\"twitter:data1\" content=\"2\u00a0Minuten\" \/>\n<script type=\"application\/ld+json\" class=\"yoast-schema-graph\">{\"@context\":\"https:\\\/\\\/schema.org\",\"@graph\":[{\"@type\":\"WebPage\",\"@id\":\"https:\\\/\\\/cortenstaalverkoop.nl\\\/product\\\/cortenstaal-onderstel\\\/\",\"url\":\"https:\\\/\\\/cortenstaalverkoop.nl\\\/product\\\/cortenstaal-onderstel\\\/\",\"name\":\"Cortenstaal onderstel, goedkoop bij cortenstaalverkoop.nl\",\"isPartOf\":{\"@id\":\"https:\\\/\\\/cortenstaalverkoop.nl\\\/#website\"},\"primaryImageOfPage\":{\"@id\":\"https:\\\/\\\/cortenstaalverkoop.nl\\\/product\\\/cortenstaal-onderstel\\\/#primaryimage\"},\"image\":{\"@id\":\"https:\\\/\\\/cortenstaalverkoop.nl\\\/product\\\/cortenstaal-onderstel\\\/#primaryimage\"},\"thumbnailUrl\":\"https:\\\/\\\/cortenstaalverkoop.nl\\\/wp-content\\\/uploads\\\/2023\\\/06\\\/station-met-vakken.png\",\"datePublished\":\"2023-06-27T12:18:49+00:00\",\"dateModified\":\"2026-04-13T10:41:44+00:00\",\"description\":\"\u2705 Cortenstaal onderstel \u2705de beste kwaliteit \u2705 5 jaar garantie! Bestel uw cortenstaal onderstel goedkoop bij cortenstaalverkoop.nl\",\"breadcrumb\":{\"@id\":\"https:\\\/\\\/cortenstaalverkoop.nl\\\/product\\\/cortenstaal-onderstel\\\/#breadcrumb\"},\"inLanguage\":\"de\",\"potentialAction\":[{\"@type\":\"ReadAction\",\"target\":[\"https:\\\/\\\/cortenstaalverkoop.nl\\\/product\\\/cortenstaal-onderstel\\\/\"]}]},{\"@type\":\"ImageObject\",\"inLanguage\":\"de\",\"@id\":\"https:\\\/\\\/cortenstaalverkoop.nl\\\/product\\\/cortenstaal-onderstel\\\/#primaryimage\",\"url\":\"https:\\\/\\\/cortenstaalverkoop.nl\\\/wp-content\\\/uploads\\\/2023\\\/06\\\/station-met-vakken.png\",\"contentUrl\":\"https:\\\/\\\/cortenstaalverkoop.nl\\\/wp-content\\\/uploads\\\/2023\\\/06\\\/station-met-vakken.png\",\"width\":637,\"height\":552,\"caption\":\"Cortenstaal onderstel\"},{\"@type\":\"BreadcrumbList\",\"@id\":\"https:\\\/\\\/cortenstaalverkoop.nl\\\/product\\\/cortenstaal-onderstel\\\/#breadcrumb\",\"itemListElement\":[{\"@type\":\"ListItem\",\"position\":1,\"name\":\"Home\",\"item\":\"https:\\\/\\\/cortenstaalverkoop.nl\\\/\"},{\"@type\":\"ListItem\",\"position\":2,\"name\":\"Assortiment\",\"item\":\"https:\\\/\\\/cortenstaalverkoop.nl\\\/assortiment-cortenstaal\\\/\"},{\"@type\":\"ListItem\",\"position\":3,\"name\":\"Cortenstaal onderstel\"}]},{\"@type\":\"WebSite\",\"@id\":\"https:\\\/\\\/cortenstaalverkoop.nl\\\/#website\",\"url\":\"https:\\\/\\\/cortenstaalverkoop.nl\\\/\",\"name\":\"Cortenstaalverkoop.nl\",\"description\":\"de cortenstaal specialist!\",\"publisher\":{\"@id\":\"https:\\\/\\\/cortenstaalverkoop.nl\\\/#organization\"},\"potentialAction\":[{\"@type\":\"SearchAction\",\"target\":{\"@type\":\"EntryPoint\",\"urlTemplate\":\"https:\\\/\\\/cortenstaalverkoop.nl\\\/?s={search_term_string}\"},\"query-input\":{\"@type\":\"PropertyValueSpecification\",\"valueRequired\":true,\"valueName\":\"search_term_string\"}}],\"inLanguage\":\"de\"},{\"@type\":\"Organization\",\"@id\":\"https:\\\/\\\/cortenstaalverkoop.nl\\\/#organization\",\"name\":\"Cortenstaalverkoop.nl\",\"url\":\"https:\\\/\\\/cortenstaalverkoop.nl\\\/\",\"logo\":{\"@type\":\"ImageObject\",\"inLanguage\":\"de\",\"@id\":\"https:\\\/\\\/cortenstaalverkoop.nl\\\/#\\\/schema\\\/logo\\\/image\\\/\",\"url\":\"https:\\\/\\\/cortenstaalverkoop.nl\\\/wp-content\\\/uploads\\\/2019\\\/11\\\/cortenstaal-logo-1.png\",\"contentUrl\":\"https:\\\/\\\/cortenstaalverkoop.nl\\\/wp-content\\\/uploads\\\/2019\\\/11\\\/cortenstaal-logo-1.png\",\"width\":480,\"height\":163,\"caption\":\"Cortenstaalverkoop.nl\"},\"image\":{\"@id\":\"https:\\\/\\\/cortenstaalverkoop.nl\\\/#\\\/schema\\\/logo\\\/image\\\/\"}}]}<\/script>\n<!-- \/ Yoast SEO plugin. -->","yoast_head_json":{"title":"Corten-Stahl-Geh\u00e4use, Billig cortenstaalverkoop.nl","description":"\u2705 Corten-Stahl-chassis \u2705beste Qualit\u00e4t \u2705 5 Jahre Garantie! Um Ihr Corten-Stahl-chassis Billig aus cortenstaalverkoop.nl","robots":{"index":"index","follow":"follow","max-snippet":"max-snippet:-1","max-image-preview":"max-image-preview:large","max-video-preview":"max-video-preview:-1"},"canonical":"https:\/\/cortenstaalverkoop.nl\/de\/produkt\/cortenstahl-arbeitsplatz\/","og_locale":"de_DE","og_type":"article","og_title":"Cortenstaal onderstel, goedkoop bij cortenstaalverkoop.nl","og_description":"\u2705 Cortenstaal onderstel \u2705de beste kwaliteit \u2705 5 jaar garantie! Bestel uw cortenstaal onderstel goedkoop bij cortenstaalverkoop.nl","og_url":"https:\/\/cortenstaalverkoop.nl\/de\/produkt\/cortenstahl-arbeitsplatz\/","og_site_name":"Cortenstaalverkoop.nl","article_modified_time":"2026-04-13T10:41:44+00:00","og_image":[{"width":637,"height":552,"url":"https:\/\/cortenstaalverkoop.nl\/wp-content\/uploads\/2023\/06\/station-met-vakken.png","type":"image\/png"}],"twitter_card":"summary_large_image","twitter_misc":{"Gesch\u00e4tzte Lesezeit":"2\u00a0Minuten"},"schema":{"@context":"https:\/\/schema.org","@graph":[{"@type":"WebPage","@id":"https:\/\/cortenstaalverkoop.nl\/product\/cortenstaal-onderstel\/","url":"https:\/\/cortenstaalverkoop.nl\/product\/cortenstaal-onderstel\/","name":"Corten-Stahl-Geh\u00e4use, Billig cortenstaalverkoop.nl","isPartOf":{"@id":"https:\/\/cortenstaalverkoop.nl\/#website"},"primaryImageOfPage":{"@id":"https:\/\/cortenstaalverkoop.nl\/product\/cortenstaal-onderstel\/#primaryimage"},"image":{"@id":"https:\/\/cortenstaalverkoop.nl\/product\/cortenstaal-onderstel\/#primaryimage"},"thumbnailUrl":"https:\/\/cortenstaalverkoop.nl\/wp-content\/uploads\/2023\/06\/station-met-vakken.png","datePublished":"2023-06-27T12:18:49+00:00","dateModified":"2026-04-13T10:41:44+00:00","description":"\u2705 Corten-Stahl-chassis \u2705beste Qualit\u00e4t \u2705 5 Jahre Garantie! Um Ihr Corten-Stahl-chassis Billig aus cortenstaalverkoop.nl","breadcrumb":{"@id":"https:\/\/cortenstaalverkoop.nl\/product\/cortenstaal-onderstel\/#breadcrumb"},"inLanguage":"de","potentialAction":[{"@type":"ReadAction","target":["https:\/\/cortenstaalverkoop.nl\/product\/cortenstaal-onderstel\/"]}]},{"@type":"ImageObject","inLanguage":"de","@id":"https:\/\/cortenstaalverkoop.nl\/product\/cortenstaal-onderstel\/#primaryimage","url":"https:\/\/cortenstaalverkoop.nl\/wp-content\/uploads\/2023\/06\/station-met-vakken.png","contentUrl":"https:\/\/cortenstaalverkoop.nl\/wp-content\/uploads\/2023\/06\/station-met-vakken.png","width":637,"height":552,"caption":"Cortenstaal onderstel"},{"@type":"BreadcrumbList","@id":"https:\/\/cortenstaalverkoop.nl\/product\/cortenstaal-onderstel\/#breadcrumb","itemListElement":[{"@type":"ListItem","position":1,"name":"Home","item":"https:\/\/cortenstaalverkoop.nl\/"},{"@type":"ListItem","position":2,"name":"Assortiment","item":"https:\/\/cortenstaalverkoop.nl\/assortiment-cortenstaal\/"},{"@type":"ListItem","position":3,"name":"Cortenstaal onderstel"}]},{"@type":"WebSite","@id":"https:\/\/cortenstaalverkoop.nl\/#website","url":"https:\/\/cortenstaalverkoop.nl\/","name":"Cortenstaalverkoop.nl","description":"die cortenstaal-Spezialisten!","publisher":{"@id":"https:\/\/cortenstaalverkoop.nl\/#organization"},"potentialAction":[{"@type":"SearchAction","target":{"@type":"EntryPoint","urlTemplate":"https:\/\/cortenstaalverkoop.nl\/?s={search_term_string}"},"query-input":{"@type":"PropertyValueSpecification","valueRequired":true,"valueName":"search_term_string"}}],"inLanguage":"de"},{"@type":"Organization","@id":"https:\/\/cortenstaalverkoop.nl\/#organization","name":"Cortenstaalverkoop.nl","url":"https:\/\/cortenstaalverkoop.nl\/","logo":{"@type":"ImageObject","inLanguage":"de","@id":"https:\/\/cortenstaalverkoop.nl\/#\/schema\/logo\/image\/","url":"https:\/\/cortenstaalverkoop.nl\/wp-content\/uploads\/2019\/11\/cortenstaal-logo-1.png","contentUrl":"https:\/\/cortenstaalverkoop.nl\/wp-content\/uploads\/2019\/11\/cortenstaal-logo-1.png","width":480,"height":163,"caption":"Cortenstaalverkoop.nl"},"image":{"@id":"https:\/\/cortenstaalverkoop.nl\/#\/schema\/logo\/image\/"}}]}},"_links":{"self":[{"href":"https:\/\/cortenstaalverkoop.nl\/de\/wp-json\/wp\/v2\/product\/9541","targetHints":{"allow":["GET"]}}],"collection":[{"href":"https:\/\/cortenstaalverkoop.nl\/de\/wp-json\/wp\/v2\/product"}],"about":[{"href":"https:\/\/cortenstaalverkoop.nl\/de\/wp-json\/wp\/v2\/types\/product"}],"version-history":[{"count":2,"href":"https:\/\/cortenstaalverkoop.nl\/de\/wp-json\/wp\/v2\/product\/9541\/revisions"}],"predecessor-version":[{"id":9936,"href":"https:\/\/cortenstaalverkoop.nl\/de\/wp-json\/wp\/v2\/product\/9541\/revisions\/9936"}],"wp:featuredmedia":[{"embeddable":true,"href":"https:\/\/cortenstaalverkoop.nl\/de\/wp-json\/wp\/v2\/media\/9545"}],"wp:attachment":[{"href":"https:\/\/cortenstaalverkoop.nl\/de\/wp-json\/wp\/v2\/media?parent=9541"}],"wp:term":[{"taxonomy":"product_brand","embeddable":true,"href":"https:\/\/cortenstaalverkoop.nl\/de\/wp-json\/wp\/v2\/product_brand?post=9541"},{"taxonomy":"product_cat","embeddable":true,"href":"https:\/\/cortenstaalverkoop.nl\/de\/wp-json\/wp\/v2\/product_cat?post=9541"},{"taxonomy":"product_tag","embeddable":true,"href":"https:\/\/cortenstaalverkoop.nl\/de\/wp-json\/wp\/v2\/product_tag?post=9541"}],"curies":[{"name":"wp","href":"https:\/\/api.w.org\/{rel}","templated":true}]}}