{"id":9740,"date":"2023-10-24T14:07:27","date_gmt":"2023-10-24T12:07:27","guid":{"rendered":"https:\/\/cortenstaalverkoop.nl\/?post_type=product&#038;p=9740"},"modified":"2026-04-11T21:00:01","modified_gmt":"2026-04-11T19:00:01","slug":"cortenstahl-pflanzgefas-onyx","status":"publish","type":"product","link":"https:\/\/cortenstaalverkoop.nl\/de\/product\/cortenstaal-plantenbak-onyx\/","title":{"rendered":"Cortenstahl Pflanzk\u00fcbel Onyx"},"content":{"rendered":"<p><strong>Der Cortenstahl Pflanzk\u00fcbel Onyx<\/strong> ist in 3 verschiedenen Gr\u00f6\u00dfen erh\u00e4ltlich und leicht auf Ihrem Balkon, auf Ihrem Balkon, in der Terrasse oder im Garten zu platzieren. EIN set <a href=\"https:\/\/cortenstaalverkoop.nl\/cortenstaal\/cortenstaal-plantenbakken\/\">Cortenstahl Pflanzk\u00fcbel<\/a> kann auch am Eingang Ihres Unternehmens ein sch\u00f6ner Blickfang sein. \u201eBereichern Sie Ihren Au\u00dfenbereich mit unserem atemberaubenden Pflanzk\u00fcbel Onyx aus Cortenstahl mit seiner organischen runden Form und den wundersch\u00f6n geschwungenen Kanten. Verleihen Sie Ihrem Garten den perfekten Mix aus Eleganz und nat\u00fcrlicher Sch\u00f6nheit!\u201c Die Materialst\u00e4rke diese Pflanzk\u00fcbel betr\u00e4gt 2 mm.<\/p>\n<p>Cortenstahl ist eine sehr starke Stahlsorte, die die Eigenschaft besitzt, sich bei Kontakt mit der Au\u00dfenluft mit einer sch\u00fctzenden Rostschicht zu \u00fcberziehen. Diese nat\u00fcrliche feste Rostschicht bildet den Schutz vor weiterer Korrosion. Charakteristisch f\u00fcr Cortenstahl ist die braun-orange Rostfarbe und die hohe Lebensdauer.<br \/>\nUnsere Cortenstahl-Produkte werden rostfrei geliefert. Der Rostprozess dauert dann ca. 4 Monate.<\/p>\n<h3>Pflanztipps:<\/h3>\n<ul>\n<li>Den Boden mit einer Kiesschicht, \u00d8 35 mm, versehen.<\/li>\n<li>Verwenden Sie kein \u00dcberlaufrohr, da kein Wasser im Beh\u00e4lter zur\u00fcckbleiben darf.<\/li>\n<li>\u00dcber den Kies wird ein wasserdurchl\u00e4ssiges Antiwurzeltuch gelegt.<\/li>\n<li>Dann die Erde, die f\u00fcr die gew\u00e4hlte Bepflanzung geeignet ist.<\/li>\n<\/ul>\n<h4>Wichtig:<\/h4>\n<p>Auf gute Drainage achten (L\u00f6cher im Boden serienm\u00e4\u00dfig ab Produktion), kein \u00fcbersch\u00fcssiges Wasser sollte im Pflanzgef\u00e4\u00df verbleiben, da das Material dann durch die Kombination von Sauerstoff und Erde zu rosten beginnen kann.<br \/>\nKeine Hydrok\u00f6rner verwenden, da diese Feuchtigkeit speichern.<br \/>\nPacken Sie den Pflanzk\u00fcbel sofort nach der Lieferung aus, damit die Feuchtigkeit zwischen Verpackung und Produkt verdunsten kann. Dies kann ungleichm\u00e4\u00dfige Rost- und Fleckenbildung verursachen. Das Pflanzgef\u00e4\u00df kann w\u00e4hrend des Rostvorgangs abfallen.<\/p>\n<h5>Produktinfo Cortenstahl:<\/h5>\n<p><a href=\"https:\/\/nl.wikipedia.org\/wiki\/Cortenstaal\" target=\"_blank\" rel=\"noopener noreferrer\">Cor-Ten-Stahl<\/a> auch als wetterfester Stahl bekannt. Es handelt sich um eine Metalllegierung aus Eisen, dem Kupfer, Silizium, Nickel und Chrom zugesetzt wurden. Cortenstahl ist eine sehr feste Stahlsorte. Denn es hat die Eigenschaft, sich an der Au\u00dfenluft mit einer sch\u00fctzenden Rostschicht zu bedecken. Diese nat\u00fcrliche feste Rostschicht bildet den Schutz gegen weitere Korrosion.<\/p>","protected":false},"excerpt":{"rendered":"<p>\u201eBereichern Sie Ihren Garten mit unserem atemberaubenden Cortenstahl-Pflanzk\u00fcbel Onyx mit seiner organischen runden Form und der wundersch\u00f6n geschwungenen Kantenbearbeitung. Verleihen Sie Ihrem Garten den perfekten Mix aus Eleganz und nat\u00fcrlicher Sch\u00f6nheit!\u201c<strong>\u00a0Materialst\u00e4rke<\/strong> von diesem Pflanzer ist <strong>2 mm<\/strong>. Der angegebene Durchmesser ist die \u00e4u\u00dfere Gr\u00f6\u00dfe der Ausbuchtung.<\/p>\n<p><strong>Vorteile:<\/strong><\/p>\n<ul>\n<li><strong>Sehr stark<\/strong> und verschlei\u00dffest<\/li>\n<li>wartungsarm<\/li>\n<li>Wetterfestes und sehr langlebiges Material<\/li>\n<li>Warmes und nat\u00fcrliches Aussehen<\/li>\n<li>Wir verwenden nur Cortenstahl S355JOWP<\/li>\n<li>5 Jahre Garantie!<\/li>\n<\/ul>","protected":false},"featured_media":9747,"template":"","meta":{"site-sidebar-layout":"default","site-content-layout":"default","ast-site-content-layout":"default","site-content-style":"default","site-sidebar-style":"default","ast-global-header-display":"","ast-banner-title-visibility":"","ast-main-header-display":"","ast-hfb-above-header-display":"","ast-hfb-below-header-display":"","ast-hfb-mobile-header-display":"","site-post-title":"","ast-breadcrumbs-content":"","ast-featured-img":"","footer-sml-layout":"","ast-disable-related-posts":"","theme-transparent-header-meta":"default","adv-header-id-meta":"","stick-header-meta":"","header-above-stick-meta":"","header-main-stick-meta":"","header-below-stick-meta":"","astra-migrate-meta-layouts":"set","ast-page-background-enabled":"default","ast-page-background-meta":{"desktop":{"background-color":"","background-image":"","background-repeat":"repeat","background-position":"center center","background-size":"auto","background-attachment":"scroll","background-type":"","background-media":"","overlay-type":"","overlay-color":"","overlay-opacity":"","overlay-gradient":""},"tablet":{"background-color":"","background-image":"","background-repeat":"repeat","background-position":"center center","background-size":"auto","background-attachment":"scroll","background-type":"","background-media":"","overlay-type":"","overlay-color":"","overlay-opacity":"","overlay-gradient":""},"mobile":{"background-color":"","background-image":"","background-repeat":"repeat","background-position":"center center","background-size":"auto","background-attachment":"scroll","background-type":"","background-media":"","overlay-type":"","overlay-color":"","overlay-opacity":"","overlay-gradient":""}},"ast-content-background-meta":{"desktop":{"background-color":"var(--ast-global-color-5)","background-image":"","background-repeat":"repeat","background-position":"center center","background-size":"auto","background-attachment":"scroll","background-type":"","background-media":"","overlay-type":"","overlay-color":"","overlay-opacity":"","overlay-gradient":""},"tablet":{"background-color":"var(--ast-global-color-5)","background-image":"","background-repeat":"repeat","background-position":"center center","background-size":"auto","background-attachment":"scroll","background-type":"","background-media":"","overlay-type":"","overlay-color":"","overlay-opacity":"","overlay-gradient":""},"mobile":{"background-color":"var(--ast-global-color-5)","background-image":"","background-repeat":"repeat","background-position":"center center","background-size":"auto","background-attachment":"scroll","background-type":"","background-media":"","overlay-type":"","overlay-color":"","overlay-opacity":"","overlay-gradient":""}}},"product_brand":[],"product_cat":[57],"product_tag":[],"class_list":{"0":"post-9740","1":"product","2":"type-product","3":"status-publish","4":"has-post-thumbnail","6":"product_cat-cortenstaal-plantenbakken","7":"product_shipping_class-fritom","8":"desktop-align-left","9":"tablet-align-left","10":"mobile-align-left","12":"first","13":"instock","14":"taxable","15":"shipping-taxable","16":"purchasable","17":"product-type-variable"},"yoast_head":"<!-- This site is optimized with the Yoast SEO plugin v27.3 - https:\/\/yoast.com\/product\/yoast-seo-wordpress\/ -->\n<title>Cortenstaal plantenbak Onyx, goedkoop bij cortenstaalverkoop.nl<\/title>\n<meta name=\"description\" content=\"\u2705 Cortenstaal plantenbak Onyx in diverse maten.\u2705 de beste kwaliteit \u2705 5 jaar garantie! Bestel uw cortenstaal plantenbak goedkoop bij cortenstaalverkoop.nl!\" \/>\n<meta name=\"robots\" content=\"index, follow, max-snippet:-1, max-image-preview:large, max-video-preview:-1\" \/>\n<link rel=\"canonical\" href=\"https:\/\/cortenstaalverkoop.nl\/de\/produkt\/cortenstahl-pflanzgefas-onyx\/\" \/>\n<meta property=\"og:locale\" content=\"de_DE\" \/>\n<meta property=\"og:type\" content=\"article\" \/>\n<meta property=\"og:title\" content=\"Cortenstaal plantenbak Onyx, goedkoop bij cortenstaalverkoop.nl\" \/>\n<meta property=\"og:description\" content=\"\u2705 Cortenstaal plantenbak Onyx in diverse maten.\u2705 de beste kwaliteit \u2705 5 jaar garantie! Bestel uw cortenstaal plantenbak goedkoop bij cortenstaalverkoop.nl!\" \/>\n<meta property=\"og:url\" content=\"https:\/\/cortenstaalverkoop.nl\/de\/produkt\/cortenstahl-pflanzgefas-onyx\/\" \/>\n<meta property=\"og:site_name\" content=\"Cortenstaalverkoop.nl\" \/>\n<meta property=\"article:modified_time\" content=\"2026-04-11T19:00:01+00:00\" \/>\n<meta property=\"og:image\" content=\"https:\/\/cortenstaalverkoop.nl\/wp-content\/uploads\/2023\/10\/CNX1.png\" \/>\n\t<meta property=\"og:image:width\" content=\"699\" \/>\n\t<meta property=\"og:image:height\" content=\"699\" \/>\n\t<meta property=\"og:image:type\" content=\"image\/png\" \/>\n<meta name=\"twitter:card\" content=\"summary_large_image\" \/>\n<meta name=\"twitter:label1\" content=\"Gesch\u00e4tzte Lesezeit\" \/>\n\t<meta name=\"twitter:data1\" content=\"2\u00a0Minuten\" \/>\n<script type=\"application\/ld+json\" class=\"yoast-schema-graph\">{\"@context\":\"https:\\\/\\\/schema.org\",\"@graph\":[{\"@type\":\"WebPage\",\"@id\":\"https:\\\/\\\/cortenstaalverkoop.nl\\\/product\\\/cortenstaal-plantenbak-onyx\\\/\",\"url\":\"https:\\\/\\\/cortenstaalverkoop.nl\\\/product\\\/cortenstaal-plantenbak-onyx\\\/\",\"name\":\"Cortenstaal plantenbak Onyx, goedkoop bij cortenstaalverkoop.nl\",\"isPartOf\":{\"@id\":\"https:\\\/\\\/cortenstaalverkoop.nl\\\/#website\"},\"primaryImageOfPage\":{\"@id\":\"https:\\\/\\\/cortenstaalverkoop.nl\\\/product\\\/cortenstaal-plantenbak-onyx\\\/#primaryimage\"},\"image\":{\"@id\":\"https:\\\/\\\/cortenstaalverkoop.nl\\\/product\\\/cortenstaal-plantenbak-onyx\\\/#primaryimage\"},\"thumbnailUrl\":\"https:\\\/\\\/cortenstaalverkoop.nl\\\/wp-content\\\/uploads\\\/2023\\\/10\\\/CNX1.png\",\"datePublished\":\"2023-10-24T12:07:27+00:00\",\"dateModified\":\"2026-04-11T19:00:01+00:00\",\"description\":\"\u2705 Cortenstaal plantenbak Onyx in diverse maten.\u2705 de beste kwaliteit \u2705 5 jaar garantie! Bestel uw cortenstaal plantenbak goedkoop bij cortenstaalverkoop.nl!\",\"breadcrumb\":{\"@id\":\"https:\\\/\\\/cortenstaalverkoop.nl\\\/product\\\/cortenstaal-plantenbak-onyx\\\/#breadcrumb\"},\"inLanguage\":\"de\",\"potentialAction\":[{\"@type\":\"ReadAction\",\"target\":[\"https:\\\/\\\/cortenstaalverkoop.nl\\\/product\\\/cortenstaal-plantenbak-onyx\\\/\"]}]},{\"@type\":\"ImageObject\",\"inLanguage\":\"de\",\"@id\":\"https:\\\/\\\/cortenstaalverkoop.nl\\\/product\\\/cortenstaal-plantenbak-onyx\\\/#primaryimage\",\"url\":\"https:\\\/\\\/cortenstaalverkoop.nl\\\/wp-content\\\/uploads\\\/2023\\\/10\\\/CNX1.png\",\"contentUrl\":\"https:\\\/\\\/cortenstaalverkoop.nl\\\/wp-content\\\/uploads\\\/2023\\\/10\\\/CNX1.png\",\"width\":699,\"height\":699,\"caption\":\"Cortenstaal plantenbak ONYX\"},{\"@type\":\"BreadcrumbList\",\"@id\":\"https:\\\/\\\/cortenstaalverkoop.nl\\\/product\\\/cortenstaal-plantenbak-onyx\\\/#breadcrumb\",\"itemListElement\":[{\"@type\":\"ListItem\",\"position\":1,\"name\":\"Home\",\"item\":\"https:\\\/\\\/cortenstaalverkoop.nl\\\/\"},{\"@type\":\"ListItem\",\"position\":2,\"name\":\"Assortiment\",\"item\":\"https:\\\/\\\/cortenstaalverkoop.nl\\\/assortiment-cortenstaal\\\/\"},{\"@type\":\"ListItem\",\"position\":3,\"name\":\"Cortenstaal plantenbak Onyx\"}]},{\"@type\":\"WebSite\",\"@id\":\"https:\\\/\\\/cortenstaalverkoop.nl\\\/#website\",\"url\":\"https:\\\/\\\/cortenstaalverkoop.nl\\\/\",\"name\":\"Cortenstaalverkoop.nl\",\"description\":\"de cortenstaal specialist!\",\"publisher\":{\"@id\":\"https:\\\/\\\/cortenstaalverkoop.nl\\\/#organization\"},\"potentialAction\":[{\"@type\":\"SearchAction\",\"target\":{\"@type\":\"EntryPoint\",\"urlTemplate\":\"https:\\\/\\\/cortenstaalverkoop.nl\\\/?s={search_term_string}\"},\"query-input\":{\"@type\":\"PropertyValueSpecification\",\"valueRequired\":true,\"valueName\":\"search_term_string\"}}],\"inLanguage\":\"de\"},{\"@type\":\"Organization\",\"@id\":\"https:\\\/\\\/cortenstaalverkoop.nl\\\/#organization\",\"name\":\"Cortenstaalverkoop.nl\",\"url\":\"https:\\\/\\\/cortenstaalverkoop.nl\\\/\",\"logo\":{\"@type\":\"ImageObject\",\"inLanguage\":\"de\",\"@id\":\"https:\\\/\\\/cortenstaalverkoop.nl\\\/#\\\/schema\\\/logo\\\/image\\\/\",\"url\":\"https:\\\/\\\/cortenstaalverkoop.nl\\\/wp-content\\\/uploads\\\/2019\\\/11\\\/cortenstaal-logo-1.png\",\"contentUrl\":\"https:\\\/\\\/cortenstaalverkoop.nl\\\/wp-content\\\/uploads\\\/2019\\\/11\\\/cortenstaal-logo-1.png\",\"width\":480,\"height\":163,\"caption\":\"Cortenstaalverkoop.nl\"},\"image\":{\"@id\":\"https:\\\/\\\/cortenstaalverkoop.nl\\\/#\\\/schema\\\/logo\\\/image\\\/\"}}]}<\/script>\n<!-- \/ Yoast SEO plugin. -->","yoast_head_json":{"title":"Cortenstaal plantenbak Onyx, goedkoop bij cortenstaalverkoop.nl","description":"\u2705 Cortenstaal plantenbak Onyx in diverse maten.\u2705 de beste kwaliteit \u2705 5 jaar garantie! Bestel uw cortenstaal plantenbak goedkoop bij cortenstaalverkoop.nl!","robots":{"index":"index","follow":"follow","max-snippet":"max-snippet:-1","max-image-preview":"max-image-preview:large","max-video-preview":"max-video-preview:-1"},"canonical":"https:\/\/cortenstaalverkoop.nl\/de\/produkt\/cortenstahl-pflanzgefas-onyx\/","og_locale":"de_DE","og_type":"article","og_title":"Cortenstaal plantenbak Onyx, goedkoop bij cortenstaalverkoop.nl","og_description":"\u2705 Cortenstaal plantenbak Onyx in diverse maten.\u2705 de beste kwaliteit \u2705 5 jaar garantie! Bestel uw cortenstaal plantenbak goedkoop bij cortenstaalverkoop.nl!","og_url":"https:\/\/cortenstaalverkoop.nl\/de\/produkt\/cortenstahl-pflanzgefas-onyx\/","og_site_name":"Cortenstaalverkoop.nl","article_modified_time":"2026-04-11T19:00:01+00:00","og_image":[{"width":699,"height":699,"url":"https:\/\/cortenstaalverkoop.nl\/wp-content\/uploads\/2023\/10\/CNX1.png","type":"image\/png"}],"twitter_card":"summary_large_image","twitter_misc":{"Gesch\u00e4tzte Lesezeit":"2\u00a0Minuten"},"schema":{"@context":"https:\/\/schema.org","@graph":[{"@type":"WebPage","@id":"https:\/\/cortenstaalverkoop.nl\/product\/cortenstaal-plantenbak-onyx\/","url":"https:\/\/cortenstaalverkoop.nl\/product\/cortenstaal-plantenbak-onyx\/","name":"Cortenstaal plantenbak Onyx, goedkoop bij cortenstaalverkoop.nl","isPartOf":{"@id":"https:\/\/cortenstaalverkoop.nl\/#website"},"primaryImageOfPage":{"@id":"https:\/\/cortenstaalverkoop.nl\/product\/cortenstaal-plantenbak-onyx\/#primaryimage"},"image":{"@id":"https:\/\/cortenstaalverkoop.nl\/product\/cortenstaal-plantenbak-onyx\/#primaryimage"},"thumbnailUrl":"https:\/\/cortenstaalverkoop.nl\/wp-content\/uploads\/2023\/10\/CNX1.png","datePublished":"2023-10-24T12:07:27+00:00","dateModified":"2026-04-11T19:00:01+00:00","description":"\u2705 Cortenstaal plantenbak Onyx in diverse maten.\u2705 de beste kwaliteit \u2705 5 jaar garantie! Bestel uw cortenstaal plantenbak goedkoop bij cortenstaalverkoop.nl!","breadcrumb":{"@id":"https:\/\/cortenstaalverkoop.nl\/product\/cortenstaal-plantenbak-onyx\/#breadcrumb"},"inLanguage":"de","potentialAction":[{"@type":"ReadAction","target":["https:\/\/cortenstaalverkoop.nl\/product\/cortenstaal-plantenbak-onyx\/"]}]},{"@type":"ImageObject","inLanguage":"de","@id":"https:\/\/cortenstaalverkoop.nl\/product\/cortenstaal-plantenbak-onyx\/#primaryimage","url":"https:\/\/cortenstaalverkoop.nl\/wp-content\/uploads\/2023\/10\/CNX1.png","contentUrl":"https:\/\/cortenstaalverkoop.nl\/wp-content\/uploads\/2023\/10\/CNX1.png","width":699,"height":699,"caption":"Cortenstaal plantenbak ONYX"},{"@type":"BreadcrumbList","@id":"https:\/\/cortenstaalverkoop.nl\/product\/cortenstaal-plantenbak-onyx\/#breadcrumb","itemListElement":[{"@type":"ListItem","position":1,"name":"Home","item":"https:\/\/cortenstaalverkoop.nl\/"},{"@type":"ListItem","position":2,"name":"Assortiment","item":"https:\/\/cortenstaalverkoop.nl\/assortiment-cortenstaal\/"},{"@type":"ListItem","position":3,"name":"Cortenstaal plantenbak Onyx"}]},{"@type":"WebSite","@id":"https:\/\/cortenstaalverkoop.nl\/#website","url":"https:\/\/cortenstaalverkoop.nl\/","name":"Cortenstaalverkoop.nl","description":"die cortenstaal-Spezialisten!","publisher":{"@id":"https:\/\/cortenstaalverkoop.nl\/#organization"},"potentialAction":[{"@type":"SearchAction","target":{"@type":"EntryPoint","urlTemplate":"https:\/\/cortenstaalverkoop.nl\/?s={search_term_string}"},"query-input":{"@type":"PropertyValueSpecification","valueRequired":true,"valueName":"search_term_string"}}],"inLanguage":"de"},{"@type":"Organization","@id":"https:\/\/cortenstaalverkoop.nl\/#organization","name":"Cortenstaalverkoop.nl","url":"https:\/\/cortenstaalverkoop.nl\/","logo":{"@type":"ImageObject","inLanguage":"de","@id":"https:\/\/cortenstaalverkoop.nl\/#\/schema\/logo\/image\/","url":"https:\/\/cortenstaalverkoop.nl\/wp-content\/uploads\/2019\/11\/cortenstaal-logo-1.png","contentUrl":"https:\/\/cortenstaalverkoop.nl\/wp-content\/uploads\/2019\/11\/cortenstaal-logo-1.png","width":480,"height":163,"caption":"Cortenstaalverkoop.nl"},"image":{"@id":"https:\/\/cortenstaalverkoop.nl\/#\/schema\/logo\/image\/"}}]}},"_links":{"self":[{"href":"https:\/\/cortenstaalverkoop.nl\/de\/wp-json\/wp\/v2\/product\/9740","targetHints":{"allow":["GET"]}}],"collection":[{"href":"https:\/\/cortenstaalverkoop.nl\/de\/wp-json\/wp\/v2\/product"}],"about":[{"href":"https:\/\/cortenstaalverkoop.nl\/de\/wp-json\/wp\/v2\/types\/product"}],"version-history":[{"count":6,"href":"https:\/\/cortenstaalverkoop.nl\/de\/wp-json\/wp\/v2\/product\/9740\/revisions"}],"predecessor-version":[{"id":11159,"href":"https:\/\/cortenstaalverkoop.nl\/de\/wp-json\/wp\/v2\/product\/9740\/revisions\/11159"}],"wp:featuredmedia":[{"embeddable":true,"href":"https:\/\/cortenstaalverkoop.nl\/de\/wp-json\/wp\/v2\/media\/9747"}],"wp:attachment":[{"href":"https:\/\/cortenstaalverkoop.nl\/de\/wp-json\/wp\/v2\/media?parent=9740"}],"wp:term":[{"taxonomy":"product_brand","embeddable":true,"href":"https:\/\/cortenstaalverkoop.nl\/de\/wp-json\/wp\/v2\/product_brand?post=9740"},{"taxonomy":"product_cat","embeddable":true,"href":"https:\/\/cortenstaalverkoop.nl\/de\/wp-json\/wp\/v2\/product_cat?post=9740"},{"taxonomy":"product_tag","embeddable":true,"href":"https:\/\/cortenstaalverkoop.nl\/de\/wp-json\/wp\/v2\/product_tag?post=9740"}],"curies":[{"name":"wp","href":"https:\/\/api.w.org\/{rel}","templated":true}]}}